{"id":28974,"date":"2020-11-19T22:45:10","date_gmt":"2025-03-19T22:09:19","guid":{"rendered":"https:\/\/herbastore.sk\/produkty\/nem-kategorizalt\/collagen-skin-booster\/"},"modified":"2025-07-01T22:34:09","modified_gmt":"2025-07-01T20:34:09","slug":"collagen-skin-booster","status":"publish","type":"product","link":"https:\/\/herbastore.sk\/hu\/termekek\/legkeresettebb-termekek\/collagen-skin-booster\/","title":{"rendered":"Collagen Skin Booster"},"content":{"rendered":"<h2>Collagen Skin Booster \u2013 tulajdons\u00e1gok \u00e9s hat\u00e1sok<\/h2>\n<p>A b\u0151r\u00fcnk sokat el\u00e1rul az eg\u00e9szs\u00e9g\u00fcnkr\u0151l. Az \u00e9letkor el\u0151rehaladt\u00e1val term\u00e9szetesen elvesz\u00edti erej\u00e9t, rugalmass\u00e1g\u00e1t \u00e9s a szerkezete is megv\u00e1ltozik. Ez\u00e9rt a Herbalife Nutrition bemutatja az \u00faj Collagen Skin Booster-t. Verisol\u00ae kollag\u00e9nt tartalmaz, amely t\u00e1mogatja a b\u0151r rugalmass\u00e1g\u00e1t \u00e9s seg\u00edt cs\u00f6kkenteni a r\u00e1ncokat.<\/p>\n<p>A kollag\u00e9n a leggyakoribb feh\u00e9rje a test\u00fcnkben, \u00e9s a feh\u00e9rje teljes spektrum\u00e1nak k\u00f6r\u00fclbel\u00fcl 30% -\u00e1t teszi ki. A szervezetben l\u00e9v\u0151 kollag\u00e9n ak\u00e1r 75% -a megtal\u00e1lhat\u00f3 a b\u0151rben, viszont a hi\u00e1nya \u00f6reged\u00e9st, rugalmass\u00e1gveszt\u00e9st vagy lasabb regener\u00e1ci\u00f3t jelent.<\/p>\n<div class=\"row\"  id=\"row-1305613745\">\n\n\t<div id=\"col-497019823\" class=\"col medium-1\/2 large-6\"  >\n\t\t\t\t<div class=\"col-inner\"  >\n\t\t\t\n\t\t\t\n<ul>\n<li class=\"bullet-checkmark\">Verisol\u00ae P-t tartalmaz \u2013 olyan kollag\u00e9n peptideket, amelyek jav\u00edtj\u00e1k a b\u0151r rugalmass\u00e1g\u00e1t \u00e9s el\u0151seg\u00edtik a r\u00e1ncok cs\u00f6kkent\u00e9s\u00e9t mind\u00f6ssze n\u00e9gy h\u00e9t haszn\u00e1lat ut\u00e1n, ami tudom\u00e1nyosan bizony\u00edtott<\/li>\n<li class=\"bullet-checkmark\"><strong>A Verisol\u00ae P-r\u0151l azt is kimutatt\u00e1k, hogy cs\u00f6kkenti a narancsb\u0151r l\u00e1that\u00f3 jeleit mind\u00f6ssze 3 h\u00f3napos<\/strong> rendszeres haszn\u00e1lat ut\u00e1n<\/li>\n<li class=\"bullet-checkmark\">El\u0151seg\u00edti az eg\u00e9szs\u00e9ges haj\u00e9s az er\u0151s k\u00f6rm\u00f6k n\u00f6veked\u00e9s\u00e9t szel\u00e9nnel, cinkkel \u00e9s biotinnal<\/li>\n<li class=\"bullet-checkmark\">Glut\u00e9nmentes<\/li>\n<\/ul>\n\t\t<\/div>\n\t\t\t\t\t<\/div>\n\n\t\n\n\t<div id=\"col-1058208669\" class=\"col medium-1\/2 large-6\"  >\n\t\t\t\t<div class=\"col-inner\"  >\n\t\t\t\n\t\t\t\n<ul>\n<li class=\"bullet-checkmark\">Magas C-vitamin-tartalommal b\u00fcszk\u00e9lkedhet, amely hozz\u00e1j\u00e1rul a norm\u00e1l kollag\u00e9nk\u00e9pz\u0151d\u00e9shez \u00e9s a b\u0151r megfelel\u0151 m\u0171k\u00f6d\u00e9s\u00e9hez<\/li>\n<li class=\"bullet-checkmark\">Magas E-vitamin-tartalm\u00e1val pedig hozz\u00e1j\u00e1rul a sejtek oxidat\u00edv stressz elleni v\u00e9delm\u00e9hez, amely felel\u0151s a b\u0151r \u00f6reged\u00e9s\u00e9\u00e9rt<\/li>\n<li class=\"bullet-checkmark\">30 adagot tartalmaz (b\u0151r t\u00e1pl\u00e1l\u00e1sa egy teljes h\u00f3napon \u00e1t)<\/li>\n<li class=\"bullet-checkmark\">Stevi\u00e1val \u00e9des\u00edtve, glut\u00e9nmentes, j\u00f3 \u00edz\u0171<\/li>\n<\/ul>\n\t\t<\/div>\n\t\t\t\t\t<\/div>\n\n\t\n<\/div>\n<h2>Haszn\u00e1lat<\/h2>\n<p>Fogyassza a Collagen Skin Booster-t naponta egyszer. Adjon 1 m\u00e9r\u0151kan\u00e1lnyi (5,7 g) port 250 ml v\u00edzhez, \u00e9s addig keverje, am\u00edg fel nem old\u00f3dik. Fogyasszon naponta egy poh\u00e1rral \u00e9tez\u00e9s mell\u00e9. Haszn\u00e1lja ezt a term\u00e9ket kiegyens\u00falyozott \u00e9s v\u00e1ltozatos \u00e9trend \u00e9s az eg\u00e9szs\u00e9ges \u00e9s akt\u00edv \u00e9letm\u00f3d r\u00e9szek\u00e9nt.<\/p>\n<p><a href=\"https:\/\/herbastore.sk\/wp-content\/uploads\/2025\/03\/herbalife-skin-collagen-skin-booster-eper-citrom-171g-076K.jpg\"><img decoding=\"async\" class=\"aligncenter wp-image-12425 size-full\" src=\"https:\/\/herbastore.sk\/wp-content\/uploads\/2025\/03\/herbalife-skin-collagen-skin-booster-eper-citrom-171g-076K.jpg\" alt=\"\" width=\"600\" height=\"auto\"><\/a><\/p>\n<p style=\"text-align: center;\"><em>T\u00e1p\u00e9rt\u00e9k &#8211; Herbalife Collagen Skin Booster<\/em><\/p>\n","protected":false},"excerpt":{"rendered":"<p>171 gr<\/p>\n<div class=\"is-divider divider clearfix\" ><\/div>\n<p>A Herbalife Collagen Skin Booster bel\u00fclr\u0151l t\u00e1mogatja b\u0151re eg\u00e9szs\u00e9g\u00e9t a l\u00e1that\u00f3an fiatalosabb b\u0151r\u00e9rt. Verisol\u00ae kollag\u00e9nt tartalmaz, amely t\u00e1mogatja a b\u0151r rugalmass\u00e1g\u00e1t \u00e9s seg\u00edt cs\u00f6kkenteni a r\u00e1ncokat.<\/p>\n<p>A klinikailag tesztelt hat\u00e1soknak k\u00f6sz\u00f6nhet\u0151en a m\u00e1r mind\u00f6ssze 4 h\u00e9t ut\u00e1n kevesebb r\u00e1nc lesz l\u00e1that\u00f3, 3 h\u00f3napos haszn\u00e1lat ut\u00e1n pedig a narancsb\u0151r is elt\u0171n\u0151ben lesz.<\/p>\n","protected":false},"featured_media":23968,"comment_status":"open","ping_status":"closed","template":"","meta":{"inline_featured_image":false},"product_brand":[],"product_cat":[339,375],"product_tag":[384],"class_list":{"0":"post-28974","1":"product","2":"type-product","3":"status-publish","4":"has-post-thumbnail","6":"product_cat-legkeresettebb-termekek","7":"product_cat-herbalife-skin","8":"product_tag-a-bor-es-haj-jobb-allapota","10":"first","11":"instock","12":"taxable","13":"shipping-taxable","14":"purchasable","15":"product-type-simple"},"yoast_head":"<!-- This site is optimized with the Yoast SEO plugin v26.8 - https:\/\/yoast.com\/product\/yoast-seo-wordpress\/ -->\n<title>Herbalife SKIN Collagen Skin Booster 171 g - herbastore<\/title>\n<meta name=\"description\" content=\"A Herbalife SKIN Collagen Booster bel\u00fclr\u0151l t\u00e1mogatja a b\u0151r eg\u00e9szs\u00e9g\u00e9t a l\u00e1that\u00f3an fiatalosabb megjelen\u00e9s\u0171 b\u0151r \u00e9rdek\u00e9ben, \u00e9s seg\u00edt cs\u00f6kkenteni a r\u00e1ncokat.\" \/>\n<meta name=\"robots\" content=\"index, follow, max-snippet:-1, max-image-preview:large, max-video-preview:-1\" \/>\n<link rel=\"canonical\" href=\"https:\/\/herbastore.sk\/hu\/termekek\/legkeresettebb-termekek\/collagen-skin-booster\/\" \/>\n<meta property=\"og:locale\" content=\"hu_HU\" \/>\n<meta property=\"og:type\" content=\"article\" \/>\n<meta property=\"og:title\" content=\"Herbalife SKIN Collagen Skin Booster 171 g - herbastore\" \/>\n<meta property=\"og:description\" content=\"A Herbalife SKIN Collagen Booster bel\u00fclr\u0151l t\u00e1mogatja a b\u0151r eg\u00e9szs\u00e9g\u00e9t a l\u00e1that\u00f3an fiatalosabb megjelen\u00e9s\u0171 b\u0151r \u00e9rdek\u00e9ben, \u00e9s seg\u00edt cs\u00f6kkenteni a r\u00e1ncokat.\" \/>\n<meta property=\"og:url\" content=\"https:\/\/herbastore.sk\/hu\/termekek\/legkeresettebb-termekek\/collagen-skin-booster\/\" \/>\n<meta property=\"og:site_name\" content=\"herbastore\" \/>\n<meta property=\"article:publisher\" content=\"https:\/\/www.facebook.com\/herbastoresk\/\" \/>\n<meta property=\"article:modified_time\" content=\"2025-07-01T20:34:09+00:00\" \/>\n<meta property=\"og:image\" content=\"https:\/\/herbastore.sk\/wp-content\/uploads\/2025\/02\/herbalife-skin-collagen-skin-booster-1.jpg\" \/>\n\t<meta property=\"og:image:width\" content=\"534\" \/>\n\t<meta property=\"og:image:height\" content=\"800\" \/>\n\t<meta property=\"og:image:type\" content=\"image\/jpeg\" \/>\n<meta name=\"twitter:card\" content=\"summary_large_image\" \/>\n<meta name=\"twitter:label1\" content=\"Becs\u00fclt olvas\u00e1si id\u0151\" \/>\n\t<meta name=\"twitter:data1\" content=\"2 perc\" \/>\n<script type=\"application\/ld+json\" class=\"yoast-schema-graph\">{\"@context\":\"https:\/\/schema.org\",\"@graph\":[{\"@type\":\"WebPage\",\"@id\":\"https:\/\/herbastore.sk\/hu\/termekek\/legkeresettebb-termekek\/collagen-skin-booster\/\",\"url\":\"https:\/\/herbastore.sk\/hu\/termekek\/legkeresettebb-termekek\/collagen-skin-booster\/\",\"name\":\"Herbalife SKIN Collagen Skin Booster 171 g - herbastore\",\"isPartOf\":{\"@id\":\"https:\/\/herbastore.sk\/hu\/#website\"},\"primaryImageOfPage\":{\"@id\":\"https:\/\/herbastore.sk\/hu\/termekek\/legkeresettebb-termekek\/collagen-skin-booster\/#primaryimage\"},\"image\":{\"@id\":\"https:\/\/herbastore.sk\/hu\/termekek\/legkeresettebb-termekek\/collagen-skin-booster\/#primaryimage\"},\"thumbnailUrl\":\"https:\/\/herbastore.sk\/wp-content\/uploads\/2025\/02\/herbalife-skin-collagen-skin-booster-1.jpg\",\"datePublished\":\"2025-03-19T22:09:19+00:00\",\"dateModified\":\"2025-07-01T20:34:09+00:00\",\"description\":\"A Herbalife SKIN Collagen Booster bel\u00fclr\u0151l t\u00e1mogatja a b\u0151r eg\u00e9szs\u00e9g\u00e9t a l\u00e1that\u00f3an fiatalosabb megjelen\u00e9s\u0171 b\u0151r \u00e9rdek\u00e9ben, \u00e9s seg\u00edt cs\u00f6kkenteni a r\u00e1ncokat.\",\"breadcrumb\":{\"@id\":\"https:\/\/herbastore.sk\/hu\/termekek\/legkeresettebb-termekek\/collagen-skin-booster\/#breadcrumb\"},\"inLanguage\":\"hu\",\"potentialAction\":[{\"@type\":\"ReadAction\",\"target\":[\"https:\/\/herbastore.sk\/hu\/termekek\/legkeresettebb-termekek\/collagen-skin-booster\/\"]}]},{\"@type\":\"ImageObject\",\"inLanguage\":\"hu\",\"@id\":\"https:\/\/herbastore.sk\/hu\/termekek\/legkeresettebb-termekek\/collagen-skin-booster\/#primaryimage\",\"url\":\"https:\/\/herbastore.sk\/wp-content\/uploads\/2025\/02\/herbalife-skin-collagen-skin-booster-1.jpg\",\"contentUrl\":\"https:\/\/herbastore.sk\/wp-content\/uploads\/2025\/02\/herbalife-skin-collagen-skin-booster-1.jpg\",\"width\":534,\"height\":800,\"caption\":\"Herbalife Collagen Skin Booster\"},{\"@type\":\"BreadcrumbList\",\"@id\":\"https:\/\/herbastore.sk\/hu\/termekek\/legkeresettebb-termekek\/collagen-skin-booster\/#breadcrumb\",\"itemListElement\":[{\"@type\":\"ListItem\",\"position\":1,\"name\":\"Home\",\"item\":\"https:\/\/herbastore.sk\/hu\/\"},{\"@type\":\"ListItem\",\"position\":2,\"name\":\"Term\u00e9kek\",\"item\":\"https:\/\/herbastore.sk\/hu\/termekek\/\"},{\"@type\":\"ListItem\",\"position\":3,\"name\":\"Collagen Skin Booster\"}]},{\"@type\":\"WebSite\",\"@id\":\"https:\/\/herbastore.sk\/hu\/#website\",\"url\":\"https:\/\/herbastore.sk\/hu\/\",\"name\":\"herbastore\",\"description\":\"Produkty Herbalife z pohodlia v\u00e1\u0161ho domova\",\"publisher\":{\"@id\":\"https:\/\/herbastore.sk\/hu\/#organization\"},\"potentialAction\":[{\"@type\":\"SearchAction\",\"target\":{\"@type\":\"EntryPoint\",\"urlTemplate\":\"https:\/\/herbastore.sk\/hu\/?s={search_term_string}\"},\"query-input\":{\"@type\":\"PropertyValueSpecification\",\"valueRequired\":true,\"valueName\":\"search_term_string\"}}],\"inLanguage\":\"hu\"},{\"@type\":\"Organization\",\"@id\":\"https:\/\/herbastore.sk\/hu\/#organization\",\"name\":\"herbastore.sk\",\"url\":\"https:\/\/herbastore.sk\/hu\/\",\"logo\":{\"@type\":\"ImageObject\",\"inLanguage\":\"hu\",\"@id\":\"https:\/\/herbastore.sk\/hu\/#\/schema\/logo\/image\/\",\"url\":\"https:\/\/herbastore.sk\/wp-content\/uploads\/2018\/11\/herbastore-ikona.png\",\"contentUrl\":\"https:\/\/herbastore.sk\/wp-content\/uploads\/2018\/11\/herbastore-ikona.png\",\"width\":512,\"height\":512,\"caption\":\"herbastore.sk\"},\"image\":{\"@id\":\"https:\/\/herbastore.sk\/hu\/#\/schema\/logo\/image\/\"},\"sameAs\":[\"https:\/\/www.facebook.com\/herbastoresk\/\",\"https:\/\/www.instagram.com\/herbastore.sk\/\"]}]}<\/script>\n<!-- \/ Yoast SEO plugin. -->","yoast_head_json":{"title":"Herbalife SKIN Collagen Skin Booster 171 g - herbastore","description":"A Herbalife SKIN Collagen Booster bel\u00fclr\u0151l t\u00e1mogatja a b\u0151r eg\u00e9szs\u00e9g\u00e9t a l\u00e1that\u00f3an fiatalosabb megjelen\u00e9s\u0171 b\u0151r \u00e9rdek\u00e9ben, \u00e9s seg\u00edt cs\u00f6kkenteni a r\u00e1ncokat.","robots":{"index":"index","follow":"follow","max-snippet":"max-snippet:-1","max-image-preview":"max-image-preview:large","max-video-preview":"max-video-preview:-1"},"canonical":"https:\/\/herbastore.sk\/hu\/termekek\/legkeresettebb-termekek\/collagen-skin-booster\/","og_locale":"hu_HU","og_type":"article","og_title":"Herbalife SKIN Collagen Skin Booster 171 g - herbastore","og_description":"A Herbalife SKIN Collagen Booster bel\u00fclr\u0151l t\u00e1mogatja a b\u0151r eg\u00e9szs\u00e9g\u00e9t a l\u00e1that\u00f3an fiatalosabb megjelen\u00e9s\u0171 b\u0151r \u00e9rdek\u00e9ben, \u00e9s seg\u00edt cs\u00f6kkenteni a r\u00e1ncokat.","og_url":"https:\/\/herbastore.sk\/hu\/termekek\/legkeresettebb-termekek\/collagen-skin-booster\/","og_site_name":"herbastore","article_publisher":"https:\/\/www.facebook.com\/herbastoresk\/","article_modified_time":"2025-07-01T20:34:09+00:00","og_image":[{"width":534,"height":800,"url":"https:\/\/herbastore.sk\/wp-content\/uploads\/2025\/02\/herbalife-skin-collagen-skin-booster-1.jpg","type":"image\/jpeg"}],"twitter_card":"summary_large_image","twitter_misc":{"Becs\u00fclt olvas\u00e1si id\u0151":"2 perc"},"schema":{"@context":"https:\/\/schema.org","@graph":[{"@type":"WebPage","@id":"https:\/\/herbastore.sk\/hu\/termekek\/legkeresettebb-termekek\/collagen-skin-booster\/","url":"https:\/\/herbastore.sk\/hu\/termekek\/legkeresettebb-termekek\/collagen-skin-booster\/","name":"Herbalife SKIN Collagen Skin Booster 171 g - herbastore","isPartOf":{"@id":"https:\/\/herbastore.sk\/hu\/#website"},"primaryImageOfPage":{"@id":"https:\/\/herbastore.sk\/hu\/termekek\/legkeresettebb-termekek\/collagen-skin-booster\/#primaryimage"},"image":{"@id":"https:\/\/herbastore.sk\/hu\/termekek\/legkeresettebb-termekek\/collagen-skin-booster\/#primaryimage"},"thumbnailUrl":"https:\/\/herbastore.sk\/wp-content\/uploads\/2025\/02\/herbalife-skin-collagen-skin-booster-1.jpg","datePublished":"2025-03-19T22:09:19+00:00","dateModified":"2025-07-01T20:34:09+00:00","description":"A Herbalife SKIN Collagen Booster bel\u00fclr\u0151l t\u00e1mogatja a b\u0151r eg\u00e9szs\u00e9g\u00e9t a l\u00e1that\u00f3an fiatalosabb megjelen\u00e9s\u0171 b\u0151r \u00e9rdek\u00e9ben, \u00e9s seg\u00edt cs\u00f6kkenteni a r\u00e1ncokat.","breadcrumb":{"@id":"https:\/\/herbastore.sk\/hu\/termekek\/legkeresettebb-termekek\/collagen-skin-booster\/#breadcrumb"},"inLanguage":"hu","potentialAction":[{"@type":"ReadAction","target":["https:\/\/herbastore.sk\/hu\/termekek\/legkeresettebb-termekek\/collagen-skin-booster\/"]}]},{"@type":"ImageObject","inLanguage":"hu","@id":"https:\/\/herbastore.sk\/hu\/termekek\/legkeresettebb-termekek\/collagen-skin-booster\/#primaryimage","url":"https:\/\/herbastore.sk\/wp-content\/uploads\/2025\/02\/herbalife-skin-collagen-skin-booster-1.jpg","contentUrl":"https:\/\/herbastore.sk\/wp-content\/uploads\/2025\/02\/herbalife-skin-collagen-skin-booster-1.jpg","width":534,"height":800,"caption":"Herbalife Collagen Skin Booster"},{"@type":"BreadcrumbList","@id":"https:\/\/herbastore.sk\/hu\/termekek\/legkeresettebb-termekek\/collagen-skin-booster\/#breadcrumb","itemListElement":[{"@type":"ListItem","position":1,"name":"Home","item":"https:\/\/herbastore.sk\/hu\/"},{"@type":"ListItem","position":2,"name":"Term\u00e9kek","item":"https:\/\/herbastore.sk\/hu\/termekek\/"},{"@type":"ListItem","position":3,"name":"Collagen Skin Booster"}]},{"@type":"WebSite","@id":"https:\/\/herbastore.sk\/hu\/#website","url":"https:\/\/herbastore.sk\/hu\/","name":"herbastore","description":"Produkty Herbalife z pohodlia v\u00e1\u0161ho domova","publisher":{"@id":"https:\/\/herbastore.sk\/hu\/#organization"},"potentialAction":[{"@type":"SearchAction","target":{"@type":"EntryPoint","urlTemplate":"https:\/\/herbastore.sk\/hu\/?s={search_term_string}"},"query-input":{"@type":"PropertyValueSpecification","valueRequired":true,"valueName":"search_term_string"}}],"inLanguage":"hu"},{"@type":"Organization","@id":"https:\/\/herbastore.sk\/hu\/#organization","name":"herbastore.sk","url":"https:\/\/herbastore.sk\/hu\/","logo":{"@type":"ImageObject","inLanguage":"hu","@id":"https:\/\/herbastore.sk\/hu\/#\/schema\/logo\/image\/","url":"https:\/\/herbastore.sk\/wp-content\/uploads\/2018\/11\/herbastore-ikona.png","contentUrl":"https:\/\/herbastore.sk\/wp-content\/uploads\/2018\/11\/herbastore-ikona.png","width":512,"height":512,"caption":"herbastore.sk"},"image":{"@id":"https:\/\/herbastore.sk\/hu\/#\/schema\/logo\/image\/"},"sameAs":["https:\/\/www.facebook.com\/herbastoresk\/","https:\/\/www.instagram.com\/herbastore.sk\/"]}]}},"_links":{"self":[{"href":"https:\/\/herbastore.sk\/hu\/wp-json\/wp\/v2\/product\/28974","targetHints":{"allow":["GET"]}}],"collection":[{"href":"https:\/\/herbastore.sk\/hu\/wp-json\/wp\/v2\/product"}],"about":[{"href":"https:\/\/herbastore.sk\/hu\/wp-json\/wp\/v2\/types\/product"}],"replies":[{"embeddable":true,"href":"https:\/\/herbastore.sk\/hu\/wp-json\/wp\/v2\/comments?post=28974"}],"wp:featuredmedia":[{"embeddable":true,"href":"https:\/\/herbastore.sk\/hu\/wp-json\/wp\/v2\/media\/23968"}],"wp:attachment":[{"href":"https:\/\/herbastore.sk\/hu\/wp-json\/wp\/v2\/media?parent=28974"}],"wp:term":[{"taxonomy":"product_brand","embeddable":true,"href":"https:\/\/herbastore.sk\/hu\/wp-json\/wp\/v2\/product_brand?post=28974"},{"taxonomy":"product_cat","embeddable":true,"href":"https:\/\/herbastore.sk\/hu\/wp-json\/wp\/v2\/product_cat?post=28974"},{"taxonomy":"product_tag","embeddable":true,"href":"https:\/\/herbastore.sk\/hu\/wp-json\/wp\/v2\/product_tag?post=28974"}],"curies":[{"name":"wp","href":"https:\/\/api.w.org\/{rel}","templated":true}]}}