{"id":28925,"date":"2018-10-11T11:27:06","date_gmt":"2025-03-14T15:46:40","guid":{"rendered":"https:\/\/herbastore.sk\/produkty\/nem-kategorizalt\/formula-3-feherje-kiegeszito\/"},"modified":"2025-03-14T16:46:41","modified_gmt":"2025-03-14T15:46:41","slug":"formula-3-feherje-kiegeszito","status":"publish","type":"product","link":"https:\/\/herbastore.sk\/hu\/termekek\/feherje-kiegeszitok\/formula-3-feherje-kiegeszito\/","title":{"rendered":"Formula 3 feh\u00e9rje kieg\u00e9sz\u00edt\u0151"},"content":{"rendered":"<h2>Hogyan seg\u00edthet \u00d6nnek a Formula 3 feh\u00e9rje kieg\u00e9sz\u00edt\u0151?<\/h2>\n<p style=\"text-align: left;\">A Formula 3 feh\u00e9rje-kieg\u00e9sz\u00edt\u0151 por gazdag sz\u00f3ja- \u00e9s tejsav\u00f3feh\u00e9rje-forr\u00e1s, el\u0151seg\u00edti a zs\u00edrmentes izomt\u00f6meg kialakul\u00e1s\u00e1t \u00e9s az eg\u00e9szs\u00e9ges csontok fenntart\u00e1s\u00e1t. Egyszer\u0171 m\u00f3dot k\u00edn\u00e1l a feh\u00e9rjebevitel egy\u00e9ni be\u00e1ll\u00edt\u00e1s\u00e1ra a s\u00falykontrollhoz vagy az optim\u00e1lis fitneszig\u00e9nyeknek megfelel\u0151en.<\/p>\n<p style=\"text-align: left;\">A sz\u00f3jafeh\u00e9rje a legjobb min\u0151s\u00e9g\u0171 n\u00f6v\u00e9nyi feh\u00e9rje, mivel mind a 9 esszenci\u00e1lis aminosav forr\u00e1sa, \u00e9s nem tartalmaz koleszterint. Az \u00e9lelmiszerforr\u00e1sokb\u00f3l, p\u00e9ld\u00e1ul sz\u00f3j\u00e1b\u00f3l vagy tejterm\u00e9kekb\u0151l sz\u00e1rmaz\u00f3 feh\u00e9rj\u00e9ket &#8222;teljes&#8221; feh\u00e9rj\u00e9knek nevezik, mivel kiegyens\u00falyozott ar\u00e1nyban tartalmazz\u00e1k az izmok n\u00f6veked\u00e9s\u00e9hez \u00e9s fejl\u0151d\u00e9s\u00e9hez sz\u00fcks\u00e9ges \u00f6sszes esszenci\u00e1lis aminosavat (\u00e9p\u00edt\u0151elemet). Test\u00fcnknek kilogrammonk\u00e9nt 0,8 g-t\u00f3l 2 g-ig terjed\u0151 feh\u00e9rj\u00e9re van sz\u00fcks\u00e9ge. Egyed\u00fcl\u00e1ll\u00f3 feh\u00e9rjeporunk seg\u00edt ennek beszerz\u00e9s\u00e9ben.<\/p>\n<p style=\"text-align: left;\">David Heber, Ph.D. orvos, a T\u00e1pl\u00e1lkoz\u00e1si Int\u00e9zet \u00e9s a T\u00e1pl\u00e1lkoz\u00e1si Tan\u00e1csad\u00f3 Int\u00e9zet eln\u00f6ke:<\/p>\n<blockquote>\n<p style=\"text-align: left;\"><em>\u201eA Herbalife s\u00falycs\u00f6kkent\u0151 programjai \u00e9s term\u00e9kei hozz\u00e1adott feh\u00e9rj\u00e9t tartalmaz\u00f3t\u00e1pl\u00e1l\u00e9khelyettes\u00edt\u0151ket haszn\u00e1lnak, hogy maximaliz\u00e1lj\u00e1k a siker es\u00e9lyeit.\u201d<\/em><\/p>\n<\/blockquote>\n<h2 style=\"text-align: left;\">A legfontosabb el\u0151ny\u00f6k<\/h2>\n<p>A sz\u00f3ja \u00e9s a tejsav\u00f3feh\u00e9rje gazdag tartalma seg\u00edt a zs\u00edrmentes izomt\u00f6meg kialak\u00edt\u00e1s\u00e1ban \u00e9s az eg\u00e9szs\u00e9ges csontok fenntart\u00e1s\u00e1ban. Legfeljebb 5 g kiv\u00e1l\u00f3 min\u0151s\u00e9g\u0171 feh\u00e9rj\u00e9t tartalmaz adagonk\u00e9nt (6 g).<\/p>\n<div class=\"row\"  id=\"row-1831522657\">\n\n\t<div id=\"col-752880881\" class=\"col medium-1\/2 large-6\"  >\n\t\t\t\t<div class=\"col-inner\"  >\n\t\t\t\n\t\t\t\n<ul style=\"text-align: left;\">\n<li class=\"bullet-checkmark\">Felt\u00f6lti az aj\u00e1nlott koleszterinmentes feh\u00e9rje mennyis\u00e9ggel<\/li>\n<li class=\"bullet-checkmark\">Jav\u00edtja az izmok teljes\u00edtm\u00e9ny\u00e9t \u00e9s az izomer\u0151t<\/li>\n<li class=\"bullet-checkmark\">Megk\u00f6nny\u00edti a fogy\u00e1st az \u00e9hs\u00e9g\u00e9rzet cs\u00f6kkent\u00e9s\u00e9vel<\/li>\n<li class=\"bullet-checkmark\">Jav\u00edtja a sejtek t\u00e1pl\u00e1l\u00e1s\u00e1t<\/li>\n<\/ul>\n\t\t<\/div>\n\t\t\t\t\t<\/div>\n\n\t\n\n\t<div id=\"col-1872521392\" class=\"col medium-1\/2 large-6\"  >\n\t\t\t\t<div class=\"col-inner\"  >\n\t\t\t\n\t\t\t\n<ul style=\"text-align: left;\">\n<li class=\"bullet-checkmark\">Alkalmas a t\u00e1pl\u00e1lkoz\u00e1s jav\u00edt\u00e1s\u00e1ra k\u00fcl\u00f6nb\u00f6z\u0151 \u00e9tkez\u00e9si zavarok eset\u00e9ben<\/li>\n<li class=\"bullet-checkmark\">Jav\u00edtja az alapanyagcser\u00e9t<\/li>\n<li class=\"bullet-checkmark\">\u00cdztelen<\/li>\n<li class=\"bullet-checkmark\">B\u00e1rmely <a href=\"https:\/\/herbastore.sk\/produkty\/vyvazene-jedlo\/formula-1-koktail\/\">Formula 1 kokt\u00e9lhoz<\/a> hozz\u00e1adhathat\u00f3<\/li>\n<\/ul>\n\t\t<\/div>\n\t\t\t\t\t<\/div>\n\n\t\n<\/div>\n<h2 style=\"text-align: left;\">Adagol\u00e1s<\/h2>\n<p>Egy ev\u0151kan\u00e1l k\u00e9sz\u00edtm\u00e9ny (6 g) 5 g feh\u00e9rj\u00e9t tartalmaz. Fogyasszon naponta egy-n\u00e9gy adagot. Hozz\u00e1adhatja a Formula 3-at a kedvenc <a href=\"https:\/\/herbastore.sk\/produkty\/vyvazene-jedlo\/formula-1-koktail\/\">Formula 1 kokt\u00e9lj\u00e1hoz<\/a> , vagy m\u00e1s \u00e9telekhez keverheti, p\u00e9ld\u00e1ul sz\u00f3szokhoz, levesekhez vagy gy\u00fcm\u00f6lcslevekhez.<\/p>\n<p><a href=\"https:\/\/herbastore.sk\/wp-content\/uploads\/2025\/03\/formula-3-szemelyre-szabott-feherje-koncentratum-240g-0242.jpg\"><img decoding=\"async\" class=\"aligncenter size-full wp-image-1307\" src=\"https:\/\/herbastore.sk\/wp-content\/uploads\/2025\/03\/formula-3-szemelyre-szabott-feherje-koncentratum-240g-0242.jpg\" alt=\"Herbalife Formula 3 t\u00e1p\u00e9rt\u00e9k\" width=\"600\" height=\"auto\"><\/a><\/p>\n<p style=\"text-align: center;\"><em>T\u00e1p\u00e9rt\u00e9k &#8211; Formula 3 feh\u00e9rje kieg\u00e9sz\u00edt\u0151<\/em><\/p>\n","protected":false},"excerpt":{"rendered":"<p>240 gr<\/p>\n<div class=\"is-divider divider clearfix\" ><\/div>\n<p>A Formula 3 feh\u00e9rje-kieg\u00e9sz\u00edt\u0151 por gazdag sz\u00f3ja- \u00e9s tejsav\u00f3feh\u00e9rje-forr\u00e1s. El\u0151seg\u00edti a zs\u00edrmentes izomt\u00f6meg kialakul\u00e1s\u00e1t \u00e9s az eg\u00e9szs\u00e9ges csontok fenntart\u00e1s\u00e1t.<\/p>\n<p>Egyszer\u0171 m\u00f3dot k\u00edn\u00e1l a feh\u00e9rjebevitel egy\u00e9ni be\u00e1ll\u00edt\u00e1s\u00e1ra a s\u00falykontrollhoz vagy az optim\u00e1lis fitneszig\u00e9nyeknek megfelel\u0151en.<\/p>\n","protected":false},"featured_media":23116,"comment_status":"open","ping_status":"closed","template":"","meta":{"inline_featured_image":false},"product_brand":[],"product_cat":[376],"product_tag":[385,368],"class_list":{"0":"post-28925","1":"product","2":"type-product","3":"status-publish","4":"has-post-thumbnail","6":"product_cat-feherje-kiegeszitok","7":"product_tag-az-izomtomeg-novekedese","8":"product_tag-fogyas","10":"first","11":"instock","12":"taxable","13":"shipping-taxable","14":"purchasable","15":"product-type-simple"},"yoast_head":"<!-- This site is optimized with the Yoast SEO plugin v26.8 - https:\/\/yoast.com\/product\/yoast-seo-wordpress\/ -->\n<title>Herbalife Formula 3 feh\u00e9rje kieg\u00e9sz\u00edt\u0151 240 g - herbastore<\/title>\n<meta name=\"description\" content=\"A Herbalife Formula 3 por feh\u00e9rje kieg\u00e9sz\u00edt\u0151je gazdag feh\u00e9rjeforr\u00e1s. Seg\u00edt a zs\u00edrmentes izomt\u00f6meg kialak\u00edt\u00e1s\u00e1ban \u00e9s az eg\u00e9szs\u00e9ges csontok fenntart\u00e1s\u00e1ban.\" \/>\n<meta name=\"robots\" content=\"index, follow, max-snippet:-1, max-image-preview:large, max-video-preview:-1\" \/>\n<link rel=\"canonical\" href=\"https:\/\/herbastore.sk\/hu\/termekek\/feherje-kiegeszitok\/formula-3-feherje-kiegeszito\/\" \/>\n<meta property=\"og:locale\" content=\"hu_HU\" \/>\n<meta property=\"og:type\" content=\"article\" \/>\n<meta property=\"og:title\" content=\"Herbalife Formula 3 feh\u00e9rje kieg\u00e9sz\u00edt\u0151 240 g - herbastore\" \/>\n<meta property=\"og:description\" content=\"A Herbalife Formula 3 por feh\u00e9rje kieg\u00e9sz\u00edt\u0151je gazdag feh\u00e9rjeforr\u00e1s. Seg\u00edt a zs\u00edrmentes izomt\u00f6meg kialak\u00edt\u00e1s\u00e1ban \u00e9s az eg\u00e9szs\u00e9ges csontok fenntart\u00e1s\u00e1ban.\" \/>\n<meta property=\"og:url\" content=\"https:\/\/herbastore.sk\/hu\/termekek\/feherje-kiegeszitok\/formula-3-feherje-kiegeszito\/\" \/>\n<meta property=\"og:site_name\" content=\"herbastore\" \/>\n<meta property=\"article:publisher\" content=\"https:\/\/www.facebook.com\/herbastoresk\/\" \/>\n<meta property=\"article:modified_time\" content=\"2025-03-14T15:46:41+00:00\" \/>\n<meta property=\"og:image\" content=\"https:\/\/herbastore.sk\/wp-content\/uploads\/2025\/02\/formula-3-szemelyre-szabott-feherje-koncentratum.jpg\" \/>\n\t<meta property=\"og:image:width\" content=\"534\" \/>\n\t<meta property=\"og:image:height\" content=\"800\" \/>\n\t<meta property=\"og:image:type\" content=\"image\/jpeg\" \/>\n<meta name=\"twitter:card\" content=\"summary_large_image\" \/>\n<meta name=\"twitter:label1\" content=\"Becs\u00fclt olvas\u00e1si id\u0151\" \/>\n\t<meta name=\"twitter:data1\" content=\"2 perc\" \/>\n<script type=\"application\/ld+json\" class=\"yoast-schema-graph\">{\"@context\":\"https:\/\/schema.org\",\"@graph\":[{\"@type\":\"WebPage\",\"@id\":\"https:\/\/herbastore.sk\/hu\/termekek\/feherje-kiegeszitok\/formula-3-feherje-kiegeszito\/\",\"url\":\"https:\/\/herbastore.sk\/hu\/termekek\/feherje-kiegeszitok\/formula-3-feherje-kiegeszito\/\",\"name\":\"Herbalife Formula 3 feh\u00e9rje kieg\u00e9sz\u00edt\u0151 240 g - herbastore\",\"isPartOf\":{\"@id\":\"https:\/\/herbastore.sk\/hu\/#website\"},\"primaryImageOfPage\":{\"@id\":\"https:\/\/herbastore.sk\/hu\/termekek\/feherje-kiegeszitok\/formula-3-feherje-kiegeszito\/#primaryimage\"},\"image\":{\"@id\":\"https:\/\/herbastore.sk\/hu\/termekek\/feherje-kiegeszitok\/formula-3-feherje-kiegeszito\/#primaryimage\"},\"thumbnailUrl\":\"https:\/\/herbastore.sk\/wp-content\/uploads\/2025\/02\/formula-3-szemelyre-szabott-feherje-koncentratum.jpg\",\"datePublished\":\"2025-03-14T15:46:40+00:00\",\"dateModified\":\"2025-03-14T15:46:41+00:00\",\"description\":\"A Herbalife Formula 3 por feh\u00e9rje kieg\u00e9sz\u00edt\u0151je gazdag feh\u00e9rjeforr\u00e1s. Seg\u00edt a zs\u00edrmentes izomt\u00f6meg kialak\u00edt\u00e1s\u00e1ban \u00e9s az eg\u00e9szs\u00e9ges csontok fenntart\u00e1s\u00e1ban.\",\"breadcrumb\":{\"@id\":\"https:\/\/herbastore.sk\/hu\/termekek\/feherje-kiegeszitok\/formula-3-feherje-kiegeszito\/#breadcrumb\"},\"inLanguage\":\"hu\",\"potentialAction\":[{\"@type\":\"ReadAction\",\"target\":[\"https:\/\/herbastore.sk\/hu\/termekek\/feherje-kiegeszitok\/formula-3-feherje-kiegeszito\/\"]}]},{\"@type\":\"ImageObject\",\"inLanguage\":\"hu\",\"@id\":\"https:\/\/herbastore.sk\/hu\/termekek\/feherje-kiegeszitok\/formula-3-feherje-kiegeszito\/#primaryimage\",\"url\":\"https:\/\/herbastore.sk\/wp-content\/uploads\/2025\/02\/formula-3-szemelyre-szabott-feherje-koncentratum.jpg\",\"contentUrl\":\"https:\/\/herbastore.sk\/wp-content\/uploads\/2025\/02\/formula-3-szemelyre-szabott-feherje-koncentratum.jpg\",\"width\":534,\"height\":800,\"caption\":\"Formula 3 Szem\u00e9lyre szabott feh\u00e9rje-koncentr\u00e1tum\"},{\"@type\":\"BreadcrumbList\",\"@id\":\"https:\/\/herbastore.sk\/hu\/termekek\/feherje-kiegeszitok\/formula-3-feherje-kiegeszito\/#breadcrumb\",\"itemListElement\":[{\"@type\":\"ListItem\",\"position\":1,\"name\":\"Home\",\"item\":\"https:\/\/herbastore.sk\/hu\/\"},{\"@type\":\"ListItem\",\"position\":2,\"name\":\"Term\u00e9kek\",\"item\":\"https:\/\/herbastore.sk\/hu\/termekek\/\"},{\"@type\":\"ListItem\",\"position\":3,\"name\":\"Formula 3 feh\u00e9rje kieg\u00e9sz\u00edt\u0151\"}]},{\"@type\":\"WebSite\",\"@id\":\"https:\/\/herbastore.sk\/hu\/#website\",\"url\":\"https:\/\/herbastore.sk\/hu\/\",\"name\":\"herbastore\",\"description\":\"Produkty Herbalife z pohodlia v\u00e1\u0161ho domova\",\"publisher\":{\"@id\":\"https:\/\/herbastore.sk\/hu\/#organization\"},\"potentialAction\":[{\"@type\":\"SearchAction\",\"target\":{\"@type\":\"EntryPoint\",\"urlTemplate\":\"https:\/\/herbastore.sk\/hu\/?s={search_term_string}\"},\"query-input\":{\"@type\":\"PropertyValueSpecification\",\"valueRequired\":true,\"valueName\":\"search_term_string\"}}],\"inLanguage\":\"hu\"},{\"@type\":\"Organization\",\"@id\":\"https:\/\/herbastore.sk\/hu\/#organization\",\"name\":\"herbastore.sk\",\"url\":\"https:\/\/herbastore.sk\/hu\/\",\"logo\":{\"@type\":\"ImageObject\",\"inLanguage\":\"hu\",\"@id\":\"https:\/\/herbastore.sk\/hu\/#\/schema\/logo\/image\/\",\"url\":\"https:\/\/herbastore.sk\/wp-content\/uploads\/2018\/11\/herbastore-ikona.png\",\"contentUrl\":\"https:\/\/herbastore.sk\/wp-content\/uploads\/2018\/11\/herbastore-ikona.png\",\"width\":512,\"height\":512,\"caption\":\"herbastore.sk\"},\"image\":{\"@id\":\"https:\/\/herbastore.sk\/hu\/#\/schema\/logo\/image\/\"},\"sameAs\":[\"https:\/\/www.facebook.com\/herbastoresk\/\",\"https:\/\/www.instagram.com\/herbastore.sk\/\"]}]}<\/script>\n<!-- \/ Yoast SEO plugin. -->","yoast_head_json":{"title":"Herbalife Formula 3 feh\u00e9rje kieg\u00e9sz\u00edt\u0151 240 g - herbastore","description":"A Herbalife Formula 3 por feh\u00e9rje kieg\u00e9sz\u00edt\u0151je gazdag feh\u00e9rjeforr\u00e1s. Seg\u00edt a zs\u00edrmentes izomt\u00f6meg kialak\u00edt\u00e1s\u00e1ban \u00e9s az eg\u00e9szs\u00e9ges csontok fenntart\u00e1s\u00e1ban.","robots":{"index":"index","follow":"follow","max-snippet":"max-snippet:-1","max-image-preview":"max-image-preview:large","max-video-preview":"max-video-preview:-1"},"canonical":"https:\/\/herbastore.sk\/hu\/termekek\/feherje-kiegeszitok\/formula-3-feherje-kiegeszito\/","og_locale":"hu_HU","og_type":"article","og_title":"Herbalife Formula 3 feh\u00e9rje kieg\u00e9sz\u00edt\u0151 240 g - herbastore","og_description":"A Herbalife Formula 3 por feh\u00e9rje kieg\u00e9sz\u00edt\u0151je gazdag feh\u00e9rjeforr\u00e1s. Seg\u00edt a zs\u00edrmentes izomt\u00f6meg kialak\u00edt\u00e1s\u00e1ban \u00e9s az eg\u00e9szs\u00e9ges csontok fenntart\u00e1s\u00e1ban.","og_url":"https:\/\/herbastore.sk\/hu\/termekek\/feherje-kiegeszitok\/formula-3-feherje-kiegeszito\/","og_site_name":"herbastore","article_publisher":"https:\/\/www.facebook.com\/herbastoresk\/","article_modified_time":"2025-03-14T15:46:41+00:00","og_image":[{"width":534,"height":800,"url":"https:\/\/herbastore.sk\/wp-content\/uploads\/2025\/02\/formula-3-szemelyre-szabott-feherje-koncentratum.jpg","type":"image\/jpeg"}],"twitter_card":"summary_large_image","twitter_misc":{"Becs\u00fclt olvas\u00e1si id\u0151":"2 perc"},"schema":{"@context":"https:\/\/schema.org","@graph":[{"@type":"WebPage","@id":"https:\/\/herbastore.sk\/hu\/termekek\/feherje-kiegeszitok\/formula-3-feherje-kiegeszito\/","url":"https:\/\/herbastore.sk\/hu\/termekek\/feherje-kiegeszitok\/formula-3-feherje-kiegeszito\/","name":"Herbalife Formula 3 feh\u00e9rje kieg\u00e9sz\u00edt\u0151 240 g - herbastore","isPartOf":{"@id":"https:\/\/herbastore.sk\/hu\/#website"},"primaryImageOfPage":{"@id":"https:\/\/herbastore.sk\/hu\/termekek\/feherje-kiegeszitok\/formula-3-feherje-kiegeszito\/#primaryimage"},"image":{"@id":"https:\/\/herbastore.sk\/hu\/termekek\/feherje-kiegeszitok\/formula-3-feherje-kiegeszito\/#primaryimage"},"thumbnailUrl":"https:\/\/herbastore.sk\/wp-content\/uploads\/2025\/02\/formula-3-szemelyre-szabott-feherje-koncentratum.jpg","datePublished":"2025-03-14T15:46:40+00:00","dateModified":"2025-03-14T15:46:41+00:00","description":"A Herbalife Formula 3 por feh\u00e9rje kieg\u00e9sz\u00edt\u0151je gazdag feh\u00e9rjeforr\u00e1s. Seg\u00edt a zs\u00edrmentes izomt\u00f6meg kialak\u00edt\u00e1s\u00e1ban \u00e9s az eg\u00e9szs\u00e9ges csontok fenntart\u00e1s\u00e1ban.","breadcrumb":{"@id":"https:\/\/herbastore.sk\/hu\/termekek\/feherje-kiegeszitok\/formula-3-feherje-kiegeszito\/#breadcrumb"},"inLanguage":"hu","potentialAction":[{"@type":"ReadAction","target":["https:\/\/herbastore.sk\/hu\/termekek\/feherje-kiegeszitok\/formula-3-feherje-kiegeszito\/"]}]},{"@type":"ImageObject","inLanguage":"hu","@id":"https:\/\/herbastore.sk\/hu\/termekek\/feherje-kiegeszitok\/formula-3-feherje-kiegeszito\/#primaryimage","url":"https:\/\/herbastore.sk\/wp-content\/uploads\/2025\/02\/formula-3-szemelyre-szabott-feherje-koncentratum.jpg","contentUrl":"https:\/\/herbastore.sk\/wp-content\/uploads\/2025\/02\/formula-3-szemelyre-szabott-feherje-koncentratum.jpg","width":534,"height":800,"caption":"Formula 3 Szem\u00e9lyre szabott feh\u00e9rje-koncentr\u00e1tum"},{"@type":"BreadcrumbList","@id":"https:\/\/herbastore.sk\/hu\/termekek\/feherje-kiegeszitok\/formula-3-feherje-kiegeszito\/#breadcrumb","itemListElement":[{"@type":"ListItem","position":1,"name":"Home","item":"https:\/\/herbastore.sk\/hu\/"},{"@type":"ListItem","position":2,"name":"Term\u00e9kek","item":"https:\/\/herbastore.sk\/hu\/termekek\/"},{"@type":"ListItem","position":3,"name":"Formula 3 feh\u00e9rje kieg\u00e9sz\u00edt\u0151"}]},{"@type":"WebSite","@id":"https:\/\/herbastore.sk\/hu\/#website","url":"https:\/\/herbastore.sk\/hu\/","name":"herbastore","description":"Produkty Herbalife z pohodlia v\u00e1\u0161ho domova","publisher":{"@id":"https:\/\/herbastore.sk\/hu\/#organization"},"potentialAction":[{"@type":"SearchAction","target":{"@type":"EntryPoint","urlTemplate":"https:\/\/herbastore.sk\/hu\/?s={search_term_string}"},"query-input":{"@type":"PropertyValueSpecification","valueRequired":true,"valueName":"search_term_string"}}],"inLanguage":"hu"},{"@type":"Organization","@id":"https:\/\/herbastore.sk\/hu\/#organization","name":"herbastore.sk","url":"https:\/\/herbastore.sk\/hu\/","logo":{"@type":"ImageObject","inLanguage":"hu","@id":"https:\/\/herbastore.sk\/hu\/#\/schema\/logo\/image\/","url":"https:\/\/herbastore.sk\/wp-content\/uploads\/2018\/11\/herbastore-ikona.png","contentUrl":"https:\/\/herbastore.sk\/wp-content\/uploads\/2018\/11\/herbastore-ikona.png","width":512,"height":512,"caption":"herbastore.sk"},"image":{"@id":"https:\/\/herbastore.sk\/hu\/#\/schema\/logo\/image\/"},"sameAs":["https:\/\/www.facebook.com\/herbastoresk\/","https:\/\/www.instagram.com\/herbastore.sk\/"]}]}},"_links":{"self":[{"href":"https:\/\/herbastore.sk\/hu\/wp-json\/wp\/v2\/product\/28925","targetHints":{"allow":["GET"]}}],"collection":[{"href":"https:\/\/herbastore.sk\/hu\/wp-json\/wp\/v2\/product"}],"about":[{"href":"https:\/\/herbastore.sk\/hu\/wp-json\/wp\/v2\/types\/product"}],"replies":[{"embeddable":true,"href":"https:\/\/herbastore.sk\/hu\/wp-json\/wp\/v2\/comments?post=28925"}],"wp:featuredmedia":[{"embeddable":true,"href":"https:\/\/herbastore.sk\/hu\/wp-json\/wp\/v2\/media\/23116"}],"wp:attachment":[{"href":"https:\/\/herbastore.sk\/hu\/wp-json\/wp\/v2\/media?parent=28925"}],"wp:term":[{"taxonomy":"product_brand","embeddable":true,"href":"https:\/\/herbastore.sk\/hu\/wp-json\/wp\/v2\/product_brand?post=28925"},{"taxonomy":"product_cat","embeddable":true,"href":"https:\/\/herbastore.sk\/hu\/wp-json\/wp\/v2\/product_cat?post=28925"},{"taxonomy":"product_tag","embeddable":true,"href":"https:\/\/herbastore.sk\/hu\/wp-json\/wp\/v2\/product_tag?post=28925"}],"curies":[{"name":"wp","href":"https:\/\/api.w.org\/{rel}","templated":true}]}}