{"id":28921,"date":"2019-03-12T20:42:10","date_gmt":"2025-03-14T15:37:11","guid":{"rendered":"https:\/\/herbastore.sk\/produkty\/nem-kategorizalt\/beta-heart\/"},"modified":"2025-03-14T16:37:13","modified_gmt":"2025-03-14T15:37:13","slug":"beta-heart","status":"publish","type":"product","link":"https:\/\/herbastore.sk\/hu\/termekek\/celzott-taplalkozas\/beta-heart\/","title":{"rendered":"Beta heart"},"content":{"rendered":"<h2>Milyen el\u0151ny\u00f6kkel j\u00e1r a Beta heart?<\/h2>\n<p>Az \u00e9letm\u00f3d \u00f3ri\u00e1si szerepet j\u00e1tszik a magas koleszterinszintben, kort\u00f3l f\u00fcggetlen\u00fcl. Vegye saj\u00e1t kez\u00e9be eg\u00e9szs\u00e9g\u00e9t 3 egyszer\u0171 l\u00e9p\u00e9sben. <\/p>\n<h4><strong>1. l\u00e9p\u00e9s: Megfelel\u0151 \u00e9tkez\u00e9s:<\/strong><\/h4>\n<p>Cs\u00f6kkentse a transz- \u00e9s tel\u00edtett zs\u00edrsavak bevitel\u00e9t az \u00e9trend egyszer\u0171 m\u00f3dos\u00edt\u00e1s\u00e1val:<\/p>\n<ul>\n<li>N\u00f6v\u00e9nyi olajok, p\u00e9ld\u00e1ul ol\u00edvaolaj \u00e1llati zs\u00edrok, pl. vaj helyett <\/li>\n<li>Zs\u00edros hal vagy sov\u00e1ny baromfi feldolgozott vagy v\u00f6r\u00f6s h\u00fas helyett<\/li>\n<li>Di\u00f3f\u00e9l\u00e9k, magvak \u00e9s sz\u00f3jabab feldolgozott snackek, p\u00e9ld\u00e1ul burgonyachips helyett <\/li>\n<\/ul>\n<h4><strong>2. l\u00e9p\u00e9s: Mozg\u00e1sba lend\u00fcl\u00e9s:<\/strong><\/h4>\n<p>A mozg\u00e1s seg\u00edt n\u00f6velni a \u201ej\u00f3\u201d koleszterin (HDL) szintj\u00e9t a v\u00e9rben. Serkenti a elfogyasztott zs\u00edrok tov\u00e1bb\u00edt\u00e1s\u00e1t a m\u00e1jba, ami seg\u00edt meg\u0151rizni a sz\u00edv \u00e9s az erek j\u00f3 \u00e1llapot\u00e1t.<br \/>\nCsak heti 150 perc k\u00f6zepes intenzit\u00e1s\u00fa edz\u00e9sre van <strong>sz\u00fcks\u00e9ge*<\/strong> \u2013 pr\u00f3b\u00e1ljon ki napi 30 percet, a h\u00e9t 5 napj\u00e1n! A doh\u00e1nyz\u00e1sr\u00f3l val\u00f3 leszok\u00e1s szint\u00e9n d\u00f6nt\u0151 l\u00e9p\u00e9s a koleszterinszint cs\u00f6kkent\u00e9s\u00e9ben.  <\/p>\n<h4><strong>3. l\u00e9p\u00e9s: Jav\u00edtsa \u00e9trendj\u00e9t:<\/strong><\/h4>\n<p>Magas rost- \u00e9s feh\u00e9rjetartalma mellett egy mer\u0151kan\u00e1lnyi Beta heart1,5 g b\u00e9ta-gl\u00fck\u00e1nt tartalmaz, amely \u00e1ltal\u00e1ban megtal\u00e1lhat\u00f3 a zabkorp\u00e1ban, \u00e9s seg\u00edt cs\u00f6kkenteni vagy fenntartani a koleszterinszintet.**<strong>**<\/strong><\/p>\n<p><strong>*<\/strong> NHS (Nemzeti Eg\u00e9szs\u00e9g\u00fcgyi Szolg\u00e1lat) aj\u00e1nl\u00e1sai: Magas koleszterinszint &#8211; megel\u0151z\u00e9s. Kiadva: 2013.08.16.   <\/p>\n<p><strong>**<\/strong> A zab-b\u00e9ta-gl\u00fck\u00e1nokr\u00f3l kimutatt\u00e1k, hogy jelent\u0151sen cs\u00f6kkentik a v\u00e9r koleszterinszintj\u00e9t. A magas koleszterinszint a sz\u00edvkoszor\u00fa\u00e9r-betegs\u00e9g kialakul\u00e1s\u00e1nak kock\u00e1zati t\u00e9nyez\u0151je. A b\u00e9ta-gl\u00fck\u00e1n hozz\u00e1j\u00e1rul a norm\u00e1l koleszterinszint fenntart\u00e1s\u00e1hoz. A sz\u00edvkoszor\u00fa\u00e9r-betegs\u00e9gnek sz\u00e1mos kock\u00e1zati t\u00e9nyez\u0151je van, \u00e9s ezen kock\u00e1zati t\u00e9nyez\u0151k egyik\u00e9nek kiigaz\u00edt\u00e1sa pozit\u00edv hat\u00e1ssal lehet.   <\/p>\n<h2>Hat\u00e1sok \u00e9s funkci\u00f3k<\/h2>\n<div class=\"row\"  id=\"row-1548109334\">\n\n\t<div id=\"col-1183486464\" class=\"col medium-1\/2 large-6\"  >\n\t\t\t\t<div class=\"col-inner\"  >\n\t\t\t\n\t\t\t\n<ul>\n<li class=\"bullet-checkmark\">3 g zab-b\u00e9ta-gl\u00fck\u00e1n seg\u00edt cs\u00f6kkenteni a koleszterinszintet (2 mer\u0151kan\u00e1lnyi)<\/li>\n<li class=\"bullet-checkmark\">1,5 g zab-b\u00e9ta-gl\u00fck\u00e1n seg\u00edt fenntartani a koleszterinszintet (1 mer\u0151kan\u00e1lnyi)<\/li>\n<li class=\"bullet-checkmark\">Magas rosttartalom<\/li>\n<li class=\"bullet-checkmark\">Cukormentes<\/li>\n<\/ul>\n\t\t<\/div>\n\t\t\t\t\t<\/div>\n\n\t\n\n\t<div id=\"col-2023983160\" class=\"col medium-1\/2 large-6\"  >\n\t\t\t\t<div class=\"col-inner\"  >\n\t\t\t\n\t\t\t\n<ul>\n<li class=\"bullet-checkmark\">Nem tartalmaz mesters\u00e9ges \u00e9des\u00edt\u0151szert<\/li>\n<li class=\"bullet-checkmark\">Feh\u00e9rje forr\u00e1s<\/li>\n<li class=\"bullet-checkmark\">25 kcal adagonk\u00e9nt<\/li>\n<li class=\"bullet-checkmark\">A pozit\u00edv hat\u00e1s 3 g zab-b\u00e9ta-gl\u00fck\u00e1n napi bevitel\u00e9vel \u00e9rhet\u0151 el<\/li>\n<\/ul>\n\t\t<\/div>\n\t\t\t\t\t<\/div>\n\n\t\n<\/div>\n<h2>Adagol\u00e1s<\/h2>\n<p>Egyszer\u0171en keverjen \u00f6ssze 1 vagy 2 mer\u0151kan\u00e1lnyi Beta heart-ot v\u00edzzel, gy\u00fcm\u00f6lcsl\u00e9vel, vagy naponta egyszer adja hozz\u00e1 kedvenc <a href=\"https:\/\/herbastore.sk\/produkty\/vyvazene-jedlo\/formula-1-koktail\/\">Forma-1-es kokt\u00e9lj\u00e1hoz<\/a>. A kedvez\u0151 hat\u00e1s 3 g zab-b\u00e9ta-gl\u00fck\u00e1n bevitel\u00e9vel \u00e9rhet\u0151 el <\/p>\n<p><a href=\"https:\/\/herbastore.sk\/wp-content\/uploads\/2025\/03\/beta-heart-vanilia-229g-0267.jpg\"><img decoding=\"async\" class=\"aligncenter wp-image-2957 size-full\" src=\"https:\/\/herbastore.sk\/wp-content\/uploads\/2025\/03\/beta-heart-vanilia-229g-0267.jpg\" alt=\"Herbalife Beta heart t\u00e1p\u00e9rt\u00e9k\" width=\"600\" height=\"auto\"><\/a><\/p>\n<p style=\"text-align: center;\"><em>T\u00e1p\u00e9rt\u00e9k &#8211; Herbalife Beta heart<\/em><\/p>\n","protected":false},"excerpt":{"rendered":"<p>229 g<\/p>\n<div class=\"is-divider divider clearfix\" ><\/div>\n<p>A Herbalife Beta heart egy van\u00edlia \u00edz\u0171 \u00e9trend-kieg\u00e9sz\u00edt\u0151, amely OatWell\u2122 zab-b\u00e9ta-gl\u00fck\u00e1nt tartalmaz. Tudom\u00e1nyosan bizony\u00edtott, hogy a zab-b\u00e9ta-gl\u00fck\u00e1nok jelent\u0151sen cs\u00f6kkentik a v\u00e9r koleszterinszintj\u00e9t. A magas koleszterinszint a sz\u00edvkoszor\u00fa\u00e9r-betegs\u00e9g kialakul\u00e1s\u00e1nak kock\u00e1zati t\u00e9nyez\u0151je. A b\u00e9ta-gl\u00fck\u00e1n hozz\u00e1j\u00e1rul a norm\u00e1l koleszterinszint fenntart\u00e1s\u00e1hoz.   <\/p>\n","protected":false},"featured_media":28475,"comment_status":"open","ping_status":"closed","template":"","meta":{"inline_featured_image":false},"product_brand":[],"product_cat":[379],"product_tag":[392,390],"class_list":{"0":"post-28921","1":"product","2":"type-product","3":"status-publish","4":"has-post-thumbnail","6":"product_cat-celzott-taplalkozas","7":"product_tag-emesztorendszer-helyes-mukodese","8":"product_tag-magas-koleszterin","10":"first","11":"instock","12":"taxable","13":"shipping-taxable","14":"purchasable","15":"product-type-simple"},"yoast_head":"<!-- This site is optimized with the Yoast SEO plugin v26.8 - https:\/\/yoast.com\/product\/yoast-seo-wordpress\/ -->\n<title>Herbalife Beta heart 229 g - herbastore<\/title>\n<meta name=\"description\" content=\"A Beta heart egy cukormentes \u00e9s magas rosttartalm\u00fa \u00e9trend-kieg\u00e9sz\u00edt\u0151, amely Oatwell zab b\u00e9ta-gl\u00fck\u00e1nt tartalmaz. Seg\u00edt cs\u00f6kkenteni a v\u00e9r koleszterinszintj\u00e9t.\" \/>\n<meta name=\"robots\" content=\"index, follow, max-snippet:-1, max-image-preview:large, max-video-preview:-1\" \/>\n<link rel=\"canonical\" href=\"https:\/\/herbastore.sk\/hu\/termekek\/celzott-taplalkozas\/beta-heart\/\" \/>\n<meta property=\"og:locale\" content=\"hu_HU\" \/>\n<meta property=\"og:type\" content=\"article\" \/>\n<meta property=\"og:title\" content=\"Herbalife Beta heart 229 g - herbastore\" \/>\n<meta property=\"og:description\" content=\"A Beta heart egy cukormentes \u00e9s magas rosttartalm\u00fa \u00e9trend-kieg\u00e9sz\u00edt\u0151, amely Oatwell zab b\u00e9ta-gl\u00fck\u00e1nt tartalmaz. Seg\u00edt cs\u00f6kkenteni a v\u00e9r koleszterinszintj\u00e9t.\" \/>\n<meta property=\"og:url\" content=\"https:\/\/herbastore.sk\/hu\/termekek\/celzott-taplalkozas\/beta-heart\/\" \/>\n<meta property=\"og:site_name\" content=\"herbastore\" \/>\n<meta property=\"article:publisher\" content=\"https:\/\/www.facebook.com\/herbastoresk\/\" \/>\n<meta property=\"article:modified_time\" content=\"2025-03-14T15:37:13+00:00\" \/>\n<meta property=\"og:image\" content=\"https:\/\/herbastore.sk\/wp-content\/uploads\/2025\/02\/beta-heart-vanilia-229g.jpg\" \/>\n\t<meta property=\"og:image:width\" content=\"534\" \/>\n\t<meta property=\"og:image:height\" content=\"800\" \/>\n\t<meta property=\"og:image:type\" content=\"image\/jpeg\" \/>\n<meta name=\"twitter:card\" content=\"summary_large_image\" \/>\n<meta name=\"twitter:label1\" content=\"Becs\u00fclt olvas\u00e1si id\u0151\" \/>\n\t<meta name=\"twitter:data1\" content=\"2 perc\" \/>\n<script type=\"application\/ld+json\" class=\"yoast-schema-graph\">{\"@context\":\"https:\/\/schema.org\",\"@graph\":[{\"@type\":\"WebPage\",\"@id\":\"https:\/\/herbastore.sk\/hu\/termekek\/celzott-taplalkozas\/beta-heart\/\",\"url\":\"https:\/\/herbastore.sk\/hu\/termekek\/celzott-taplalkozas\/beta-heart\/\",\"name\":\"Herbalife Beta heart 229 g - herbastore\",\"isPartOf\":{\"@id\":\"https:\/\/herbastore.sk\/hu\/#website\"},\"primaryImageOfPage\":{\"@id\":\"https:\/\/herbastore.sk\/hu\/termekek\/celzott-taplalkozas\/beta-heart\/#primaryimage\"},\"image\":{\"@id\":\"https:\/\/herbastore.sk\/hu\/termekek\/celzott-taplalkozas\/beta-heart\/#primaryimage\"},\"thumbnailUrl\":\"https:\/\/herbastore.sk\/wp-content\/uploads\/2025\/02\/beta-heart-vanilia-229g.jpg\",\"datePublished\":\"2025-03-14T15:37:11+00:00\",\"dateModified\":\"2025-03-14T15:37:13+00:00\",\"description\":\"A Beta heart egy cukormentes \u00e9s magas rosttartalm\u00fa \u00e9trend-kieg\u00e9sz\u00edt\u0151, amely Oatwell zab b\u00e9ta-gl\u00fck\u00e1nt tartalmaz. Seg\u00edt cs\u00f6kkenteni a v\u00e9r koleszterinszintj\u00e9t.\",\"breadcrumb\":{\"@id\":\"https:\/\/herbastore.sk\/hu\/termekek\/celzott-taplalkozas\/beta-heart\/#breadcrumb\"},\"inLanguage\":\"hu\",\"potentialAction\":[{\"@type\":\"ReadAction\",\"target\":[\"https:\/\/herbastore.sk\/hu\/termekek\/celzott-taplalkozas\/beta-heart\/\"]}]},{\"@type\":\"ImageObject\",\"inLanguage\":\"hu\",\"@id\":\"https:\/\/herbastore.sk\/hu\/termekek\/celzott-taplalkozas\/beta-heart\/#primaryimage\",\"url\":\"https:\/\/herbastore.sk\/wp-content\/uploads\/2025\/02\/beta-heart-vanilia-229g.jpg\",\"contentUrl\":\"https:\/\/herbastore.sk\/wp-content\/uploads\/2025\/02\/beta-heart-vanilia-229g.jpg\",\"width\":534,\"height\":800,\"caption\":\"Herbalife Beta heart\"},{\"@type\":\"BreadcrumbList\",\"@id\":\"https:\/\/herbastore.sk\/hu\/termekek\/celzott-taplalkozas\/beta-heart\/#breadcrumb\",\"itemListElement\":[{\"@type\":\"ListItem\",\"position\":1,\"name\":\"Home\",\"item\":\"https:\/\/herbastore.sk\/hu\/\"},{\"@type\":\"ListItem\",\"position\":2,\"name\":\"Term\u00e9kek\",\"item\":\"https:\/\/herbastore.sk\/hu\/termekek\/\"},{\"@type\":\"ListItem\",\"position\":3,\"name\":\"Beta heart\"}]},{\"@type\":\"WebSite\",\"@id\":\"https:\/\/herbastore.sk\/hu\/#website\",\"url\":\"https:\/\/herbastore.sk\/hu\/\",\"name\":\"herbastore\",\"description\":\"Produkty Herbalife z pohodlia v\u00e1\u0161ho domova\",\"publisher\":{\"@id\":\"https:\/\/herbastore.sk\/hu\/#organization\"},\"potentialAction\":[{\"@type\":\"SearchAction\",\"target\":{\"@type\":\"EntryPoint\",\"urlTemplate\":\"https:\/\/herbastore.sk\/hu\/?s={search_term_string}\"},\"query-input\":{\"@type\":\"PropertyValueSpecification\",\"valueRequired\":true,\"valueName\":\"search_term_string\"}}],\"inLanguage\":\"hu\"},{\"@type\":\"Organization\",\"@id\":\"https:\/\/herbastore.sk\/hu\/#organization\",\"name\":\"herbastore.sk\",\"url\":\"https:\/\/herbastore.sk\/hu\/\",\"logo\":{\"@type\":\"ImageObject\",\"inLanguage\":\"hu\",\"@id\":\"https:\/\/herbastore.sk\/hu\/#\/schema\/logo\/image\/\",\"url\":\"https:\/\/herbastore.sk\/wp-content\/uploads\/2018\/11\/herbastore-ikona.png\",\"contentUrl\":\"https:\/\/herbastore.sk\/wp-content\/uploads\/2018\/11\/herbastore-ikona.png\",\"width\":512,\"height\":512,\"caption\":\"herbastore.sk\"},\"image\":{\"@id\":\"https:\/\/herbastore.sk\/hu\/#\/schema\/logo\/image\/\"},\"sameAs\":[\"https:\/\/www.facebook.com\/herbastoresk\/\",\"https:\/\/www.instagram.com\/herbastore.sk\/\"]}]}<\/script>\n<!-- \/ Yoast SEO plugin. -->","yoast_head_json":{"title":"Herbalife Beta heart 229 g - herbastore","description":"A Beta heart egy cukormentes \u00e9s magas rosttartalm\u00fa \u00e9trend-kieg\u00e9sz\u00edt\u0151, amely Oatwell zab b\u00e9ta-gl\u00fck\u00e1nt tartalmaz. Seg\u00edt cs\u00f6kkenteni a v\u00e9r koleszterinszintj\u00e9t.","robots":{"index":"index","follow":"follow","max-snippet":"max-snippet:-1","max-image-preview":"max-image-preview:large","max-video-preview":"max-video-preview:-1"},"canonical":"https:\/\/herbastore.sk\/hu\/termekek\/celzott-taplalkozas\/beta-heart\/","og_locale":"hu_HU","og_type":"article","og_title":"Herbalife Beta heart 229 g - herbastore","og_description":"A Beta heart egy cukormentes \u00e9s magas rosttartalm\u00fa \u00e9trend-kieg\u00e9sz\u00edt\u0151, amely Oatwell zab b\u00e9ta-gl\u00fck\u00e1nt tartalmaz. Seg\u00edt cs\u00f6kkenteni a v\u00e9r koleszterinszintj\u00e9t.","og_url":"https:\/\/herbastore.sk\/hu\/termekek\/celzott-taplalkozas\/beta-heart\/","og_site_name":"herbastore","article_publisher":"https:\/\/www.facebook.com\/herbastoresk\/","article_modified_time":"2025-03-14T15:37:13+00:00","og_image":[{"width":534,"height":800,"url":"https:\/\/herbastore.sk\/wp-content\/uploads\/2025\/02\/beta-heart-vanilia-229g.jpg","type":"image\/jpeg"}],"twitter_card":"summary_large_image","twitter_misc":{"Becs\u00fclt olvas\u00e1si id\u0151":"2 perc"},"schema":{"@context":"https:\/\/schema.org","@graph":[{"@type":"WebPage","@id":"https:\/\/herbastore.sk\/hu\/termekek\/celzott-taplalkozas\/beta-heart\/","url":"https:\/\/herbastore.sk\/hu\/termekek\/celzott-taplalkozas\/beta-heart\/","name":"Herbalife Beta heart 229 g - herbastore","isPartOf":{"@id":"https:\/\/herbastore.sk\/hu\/#website"},"primaryImageOfPage":{"@id":"https:\/\/herbastore.sk\/hu\/termekek\/celzott-taplalkozas\/beta-heart\/#primaryimage"},"image":{"@id":"https:\/\/herbastore.sk\/hu\/termekek\/celzott-taplalkozas\/beta-heart\/#primaryimage"},"thumbnailUrl":"https:\/\/herbastore.sk\/wp-content\/uploads\/2025\/02\/beta-heart-vanilia-229g.jpg","datePublished":"2025-03-14T15:37:11+00:00","dateModified":"2025-03-14T15:37:13+00:00","description":"A Beta heart egy cukormentes \u00e9s magas rosttartalm\u00fa \u00e9trend-kieg\u00e9sz\u00edt\u0151, amely Oatwell zab b\u00e9ta-gl\u00fck\u00e1nt tartalmaz. Seg\u00edt cs\u00f6kkenteni a v\u00e9r koleszterinszintj\u00e9t.","breadcrumb":{"@id":"https:\/\/herbastore.sk\/hu\/termekek\/celzott-taplalkozas\/beta-heart\/#breadcrumb"},"inLanguage":"hu","potentialAction":[{"@type":"ReadAction","target":["https:\/\/herbastore.sk\/hu\/termekek\/celzott-taplalkozas\/beta-heart\/"]}]},{"@type":"ImageObject","inLanguage":"hu","@id":"https:\/\/herbastore.sk\/hu\/termekek\/celzott-taplalkozas\/beta-heart\/#primaryimage","url":"https:\/\/herbastore.sk\/wp-content\/uploads\/2025\/02\/beta-heart-vanilia-229g.jpg","contentUrl":"https:\/\/herbastore.sk\/wp-content\/uploads\/2025\/02\/beta-heart-vanilia-229g.jpg","width":534,"height":800,"caption":"Herbalife Beta heart"},{"@type":"BreadcrumbList","@id":"https:\/\/herbastore.sk\/hu\/termekek\/celzott-taplalkozas\/beta-heart\/#breadcrumb","itemListElement":[{"@type":"ListItem","position":1,"name":"Home","item":"https:\/\/herbastore.sk\/hu\/"},{"@type":"ListItem","position":2,"name":"Term\u00e9kek","item":"https:\/\/herbastore.sk\/hu\/termekek\/"},{"@type":"ListItem","position":3,"name":"Beta heart"}]},{"@type":"WebSite","@id":"https:\/\/herbastore.sk\/hu\/#website","url":"https:\/\/herbastore.sk\/hu\/","name":"herbastore","description":"Produkty Herbalife z pohodlia v\u00e1\u0161ho domova","publisher":{"@id":"https:\/\/herbastore.sk\/hu\/#organization"},"potentialAction":[{"@type":"SearchAction","target":{"@type":"EntryPoint","urlTemplate":"https:\/\/herbastore.sk\/hu\/?s={search_term_string}"},"query-input":{"@type":"PropertyValueSpecification","valueRequired":true,"valueName":"search_term_string"}}],"inLanguage":"hu"},{"@type":"Organization","@id":"https:\/\/herbastore.sk\/hu\/#organization","name":"herbastore.sk","url":"https:\/\/herbastore.sk\/hu\/","logo":{"@type":"ImageObject","inLanguage":"hu","@id":"https:\/\/herbastore.sk\/hu\/#\/schema\/logo\/image\/","url":"https:\/\/herbastore.sk\/wp-content\/uploads\/2018\/11\/herbastore-ikona.png","contentUrl":"https:\/\/herbastore.sk\/wp-content\/uploads\/2018\/11\/herbastore-ikona.png","width":512,"height":512,"caption":"herbastore.sk"},"image":{"@id":"https:\/\/herbastore.sk\/hu\/#\/schema\/logo\/image\/"},"sameAs":["https:\/\/www.facebook.com\/herbastoresk\/","https:\/\/www.instagram.com\/herbastore.sk\/"]}]}},"_links":{"self":[{"href":"https:\/\/herbastore.sk\/hu\/wp-json\/wp\/v2\/product\/28921","targetHints":{"allow":["GET"]}}],"collection":[{"href":"https:\/\/herbastore.sk\/hu\/wp-json\/wp\/v2\/product"}],"about":[{"href":"https:\/\/herbastore.sk\/hu\/wp-json\/wp\/v2\/types\/product"}],"replies":[{"embeddable":true,"href":"https:\/\/herbastore.sk\/hu\/wp-json\/wp\/v2\/comments?post=28921"}],"wp:featuredmedia":[{"embeddable":true,"href":"https:\/\/herbastore.sk\/hu\/wp-json\/wp\/v2\/media\/28475"}],"wp:attachment":[{"href":"https:\/\/herbastore.sk\/hu\/wp-json\/wp\/v2\/media?parent=28921"}],"wp:term":[{"taxonomy":"product_brand","embeddable":true,"href":"https:\/\/herbastore.sk\/hu\/wp-json\/wp\/v2\/product_brand?post=28921"},{"taxonomy":"product_cat","embeddable":true,"href":"https:\/\/herbastore.sk\/hu\/wp-json\/wp\/v2\/product_cat?post=28921"},{"taxonomy":"product_tag","embeddable":true,"href":"https:\/\/herbastore.sk\/hu\/wp-json\/wp\/v2\/product_tag?post=28921"}],"curies":[{"name":"wp","href":"https:\/\/api.w.org\/{rel}","templated":true}]}}