{"id":28846,"date":"2018-10-06T11:39:20","date_gmt":"2025-03-09T20:05:39","guid":{"rendered":"https:\/\/herbastore.sk\/produkty\/nem-kategorizalt\/formula-2-vitamin-es-asvanyi-komplex-noknek\/"},"modified":"2026-01-26T15:49:51","modified_gmt":"2026-01-26T14:49:51","slug":"formula-2-vitamin-es-asvanyi-komplex-noknek","status":"publish","type":"product","link":"https:\/\/herbastore.sk\/hu\/termekek\/vitaminok-es-asvanyi-anyagok\/formula-2-vitamin-es-asvanyi-komplex-noknek\/","title":{"rendered":"Formula 2 n\u0151k sz\u00e1m\u00e1ra"},"content":{"rendered":"<h2>Milyen el\u0151ny\u00f6kkel j\u00e1r?<\/h2>\n<p>Fedezze fel a Formula 2 vitamin \u00e9s \u00e1sv\u00e1nyi anyagok komplex k\u00e9sz\u00edtm\u00e9ny\u00e9t, amely egyszer\u0171 m\u00f3dja annak, hogy hozz\u00e1jusson a szervezet sz\u00e1m\u00e1ra sz\u00fcks\u00e9ges 24 t\u00e1panyaghoz. Alapvet\u0151 vitaminokat \u00e9s \u00e1sv\u00e1nyi anyagokat tartalmaz a megfelel\u0151 mennyis\u00e9gben, hogy t\u00e1pl\u00e1lja \u00e9s gondoskodjon a n\u0151k speci\u00e1lis eg\u00e9szs\u00e9g\u00fcgyi ig\u00e9nyeir\u0151l.<\/p>\n<h2>F\u0151 el\u0151nyei<\/h2>\n<div class=\"row\"  id=\"row-627419175\">\n\n\t<div id=\"col-481678096\" class=\"col medium-1\/2 large-6\"  >\n\t\t\t\t<div class=\"col-inner\"  >\n\t\t\t\n\t\t\t\n<ul>\n<li class=\"bullet-checkmark\">A n\u0151k egy\u00e9ni eg\u00e9szs\u00e9g\u00fcgyi ig\u00e9nyeihez igazodik<\/li>\n<li class=\"bullet-checkmark\">Optim\u00e1lis mennyis\u00e9get biztos\u00edt 24 kulcsfontoss\u00e1g\u00fa t\u00e1panyagb\u00f3l, amelyekre a szervezetnek sz\u00fcks\u00e9ge van<\/li>\n<li class=\"bullet-checkmark\">Kalciumot tartalmaz, amely sz\u00fcks\u00e9ges a csontok eg\u00e9szs\u00e9g\u00e9hez<\/li>\n<li class=\"bullet-checkmark\">T\u00e1pl\u00e1lkoz\u00e1si szakemberek fejlesztett\u00e9k ki \u00e9s bizony\u00edtott tudom\u00e1nyos kutat\u00e1sok t\u00e1masztj\u00e1k al\u00e1 hat\u00e1sait<\/li>\n<li class=\"bullet-checkmark\">\u00dagy tervezt\u00fck, hogy a kedvenc <a href=\"https:\/\/herbastore.sk\/produkty\/vyvazene-jedlo\/formula-1-koktail\/\">Forma-1-es kokt\u00e9llall<\/a> egy\u00fctt fogyaszthat\u00f3 legyen<\/li>\n<\/ul>\n\t\t<\/div>\n\t\t\t\t\t<\/div>\n\n\t\n\n\t<div id=\"col-732073151\" class=\"col medium-1\/2 large-6\"  >\n\t\t\t\t<div class=\"col-inner\"  >\n\t\t\t\n\t\t\t\n<ul>\n<li class=\"bullet-checkmark\">B6-vitamint tartalmaz, amely hozz\u00e1j\u00e1rul a hormon\u00e1lis aktivit\u00e1s szab\u00e1lyoz\u00e1s\u00e1hoz<\/li>\n<li class=\"bullet-checkmark\">B12-vitamint tartalmaz, amely hozz\u00e1j\u00e1rul a norm\u00e1l energia-anyagcser\u00e9hez<\/li>\n<li class=\"bullet-checkmark\">71, az EU sz\u00e1m\u00e1ra j\u00f3v\u00e1hagyott egy\u00e9ni k\u00e9relmet mutat be<\/li>\n<li class=\"bullet-checkmark\">Cinket tartalmaz, amely hozz\u00e1j\u00e1rul a b\u0151r, a haj \u00e9s a k\u00f6rm\u00f6k eg\u00e9szs\u00e9g\u00e9nek meg\u0151rz\u00e9s\u00e9hez<\/li>\n<li class=\"bullet-checkmark\">Nem tartalmaz tart\u00f3s\u00edt\u00f3szert<\/li>\n<\/ul>\n\t\t<\/div>\n\t\t\t\t\t<\/div>\n\n\t\n<\/div>\n<h4>Mi\u00e9rt fontos rendszeresen szedni a multivitamin kieg\u00e9sz\u00edt\u0151t?<\/h4>\n<p>A mikrot\u00e1panyagok fontos szerepet j\u00e1tszanak test\u00fcnk folyamatainak szab\u00e1lyoz\u00e1s\u00e1ban, amelyekbefoly\u00e1solhatj\u00e1k eg\u00e9szs\u00e9g\u00fcnket \u00e9s pszich\u00e9nket. Mivel sokan nem k\u00f6vetik a mikrot\u00e1panyagok napi fogyaszt\u00e1s\u00e1ra vonatkoz\u00f3 aj\u00e1nl\u00e1sokat, a napi multivitamin-kieg\u00e9sz\u00edt\u0151 megfelel a mikrot\u00e1panyag-k\u00f6vetelm\u00e9nyeknek.<\/p>\n<h4>Mi\u00e9rt fontos rendszeresen szedni a multivitamin kieg\u00e9sz\u00edt\u0151t?<\/h4>\n<p>A testm\u00e9ret, az anyagcsere \u00e9s a fiziol\u00f3gia k\u00fcl\u00f6nbs\u00e9gei miatt a f\u00e9rfiaknak \u00e9s a n\u0151knek k\u00fcl\u00f6nb\u00f6z\u0151 szint\u0171 vitaminokra \u00e9s \u00e1sv\u00e1nyi anyagokra van sz\u00fcks\u00e9g\u00fck az optim\u00e1lis t\u00e1pl\u00e1lkoz\u00e1s biztos\u00edt\u00e1s\u00e1hoz. P\u00e9ld\u00e1ul kalcium: egyes eur\u00f3pai orsz\u00e1gokban a n\u0151k legfeljebb 60% -a nem visz be elegend\u0151 kalciumot a szervezetbe, ami hozz\u00e1j\u00e1rulhat a feln\u0151ttek felgyorsult csontsz\u00f6vet veszt\u00e9s\u00e9hez.<\/p>\n<h2>Adagol\u00e1s<\/h2>\n<p>Vegyen be naponta 2 tablett\u00e1t \u00e9tkez\u00e9s k\u00f6zben. A legjobb napi t\u00e1pl\u00e1lkoz\u00e1s biztos\u00edt\u00e1sa \u00e9rdek\u00e9ben fogyassza ezt a term\u00e9ket a Formula 1 Nutrition Shake-kel kombin\u00e1lva. Ha naponta 2 kokt\u00e9lt fogyaszt, 1 tablett\u00e1t vegyen be 1, ha naponta 1 kokt\u00e9lt fogyaszt, vegyen be 2 tablett\u00e1t.<\/p>\n<p><strong>FIGYELMEZTET\u00c9S:<\/strong> A meg\u00e1llap\u00edtott aj\u00e1nlott napi adagot nem szabad t\u00fall\u00e9pni. Az \u00e9trend-kieg\u00e9sz\u00edt\u0151k a norm\u00e1l \u00e9trend kieg\u00e9sz\u00edt\u00e9s\u00e9re szolg\u00e1lnak, \u00e9s nem helyettes\u00edthetik a v\u00e1ltozatos \u00e9trendet. Kisgyermekek el\u0151l elz\u00e1rva tartand\u00f3! A term\u00e9k nem alkalmas 3 \u00e9v alatti gyermekek sz\u00e1m\u00e1ra.<\/p>\n<p style=\"text-align: center;\"><a href=\"https:\/\/herbastore.sk\/wp-content\/uploads\/2025\/03\/formula-2-vitamin-asvanyi-komplex-noknek-60-tabletta-1819.jpg\"><img decoding=\"async\" class=\"aligncenter size-full wp-image-1348\" src=\"https:\/\/herbastore.sk\/wp-content\/uploads\/2025\/03\/formula-2-vitamin-asvanyi-komplex-noknek-60-tabletta-1819.jpg\" alt=\"2. k\u00e9plet n\u0151i t\u00e1p\u00e9rt\u00e9k\" width=\"600\" height=\"auto\"><\/a><em>T\u00e1p\u00e9rt\u00e9k &#8211; Formula 2 n\u0151knek<\/em><\/p>\n","protected":false},"excerpt":{"rendered":"<p>A 60 tabletta<br \/>\n<div class=\"is-divider divider clearfix\" ><\/div>\n<p>A vitamin- \u00e9s \u00e1sv\u00e1nyi anyag komplex n\u0151k sz\u00e1m\u00e1ra egy \u00e1tfog\u00f3 \u00e9trend-kieg\u00e9sz\u00edt\u0151, amelyet szakszer\u0171en fejlesztettek ki a n\u0151k sz\u00e1m\u00e1ra, amely 24 kulcsfontoss\u00e1g\u00fa t\u00e1panyagot biztos\u00edt a n\u0151i test megfelel\u0151 m\u0171k\u00f6d\u00e9s\u00e9nek t\u00e1mogat\u00e1s\u00e1hoz.<\/p>\n","protected":false},"featured_media":23112,"comment_status":"open","ping_status":"closed","template":"","meta":{"inline_featured_image":false},"product_brand":[],"product_cat":[381],"product_tag":[384,400,389,383,391],"class_list":{"0":"post-28846","1":"product","2":"type-product","3":"status-publish","4":"has-post-thumbnail","6":"product_cat-vitaminok-es-asvanyi-anyagok","7":"product_tag-a-bor-es-haj-jobb-allapota","8":"product_tag-immunrendszer-tamogatasa","9":"product_tag-izomgorcsok-megelozese","10":"product_tag-izuleti-fajdalom","11":"product_tag-tobb-energia","13":"first","14":"instock","15":"taxable","16":"shipping-taxable","17":"purchasable","18":"product-type-simple"},"yoast_head":"<!-- This site is optimized with the Yoast SEO plugin v26.8 - https:\/\/yoast.com\/product\/yoast-seo-wordpress\/ -->\n<title>Herbalife Formula 2 n\u0151k sz\u00e1m\u00e1ra 60 tabletta - herbastore<\/title>\n<meta name=\"description\" content=\"A Herbalife Formula 2 Vitamin \u00e9s \u00c1sv\u00e1nyi Komplex N\u0151knek egy \u00e9trend-kieg\u00e9sz\u00edt\u0151, amely 24 kulcsfontoss\u00e1g\u00fa t\u00e1panyagot biztos\u00edt a n\u0151i test megfelel\u0151 m\u0171k\u00f6d\u00e9s\u00e9hez.\" \/>\n<meta name=\"robots\" content=\"index, follow, max-snippet:-1, max-image-preview:large, max-video-preview:-1\" \/>\n<link rel=\"canonical\" href=\"https:\/\/herbastore.sk\/hu\/termekek\/vitaminok-es-asvanyi-anyagok\/formula-2-vitamin-es-asvanyi-komplex-noknek\/\" \/>\n<meta property=\"og:locale\" content=\"hu_HU\" \/>\n<meta property=\"og:type\" content=\"article\" \/>\n<meta property=\"og:title\" content=\"Herbalife Formula 2 n\u0151k sz\u00e1m\u00e1ra 60 tabletta - herbastore\" \/>\n<meta property=\"og:description\" content=\"A Herbalife Formula 2 Vitamin \u00e9s \u00c1sv\u00e1nyi Komplex N\u0151knek egy \u00e9trend-kieg\u00e9sz\u00edt\u0151, amely 24 kulcsfontoss\u00e1g\u00fa t\u00e1panyagot biztos\u00edt a n\u0151i test megfelel\u0151 m\u0171k\u00f6d\u00e9s\u00e9hez.\" \/>\n<meta property=\"og:url\" content=\"https:\/\/herbastore.sk\/hu\/termekek\/vitaminok-es-asvanyi-anyagok\/formula-2-vitamin-es-asvanyi-komplex-noknek\/\" \/>\n<meta property=\"og:site_name\" content=\"herbastore\" \/>\n<meta property=\"article:publisher\" content=\"https:\/\/www.facebook.com\/herbastoresk\/\" \/>\n<meta property=\"article:modified_time\" content=\"2026-01-26T14:49:51+00:00\" \/>\n<meta property=\"og:image\" content=\"https:\/\/herbastore.sk\/wp-content\/uploads\/2025\/02\/formula-2-vitamin-asvanyi-komplex-noknek-60-tabletta.jpg\" \/>\n\t<meta property=\"og:image:width\" content=\"534\" \/>\n\t<meta property=\"og:image:height\" content=\"800\" \/>\n\t<meta property=\"og:image:type\" content=\"image\/jpeg\" \/>\n<meta name=\"twitter:card\" content=\"summary_large_image\" \/>\n<meta name=\"twitter:label1\" content=\"Becs\u00fclt olvas\u00e1si id\u0151\" \/>\n\t<meta name=\"twitter:data1\" content=\"2 perc\" \/>\n<script type=\"application\/ld+json\" class=\"yoast-schema-graph\">{\"@context\":\"https:\/\/schema.org\",\"@graph\":[{\"@type\":\"WebPage\",\"@id\":\"https:\/\/herbastore.sk\/hu\/termekek\/vitaminok-es-asvanyi-anyagok\/formula-2-vitamin-es-asvanyi-komplex-noknek\/\",\"url\":\"https:\/\/herbastore.sk\/hu\/termekek\/vitaminok-es-asvanyi-anyagok\/formula-2-vitamin-es-asvanyi-komplex-noknek\/\",\"name\":\"Herbalife Formula 2 n\u0151k sz\u00e1m\u00e1ra 60 tabletta - herbastore\",\"isPartOf\":{\"@id\":\"https:\/\/herbastore.sk\/hu\/#website\"},\"primaryImageOfPage\":{\"@id\":\"https:\/\/herbastore.sk\/hu\/termekek\/vitaminok-es-asvanyi-anyagok\/formula-2-vitamin-es-asvanyi-komplex-noknek\/#primaryimage\"},\"image\":{\"@id\":\"https:\/\/herbastore.sk\/hu\/termekek\/vitaminok-es-asvanyi-anyagok\/formula-2-vitamin-es-asvanyi-komplex-noknek\/#primaryimage\"},\"thumbnailUrl\":\"https:\/\/herbastore.sk\/wp-content\/uploads\/2025\/02\/formula-2-vitamin-asvanyi-komplex-noknek-60-tabletta.jpg\",\"datePublished\":\"2025-03-09T20:05:39+00:00\",\"dateModified\":\"2026-01-26T14:49:51+00:00\",\"description\":\"A Herbalife Formula 2 Vitamin \u00e9s \u00c1sv\u00e1nyi Komplex N\u0151knek egy \u00e9trend-kieg\u00e9sz\u00edt\u0151, amely 24 kulcsfontoss\u00e1g\u00fa t\u00e1panyagot biztos\u00edt a n\u0151i test megfelel\u0151 m\u0171k\u00f6d\u00e9s\u00e9hez.\",\"breadcrumb\":{\"@id\":\"https:\/\/herbastore.sk\/hu\/termekek\/vitaminok-es-asvanyi-anyagok\/formula-2-vitamin-es-asvanyi-komplex-noknek\/#breadcrumb\"},\"inLanguage\":\"hu\",\"potentialAction\":[{\"@type\":\"ReadAction\",\"target\":[\"https:\/\/herbastore.sk\/hu\/termekek\/vitaminok-es-asvanyi-anyagok\/formula-2-vitamin-es-asvanyi-komplex-noknek\/\"]}]},{\"@type\":\"ImageObject\",\"inLanguage\":\"hu\",\"@id\":\"https:\/\/herbastore.sk\/hu\/termekek\/vitaminok-es-asvanyi-anyagok\/formula-2-vitamin-es-asvanyi-komplex-noknek\/#primaryimage\",\"url\":\"https:\/\/herbastore.sk\/wp-content\/uploads\/2025\/02\/formula-2-vitamin-asvanyi-komplex-noknek-60-tabletta.jpg\",\"contentUrl\":\"https:\/\/herbastore.sk\/wp-content\/uploads\/2025\/02\/formula-2-vitamin-asvanyi-komplex-noknek-60-tabletta.jpg\",\"width\":534,\"height\":800,\"caption\":\"Formula 2 Vitamin \u00e9s \u00e1sv\u00e1nyi komplex n\u0151knek\"},{\"@type\":\"BreadcrumbList\",\"@id\":\"https:\/\/herbastore.sk\/hu\/termekek\/vitaminok-es-asvanyi-anyagok\/formula-2-vitamin-es-asvanyi-komplex-noknek\/#breadcrumb\",\"itemListElement\":[{\"@type\":\"ListItem\",\"position\":1,\"name\":\"Home\",\"item\":\"https:\/\/herbastore.sk\/hu\/\"},{\"@type\":\"ListItem\",\"position\":2,\"name\":\"Term\u00e9kek\",\"item\":\"https:\/\/herbastore.sk\/hu\/termekek\/\"},{\"@type\":\"ListItem\",\"position\":3,\"name\":\"Formula 2 n\u0151k sz\u00e1m\u00e1ra\"}]},{\"@type\":\"WebSite\",\"@id\":\"https:\/\/herbastore.sk\/hu\/#website\",\"url\":\"https:\/\/herbastore.sk\/hu\/\",\"name\":\"herbastore\",\"description\":\"Produkty Herbalife z pohodlia v\u00e1\u0161ho domova\",\"publisher\":{\"@id\":\"https:\/\/herbastore.sk\/hu\/#organization\"},\"potentialAction\":[{\"@type\":\"SearchAction\",\"target\":{\"@type\":\"EntryPoint\",\"urlTemplate\":\"https:\/\/herbastore.sk\/hu\/?s={search_term_string}\"},\"query-input\":{\"@type\":\"PropertyValueSpecification\",\"valueRequired\":true,\"valueName\":\"search_term_string\"}}],\"inLanguage\":\"hu\"},{\"@type\":\"Organization\",\"@id\":\"https:\/\/herbastore.sk\/hu\/#organization\",\"name\":\"herbastore.sk\",\"url\":\"https:\/\/herbastore.sk\/hu\/\",\"logo\":{\"@type\":\"ImageObject\",\"inLanguage\":\"hu\",\"@id\":\"https:\/\/herbastore.sk\/hu\/#\/schema\/logo\/image\/\",\"url\":\"https:\/\/herbastore.sk\/wp-content\/uploads\/2018\/11\/herbastore-ikona.png\",\"contentUrl\":\"https:\/\/herbastore.sk\/wp-content\/uploads\/2018\/11\/herbastore-ikona.png\",\"width\":512,\"height\":512,\"caption\":\"herbastore.sk\"},\"image\":{\"@id\":\"https:\/\/herbastore.sk\/hu\/#\/schema\/logo\/image\/\"},\"sameAs\":[\"https:\/\/www.facebook.com\/herbastoresk\/\",\"https:\/\/www.instagram.com\/herbastore.sk\/\"]}]}<\/script>\n<!-- \/ Yoast SEO plugin. -->","yoast_head_json":{"title":"Herbalife Formula 2 n\u0151k sz\u00e1m\u00e1ra 60 tabletta - herbastore","description":"A Herbalife Formula 2 Vitamin \u00e9s \u00c1sv\u00e1nyi Komplex N\u0151knek egy \u00e9trend-kieg\u00e9sz\u00edt\u0151, amely 24 kulcsfontoss\u00e1g\u00fa t\u00e1panyagot biztos\u00edt a n\u0151i test megfelel\u0151 m\u0171k\u00f6d\u00e9s\u00e9hez.","robots":{"index":"index","follow":"follow","max-snippet":"max-snippet:-1","max-image-preview":"max-image-preview:large","max-video-preview":"max-video-preview:-1"},"canonical":"https:\/\/herbastore.sk\/hu\/termekek\/vitaminok-es-asvanyi-anyagok\/formula-2-vitamin-es-asvanyi-komplex-noknek\/","og_locale":"hu_HU","og_type":"article","og_title":"Herbalife Formula 2 n\u0151k sz\u00e1m\u00e1ra 60 tabletta - herbastore","og_description":"A Herbalife Formula 2 Vitamin \u00e9s \u00c1sv\u00e1nyi Komplex N\u0151knek egy \u00e9trend-kieg\u00e9sz\u00edt\u0151, amely 24 kulcsfontoss\u00e1g\u00fa t\u00e1panyagot biztos\u00edt a n\u0151i test megfelel\u0151 m\u0171k\u00f6d\u00e9s\u00e9hez.","og_url":"https:\/\/herbastore.sk\/hu\/termekek\/vitaminok-es-asvanyi-anyagok\/formula-2-vitamin-es-asvanyi-komplex-noknek\/","og_site_name":"herbastore","article_publisher":"https:\/\/www.facebook.com\/herbastoresk\/","article_modified_time":"2026-01-26T14:49:51+00:00","og_image":[{"width":534,"height":800,"url":"https:\/\/herbastore.sk\/wp-content\/uploads\/2025\/02\/formula-2-vitamin-asvanyi-komplex-noknek-60-tabletta.jpg","type":"image\/jpeg"}],"twitter_card":"summary_large_image","twitter_misc":{"Becs\u00fclt olvas\u00e1si id\u0151":"2 perc"},"schema":{"@context":"https:\/\/schema.org","@graph":[{"@type":"WebPage","@id":"https:\/\/herbastore.sk\/hu\/termekek\/vitaminok-es-asvanyi-anyagok\/formula-2-vitamin-es-asvanyi-komplex-noknek\/","url":"https:\/\/herbastore.sk\/hu\/termekek\/vitaminok-es-asvanyi-anyagok\/formula-2-vitamin-es-asvanyi-komplex-noknek\/","name":"Herbalife Formula 2 n\u0151k sz\u00e1m\u00e1ra 60 tabletta - herbastore","isPartOf":{"@id":"https:\/\/herbastore.sk\/hu\/#website"},"primaryImageOfPage":{"@id":"https:\/\/herbastore.sk\/hu\/termekek\/vitaminok-es-asvanyi-anyagok\/formula-2-vitamin-es-asvanyi-komplex-noknek\/#primaryimage"},"image":{"@id":"https:\/\/herbastore.sk\/hu\/termekek\/vitaminok-es-asvanyi-anyagok\/formula-2-vitamin-es-asvanyi-komplex-noknek\/#primaryimage"},"thumbnailUrl":"https:\/\/herbastore.sk\/wp-content\/uploads\/2025\/02\/formula-2-vitamin-asvanyi-komplex-noknek-60-tabletta.jpg","datePublished":"2025-03-09T20:05:39+00:00","dateModified":"2026-01-26T14:49:51+00:00","description":"A Herbalife Formula 2 Vitamin \u00e9s \u00c1sv\u00e1nyi Komplex N\u0151knek egy \u00e9trend-kieg\u00e9sz\u00edt\u0151, amely 24 kulcsfontoss\u00e1g\u00fa t\u00e1panyagot biztos\u00edt a n\u0151i test megfelel\u0151 m\u0171k\u00f6d\u00e9s\u00e9hez.","breadcrumb":{"@id":"https:\/\/herbastore.sk\/hu\/termekek\/vitaminok-es-asvanyi-anyagok\/formula-2-vitamin-es-asvanyi-komplex-noknek\/#breadcrumb"},"inLanguage":"hu","potentialAction":[{"@type":"ReadAction","target":["https:\/\/herbastore.sk\/hu\/termekek\/vitaminok-es-asvanyi-anyagok\/formula-2-vitamin-es-asvanyi-komplex-noknek\/"]}]},{"@type":"ImageObject","inLanguage":"hu","@id":"https:\/\/herbastore.sk\/hu\/termekek\/vitaminok-es-asvanyi-anyagok\/formula-2-vitamin-es-asvanyi-komplex-noknek\/#primaryimage","url":"https:\/\/herbastore.sk\/wp-content\/uploads\/2025\/02\/formula-2-vitamin-asvanyi-komplex-noknek-60-tabletta.jpg","contentUrl":"https:\/\/herbastore.sk\/wp-content\/uploads\/2025\/02\/formula-2-vitamin-asvanyi-komplex-noknek-60-tabletta.jpg","width":534,"height":800,"caption":"Formula 2 Vitamin \u00e9s \u00e1sv\u00e1nyi komplex n\u0151knek"},{"@type":"BreadcrumbList","@id":"https:\/\/herbastore.sk\/hu\/termekek\/vitaminok-es-asvanyi-anyagok\/formula-2-vitamin-es-asvanyi-komplex-noknek\/#breadcrumb","itemListElement":[{"@type":"ListItem","position":1,"name":"Home","item":"https:\/\/herbastore.sk\/hu\/"},{"@type":"ListItem","position":2,"name":"Term\u00e9kek","item":"https:\/\/herbastore.sk\/hu\/termekek\/"},{"@type":"ListItem","position":3,"name":"Formula 2 n\u0151k sz\u00e1m\u00e1ra"}]},{"@type":"WebSite","@id":"https:\/\/herbastore.sk\/hu\/#website","url":"https:\/\/herbastore.sk\/hu\/","name":"herbastore","description":"Produkty Herbalife z pohodlia v\u00e1\u0161ho domova","publisher":{"@id":"https:\/\/herbastore.sk\/hu\/#organization"},"potentialAction":[{"@type":"SearchAction","target":{"@type":"EntryPoint","urlTemplate":"https:\/\/herbastore.sk\/hu\/?s={search_term_string}"},"query-input":{"@type":"PropertyValueSpecification","valueRequired":true,"valueName":"search_term_string"}}],"inLanguage":"hu"},{"@type":"Organization","@id":"https:\/\/herbastore.sk\/hu\/#organization","name":"herbastore.sk","url":"https:\/\/herbastore.sk\/hu\/","logo":{"@type":"ImageObject","inLanguage":"hu","@id":"https:\/\/herbastore.sk\/hu\/#\/schema\/logo\/image\/","url":"https:\/\/herbastore.sk\/wp-content\/uploads\/2018\/11\/herbastore-ikona.png","contentUrl":"https:\/\/herbastore.sk\/wp-content\/uploads\/2018\/11\/herbastore-ikona.png","width":512,"height":512,"caption":"herbastore.sk"},"image":{"@id":"https:\/\/herbastore.sk\/hu\/#\/schema\/logo\/image\/"},"sameAs":["https:\/\/www.facebook.com\/herbastoresk\/","https:\/\/www.instagram.com\/herbastore.sk\/"]}]}},"_links":{"self":[{"href":"https:\/\/herbastore.sk\/hu\/wp-json\/wp\/v2\/product\/28846","targetHints":{"allow":["GET"]}}],"collection":[{"href":"https:\/\/herbastore.sk\/hu\/wp-json\/wp\/v2\/product"}],"about":[{"href":"https:\/\/herbastore.sk\/hu\/wp-json\/wp\/v2\/types\/product"}],"replies":[{"embeddable":true,"href":"https:\/\/herbastore.sk\/hu\/wp-json\/wp\/v2\/comments?post=28846"}],"wp:featuredmedia":[{"embeddable":true,"href":"https:\/\/herbastore.sk\/hu\/wp-json\/wp\/v2\/media\/23112"}],"wp:attachment":[{"href":"https:\/\/herbastore.sk\/hu\/wp-json\/wp\/v2\/media?parent=28846"}],"wp:term":[{"taxonomy":"product_brand","embeddable":true,"href":"https:\/\/herbastore.sk\/hu\/wp-json\/wp\/v2\/product_brand?post=28846"},{"taxonomy":"product_cat","embeddable":true,"href":"https:\/\/herbastore.sk\/hu\/wp-json\/wp\/v2\/product_cat?post=28846"},{"taxonomy":"product_tag","embeddable":true,"href":"https:\/\/herbastore.sk\/hu\/wp-json\/wp\/v2\/product_tag?post=28846"}],"curies":[{"name":"wp","href":"https:\/\/api.w.org\/{rel}","templated":true}]}}