{"id":28841,"date":"2018-10-07T13:41:35","date_gmt":"2025-03-09T19:50:12","guid":{"rendered":"https:\/\/herbastore.sk\/produkty\/nem-kategorizalt\/herbalifeline-max\/"},"modified":"2025-08-04T19:44:36","modified_gmt":"2025-08-04T17:44:36","slug":"herbalifeline-max","status":"publish","type":"product","link":"https:\/\/herbastore.sk\/hu\/termekek\/vitaminok-es-asvanyi-anyagok\/herbalifeline-max\/","title":{"rendered":"Herbalifeline Max"},"content":{"rendered":"<h2>Kinek alkalmas a Herbalifeline Max?<\/h2>\n<p>Tanulm\u00e1nyok kimutatt\u00e1k, hogy sok nyugati (eur\u00f3pai) \u00e9trend nagyon alacsony az omega-3 zs\u00edrsavakban (EPA &amp; DHA). A t\u00e1pl\u00e1lkoz\u00e1si szakemberek azt javasolj\u00e1k, hogy hetente 2-3 adag halat fogyasszanak az Omega-3 zs\u00edrsavak aj\u00e1nlott bevitel\u00e9nek el\u00e9r\u00e9se \u00e9rdek\u00e9ben. Mind\u00f6ssze 1 kapszula Herbalifeline Max seg\u00edt el\u00e9rni az optim\u00e1lis 250 mg EPA \u00e9s DHA bevitel\u00e9t, amelyre naponta sz\u00fcks\u00e9ge van.<\/p>\n<p>Kakukkf\u0171 \u00e9s menta ill\u00f3olajokat tartalmaz a halas ut\u00f3\u00edz elt\u00e1vol\u00edt\u00e1s\u00e1ra \u00e9s az \u00edz friss\u00edt\u00e9s\u00e9re. A Herbalifeline Max \u00e9trend-kieg\u00e9sz\u00edt\u0151 minden \u00f6sszetev\u0151je veget\u00e1ri\u00e1nusok sz\u00e1m\u00e1ra alkalmas g\u00e9lkapszul\u00e1kba van z\u00e1rva.<\/p>\n<div class=\"row align-equal align-center show-for-small\"  id=\"row-752041599\">\n\n\t<div id=\"col-1602130335\" class=\"col small-12 large-12\"  >\n\t\t\t\t<div class=\"col-inner text-center\"  >\n\t\t\t\n\t\t\t\n\t<div class=\"img has-hover x md-x lg-x y md-y lg-y\" id=\"image_1754688513\">\n\t\t\t\t\t\t\t\t<div class=\"img-inner dark\" >\n\t\t\t<img loading=\"lazy\" decoding=\"async\" width=\"800\" height=\"800\" src=\"https:\/\/herbastore.sk\/wp-content\/uploads\/2019\/04\/Herbalife-Herbalifeline-Max-kapsule-800x800.jpg\" class=\"attachment-large size-large\" alt=\"Herbalife Herbalifeline Max kapsule\" srcset=\"https:\/\/herbastore.sk\/wp-content\/uploads\/2019\/04\/Herbalife-Herbalifeline-Max-kapsule-800x800.jpg 800w, https:\/\/herbastore.sk\/wp-content\/uploads\/2019\/04\/Herbalife-Herbalifeline-Max-kapsule-267x267.jpg 267w, https:\/\/herbastore.sk\/wp-content\/uploads\/2019\/04\/Herbalife-Herbalifeline-Max-kapsule-100x100.jpg 100w, https:\/\/herbastore.sk\/wp-content\/uploads\/2019\/04\/Herbalife-Herbalifeline-Max-kapsule-534x534.jpg 534w, https:\/\/herbastore.sk\/wp-content\/uploads\/2019\/04\/Herbalife-Herbalifeline-Max-kapsule-400x400.jpg 400w, https:\/\/herbastore.sk\/wp-content\/uploads\/2019\/04\/Herbalife-Herbalifeline-Max-kapsule-300x300.jpg 300w, https:\/\/herbastore.sk\/wp-content\/uploads\/2019\/04\/Herbalife-Herbalifeline-Max-kapsule-768x768.jpg 768w, https:\/\/herbastore.sk\/wp-content\/uploads\/2019\/04\/Herbalife-Herbalifeline-Max-kapsule-510x510.jpg 510w, https:\/\/herbastore.sk\/wp-content\/uploads\/2019\/04\/Herbalife-Herbalifeline-Max-kapsule.jpg 1000w\" sizes=\"auto, (max-width: 800px) 100vw, 800px\" \/>\t\t\t\t\t\t\n\t\t\t\t\t<\/div>\n\t\t\t\t\t\t\t\t\n<style>\n#image_1754688513 {\n  width: 100%;\n}\n@media (min-width:550px) {\n  #image_1754688513 {\n    width: 50%;\n  }\n}\n<\/style>\n\t<\/div>\n\t\n\t\t<\/div>\n\t\t\t\t\t<\/div>\n\n\t\n<\/div>\n<h2>A legfontosabb el\u0151ny\u00f6k<\/h2>\n<div class=\"row\"  id=\"row-1092273378\">\n\n\t<div id=\"col-59542405\" class=\"col medium-1\/3 large-4\"  >\n\t\t\t\t<div class=\"col-inner\"  >\n\t\t\t\n\t\t\t\n<ul>\n<li class=\"bullet-checkmark\">Hozz\u00e1j\u00e1rul a sz\u00edv norm\u00e1l m\u0171k\u00f6d\u00e9s\u00e9hez *<\/li>\n<li class=\"bullet-checkmark\">Fenntartja az eg\u00e9szs\u00e9ges l\u00e1t\u00e1st**<\/li>\n<li class=\"bullet-checkmark\">Kakukkf\u0171 \u00e9s menta ill\u00f3olajokkal friss\u00edt\u00f3 \u00edzt biztos\u00edt<\/li>\n<\/ul>\n\t\t<\/div>\n\t\t\t\t\t<\/div>\n\n\t\n\n\t<div id=\"col-1116446763\" class=\"col medium-1\/3 large-4\"  >\n\t\t\t\t<div class=\"col-inner\"  >\n\t\t\t\n\t\t\t\n<ul>\n<li class=\"bullet-checkmark\">Fenntartja a megfelel\u0151 agym\u0171k\u00f6d\u00e9st**<\/li>\n<li class=\"bullet-checkmark\">Fenntartja a v\u00e9r megfelel\u0151 trigliceridfunkci\u00f3j\u00e1t ***<\/li>\n<li class=\"bullet-checkmark\">Fenntartja a megfelel\u0151 v\u00e9rnyom\u00e1st ****<\/li>\n<\/ul>\n\t\t<\/div>\n\t\t\t\t\t<\/div>\n\n\t\n\n\t<div id=\"col-1757588464\" class=\"col medium-1\/3 large-4\"  >\n\t\t\t\t<div class=\"col-inner\"  >\n\t\t\t\n\t\t\t\n<ul>\n<li class=\"bullet-checkmark\">A Herbalifeline Max \u00e9trend-kieg\u00e9sz\u00edt\u0151 minden \u00f6sszetev\u0151je veget\u00e1ri\u00e1nusbar\u00e1t g\u00e9lkapszul\u00e1kban tal\u00e1lhat\u00f3<\/li>\n<li class=\"bullet-checkmark\">Fenntarthat\u00f3 m\u00f3don el\u0151\u00e1ll\u00edtott halolaj, amelyet a Friend of the Sea akkredit\u00e1lt<\/li>\n<\/ul>\n\t\t<\/div>\n\t\t\t\t\t<\/div>\n\n\t\n<\/div>\n<p>* A j\u00f3t\u00e9kony hat\u00e1s 250 mg EPA \u00e9s DHA zs\u00edrsav napi bevitel\u00e9vel \u00e9rhet\u0151 el**<br \/>\n A kedvez\u0151 hat\u00e1s napi 250 mg DHA<br \/>\n zs\u00edrsav bevitel\u00e9vel \u00e9rhet\u0151 el A kedvez\u0151 hat\u00e1s 2 g EPA \u00e9s DHA<br \/>\n zs\u00edrsav napi bevitel\u00e9vel \u00e9rhet\u0151 el A kedvez\u0151 hat\u00e1s 3 g EPA \u00e9s DHA zs\u00edrsav napi bevitel\u00e9vel \u00e9rhet\u0151 el<\/p>\n<h3>Fenntarthat\u00f3 forr\u00e1sb\u00f3l sz\u00e1rmaz\u00f3 halolaj<\/h3>\n<p>Az \u00f3ce\u00e1nok jelentik a vil\u00e1g legnagyobb feh\u00e9rjeforr\u00e1s\u00e1t \u00e9s t\u00f6bb mint 2,5 milli\u00f3 ember f\u0151 \u00e9lelmiszerforr\u00e1s\u00e1t, \u00e9s rajtunk m\u00falik, hogy seg\u00edt\u00fcnk-e meg\u0151rizni \u00e9s megv\u00e9deni ezt. Ez\u00e9rt a Herbalifeline Max kiz\u00e1r\u00f3lag fenntarthat\u00f3 forr\u00e1sb\u00f3l sz\u00e1rmaz\u00f3 halolajat tartalmaz, amelyet a Friend of the Sea nonprofit szervezet akkredit\u00e1lt. Egy k\u00f6z\u00f6s c\u00e9l egyes\u00edt benn\u00fcnket, amely a tengeri \u00e9l\u0151helyek meg\u0151rz\u00e9se \u00e9s az \u00f6kosziszt\u00e9m\u00e1ra gyakorolt hat\u00e1s cs\u00f6kkent\u00e9se.<\/p>\n<h2>Adagol\u00e1s<\/h2>\n<p><strong>AJ\u00c1NLOTT NAPI ADAG:<\/strong> 1, 4 vagy 5 kapszula naponta (az el\u00e9rni k\u00edv\u00e1nt pozit\u00edv hat\u00e1st\u00f3l f\u00fcgg\u0151en), v\u00edzzel, lehet\u0151leg \u00e9tellel alkalmazva a nap folyam\u00e1n. Haszn\u00e1lja ezt a term\u00e9ket kiegyens\u00falyozott \u00e9s v\u00e1ltozatos \u00e9trend \u00e9s eg\u00e9szs\u00e9ges \u00e9s akt\u00edv \u00e9letm\u00f3d r\u00e9szek\u00e9nt. H\u0171v\u00f6s, sz\u00e1raz helyen t\u00e1roland\u00f3.<\/p>\n<p><strong>FIGYELMEZTET\u00c9S:<\/strong> A meg\u00e1llap\u00edtott aj\u00e1nlott napi adagot nem szabad t\u00fall\u00e9pni. Az \u00e9trend-kieg\u00e9sz\u00edt\u0151k a norm\u00e1l \u00e9trend kieg\u00e9sz\u00edt\u00e9s\u00e9re szolg\u00e1lnak, \u00e9s nem helyettes\u00edthetik a v\u00e1ltozatos \u00e9trendet. Kisgyermekek el\u0151l elz\u00e1rva tartand\u00f3! A term\u00e9k nem alkalmas 3 \u00e9v alatti gyermekek sz\u00e1m\u00e1ra. Ne l\u00e9pje t\u00fal az 5 g EPA \u00e9s DHA egy\u00fcttes napi bevitel\u00e9t. Minden Herbalifeline Max kapszula 375 mg EPA-t \u00e9s 250 mg DHA-t tartalmaz.<\/p>\n<p style=\"text-align: center;\"><a href=\"https:\/\/herbastore.sk\/wp-content\/uploads\/2025\/03\/herbalifeline-max-30-kapszula-0043.jpg\"><img decoding=\"async\" class=\"aligncenter size-full wp-image-1690\" src=\"https:\/\/herbastore.sk\/wp-content\/uploads\/2025\/03\/herbalifeline-max-30-kapszula-0043.jpg\" alt=\"Herbalifeline Max t\u00e1p\u00e9rt\u00e9k\" width=\"600\" height=\"auto\"><\/a><\/p>\n<p style=\"text-align: center;\"><em>T\u00e1p\u00e9rt\u00e9k &#8211; Herbalifeline Max<\/em><\/p>\n","protected":false},"excerpt":{"rendered":"<p>30 kapszula<\/p>\n<div class=\"is-divider divider clearfix\" ><\/div>\n<p>A Herbalifeline Max EPA \u00e9s DHA omega-3 zs\u00edrsavakban gazdag \u00e9trend-kieg\u00e9sz\u00edt\u0151, amely hozz\u00e1j\u00e1rul a sz\u00edv megfelel\u0151 m\u0171k\u00f6d\u00e9s\u00e9hez, valamint a megfelel\u0151 trigliceridszint \u00e9s v\u00e9rnyom\u00e1s\u00e9rt\u00e9kek fenntart\u00e1s\u00e1hoz. A DHA hozz\u00e1j\u00e1rul a megfelel\u0151 agym\u0171k\u00f6d\u00e9s \u00e9s l\u00e1t\u00e1s fenntart\u00e1s\u00e1hoz is.<\/p>\n","protected":false},"featured_media":28463,"comment_status":"open","ping_status":"closed","template":"","meta":{"inline_featured_image":false},"product_brand":[],"product_cat":[381],"product_tag":[383,390,388],"class_list":{"0":"post-28841","1":"product","2":"type-product","3":"status-publish","4":"has-post-thumbnail","6":"product_cat-vitaminok-es-asvanyi-anyagok","7":"product_tag-izuleti-fajdalom","8":"product_tag-magas-koleszterin","9":"product_tag-zsiregetes","11":"first","12":"instock","13":"taxable","14":"shipping-taxable","15":"purchasable","16":"product-type-simple"},"yoast_head":"<!-- This site is optimized with the Yoast SEO plugin v26.8 - https:\/\/yoast.com\/product\/yoast-seo-wordpress\/ -->\n<title>Herbalife Herbalifeline Max 30 kapszula - herbastore<\/title>\n<meta name=\"description\" content=\"A Herbalifeline Max egy omega-3 zs\u00edrsavakban gazdag \u00e9trend-kieg\u00e9sz\u00edt\u0151, amely hozz\u00e1j\u00e1rul a sz\u00edv norm\u00e1l m\u0171k\u00f6d\u00e9s\u00e9hez \u00e9s a norm\u00e1l v\u00e9rnyom\u00e1shoz.\" \/>\n<meta name=\"robots\" content=\"index, follow, max-snippet:-1, max-image-preview:large, max-video-preview:-1\" \/>\n<link rel=\"canonical\" href=\"https:\/\/herbastore.sk\/hu\/termekek\/vitaminok-es-asvanyi-anyagok\/herbalifeline-max\/\" \/>\n<meta property=\"og:locale\" content=\"hu_HU\" \/>\n<meta property=\"og:type\" content=\"article\" \/>\n<meta property=\"og:title\" content=\"Herbalife Herbalifeline Max 30 kapszula - herbastore\" \/>\n<meta property=\"og:description\" content=\"A Herbalifeline Max egy omega-3 zs\u00edrsavakban gazdag \u00e9trend-kieg\u00e9sz\u00edt\u0151, amely hozz\u00e1j\u00e1rul a sz\u00edv norm\u00e1l m\u0171k\u00f6d\u00e9s\u00e9hez \u00e9s a norm\u00e1l v\u00e9rnyom\u00e1shoz.\" \/>\n<meta property=\"og:url\" content=\"https:\/\/herbastore.sk\/hu\/termekek\/vitaminok-es-asvanyi-anyagok\/herbalifeline-max\/\" \/>\n<meta property=\"og:site_name\" content=\"herbastore\" \/>\n<meta property=\"article:publisher\" content=\"https:\/\/www.facebook.com\/herbastoresk\/\" \/>\n<meta property=\"article:modified_time\" content=\"2025-08-04T17:44:36+00:00\" \/>\n<meta property=\"og:image\" content=\"https:\/\/herbastore.sk\/wp-content\/uploads\/2025\/02\/herbalifeline-max-30-kapszula.jpg\" \/>\n\t<meta property=\"og:image:width\" content=\"534\" \/>\n\t<meta property=\"og:image:height\" content=\"800\" \/>\n\t<meta property=\"og:image:type\" content=\"image\/jpeg\" \/>\n<meta name=\"twitter:card\" content=\"summary_large_image\" \/>\n<meta name=\"twitter:label1\" content=\"Becs\u00fclt olvas\u00e1si id\u0151\" \/>\n\t<meta name=\"twitter:data1\" content=\"3 perc\" \/>\n<script type=\"application\/ld+json\" class=\"yoast-schema-graph\">{\"@context\":\"https:\/\/schema.org\",\"@graph\":[{\"@type\":\"WebPage\",\"@id\":\"https:\/\/herbastore.sk\/hu\/termekek\/vitaminok-es-asvanyi-anyagok\/herbalifeline-max\/\",\"url\":\"https:\/\/herbastore.sk\/hu\/termekek\/vitaminok-es-asvanyi-anyagok\/herbalifeline-max\/\",\"name\":\"Herbalife Herbalifeline Max 30 kapszula - herbastore\",\"isPartOf\":{\"@id\":\"https:\/\/herbastore.sk\/hu\/#website\"},\"primaryImageOfPage\":{\"@id\":\"https:\/\/herbastore.sk\/hu\/termekek\/vitaminok-es-asvanyi-anyagok\/herbalifeline-max\/#primaryimage\"},\"image\":{\"@id\":\"https:\/\/herbastore.sk\/hu\/termekek\/vitaminok-es-asvanyi-anyagok\/herbalifeline-max\/#primaryimage\"},\"thumbnailUrl\":\"https:\/\/herbastore.sk\/wp-content\/uploads\/2025\/02\/herbalifeline-max-30-kapszula.jpg\",\"datePublished\":\"2025-03-09T19:50:12+00:00\",\"dateModified\":\"2025-08-04T17:44:36+00:00\",\"description\":\"A Herbalifeline Max egy omega-3 zs\u00edrsavakban gazdag \u00e9trend-kieg\u00e9sz\u00edt\u0151, amely hozz\u00e1j\u00e1rul a sz\u00edv norm\u00e1l m\u0171k\u00f6d\u00e9s\u00e9hez \u00e9s a norm\u00e1l v\u00e9rnyom\u00e1shoz.\",\"breadcrumb\":{\"@id\":\"https:\/\/herbastore.sk\/hu\/termekek\/vitaminok-es-asvanyi-anyagok\/herbalifeline-max\/#breadcrumb\"},\"inLanguage\":\"hu\",\"potentialAction\":[{\"@type\":\"ReadAction\",\"target\":[\"https:\/\/herbastore.sk\/hu\/termekek\/vitaminok-es-asvanyi-anyagok\/herbalifeline-max\/\"]}]},{\"@type\":\"ImageObject\",\"inLanguage\":\"hu\",\"@id\":\"https:\/\/herbastore.sk\/hu\/termekek\/vitaminok-es-asvanyi-anyagok\/herbalifeline-max\/#primaryimage\",\"url\":\"https:\/\/herbastore.sk\/wp-content\/uploads\/2025\/02\/herbalifeline-max-30-kapszula.jpg\",\"contentUrl\":\"https:\/\/herbastore.sk\/wp-content\/uploads\/2025\/02\/herbalifeline-max-30-kapszula.jpg\",\"width\":534,\"height\":800,\"caption\":\"Herbalife Herbalifeline Max\"},{\"@type\":\"BreadcrumbList\",\"@id\":\"https:\/\/herbastore.sk\/hu\/termekek\/vitaminok-es-asvanyi-anyagok\/herbalifeline-max\/#breadcrumb\",\"itemListElement\":[{\"@type\":\"ListItem\",\"position\":1,\"name\":\"Home\",\"item\":\"https:\/\/herbastore.sk\/hu\/\"},{\"@type\":\"ListItem\",\"position\":2,\"name\":\"Term\u00e9kek\",\"item\":\"https:\/\/herbastore.sk\/hu\/termekek\/\"},{\"@type\":\"ListItem\",\"position\":3,\"name\":\"Herbalifeline Max\"}]},{\"@type\":\"WebSite\",\"@id\":\"https:\/\/herbastore.sk\/hu\/#website\",\"url\":\"https:\/\/herbastore.sk\/hu\/\",\"name\":\"herbastore\",\"description\":\"Produkty Herbalife z pohodlia v\u00e1\u0161ho domova\",\"publisher\":{\"@id\":\"https:\/\/herbastore.sk\/hu\/#organization\"},\"potentialAction\":[{\"@type\":\"SearchAction\",\"target\":{\"@type\":\"EntryPoint\",\"urlTemplate\":\"https:\/\/herbastore.sk\/hu\/?s={search_term_string}\"},\"query-input\":{\"@type\":\"PropertyValueSpecification\",\"valueRequired\":true,\"valueName\":\"search_term_string\"}}],\"inLanguage\":\"hu\"},{\"@type\":\"Organization\",\"@id\":\"https:\/\/herbastore.sk\/hu\/#organization\",\"name\":\"herbastore.sk\",\"url\":\"https:\/\/herbastore.sk\/hu\/\",\"logo\":{\"@type\":\"ImageObject\",\"inLanguage\":\"hu\",\"@id\":\"https:\/\/herbastore.sk\/hu\/#\/schema\/logo\/image\/\",\"url\":\"https:\/\/herbastore.sk\/wp-content\/uploads\/2018\/11\/herbastore-ikona.png\",\"contentUrl\":\"https:\/\/herbastore.sk\/wp-content\/uploads\/2018\/11\/herbastore-ikona.png\",\"width\":512,\"height\":512,\"caption\":\"herbastore.sk\"},\"image\":{\"@id\":\"https:\/\/herbastore.sk\/hu\/#\/schema\/logo\/image\/\"},\"sameAs\":[\"https:\/\/www.facebook.com\/herbastoresk\/\",\"https:\/\/www.instagram.com\/herbastore.sk\/\"]}]}<\/script>\n<!-- \/ Yoast SEO plugin. -->","yoast_head_json":{"title":"Herbalife Herbalifeline Max 30 kapszula - herbastore","description":"A Herbalifeline Max egy omega-3 zs\u00edrsavakban gazdag \u00e9trend-kieg\u00e9sz\u00edt\u0151, amely hozz\u00e1j\u00e1rul a sz\u00edv norm\u00e1l m\u0171k\u00f6d\u00e9s\u00e9hez \u00e9s a norm\u00e1l v\u00e9rnyom\u00e1shoz.","robots":{"index":"index","follow":"follow","max-snippet":"max-snippet:-1","max-image-preview":"max-image-preview:large","max-video-preview":"max-video-preview:-1"},"canonical":"https:\/\/herbastore.sk\/hu\/termekek\/vitaminok-es-asvanyi-anyagok\/herbalifeline-max\/","og_locale":"hu_HU","og_type":"article","og_title":"Herbalife Herbalifeline Max 30 kapszula - herbastore","og_description":"A Herbalifeline Max egy omega-3 zs\u00edrsavakban gazdag \u00e9trend-kieg\u00e9sz\u00edt\u0151, amely hozz\u00e1j\u00e1rul a sz\u00edv norm\u00e1l m\u0171k\u00f6d\u00e9s\u00e9hez \u00e9s a norm\u00e1l v\u00e9rnyom\u00e1shoz.","og_url":"https:\/\/herbastore.sk\/hu\/termekek\/vitaminok-es-asvanyi-anyagok\/herbalifeline-max\/","og_site_name":"herbastore","article_publisher":"https:\/\/www.facebook.com\/herbastoresk\/","article_modified_time":"2025-08-04T17:44:36+00:00","og_image":[{"width":534,"height":800,"url":"https:\/\/herbastore.sk\/wp-content\/uploads\/2025\/02\/herbalifeline-max-30-kapszula.jpg","type":"image\/jpeg"}],"twitter_card":"summary_large_image","twitter_misc":{"Becs\u00fclt olvas\u00e1si id\u0151":"3 perc"},"schema":{"@context":"https:\/\/schema.org","@graph":[{"@type":"WebPage","@id":"https:\/\/herbastore.sk\/hu\/termekek\/vitaminok-es-asvanyi-anyagok\/herbalifeline-max\/","url":"https:\/\/herbastore.sk\/hu\/termekek\/vitaminok-es-asvanyi-anyagok\/herbalifeline-max\/","name":"Herbalife Herbalifeline Max 30 kapszula - herbastore","isPartOf":{"@id":"https:\/\/herbastore.sk\/hu\/#website"},"primaryImageOfPage":{"@id":"https:\/\/herbastore.sk\/hu\/termekek\/vitaminok-es-asvanyi-anyagok\/herbalifeline-max\/#primaryimage"},"image":{"@id":"https:\/\/herbastore.sk\/hu\/termekek\/vitaminok-es-asvanyi-anyagok\/herbalifeline-max\/#primaryimage"},"thumbnailUrl":"https:\/\/herbastore.sk\/wp-content\/uploads\/2025\/02\/herbalifeline-max-30-kapszula.jpg","datePublished":"2025-03-09T19:50:12+00:00","dateModified":"2025-08-04T17:44:36+00:00","description":"A Herbalifeline Max egy omega-3 zs\u00edrsavakban gazdag \u00e9trend-kieg\u00e9sz\u00edt\u0151, amely hozz\u00e1j\u00e1rul a sz\u00edv norm\u00e1l m\u0171k\u00f6d\u00e9s\u00e9hez \u00e9s a norm\u00e1l v\u00e9rnyom\u00e1shoz.","breadcrumb":{"@id":"https:\/\/herbastore.sk\/hu\/termekek\/vitaminok-es-asvanyi-anyagok\/herbalifeline-max\/#breadcrumb"},"inLanguage":"hu","potentialAction":[{"@type":"ReadAction","target":["https:\/\/herbastore.sk\/hu\/termekek\/vitaminok-es-asvanyi-anyagok\/herbalifeline-max\/"]}]},{"@type":"ImageObject","inLanguage":"hu","@id":"https:\/\/herbastore.sk\/hu\/termekek\/vitaminok-es-asvanyi-anyagok\/herbalifeline-max\/#primaryimage","url":"https:\/\/herbastore.sk\/wp-content\/uploads\/2025\/02\/herbalifeline-max-30-kapszula.jpg","contentUrl":"https:\/\/herbastore.sk\/wp-content\/uploads\/2025\/02\/herbalifeline-max-30-kapszula.jpg","width":534,"height":800,"caption":"Herbalife Herbalifeline Max"},{"@type":"BreadcrumbList","@id":"https:\/\/herbastore.sk\/hu\/termekek\/vitaminok-es-asvanyi-anyagok\/herbalifeline-max\/#breadcrumb","itemListElement":[{"@type":"ListItem","position":1,"name":"Home","item":"https:\/\/herbastore.sk\/hu\/"},{"@type":"ListItem","position":2,"name":"Term\u00e9kek","item":"https:\/\/herbastore.sk\/hu\/termekek\/"},{"@type":"ListItem","position":3,"name":"Herbalifeline Max"}]},{"@type":"WebSite","@id":"https:\/\/herbastore.sk\/hu\/#website","url":"https:\/\/herbastore.sk\/hu\/","name":"herbastore","description":"Produkty Herbalife z pohodlia v\u00e1\u0161ho domova","publisher":{"@id":"https:\/\/herbastore.sk\/hu\/#organization"},"potentialAction":[{"@type":"SearchAction","target":{"@type":"EntryPoint","urlTemplate":"https:\/\/herbastore.sk\/hu\/?s={search_term_string}"},"query-input":{"@type":"PropertyValueSpecification","valueRequired":true,"valueName":"search_term_string"}}],"inLanguage":"hu"},{"@type":"Organization","@id":"https:\/\/herbastore.sk\/hu\/#organization","name":"herbastore.sk","url":"https:\/\/herbastore.sk\/hu\/","logo":{"@type":"ImageObject","inLanguage":"hu","@id":"https:\/\/herbastore.sk\/hu\/#\/schema\/logo\/image\/","url":"https:\/\/herbastore.sk\/wp-content\/uploads\/2018\/11\/herbastore-ikona.png","contentUrl":"https:\/\/herbastore.sk\/wp-content\/uploads\/2018\/11\/herbastore-ikona.png","width":512,"height":512,"caption":"herbastore.sk"},"image":{"@id":"https:\/\/herbastore.sk\/hu\/#\/schema\/logo\/image\/"},"sameAs":["https:\/\/www.facebook.com\/herbastoresk\/","https:\/\/www.instagram.com\/herbastore.sk\/"]}]}},"_links":{"self":[{"href":"https:\/\/herbastore.sk\/hu\/wp-json\/wp\/v2\/product\/28841","targetHints":{"allow":["GET"]}}],"collection":[{"href":"https:\/\/herbastore.sk\/hu\/wp-json\/wp\/v2\/product"}],"about":[{"href":"https:\/\/herbastore.sk\/hu\/wp-json\/wp\/v2\/types\/product"}],"replies":[{"embeddable":true,"href":"https:\/\/herbastore.sk\/hu\/wp-json\/wp\/v2\/comments?post=28841"}],"wp:featuredmedia":[{"embeddable":true,"href":"https:\/\/herbastore.sk\/hu\/wp-json\/wp\/v2\/media\/28463"}],"wp:attachment":[{"href":"https:\/\/herbastore.sk\/hu\/wp-json\/wp\/v2\/media?parent=28841"}],"wp:term":[{"taxonomy":"product_brand","embeddable":true,"href":"https:\/\/herbastore.sk\/hu\/wp-json\/wp\/v2\/product_brand?post=28841"},{"taxonomy":"product_cat","embeddable":true,"href":"https:\/\/herbastore.sk\/hu\/wp-json\/wp\/v2\/product_cat?post=28841"},{"taxonomy":"product_tag","embeddable":true,"href":"https:\/\/herbastore.sk\/hu\/wp-json\/wp\/v2\/product_tag?post=28841"}],"curies":[{"name":"wp","href":"https:\/\/api.w.org\/{rel}","templated":true}]}}