{"id":28832,"date":"2019-04-06T11:15:20","date_gmt":"2025-03-09T17:21:29","guid":{"rendered":"https:\/\/herbastore.sk\/produkty\/nem-kategorizalt\/multi-rost-ital\/"},"modified":"2025-11-24T09:52:07","modified_gmt":"2025-11-24T08:52:07","slug":"multi-rost-ital","status":"publish","type":"product","link":"https:\/\/herbastore.sk\/hu\/termekek\/celzott-taplalkozas\/multi-rost-ital\/","title":{"rendered":"Multi-Rost ital"},"content":{"rendered":"<h2>Milyen el\u0151ny\u00f6kkel j\u00e1r a Multi-Rost ital?<\/h2>\n<p>A rost nagyon fontos szerepet j\u00e1tszik az em\u00e9szt\u0151rendszer\u00fcnkben, mivel tiszt\u00edtja \u00e9s ki\u00fcr\u00edti a v\u00e9konybelet. A napi aj\u00e1nlott adag 25 \u00e9s 35 g k\u00f6z\u00f6tt mozog egy feln\u0151tt sz\u00e1m\u00e1ra, s\u00faly\u00e1t\u00f3l f\u00fcgg\u0151en, de haz\u00e1nkban az \u00e1tlag fogyaszt\u00e1s csak k\u00f6r\u00fclbel\u00fcl 16 gramm. Kezdje a napot egy Multi-Rost itallal, ez k\u00e9nyelmes \u00e9s finom m\u00f3dja a napi rostbevitel n\u00f6vel\u00e9s\u00e9nek.<\/p>\n<p>Ha a jelenlegi napi rostbevitel alacsony, gy\u0151z\u0151djen meg r\u00f3la, hogy fokozatosan n\u00f6veli a rostbevitelt, \u00e9s ne felejtsen el sok vizet inni.<\/p>\n<p><strong>A Multi-Rost ital bev\u00e9tel\u00e9nek k\u00e9t m\u00f3dja:<\/strong><\/p>\n<ol>\n<li><strong>Eg\u00e9szs\u00e9ges snack<\/strong> \u2013 keverje \u00f6ssze v\u00edzzel, \u00e9s \u00edzletes alma \u00edz\u0171 italt kap.<\/li>\n<li><strong>K\u00e9sz\u00edtsen bel\u0151le \u00e9telt<\/strong> \u2013 adjon hozz\u00e1 egy adag Multi-Rost italt egy Formula 1 kokt\u00e9lhoz, hogy <a href=\"https:\/\/herbastore.sk\/produkty\/vyvazene-jedlo\/formula-1-koktail\/\">eg\u00e9szs\u00e9ges kokt\u00e9lt<\/a> hozzon l\u00e9tre enyhe alma \u00edzzel \u00e9s adagonk\u00e9nt legfeljebb 10 g rosttal<\/li>\n<\/ol>\n<h2>Hat\u00e1sok \u00e9s funkci\u00f3k<\/h2>\n<p>Pavel Kohout, MD, PhD., vezet\u0151 klinikai t\u00e1pl\u00e1lkoz\u00e1si \u00e9s anyagcsere szak\u00e9rt\u0151 \u00e9s a Herbalife Nemzetk\u00f6zi T\u00e1pl\u00e1lkoz\u00e1si Tan\u00e1csad\u00f3 Test\u00fclet tagja mondja:<\/p>\n<blockquote><p>Sok embernek em\u00e9szt\u00e9si probl\u00e9m\u00e1i vannak, mint p\u00e9ld\u00e1ul sz\u00e9kreked\u00e9s vagy hasmen\u00e9s a testmozg\u00e1s hi\u00e1nya \u00e9s a szab\u00e1lytalan \u00e9s eg\u00e9szs\u00e9gtelen \u00e9trend miatt. A Multi-Rost ital fogyaszt\u00e1sa gyors \u00e9s egyszer\u0171 m\u00f3dja az eg\u00e9szs\u00e9ges em\u00e9szt\u00e9s el\u0151seg\u00edt\u00e9s\u00e9nek a nap folyam\u00e1n.<\/p><\/blockquote>\n<div class=\"row\"  id=\"row-1372260155\">\n\n\t<div id=\"col-1744930786\" class=\"col medium-1\/2 large-6\"  >\n\t\t\t\t<div class=\"col-inner\"  >\n\t\t\t\n\t\t\t\n<ul>\n<li class=\"bullet-checkmark\">5 g rost adagonk\u00e9nt<\/li>\n<li class=\"bullet-checkmark\">6 term\u00e9szetes rostforr\u00e1s &#8211; citrusf\u00e9l\u00e9k, alma, zab, kukorica, sz\u00f3ja, cik\u00f3ria<\/li>\n<li class=\"bullet-checkmark\">18 kcal adagonk\u00e9nt<\/li>\n<li class=\"bullet-checkmark\">Cukormentes<\/li>\n<\/ul>\n\t\t<\/div>\n\t\t\t\t\t<\/div>\n\n\t\n\n\t<div id=\"col-1592230\" class=\"col medium-1\/2 large-6\"  >\n\t\t\t\t<div class=\"col-inner\"  >\n\t\t\t\n\t\t\t\n<ul>\n<li class=\"bullet-checkmark\">Nem tartalmaz mesters\u00e9ges \u00e9des\u00edt\u0151szert<\/li>\n<li class=\"bullet-checkmark\">Jav\u00edtja a b\u00e9lm\u0171k\u00f6d\u00e9st<\/li>\n<li class=\"bullet-checkmark\">Oldhat\u00f3 \u00e9s oldhatatlan rostot egyar\u00e1nt tartalmaz<\/li>\n<li class=\"bullet-checkmark\">Fogyassza v\u00edzzel, vagy keverje kedvenc Forma-1-es kokt\u00e9lj\u00e1hoz<\/li>\n<\/ul>\n\t\t<\/div>\n\t\t\t\t\t<\/div>\n\n\t\n<\/div>\n<h2>Adagol\u00e1s<\/h2>\n<p>Keverjen el 1 m\u00e9r\u0151kan\u00e1lnyit (6,8 g) 150 ml v\u00edzzel, vagy adjon hozz\u00e1 egy gomb\u00f3cot kedvenc <a href=\"https:\/\/herbastore.sk\/produkty\/vyvazene-jedlo\/formula-1-koktail\/\">Formula 1 kokt\u00e9lj\u00e1hoz<\/a>. Fogyassza ezt a term\u00e9ket a kiegyens\u00falyozott \u00e9s v\u00e1ltozatos \u00e9trend \u00e9s az eg\u00e9szs\u00e9ges, akt\u00edv \u00e9letm\u00f3d r\u00e9szek\u00e9nt.<\/p>\n<p style=\"text-align: center;\"><a href=\"https:\/\/herbastore.sk\/wp-content\/uploads\/2025\/03\/multi-rost-ital-alma-204g-2554.jpg\"><img decoding=\"async\" class=\"aligncenter wp-image-3060 size-full\" src=\"https:\/\/herbastore.sk\/wp-content\/uploads\/2025\/03\/multi-rost-ital-alma-204g-2554.jpg\" alt=\"Herbalife Multi-Rost ital t\u00e1p\u00e9rt\u00e9k\" width=\"600\" height=\"auto\"><\/a><\/p>\n<p style=\"text-align: center;\"><em>T\u00e1p\u00e9rt\u00e9k &#8211; Multi-Rost ital<\/em><\/p>\n","protected":false},"excerpt":{"rendered":"<p>204 gr<\/p>\n<div class=\"is-divider divider clearfix\" ><\/div>\n<p>Oldhat\u00f3 \u00e9s oldhatatlan rostok egyed\u00fcl\u00e1ll\u00f3 kever\u00e9ke cukor \u00e9s mesters\u00e9ges \u00e9des\u00edt\u0151szerek n\u00e9lk\u00fcl. A Multi-Rost ital 6 term\u00e9szetes rostforr\u00e1st tartalmaz &#8211; alma, zab, kukorica, citrusf\u00e9l\u00e9k, cik\u00f3ria \u00e9s sz\u00f3ja.<\/p>\n","protected":false},"featured_media":23075,"comment_status":"open","ping_status":"closed","template":"","meta":{"inline_featured_image":false},"product_brand":[],"product_cat":[379],"product_tag":[392],"class_list":{"0":"post-28832","1":"product","2":"type-product","3":"status-publish","4":"has-post-thumbnail","6":"product_cat-celzott-taplalkozas","7":"product_tag-emesztorendszer-helyes-mukodese","9":"first","10":"instock","11":"taxable","12":"shipping-taxable","13":"purchasable","14":"product-type-simple"},"yoast_head":"<!-- This site is optimized with the Yoast SEO plugin v26.8 - https:\/\/yoast.com\/product\/yoast-seo-wordpress\/ -->\n<title>Herbalife Multi-Rost ital 204 g - herbastore<\/title>\n<meta name=\"description\" content=\"A Multi-Rost ital ital oldhat\u00f3 \u00e9s oldhatatlan rostok egyed\u00fcl\u00e1ll\u00f3 kever\u00e9ke cukor \u00e9s mesters\u00e9ges \u00e9des\u00edt\u0151szerek n\u00e9lk\u00fcl. Jav\u00edtja az eg\u00e9sz em\u00e9szt\u0151rendszer m\u0171k\u00f6d\u00e9s\u00e9t.\" \/>\n<meta name=\"robots\" content=\"index, follow, max-snippet:-1, max-image-preview:large, max-video-preview:-1\" \/>\n<link rel=\"canonical\" href=\"https:\/\/herbastore.sk\/hu\/termekek\/celzott-taplalkozas\/multi-rost-ital\/\" \/>\n<meta property=\"og:locale\" content=\"hu_HU\" \/>\n<meta property=\"og:type\" content=\"article\" \/>\n<meta property=\"og:title\" content=\"Herbalife Multi-Rost ital 204 g - herbastore\" \/>\n<meta property=\"og:description\" content=\"A Multi-Rost ital ital oldhat\u00f3 \u00e9s oldhatatlan rostok egyed\u00fcl\u00e1ll\u00f3 kever\u00e9ke cukor \u00e9s mesters\u00e9ges \u00e9des\u00edt\u0151szerek n\u00e9lk\u00fcl. Jav\u00edtja az eg\u00e9sz em\u00e9szt\u0151rendszer m\u0171k\u00f6d\u00e9s\u00e9t.\" \/>\n<meta property=\"og:url\" content=\"https:\/\/herbastore.sk\/hu\/termekek\/celzott-taplalkozas\/multi-rost-ital\/\" \/>\n<meta property=\"og:site_name\" content=\"herbastore\" \/>\n<meta property=\"article:publisher\" content=\"https:\/\/www.facebook.com\/herbastoresk\/\" \/>\n<meta property=\"article:modified_time\" content=\"2025-11-24T08:52:07+00:00\" \/>\n<meta property=\"og:image\" content=\"https:\/\/herbastore.sk\/wp-content\/uploads\/2025\/02\/multi-rost-ital-alma-204g-1.jpg\" \/>\n\t<meta property=\"og:image:width\" content=\"534\" \/>\n\t<meta property=\"og:image:height\" content=\"800\" \/>\n\t<meta property=\"og:image:type\" content=\"image\/jpeg\" \/>\n<meta name=\"twitter:card\" content=\"summary_large_image\" \/>\n<meta name=\"twitter:label1\" content=\"Becs\u00fclt olvas\u00e1si id\u0151\" \/>\n\t<meta name=\"twitter:data1\" content=\"2 perc\" \/>\n<script type=\"application\/ld+json\" class=\"yoast-schema-graph\">{\"@context\":\"https:\/\/schema.org\",\"@graph\":[{\"@type\":\"WebPage\",\"@id\":\"https:\/\/herbastore.sk\/hu\/termekek\/celzott-taplalkozas\/multi-rost-ital\/\",\"url\":\"https:\/\/herbastore.sk\/hu\/termekek\/celzott-taplalkozas\/multi-rost-ital\/\",\"name\":\"Herbalife Multi-Rost ital 204 g - herbastore\",\"isPartOf\":{\"@id\":\"https:\/\/herbastore.sk\/hu\/#website\"},\"primaryImageOfPage\":{\"@id\":\"https:\/\/herbastore.sk\/hu\/termekek\/celzott-taplalkozas\/multi-rost-ital\/#primaryimage\"},\"image\":{\"@id\":\"https:\/\/herbastore.sk\/hu\/termekek\/celzott-taplalkozas\/multi-rost-ital\/#primaryimage\"},\"thumbnailUrl\":\"https:\/\/herbastore.sk\/wp-content\/uploads\/2025\/02\/multi-rost-ital-alma-204g-1.jpg\",\"datePublished\":\"2025-03-09T17:21:29+00:00\",\"dateModified\":\"2025-11-24T08:52:07+00:00\",\"description\":\"A Multi-Rost ital ital oldhat\u00f3 \u00e9s oldhatatlan rostok egyed\u00fcl\u00e1ll\u00f3 kever\u00e9ke cukor \u00e9s mesters\u00e9ges \u00e9des\u00edt\u0151szerek n\u00e9lk\u00fcl. Jav\u00edtja az eg\u00e9sz em\u00e9szt\u0151rendszer m\u0171k\u00f6d\u00e9s\u00e9t.\",\"breadcrumb\":{\"@id\":\"https:\/\/herbastore.sk\/hu\/termekek\/celzott-taplalkozas\/multi-rost-ital\/#breadcrumb\"},\"inLanguage\":\"hu\",\"potentialAction\":[{\"@type\":\"ReadAction\",\"target\":[\"https:\/\/herbastore.sk\/hu\/termekek\/celzott-taplalkozas\/multi-rost-ital\/\"]}]},{\"@type\":\"ImageObject\",\"inLanguage\":\"hu\",\"@id\":\"https:\/\/herbastore.sk\/hu\/termekek\/celzott-taplalkozas\/multi-rost-ital\/#primaryimage\",\"url\":\"https:\/\/herbastore.sk\/wp-content\/uploads\/2025\/02\/multi-rost-ital-alma-204g-1.jpg\",\"contentUrl\":\"https:\/\/herbastore.sk\/wp-content\/uploads\/2025\/02\/multi-rost-ital-alma-204g-1.jpg\",\"width\":534,\"height\":800,\"caption\":\"Herbalife Multi-Rost ital\"},{\"@type\":\"BreadcrumbList\",\"@id\":\"https:\/\/herbastore.sk\/hu\/termekek\/celzott-taplalkozas\/multi-rost-ital\/#breadcrumb\",\"itemListElement\":[{\"@type\":\"ListItem\",\"position\":1,\"name\":\"Home\",\"item\":\"https:\/\/herbastore.sk\/hu\/\"},{\"@type\":\"ListItem\",\"position\":2,\"name\":\"Term\u00e9kek\",\"item\":\"https:\/\/herbastore.sk\/hu\/termekek\/\"},{\"@type\":\"ListItem\",\"position\":3,\"name\":\"Multi-Rost ital\"}]},{\"@type\":\"WebSite\",\"@id\":\"https:\/\/herbastore.sk\/hu\/#website\",\"url\":\"https:\/\/herbastore.sk\/hu\/\",\"name\":\"herbastore\",\"description\":\"Produkty Herbalife z pohodlia v\u00e1\u0161ho domova\",\"publisher\":{\"@id\":\"https:\/\/herbastore.sk\/hu\/#organization\"},\"potentialAction\":[{\"@type\":\"SearchAction\",\"target\":{\"@type\":\"EntryPoint\",\"urlTemplate\":\"https:\/\/herbastore.sk\/hu\/?s={search_term_string}\"},\"query-input\":{\"@type\":\"PropertyValueSpecification\",\"valueRequired\":true,\"valueName\":\"search_term_string\"}}],\"inLanguage\":\"hu\"},{\"@type\":\"Organization\",\"@id\":\"https:\/\/herbastore.sk\/hu\/#organization\",\"name\":\"herbastore.sk\",\"url\":\"https:\/\/herbastore.sk\/hu\/\",\"logo\":{\"@type\":\"ImageObject\",\"inLanguage\":\"hu\",\"@id\":\"https:\/\/herbastore.sk\/hu\/#\/schema\/logo\/image\/\",\"url\":\"https:\/\/herbastore.sk\/wp-content\/uploads\/2018\/11\/herbastore-ikona.png\",\"contentUrl\":\"https:\/\/herbastore.sk\/wp-content\/uploads\/2018\/11\/herbastore-ikona.png\",\"width\":512,\"height\":512,\"caption\":\"herbastore.sk\"},\"image\":{\"@id\":\"https:\/\/herbastore.sk\/hu\/#\/schema\/logo\/image\/\"},\"sameAs\":[\"https:\/\/www.facebook.com\/herbastoresk\/\",\"https:\/\/www.instagram.com\/herbastore.sk\/\"]}]}<\/script>\n<!-- \/ Yoast SEO plugin. -->","yoast_head_json":{"title":"Herbalife Multi-Rost ital 204 g - herbastore","description":"A Multi-Rost ital ital oldhat\u00f3 \u00e9s oldhatatlan rostok egyed\u00fcl\u00e1ll\u00f3 kever\u00e9ke cukor \u00e9s mesters\u00e9ges \u00e9des\u00edt\u0151szerek n\u00e9lk\u00fcl. Jav\u00edtja az eg\u00e9sz em\u00e9szt\u0151rendszer m\u0171k\u00f6d\u00e9s\u00e9t.","robots":{"index":"index","follow":"follow","max-snippet":"max-snippet:-1","max-image-preview":"max-image-preview:large","max-video-preview":"max-video-preview:-1"},"canonical":"https:\/\/herbastore.sk\/hu\/termekek\/celzott-taplalkozas\/multi-rost-ital\/","og_locale":"hu_HU","og_type":"article","og_title":"Herbalife Multi-Rost ital 204 g - herbastore","og_description":"A Multi-Rost ital ital oldhat\u00f3 \u00e9s oldhatatlan rostok egyed\u00fcl\u00e1ll\u00f3 kever\u00e9ke cukor \u00e9s mesters\u00e9ges \u00e9des\u00edt\u0151szerek n\u00e9lk\u00fcl. Jav\u00edtja az eg\u00e9sz em\u00e9szt\u0151rendszer m\u0171k\u00f6d\u00e9s\u00e9t.","og_url":"https:\/\/herbastore.sk\/hu\/termekek\/celzott-taplalkozas\/multi-rost-ital\/","og_site_name":"herbastore","article_publisher":"https:\/\/www.facebook.com\/herbastoresk\/","article_modified_time":"2025-11-24T08:52:07+00:00","og_image":[{"width":534,"height":800,"url":"https:\/\/herbastore.sk\/wp-content\/uploads\/2025\/02\/multi-rost-ital-alma-204g-1.jpg","type":"image\/jpeg"}],"twitter_card":"summary_large_image","twitter_misc":{"Becs\u00fclt olvas\u00e1si id\u0151":"2 perc"},"schema":{"@context":"https:\/\/schema.org","@graph":[{"@type":"WebPage","@id":"https:\/\/herbastore.sk\/hu\/termekek\/celzott-taplalkozas\/multi-rost-ital\/","url":"https:\/\/herbastore.sk\/hu\/termekek\/celzott-taplalkozas\/multi-rost-ital\/","name":"Herbalife Multi-Rost ital 204 g - herbastore","isPartOf":{"@id":"https:\/\/herbastore.sk\/hu\/#website"},"primaryImageOfPage":{"@id":"https:\/\/herbastore.sk\/hu\/termekek\/celzott-taplalkozas\/multi-rost-ital\/#primaryimage"},"image":{"@id":"https:\/\/herbastore.sk\/hu\/termekek\/celzott-taplalkozas\/multi-rost-ital\/#primaryimage"},"thumbnailUrl":"https:\/\/herbastore.sk\/wp-content\/uploads\/2025\/02\/multi-rost-ital-alma-204g-1.jpg","datePublished":"2025-03-09T17:21:29+00:00","dateModified":"2025-11-24T08:52:07+00:00","description":"A Multi-Rost ital ital oldhat\u00f3 \u00e9s oldhatatlan rostok egyed\u00fcl\u00e1ll\u00f3 kever\u00e9ke cukor \u00e9s mesters\u00e9ges \u00e9des\u00edt\u0151szerek n\u00e9lk\u00fcl. Jav\u00edtja az eg\u00e9sz em\u00e9szt\u0151rendszer m\u0171k\u00f6d\u00e9s\u00e9t.","breadcrumb":{"@id":"https:\/\/herbastore.sk\/hu\/termekek\/celzott-taplalkozas\/multi-rost-ital\/#breadcrumb"},"inLanguage":"hu","potentialAction":[{"@type":"ReadAction","target":["https:\/\/herbastore.sk\/hu\/termekek\/celzott-taplalkozas\/multi-rost-ital\/"]}]},{"@type":"ImageObject","inLanguage":"hu","@id":"https:\/\/herbastore.sk\/hu\/termekek\/celzott-taplalkozas\/multi-rost-ital\/#primaryimage","url":"https:\/\/herbastore.sk\/wp-content\/uploads\/2025\/02\/multi-rost-ital-alma-204g-1.jpg","contentUrl":"https:\/\/herbastore.sk\/wp-content\/uploads\/2025\/02\/multi-rost-ital-alma-204g-1.jpg","width":534,"height":800,"caption":"Herbalife Multi-Rost ital"},{"@type":"BreadcrumbList","@id":"https:\/\/herbastore.sk\/hu\/termekek\/celzott-taplalkozas\/multi-rost-ital\/#breadcrumb","itemListElement":[{"@type":"ListItem","position":1,"name":"Home","item":"https:\/\/herbastore.sk\/hu\/"},{"@type":"ListItem","position":2,"name":"Term\u00e9kek","item":"https:\/\/herbastore.sk\/hu\/termekek\/"},{"@type":"ListItem","position":3,"name":"Multi-Rost ital"}]},{"@type":"WebSite","@id":"https:\/\/herbastore.sk\/hu\/#website","url":"https:\/\/herbastore.sk\/hu\/","name":"herbastore","description":"Produkty Herbalife z pohodlia v\u00e1\u0161ho domova","publisher":{"@id":"https:\/\/herbastore.sk\/hu\/#organization"},"potentialAction":[{"@type":"SearchAction","target":{"@type":"EntryPoint","urlTemplate":"https:\/\/herbastore.sk\/hu\/?s={search_term_string}"},"query-input":{"@type":"PropertyValueSpecification","valueRequired":true,"valueName":"search_term_string"}}],"inLanguage":"hu"},{"@type":"Organization","@id":"https:\/\/herbastore.sk\/hu\/#organization","name":"herbastore.sk","url":"https:\/\/herbastore.sk\/hu\/","logo":{"@type":"ImageObject","inLanguage":"hu","@id":"https:\/\/herbastore.sk\/hu\/#\/schema\/logo\/image\/","url":"https:\/\/herbastore.sk\/wp-content\/uploads\/2018\/11\/herbastore-ikona.png","contentUrl":"https:\/\/herbastore.sk\/wp-content\/uploads\/2018\/11\/herbastore-ikona.png","width":512,"height":512,"caption":"herbastore.sk"},"image":{"@id":"https:\/\/herbastore.sk\/hu\/#\/schema\/logo\/image\/"},"sameAs":["https:\/\/www.facebook.com\/herbastoresk\/","https:\/\/www.instagram.com\/herbastore.sk\/"]}]}},"_links":{"self":[{"href":"https:\/\/herbastore.sk\/hu\/wp-json\/wp\/v2\/product\/28832","targetHints":{"allow":["GET"]}}],"collection":[{"href":"https:\/\/herbastore.sk\/hu\/wp-json\/wp\/v2\/product"}],"about":[{"href":"https:\/\/herbastore.sk\/hu\/wp-json\/wp\/v2\/types\/product"}],"replies":[{"embeddable":true,"href":"https:\/\/herbastore.sk\/hu\/wp-json\/wp\/v2\/comments?post=28832"}],"wp:featuredmedia":[{"embeddable":true,"href":"https:\/\/herbastore.sk\/hu\/wp-json\/wp\/v2\/media\/23075"}],"wp:attachment":[{"href":"https:\/\/herbastore.sk\/hu\/wp-json\/wp\/v2\/media?parent=28832"}],"wp:term":[{"taxonomy":"product_brand","embeddable":true,"href":"https:\/\/herbastore.sk\/hu\/wp-json\/wp\/v2\/product_brand?post=28832"},{"taxonomy":"product_cat","embeddable":true,"href":"https:\/\/herbastore.sk\/hu\/wp-json\/wp\/v2\/product_cat?post=28832"},{"taxonomy":"product_tag","embeddable":true,"href":"https:\/\/herbastore.sk\/hu\/wp-json\/wp\/v2\/product_tag?post=28832"}],"curies":[{"name":"wp","href":"https:\/\/api.w.org\/{rel}","templated":true}]}}