{"id":28810,"date":"2018-10-21T20:24:47","date_gmt":"2025-03-05T22:36:51","guid":{"rendered":"https:\/\/herbastore.sk\/produkty\/nem-kategorizalt\/cr7-drive\/"},"modified":"2025-03-19T23:16:43","modified_gmt":"2025-03-19T22:16:43","slug":"cr7-drive","status":"publish","type":"product","link":"https:\/\/herbastore.sk\/hu\/termekek\/h24-sporttaplalkozas\/cr7-drive\/","title":{"rendered":"CR7 Drive"},"content":{"rendered":"<p>A CR7 Drive egy hipot\u00f3ni\u00e1s ital a hidrat\u00e1ci\u00f3 jav\u00edt\u00e1s\u00e1ra \u00e9s az \u00e1ll\u00f3k\u00e9pess\u00e9g n\u00f6vel\u00e9s\u00e9re.<br \/>\n\t<div id=\"gap-249571452\" class=\"gap-element clearfix\" style=\"display:block; height:auto;\">\n\t\t\n<style>\n#gap-249571452 {\n  padding-top: 30px;\n}\n<\/style>\n\t<\/div>\n\t\n<div class=\"row row-boxed\"  id=\"row-528810851\">\n\n\t<div id=\"col-1249245340\" class=\"col medium-1\/3 large-4\"  >\n\t\t\t\t<div class=\"col-inner\"  >\n\t\t\t\n\t\t\t\n<h3>A CR7 Drive t\u00e1mogatja a folyad\u00e9kbevitelt edz\u00e9s k\u00f6zben<\/h3>\n<p> Edz\u00e9s k\u00f6zben \u00f3r\u00e1nk\u00e9nt 0,5-2 liter folyad\u00e9kot vesz\u00edt a szervezet izzad\u00e1ssal. Ez a folyad\u00e9kvesztes\u00e9g v\u00edz \u00e9s elektrolitok (pl. n\u00e1trium, k\u00e1lium \u00e9s magn\u00e9zium) kombin\u00e1ci\u00f3ja. Mivel a dehidrat\u00e1ci\u00f3 az aerob teljes\u00edtm\u00e9ny cs\u00f6kken\u00e9s\u00e9hez \u00e9s az \u00e9szlelt terhel\u00e9s n\u00f6veked\u00e9s\u00e9hez vezet, a folyad\u00e9k \u00e9s az elektrolit p\u00f3tl\u00e1s\u00e1nak edz\u00e9s k\u00f6zben els\u0151bbs\u00e9get kell \u00e9lveznie. A kutat\u00e1sok azt mutatj\u00e1k, hogy a sz\u00e9nhidrog\u00e9n \u00e9s elektrolit oldatok el\u0151seg\u00edtik a folyad\u00e9kbevitelt edz\u00e9s k\u00f6zben, \u00edgy ide\u00e1lis megold\u00e1st jelentenek edz\u00e9s k\u00f6zben, k\u00fcl\u00f6n\u00f6sen meleg id\u0151ben t\u00f6rt\u00e9n\u0151 edz\u00e9s eset\u00e9n.<\/p>\n\t\t<\/div>\n\t\t\t\t\t<\/div>\n\n\t\n\n\t<div id=\"col-128139426\" class=\"col medium-1\/3 large-4\"  >\n\t\t\t\t<div class=\"col-inner\"  >\n\t\t\t\n\t\t\t\n<h3>A CR7 Drive seg\u00edt fenntartani az \u00e1ll\u00f3k\u00e9pess\u00e9get a hossz\u00fa edz\u00e9sek sor\u00e1n<\/h3>\n<p> A k\u00e9t f\u0151 t\u00e9nyez\u0151, amely f\u00e1radts\u00e1got okoz az edz\u00e9s sor\u00e1n, a szervezet sz\u00e9nhidrog\u00e9n-tartal\u00e9k\u00e9inak kimer\u00fcl\u00e9se \u00e9s a v\u00edz- \u00e9s elektrolitvesztes\u00e9g miatti dehidrat\u00e1ci\u00f3 az izzad\u00e1s sor\u00e1n. Ez k\u00e1ros az atl\u00e9tikai teljes\u00edtm\u00e9nyre, k\u00fcl\u00f6n\u00f6sen a meleg id\u0151ben \u00e9s \/ vagy nagy magass\u00e1gban v\u00e9gzett \u00e1ll\u00f3k\u00e9pess\u00e9gi tev\u00e9kenys\u00e9gek sor\u00e1n. A tanulm\u00e1nyok azt mutatj\u00e1k, hogy a sz\u00e9nhidr\u00e1t \u00e9s elektrolit italok szerepet j\u00e1tszanak a teljes\u00edtm\u00e9ny fenntart\u00e1s\u00e1ban az \u00e1ll\u00f3k\u00e9pess\u00e9gi edz\u00e9s sor\u00e1n, \u00e9s seg\u00edthetnek a szervezetnek fenntartani a folyad\u00e9k \u00e9s az elektrolit egyens\u00faly\u00e1t a sima v\u00edzhez k\u00e9pest.<\/p>\n\t\t<\/div>\n\t\t\t\t\t<\/div>\n\n\t\n\n\t<div id=\"col-1828287772\" class=\"col medium-1\/3 large-4\"  >\n\t\t\t\t<div class=\"col-inner\"  >\n\t\t\t\n\t\t\t\n<h3>Az izomm\u0171k\u00f6d\u00e9s regener\u00e1l\u00e1sa kem\u00e9ny edz\u00e9s vagy verseny ut\u00e1n<\/h3>\n<p> A CR7 Drive adagj\u00e1ban l\u00e9v\u0151 kilokal\u00f3ri\u00e1k t\u00f6bb mint 75% -a gyorsan felsz\u00edv\u00f3d\u00f3 sz\u00e9nhidrog\u00e9nekb\u0151l sz\u00e1rmazik, amelyek gyorsan gl\u00fck\u00f3z form\u00e1j\u00e1ban bel\u00e9pnek a v\u00e9r\u00e1ramba. A tudom\u00e1nyi kutat\u00e1s kimutatta, hogy ezeknek a gl\u00fck\u00f3zt biztos\u00edt\u00f3 sz\u00e9nhidrog\u00e9neknek a fogyaszt\u00e1sa k\u00f6zvetlen\u00fcl a meger\u0151ltet\u0151 edz\u00e9s ut\u00e1n seg\u00edthet a norm\u00e1l izomm\u0171k\u00f6d\u00e9s helyre\u00e1ll\u00edt\u00e1s\u00e1ban. Pozit\u00edv hat\u00e1s \u00e9rhet\u0151 el, ha minden forr\u00e1sb\u00f3l bevissz\u00fck a sz\u00e9nhidrog\u00e9neket a szervezetbe, \u00f6sszesen 4 g \/ testt\u00f6meg-kg bevitellel az els\u0151 4 \u00f3r\u00e1ig, de legk\u00e9s\u0151bb 6 \u00f3r\u00e1val a meger\u0151ltet\u0151 edz\u00e9s ut\u00e1n.<\/p>\n\t\t<\/div>\n\t\t\t\t\t<\/div>\n\n\t\n<\/div>\n<p><a href=\"https:\/\/herbastore.sk\/wp-content\/uploads\/2025\/03\/herbalife24-cr7-drive-acai-bogyo-540g-1466.jpg\"><img decoding=\"async\" class=\"aligncenter size-full wp-image-1306\" src=\"https:\/\/herbastore.sk\/wp-content\/uploads\/2025\/03\/herbalife24-cr7-drive-acai-bogyo-540g-1466.jpg\" alt=\"CR7 Drive t\u00e1p\u00e9rt\u00e9k\" width=\"600\" height=\"auto\"><\/a><\/p>\n<p style=\"text-align: center;\"><em>T\u00e1p\u00e9rt\u00e9k \u2013 CR7 Drive<\/em><\/p>\n","protected":false},"excerpt":{"rendered":"<p>540 gr<\/p>\n<div class=\"is-divider divider clearfix\" ><\/div>\n<p>Szerezze meg gyorsan az edz\u00e9sehez sz\u00fcks\u00e9ges energi\u00e1t, \u00e9s n\u00f6velje test\u00e9nek folyad\u00e9ktartalm\u00e1t a CR7 Drive-val!<\/p>\n<p>\u00cdzletes \u00e9s friss\u00edt\u0151 sz\u00e9nhidr\u00e1t-elektrolit ital, amely b\u00e1rmilyen sporttev\u00e9kenys\u00e9g sor\u00e1n haszn\u00e1lhat\u00f3.<\/p>\n<ul>\n<li>Alap elektrolitokat tartalmazza: 249 mg n\u00e1trium \u00e9s 142 mg magn\u00e9zium adagonk\u00e9nt<\/li>\n<li>Kevesebb, mint 100 kcal adagonk\u00e9nt, hogy seg\u00edtsen szab\u00e1lyozni a kal\u00f3riabevitelt<\/li>\n<li>Nem tartalmaz mesters\u00e9ges \u00e9des\u00edt\u0151szert<\/li>\n<\/ul>\n","protected":false},"featured_media":28577,"comment_status":"open","ping_status":"closed","template":"","meta":{"inline_featured_image":false},"product_brand":[],"product_cat":[378],"product_tag":[],"class_list":{"0":"post-28810","1":"product","2":"type-product","3":"status-publish","4":"has-post-thumbnail","6":"product_cat-h24-sporttaplalkozas","8":"first","9":"instock","10":"taxable","11":"shipping-taxable","12":"purchasable","13":"product-type-simple"},"yoast_head":"<!-- This site is optimized with the Yoast SEO plugin v26.8 - https:\/\/yoast.com\/product\/yoast-seo-wordpress\/ -->\n<title>Herbalife CR7 Drive 540 g - herbastore<\/title>\n<meta name=\"description\" content=\"A CR7 Drive egy hipot\u00f3ni\u00e1s ital, amelyet a bolyg\u00f3 legjobb futballist\u00e1ja, Cristiano Ronaldo k\u00f6zrem\u0171k\u00f6d\u00e9s\u00e9vel fejlesztettek ki. A hidrat\u00e1ci\u00f3 jav\u00edt\u00e1sa \u00e9s az \u00e1ll\u00f3k\u00e9pess\u00e9g n\u00f6vel\u00e9se.\" \/>\n<meta name=\"robots\" content=\"index, follow, max-snippet:-1, max-image-preview:large, max-video-preview:-1\" \/>\n<link rel=\"canonical\" href=\"https:\/\/herbastore.sk\/hu\/termekek\/h24-sporttaplalkozas\/cr7-drive\/\" \/>\n<meta property=\"og:locale\" content=\"hu_HU\" \/>\n<meta property=\"og:type\" content=\"article\" \/>\n<meta property=\"og:title\" content=\"Herbalife CR7 Drive 540 g - herbastore\" \/>\n<meta property=\"og:description\" content=\"A CR7 Drive egy hipot\u00f3ni\u00e1s ital, amelyet a bolyg\u00f3 legjobb futballist\u00e1ja, Cristiano Ronaldo k\u00f6zrem\u0171k\u00f6d\u00e9s\u00e9vel fejlesztettek ki. A hidrat\u00e1ci\u00f3 jav\u00edt\u00e1sa \u00e9s az \u00e1ll\u00f3k\u00e9pess\u00e9g n\u00f6vel\u00e9se.\" \/>\n<meta property=\"og:url\" content=\"https:\/\/herbastore.sk\/hu\/termekek\/h24-sporttaplalkozas\/cr7-drive\/\" \/>\n<meta property=\"og:site_name\" content=\"herbastore\" \/>\n<meta property=\"article:publisher\" content=\"https:\/\/www.facebook.com\/herbastoresk\/\" \/>\n<meta property=\"article:modified_time\" content=\"2025-03-19T22:16:43+00:00\" \/>\n<meta property=\"og:image\" content=\"https:\/\/herbastore.sk\/wp-content\/uploads\/2025\/02\/herbalife24-cr7-drive-acai-bogyo-540g.jpg\" \/>\n\t<meta property=\"og:image:width\" content=\"534\" \/>\n\t<meta property=\"og:image:height\" content=\"800\" \/>\n\t<meta property=\"og:image:type\" content=\"image\/jpeg\" \/>\n<meta name=\"twitter:card\" content=\"summary_large_image\" \/>\n<meta name=\"twitter:label1\" content=\"Becs\u00fclt olvas\u00e1si id\u0151\" \/>\n\t<meta name=\"twitter:data1\" content=\"2 perc\" \/>\n<script type=\"application\/ld+json\" class=\"yoast-schema-graph\">{\"@context\":\"https:\/\/schema.org\",\"@graph\":[{\"@type\":\"WebPage\",\"@id\":\"https:\/\/herbastore.sk\/hu\/termekek\/h24-sporttaplalkozas\/cr7-drive\/\",\"url\":\"https:\/\/herbastore.sk\/hu\/termekek\/h24-sporttaplalkozas\/cr7-drive\/\",\"name\":\"Herbalife CR7 Drive 540 g - herbastore\",\"isPartOf\":{\"@id\":\"https:\/\/herbastore.sk\/hu\/#website\"},\"primaryImageOfPage\":{\"@id\":\"https:\/\/herbastore.sk\/hu\/termekek\/h24-sporttaplalkozas\/cr7-drive\/#primaryimage\"},\"image\":{\"@id\":\"https:\/\/herbastore.sk\/hu\/termekek\/h24-sporttaplalkozas\/cr7-drive\/#primaryimage\"},\"thumbnailUrl\":\"https:\/\/herbastore.sk\/wp-content\/uploads\/2025\/02\/herbalife24-cr7-drive-acai-bogyo-540g.jpg\",\"datePublished\":\"2025-03-05T22:36:51+00:00\",\"dateModified\":\"2025-03-19T22:16:43+00:00\",\"description\":\"A CR7 Drive egy hipot\u00f3ni\u00e1s ital, amelyet a bolyg\u00f3 legjobb futballist\u00e1ja, Cristiano Ronaldo k\u00f6zrem\u0171k\u00f6d\u00e9s\u00e9vel fejlesztettek ki. A hidrat\u00e1ci\u00f3 jav\u00edt\u00e1sa \u00e9s az \u00e1ll\u00f3k\u00e9pess\u00e9g n\u00f6vel\u00e9se.\",\"breadcrumb\":{\"@id\":\"https:\/\/herbastore.sk\/hu\/termekek\/h24-sporttaplalkozas\/cr7-drive\/#breadcrumb\"},\"inLanguage\":\"hu\",\"potentialAction\":[{\"@type\":\"ReadAction\",\"target\":[\"https:\/\/herbastore.sk\/hu\/termekek\/h24-sporttaplalkozas\/cr7-drive\/\"]}]},{\"@type\":\"ImageObject\",\"inLanguage\":\"hu\",\"@id\":\"https:\/\/herbastore.sk\/hu\/termekek\/h24-sporttaplalkozas\/cr7-drive\/#primaryimage\",\"url\":\"https:\/\/herbastore.sk\/wp-content\/uploads\/2025\/02\/herbalife24-cr7-drive-acai-bogyo-540g.jpg\",\"contentUrl\":\"https:\/\/herbastore.sk\/wp-content\/uploads\/2025\/02\/herbalife24-cr7-drive-acai-bogyo-540g.jpg\",\"width\":534,\"height\":800,\"caption\":\"Herbalife H24 CR7 Drive\"},{\"@type\":\"BreadcrumbList\",\"@id\":\"https:\/\/herbastore.sk\/hu\/termekek\/h24-sporttaplalkozas\/cr7-drive\/#breadcrumb\",\"itemListElement\":[{\"@type\":\"ListItem\",\"position\":1,\"name\":\"Home\",\"item\":\"https:\/\/herbastore.sk\/hu\/\"},{\"@type\":\"ListItem\",\"position\":2,\"name\":\"Term\u00e9kek\",\"item\":\"https:\/\/herbastore.sk\/hu\/termekek\/\"},{\"@type\":\"ListItem\",\"position\":3,\"name\":\"CR7 Drive\"}]},{\"@type\":\"WebSite\",\"@id\":\"https:\/\/herbastore.sk\/hu\/#website\",\"url\":\"https:\/\/herbastore.sk\/hu\/\",\"name\":\"herbastore\",\"description\":\"Produkty Herbalife z pohodlia v\u00e1\u0161ho domova\",\"publisher\":{\"@id\":\"https:\/\/herbastore.sk\/hu\/#organization\"},\"potentialAction\":[{\"@type\":\"SearchAction\",\"target\":{\"@type\":\"EntryPoint\",\"urlTemplate\":\"https:\/\/herbastore.sk\/hu\/?s={search_term_string}\"},\"query-input\":{\"@type\":\"PropertyValueSpecification\",\"valueRequired\":true,\"valueName\":\"search_term_string\"}}],\"inLanguage\":\"hu\"},{\"@type\":\"Organization\",\"@id\":\"https:\/\/herbastore.sk\/hu\/#organization\",\"name\":\"herbastore.sk\",\"url\":\"https:\/\/herbastore.sk\/hu\/\",\"logo\":{\"@type\":\"ImageObject\",\"inLanguage\":\"hu\",\"@id\":\"https:\/\/herbastore.sk\/hu\/#\/schema\/logo\/image\/\",\"url\":\"https:\/\/herbastore.sk\/wp-content\/uploads\/2018\/11\/herbastore-ikona.png\",\"contentUrl\":\"https:\/\/herbastore.sk\/wp-content\/uploads\/2018\/11\/herbastore-ikona.png\",\"width\":512,\"height\":512,\"caption\":\"herbastore.sk\"},\"image\":{\"@id\":\"https:\/\/herbastore.sk\/hu\/#\/schema\/logo\/image\/\"},\"sameAs\":[\"https:\/\/www.facebook.com\/herbastoresk\/\",\"https:\/\/www.instagram.com\/herbastore.sk\/\"]}]}<\/script>\n<!-- \/ Yoast SEO plugin. -->","yoast_head_json":{"title":"Herbalife CR7 Drive 540 g - herbastore","description":"A CR7 Drive egy hipot\u00f3ni\u00e1s ital, amelyet a bolyg\u00f3 legjobb futballist\u00e1ja, Cristiano Ronaldo k\u00f6zrem\u0171k\u00f6d\u00e9s\u00e9vel fejlesztettek ki. A hidrat\u00e1ci\u00f3 jav\u00edt\u00e1sa \u00e9s az \u00e1ll\u00f3k\u00e9pess\u00e9g n\u00f6vel\u00e9se.","robots":{"index":"index","follow":"follow","max-snippet":"max-snippet:-1","max-image-preview":"max-image-preview:large","max-video-preview":"max-video-preview:-1"},"canonical":"https:\/\/herbastore.sk\/hu\/termekek\/h24-sporttaplalkozas\/cr7-drive\/","og_locale":"hu_HU","og_type":"article","og_title":"Herbalife CR7 Drive 540 g - herbastore","og_description":"A CR7 Drive egy hipot\u00f3ni\u00e1s ital, amelyet a bolyg\u00f3 legjobb futballist\u00e1ja, Cristiano Ronaldo k\u00f6zrem\u0171k\u00f6d\u00e9s\u00e9vel fejlesztettek ki. A hidrat\u00e1ci\u00f3 jav\u00edt\u00e1sa \u00e9s az \u00e1ll\u00f3k\u00e9pess\u00e9g n\u00f6vel\u00e9se.","og_url":"https:\/\/herbastore.sk\/hu\/termekek\/h24-sporttaplalkozas\/cr7-drive\/","og_site_name":"herbastore","article_publisher":"https:\/\/www.facebook.com\/herbastoresk\/","article_modified_time":"2025-03-19T22:16:43+00:00","og_image":[{"width":534,"height":800,"url":"https:\/\/herbastore.sk\/wp-content\/uploads\/2025\/02\/herbalife24-cr7-drive-acai-bogyo-540g.jpg","type":"image\/jpeg"}],"twitter_card":"summary_large_image","twitter_misc":{"Becs\u00fclt olvas\u00e1si id\u0151":"2 perc"},"schema":{"@context":"https:\/\/schema.org","@graph":[{"@type":"WebPage","@id":"https:\/\/herbastore.sk\/hu\/termekek\/h24-sporttaplalkozas\/cr7-drive\/","url":"https:\/\/herbastore.sk\/hu\/termekek\/h24-sporttaplalkozas\/cr7-drive\/","name":"Herbalife CR7 Drive 540 g - herbastore","isPartOf":{"@id":"https:\/\/herbastore.sk\/hu\/#website"},"primaryImageOfPage":{"@id":"https:\/\/herbastore.sk\/hu\/termekek\/h24-sporttaplalkozas\/cr7-drive\/#primaryimage"},"image":{"@id":"https:\/\/herbastore.sk\/hu\/termekek\/h24-sporttaplalkozas\/cr7-drive\/#primaryimage"},"thumbnailUrl":"https:\/\/herbastore.sk\/wp-content\/uploads\/2025\/02\/herbalife24-cr7-drive-acai-bogyo-540g.jpg","datePublished":"2025-03-05T22:36:51+00:00","dateModified":"2025-03-19T22:16:43+00:00","description":"A CR7 Drive egy hipot\u00f3ni\u00e1s ital, amelyet a bolyg\u00f3 legjobb futballist\u00e1ja, Cristiano Ronaldo k\u00f6zrem\u0171k\u00f6d\u00e9s\u00e9vel fejlesztettek ki. A hidrat\u00e1ci\u00f3 jav\u00edt\u00e1sa \u00e9s az \u00e1ll\u00f3k\u00e9pess\u00e9g n\u00f6vel\u00e9se.","breadcrumb":{"@id":"https:\/\/herbastore.sk\/hu\/termekek\/h24-sporttaplalkozas\/cr7-drive\/#breadcrumb"},"inLanguage":"hu","potentialAction":[{"@type":"ReadAction","target":["https:\/\/herbastore.sk\/hu\/termekek\/h24-sporttaplalkozas\/cr7-drive\/"]}]},{"@type":"ImageObject","inLanguage":"hu","@id":"https:\/\/herbastore.sk\/hu\/termekek\/h24-sporttaplalkozas\/cr7-drive\/#primaryimage","url":"https:\/\/herbastore.sk\/wp-content\/uploads\/2025\/02\/herbalife24-cr7-drive-acai-bogyo-540g.jpg","contentUrl":"https:\/\/herbastore.sk\/wp-content\/uploads\/2025\/02\/herbalife24-cr7-drive-acai-bogyo-540g.jpg","width":534,"height":800,"caption":"Herbalife H24 CR7 Drive"},{"@type":"BreadcrumbList","@id":"https:\/\/herbastore.sk\/hu\/termekek\/h24-sporttaplalkozas\/cr7-drive\/#breadcrumb","itemListElement":[{"@type":"ListItem","position":1,"name":"Home","item":"https:\/\/herbastore.sk\/hu\/"},{"@type":"ListItem","position":2,"name":"Term\u00e9kek","item":"https:\/\/herbastore.sk\/hu\/termekek\/"},{"@type":"ListItem","position":3,"name":"CR7 Drive"}]},{"@type":"WebSite","@id":"https:\/\/herbastore.sk\/hu\/#website","url":"https:\/\/herbastore.sk\/hu\/","name":"herbastore","description":"Produkty Herbalife z pohodlia v\u00e1\u0161ho domova","publisher":{"@id":"https:\/\/herbastore.sk\/hu\/#organization"},"potentialAction":[{"@type":"SearchAction","target":{"@type":"EntryPoint","urlTemplate":"https:\/\/herbastore.sk\/hu\/?s={search_term_string}"},"query-input":{"@type":"PropertyValueSpecification","valueRequired":true,"valueName":"search_term_string"}}],"inLanguage":"hu"},{"@type":"Organization","@id":"https:\/\/herbastore.sk\/hu\/#organization","name":"herbastore.sk","url":"https:\/\/herbastore.sk\/hu\/","logo":{"@type":"ImageObject","inLanguage":"hu","@id":"https:\/\/herbastore.sk\/hu\/#\/schema\/logo\/image\/","url":"https:\/\/herbastore.sk\/wp-content\/uploads\/2018\/11\/herbastore-ikona.png","contentUrl":"https:\/\/herbastore.sk\/wp-content\/uploads\/2018\/11\/herbastore-ikona.png","width":512,"height":512,"caption":"herbastore.sk"},"image":{"@id":"https:\/\/herbastore.sk\/hu\/#\/schema\/logo\/image\/"},"sameAs":["https:\/\/www.facebook.com\/herbastoresk\/","https:\/\/www.instagram.com\/herbastore.sk\/"]}]}},"_links":{"self":[{"href":"https:\/\/herbastore.sk\/hu\/wp-json\/wp\/v2\/product\/28810","targetHints":{"allow":["GET"]}}],"collection":[{"href":"https:\/\/herbastore.sk\/hu\/wp-json\/wp\/v2\/product"}],"about":[{"href":"https:\/\/herbastore.sk\/hu\/wp-json\/wp\/v2\/types\/product"}],"replies":[{"embeddable":true,"href":"https:\/\/herbastore.sk\/hu\/wp-json\/wp\/v2\/comments?post=28810"}],"wp:featuredmedia":[{"embeddable":true,"href":"https:\/\/herbastore.sk\/hu\/wp-json\/wp\/v2\/media\/28577"}],"wp:attachment":[{"href":"https:\/\/herbastore.sk\/hu\/wp-json\/wp\/v2\/media?parent=28810"}],"wp:term":[{"taxonomy":"product_brand","embeddable":true,"href":"https:\/\/herbastore.sk\/hu\/wp-json\/wp\/v2\/product_brand?post=28810"},{"taxonomy":"product_cat","embeddable":true,"href":"https:\/\/herbastore.sk\/hu\/wp-json\/wp\/v2\/product_cat?post=28810"},{"taxonomy":"product_tag","embeddable":true,"href":"https:\/\/herbastore.sk\/hu\/wp-json\/wp\/v2\/product_tag?post=28810"}],"curies":[{"name":"wp","href":"https:\/\/api.w.org\/{rel}","templated":true}]}}