{"id":28805,"date":"2019-03-19T15:53:06","date_gmt":"2025-03-05T22:05:30","guid":{"rendered":"https:\/\/herbastore.sk\/produkty\/nem-kategorizalt\/h24-hydrate\/"},"modified":"2025-06-05T14:29:25","modified_gmt":"2025-06-05T12:29:25","slug":"h24-hydrate","status":"publish","type":"product","link":"https:\/\/herbastore.sk\/hu\/termekek\/h24-sporttaplalkozas\/h24-hydrate\/","title":{"rendered":"H24 Hydrate"},"content":{"rendered":"<h2>Kinek aj\u00e1nlott a H24 Hydrate?<\/h2>\n<ul>\n<li class=\"bullet-star\">B\u00e1rkinek, akinek alacsony kal\u00f3riatartalm\u00fa hidrat\u00e1l\u00e1sra van sz\u00fcks\u00e9ge<\/li>\n<li class=\"bullet-star\">Sportol\u00f3knak intenz\u00edv edz\u00e9sek k\u00f6zben<\/li>\n<li class=\"bullet-star\">Minden sportol\u00f3nak el\u0151tt \u00e9s alatt<\/li>\n<\/ul>\n<p>A hidrat\u00e1ci\u00f3 kulcsfontoss\u00e1g\u00fa eleme a teljes\u00edtm\u00e9ny biztos\u00edt\u00e1s\u00e1nak. Az\u00e1ltal, hogy test\u00e9t elektrolit tartal\u00e9kokkal l\u00e1tja el, t\u00e1mogatja a gyorsabb folyad\u00e9kfelsz\u00edv\u00f3d\u00e1st, biztos\u00edtja a test elegend\u0151 hidrat\u00e1l\u00e1s\u00e1t \u00e9s k\u00e9szenl\u00e9t\u00e9t a maxim\u00e1lis teljes\u00edtm\u00e9ny \u00e9rdek\u00e9ben. Egy tasak kevesebb, mint 1 g cukrot tartalmaz, \u00e9s t\u00e1mogatja a sz\u00e9nhidr\u00e1t anyagcser\u00e9t a B-vitaminok el\u0151\u00e1ll\u00edt\u00e1s\u00e1hoz.  <\/p>\n<h2>F\u0151 el\u0151ny\u00f6k \u00e9s jellemz\u0151k<\/h2>\n<div class=\"row\"  id=\"row-68536081\">\n\n\t<div id=\"col-1783249701\" class=\"col medium-1\/2 large-6\"  >\n\t\t\t\t<div class=\"col-inner\"  >\n\t\t\t\n\t\t\t\n<ul>\n<li class=\"bullet-checkmark\">Hidrat\u00e1l\u00e1s mindenkinek, b\u00e1rmikor, b\u00e1rhol<\/li>\n<li class=\"bullet-checkmark\">A napi aj\u00e1nlott C-vitamin mennyis\u00e9g 100% -\u00e1t biztos\u00edtja, ami seg\u00edt cs\u00f6kkenteni a f\u00e1radts\u00e1got<\/li>\n<li class=\"bullet-checkmark\">Elektrolitokat, n\u00e1triumot, kalciumot \u00e9s magn\u00e9ziumot tartalmaz a folyad\u00e9k szint gyors helyre\u00e1ll\u00edt\u00e1s\u00e1hoz a szervezetben<\/li>\n<\/ul>\n\t\t<\/div>\n\t\t\t\t\t<\/div>\n\n\t\n\n\t<div id=\"col-1041432697\" class=\"col medium-1\/2 large-6\"  >\n\t\t\t\t<div class=\"col-inner\"  >\n\t\t\t\n\t\t\t\n<ul>\n<li class=\"bullet-checkmark\">Kal\u00f3riamentes ital, amelyet sportol\u00f3k sz\u00e1m\u00e1ra terveztek a folyad\u00e9kbevitel n\u00f6vel\u00e9s\u00e9nek t\u00e1mogat\u00e1s\u00e1ra<\/li>\n<li class=\"bullet-checkmark\">Sz\u00e9les spektrum\u00fa B-vitamint (B1, B2, pantot\u00e9nsav \u00e9s B12) \u00e9s vtiamin C-t tartalmaz<\/li>\n<li class=\"bullet-checkmark\">Mesters\u00e9ges arom\u00e1kt\u00f3l \u00e9s sz\u00ednez\u00e9kekt\u0151l mentes<\/li>\n<\/ul>\n\t\t<\/div>\n\t\t\t\t\t<\/div>\n\n\t\n<\/div>\n<h2>Adagol\u00e1s<\/h2>\n<p>Keverjen \u00f6ssze 1 tasakot 500 ml v\u00edzzel, alaposan r\u00e1zza fel. Ezt a term\u00e9ket a kiegyens\u00falyozott \u00e9s v\u00e1ltozatos \u00e9trend r\u00e9szek\u00e9nt sz\u00fcks\u00e9ges fogyasztani az optim\u00e1lis, akt\u00edv \u00e9letm\u00f3d r\u00e9szek\u00e9nt. Garant\u00e1ljuk, hogy a term\u00e9k minden t\u00e9tel\u00e9t f\u00fcggetlen harmadik felek tesztelt\u00e9k tiltott anyagok jelenl\u00e9t\u00e9re. Ezt az egyes term\u00e9kek csomagol\u00e1s\u00e1n online megjelen\u0151 t\u00e9telsz\u00e1m seg\u00edts\u00e9g\u00e9vel lehet ellen\u0151rizni a <a href=\"http:\/\/www.koelnerliste.com\/\">www.koelnerliste.com<\/a> weboldalon.   <\/p>\n<p><a href=\"https:\/\/herbastore.sk\/wp-content\/uploads\/2025\/03\/herbalife24-hydrate-narancs-20-tasak-1433.jpg\"><img decoding=\"async\" class=\"aligncenter wp-image-3002 size-full\" src=\"https:\/\/herbastore.sk\/wp-content\/uploads\/2025\/03\/herbalife24-hydrate-narancs-20-tasak-1433.jpg\" alt=\"Herbalife H24 Hydrate t\u00e1p\u00e9rt\u00e9k\" width=\"600\" height=\"auto\"><\/a><\/p>\n<p style=\"text-align: center;\"><em>T\u00e1p\u00e9rt\u00e9k &#8211; Herbalife H24 Hydrate<\/em><\/p>\n","protected":false},"excerpt":{"rendered":"<p>106 g (20 db 5,3 g-os tasak)<\/p>\n<div class=\"is-divider divider clearfix\" ><\/div>\n<p>A H24 Hydrate egy kal\u00f3riamentes elektrolit ital, amely t\u00e1mogatja a folyad\u00e9kbevitelt. Az aj\u00e1nlott napi C-vitamin mennyis\u00e9g 100% -\u00e1t tartalmazza a test kimer\u00fclts\u00e9g\u00e9nek cs\u00f6kkent\u00e9se \u00e9rdek\u00e9ben. <\/p>\n","protected":false},"featured_media":28516,"comment_status":"open","ping_status":"closed","template":"","meta":{"inline_featured_image":false},"product_brand":[],"product_cat":[378],"product_tag":[389,386],"class_list":{"0":"post-28805","1":"product","2":"type-product","3":"status-publish","4":"has-post-thumbnail","6":"product_cat-h24-sporttaplalkozas","7":"product_tag-izomgorcsok-megelozese","8":"product_tag-megfelelo-folyadekbevitel","10":"first","11":"instock","12":"taxable","13":"shipping-taxable","14":"purchasable","15":"product-type-simple"},"yoast_head":"<!-- This site is optimized with the Yoast SEO plugin v26.8 - https:\/\/yoast.com\/product\/yoast-seo-wordpress\/ -->\n<title>Herbalife H24 Hydrate 106 g - herbastore<\/title>\n<meta name=\"description\" content=\"A H24 hidr\u00e1t kal\u00f3riamentes elektrolitital. A napi aj\u00e1nlott C-vitamin mennyis\u00e9g 100% -\u00e1t tartalmazza a test f\u00e1radts\u00e1g\u00e1nak cs\u00f6kkent\u00e9se \u00e9rdek\u00e9ben.\" \/>\n<meta name=\"robots\" content=\"index, follow, max-snippet:-1, max-image-preview:large, max-video-preview:-1\" \/>\n<link rel=\"canonical\" href=\"https:\/\/herbastore.sk\/hu\/termekek\/h24-sporttaplalkozas\/h24-hydrate\/\" \/>\n<meta property=\"og:locale\" content=\"hu_HU\" \/>\n<meta property=\"og:type\" content=\"article\" \/>\n<meta property=\"og:title\" content=\"Herbalife H24 Hydrate 106 g - herbastore\" \/>\n<meta property=\"og:description\" content=\"A H24 hidr\u00e1t kal\u00f3riamentes elektrolitital. A napi aj\u00e1nlott C-vitamin mennyis\u00e9g 100% -\u00e1t tartalmazza a test f\u00e1radts\u00e1g\u00e1nak cs\u00f6kkent\u00e9se \u00e9rdek\u00e9ben.\" \/>\n<meta property=\"og:url\" content=\"https:\/\/herbastore.sk\/hu\/termekek\/h24-sporttaplalkozas\/h24-hydrate\/\" \/>\n<meta property=\"og:site_name\" content=\"herbastore\" \/>\n<meta property=\"article:publisher\" content=\"https:\/\/www.facebook.com\/herbastoresk\/\" \/>\n<meta property=\"article:modified_time\" content=\"2025-06-05T12:29:25+00:00\" \/>\n<meta property=\"og:image\" content=\"https:\/\/herbastore.sk\/wp-content\/uploads\/2025\/02\/herbalife24-hydrate-narancs-20-tasak.jpg\" \/>\n\t<meta property=\"og:image:width\" content=\"534\" \/>\n\t<meta property=\"og:image:height\" content=\"800\" \/>\n\t<meta property=\"og:image:type\" content=\"image\/jpeg\" \/>\n<meta name=\"twitter:card\" content=\"summary_large_image\" \/>\n<meta name=\"twitter:label1\" content=\"Becs\u00fclt olvas\u00e1si id\u0151\" \/>\n\t<meta name=\"twitter:data1\" content=\"2 perc\" \/>\n<script type=\"application\/ld+json\" class=\"yoast-schema-graph\">{\"@context\":\"https:\/\/schema.org\",\"@graph\":[{\"@type\":\"WebPage\",\"@id\":\"https:\/\/herbastore.sk\/hu\/termekek\/h24-sporttaplalkozas\/h24-hydrate\/\",\"url\":\"https:\/\/herbastore.sk\/hu\/termekek\/h24-sporttaplalkozas\/h24-hydrate\/\",\"name\":\"Herbalife H24 Hydrate 106 g - herbastore\",\"isPartOf\":{\"@id\":\"https:\/\/herbastore.sk\/hu\/#website\"},\"primaryImageOfPage\":{\"@id\":\"https:\/\/herbastore.sk\/hu\/termekek\/h24-sporttaplalkozas\/h24-hydrate\/#primaryimage\"},\"image\":{\"@id\":\"https:\/\/herbastore.sk\/hu\/termekek\/h24-sporttaplalkozas\/h24-hydrate\/#primaryimage\"},\"thumbnailUrl\":\"https:\/\/herbastore.sk\/wp-content\/uploads\/2025\/02\/herbalife24-hydrate-narancs-20-tasak.jpg\",\"datePublished\":\"2025-03-05T22:05:30+00:00\",\"dateModified\":\"2025-06-05T12:29:25+00:00\",\"description\":\"A H24 hidr\u00e1t kal\u00f3riamentes elektrolitital. A napi aj\u00e1nlott C-vitamin mennyis\u00e9g 100% -\u00e1t tartalmazza a test f\u00e1radts\u00e1g\u00e1nak cs\u00f6kkent\u00e9se \u00e9rdek\u00e9ben.\",\"breadcrumb\":{\"@id\":\"https:\/\/herbastore.sk\/hu\/termekek\/h24-sporttaplalkozas\/h24-hydrate\/#breadcrumb\"},\"inLanguage\":\"hu\",\"potentialAction\":[{\"@type\":\"ReadAction\",\"target\":[\"https:\/\/herbastore.sk\/hu\/termekek\/h24-sporttaplalkozas\/h24-hydrate\/\"]}]},{\"@type\":\"ImageObject\",\"inLanguage\":\"hu\",\"@id\":\"https:\/\/herbastore.sk\/hu\/termekek\/h24-sporttaplalkozas\/h24-hydrate\/#primaryimage\",\"url\":\"https:\/\/herbastore.sk\/wp-content\/uploads\/2025\/02\/herbalife24-hydrate-narancs-20-tasak.jpg\",\"contentUrl\":\"https:\/\/herbastore.sk\/wp-content\/uploads\/2025\/02\/herbalife24-hydrate-narancs-20-tasak.jpg\",\"width\":534,\"height\":800,\"caption\":\"Herbalife H24 Hydrate\"},{\"@type\":\"BreadcrumbList\",\"@id\":\"https:\/\/herbastore.sk\/hu\/termekek\/h24-sporttaplalkozas\/h24-hydrate\/#breadcrumb\",\"itemListElement\":[{\"@type\":\"ListItem\",\"position\":1,\"name\":\"Home\",\"item\":\"https:\/\/herbastore.sk\/hu\/\"},{\"@type\":\"ListItem\",\"position\":2,\"name\":\"Term\u00e9kek\",\"item\":\"https:\/\/herbastore.sk\/hu\/termekek\/\"},{\"@type\":\"ListItem\",\"position\":3,\"name\":\"H24 Hydrate\"}]},{\"@type\":\"WebSite\",\"@id\":\"https:\/\/herbastore.sk\/hu\/#website\",\"url\":\"https:\/\/herbastore.sk\/hu\/\",\"name\":\"herbastore\",\"description\":\"Produkty Herbalife z pohodlia v\u00e1\u0161ho domova\",\"publisher\":{\"@id\":\"https:\/\/herbastore.sk\/hu\/#organization\"},\"potentialAction\":[{\"@type\":\"SearchAction\",\"target\":{\"@type\":\"EntryPoint\",\"urlTemplate\":\"https:\/\/herbastore.sk\/hu\/?s={search_term_string}\"},\"query-input\":{\"@type\":\"PropertyValueSpecification\",\"valueRequired\":true,\"valueName\":\"search_term_string\"}}],\"inLanguage\":\"hu\"},{\"@type\":\"Organization\",\"@id\":\"https:\/\/herbastore.sk\/hu\/#organization\",\"name\":\"herbastore.sk\",\"url\":\"https:\/\/herbastore.sk\/hu\/\",\"logo\":{\"@type\":\"ImageObject\",\"inLanguage\":\"hu\",\"@id\":\"https:\/\/herbastore.sk\/hu\/#\/schema\/logo\/image\/\",\"url\":\"https:\/\/herbastore.sk\/wp-content\/uploads\/2018\/11\/herbastore-ikona.png\",\"contentUrl\":\"https:\/\/herbastore.sk\/wp-content\/uploads\/2018\/11\/herbastore-ikona.png\",\"width\":512,\"height\":512,\"caption\":\"herbastore.sk\"},\"image\":{\"@id\":\"https:\/\/herbastore.sk\/hu\/#\/schema\/logo\/image\/\"},\"sameAs\":[\"https:\/\/www.facebook.com\/herbastoresk\/\",\"https:\/\/www.instagram.com\/herbastore.sk\/\"]}]}<\/script>\n<!-- \/ Yoast SEO plugin. -->","yoast_head_json":{"title":"Herbalife H24 Hydrate 106 g - herbastore","description":"A H24 hidr\u00e1t kal\u00f3riamentes elektrolitital. A napi aj\u00e1nlott C-vitamin mennyis\u00e9g 100% -\u00e1t tartalmazza a test f\u00e1radts\u00e1g\u00e1nak cs\u00f6kkent\u00e9se \u00e9rdek\u00e9ben.","robots":{"index":"index","follow":"follow","max-snippet":"max-snippet:-1","max-image-preview":"max-image-preview:large","max-video-preview":"max-video-preview:-1"},"canonical":"https:\/\/herbastore.sk\/hu\/termekek\/h24-sporttaplalkozas\/h24-hydrate\/","og_locale":"hu_HU","og_type":"article","og_title":"Herbalife H24 Hydrate 106 g - herbastore","og_description":"A H24 hidr\u00e1t kal\u00f3riamentes elektrolitital. A napi aj\u00e1nlott C-vitamin mennyis\u00e9g 100% -\u00e1t tartalmazza a test f\u00e1radts\u00e1g\u00e1nak cs\u00f6kkent\u00e9se \u00e9rdek\u00e9ben.","og_url":"https:\/\/herbastore.sk\/hu\/termekek\/h24-sporttaplalkozas\/h24-hydrate\/","og_site_name":"herbastore","article_publisher":"https:\/\/www.facebook.com\/herbastoresk\/","article_modified_time":"2025-06-05T12:29:25+00:00","og_image":[{"width":534,"height":800,"url":"https:\/\/herbastore.sk\/wp-content\/uploads\/2025\/02\/herbalife24-hydrate-narancs-20-tasak.jpg","type":"image\/jpeg"}],"twitter_card":"summary_large_image","twitter_misc":{"Becs\u00fclt olvas\u00e1si id\u0151":"2 perc"},"schema":{"@context":"https:\/\/schema.org","@graph":[{"@type":"WebPage","@id":"https:\/\/herbastore.sk\/hu\/termekek\/h24-sporttaplalkozas\/h24-hydrate\/","url":"https:\/\/herbastore.sk\/hu\/termekek\/h24-sporttaplalkozas\/h24-hydrate\/","name":"Herbalife H24 Hydrate 106 g - herbastore","isPartOf":{"@id":"https:\/\/herbastore.sk\/hu\/#website"},"primaryImageOfPage":{"@id":"https:\/\/herbastore.sk\/hu\/termekek\/h24-sporttaplalkozas\/h24-hydrate\/#primaryimage"},"image":{"@id":"https:\/\/herbastore.sk\/hu\/termekek\/h24-sporttaplalkozas\/h24-hydrate\/#primaryimage"},"thumbnailUrl":"https:\/\/herbastore.sk\/wp-content\/uploads\/2025\/02\/herbalife24-hydrate-narancs-20-tasak.jpg","datePublished":"2025-03-05T22:05:30+00:00","dateModified":"2025-06-05T12:29:25+00:00","description":"A H24 hidr\u00e1t kal\u00f3riamentes elektrolitital. A napi aj\u00e1nlott C-vitamin mennyis\u00e9g 100% -\u00e1t tartalmazza a test f\u00e1radts\u00e1g\u00e1nak cs\u00f6kkent\u00e9se \u00e9rdek\u00e9ben.","breadcrumb":{"@id":"https:\/\/herbastore.sk\/hu\/termekek\/h24-sporttaplalkozas\/h24-hydrate\/#breadcrumb"},"inLanguage":"hu","potentialAction":[{"@type":"ReadAction","target":["https:\/\/herbastore.sk\/hu\/termekek\/h24-sporttaplalkozas\/h24-hydrate\/"]}]},{"@type":"ImageObject","inLanguage":"hu","@id":"https:\/\/herbastore.sk\/hu\/termekek\/h24-sporttaplalkozas\/h24-hydrate\/#primaryimage","url":"https:\/\/herbastore.sk\/wp-content\/uploads\/2025\/02\/herbalife24-hydrate-narancs-20-tasak.jpg","contentUrl":"https:\/\/herbastore.sk\/wp-content\/uploads\/2025\/02\/herbalife24-hydrate-narancs-20-tasak.jpg","width":534,"height":800,"caption":"Herbalife H24 Hydrate"},{"@type":"BreadcrumbList","@id":"https:\/\/herbastore.sk\/hu\/termekek\/h24-sporttaplalkozas\/h24-hydrate\/#breadcrumb","itemListElement":[{"@type":"ListItem","position":1,"name":"Home","item":"https:\/\/herbastore.sk\/hu\/"},{"@type":"ListItem","position":2,"name":"Term\u00e9kek","item":"https:\/\/herbastore.sk\/hu\/termekek\/"},{"@type":"ListItem","position":3,"name":"H24 Hydrate"}]},{"@type":"WebSite","@id":"https:\/\/herbastore.sk\/hu\/#website","url":"https:\/\/herbastore.sk\/hu\/","name":"herbastore","description":"Produkty Herbalife z pohodlia v\u00e1\u0161ho domova","publisher":{"@id":"https:\/\/herbastore.sk\/hu\/#organization"},"potentialAction":[{"@type":"SearchAction","target":{"@type":"EntryPoint","urlTemplate":"https:\/\/herbastore.sk\/hu\/?s={search_term_string}"},"query-input":{"@type":"PropertyValueSpecification","valueRequired":true,"valueName":"search_term_string"}}],"inLanguage":"hu"},{"@type":"Organization","@id":"https:\/\/herbastore.sk\/hu\/#organization","name":"herbastore.sk","url":"https:\/\/herbastore.sk\/hu\/","logo":{"@type":"ImageObject","inLanguage":"hu","@id":"https:\/\/herbastore.sk\/hu\/#\/schema\/logo\/image\/","url":"https:\/\/herbastore.sk\/wp-content\/uploads\/2018\/11\/herbastore-ikona.png","contentUrl":"https:\/\/herbastore.sk\/wp-content\/uploads\/2018\/11\/herbastore-ikona.png","width":512,"height":512,"caption":"herbastore.sk"},"image":{"@id":"https:\/\/herbastore.sk\/hu\/#\/schema\/logo\/image\/"},"sameAs":["https:\/\/www.facebook.com\/herbastoresk\/","https:\/\/www.instagram.com\/herbastore.sk\/"]}]}},"_links":{"self":[{"href":"https:\/\/herbastore.sk\/hu\/wp-json\/wp\/v2\/product\/28805","targetHints":{"allow":["GET"]}}],"collection":[{"href":"https:\/\/herbastore.sk\/hu\/wp-json\/wp\/v2\/product"}],"about":[{"href":"https:\/\/herbastore.sk\/hu\/wp-json\/wp\/v2\/types\/product"}],"replies":[{"embeddable":true,"href":"https:\/\/herbastore.sk\/hu\/wp-json\/wp\/v2\/comments?post=28805"}],"wp:featuredmedia":[{"embeddable":true,"href":"https:\/\/herbastore.sk\/hu\/wp-json\/wp\/v2\/media\/28516"}],"wp:attachment":[{"href":"https:\/\/herbastore.sk\/hu\/wp-json\/wp\/v2\/media?parent=28805"}],"wp:term":[{"taxonomy":"product_brand","embeddable":true,"href":"https:\/\/herbastore.sk\/hu\/wp-json\/wp\/v2\/product_brand?post=28805"},{"taxonomy":"product_cat","embeddable":true,"href":"https:\/\/herbastore.sk\/hu\/wp-json\/wp\/v2\/product_cat?post=28805"},{"taxonomy":"product_tag","embeddable":true,"href":"https:\/\/herbastore.sk\/hu\/wp-json\/wp\/v2\/product_tag?post=28805"}],"curies":[{"name":"wp","href":"https:\/\/api.w.org\/{rel}","templated":true}]}}