{"id":28568,"date":"2019-06-09T00:41:27","date_gmt":"2019-06-08T22:41:27","guid":{"rendered":"https:\/\/herbastore.sk\/produkty\/nezaraden\u00e9\/krem-na-ruky-a-telo-2\/"},"modified":"2025-10-19T14:08:27","modified_gmt":"2025-10-19T12:08:27","slug":"kez-es-testapolo","status":"publish","type":"product","link":"https:\/\/herbastore.sk\/hu\/termekek\/herbal-aloe\/kez-es-testapolo\/","title":{"rendered":"K\u00e9z- \u00e9s test\u00e1pol\u00f3"},"content":{"rendered":"<h2>Hidrat\u00e1lja \u00e9s t\u00e1pl\u00e1lja<\/h2>\n<p>A Herbal Aloe Hand &amp; Body Cream nagy mennyis\u00e9g\u0171 afrikai shea vajat \u00e9s nyugtat\u00f3 aloe ver\u00e1t tartalmaz, amit\u0151l a b\u0151r l\u00e1that\u00f3an puh\u00e1bb \u00e9s sim\u00e1bb lesz. A term\u00e9kek nem tartalmaznak parab\u00e9neket vagy szulf\u00e1tokat, amelyek megfoszthatj\u00e1k a b\u0151rt a term\u00e9szetes olajait\u00f3l. A n\u00f6v\u00e9nyi aloe term\u00e9kek gyorsan felsz\u00edv\u00f3dnak, \u00e9s sz\u00f3 szerint megk\u00f6tik a nedvess\u00e9get a b\u0151rben, hosszan tart\u00f3 hidrat\u00e1l\u00e1st biztos\u00edtva a b\u0151rnek.<\/p>\n<h2>Hat\u00e1sok \u00e9s funkci\u00f3k<\/h2>\n<ul>\n<li class=\"bullet-checkmark\">A klinikailag bizony\u00edtott hat\u00e1s a b\u0151r hidrat\u00e1l\u00e1sa \u00e9s t\u00e1pl\u00e1l\u00e1sa a m\u00e9lyebb r\u00e9tegekben<\/li>\n<li class=\"bullet-checkmark\">Eg\u00e9sz nap tart\u00f3 hidrat\u00e1l\u00e1s<\/li>\n<li class=\"bullet-checkmark\">Az aloe vera \u00e9s az afrikai shea vaj gyorsan felsz\u00edv\u00f3dik, puh\u00e1v\u00e1 \u00e9s sim\u00e1v\u00e1 t\u00e9ve a b\u0151rt<\/li>\n<li class=\"bullet-checkmark\">Nem tartalmaz hozz\u00e1adott parab\u00e9neket \u00e9s szulf\u00e1tokat<\/li>\n<\/ul>\n<h2>Haszn\u00e1l<\/h2>\n<p>Haszn\u00e1lja sz\u00fcks\u00e9g szerint, naponta.<\/p>\n","protected":false},"excerpt":{"rendered":"<p>A 200 ml<br \/>\n<div class=\"is-divider divider clearfix\" ><\/div>\n<p>Herbal Aloe k\u00e9z- \u00e9s test\u00e1pol\u00f3 kr\u00e9m megtartja a nedvess\u00e9get a b\u0151rben a hosszan tart\u00f3 hidrat\u00e1l\u00e1s \u00e9rdek\u00e9ben.<\/p>\n","protected":false},"featured_media":28569,"comment_status":"open","ping_status":"closed","template":"","meta":{"inline_featured_image":false},"product_brand":[],"product_cat":[374],"product_tag":[384],"class_list":{"0":"post-28568","1":"product","2":"type-product","3":"status-publish","4":"has-post-thumbnail","6":"product_cat-herbal-aloe","7":"product_tag-a-bor-es-haj-jobb-allapota","9":"first","10":"outofstock","11":"taxable","12":"shipping-taxable","13":"purchasable","14":"product-type-simple"},"yoast_head":"<!-- This site is optimized with the Yoast SEO plugin v26.8 - https:\/\/yoast.com\/product\/yoast-seo-wordpress\/ -->\n<title>Herbalife Herbal Aloe K\u00e9z- \u00e9s test\u00e1pol\u00f3 200 ml - herbastore<\/title>\n<meta name=\"description\" content=\"A k\u00e9z- \u00e9s test\u00e1pol\u00f3 kr\u00e9m gazdag mennyis\u00e9gben tartalmaz afrikai shea vajat \u00e9s aloe ver\u00e1t, amit\u0151l a b\u0151r l\u00e1that\u00f3an puh\u00e1bb \u00e9s puh\u00e1bb lesz.\" \/>\n<meta name=\"robots\" content=\"index, follow, max-snippet:-1, max-image-preview:large, max-video-preview:-1\" \/>\n<link rel=\"canonical\" href=\"https:\/\/herbastore.sk\/hu\/termekek\/herbal-aloe\/kez-es-testapolo\/\" \/>\n<meta property=\"og:locale\" content=\"hu_HU\" \/>\n<meta property=\"og:type\" content=\"article\" \/>\n<meta property=\"og:title\" content=\"Herbalife Herbal Aloe K\u00e9z- \u00e9s test\u00e1pol\u00f3 200 ml - herbastore\" \/>\n<meta property=\"og:description\" content=\"A k\u00e9z- \u00e9s test\u00e1pol\u00f3 kr\u00e9m gazdag mennyis\u00e9gben tartalmaz afrikai shea vajat \u00e9s aloe ver\u00e1t, amit\u0151l a b\u0151r l\u00e1that\u00f3an puh\u00e1bb \u00e9s puh\u00e1bb lesz.\" \/>\n<meta property=\"og:url\" content=\"https:\/\/herbastore.sk\/hu\/termekek\/herbal-aloe\/kez-es-testapolo\/\" \/>\n<meta property=\"og:site_name\" content=\"herbastore\" \/>\n<meta property=\"article:publisher\" content=\"https:\/\/www.facebook.com\/herbastoresk\/\" \/>\n<meta property=\"article:modified_time\" content=\"2025-10-19T12:08:27+00:00\" \/>\n<meta property=\"og:image\" content=\"https:\/\/herbastore.sk\/wp-content\/uploads\/2021\/10\/Herbalife-Herbal-aloe-krem-na-ruky-a-telo.jpg\" \/>\n\t<meta property=\"og:image:width\" content=\"534\" \/>\n\t<meta property=\"og:image:height\" content=\"800\" \/>\n\t<meta property=\"og:image:type\" content=\"image\/jpeg\" \/>\n<meta name=\"twitter:card\" content=\"summary_large_image\" \/>\n<meta name=\"twitter:label1\" content=\"Becs\u00fclt olvas\u00e1si id\u0151\" \/>\n\t<meta name=\"twitter:data1\" content=\"1 perc\" \/>\n<script type=\"application\/ld+json\" class=\"yoast-schema-graph\">{\"@context\":\"https:\/\/schema.org\",\"@graph\":[{\"@type\":\"WebPage\",\"@id\":\"https:\/\/herbastore.sk\/hu\/termekek\/herbal-aloe\/kez-es-testapolo\/\",\"url\":\"https:\/\/herbastore.sk\/hu\/termekek\/herbal-aloe\/kez-es-testapolo\/\",\"name\":\"Herbalife Herbal Aloe K\u00e9z- \u00e9s test\u00e1pol\u00f3 200 ml - herbastore\",\"isPartOf\":{\"@id\":\"https:\/\/herbastore.sk\/hu\/#website\"},\"primaryImageOfPage\":{\"@id\":\"https:\/\/herbastore.sk\/hu\/termekek\/herbal-aloe\/kez-es-testapolo\/#primaryimage\"},\"image\":{\"@id\":\"https:\/\/herbastore.sk\/hu\/termekek\/herbal-aloe\/kez-es-testapolo\/#primaryimage\"},\"thumbnailUrl\":\"https:\/\/herbastore.sk\/wp-content\/uploads\/2021\/10\/Herbalife-Herbal-aloe-krem-na-ruky-a-telo.jpg\",\"datePublished\":\"2019-06-08T22:41:27+00:00\",\"dateModified\":\"2025-10-19T12:08:27+00:00\",\"description\":\"A k\u00e9z- \u00e9s test\u00e1pol\u00f3 kr\u00e9m gazdag mennyis\u00e9gben tartalmaz afrikai shea vajat \u00e9s aloe ver\u00e1t, amit\u0151l a b\u0151r l\u00e1that\u00f3an puh\u00e1bb \u00e9s puh\u00e1bb lesz.\",\"breadcrumb\":{\"@id\":\"https:\/\/herbastore.sk\/hu\/termekek\/herbal-aloe\/kez-es-testapolo\/#breadcrumb\"},\"inLanguage\":\"hu\",\"potentialAction\":[{\"@type\":\"ReadAction\",\"target\":[\"https:\/\/herbastore.sk\/hu\/termekek\/herbal-aloe\/kez-es-testapolo\/\"]}]},{\"@type\":\"ImageObject\",\"inLanguage\":\"hu\",\"@id\":\"https:\/\/herbastore.sk\/hu\/termekek\/herbal-aloe\/kez-es-testapolo\/#primaryimage\",\"url\":\"https:\/\/herbastore.sk\/wp-content\/uploads\/2021\/10\/Herbalife-Herbal-aloe-krem-na-ruky-a-telo.jpg\",\"contentUrl\":\"https:\/\/herbastore.sk\/wp-content\/uploads\/2021\/10\/Herbalife-Herbal-aloe-krem-na-ruky-a-telo.jpg\",\"width\":534,\"height\":800},{\"@type\":\"BreadcrumbList\",\"@id\":\"https:\/\/herbastore.sk\/hu\/termekek\/herbal-aloe\/kez-es-testapolo\/#breadcrumb\",\"itemListElement\":[{\"@type\":\"ListItem\",\"position\":1,\"name\":\"Home\",\"item\":\"https:\/\/herbastore.sk\/hu\/\"},{\"@type\":\"ListItem\",\"position\":2,\"name\":\"Term\u00e9kek\",\"item\":\"https:\/\/herbastore.sk\/hu\/termekek\/\"},{\"@type\":\"ListItem\",\"position\":3,\"name\":\"K\u00e9z- \u00e9s test\u00e1pol\u00f3\"}]},{\"@type\":\"WebSite\",\"@id\":\"https:\/\/herbastore.sk\/hu\/#website\",\"url\":\"https:\/\/herbastore.sk\/hu\/\",\"name\":\"herbastore\",\"description\":\"Produkty Herbalife z pohodlia v\u00e1\u0161ho domova\",\"publisher\":{\"@id\":\"https:\/\/herbastore.sk\/hu\/#organization\"},\"potentialAction\":[{\"@type\":\"SearchAction\",\"target\":{\"@type\":\"EntryPoint\",\"urlTemplate\":\"https:\/\/herbastore.sk\/hu\/?s={search_term_string}\"},\"query-input\":{\"@type\":\"PropertyValueSpecification\",\"valueRequired\":true,\"valueName\":\"search_term_string\"}}],\"inLanguage\":\"hu\"},{\"@type\":\"Organization\",\"@id\":\"https:\/\/herbastore.sk\/hu\/#organization\",\"name\":\"herbastore.sk\",\"url\":\"https:\/\/herbastore.sk\/hu\/\",\"logo\":{\"@type\":\"ImageObject\",\"inLanguage\":\"hu\",\"@id\":\"https:\/\/herbastore.sk\/hu\/#\/schema\/logo\/image\/\",\"url\":\"https:\/\/herbastore.sk\/wp-content\/uploads\/2018\/11\/herbastore-ikona.png\",\"contentUrl\":\"https:\/\/herbastore.sk\/wp-content\/uploads\/2018\/11\/herbastore-ikona.png\",\"width\":512,\"height\":512,\"caption\":\"herbastore.sk\"},\"image\":{\"@id\":\"https:\/\/herbastore.sk\/hu\/#\/schema\/logo\/image\/\"},\"sameAs\":[\"https:\/\/www.facebook.com\/herbastoresk\/\",\"https:\/\/www.instagram.com\/herbastore.sk\/\"]}]}<\/script>\n<!-- \/ Yoast SEO plugin. -->","yoast_head_json":{"title":"Herbalife Herbal Aloe K\u00e9z- \u00e9s test\u00e1pol\u00f3 200 ml - herbastore","description":"A k\u00e9z- \u00e9s test\u00e1pol\u00f3 kr\u00e9m gazdag mennyis\u00e9gben tartalmaz afrikai shea vajat \u00e9s aloe ver\u00e1t, amit\u0151l a b\u0151r l\u00e1that\u00f3an puh\u00e1bb \u00e9s puh\u00e1bb lesz.","robots":{"index":"index","follow":"follow","max-snippet":"max-snippet:-1","max-image-preview":"max-image-preview:large","max-video-preview":"max-video-preview:-1"},"canonical":"https:\/\/herbastore.sk\/hu\/termekek\/herbal-aloe\/kez-es-testapolo\/","og_locale":"hu_HU","og_type":"article","og_title":"Herbalife Herbal Aloe K\u00e9z- \u00e9s test\u00e1pol\u00f3 200 ml - herbastore","og_description":"A k\u00e9z- \u00e9s test\u00e1pol\u00f3 kr\u00e9m gazdag mennyis\u00e9gben tartalmaz afrikai shea vajat \u00e9s aloe ver\u00e1t, amit\u0151l a b\u0151r l\u00e1that\u00f3an puh\u00e1bb \u00e9s puh\u00e1bb lesz.","og_url":"https:\/\/herbastore.sk\/hu\/termekek\/herbal-aloe\/kez-es-testapolo\/","og_site_name":"herbastore","article_publisher":"https:\/\/www.facebook.com\/herbastoresk\/","article_modified_time":"2025-10-19T12:08:27+00:00","og_image":[{"width":534,"height":800,"url":"https:\/\/herbastore.sk\/wp-content\/uploads\/2021\/10\/Herbalife-Herbal-aloe-krem-na-ruky-a-telo.jpg","type":"image\/jpeg"}],"twitter_card":"summary_large_image","twitter_misc":{"Becs\u00fclt olvas\u00e1si id\u0151":"1 perc"},"schema":{"@context":"https:\/\/schema.org","@graph":[{"@type":"WebPage","@id":"https:\/\/herbastore.sk\/hu\/termekek\/herbal-aloe\/kez-es-testapolo\/","url":"https:\/\/herbastore.sk\/hu\/termekek\/herbal-aloe\/kez-es-testapolo\/","name":"Herbalife Herbal Aloe K\u00e9z- \u00e9s test\u00e1pol\u00f3 200 ml - herbastore","isPartOf":{"@id":"https:\/\/herbastore.sk\/hu\/#website"},"primaryImageOfPage":{"@id":"https:\/\/herbastore.sk\/hu\/termekek\/herbal-aloe\/kez-es-testapolo\/#primaryimage"},"image":{"@id":"https:\/\/herbastore.sk\/hu\/termekek\/herbal-aloe\/kez-es-testapolo\/#primaryimage"},"thumbnailUrl":"https:\/\/herbastore.sk\/wp-content\/uploads\/2021\/10\/Herbalife-Herbal-aloe-krem-na-ruky-a-telo.jpg","datePublished":"2019-06-08T22:41:27+00:00","dateModified":"2025-10-19T12:08:27+00:00","description":"A k\u00e9z- \u00e9s test\u00e1pol\u00f3 kr\u00e9m gazdag mennyis\u00e9gben tartalmaz afrikai shea vajat \u00e9s aloe ver\u00e1t, amit\u0151l a b\u0151r l\u00e1that\u00f3an puh\u00e1bb \u00e9s puh\u00e1bb lesz.","breadcrumb":{"@id":"https:\/\/herbastore.sk\/hu\/termekek\/herbal-aloe\/kez-es-testapolo\/#breadcrumb"},"inLanguage":"hu","potentialAction":[{"@type":"ReadAction","target":["https:\/\/herbastore.sk\/hu\/termekek\/herbal-aloe\/kez-es-testapolo\/"]}]},{"@type":"ImageObject","inLanguage":"hu","@id":"https:\/\/herbastore.sk\/hu\/termekek\/herbal-aloe\/kez-es-testapolo\/#primaryimage","url":"https:\/\/herbastore.sk\/wp-content\/uploads\/2021\/10\/Herbalife-Herbal-aloe-krem-na-ruky-a-telo.jpg","contentUrl":"https:\/\/herbastore.sk\/wp-content\/uploads\/2021\/10\/Herbalife-Herbal-aloe-krem-na-ruky-a-telo.jpg","width":534,"height":800},{"@type":"BreadcrumbList","@id":"https:\/\/herbastore.sk\/hu\/termekek\/herbal-aloe\/kez-es-testapolo\/#breadcrumb","itemListElement":[{"@type":"ListItem","position":1,"name":"Home","item":"https:\/\/herbastore.sk\/hu\/"},{"@type":"ListItem","position":2,"name":"Term\u00e9kek","item":"https:\/\/herbastore.sk\/hu\/termekek\/"},{"@type":"ListItem","position":3,"name":"K\u00e9z- \u00e9s test\u00e1pol\u00f3"}]},{"@type":"WebSite","@id":"https:\/\/herbastore.sk\/hu\/#website","url":"https:\/\/herbastore.sk\/hu\/","name":"herbastore","description":"Produkty Herbalife z pohodlia v\u00e1\u0161ho domova","publisher":{"@id":"https:\/\/herbastore.sk\/hu\/#organization"},"potentialAction":[{"@type":"SearchAction","target":{"@type":"EntryPoint","urlTemplate":"https:\/\/herbastore.sk\/hu\/?s={search_term_string}"},"query-input":{"@type":"PropertyValueSpecification","valueRequired":true,"valueName":"search_term_string"}}],"inLanguage":"hu"},{"@type":"Organization","@id":"https:\/\/herbastore.sk\/hu\/#organization","name":"herbastore.sk","url":"https:\/\/herbastore.sk\/hu\/","logo":{"@type":"ImageObject","inLanguage":"hu","@id":"https:\/\/herbastore.sk\/hu\/#\/schema\/logo\/image\/","url":"https:\/\/herbastore.sk\/wp-content\/uploads\/2018\/11\/herbastore-ikona.png","contentUrl":"https:\/\/herbastore.sk\/wp-content\/uploads\/2018\/11\/herbastore-ikona.png","width":512,"height":512,"caption":"herbastore.sk"},"image":{"@id":"https:\/\/herbastore.sk\/hu\/#\/schema\/logo\/image\/"},"sameAs":["https:\/\/www.facebook.com\/herbastoresk\/","https:\/\/www.instagram.com\/herbastore.sk\/"]}]}},"_links":{"self":[{"href":"https:\/\/herbastore.sk\/hu\/wp-json\/wp\/v2\/product\/28568","targetHints":{"allow":["GET"]}}],"collection":[{"href":"https:\/\/herbastore.sk\/hu\/wp-json\/wp\/v2\/product"}],"about":[{"href":"https:\/\/herbastore.sk\/hu\/wp-json\/wp\/v2\/types\/product"}],"replies":[{"embeddable":true,"href":"https:\/\/herbastore.sk\/hu\/wp-json\/wp\/v2\/comments?post=28568"}],"wp:featuredmedia":[{"embeddable":true,"href":"https:\/\/herbastore.sk\/hu\/wp-json\/wp\/v2\/media\/28569"}],"wp:attachment":[{"href":"https:\/\/herbastore.sk\/hu\/wp-json\/wp\/v2\/media?parent=28568"}],"wp:term":[{"taxonomy":"product_brand","embeddable":true,"href":"https:\/\/herbastore.sk\/hu\/wp-json\/wp\/v2\/product_brand?post=28568"},{"taxonomy":"product_cat","embeddable":true,"href":"https:\/\/herbastore.sk\/hu\/wp-json\/wp\/v2\/product_cat?post=28568"},{"taxonomy":"product_tag","embeddable":true,"href":"https:\/\/herbastore.sk\/hu\/wp-json\/wp\/v2\/product_tag?post=28568"}],"curies":[{"name":"wp","href":"https:\/\/api.w.org\/{rel}","templated":true}]}}