{"id":28560,"date":"2019-06-08T23:16:22","date_gmt":"2025-02-16T11:11:29","guid":{"rendered":"https:\/\/herbastore.sk\/produkty\/nezaraden\u00e9\/posilnujuci-sampon-2\/"},"modified":"2025-07-29T13:04:59","modified_gmt":"2025-07-29T11:04:59","slug":"erosito-sampon","status":"publish","type":"product","link":"https:\/\/herbastore.sk\/hu\/termekek\/herbal-aloe\/erosito-sampon\/","title":{"rendered":"Er\u0151s\u00edt\u0151 sampon"},"content":{"rendered":"<h2>Er\u0151s\u00edti \u00e9s regener\u00e1lja a hajat<\/h2>\n<p>A gy\u00f3gyn\u00f6v\u00e9nyeket tartalmaz\u00f3 aloe haj\u00e1pol\u00e1si term\u00e9kek klinikailag bizony\u00edtottan er\u0151s\u00edtik \u00e9s regener\u00e1lj\u00e1k a hajat, puh\u00e1v\u00e1 \u00e9s selymess\u00e9 t\u00e9ve azt. Hasznos n\u00f6v\u00e9nyi anyagokb\u00f3l k\u00e9sz\u00fclt er\u0151s\u00edt\u0151 samponunkat csal\u00e1di haszn\u00e1latra tervezt\u00e9k, hozz\u00e1adott parab\u00e9nek \u00e9s szulf\u00e1tok n\u00e9lk\u00fcl. <\/p>\n<h2>Hat\u00e1sok \u00e9s funkci\u00f3k<\/h2>\n<ul>\n<li class=\"bullet-checkmark\">Az els\u0151 haszn\u00e1lat ut\u00e1n 10-szer er\u0151sebb lesz a haj<\/li>\n<li class=\"bullet-checkmark\">90%-kal cs\u00f6kkenti a haj t\u00f6redez\u00e9s\u00e9t<\/li>\n<li class=\"bullet-checkmark\">A hidroliz\u00e1lt b\u00fazafeh\u00e9rje seg\u00edt, v\u00e9di, regener\u00e1lja \u00e9s er\u0151s\u00edti a hajat<\/li>\n<li class=\"bullet-checkmark\">Az \u00f6sszetev\u0151inek k\u00f6sz\u00f6nhet\u0151en meg\u0151rzi a hajsz\u00ednt<\/li>\n<li class=\"bullet-checkmark\">Nem tartalmaz hozz\u00e1adott parab\u00e9neket \u00e9s szulf\u00e1tokat<\/li>\n<\/ul>\n<h2>Haszn\u00e1lat<\/h2>\n<p>Alkalmazza a hajra, massz\u00edroz\u00e1ssal hozzon l\u00e9tre sok habot \u00e9s \u00f6bl\u00edtse le. A legjobb eredm\u00e9ny el\u00e9r\u00e9se \u00e9rdek\u00e9ben haszn\u00e1lja a gy\u00f3gyn\u00f6v\u00e9nyes aloe <a href=\"https:\/\/herbastore.sk\/hu\/termekek\/herbal-aloe\/erosito-hajbalzsam\/\">er\u0151s\u00edt\u0151 balzsamot<\/a> a samponnal egyidej\u0171leg.<\/p>\n","protected":false},"excerpt":{"rendered":"<p>250 ml<\/p>\n<div class=\"is-divider divider clearfix\" ><\/div>\n<p>\u00c1polja haj\u00e1t egy olyan samponnal, amely er\u0151s\u00edti a hajsz\u00e1lakat, \u00e9s az els\u0151 haszn\u00e1lat ut\u00e1n puh\u00e1bb\u00e1 \u00e9s ragyog\u00f3bb\u00e1 teszi a hajat. Olyan formul\u00e1t tartalmaz, amely meg\u0151rzi a hajsz\u00ednt. <\/p>\n","protected":false},"featured_media":28561,"comment_status":"open","ping_status":"closed","template":"","meta":{"inline_featured_image":false},"product_brand":[],"product_cat":[374],"product_tag":[384],"class_list":{"0":"post-28560","1":"product","2":"type-product","3":"status-publish","4":"has-post-thumbnail","6":"product_cat-herbal-aloe","7":"product_tag-a-bor-es-haj-jobb-allapota","9":"first","10":"instock","11":"taxable","12":"shipping-taxable","13":"purchasable","14":"product-type-simple"},"yoast_head":"<!-- This site is optimized with the Yoast SEO plugin v26.8 - https:\/\/yoast.com\/product\/yoast-seo-wordpress\/ -->\n<title>Herbalife Herbal Aloe Er\u0151s\u00edt\u0151 sampon 250 ml - herbastore<\/title>\n<meta name=\"description\" content=\"Az er\u0151s\u00edt\u0151 sampon az els\u0151 haszn\u00e1lat ut\u00e1n puh\u00e1bb\u00e1 \u00e9s puh\u00e1bb\u00e1 teszi a hajat. Ezenk\u00edv\u00fcl enyh\u00edti a t\u00f6r\u00e9st, \u00e9s olyan formul\u00e1t tartalmaz, amely fenntartja a hajsz\u00ednt.\" \/>\n<meta name=\"robots\" content=\"index, follow, max-snippet:-1, max-image-preview:large, max-video-preview:-1\" \/>\n<link rel=\"canonical\" href=\"https:\/\/herbastore.sk\/hu\/termekek\/herbal-aloe\/erosito-sampon\/\" \/>\n<meta property=\"og:locale\" content=\"hu_HU\" \/>\n<meta property=\"og:type\" content=\"article\" \/>\n<meta property=\"og:title\" content=\"Herbalife Herbal Aloe Er\u0151s\u00edt\u0151 sampon 250 ml - herbastore\" \/>\n<meta property=\"og:description\" content=\"Az er\u0151s\u00edt\u0151 sampon az els\u0151 haszn\u00e1lat ut\u00e1n puh\u00e1bb\u00e1 \u00e9s puh\u00e1bb\u00e1 teszi a hajat. Ezenk\u00edv\u00fcl enyh\u00edti a t\u00f6r\u00e9st, \u00e9s olyan formul\u00e1t tartalmaz, amely fenntartja a hajsz\u00ednt.\" \/>\n<meta property=\"og:url\" content=\"https:\/\/herbastore.sk\/hu\/termekek\/herbal-aloe\/erosito-sampon\/\" \/>\n<meta property=\"og:site_name\" content=\"herbastore\" \/>\n<meta property=\"article:publisher\" content=\"https:\/\/www.facebook.com\/herbastoresk\/\" \/>\n<meta property=\"article:modified_time\" content=\"2025-07-29T11:04:59+00:00\" \/>\n<meta property=\"og:image\" content=\"https:\/\/herbastore.sk\/wp-content\/uploads\/2021\/10\/Herbalife-Herbal-aloe-posilnujuci-sampon.jpg\" \/>\n\t<meta property=\"og:image:width\" content=\"534\" \/>\n\t<meta property=\"og:image:height\" content=\"800\" \/>\n\t<meta property=\"og:image:type\" content=\"image\/jpeg\" \/>\n<meta name=\"twitter:card\" content=\"summary_large_image\" \/>\n<meta name=\"twitter:label1\" content=\"Becs\u00fclt olvas\u00e1si id\u0151\" \/>\n\t<meta name=\"twitter:data1\" content=\"1 perc\" \/>\n<script type=\"application\/ld+json\" class=\"yoast-schema-graph\">{\"@context\":\"https:\/\/schema.org\",\"@graph\":[{\"@type\":\"WebPage\",\"@id\":\"https:\/\/herbastore.sk\/hu\/termekek\/herbal-aloe\/erosito-sampon\/\",\"url\":\"https:\/\/herbastore.sk\/hu\/termekek\/herbal-aloe\/erosito-sampon\/\",\"name\":\"Herbalife Herbal Aloe Er\u0151s\u00edt\u0151 sampon 250 ml - herbastore\",\"isPartOf\":{\"@id\":\"https:\/\/herbastore.sk\/hu\/#website\"},\"primaryImageOfPage\":{\"@id\":\"https:\/\/herbastore.sk\/hu\/termekek\/herbal-aloe\/erosito-sampon\/#primaryimage\"},\"image\":{\"@id\":\"https:\/\/herbastore.sk\/hu\/termekek\/herbal-aloe\/erosito-sampon\/#primaryimage\"},\"thumbnailUrl\":\"https:\/\/herbastore.sk\/wp-content\/uploads\/2021\/10\/Herbalife-Herbal-aloe-posilnujuci-sampon.jpg\",\"datePublished\":\"2025-02-16T11:11:29+00:00\",\"dateModified\":\"2025-07-29T11:04:59+00:00\",\"description\":\"Az er\u0151s\u00edt\u0151 sampon az els\u0151 haszn\u00e1lat ut\u00e1n puh\u00e1bb\u00e1 \u00e9s puh\u00e1bb\u00e1 teszi a hajat. Ezenk\u00edv\u00fcl enyh\u00edti a t\u00f6r\u00e9st, \u00e9s olyan formul\u00e1t tartalmaz, amely fenntartja a hajsz\u00ednt.\",\"breadcrumb\":{\"@id\":\"https:\/\/herbastore.sk\/hu\/termekek\/herbal-aloe\/erosito-sampon\/#breadcrumb\"},\"inLanguage\":\"hu\",\"potentialAction\":[{\"@type\":\"ReadAction\",\"target\":[\"https:\/\/herbastore.sk\/hu\/termekek\/herbal-aloe\/erosito-sampon\/\"]}]},{\"@type\":\"ImageObject\",\"inLanguage\":\"hu\",\"@id\":\"https:\/\/herbastore.sk\/hu\/termekek\/herbal-aloe\/erosito-sampon\/#primaryimage\",\"url\":\"https:\/\/herbastore.sk\/wp-content\/uploads\/2021\/10\/Herbalife-Herbal-aloe-posilnujuci-sampon.jpg\",\"contentUrl\":\"https:\/\/herbastore.sk\/wp-content\/uploads\/2021\/10\/Herbalife-Herbal-aloe-posilnujuci-sampon.jpg\",\"width\":534,\"height\":800},{\"@type\":\"BreadcrumbList\",\"@id\":\"https:\/\/herbastore.sk\/hu\/termekek\/herbal-aloe\/erosito-sampon\/#breadcrumb\",\"itemListElement\":[{\"@type\":\"ListItem\",\"position\":1,\"name\":\"Home\",\"item\":\"https:\/\/herbastore.sk\/hu\/\"},{\"@type\":\"ListItem\",\"position\":2,\"name\":\"Term\u00e9kek\",\"item\":\"https:\/\/herbastore.sk\/hu\/termekek\/\"},{\"@type\":\"ListItem\",\"position\":3,\"name\":\"Er\u0151s\u00edt\u0151 sampon\"}]},{\"@type\":\"WebSite\",\"@id\":\"https:\/\/herbastore.sk\/hu\/#website\",\"url\":\"https:\/\/herbastore.sk\/hu\/\",\"name\":\"herbastore\",\"description\":\"Produkty Herbalife z pohodlia v\u00e1\u0161ho domova\",\"publisher\":{\"@id\":\"https:\/\/herbastore.sk\/hu\/#organization\"},\"potentialAction\":[{\"@type\":\"SearchAction\",\"target\":{\"@type\":\"EntryPoint\",\"urlTemplate\":\"https:\/\/herbastore.sk\/hu\/?s={search_term_string}\"},\"query-input\":{\"@type\":\"PropertyValueSpecification\",\"valueRequired\":true,\"valueName\":\"search_term_string\"}}],\"inLanguage\":\"hu\"},{\"@type\":\"Organization\",\"@id\":\"https:\/\/herbastore.sk\/hu\/#organization\",\"name\":\"herbastore.sk\",\"url\":\"https:\/\/herbastore.sk\/hu\/\",\"logo\":{\"@type\":\"ImageObject\",\"inLanguage\":\"hu\",\"@id\":\"https:\/\/herbastore.sk\/hu\/#\/schema\/logo\/image\/\",\"url\":\"https:\/\/herbastore.sk\/wp-content\/uploads\/2018\/11\/herbastore-ikona.png\",\"contentUrl\":\"https:\/\/herbastore.sk\/wp-content\/uploads\/2018\/11\/herbastore-ikona.png\",\"width\":512,\"height\":512,\"caption\":\"herbastore.sk\"},\"image\":{\"@id\":\"https:\/\/herbastore.sk\/hu\/#\/schema\/logo\/image\/\"},\"sameAs\":[\"https:\/\/www.facebook.com\/herbastoresk\/\",\"https:\/\/www.instagram.com\/herbastore.sk\/\"]}]}<\/script>\n<!-- \/ Yoast SEO plugin. -->","yoast_head_json":{"title":"Herbalife Herbal Aloe Er\u0151s\u00edt\u0151 sampon 250 ml - herbastore","description":"Az er\u0151s\u00edt\u0151 sampon az els\u0151 haszn\u00e1lat ut\u00e1n puh\u00e1bb\u00e1 \u00e9s puh\u00e1bb\u00e1 teszi a hajat. Ezenk\u00edv\u00fcl enyh\u00edti a t\u00f6r\u00e9st, \u00e9s olyan formul\u00e1t tartalmaz, amely fenntartja a hajsz\u00ednt.","robots":{"index":"index","follow":"follow","max-snippet":"max-snippet:-1","max-image-preview":"max-image-preview:large","max-video-preview":"max-video-preview:-1"},"canonical":"https:\/\/herbastore.sk\/hu\/termekek\/herbal-aloe\/erosito-sampon\/","og_locale":"hu_HU","og_type":"article","og_title":"Herbalife Herbal Aloe Er\u0151s\u00edt\u0151 sampon 250 ml - herbastore","og_description":"Az er\u0151s\u00edt\u0151 sampon az els\u0151 haszn\u00e1lat ut\u00e1n puh\u00e1bb\u00e1 \u00e9s puh\u00e1bb\u00e1 teszi a hajat. Ezenk\u00edv\u00fcl enyh\u00edti a t\u00f6r\u00e9st, \u00e9s olyan formul\u00e1t tartalmaz, amely fenntartja a hajsz\u00ednt.","og_url":"https:\/\/herbastore.sk\/hu\/termekek\/herbal-aloe\/erosito-sampon\/","og_site_name":"herbastore","article_publisher":"https:\/\/www.facebook.com\/herbastoresk\/","article_modified_time":"2025-07-29T11:04:59+00:00","og_image":[{"width":534,"height":800,"url":"https:\/\/herbastore.sk\/wp-content\/uploads\/2021\/10\/Herbalife-Herbal-aloe-posilnujuci-sampon.jpg","type":"image\/jpeg"}],"twitter_card":"summary_large_image","twitter_misc":{"Becs\u00fclt olvas\u00e1si id\u0151":"1 perc"},"schema":{"@context":"https:\/\/schema.org","@graph":[{"@type":"WebPage","@id":"https:\/\/herbastore.sk\/hu\/termekek\/herbal-aloe\/erosito-sampon\/","url":"https:\/\/herbastore.sk\/hu\/termekek\/herbal-aloe\/erosito-sampon\/","name":"Herbalife Herbal Aloe Er\u0151s\u00edt\u0151 sampon 250 ml - herbastore","isPartOf":{"@id":"https:\/\/herbastore.sk\/hu\/#website"},"primaryImageOfPage":{"@id":"https:\/\/herbastore.sk\/hu\/termekek\/herbal-aloe\/erosito-sampon\/#primaryimage"},"image":{"@id":"https:\/\/herbastore.sk\/hu\/termekek\/herbal-aloe\/erosito-sampon\/#primaryimage"},"thumbnailUrl":"https:\/\/herbastore.sk\/wp-content\/uploads\/2021\/10\/Herbalife-Herbal-aloe-posilnujuci-sampon.jpg","datePublished":"2025-02-16T11:11:29+00:00","dateModified":"2025-07-29T11:04:59+00:00","description":"Az er\u0151s\u00edt\u0151 sampon az els\u0151 haszn\u00e1lat ut\u00e1n puh\u00e1bb\u00e1 \u00e9s puh\u00e1bb\u00e1 teszi a hajat. Ezenk\u00edv\u00fcl enyh\u00edti a t\u00f6r\u00e9st, \u00e9s olyan formul\u00e1t tartalmaz, amely fenntartja a hajsz\u00ednt.","breadcrumb":{"@id":"https:\/\/herbastore.sk\/hu\/termekek\/herbal-aloe\/erosito-sampon\/#breadcrumb"},"inLanguage":"hu","potentialAction":[{"@type":"ReadAction","target":["https:\/\/herbastore.sk\/hu\/termekek\/herbal-aloe\/erosito-sampon\/"]}]},{"@type":"ImageObject","inLanguage":"hu","@id":"https:\/\/herbastore.sk\/hu\/termekek\/herbal-aloe\/erosito-sampon\/#primaryimage","url":"https:\/\/herbastore.sk\/wp-content\/uploads\/2021\/10\/Herbalife-Herbal-aloe-posilnujuci-sampon.jpg","contentUrl":"https:\/\/herbastore.sk\/wp-content\/uploads\/2021\/10\/Herbalife-Herbal-aloe-posilnujuci-sampon.jpg","width":534,"height":800},{"@type":"BreadcrumbList","@id":"https:\/\/herbastore.sk\/hu\/termekek\/herbal-aloe\/erosito-sampon\/#breadcrumb","itemListElement":[{"@type":"ListItem","position":1,"name":"Home","item":"https:\/\/herbastore.sk\/hu\/"},{"@type":"ListItem","position":2,"name":"Term\u00e9kek","item":"https:\/\/herbastore.sk\/hu\/termekek\/"},{"@type":"ListItem","position":3,"name":"Er\u0151s\u00edt\u0151 sampon"}]},{"@type":"WebSite","@id":"https:\/\/herbastore.sk\/hu\/#website","url":"https:\/\/herbastore.sk\/hu\/","name":"herbastore","description":"Produkty Herbalife z pohodlia v\u00e1\u0161ho domova","publisher":{"@id":"https:\/\/herbastore.sk\/hu\/#organization"},"potentialAction":[{"@type":"SearchAction","target":{"@type":"EntryPoint","urlTemplate":"https:\/\/herbastore.sk\/hu\/?s={search_term_string}"},"query-input":{"@type":"PropertyValueSpecification","valueRequired":true,"valueName":"search_term_string"}}],"inLanguage":"hu"},{"@type":"Organization","@id":"https:\/\/herbastore.sk\/hu\/#organization","name":"herbastore.sk","url":"https:\/\/herbastore.sk\/hu\/","logo":{"@type":"ImageObject","inLanguage":"hu","@id":"https:\/\/herbastore.sk\/hu\/#\/schema\/logo\/image\/","url":"https:\/\/herbastore.sk\/wp-content\/uploads\/2018\/11\/herbastore-ikona.png","contentUrl":"https:\/\/herbastore.sk\/wp-content\/uploads\/2018\/11\/herbastore-ikona.png","width":512,"height":512,"caption":"herbastore.sk"},"image":{"@id":"https:\/\/herbastore.sk\/hu\/#\/schema\/logo\/image\/"},"sameAs":["https:\/\/www.facebook.com\/herbastoresk\/","https:\/\/www.instagram.com\/herbastore.sk\/"]}]}},"_links":{"self":[{"href":"https:\/\/herbastore.sk\/hu\/wp-json\/wp\/v2\/product\/28560","targetHints":{"allow":["GET"]}}],"collection":[{"href":"https:\/\/herbastore.sk\/hu\/wp-json\/wp\/v2\/product"}],"about":[{"href":"https:\/\/herbastore.sk\/hu\/wp-json\/wp\/v2\/types\/product"}],"replies":[{"embeddable":true,"href":"https:\/\/herbastore.sk\/hu\/wp-json\/wp\/v2\/comments?post=28560"}],"wp:featuredmedia":[{"embeddable":true,"href":"https:\/\/herbastore.sk\/hu\/wp-json\/wp\/v2\/media\/28561"}],"wp:attachment":[{"href":"https:\/\/herbastore.sk\/hu\/wp-json\/wp\/v2\/media?parent=28560"}],"wp:term":[{"taxonomy":"product_brand","embeddable":true,"href":"https:\/\/herbastore.sk\/hu\/wp-json\/wp\/v2\/product_brand?post=28560"},{"taxonomy":"product_cat","embeddable":true,"href":"https:\/\/herbastore.sk\/hu\/wp-json\/wp\/v2\/product_cat?post=28560"},{"taxonomy":"product_tag","embeddable":true,"href":"https:\/\/herbastore.sk\/hu\/wp-json\/wp\/v2\/product_tag?post=28560"}],"curies":[{"name":"wp","href":"https:\/\/api.w.org\/{rel}","templated":true}]}}