{"id":28509,"date":"2019-04-21T18:01:23","date_gmt":"2025-02-15T10:58:15","guid":{"rendered":"https:\/\/herbastore.sk\/produkty\/nezaraden\u00e9\/liftoff-2\/"},"modified":"2025-11-06T00:54:40","modified_gmt":"2025-11-05T23:54:40","slug":"liftoff","status":"publish","type":"product","link":"https:\/\/herbastore.sk\/hu\/termekek\/h24-sporttaplalkozas\/liftoff\/","title":{"rendered":"LiftOff"},"content":{"rendered":"<h2>Milyen el\u0151ny\u00f6kkel j\u00e1rhat a LiftOff?<\/h2>\n<p>A stressz \u00e9s a f\u00e1radts\u00e1g gyakran okozza, hogy magas kal\u00f3riatartalm\u00fa cukros \u00e9telekhez \u00e9s italokhoz ny\u00falunk. Hidrat\u00e1lja \u00e9s friss\u00edtse fel test\u00e9t az alacsony kal\u00f3riatartalm\u00fa LiftOff energiaitallal, amely az aj\u00e1nlott napi B \u00e9s (B1, B2, B3, pantot\u00e9nsav, B6, Biotin) \u00e9s C- vitamin napi mennyis\u00e9g\u00e9nek 100% -\u00e1t tartalmazza. <\/p>\n<h2>Jellemz\u0151k<\/h2>\n<ul>\n<li class=\"bullet-checkmark\">10 kcal adagonk\u00e9nt, ide\u00e1lis helyettes\u00edt\u0151je az \u00e9des bubor\u00e9kitaloknak<\/li>\n<li class=\"bullet-checkmark\">A C-vitamin aj\u00e1nlott napi mennyis\u00e9g\u00e9nek 100% -\u00e1t tartalmazza af\u00e1radts\u00e1g cs\u00f6kkent\u00e9se \u00e9rdek\u00e9ben<\/li>\n<li class=\"bullet-checkmark\">Az aj\u00e1nlott napi B-vitamin (B1, B2, B3, B5, B6, Biotin) 100% -a az optim\u00e1lis energia-anyagcser\u00e9hez<\/li>\n<li class=\"bullet-checkmark\">Term\u00e9szetes guarana koffeint \u00e9s koffeinport tartalmaz<\/li>\n<li class=\"bullet-checkmark\">Minden adag 75 mg koffeint tartalmaz az \u00e9bers\u00e9g \u00e9s a f\u00f3kusz t\u00e1mogat\u00e1s\u00e1ra<\/li>\n<\/ul>\n<h2>Adagol\u00e1s<\/h2>\n<p>Fogyasszon naponta egy-k\u00e9t v\u00edzben oldott tablett\u00e1t.<\/p>\n<p><a href=\"https:\/\/herbastore.sk\/wp-content\/uploads\/2025\/03\/liftoff-citrom-line-10-tabletta-3152.jpg\"><img loading=\"lazy\" decoding=\"async\" class=\"wp-image-28508 size-full aligncenter\" src=\"https:\/\/herbastore.sk\/wp-content\/uploads\/2025\/03\/liftoff-citrom-line-10-tabletta-3152.jpg\" alt=\"Herbalife LiftOff t\u00e1p\u00e9rt\u00e9k\" width=\"770\" height=\"1088\"><\/a><\/p>\n<p style=\"text-align: center;\"><em>T\u00e1p\u00e9rt\u00e9k &#8211; Herbalife LiftOff<\/em><\/p>\n","protected":false},"excerpt":{"rendered":"<p>10 x 4,5 g<\/p>\n<div class=\"is-divider divider clearfix\" ><\/div>\n<p>F\u00e1radtnak \u00e9rzi mag\u00e1t? Energiz\u00e1lja test\u00e9t a LiftOff alacsony kal\u00f3riatartalm\u00fa, koffeinnel d\u00fas\u00edtott energiaitallal. A koffein seg\u00edt jav\u00edtani a test \u00e9bers\u00e9g\u00e9t \u00e9s koncentr\u00e1ci\u00f3j\u00e1t.  <\/p>\n","protected":false},"featured_media":28510,"comment_status":"open","ping_status":"closed","template":"","meta":{"inline_featured_image":false},"product_brand":[],"product_cat":[378],"product_tag":[386,391],"class_list":{"0":"post-28509","1":"product","2":"type-product","3":"status-publish","4":"has-post-thumbnail","6":"product_cat-h24-sporttaplalkozas","7":"product_tag-megfelelo-folyadekbevitel","8":"product_tag-tobb-energia","10":"first","11":"instock","12":"taxable","13":"shipping-taxable","14":"purchasable","15":"product-type-simple"},"yoast_head":"<!-- This site is optimized with the Yoast SEO plugin v26.8 - https:\/\/yoast.com\/product\/yoast-seo-wordpress\/ -->\n<title>Herbalife LiftOff 14x4,5 g - herbastore<\/title>\n<meta name=\"description\" content=\"F\u00e1radtnak \u00e9rzi mag\u00e1t? Energiz\u00e1lja test\u00e9t a LiftOff alacsony kal\u00f3riatartalm\u00fa, koffeinnel gazdag\u00edtott energiaitallal. A koffein seg\u00edt jav\u00edtani a test \u00e9bers\u00e9g\u00e9t \u00e9s koncentr\u00e1ci\u00f3j\u00e1t.\" \/>\n<meta name=\"robots\" content=\"index, follow, max-snippet:-1, max-image-preview:large, max-video-preview:-1\" \/>\n<link rel=\"canonical\" href=\"https:\/\/herbastore.sk\/hu\/termekek\/h24-sporttaplalkozas\/liftoff\/\" \/>\n<meta property=\"og:locale\" content=\"hu_HU\" \/>\n<meta property=\"og:type\" content=\"article\" \/>\n<meta property=\"og:title\" content=\"Herbalife LiftOff 14x4,5 g - herbastore\" \/>\n<meta property=\"og:description\" content=\"F\u00e1radtnak \u00e9rzi mag\u00e1t? Energiz\u00e1lja test\u00e9t a LiftOff alacsony kal\u00f3riatartalm\u00fa, koffeinnel gazdag\u00edtott energiaitallal. A koffein seg\u00edt jav\u00edtani a test \u00e9bers\u00e9g\u00e9t \u00e9s koncentr\u00e1ci\u00f3j\u00e1t.\" \/>\n<meta property=\"og:url\" content=\"https:\/\/herbastore.sk\/hu\/termekek\/h24-sporttaplalkozas\/liftoff\/\" \/>\n<meta property=\"og:site_name\" content=\"herbastore\" \/>\n<meta property=\"article:publisher\" content=\"https:\/\/www.facebook.com\/herbastoresk\/\" \/>\n<meta property=\"article:modified_time\" content=\"2025-11-05T23:54:40+00:00\" \/>\n<meta property=\"og:image\" content=\"https:\/\/herbastore.sk\/wp-content\/uploads\/2025\/02\/liftoff-citrom-line-10-tabletta.jpg\" \/>\n\t<meta property=\"og:image:width\" content=\"534\" \/>\n\t<meta property=\"og:image:height\" content=\"800\" \/>\n\t<meta property=\"og:image:type\" content=\"image\/jpeg\" \/>\n<meta name=\"twitter:card\" content=\"summary_large_image\" \/>\n<meta name=\"twitter:label1\" content=\"Becs\u00fclt olvas\u00e1si id\u0151\" \/>\n\t<meta name=\"twitter:data1\" content=\"1 perc\" \/>\n<script type=\"application\/ld+json\" class=\"yoast-schema-graph\">{\"@context\":\"https:\/\/schema.org\",\"@graph\":[{\"@type\":\"WebPage\",\"@id\":\"https:\/\/herbastore.sk\/hu\/termekek\/h24-sporttaplalkozas\/liftoff\/\",\"url\":\"https:\/\/herbastore.sk\/hu\/termekek\/h24-sporttaplalkozas\/liftoff\/\",\"name\":\"Herbalife LiftOff 14x4,5 g - herbastore\",\"isPartOf\":{\"@id\":\"https:\/\/herbastore.sk\/hu\/#website\"},\"primaryImageOfPage\":{\"@id\":\"https:\/\/herbastore.sk\/hu\/termekek\/h24-sporttaplalkozas\/liftoff\/#primaryimage\"},\"image\":{\"@id\":\"https:\/\/herbastore.sk\/hu\/termekek\/h24-sporttaplalkozas\/liftoff\/#primaryimage\"},\"thumbnailUrl\":\"https:\/\/herbastore.sk\/wp-content\/uploads\/2025\/02\/liftoff-citrom-line-10-tabletta.jpg\",\"datePublished\":\"2025-02-15T10:58:15+00:00\",\"dateModified\":\"2025-11-05T23:54:40+00:00\",\"description\":\"F\u00e1radtnak \u00e9rzi mag\u00e1t? Energiz\u00e1lja test\u00e9t a LiftOff alacsony kal\u00f3riatartalm\u00fa, koffeinnel gazdag\u00edtott energiaitallal. A koffein seg\u00edt jav\u00edtani a test \u00e9bers\u00e9g\u00e9t \u00e9s koncentr\u00e1ci\u00f3j\u00e1t.\",\"breadcrumb\":{\"@id\":\"https:\/\/herbastore.sk\/hu\/termekek\/h24-sporttaplalkozas\/liftoff\/#breadcrumb\"},\"inLanguage\":\"hu\",\"potentialAction\":[{\"@type\":\"ReadAction\",\"target\":[\"https:\/\/herbastore.sk\/hu\/termekek\/h24-sporttaplalkozas\/liftoff\/\"]}]},{\"@type\":\"ImageObject\",\"inLanguage\":\"hu\",\"@id\":\"https:\/\/herbastore.sk\/hu\/termekek\/h24-sporttaplalkozas\/liftoff\/#primaryimage\",\"url\":\"https:\/\/herbastore.sk\/wp-content\/uploads\/2025\/02\/liftoff-citrom-line-10-tabletta.jpg\",\"contentUrl\":\"https:\/\/herbastore.sk\/wp-content\/uploads\/2025\/02\/liftoff-citrom-line-10-tabletta.jpg\",\"width\":534,\"height\":800,\"caption\":\"Herbalife LiftOff Lemon-line\"},{\"@type\":\"BreadcrumbList\",\"@id\":\"https:\/\/herbastore.sk\/hu\/termekek\/h24-sporttaplalkozas\/liftoff\/#breadcrumb\",\"itemListElement\":[{\"@type\":\"ListItem\",\"position\":1,\"name\":\"Home\",\"item\":\"https:\/\/herbastore.sk\/hu\/\"},{\"@type\":\"ListItem\",\"position\":2,\"name\":\"Term\u00e9kek\",\"item\":\"https:\/\/herbastore.sk\/hu\/termekek\/\"},{\"@type\":\"ListItem\",\"position\":3,\"name\":\"LiftOff\"}]},{\"@type\":\"WebSite\",\"@id\":\"https:\/\/herbastore.sk\/hu\/#website\",\"url\":\"https:\/\/herbastore.sk\/hu\/\",\"name\":\"herbastore\",\"description\":\"Produkty Herbalife z pohodlia v\u00e1\u0161ho domova\",\"publisher\":{\"@id\":\"https:\/\/herbastore.sk\/hu\/#organization\"},\"potentialAction\":[{\"@type\":\"SearchAction\",\"target\":{\"@type\":\"EntryPoint\",\"urlTemplate\":\"https:\/\/herbastore.sk\/hu\/?s={search_term_string}\"},\"query-input\":{\"@type\":\"PropertyValueSpecification\",\"valueRequired\":true,\"valueName\":\"search_term_string\"}}],\"inLanguage\":\"hu\"},{\"@type\":\"Organization\",\"@id\":\"https:\/\/herbastore.sk\/hu\/#organization\",\"name\":\"herbastore.sk\",\"url\":\"https:\/\/herbastore.sk\/hu\/\",\"logo\":{\"@type\":\"ImageObject\",\"inLanguage\":\"hu\",\"@id\":\"https:\/\/herbastore.sk\/hu\/#\/schema\/logo\/image\/\",\"url\":\"https:\/\/herbastore.sk\/wp-content\/uploads\/2018\/11\/herbastore-ikona.png\",\"contentUrl\":\"https:\/\/herbastore.sk\/wp-content\/uploads\/2018\/11\/herbastore-ikona.png\",\"width\":512,\"height\":512,\"caption\":\"herbastore.sk\"},\"image\":{\"@id\":\"https:\/\/herbastore.sk\/hu\/#\/schema\/logo\/image\/\"},\"sameAs\":[\"https:\/\/www.facebook.com\/herbastoresk\/\",\"https:\/\/www.instagram.com\/herbastore.sk\/\"]}]}<\/script>\n<!-- \/ Yoast SEO plugin. -->","yoast_head_json":{"title":"Herbalife LiftOff 14x4,5 g - herbastore","description":"F\u00e1radtnak \u00e9rzi mag\u00e1t? Energiz\u00e1lja test\u00e9t a LiftOff alacsony kal\u00f3riatartalm\u00fa, koffeinnel gazdag\u00edtott energiaitallal. A koffein seg\u00edt jav\u00edtani a test \u00e9bers\u00e9g\u00e9t \u00e9s koncentr\u00e1ci\u00f3j\u00e1t.","robots":{"index":"index","follow":"follow","max-snippet":"max-snippet:-1","max-image-preview":"max-image-preview:large","max-video-preview":"max-video-preview:-1"},"canonical":"https:\/\/herbastore.sk\/hu\/termekek\/h24-sporttaplalkozas\/liftoff\/","og_locale":"hu_HU","og_type":"article","og_title":"Herbalife LiftOff 14x4,5 g - herbastore","og_description":"F\u00e1radtnak \u00e9rzi mag\u00e1t? Energiz\u00e1lja test\u00e9t a LiftOff alacsony kal\u00f3riatartalm\u00fa, koffeinnel gazdag\u00edtott energiaitallal. A koffein seg\u00edt jav\u00edtani a test \u00e9bers\u00e9g\u00e9t \u00e9s koncentr\u00e1ci\u00f3j\u00e1t.","og_url":"https:\/\/herbastore.sk\/hu\/termekek\/h24-sporttaplalkozas\/liftoff\/","og_site_name":"herbastore","article_publisher":"https:\/\/www.facebook.com\/herbastoresk\/","article_modified_time":"2025-11-05T23:54:40+00:00","og_image":[{"width":534,"height":800,"url":"https:\/\/herbastore.sk\/wp-content\/uploads\/2025\/02\/liftoff-citrom-line-10-tabletta.jpg","type":"image\/jpeg"}],"twitter_card":"summary_large_image","twitter_misc":{"Becs\u00fclt olvas\u00e1si id\u0151":"1 perc"},"schema":{"@context":"https:\/\/schema.org","@graph":[{"@type":"WebPage","@id":"https:\/\/herbastore.sk\/hu\/termekek\/h24-sporttaplalkozas\/liftoff\/","url":"https:\/\/herbastore.sk\/hu\/termekek\/h24-sporttaplalkozas\/liftoff\/","name":"Herbalife LiftOff 14x4,5 g - herbastore","isPartOf":{"@id":"https:\/\/herbastore.sk\/hu\/#website"},"primaryImageOfPage":{"@id":"https:\/\/herbastore.sk\/hu\/termekek\/h24-sporttaplalkozas\/liftoff\/#primaryimage"},"image":{"@id":"https:\/\/herbastore.sk\/hu\/termekek\/h24-sporttaplalkozas\/liftoff\/#primaryimage"},"thumbnailUrl":"https:\/\/herbastore.sk\/wp-content\/uploads\/2025\/02\/liftoff-citrom-line-10-tabletta.jpg","datePublished":"2025-02-15T10:58:15+00:00","dateModified":"2025-11-05T23:54:40+00:00","description":"F\u00e1radtnak \u00e9rzi mag\u00e1t? Energiz\u00e1lja test\u00e9t a LiftOff alacsony kal\u00f3riatartalm\u00fa, koffeinnel gazdag\u00edtott energiaitallal. A koffein seg\u00edt jav\u00edtani a test \u00e9bers\u00e9g\u00e9t \u00e9s koncentr\u00e1ci\u00f3j\u00e1t.","breadcrumb":{"@id":"https:\/\/herbastore.sk\/hu\/termekek\/h24-sporttaplalkozas\/liftoff\/#breadcrumb"},"inLanguage":"hu","potentialAction":[{"@type":"ReadAction","target":["https:\/\/herbastore.sk\/hu\/termekek\/h24-sporttaplalkozas\/liftoff\/"]}]},{"@type":"ImageObject","inLanguage":"hu","@id":"https:\/\/herbastore.sk\/hu\/termekek\/h24-sporttaplalkozas\/liftoff\/#primaryimage","url":"https:\/\/herbastore.sk\/wp-content\/uploads\/2025\/02\/liftoff-citrom-line-10-tabletta.jpg","contentUrl":"https:\/\/herbastore.sk\/wp-content\/uploads\/2025\/02\/liftoff-citrom-line-10-tabletta.jpg","width":534,"height":800,"caption":"Herbalife LiftOff Lemon-line"},{"@type":"BreadcrumbList","@id":"https:\/\/herbastore.sk\/hu\/termekek\/h24-sporttaplalkozas\/liftoff\/#breadcrumb","itemListElement":[{"@type":"ListItem","position":1,"name":"Home","item":"https:\/\/herbastore.sk\/hu\/"},{"@type":"ListItem","position":2,"name":"Term\u00e9kek","item":"https:\/\/herbastore.sk\/hu\/termekek\/"},{"@type":"ListItem","position":3,"name":"LiftOff"}]},{"@type":"WebSite","@id":"https:\/\/herbastore.sk\/hu\/#website","url":"https:\/\/herbastore.sk\/hu\/","name":"herbastore","description":"Produkty Herbalife z pohodlia v\u00e1\u0161ho domova","publisher":{"@id":"https:\/\/herbastore.sk\/hu\/#organization"},"potentialAction":[{"@type":"SearchAction","target":{"@type":"EntryPoint","urlTemplate":"https:\/\/herbastore.sk\/hu\/?s={search_term_string}"},"query-input":{"@type":"PropertyValueSpecification","valueRequired":true,"valueName":"search_term_string"}}],"inLanguage":"hu"},{"@type":"Organization","@id":"https:\/\/herbastore.sk\/hu\/#organization","name":"herbastore.sk","url":"https:\/\/herbastore.sk\/hu\/","logo":{"@type":"ImageObject","inLanguage":"hu","@id":"https:\/\/herbastore.sk\/hu\/#\/schema\/logo\/image\/","url":"https:\/\/herbastore.sk\/wp-content\/uploads\/2018\/11\/herbastore-ikona.png","contentUrl":"https:\/\/herbastore.sk\/wp-content\/uploads\/2018\/11\/herbastore-ikona.png","width":512,"height":512,"caption":"herbastore.sk"},"image":{"@id":"https:\/\/herbastore.sk\/hu\/#\/schema\/logo\/image\/"},"sameAs":["https:\/\/www.facebook.com\/herbastoresk\/","https:\/\/www.instagram.com\/herbastore.sk\/"]}]}},"_links":{"self":[{"href":"https:\/\/herbastore.sk\/hu\/wp-json\/wp\/v2\/product\/28509","targetHints":{"allow":["GET"]}}],"collection":[{"href":"https:\/\/herbastore.sk\/hu\/wp-json\/wp\/v2\/product"}],"about":[{"href":"https:\/\/herbastore.sk\/hu\/wp-json\/wp\/v2\/types\/product"}],"replies":[{"embeddable":true,"href":"https:\/\/herbastore.sk\/hu\/wp-json\/wp\/v2\/comments?post=28509"}],"wp:featuredmedia":[{"embeddable":true,"href":"https:\/\/herbastore.sk\/hu\/wp-json\/wp\/v2\/media\/28510"}],"wp:attachment":[{"href":"https:\/\/herbastore.sk\/hu\/wp-json\/wp\/v2\/media?parent=28509"}],"wp:term":[{"taxonomy":"product_brand","embeddable":true,"href":"https:\/\/herbastore.sk\/hu\/wp-json\/wp\/v2\/product_brand?post=28509"},{"taxonomy":"product_cat","embeddable":true,"href":"https:\/\/herbastore.sk\/hu\/wp-json\/wp\/v2\/product_cat?post=28509"},{"taxonomy":"product_tag","embeddable":true,"href":"https:\/\/herbastore.sk\/hu\/wp-json\/wp\/v2\/product_tag?post=28509"}],"curies":[{"name":"wp","href":"https:\/\/api.w.org\/{rel}","templated":true}]}}