{"id":28501,"date":"2019-02-01T21:38:38","date_gmt":"2025-02-14T20:03:40","guid":{"rendered":"https:\/\/herbastore.sk\/produkty\/nezaraden\u00e9\/citrusos-arclemoso\/"},"modified":"2025-10-29T15:38:38","modified_gmt":"2025-10-29T14:38:38","slug":"citrusos-arclemoso","status":"publish","type":"product","link":"https:\/\/herbastore.sk\/hu\/termekek\/herbalife-skin\/citrusos-arclemoso\/","title":{"rendered":"Citrusos Arclemos\u00f3"},"content":{"rendered":"<h2>Herbalife SKIN Citrusos arclemos\u00f3<\/h2>\n<p>Jellemz\u0151k \u00e9s hat\u00e1sok<\/p>\n<div class=\"row\"  id=\"row-1829512850\">\n\n\t<div id=\"col-1684421312\" class=\"col medium-1\/2 large-6\"  >\n\t\t\t\t<div class=\"col-inner\"  >\n\t\t\t\n\t\t\t\n<ul>\n<li class=\"bullet-checkmark\">Ide\u00e1lis <strong>norm\u00e1l<\/strong> \u00e9s <strong>zs\u00edros<\/strong> b\u0151rre<\/li>\n<li class=\"bullet-checkmark\">Egy \u00e1that\u00f3 illat\u00fa b\u0151rtiszt\u00edt\u00f3 n\u00e9h\u00e1ny csepp narancsl\u00e9vel \u00e9s l\u00e9d\u00fas grapefruittal gazdag\u00edtva<\/li>\n<li class=\"bullet-checkmark\">Klinikailag tesztelt, cs\u00f6kkenti a faggy\u00fatermel\u0151d\u00e9st m\u00e1r egyetlen haszn\u00e1lat ut\u00e1n<strong>*<\/strong><\/li>\n<\/ul>\n\t\t<\/div>\n\t\t\t\t\t<\/div>\n\n\t\n\n\t<div id=\"col-1735126643\" class=\"col medium-1\/2 large-6\"  >\n\t\t\t\t<div class=\"col-inner\"  >\n\t\t\t\n\t\t\t\n<ul>\n<li class=\"bullet-checkmark\">A k\u00f6nny\u0171 g\u00e9l rad\u00edroz\u00f3 jojobagy\u00f6ngy\u00f6kkel, elt\u00e1vol\u00edtja a szennyez\u0151d\u00e9seket \u00e9s friss\u00edti a b\u0151rt<\/li>\n<li class=\"bullet-checkmark\">A b\u0151r csod\u00e1latosan friss \u00e9s ragyog\u00f3 lesz<\/li>\n<li class=\"bullet-checkmark\">Nem tartalmaz hozz\u00e1adott parab\u00e9nt, szulf\u00e1tot, b\u0151rgy\u00f3gy\u00e1szatilag tesztelt (egyik SKIN term\u00e9kcsal\u00e1dunkat sem tesztelt\u00e9k \u00e1llatokon)<\/li>\n<\/ul>\n\t\t<\/div>\n\t\t\t\t\t<\/div>\n\n\t\n<\/div>\n<h2>\u00d6sszetev\u0151k<\/h2>\n<p>Egyed\u00fcl\u00e1ll\u00f3 formula, amely sz\u00e1mos term\u00e9szetes \u00f6sszetev\u0151t tartalmaz, amelyek nemcsak kiv\u00e1l\u00f3 min\u0151s\u00e9g\u0171ek, hanem rendk\u00edv\u00fcl hat\u00e9konyak is:<\/p>\n<ul>\n<li class=\"bullet-arrow\">A- \u00e9s C-vitamin \u2013 fiatal\u00edt\u00f3 \u00e9s antioxid\u00e1ns hat\u00e1s\u00fa<\/li>\n<li class=\"bullet-arrow\">B3-vitamin<\/li>\n<li class=\"bullet-arrow\">Narancs \u00e9s grapefruit kivonatok \u2013 seg\u00edtenek a tiszt\u00edt\u00e1sban, j\u00f3t\u00e9kony hat\u00e1s\u00faak \u00e9s ragyog\u00f3 megjelen\u00e9t \u00e9s a sz\u00e9p b\u0151rt biztos\u00edtanak<\/li>\n<li class=\"bullet-arrow\">Aloe Vera \u2013 puh\u00edtja \u00e9s nyugtatja a b\u0151rt<\/li>\n<li class=\"bullet-arrow\">Alma \u00e9s jojoba kivonatok<\/li>\n<\/ul>\n<h2>Haszn\u00e1lat<\/h2>\n<p>Tov\u00e1bbi inform\u00e1ci\u00f3k\u00e9rt \u00e9s gyakorlati tippek\u00e9rt l\u00e1togasson el a kiz\u00e1r\u00f3lag <a href=\"https:\/\/herbastore.sk\/hu\/herbalife-skin-kerdesek-es-valaszok\/\">a Herbalife SKIN term\u00e9kcsal\u00e1dunknak szentelt aloldalra<\/a><\/p>\n<ul>\n<li class=\"bullet-arrow\">Haszn\u00e1lja a citrusos lemos\u00f3t reggel tiszt\u00edt\u00f3k\u00e9nt \u00e9s este nyugtat\u00f3 sminklemos\u00f3k\u00e9nt<\/li>\n<li class=\"bullet-arrow\">Alkalmazza nedves b\u0151rre, k\u00f6rk\u00f6r\u00f6s mozdulatokkal gyeng\u00e9den massz\u00edrozza a b\u0151rbe<\/li>\n<li class=\"bullet-arrow\">\u00d6bl\u00edtse le v\u00edzzel<\/li>\n<li class=\"bullet-arrow\">Folytassa <a href=\"https:\/\/herbastore.sk\/hu\/termekek\/herbalife-skin\/energetizalo-gyogynovenyes-tonik\/\">a rutint a gy\u00f3gyn\u00f6v\u00e9nyes tonikkal<\/a><\/li>\n<\/ul>\n<p><strong>*<\/strong> Bizony\u00edtotta a faggy\u00fatermel\u0151d\u00e9s jelent\u0151s, 57,6% -os (\u00e1tlagban) cs\u00f6kken\u00e9s\u00e9t az alkalmazott oldalon. Norm\u00e1l vagy zs\u00edros b\u0151rre alkalmas.<\/p>\n","protected":false},"excerpt":{"rendered":"<p>150 ml<\/p>\n<div class=\"is-divider divider clearfix\" ><\/div>\n<p>Ez az er\u0151teljes sim\u00edt\u00f3 \u00e9s ragyog\u00f3 citrusos arctiszt\u00edt\u00f3 (g\u00e9l) norm\u00e1l \u00e9s zs\u00edros b\u0151rre alkalmas. A SKIN kozmetikumok csal\u00e1db\u00f3l sz\u00e1rmaz\u00f3 lemos\u00f3 megtiszt\u00edtja a b\u0151rt m\u00e9lytiszt\u00edt\u00f3 jojobagy\u00f6ngy\u00f6k \u00e9s m\u00e1s hat\u00f3anyagoknak k\u00f6sz\u00f6nhet\u0151en. Ezenk\u00edv\u00fcl ragyog\u00f3bb\u00e1 teszi a b\u0151rt \u00e9s eg\u00e9szs\u00e9ges m\u00f3don seg\u00edt a felfriss\u00edt\u00e9s\u00e9ben. <\/p>\n","protected":false},"featured_media":28502,"comment_status":"open","ping_status":"closed","template":"","meta":{"inline_featured_image":false},"product_brand":[],"product_cat":[375],"product_tag":[384],"class_list":{"0":"post-28501","1":"product","2":"type-product","3":"status-publish","4":"has-post-thumbnail","6":"product_cat-herbalife-skin","7":"product_tag-a-bor-es-haj-jobb-allapota","9":"first","10":"instock","11":"taxable","12":"shipping-taxable","13":"purchasable","14":"product-type-simple"},"yoast_head":"<!-- This site is optimized with the Yoast SEO plugin v26.8 - https:\/\/yoast.com\/product\/yoast-seo-wordpress\/ -->\n<title>Herbalife Citrusos Arclemos\u00f3 150 ml - herbastore<\/title>\n<meta name=\"description\" content=\"A citrusf\u00e9l\u00e9ket tartalmaz\u00f3 hat\u00e9kony b\u0151rhalv\u00e1ny\u00edt\u00f3 tiszt\u00edt\u00f3szer a norm\u00e1l \u00e9s zs\u00edros b\u0151rre pontosan megtiszt\u00edtja a b\u0151rt, \u00e9s eg\u00e9szs\u00e9ges m\u00f3don friss\u00edti fel. Klinikailag tesztelt.\" \/>\n<meta name=\"robots\" content=\"index, follow, max-snippet:-1, max-image-preview:large, max-video-preview:-1\" \/>\n<link rel=\"canonical\" href=\"https:\/\/herbastore.sk\/hu\/termekek\/herbalife-skin\/citrusos-arclemoso\/\" \/>\n<meta property=\"og:locale\" content=\"hu_HU\" \/>\n<meta property=\"og:type\" content=\"article\" \/>\n<meta property=\"og:title\" content=\"Herbalife Citrusos Arclemos\u00f3 150 ml - herbastore\" \/>\n<meta property=\"og:description\" content=\"A citrusf\u00e9l\u00e9ket tartalmaz\u00f3 hat\u00e9kony b\u0151rhalv\u00e1ny\u00edt\u00f3 tiszt\u00edt\u00f3szer a norm\u00e1l \u00e9s zs\u00edros b\u0151rre pontosan megtiszt\u00edtja a b\u0151rt, \u00e9s eg\u00e9szs\u00e9ges m\u00f3don friss\u00edti fel. Klinikailag tesztelt.\" \/>\n<meta property=\"og:url\" content=\"https:\/\/herbastore.sk\/hu\/termekek\/herbalife-skin\/citrusos-arclemoso\/\" \/>\n<meta property=\"og:site_name\" content=\"herbastore\" \/>\n<meta property=\"article:publisher\" content=\"https:\/\/www.facebook.com\/herbastoresk\/\" \/>\n<meta property=\"article:modified_time\" content=\"2025-10-29T14:38:38+00:00\" \/>\n<meta property=\"og:image\" content=\"https:\/\/herbastore.sk\/wp-content\/uploads\/2025\/02\/herbalife-skin-citrusos-arclemoso-150ml.jpg\" \/>\n\t<meta property=\"og:image:width\" content=\"534\" \/>\n\t<meta property=\"og:image:height\" content=\"800\" \/>\n\t<meta property=\"og:image:type\" content=\"image\/jpeg\" \/>\n<meta name=\"twitter:card\" content=\"summary_large_image\" \/>\n<meta name=\"twitter:label1\" content=\"Becs\u00fclt olvas\u00e1si id\u0151\" \/>\n\t<meta name=\"twitter:data1\" content=\"2 perc\" \/>\n<script type=\"application\/ld+json\" class=\"yoast-schema-graph\">{\"@context\":\"https:\/\/schema.org\",\"@graph\":[{\"@type\":\"WebPage\",\"@id\":\"https:\/\/herbastore.sk\/hu\/termekek\/herbalife-skin\/citrusos-arclemoso\/\",\"url\":\"https:\/\/herbastore.sk\/hu\/termekek\/herbalife-skin\/citrusos-arclemoso\/\",\"name\":\"Herbalife Citrusos Arclemos\u00f3 150 ml - herbastore\",\"isPartOf\":{\"@id\":\"https:\/\/herbastore.sk\/hu\/#website\"},\"primaryImageOfPage\":{\"@id\":\"https:\/\/herbastore.sk\/hu\/termekek\/herbalife-skin\/citrusos-arclemoso\/#primaryimage\"},\"image\":{\"@id\":\"https:\/\/herbastore.sk\/hu\/termekek\/herbalife-skin\/citrusos-arclemoso\/#primaryimage\"},\"thumbnailUrl\":\"https:\/\/herbastore.sk\/wp-content\/uploads\/2025\/02\/herbalife-skin-citrusos-arclemoso-150ml.jpg\",\"datePublished\":\"2025-02-14T20:03:40+00:00\",\"dateModified\":\"2025-10-29T14:38:38+00:00\",\"description\":\"A citrusf\u00e9l\u00e9ket tartalmaz\u00f3 hat\u00e9kony b\u0151rhalv\u00e1ny\u00edt\u00f3 tiszt\u00edt\u00f3szer a norm\u00e1l \u00e9s zs\u00edros b\u0151rre pontosan megtiszt\u00edtja a b\u0151rt, \u00e9s eg\u00e9szs\u00e9ges m\u00f3don friss\u00edti fel. Klinikailag tesztelt.\",\"breadcrumb\":{\"@id\":\"https:\/\/herbastore.sk\/hu\/termekek\/herbalife-skin\/citrusos-arclemoso\/#breadcrumb\"},\"inLanguage\":\"hu\",\"potentialAction\":[{\"@type\":\"ReadAction\",\"target\":[\"https:\/\/herbastore.sk\/hu\/termekek\/herbalife-skin\/citrusos-arclemoso\/\"]}]},{\"@type\":\"ImageObject\",\"inLanguage\":\"hu\",\"@id\":\"https:\/\/herbastore.sk\/hu\/termekek\/herbalife-skin\/citrusos-arclemoso\/#primaryimage\",\"url\":\"https:\/\/herbastore.sk\/wp-content\/uploads\/2025\/02\/herbalife-skin-citrusos-arclemoso-150ml.jpg\",\"contentUrl\":\"https:\/\/herbastore.sk\/wp-content\/uploads\/2025\/02\/herbalife-skin-citrusos-arclemoso-150ml.jpg\",\"width\":534,\"height\":800,\"caption\":\"Herbalife SKIN Citrusos Arclemos\u00f3\"},{\"@type\":\"BreadcrumbList\",\"@id\":\"https:\/\/herbastore.sk\/hu\/termekek\/herbalife-skin\/citrusos-arclemoso\/#breadcrumb\",\"itemListElement\":[{\"@type\":\"ListItem\",\"position\":1,\"name\":\"Home\",\"item\":\"https:\/\/herbastore.sk\/hu\/\"},{\"@type\":\"ListItem\",\"position\":2,\"name\":\"Term\u00e9kek\",\"item\":\"https:\/\/herbastore.sk\/hu\/termekek\/\"},{\"@type\":\"ListItem\",\"position\":3,\"name\":\"Citrusos Arclemos\u00f3\"}]},{\"@type\":\"WebSite\",\"@id\":\"https:\/\/herbastore.sk\/hu\/#website\",\"url\":\"https:\/\/herbastore.sk\/hu\/\",\"name\":\"herbastore\",\"description\":\"Produkty Herbalife z pohodlia v\u00e1\u0161ho domova\",\"publisher\":{\"@id\":\"https:\/\/herbastore.sk\/hu\/#organization\"},\"potentialAction\":[{\"@type\":\"SearchAction\",\"target\":{\"@type\":\"EntryPoint\",\"urlTemplate\":\"https:\/\/herbastore.sk\/hu\/?s={search_term_string}\"},\"query-input\":{\"@type\":\"PropertyValueSpecification\",\"valueRequired\":true,\"valueName\":\"search_term_string\"}}],\"inLanguage\":\"hu\"},{\"@type\":\"Organization\",\"@id\":\"https:\/\/herbastore.sk\/hu\/#organization\",\"name\":\"herbastore.sk\",\"url\":\"https:\/\/herbastore.sk\/hu\/\",\"logo\":{\"@type\":\"ImageObject\",\"inLanguage\":\"hu\",\"@id\":\"https:\/\/herbastore.sk\/hu\/#\/schema\/logo\/image\/\",\"url\":\"https:\/\/herbastore.sk\/wp-content\/uploads\/2018\/11\/herbastore-ikona.png\",\"contentUrl\":\"https:\/\/herbastore.sk\/wp-content\/uploads\/2018\/11\/herbastore-ikona.png\",\"width\":512,\"height\":512,\"caption\":\"herbastore.sk\"},\"image\":{\"@id\":\"https:\/\/herbastore.sk\/hu\/#\/schema\/logo\/image\/\"},\"sameAs\":[\"https:\/\/www.facebook.com\/herbastoresk\/\",\"https:\/\/www.instagram.com\/herbastore.sk\/\"]}]}<\/script>\n<!-- \/ Yoast SEO plugin. -->","yoast_head_json":{"title":"Herbalife Citrusos Arclemos\u00f3 150 ml - herbastore","description":"A citrusf\u00e9l\u00e9ket tartalmaz\u00f3 hat\u00e9kony b\u0151rhalv\u00e1ny\u00edt\u00f3 tiszt\u00edt\u00f3szer a norm\u00e1l \u00e9s zs\u00edros b\u0151rre pontosan megtiszt\u00edtja a b\u0151rt, \u00e9s eg\u00e9szs\u00e9ges m\u00f3don friss\u00edti fel. Klinikailag tesztelt.","robots":{"index":"index","follow":"follow","max-snippet":"max-snippet:-1","max-image-preview":"max-image-preview:large","max-video-preview":"max-video-preview:-1"},"canonical":"https:\/\/herbastore.sk\/hu\/termekek\/herbalife-skin\/citrusos-arclemoso\/","og_locale":"hu_HU","og_type":"article","og_title":"Herbalife Citrusos Arclemos\u00f3 150 ml - herbastore","og_description":"A citrusf\u00e9l\u00e9ket tartalmaz\u00f3 hat\u00e9kony b\u0151rhalv\u00e1ny\u00edt\u00f3 tiszt\u00edt\u00f3szer a norm\u00e1l \u00e9s zs\u00edros b\u0151rre pontosan megtiszt\u00edtja a b\u0151rt, \u00e9s eg\u00e9szs\u00e9ges m\u00f3don friss\u00edti fel. Klinikailag tesztelt.","og_url":"https:\/\/herbastore.sk\/hu\/termekek\/herbalife-skin\/citrusos-arclemoso\/","og_site_name":"herbastore","article_publisher":"https:\/\/www.facebook.com\/herbastoresk\/","article_modified_time":"2025-10-29T14:38:38+00:00","og_image":[{"width":534,"height":800,"url":"https:\/\/herbastore.sk\/wp-content\/uploads\/2025\/02\/herbalife-skin-citrusos-arclemoso-150ml.jpg","type":"image\/jpeg"}],"twitter_card":"summary_large_image","twitter_misc":{"Becs\u00fclt olvas\u00e1si id\u0151":"2 perc"},"schema":{"@context":"https:\/\/schema.org","@graph":[{"@type":"WebPage","@id":"https:\/\/herbastore.sk\/hu\/termekek\/herbalife-skin\/citrusos-arclemoso\/","url":"https:\/\/herbastore.sk\/hu\/termekek\/herbalife-skin\/citrusos-arclemoso\/","name":"Herbalife Citrusos Arclemos\u00f3 150 ml - herbastore","isPartOf":{"@id":"https:\/\/herbastore.sk\/hu\/#website"},"primaryImageOfPage":{"@id":"https:\/\/herbastore.sk\/hu\/termekek\/herbalife-skin\/citrusos-arclemoso\/#primaryimage"},"image":{"@id":"https:\/\/herbastore.sk\/hu\/termekek\/herbalife-skin\/citrusos-arclemoso\/#primaryimage"},"thumbnailUrl":"https:\/\/herbastore.sk\/wp-content\/uploads\/2025\/02\/herbalife-skin-citrusos-arclemoso-150ml.jpg","datePublished":"2025-02-14T20:03:40+00:00","dateModified":"2025-10-29T14:38:38+00:00","description":"A citrusf\u00e9l\u00e9ket tartalmaz\u00f3 hat\u00e9kony b\u0151rhalv\u00e1ny\u00edt\u00f3 tiszt\u00edt\u00f3szer a norm\u00e1l \u00e9s zs\u00edros b\u0151rre pontosan megtiszt\u00edtja a b\u0151rt, \u00e9s eg\u00e9szs\u00e9ges m\u00f3don friss\u00edti fel. Klinikailag tesztelt.","breadcrumb":{"@id":"https:\/\/herbastore.sk\/hu\/termekek\/herbalife-skin\/citrusos-arclemoso\/#breadcrumb"},"inLanguage":"hu","potentialAction":[{"@type":"ReadAction","target":["https:\/\/herbastore.sk\/hu\/termekek\/herbalife-skin\/citrusos-arclemoso\/"]}]},{"@type":"ImageObject","inLanguage":"hu","@id":"https:\/\/herbastore.sk\/hu\/termekek\/herbalife-skin\/citrusos-arclemoso\/#primaryimage","url":"https:\/\/herbastore.sk\/wp-content\/uploads\/2025\/02\/herbalife-skin-citrusos-arclemoso-150ml.jpg","contentUrl":"https:\/\/herbastore.sk\/wp-content\/uploads\/2025\/02\/herbalife-skin-citrusos-arclemoso-150ml.jpg","width":534,"height":800,"caption":"Herbalife SKIN Citrusos Arclemos\u00f3"},{"@type":"BreadcrumbList","@id":"https:\/\/herbastore.sk\/hu\/termekek\/herbalife-skin\/citrusos-arclemoso\/#breadcrumb","itemListElement":[{"@type":"ListItem","position":1,"name":"Home","item":"https:\/\/herbastore.sk\/hu\/"},{"@type":"ListItem","position":2,"name":"Term\u00e9kek","item":"https:\/\/herbastore.sk\/hu\/termekek\/"},{"@type":"ListItem","position":3,"name":"Citrusos Arclemos\u00f3"}]},{"@type":"WebSite","@id":"https:\/\/herbastore.sk\/hu\/#website","url":"https:\/\/herbastore.sk\/hu\/","name":"herbastore","description":"Produkty Herbalife z pohodlia v\u00e1\u0161ho domova","publisher":{"@id":"https:\/\/herbastore.sk\/hu\/#organization"},"potentialAction":[{"@type":"SearchAction","target":{"@type":"EntryPoint","urlTemplate":"https:\/\/herbastore.sk\/hu\/?s={search_term_string}"},"query-input":{"@type":"PropertyValueSpecification","valueRequired":true,"valueName":"search_term_string"}}],"inLanguage":"hu"},{"@type":"Organization","@id":"https:\/\/herbastore.sk\/hu\/#organization","name":"herbastore.sk","url":"https:\/\/herbastore.sk\/hu\/","logo":{"@type":"ImageObject","inLanguage":"hu","@id":"https:\/\/herbastore.sk\/hu\/#\/schema\/logo\/image\/","url":"https:\/\/herbastore.sk\/wp-content\/uploads\/2018\/11\/herbastore-ikona.png","contentUrl":"https:\/\/herbastore.sk\/wp-content\/uploads\/2018\/11\/herbastore-ikona.png","width":512,"height":512,"caption":"herbastore.sk"},"image":{"@id":"https:\/\/herbastore.sk\/hu\/#\/schema\/logo\/image\/"},"sameAs":["https:\/\/www.facebook.com\/herbastoresk\/","https:\/\/www.instagram.com\/herbastore.sk\/"]}]}},"_links":{"self":[{"href":"https:\/\/herbastore.sk\/hu\/wp-json\/wp\/v2\/product\/28501","targetHints":{"allow":["GET"]}}],"collection":[{"href":"https:\/\/herbastore.sk\/hu\/wp-json\/wp\/v2\/product"}],"about":[{"href":"https:\/\/herbastore.sk\/hu\/wp-json\/wp\/v2\/types\/product"}],"replies":[{"embeddable":true,"href":"https:\/\/herbastore.sk\/hu\/wp-json\/wp\/v2\/comments?post=28501"}],"wp:featuredmedia":[{"embeddable":true,"href":"https:\/\/herbastore.sk\/hu\/wp-json\/wp\/v2\/media\/28502"}],"wp:attachment":[{"href":"https:\/\/herbastore.sk\/hu\/wp-json\/wp\/v2\/media?parent=28501"}],"wp:term":[{"taxonomy":"product_brand","embeddable":true,"href":"https:\/\/herbastore.sk\/hu\/wp-json\/wp\/v2\/product_brand?post=28501"},{"taxonomy":"product_cat","embeddable":true,"href":"https:\/\/herbastore.sk\/hu\/wp-json\/wp\/v2\/product_cat?post=28501"},{"taxonomy":"product_tag","embeddable":true,"href":"https:\/\/herbastore.sk\/hu\/wp-json\/wp\/v2\/product_tag?post=28501"}],"curies":[{"name":"wp","href":"https:\/\/api.w.org\/{rel}","templated":true}]}}