{"id":28494,"date":"2019-02-03T14:22:18","date_gmt":"2025-02-14T20:00:26","guid":{"rendered":"https:\/\/herbastore.sk\/produkty\/nezaraden\u00e9\/szedermagos-hamlaszto-arcradir\/"},"modified":"2025-11-27T22:39:37","modified_gmt":"2025-11-27T21:39:37","slug":"szedermagos-hamlaszto-arcradir","status":"publish","type":"product","link":"https:\/\/herbastore.sk\/hu\/termekek\/herbalife-skin\/szedermagos-hamlaszto-arcradir\/","title":{"rendered":"Szedermagos h\u00e1mlaszt\u00f3 arcrad\u00edr"},"content":{"rendered":"<h2>Herbalife SKIN Gy\u00fcm\u00f6lcs\u00f6s h\u00e1mlaszt\u00f3 arcrad\u00edr<\/h2>\n<p>Jellemz\u0151k \u00e9s hat\u00e1sok<\/p>\n<div class=\"row\"  id=\"row-933040229\">\n\n\t<div id=\"col-1307302215\" class=\"col medium-1\/2 large-6\"  >\n\t\t\t\t<div class=\"col-inner\"  >\n\t\t\t\n\t\t\t\n<ul>\n<li class=\"bullet-checkmark\">Elt\u00e1vol\u00edtja az elhalt h\u00e1msejteket<\/li>\n<li class=\"bullet-checkmark\">Eg\u00e9szs\u00e9ges megjelen\u00e9st k\u00f6lcs\u00f6n\u00f6z a b\u0151rnek<\/li>\n<li class=\"bullet-checkmark\">A friss gy\u00fcm\u00f6lcs\u00f6s illat stimul\u00e1lja \u00e9rz\u00e9keit<\/li>\n<\/ul>\n\t\t<\/div>\n\t\t\t\t\t<\/div>\n\n\t\n\n\t<div id=\"col-1096562259\" class=\"col medium-1\/2 large-6\"  >\n\t\t\t\t<div class=\"col-inner\"  >\n\t\t\t\n\t\t\t\n<ul>\n<li class=\"bullet-checkmark\">Minden b\u0151rt\u00edpusra alkalmas<\/li>\n<li class=\"bullet-checkmark\">Nem tartalmazhozz\u00e1adott parab\u00e9neket \u00e9s szulf\u00e1tokat<\/li>\n<li class=\"bullet-checkmark\">Praktikus tubuscsomagol\u00e1sban kaphat\u00f3, b\u0151rgy\u00f3gy\u00e1szatilag tesztelt<\/li>\n<\/ul>\n\t\t<\/div>\n\t\t\t\t\t<\/div>\n\n\t\n<\/div>\n<h2>\u00d6sszetev\u0151k<\/h2>\n<p>Egyed\u00fcl\u00e1ll\u00f3 formula, amely sz\u00e1mos term\u00e9szetes \u00f6sszetev\u0151t tartalmaz, amelyek nemcsak kiv\u00e1l\u00f3 min\u0151s\u00e9g\u0171ek, hanem rendk\u00edv\u00fcl hat\u00e9konyak is:<\/p>\n<ul>\n<li class=\"bullet-arrow\">E- \u00e9s C-vitamin \u2013 fiatal\u00edt\u00f3 \u00e9s antioxid\u00e1ns hat\u00e1s\u00fa<\/li>\n<li class=\"bullet-arrow\">B3-vitamin<\/li>\n<li class=\"bullet-arrow\">Aloe Vera \u2013 puh\u00edtja, hidrat\u00e1lja \u00e9s megnyugtatja a b\u0151rt<\/li>\n<li class=\"bullet-arrow\">K\u00f3kusz kivonatok &#8211; jelent\u0151sen seg\u00edtenek megtiszt\u00edtani a b\u0151rt<\/li>\n<li class=\"bullet-arrow\">Gy\u00f6ngy\u00f6k, amelyek seg\u00edtik a h\u00e1ml\u00e1szt\u00e1st<\/li>\n<li class=\"bullet-arrow\">\u00b7 \u00c1fonyamagok<\/li>\n<\/ul>\n<h2>Haszn\u00e1lat<\/h2>\n<p>Tov\u00e1bbi inform\u00e1ci\u00f3k\u00e9rt \u00e9s gyakorlati tippek\u00e9rt l\u00e1togasson el a kiz\u00e1r\u00f3lag <a href=\"https:\/\/herbastore.sk\/hu\/herbalife-skin-kerdesek-es-valaszok\/\">a Herbalife SKIN term\u00e9kcsal\u00e1dunknak szentelt aloldalra<\/a><\/p>\n<ul>\n<li class=\"bullet-arrow\">Haszn\u00e1lja az instant gy\u00fcm\u00f6lcs\u00f6s h\u00e1mlaszt\u00f3t hetente 1-3 alkalommal a b\u0151r tiszt\u00edt\u00e1s\u00e1t k\u00f6vet\u0151en<\/li>\n<li class=\"bullet-arrow\">Alkalmazza a b\u0151rre, gyeng\u00e9den massz\u00edrozza, majd \u00f6bl\u00edtse le v\u00edzzel<\/li>\n<li class=\"bullet-arrow\">Mos\u00e1s ut\u00e1n folytassa <a href=\"https:\/\/herbastore.sk\/hu\/termekek\/herbalife-skin\/energetizalo-gyogynovenyes-tonik\/\">a rutint a gy\u00f3gyn\u00f6v\u00e9nyes tonikkal<\/a><\/li>\n<\/ul>\n","protected":false},"excerpt":{"rendered":"<p>120 ml<\/p>\n<div class=\"is-divider divider clearfix\" ><\/div>\n<p>Antioxid\u00e1nsokban gazdag gy\u00fcm\u00f6lcsrad\u00edr, amely bogy\u00f3s magokat tartalmaz, amelyek seg\u00edtenek a b\u0151r puh\u00e1v\u00e1 \u00e9s puh\u00e1v\u00e1 t\u00e9tel\u00e9ben. Seg\u00edtsen b\u0151r\u00e9nek eg\u00e9szs\u00e9gesebbnek t\u0171nni, \u00e9s rendszeres haszn\u00e1lat\u00e1val nagyszer\u0171 eredm\u00e9nyeket \u00e9rjen el. <\/p>\n<p>A Herbalife SKIN kozmetikumok instant bogy\u00f3s (gy\u00fcm\u00f6lcs) b\u0151rrad\u00edrja minden b\u0151rt\u00edpusra k\u00f6nnyen megteheti ezt, term\u00e9szetes \u00f6sszet\u00e9tel\u00e9nek k\u00f6sz\u00f6nhet\u0151en. Egyszer\u0171, hat\u00e9kony \u00e9s k\u00f6nnyen haszn\u00e1lhat\u00f3. <\/p>\n","protected":false},"featured_media":28495,"comment_status":"open","ping_status":"closed","template":"","meta":{"inline_featured_image":false},"product_brand":[],"product_cat":[375],"product_tag":[384],"class_list":{"0":"post-28494","1":"product","2":"type-product","3":"status-publish","4":"has-post-thumbnail","6":"product_cat-herbalife-skin","7":"product_tag-a-bor-es-haj-jobb-allapota","9":"first","10":"instock","11":"taxable","12":"shipping-taxable","13":"purchasable","14":"product-type-simple"},"yoast_head":"<!-- This site is optimized with the Yoast SEO plugin v26.8 - https:\/\/yoast.com\/product\/yoast-seo-wordpress\/ -->\n<title>Herbalife SKIN Szedermagos h\u00e1mlaszt\u00f3 arcrad\u00edr 120 ml - herbastore<\/title>\n<meta name=\"description\" content=\"A friss, gy\u00fcm\u00f6lcs\u00f6s illat stimul\u00e1lja \u00e9rz\u00e9keit. Gy\u00fcm\u00f6lcsrad\u00edr minden b\u0151rt\u00edpusra alkalmas. Nincs hozz\u00e1adott parab\u00e9nek \u00e9s szulf\u00e1tok, dermatol\u00f3giailag tesztelt.\" \/>\n<meta name=\"robots\" content=\"index, follow, max-snippet:-1, max-image-preview:large, max-video-preview:-1\" \/>\n<link rel=\"canonical\" href=\"https:\/\/herbastore.sk\/hu\/termekek\/herbalife-skin\/szedermagos-hamlaszto-arcradir\/\" \/>\n<meta property=\"og:locale\" content=\"hu_HU\" \/>\n<meta property=\"og:type\" content=\"article\" \/>\n<meta property=\"og:title\" content=\"Herbalife SKIN Szedermagos h\u00e1mlaszt\u00f3 arcrad\u00edr 120 ml - herbastore\" \/>\n<meta property=\"og:description\" content=\"A friss, gy\u00fcm\u00f6lcs\u00f6s illat stimul\u00e1lja \u00e9rz\u00e9keit. Gy\u00fcm\u00f6lcsrad\u00edr minden b\u0151rt\u00edpusra alkalmas. Nincs hozz\u00e1adott parab\u00e9nek \u00e9s szulf\u00e1tok, dermatol\u00f3giailag tesztelt.\" \/>\n<meta property=\"og:url\" content=\"https:\/\/herbastore.sk\/hu\/termekek\/herbalife-skin\/szedermagos-hamlaszto-arcradir\/\" \/>\n<meta property=\"og:site_name\" content=\"herbastore\" \/>\n<meta property=\"article:publisher\" content=\"https:\/\/www.facebook.com\/herbastoresk\/\" \/>\n<meta property=\"article:modified_time\" content=\"2025-11-27T21:39:37+00:00\" \/>\n<meta property=\"og:image\" content=\"https:\/\/herbastore.sk\/wp-content\/uploads\/2025\/02\/herbalife-skin-szedermagos-hamlaszto-arcradir-120ml.jpg\" \/>\n\t<meta property=\"og:image:width\" content=\"534\" \/>\n\t<meta property=\"og:image:height\" content=\"800\" \/>\n\t<meta property=\"og:image:type\" content=\"image\/jpeg\" \/>\n<meta name=\"twitter:card\" content=\"summary_large_image\" \/>\n<meta name=\"twitter:label1\" content=\"Becs\u00fclt olvas\u00e1si id\u0151\" \/>\n\t<meta name=\"twitter:data1\" content=\"1 perc\" \/>\n<script type=\"application\/ld+json\" class=\"yoast-schema-graph\">{\"@context\":\"https:\/\/schema.org\",\"@graph\":[{\"@type\":\"WebPage\",\"@id\":\"https:\/\/herbastore.sk\/hu\/termekek\/herbalife-skin\/szedermagos-hamlaszto-arcradir\/\",\"url\":\"https:\/\/herbastore.sk\/hu\/termekek\/herbalife-skin\/szedermagos-hamlaszto-arcradir\/\",\"name\":\"Herbalife SKIN Szedermagos h\u00e1mlaszt\u00f3 arcrad\u00edr 120 ml - herbastore\",\"isPartOf\":{\"@id\":\"https:\/\/herbastore.sk\/hu\/#website\"},\"primaryImageOfPage\":{\"@id\":\"https:\/\/herbastore.sk\/hu\/termekek\/herbalife-skin\/szedermagos-hamlaszto-arcradir\/#primaryimage\"},\"image\":{\"@id\":\"https:\/\/herbastore.sk\/hu\/termekek\/herbalife-skin\/szedermagos-hamlaszto-arcradir\/#primaryimage\"},\"thumbnailUrl\":\"https:\/\/herbastore.sk\/wp-content\/uploads\/2025\/02\/herbalife-skin-szedermagos-hamlaszto-arcradir-120ml.jpg\",\"datePublished\":\"2025-02-14T20:00:26+00:00\",\"dateModified\":\"2025-11-27T21:39:37+00:00\",\"description\":\"A friss, gy\u00fcm\u00f6lcs\u00f6s illat stimul\u00e1lja \u00e9rz\u00e9keit. Gy\u00fcm\u00f6lcsrad\u00edr minden b\u0151rt\u00edpusra alkalmas. Nincs hozz\u00e1adott parab\u00e9nek \u00e9s szulf\u00e1tok, dermatol\u00f3giailag tesztelt.\",\"breadcrumb\":{\"@id\":\"https:\/\/herbastore.sk\/hu\/termekek\/herbalife-skin\/szedermagos-hamlaszto-arcradir\/#breadcrumb\"},\"inLanguage\":\"hu\",\"potentialAction\":[{\"@type\":\"ReadAction\",\"target\":[\"https:\/\/herbastore.sk\/hu\/termekek\/herbalife-skin\/szedermagos-hamlaszto-arcradir\/\"]}]},{\"@type\":\"ImageObject\",\"inLanguage\":\"hu\",\"@id\":\"https:\/\/herbastore.sk\/hu\/termekek\/herbalife-skin\/szedermagos-hamlaszto-arcradir\/#primaryimage\",\"url\":\"https:\/\/herbastore.sk\/wp-content\/uploads\/2025\/02\/herbalife-skin-szedermagos-hamlaszto-arcradir-120ml.jpg\",\"contentUrl\":\"https:\/\/herbastore.sk\/wp-content\/uploads\/2025\/02\/herbalife-skin-szedermagos-hamlaszto-arcradir-120ml.jpg\",\"width\":534,\"height\":800,\"caption\":\"Herbalife SKIN Szedermagos H\u00e1mlaszt\u00f3 Arcrad\u00edr\"},{\"@type\":\"BreadcrumbList\",\"@id\":\"https:\/\/herbastore.sk\/hu\/termekek\/herbalife-skin\/szedermagos-hamlaszto-arcradir\/#breadcrumb\",\"itemListElement\":[{\"@type\":\"ListItem\",\"position\":1,\"name\":\"Home\",\"item\":\"https:\/\/herbastore.sk\/hu\/\"},{\"@type\":\"ListItem\",\"position\":2,\"name\":\"Term\u00e9kek\",\"item\":\"https:\/\/herbastore.sk\/hu\/termekek\/\"},{\"@type\":\"ListItem\",\"position\":3,\"name\":\"Szedermagos h\u00e1mlaszt\u00f3 arcrad\u00edr\"}]},{\"@type\":\"WebSite\",\"@id\":\"https:\/\/herbastore.sk\/hu\/#website\",\"url\":\"https:\/\/herbastore.sk\/hu\/\",\"name\":\"herbastore\",\"description\":\"Produkty Herbalife z pohodlia v\u00e1\u0161ho domova\",\"publisher\":{\"@id\":\"https:\/\/herbastore.sk\/hu\/#organization\"},\"potentialAction\":[{\"@type\":\"SearchAction\",\"target\":{\"@type\":\"EntryPoint\",\"urlTemplate\":\"https:\/\/herbastore.sk\/hu\/?s={search_term_string}\"},\"query-input\":{\"@type\":\"PropertyValueSpecification\",\"valueRequired\":true,\"valueName\":\"search_term_string\"}}],\"inLanguage\":\"hu\"},{\"@type\":\"Organization\",\"@id\":\"https:\/\/herbastore.sk\/hu\/#organization\",\"name\":\"herbastore.sk\",\"url\":\"https:\/\/herbastore.sk\/hu\/\",\"logo\":{\"@type\":\"ImageObject\",\"inLanguage\":\"hu\",\"@id\":\"https:\/\/herbastore.sk\/hu\/#\/schema\/logo\/image\/\",\"url\":\"https:\/\/herbastore.sk\/wp-content\/uploads\/2018\/11\/herbastore-ikona.png\",\"contentUrl\":\"https:\/\/herbastore.sk\/wp-content\/uploads\/2018\/11\/herbastore-ikona.png\",\"width\":512,\"height\":512,\"caption\":\"herbastore.sk\"},\"image\":{\"@id\":\"https:\/\/herbastore.sk\/hu\/#\/schema\/logo\/image\/\"},\"sameAs\":[\"https:\/\/www.facebook.com\/herbastoresk\/\",\"https:\/\/www.instagram.com\/herbastore.sk\/\"]}]}<\/script>\n<!-- \/ Yoast SEO plugin. -->","yoast_head_json":{"title":"Herbalife SKIN Szedermagos h\u00e1mlaszt\u00f3 arcrad\u00edr 120 ml - herbastore","description":"A friss, gy\u00fcm\u00f6lcs\u00f6s illat stimul\u00e1lja \u00e9rz\u00e9keit. Gy\u00fcm\u00f6lcsrad\u00edr minden b\u0151rt\u00edpusra alkalmas. Nincs hozz\u00e1adott parab\u00e9nek \u00e9s szulf\u00e1tok, dermatol\u00f3giailag tesztelt.","robots":{"index":"index","follow":"follow","max-snippet":"max-snippet:-1","max-image-preview":"max-image-preview:large","max-video-preview":"max-video-preview:-1"},"canonical":"https:\/\/herbastore.sk\/hu\/termekek\/herbalife-skin\/szedermagos-hamlaszto-arcradir\/","og_locale":"hu_HU","og_type":"article","og_title":"Herbalife SKIN Szedermagos h\u00e1mlaszt\u00f3 arcrad\u00edr 120 ml - herbastore","og_description":"A friss, gy\u00fcm\u00f6lcs\u00f6s illat stimul\u00e1lja \u00e9rz\u00e9keit. Gy\u00fcm\u00f6lcsrad\u00edr minden b\u0151rt\u00edpusra alkalmas. Nincs hozz\u00e1adott parab\u00e9nek \u00e9s szulf\u00e1tok, dermatol\u00f3giailag tesztelt.","og_url":"https:\/\/herbastore.sk\/hu\/termekek\/herbalife-skin\/szedermagos-hamlaszto-arcradir\/","og_site_name":"herbastore","article_publisher":"https:\/\/www.facebook.com\/herbastoresk\/","article_modified_time":"2025-11-27T21:39:37+00:00","og_image":[{"width":534,"height":800,"url":"https:\/\/herbastore.sk\/wp-content\/uploads\/2025\/02\/herbalife-skin-szedermagos-hamlaszto-arcradir-120ml.jpg","type":"image\/jpeg"}],"twitter_card":"summary_large_image","twitter_misc":{"Becs\u00fclt olvas\u00e1si id\u0151":"1 perc"},"schema":{"@context":"https:\/\/schema.org","@graph":[{"@type":"WebPage","@id":"https:\/\/herbastore.sk\/hu\/termekek\/herbalife-skin\/szedermagos-hamlaszto-arcradir\/","url":"https:\/\/herbastore.sk\/hu\/termekek\/herbalife-skin\/szedermagos-hamlaszto-arcradir\/","name":"Herbalife SKIN Szedermagos h\u00e1mlaszt\u00f3 arcrad\u00edr 120 ml - herbastore","isPartOf":{"@id":"https:\/\/herbastore.sk\/hu\/#website"},"primaryImageOfPage":{"@id":"https:\/\/herbastore.sk\/hu\/termekek\/herbalife-skin\/szedermagos-hamlaszto-arcradir\/#primaryimage"},"image":{"@id":"https:\/\/herbastore.sk\/hu\/termekek\/herbalife-skin\/szedermagos-hamlaszto-arcradir\/#primaryimage"},"thumbnailUrl":"https:\/\/herbastore.sk\/wp-content\/uploads\/2025\/02\/herbalife-skin-szedermagos-hamlaszto-arcradir-120ml.jpg","datePublished":"2025-02-14T20:00:26+00:00","dateModified":"2025-11-27T21:39:37+00:00","description":"A friss, gy\u00fcm\u00f6lcs\u00f6s illat stimul\u00e1lja \u00e9rz\u00e9keit. Gy\u00fcm\u00f6lcsrad\u00edr minden b\u0151rt\u00edpusra alkalmas. Nincs hozz\u00e1adott parab\u00e9nek \u00e9s szulf\u00e1tok, dermatol\u00f3giailag tesztelt.","breadcrumb":{"@id":"https:\/\/herbastore.sk\/hu\/termekek\/herbalife-skin\/szedermagos-hamlaszto-arcradir\/#breadcrumb"},"inLanguage":"hu","potentialAction":[{"@type":"ReadAction","target":["https:\/\/herbastore.sk\/hu\/termekek\/herbalife-skin\/szedermagos-hamlaszto-arcradir\/"]}]},{"@type":"ImageObject","inLanguage":"hu","@id":"https:\/\/herbastore.sk\/hu\/termekek\/herbalife-skin\/szedermagos-hamlaszto-arcradir\/#primaryimage","url":"https:\/\/herbastore.sk\/wp-content\/uploads\/2025\/02\/herbalife-skin-szedermagos-hamlaszto-arcradir-120ml.jpg","contentUrl":"https:\/\/herbastore.sk\/wp-content\/uploads\/2025\/02\/herbalife-skin-szedermagos-hamlaszto-arcradir-120ml.jpg","width":534,"height":800,"caption":"Herbalife SKIN Szedermagos H\u00e1mlaszt\u00f3 Arcrad\u00edr"},{"@type":"BreadcrumbList","@id":"https:\/\/herbastore.sk\/hu\/termekek\/herbalife-skin\/szedermagos-hamlaszto-arcradir\/#breadcrumb","itemListElement":[{"@type":"ListItem","position":1,"name":"Home","item":"https:\/\/herbastore.sk\/hu\/"},{"@type":"ListItem","position":2,"name":"Term\u00e9kek","item":"https:\/\/herbastore.sk\/hu\/termekek\/"},{"@type":"ListItem","position":3,"name":"Szedermagos h\u00e1mlaszt\u00f3 arcrad\u00edr"}]},{"@type":"WebSite","@id":"https:\/\/herbastore.sk\/hu\/#website","url":"https:\/\/herbastore.sk\/hu\/","name":"herbastore","description":"Produkty Herbalife z pohodlia v\u00e1\u0161ho domova","publisher":{"@id":"https:\/\/herbastore.sk\/hu\/#organization"},"potentialAction":[{"@type":"SearchAction","target":{"@type":"EntryPoint","urlTemplate":"https:\/\/herbastore.sk\/hu\/?s={search_term_string}"},"query-input":{"@type":"PropertyValueSpecification","valueRequired":true,"valueName":"search_term_string"}}],"inLanguage":"hu"},{"@type":"Organization","@id":"https:\/\/herbastore.sk\/hu\/#organization","name":"herbastore.sk","url":"https:\/\/herbastore.sk\/hu\/","logo":{"@type":"ImageObject","inLanguage":"hu","@id":"https:\/\/herbastore.sk\/hu\/#\/schema\/logo\/image\/","url":"https:\/\/herbastore.sk\/wp-content\/uploads\/2018\/11\/herbastore-ikona.png","contentUrl":"https:\/\/herbastore.sk\/wp-content\/uploads\/2018\/11\/herbastore-ikona.png","width":512,"height":512,"caption":"herbastore.sk"},"image":{"@id":"https:\/\/herbastore.sk\/hu\/#\/schema\/logo\/image\/"},"sameAs":["https:\/\/www.facebook.com\/herbastoresk\/","https:\/\/www.instagram.com\/herbastore.sk\/"]}]}},"_links":{"self":[{"href":"https:\/\/herbastore.sk\/hu\/wp-json\/wp\/v2\/product\/28494","targetHints":{"allow":["GET"]}}],"collection":[{"href":"https:\/\/herbastore.sk\/hu\/wp-json\/wp\/v2\/product"}],"about":[{"href":"https:\/\/herbastore.sk\/hu\/wp-json\/wp\/v2\/types\/product"}],"replies":[{"embeddable":true,"href":"https:\/\/herbastore.sk\/hu\/wp-json\/wp\/v2\/comments?post=28494"}],"wp:featuredmedia":[{"embeddable":true,"href":"https:\/\/herbastore.sk\/hu\/wp-json\/wp\/v2\/media\/28495"}],"wp:attachment":[{"href":"https:\/\/herbastore.sk\/hu\/wp-json\/wp\/v2\/media?parent=28494"}],"wp:term":[{"taxonomy":"product_brand","embeddable":true,"href":"https:\/\/herbastore.sk\/hu\/wp-json\/wp\/v2\/product_brand?post=28494"},{"taxonomy":"product_cat","embeddable":true,"href":"https:\/\/herbastore.sk\/hu\/wp-json\/wp\/v2\/product_cat?post=28494"},{"taxonomy":"product_tag","embeddable":true,"href":"https:\/\/herbastore.sk\/hu\/wp-json\/wp\/v2\/product_tag?post=28494"}],"curies":[{"name":"wp","href":"https:\/\/api.w.org\/{rel}","templated":true}]}}