{"id":28487,"date":"2019-01-30T21:29:02","date_gmt":"2019-01-30T20:29:02","guid":{"rendered":"https:\/\/herbastore.sk\/produkty\/nezaraden\u00e9\/bornyugtato-aloe-arclemoso\/"},"modified":"2025-11-16T21:34:28","modified_gmt":"2025-11-16T20:34:28","slug":"bornyugtato-aloe-arclemoso","status":"publish","type":"product","link":"https:\/\/herbastore.sk\/hu\/termekek\/herbalife-skin\/bornyugtato-aloe-arclemoso\/","title":{"rendered":"B\u0151rnyugtat\u00f3 Aloe arclemos\u00f3"},"content":{"rendered":"<h2>Herbalife SKIN b\u0151rnyugtat\u00f3 Aloe arclemos\u00f3<\/h2>\n<p>Jellemz\u0151k \u00e9s hat\u00e1sok<\/p>\n<div class=\"row\" id=\"row-1545613725\">\n<div id=\"col-1509160316\" class=\"col medium-1\/2 large-6\">\n<div class=\"col-inner\">\n<ul>\n<li class=\"bullet-checkmark\"><strong>Norm\u00e1l<\/strong> \u00e9s <strong>sz\u00e1raz<\/strong> b\u0151rre alkalmas<\/li>\n<li class=\"bullet-checkmark\">A b\u0151rtiszt\u00edt\u00f3 gyeng\u00e9d habbal t\u00e1vol\u00edtja el a szennyez\u0151d\u00e9seket, a sminket \u00e9s a zs\u00edrt<\/li>\n<li class=\"bullet-checkmark\">Nyugtat\u00f3 sminklemos\u00f3, b\u0151rgy\u00f3gy\u00e1szatilag tesztelt<\/li>\n<\/ul>\n<\/div>\n<\/div>\n<div id=\"col-2056619836\" class=\"col medium-1\/2 large-6\">\n<div class=\"col-inner\">\n<ul>\n<li class=\"bullet-checkmark\">Az aloe vera tartalom seg\u00edt gyeng\u00e9den tiszt\u00edtani a b\u0151rt \u00e9s hat\u00e9konyan hidrat\u00e1lni azt<\/li>\n<li class=\"bullet-checkmark\">Term\u00e9szetes, finom \u00e9s friss illata van<\/li>\n<li class=\"bullet-checkmark\">Nem tartalmaz hozz\u00e1adott parab\u00e9nt, sem szulf\u00e1tot<\/li>\n<\/ul>\n<\/div>\n<\/div>\n<\/div>\n<h2>\u00d6sszetev\u0151k<\/h2>\n<p>Egyed\u00fcl\u00e1ll\u00f3 formula, amely sz\u00e1mos term\u00e9szetes \u00f6sszetev\u0151t tartalmaz, amelyek nemcsak kiv\u00e1l\u00f3 min\u0151s\u00e9g\u0171ek, hanem rendk\u00edv\u00fcl hat\u00e9konyak is:<\/p>\n<ul>\n<li class=\"bullet-arrow\">A- \u00e9s C-vitamin \u2013 fiatal\u00edt\u00f3 \u00e9s antioxid\u00e1ns hat\u00e1s\u00fa<\/li>\n<li class=\"bullet-arrow\">B3-vitamin<\/li>\n<li class=\"bullet-arrow\">Aloe Vera \u2013 puh\u00edtja \u00e9s nyugtatja a b\u0151rt<\/li>\n<li class=\"bullet-arrow\">K\u00f3kuszkivonatok \u2013 fontos \u00e9s hat\u00e9kony \u00f6sszetev\u0151 a b\u0151rtiszt\u00edt\u00e1sban<\/li>\n<\/ul>\n<h2>Haszn\u00e1lat<\/h2>\n<p>Tov\u00e1bbi inform\u00e1ci\u00f3k\u00e9rt \u00e9s gyakorlati tippek\u00e9rt l\u00e1togasson el a <a href=\"https:\/\/herbastore.sk\/hu\/herbalife-skin-kerdesek-es-valaszok\/\">kiz\u00e1r\u00f3lag a Herbalife SKIN term\u00e9kcsal\u00e1dunknak<\/a> szentelt aloldalra<\/p>\n<ul>\n<li class=\"bullet-arrow\">Haszn\u00e1lja az aloe term\u00e9ket reggel tiszt\u00edt\u00e1shoz \u00e9s este nyugtat\u00f3 sminklemos\u00f3k\u00e9nt<\/li>\n<li class=\"bullet-arrow\">Alkalmazza nedves b\u0151rre, k\u00f6rk\u00f6r\u00f6s mozdulatokkal gyeng\u00e9den massz\u00edrozza a b\u0151rbe<\/li>\n<li class=\"bullet-arrow\">\u00d6bl\u00edtse le v\u00edzzel<\/li>\n<li class=\"bullet-arrow\">Folytassa <a href=\"https:\/\/herbastore.sk\/hu\/termekek\/herbalife-skin\/energetizalo-gyogynovenyes-tonik\/\">a rutint a gy\u00f3gyn\u00f6v\u00e9nyes tonikkal<\/a><\/li>\n<\/ul>\n","protected":false},"excerpt":{"rendered":"<p>150 ml<\/p>\n<div class=\"is-divider divider clearfix\"><\/div>\n<p>A SKIN kozmetikumok alo\u00e9val ell\u00e1tott nyugtat\u00f3 arctiszt\u00edt\u00f3ja norm\u00e1l \u00e9s sz\u00e1raz b\u0151rre alkalmas \u00e9s t\u00f6k\u00e9letesen tiszt\u00edtja a b\u0151rt, \u00e9s megnyugtatja is azt. Ez a hat\u00e9kony arctiszt\u00edt\u00f3 nagyon gyeng\u00e9d, \u00e9s a b\u0151rt f\u00e9nyess\u00e9, puh\u00e1v\u00e1 \u00e9s selymes tapint\u00e1s\u00fav\u00e1 teszi.<\/p>\n","protected":false},"featured_media":28488,"comment_status":"open","ping_status":"closed","template":"","meta":{"inline_featured_image":false},"product_brand":[],"product_cat":[375],"product_tag":[384],"class_list":{"0":"post-28487","1":"product","2":"type-product","3":"status-publish","4":"has-post-thumbnail","6":"product_cat-herbalife-skin","7":"product_tag-a-bor-es-haj-jobb-allapota","9":"first","10":"outofstock","11":"taxable","12":"shipping-taxable","13":"purchasable","14":"product-type-simple"},"yoast_head":"<!-- This site is optimized with the Yoast SEO plugin v26.8 - https:\/\/yoast.com\/product\/yoast-seo-wordpress\/ -->\n<title>Herbalife SKIN B\u0151rnyugtat\u00f3 Aloe arclemos\u00f3 150 ml - herbastore<\/title>\n<meta name=\"description\" content=\"A norm\u00e1l \u00e9s sz\u00e1raz b\u0151rre alkalmas aloe tiszt\u00edt\u00f3szer t\u00f6k\u00e9letesen tiszt\u00edtja a b\u0151rt, \u00e9s term\u00e9szetesen megnyugtatja is. B\u0151rgy\u00f3gy\u00e1szatilag tesztelt.\" \/>\n<meta name=\"robots\" content=\"index, follow, max-snippet:-1, max-image-preview:large, max-video-preview:-1\" \/>\n<link rel=\"canonical\" href=\"https:\/\/herbastore.sk\/hu\/termekek\/herbalife-skin\/bornyugtato-aloe-arclemoso\/\" \/>\n<meta property=\"og:locale\" content=\"hu_HU\" \/>\n<meta property=\"og:type\" content=\"article\" \/>\n<meta property=\"og:title\" content=\"Herbalife SKIN B\u0151rnyugtat\u00f3 Aloe arclemos\u00f3 150 ml - herbastore\" \/>\n<meta property=\"og:description\" content=\"A norm\u00e1l \u00e9s sz\u00e1raz b\u0151rre alkalmas aloe tiszt\u00edt\u00f3szer t\u00f6k\u00e9letesen tiszt\u00edtja a b\u0151rt, \u00e9s term\u00e9szetesen megnyugtatja is. B\u0151rgy\u00f3gy\u00e1szatilag tesztelt.\" \/>\n<meta property=\"og:url\" content=\"https:\/\/herbastore.sk\/hu\/termekek\/herbalife-skin\/bornyugtato-aloe-arclemoso\/\" \/>\n<meta property=\"og:site_name\" content=\"herbastore\" \/>\n<meta property=\"article:publisher\" content=\"https:\/\/www.facebook.com\/herbastoresk\/\" \/>\n<meta property=\"article:modified_time\" content=\"2025-11-16T20:34:28+00:00\" \/>\n<meta property=\"og:image\" content=\"https:\/\/herbastore.sk\/wp-content\/uploads\/2025\/02\/herbalife-skin-bornyugtato-aloe-arclemoso-150ml.jpg\" \/>\n\t<meta property=\"og:image:width\" content=\"534\" \/>\n\t<meta property=\"og:image:height\" content=\"800\" \/>\n\t<meta property=\"og:image:type\" content=\"image\/jpeg\" \/>\n<meta name=\"twitter:card\" content=\"summary_large_image\" \/>\n<meta name=\"twitter:label1\" content=\"Becs\u00fclt olvas\u00e1si id\u0151\" \/>\n\t<meta name=\"twitter:data1\" content=\"1 perc\" \/>\n<script type=\"application\/ld+json\" class=\"yoast-schema-graph\">{\"@context\":\"https:\/\/schema.org\",\"@graph\":[{\"@type\":\"WebPage\",\"@id\":\"https:\/\/herbastore.sk\/hu\/termekek\/herbalife-skin\/bornyugtato-aloe-arclemoso\/\",\"url\":\"https:\/\/herbastore.sk\/hu\/termekek\/herbalife-skin\/bornyugtato-aloe-arclemoso\/\",\"name\":\"Herbalife SKIN B\u0151rnyugtat\u00f3 Aloe arclemos\u00f3 150 ml - herbastore\",\"isPartOf\":{\"@id\":\"https:\/\/herbastore.sk\/hu\/#website\"},\"primaryImageOfPage\":{\"@id\":\"https:\/\/herbastore.sk\/hu\/termekek\/herbalife-skin\/bornyugtato-aloe-arclemoso\/#primaryimage\"},\"image\":{\"@id\":\"https:\/\/herbastore.sk\/hu\/termekek\/herbalife-skin\/bornyugtato-aloe-arclemoso\/#primaryimage\"},\"thumbnailUrl\":\"https:\/\/herbastore.sk\/wp-content\/uploads\/2025\/02\/herbalife-skin-bornyugtato-aloe-arclemoso-150ml.jpg\",\"datePublished\":\"2019-01-30T20:29:02+00:00\",\"dateModified\":\"2025-11-16T20:34:28+00:00\",\"description\":\"A norm\u00e1l \u00e9s sz\u00e1raz b\u0151rre alkalmas aloe tiszt\u00edt\u00f3szer t\u00f6k\u00e9letesen tiszt\u00edtja a b\u0151rt, \u00e9s term\u00e9szetesen megnyugtatja is. B\u0151rgy\u00f3gy\u00e1szatilag tesztelt.\",\"breadcrumb\":{\"@id\":\"https:\/\/herbastore.sk\/hu\/termekek\/herbalife-skin\/bornyugtato-aloe-arclemoso\/#breadcrumb\"},\"inLanguage\":\"hu\",\"potentialAction\":[{\"@type\":\"ReadAction\",\"target\":[\"https:\/\/herbastore.sk\/hu\/termekek\/herbalife-skin\/bornyugtato-aloe-arclemoso\/\"]}]},{\"@type\":\"ImageObject\",\"inLanguage\":\"hu\",\"@id\":\"https:\/\/herbastore.sk\/hu\/termekek\/herbalife-skin\/bornyugtato-aloe-arclemoso\/#primaryimage\",\"url\":\"https:\/\/herbastore.sk\/wp-content\/uploads\/2025\/02\/herbalife-skin-bornyugtato-aloe-arclemoso-150ml.jpg\",\"contentUrl\":\"https:\/\/herbastore.sk\/wp-content\/uploads\/2025\/02\/herbalife-skin-bornyugtato-aloe-arclemoso-150ml.jpg\",\"width\":534,\"height\":800,\"caption\":\"Herbalife SKIN B\u0151rnyugtat\u00f3 Aloe Arclemos\u00f3\"},{\"@type\":\"BreadcrumbList\",\"@id\":\"https:\/\/herbastore.sk\/hu\/termekek\/herbalife-skin\/bornyugtato-aloe-arclemoso\/#breadcrumb\",\"itemListElement\":[{\"@type\":\"ListItem\",\"position\":1,\"name\":\"Home\",\"item\":\"https:\/\/herbastore.sk\/hu\/\"},{\"@type\":\"ListItem\",\"position\":2,\"name\":\"Term\u00e9kek\",\"item\":\"https:\/\/herbastore.sk\/hu\/termekek\/\"},{\"@type\":\"ListItem\",\"position\":3,\"name\":\"B\u0151rnyugtat\u00f3 Aloe arclemos\u00f3\"}]},{\"@type\":\"WebSite\",\"@id\":\"https:\/\/herbastore.sk\/hu\/#website\",\"url\":\"https:\/\/herbastore.sk\/hu\/\",\"name\":\"herbastore\",\"description\":\"Produkty Herbalife z pohodlia v\u00e1\u0161ho domova\",\"publisher\":{\"@id\":\"https:\/\/herbastore.sk\/hu\/#organization\"},\"potentialAction\":[{\"@type\":\"SearchAction\",\"target\":{\"@type\":\"EntryPoint\",\"urlTemplate\":\"https:\/\/herbastore.sk\/hu\/?s={search_term_string}\"},\"query-input\":{\"@type\":\"PropertyValueSpecification\",\"valueRequired\":true,\"valueName\":\"search_term_string\"}}],\"inLanguage\":\"hu\"},{\"@type\":\"Organization\",\"@id\":\"https:\/\/herbastore.sk\/hu\/#organization\",\"name\":\"herbastore.sk\",\"url\":\"https:\/\/herbastore.sk\/hu\/\",\"logo\":{\"@type\":\"ImageObject\",\"inLanguage\":\"hu\",\"@id\":\"https:\/\/herbastore.sk\/hu\/#\/schema\/logo\/image\/\",\"url\":\"https:\/\/herbastore.sk\/wp-content\/uploads\/2018\/11\/herbastore-ikona.png\",\"contentUrl\":\"https:\/\/herbastore.sk\/wp-content\/uploads\/2018\/11\/herbastore-ikona.png\",\"width\":512,\"height\":512,\"caption\":\"herbastore.sk\"},\"image\":{\"@id\":\"https:\/\/herbastore.sk\/hu\/#\/schema\/logo\/image\/\"},\"sameAs\":[\"https:\/\/www.facebook.com\/herbastoresk\/\",\"https:\/\/www.instagram.com\/herbastore.sk\/\"]}]}<\/script>\n<!-- \/ Yoast SEO plugin. -->","yoast_head_json":{"title":"Herbalife SKIN B\u0151rnyugtat\u00f3 Aloe arclemos\u00f3 150 ml - herbastore","description":"A norm\u00e1l \u00e9s sz\u00e1raz b\u0151rre alkalmas aloe tiszt\u00edt\u00f3szer t\u00f6k\u00e9letesen tiszt\u00edtja a b\u0151rt, \u00e9s term\u00e9szetesen megnyugtatja is. B\u0151rgy\u00f3gy\u00e1szatilag tesztelt.","robots":{"index":"index","follow":"follow","max-snippet":"max-snippet:-1","max-image-preview":"max-image-preview:large","max-video-preview":"max-video-preview:-1"},"canonical":"https:\/\/herbastore.sk\/hu\/termekek\/herbalife-skin\/bornyugtato-aloe-arclemoso\/","og_locale":"hu_HU","og_type":"article","og_title":"Herbalife SKIN B\u0151rnyugtat\u00f3 Aloe arclemos\u00f3 150 ml - herbastore","og_description":"A norm\u00e1l \u00e9s sz\u00e1raz b\u0151rre alkalmas aloe tiszt\u00edt\u00f3szer t\u00f6k\u00e9letesen tiszt\u00edtja a b\u0151rt, \u00e9s term\u00e9szetesen megnyugtatja is. B\u0151rgy\u00f3gy\u00e1szatilag tesztelt.","og_url":"https:\/\/herbastore.sk\/hu\/termekek\/herbalife-skin\/bornyugtato-aloe-arclemoso\/","og_site_name":"herbastore","article_publisher":"https:\/\/www.facebook.com\/herbastoresk\/","article_modified_time":"2025-11-16T20:34:28+00:00","og_image":[{"width":534,"height":800,"url":"https:\/\/herbastore.sk\/wp-content\/uploads\/2025\/02\/herbalife-skin-bornyugtato-aloe-arclemoso-150ml.jpg","type":"image\/jpeg"}],"twitter_card":"summary_large_image","twitter_misc":{"Becs\u00fclt olvas\u00e1si id\u0151":"1 perc"},"schema":{"@context":"https:\/\/schema.org","@graph":[{"@type":"WebPage","@id":"https:\/\/herbastore.sk\/hu\/termekek\/herbalife-skin\/bornyugtato-aloe-arclemoso\/","url":"https:\/\/herbastore.sk\/hu\/termekek\/herbalife-skin\/bornyugtato-aloe-arclemoso\/","name":"Herbalife SKIN B\u0151rnyugtat\u00f3 Aloe arclemos\u00f3 150 ml - herbastore","isPartOf":{"@id":"https:\/\/herbastore.sk\/hu\/#website"},"primaryImageOfPage":{"@id":"https:\/\/herbastore.sk\/hu\/termekek\/herbalife-skin\/bornyugtato-aloe-arclemoso\/#primaryimage"},"image":{"@id":"https:\/\/herbastore.sk\/hu\/termekek\/herbalife-skin\/bornyugtato-aloe-arclemoso\/#primaryimage"},"thumbnailUrl":"https:\/\/herbastore.sk\/wp-content\/uploads\/2025\/02\/herbalife-skin-bornyugtato-aloe-arclemoso-150ml.jpg","datePublished":"2019-01-30T20:29:02+00:00","dateModified":"2025-11-16T20:34:28+00:00","description":"A norm\u00e1l \u00e9s sz\u00e1raz b\u0151rre alkalmas aloe tiszt\u00edt\u00f3szer t\u00f6k\u00e9letesen tiszt\u00edtja a b\u0151rt, \u00e9s term\u00e9szetesen megnyugtatja is. B\u0151rgy\u00f3gy\u00e1szatilag tesztelt.","breadcrumb":{"@id":"https:\/\/herbastore.sk\/hu\/termekek\/herbalife-skin\/bornyugtato-aloe-arclemoso\/#breadcrumb"},"inLanguage":"hu","potentialAction":[{"@type":"ReadAction","target":["https:\/\/herbastore.sk\/hu\/termekek\/herbalife-skin\/bornyugtato-aloe-arclemoso\/"]}]},{"@type":"ImageObject","inLanguage":"hu","@id":"https:\/\/herbastore.sk\/hu\/termekek\/herbalife-skin\/bornyugtato-aloe-arclemoso\/#primaryimage","url":"https:\/\/herbastore.sk\/wp-content\/uploads\/2025\/02\/herbalife-skin-bornyugtato-aloe-arclemoso-150ml.jpg","contentUrl":"https:\/\/herbastore.sk\/wp-content\/uploads\/2025\/02\/herbalife-skin-bornyugtato-aloe-arclemoso-150ml.jpg","width":534,"height":800,"caption":"Herbalife SKIN B\u0151rnyugtat\u00f3 Aloe Arclemos\u00f3"},{"@type":"BreadcrumbList","@id":"https:\/\/herbastore.sk\/hu\/termekek\/herbalife-skin\/bornyugtato-aloe-arclemoso\/#breadcrumb","itemListElement":[{"@type":"ListItem","position":1,"name":"Home","item":"https:\/\/herbastore.sk\/hu\/"},{"@type":"ListItem","position":2,"name":"Term\u00e9kek","item":"https:\/\/herbastore.sk\/hu\/termekek\/"},{"@type":"ListItem","position":3,"name":"B\u0151rnyugtat\u00f3 Aloe arclemos\u00f3"}]},{"@type":"WebSite","@id":"https:\/\/herbastore.sk\/hu\/#website","url":"https:\/\/herbastore.sk\/hu\/","name":"herbastore","description":"Produkty Herbalife z pohodlia v\u00e1\u0161ho domova","publisher":{"@id":"https:\/\/herbastore.sk\/hu\/#organization"},"potentialAction":[{"@type":"SearchAction","target":{"@type":"EntryPoint","urlTemplate":"https:\/\/herbastore.sk\/hu\/?s={search_term_string}"},"query-input":{"@type":"PropertyValueSpecification","valueRequired":true,"valueName":"search_term_string"}}],"inLanguage":"hu"},{"@type":"Organization","@id":"https:\/\/herbastore.sk\/hu\/#organization","name":"herbastore.sk","url":"https:\/\/herbastore.sk\/hu\/","logo":{"@type":"ImageObject","inLanguage":"hu","@id":"https:\/\/herbastore.sk\/hu\/#\/schema\/logo\/image\/","url":"https:\/\/herbastore.sk\/wp-content\/uploads\/2018\/11\/herbastore-ikona.png","contentUrl":"https:\/\/herbastore.sk\/wp-content\/uploads\/2018\/11\/herbastore-ikona.png","width":512,"height":512,"caption":"herbastore.sk"},"image":{"@id":"https:\/\/herbastore.sk\/hu\/#\/schema\/logo\/image\/"},"sameAs":["https:\/\/www.facebook.com\/herbastoresk\/","https:\/\/www.instagram.com\/herbastore.sk\/"]}]}},"_links":{"self":[{"href":"https:\/\/herbastore.sk\/hu\/wp-json\/wp\/v2\/product\/28487","targetHints":{"allow":["GET"]}}],"collection":[{"href":"https:\/\/herbastore.sk\/hu\/wp-json\/wp\/v2\/product"}],"about":[{"href":"https:\/\/herbastore.sk\/hu\/wp-json\/wp\/v2\/types\/product"}],"replies":[{"embeddable":true,"href":"https:\/\/herbastore.sk\/hu\/wp-json\/wp\/v2\/comments?post=28487"}],"wp:featuredmedia":[{"embeddable":true,"href":"https:\/\/herbastore.sk\/hu\/wp-json\/wp\/v2\/media\/28488"}],"wp:attachment":[{"href":"https:\/\/herbastore.sk\/hu\/wp-json\/wp\/v2\/media?parent=28487"}],"wp:term":[{"taxonomy":"product_brand","embeddable":true,"href":"https:\/\/herbastore.sk\/hu\/wp-json\/wp\/v2\/product_brand?post=28487"},{"taxonomy":"product_cat","embeddable":true,"href":"https:\/\/herbastore.sk\/hu\/wp-json\/wp\/v2\/product_cat?post=28487"},{"taxonomy":"product_tag","embeddable":true,"href":"https:\/\/herbastore.sk\/hu\/wp-json\/wp\/v2\/product_tag?post=28487"}],"curies":[{"name":"wp","href":"https:\/\/api.w.org\/{rel}","templated":true}]}}