{"id":28478,"date":"2021-06-01T21:17:23","date_gmt":"2025-02-14T16:56:10","guid":{"rendered":"https:\/\/herbastore.sk\/produkty\/nezaraden\u00e9\/microbiotic-max-2\/"},"modified":"2025-03-09T18:11:46","modified_gmt":"2025-03-09T17:11:46","slug":"microbiotic-max","status":"publish","type":"product","link":"https:\/\/herbastore.sk\/hu\/termekek\/celzott-taplalkozas\/microbiotic-max\/","title":{"rendered":"Microbiotic Max"},"content":{"rendered":"<h2>Herbalife Microbiotic Max \u2013 tulajdons\u00e1gok \u00e9s hat\u00e1sok<\/h2>\n<p>A Microbiotic Max egy por \u00e1lag\u00fa \u00e9trend-kieg\u00e9sz\u00edt\u0151, amelynek speci\u00e1lis formul\u00e1ja \u00f6tv\u00f6zi a probiotikumokat \u00e9s a prebiotikus rostokat, amelyek harmonikusan kieg\u00e9sz\u00edtik egym\u00e1st \u00e9s seg\u00edtenek el\u00e9rni t\u00e1pl\u00e1lkoz\u00e1si c\u00e9ljait.<\/p>\n<ul>\n<li class=\"bullet-checkmark\">Adagonk\u00e9nt 2 milli\u00e1rd \u00e9l\u0151 bakt\u00e9riumot tartalmaz a Bifidobacterium lactis-b\u00f3l \u00e9s a Lactobacillus helveticus-b\u00f3l<\/li>\n<li class=\"bullet-checkmark\">Glut\u00e9nmentes<\/li>\n<li class=\"bullet-checkmark\">Magas rosttartalom<\/li>\n<li class=\"bullet-checkmark\">Nem tartalmaz hozz\u00e1adott \u00e9des\u00edt\u0151szert, sz\u00ednez\u00e9ket vagy tart\u00f3s\u00edt\u00f3szert<\/li>\n<li class=\"bullet-checkmark\">Nem sz\u00fcks\u00e9ges h\u0171v\u00f6s helyen t\u00e1rolni<\/li>\n<li class=\"bullet-checkmark\">Finom van\u00edlia \u00edz\u0171<\/li>\n<\/ul>\n<h3>Mik azok a probiotikumok \u00e9s prebiotikumok?<\/h3>\n<p>Probiotikumok \u00e9s prebiotikumok \u2013 szinte ugyan\u00fagy hangzanak, de k\u00fcl\u00f6nb\u00f6z\u0151 funkci\u00f3kat l\u00e1tnak el.<\/p>\n<ul>\n<li>A probiotikumok \u00e9l\u0151 &#8222;j\u00f3 bakt\u00e9riumok&#8221;, amelyek megtal\u00e1lhat\u00f3k a b\u00e9lben.<\/li>\n<li>A prebiotikumok olyan anyagok, amelyek t\u00e1pl\u00e1l\u00e9kk\u00e9nt szolg\u00e1lnak ezeknek a bakt\u00e9riumoknak. A prebiotikumok els\u0151sorban rostokat tartalmaznak. <\/li>\n<\/ul>\n<p>A belek sz\u00e1mos tev\u00e9kenys\u00e9gben vesznek r\u00e9szt an\u00e9lk\u00fcl, hogy \u00e9szrevenn\u00e9nk. Kezdve az \u00e9lelmiszer t\u00e1panyagokk\u00e1 bont\u00e1s\u00e1t\u00f3l az energia felszabad\u00edt\u00e1s\u00e1ig \u00e9s a hullad\u00e9kanyagok elt\u00e1vol\u00edt\u00e1s\u00e1ig a testb\u0151l. <\/p>\n<p>Ez\u00e9rt fontos, hogy gondoskodjunk a belek eg\u00e9szs\u00e9g\u00e9r\u0151l probiotikumokat \u00e9s prebiotikumokat tartalmaz\u00f3 \u00e9lelmiszerek fogyaszt\u00e1s\u00e1val. A probiotikumok, mint p\u00e9ld\u00e1ul a Lactobacillus \u00e9s a Bifidobacterium t\u00f6rzsek, seg\u00edthetnek b\u0151v\u00edteni a b\u00e9lben l\u00e9v\u0151 hasznos bakt\u00e9riumok spektrum\u00e1t \u00e9s v\u00e1ltozatoss\u00e1g\u00e1t, m\u00edg a prebiotikumok t\u00e1pl\u00e1lj\u00e1k ezeket a bakt\u00e9riumokat. <\/p>\n<h3>Hogyan tartsuk egyens\u00falyban a b\u00e9l mikrofl\u00f3r\u00e1t?<\/h3>\n<ul>\n<li>Gy\u0151z\u0151djen meg r\u00f3la, hogy elegend\u0151 rostot fogyaszt az \u00e9trendben. Ez els\u0151sorban gy\u00fcm\u00f6lcs\u00f6kben \u00e9s z\u00f6lds\u00e9gekben, teljes ki\u0151rl\u00e9s\u0171 gabon\u00e1kban \u00e9s h\u00fcvelyesekben tal\u00e1lhat\u00f3. <\/li>\n<li>Pr\u00f3b\u00e1lja meg korl\u00e1tozni a cukrot \u00e9s a gyors \u00e9telek fogyaszt\u00e1s\u00e1t.<\/li>\n<\/ul>\n<h2>Haszn\u00e1lat<\/h2>\n<ul>\n<li>Adjon hozz\u00e1 1 tasakot (2 g) f\u00e9l poh\u00e1r v\u00edzhez (kb. 100 ml), keverje addig, am\u00edg fel nem old\u00f3dik \u00e9s igya meg. Fogyassza \u00f6nmag\u00e1ban, vagy eg\u00e9sz\u00edtse ki kedvenc <a href=\"https:\/\/herbastore.sk\/produkty\/vyvazene-jedlo\/formula-1-koktail\/\">Forma-1-es kokt\u00e9lj\u00e1val<\/a>. <\/li>\n<li>Kever\u00e9skor haszn\u00e1ljon 25 \u00b0 C alatti h\u0151m\u00e9rs\u00e9klet\u0171 vizet, hogy ne befoly\u00e1solja a term\u00e9k hat\u00e9konys\u00e1g\u00e1t.<\/li>\n<li>Fogyassza a Microbiotic Max-ot naponta egyszer.<\/li>\n<\/ul>\n<p>Haszn\u00e1lja ezt a term\u00e9ket kiegyens\u00falyozott \u00e9s v\u00e1ltozatos \u00e9trend, eg\u00e9szs\u00e9ges \u00e9s akt\u00edv \u00e9letm\u00f3d r\u00e9szek\u00e9nt.<\/p>\n<p><a href=\"https:\/\/herbastore.sk\/wp-content\/uploads\/2025\/03\/microbiotic-max-vanilia-20-tasak-173K-1.jpg\"><img loading=\"lazy\" decoding=\"async\" class=\"aligncenter size-full wp-image-14451\" src=\"https:\/\/herbastore.sk\/wp-content\/uploads\/2025\/03\/microbiotic-max-vanilia-20-tasak-173K-1.jpg\" alt=\"Herbalife Microbiotic Max t\u00e1p\u00e9rt\u00e9k\" width=\"1600\" height=\"550\"><\/a><\/p>\n<p style=\"text-align: center;\"><em>T\u00e1p\u00e9rt\u00e9k &#8211; Herbalife Microbiotic Max<\/em><\/p>\n","protected":false},"excerpt":{"rendered":"<p>40 g (20 tasak 2 g)<\/p>\n<div class=\"is-divider divider clearfix\" ><\/div>\n<p>A Herbalife Microbiotic Max probiotikumokat \u00e9s prebiotikus rostokat tartalmaz, amelyek hat\u00e9konyan t\u00e1mogatj\u00e1k az em\u00e9szt\u00e9st \u00e9s a szervezet immunrendszer\u00e9t.<\/p>\n<p>Ez a term\u00e9k magas rosttartalm\u00fa, \u00e9s minden adag 2 milli\u00e1rd \u00e9l\u0151 bakt\u00e9riumot tartalmaz a Bifidobacterium lactis \u00e9s a Lactobacillus helveticus t\u00f6rzsekb\u0151l.<\/p>\n","protected":false},"featured_media":28479,"comment_status":"open","ping_status":"closed","template":"","meta":{"inline_featured_image":false},"product_brand":[],"product_cat":[379],"product_tag":[392],"class_list":{"0":"post-28478","1":"product","2":"type-product","3":"status-publish","4":"has-post-thumbnail","6":"product_cat-celzott-taplalkozas","7":"product_tag-emesztorendszer-helyes-mukodese","9":"first","10":"instock","11":"taxable","12":"shipping-taxable","13":"purchasable","14":"product-type-simple"},"yoast_head":"<!-- This site is optimized with the Yoast SEO plugin v26.8 - https:\/\/yoast.com\/product\/yoast-seo-wordpress\/ -->\n<title>Herbalife Microbiotic Max 40g - herbastore<\/title>\n<meta name=\"description\" content=\"A Microbiotic Max egy \u00e9trend-kieg\u00e9sz\u00edt\u0151, amely probiotikumokb\u00f3l \u00e9s prebiotikus rostokb\u00f3l \u00e1ll, amelyek hozz\u00e1j\u00e1rulnak a t\u00e1pl\u00e1lkoz\u00e1si c\u00e9lok el\u00e9r\u00e9s\u00e9hez.\" \/>\n<meta name=\"robots\" content=\"index, follow, max-snippet:-1, max-image-preview:large, max-video-preview:-1\" \/>\n<link rel=\"canonical\" href=\"https:\/\/herbastore.sk\/hu\/termekek\/celzott-taplalkozas\/microbiotic-max\/\" \/>\n<meta property=\"og:locale\" content=\"hu_HU\" \/>\n<meta property=\"og:type\" content=\"article\" \/>\n<meta property=\"og:title\" content=\"Herbalife Microbiotic Max 40g - herbastore\" \/>\n<meta property=\"og:description\" content=\"A Microbiotic Max egy \u00e9trend-kieg\u00e9sz\u00edt\u0151, amely probiotikumokb\u00f3l \u00e9s prebiotikus rostokb\u00f3l \u00e1ll, amelyek hozz\u00e1j\u00e1rulnak a t\u00e1pl\u00e1lkoz\u00e1si c\u00e9lok el\u00e9r\u00e9s\u00e9hez.\" \/>\n<meta property=\"og:url\" content=\"https:\/\/herbastore.sk\/hu\/termekek\/celzott-taplalkozas\/microbiotic-max\/\" \/>\n<meta property=\"og:site_name\" content=\"herbastore\" \/>\n<meta property=\"article:publisher\" content=\"https:\/\/www.facebook.com\/herbastoresk\/\" \/>\n<meta property=\"article:modified_time\" content=\"2025-03-09T17:11:46+00:00\" \/>\n<meta property=\"og:image\" content=\"https:\/\/herbastore.sk\/wp-content\/uploads\/2025\/02\/microbiotic-max-vanilia-20-tasak.jpg\" \/>\n\t<meta property=\"og:image:width\" content=\"534\" \/>\n\t<meta property=\"og:image:height\" content=\"800\" \/>\n\t<meta property=\"og:image:type\" content=\"image\/jpeg\" \/>\n<meta name=\"twitter:card\" content=\"summary_large_image\" \/>\n<meta name=\"twitter:label1\" content=\"Becs\u00fclt olvas\u00e1si id\u0151\" \/>\n\t<meta name=\"twitter:data1\" content=\"2 perc\" \/>\n<script type=\"application\/ld+json\" class=\"yoast-schema-graph\">{\"@context\":\"https:\/\/schema.org\",\"@graph\":[{\"@type\":\"WebPage\",\"@id\":\"https:\/\/herbastore.sk\/hu\/termekek\/celzott-taplalkozas\/microbiotic-max\/\",\"url\":\"https:\/\/herbastore.sk\/hu\/termekek\/celzott-taplalkozas\/microbiotic-max\/\",\"name\":\"Herbalife Microbiotic Max 40g - herbastore\",\"isPartOf\":{\"@id\":\"https:\/\/herbastore.sk\/hu\/#website\"},\"primaryImageOfPage\":{\"@id\":\"https:\/\/herbastore.sk\/hu\/termekek\/celzott-taplalkozas\/microbiotic-max\/#primaryimage\"},\"image\":{\"@id\":\"https:\/\/herbastore.sk\/hu\/termekek\/celzott-taplalkozas\/microbiotic-max\/#primaryimage\"},\"thumbnailUrl\":\"https:\/\/herbastore.sk\/wp-content\/uploads\/2025\/02\/microbiotic-max-vanilia-20-tasak.jpg\",\"datePublished\":\"2025-02-14T16:56:10+00:00\",\"dateModified\":\"2025-03-09T17:11:46+00:00\",\"description\":\"A Microbiotic Max egy \u00e9trend-kieg\u00e9sz\u00edt\u0151, amely probiotikumokb\u00f3l \u00e9s prebiotikus rostokb\u00f3l \u00e1ll, amelyek hozz\u00e1j\u00e1rulnak a t\u00e1pl\u00e1lkoz\u00e1si c\u00e9lok el\u00e9r\u00e9s\u00e9hez.\",\"breadcrumb\":{\"@id\":\"https:\/\/herbastore.sk\/hu\/termekek\/celzott-taplalkozas\/microbiotic-max\/#breadcrumb\"},\"inLanguage\":\"hu\",\"potentialAction\":[{\"@type\":\"ReadAction\",\"target\":[\"https:\/\/herbastore.sk\/hu\/termekek\/celzott-taplalkozas\/microbiotic-max\/\"]}]},{\"@type\":\"ImageObject\",\"inLanguage\":\"hu\",\"@id\":\"https:\/\/herbastore.sk\/hu\/termekek\/celzott-taplalkozas\/microbiotic-max\/#primaryimage\",\"url\":\"https:\/\/herbastore.sk\/wp-content\/uploads\/2025\/02\/microbiotic-max-vanilia-20-tasak.jpg\",\"contentUrl\":\"https:\/\/herbastore.sk\/wp-content\/uploads\/2025\/02\/microbiotic-max-vanilia-20-tasak.jpg\",\"width\":534,\"height\":800,\"caption\":\"Herbalife Microbiotic Max\"},{\"@type\":\"BreadcrumbList\",\"@id\":\"https:\/\/herbastore.sk\/hu\/termekek\/celzott-taplalkozas\/microbiotic-max\/#breadcrumb\",\"itemListElement\":[{\"@type\":\"ListItem\",\"position\":1,\"name\":\"Home\",\"item\":\"https:\/\/herbastore.sk\/hu\/\"},{\"@type\":\"ListItem\",\"position\":2,\"name\":\"Term\u00e9kek\",\"item\":\"https:\/\/herbastore.sk\/hu\/termekek\/\"},{\"@type\":\"ListItem\",\"position\":3,\"name\":\"Microbiotic Max\"}]},{\"@type\":\"WebSite\",\"@id\":\"https:\/\/herbastore.sk\/hu\/#website\",\"url\":\"https:\/\/herbastore.sk\/hu\/\",\"name\":\"herbastore\",\"description\":\"Produkty Herbalife z pohodlia v\u00e1\u0161ho domova\",\"publisher\":{\"@id\":\"https:\/\/herbastore.sk\/hu\/#organization\"},\"potentialAction\":[{\"@type\":\"SearchAction\",\"target\":{\"@type\":\"EntryPoint\",\"urlTemplate\":\"https:\/\/herbastore.sk\/hu\/?s={search_term_string}\"},\"query-input\":{\"@type\":\"PropertyValueSpecification\",\"valueRequired\":true,\"valueName\":\"search_term_string\"}}],\"inLanguage\":\"hu\"},{\"@type\":\"Organization\",\"@id\":\"https:\/\/herbastore.sk\/hu\/#organization\",\"name\":\"herbastore.sk\",\"url\":\"https:\/\/herbastore.sk\/hu\/\",\"logo\":{\"@type\":\"ImageObject\",\"inLanguage\":\"hu\",\"@id\":\"https:\/\/herbastore.sk\/hu\/#\/schema\/logo\/image\/\",\"url\":\"https:\/\/herbastore.sk\/wp-content\/uploads\/2018\/11\/herbastore-ikona.png\",\"contentUrl\":\"https:\/\/herbastore.sk\/wp-content\/uploads\/2018\/11\/herbastore-ikona.png\",\"width\":512,\"height\":512,\"caption\":\"herbastore.sk\"},\"image\":{\"@id\":\"https:\/\/herbastore.sk\/hu\/#\/schema\/logo\/image\/\"},\"sameAs\":[\"https:\/\/www.facebook.com\/herbastoresk\/\",\"https:\/\/www.instagram.com\/herbastore.sk\/\"]}]}<\/script>\n<!-- \/ Yoast SEO plugin. -->","yoast_head_json":{"title":"Herbalife Microbiotic Max 40g - herbastore","description":"A Microbiotic Max egy \u00e9trend-kieg\u00e9sz\u00edt\u0151, amely probiotikumokb\u00f3l \u00e9s prebiotikus rostokb\u00f3l \u00e1ll, amelyek hozz\u00e1j\u00e1rulnak a t\u00e1pl\u00e1lkoz\u00e1si c\u00e9lok el\u00e9r\u00e9s\u00e9hez.","robots":{"index":"index","follow":"follow","max-snippet":"max-snippet:-1","max-image-preview":"max-image-preview:large","max-video-preview":"max-video-preview:-1"},"canonical":"https:\/\/herbastore.sk\/hu\/termekek\/celzott-taplalkozas\/microbiotic-max\/","og_locale":"hu_HU","og_type":"article","og_title":"Herbalife Microbiotic Max 40g - herbastore","og_description":"A Microbiotic Max egy \u00e9trend-kieg\u00e9sz\u00edt\u0151, amely probiotikumokb\u00f3l \u00e9s prebiotikus rostokb\u00f3l \u00e1ll, amelyek hozz\u00e1j\u00e1rulnak a t\u00e1pl\u00e1lkoz\u00e1si c\u00e9lok el\u00e9r\u00e9s\u00e9hez.","og_url":"https:\/\/herbastore.sk\/hu\/termekek\/celzott-taplalkozas\/microbiotic-max\/","og_site_name":"herbastore","article_publisher":"https:\/\/www.facebook.com\/herbastoresk\/","article_modified_time":"2025-03-09T17:11:46+00:00","og_image":[{"width":534,"height":800,"url":"https:\/\/herbastore.sk\/wp-content\/uploads\/2025\/02\/microbiotic-max-vanilia-20-tasak.jpg","type":"image\/jpeg"}],"twitter_card":"summary_large_image","twitter_misc":{"Becs\u00fclt olvas\u00e1si id\u0151":"2 perc"},"schema":{"@context":"https:\/\/schema.org","@graph":[{"@type":"WebPage","@id":"https:\/\/herbastore.sk\/hu\/termekek\/celzott-taplalkozas\/microbiotic-max\/","url":"https:\/\/herbastore.sk\/hu\/termekek\/celzott-taplalkozas\/microbiotic-max\/","name":"Herbalife Microbiotic Max 40g - herbastore","isPartOf":{"@id":"https:\/\/herbastore.sk\/hu\/#website"},"primaryImageOfPage":{"@id":"https:\/\/herbastore.sk\/hu\/termekek\/celzott-taplalkozas\/microbiotic-max\/#primaryimage"},"image":{"@id":"https:\/\/herbastore.sk\/hu\/termekek\/celzott-taplalkozas\/microbiotic-max\/#primaryimage"},"thumbnailUrl":"https:\/\/herbastore.sk\/wp-content\/uploads\/2025\/02\/microbiotic-max-vanilia-20-tasak.jpg","datePublished":"2025-02-14T16:56:10+00:00","dateModified":"2025-03-09T17:11:46+00:00","description":"A Microbiotic Max egy \u00e9trend-kieg\u00e9sz\u00edt\u0151, amely probiotikumokb\u00f3l \u00e9s prebiotikus rostokb\u00f3l \u00e1ll, amelyek hozz\u00e1j\u00e1rulnak a t\u00e1pl\u00e1lkoz\u00e1si c\u00e9lok el\u00e9r\u00e9s\u00e9hez.","breadcrumb":{"@id":"https:\/\/herbastore.sk\/hu\/termekek\/celzott-taplalkozas\/microbiotic-max\/#breadcrumb"},"inLanguage":"hu","potentialAction":[{"@type":"ReadAction","target":["https:\/\/herbastore.sk\/hu\/termekek\/celzott-taplalkozas\/microbiotic-max\/"]}]},{"@type":"ImageObject","inLanguage":"hu","@id":"https:\/\/herbastore.sk\/hu\/termekek\/celzott-taplalkozas\/microbiotic-max\/#primaryimage","url":"https:\/\/herbastore.sk\/wp-content\/uploads\/2025\/02\/microbiotic-max-vanilia-20-tasak.jpg","contentUrl":"https:\/\/herbastore.sk\/wp-content\/uploads\/2025\/02\/microbiotic-max-vanilia-20-tasak.jpg","width":534,"height":800,"caption":"Herbalife Microbiotic Max"},{"@type":"BreadcrumbList","@id":"https:\/\/herbastore.sk\/hu\/termekek\/celzott-taplalkozas\/microbiotic-max\/#breadcrumb","itemListElement":[{"@type":"ListItem","position":1,"name":"Home","item":"https:\/\/herbastore.sk\/hu\/"},{"@type":"ListItem","position":2,"name":"Term\u00e9kek","item":"https:\/\/herbastore.sk\/hu\/termekek\/"},{"@type":"ListItem","position":3,"name":"Microbiotic Max"}]},{"@type":"WebSite","@id":"https:\/\/herbastore.sk\/hu\/#website","url":"https:\/\/herbastore.sk\/hu\/","name":"herbastore","description":"Produkty Herbalife z pohodlia v\u00e1\u0161ho domova","publisher":{"@id":"https:\/\/herbastore.sk\/hu\/#organization"},"potentialAction":[{"@type":"SearchAction","target":{"@type":"EntryPoint","urlTemplate":"https:\/\/herbastore.sk\/hu\/?s={search_term_string}"},"query-input":{"@type":"PropertyValueSpecification","valueRequired":true,"valueName":"search_term_string"}}],"inLanguage":"hu"},{"@type":"Organization","@id":"https:\/\/herbastore.sk\/hu\/#organization","name":"herbastore.sk","url":"https:\/\/herbastore.sk\/hu\/","logo":{"@type":"ImageObject","inLanguage":"hu","@id":"https:\/\/herbastore.sk\/hu\/#\/schema\/logo\/image\/","url":"https:\/\/herbastore.sk\/wp-content\/uploads\/2018\/11\/herbastore-ikona.png","contentUrl":"https:\/\/herbastore.sk\/wp-content\/uploads\/2018\/11\/herbastore-ikona.png","width":512,"height":512,"caption":"herbastore.sk"},"image":{"@id":"https:\/\/herbastore.sk\/hu\/#\/schema\/logo\/image\/"},"sameAs":["https:\/\/www.facebook.com\/herbastoresk\/","https:\/\/www.instagram.com\/herbastore.sk\/"]}]}},"_links":{"self":[{"href":"https:\/\/herbastore.sk\/hu\/wp-json\/wp\/v2\/product\/28478","targetHints":{"allow":["GET"]}}],"collection":[{"href":"https:\/\/herbastore.sk\/hu\/wp-json\/wp\/v2\/product"}],"about":[{"href":"https:\/\/herbastore.sk\/hu\/wp-json\/wp\/v2\/types\/product"}],"replies":[{"embeddable":true,"href":"https:\/\/herbastore.sk\/hu\/wp-json\/wp\/v2\/comments?post=28478"}],"wp:featuredmedia":[{"embeddable":true,"href":"https:\/\/herbastore.sk\/hu\/wp-json\/wp\/v2\/media\/28479"}],"wp:attachment":[{"href":"https:\/\/herbastore.sk\/hu\/wp-json\/wp\/v2\/media?parent=28478"}],"wp:term":[{"taxonomy":"product_brand","embeddable":true,"href":"https:\/\/herbastore.sk\/hu\/wp-json\/wp\/v2\/product_brand?post=28478"},{"taxonomy":"product_cat","embeddable":true,"href":"https:\/\/herbastore.sk\/hu\/wp-json\/wp\/v2\/product_cat?post=28478"},{"taxonomy":"product_tag","embeddable":true,"href":"https:\/\/herbastore.sk\/hu\/wp-json\/wp\/v2\/product_tag?post=28478"}],"curies":[{"name":"wp","href":"https:\/\/api.w.org\/{rel}","templated":true}]}}