{"id":28458,"date":"2021-01-12T16:08:39","date_gmt":"2025-02-14T15:28:58","guid":{"rendered":"https:\/\/herbastore.sk\/produkty\/nezaraden\u00e9\/immune-booster-2\/"},"modified":"2026-01-14T14:36:28","modified_gmt":"2026-01-14T13:36:28","slug":"immune-booster","status":"publish","type":"product","link":"https:\/\/herbastore.sk\/hu\/termekek\/vitaminok-es-asvanyi-anyagok\/immune-booster\/","title":{"rendered":"Immune Booster"},"content":{"rendered":"<h2>Immune Booster EpiCor\u00ae &#8211; tulajdons\u00e1gok \u00e9s hat\u00e1sok<\/h2>\n<p>A Herbalife Immune Booster EpiCor okos t\u00e1pl\u00e1l\u00e9k az immunrendszer sz\u00e1m\u00e1ra. Immunrendszer\u00fcnk egy hihetetlen\u00fcl \u00f6sszetett h\u00e1l\u00f3zat, amely f\u00e1radhatatlanul \u00e9s csendben dolgozik nap mint nap. Ez\u00e9rt ne habozzon t\u00e1mogatni immunrendszer\u00e9t, hogy hat\u00e9konyan kezelje a szervezet \u00f6sszes folyamat\u00e1t.  <\/p>\n<ul>\n<li class=\"bullet-checkmark\">EpiCor-t\u00ae tartalmaz \u2013 egy tudom\u00e1nyosan bizony\u00edtott \u00e9leszt\u0151 alap\u00fa sz\u00e1r\u00edtott \u00f6sszetev\u0151t<\/li>\n<li class=\"bullet-checkmark\">Fontos vitaminok \u00e9s \u00e1sv\u00e1nyi anyagok, p\u00e9ld\u00e1ul C- \u00e9s D-vitamin, szel\u00e9n \u00e9s cink magas tartalma, amelyek hozz\u00e1j\u00e1rulnak az immunrendszer norm\u00e1l m\u0171k\u00f6d\u00e9s\u00e9hez<\/li>\n<li class=\"bullet-checkmark\">A C-vitamin, a szel\u00e9n \u00e9s a cink szint\u00e9n hozz\u00e1j\u00e1rul a sejtek oxidat\u00edv stresszel szembeni v\u00e9delm\u00e9hez<\/li>\n<li class=\"bullet-checkmark\">Veget\u00e1ri\u00e1nusbar\u00e1t term\u00e9k<\/li>\n<li class=\"bullet-checkmark\">Friss\u00edt\u0151 bodza \u00edz\u0171<\/li>\n<\/ul>\n<h3>Mi az EpiCor\u00ae?<\/h3>\n<p>Az EpiCor\u00ae term\u00e9szetes immunmodul\u00e1tor makrot\u00e1panyagok szabadalmaztatott kever\u00e9ke, amely feh\u00e9rj\u00e9ket, antioxid\u00e1nsokat, b\u00e9ta-gl\u00fck\u00e1nokat, rostokat, zs\u00edrsavakat, aminosavakat \u00e9s mikrot\u00e1panyagokat, vitaminokat (k\u00fcl\u00f6n\u00f6sen B) \u00e9s \u00e1sv\u00e1nyi anyagokat tartalmaz.<\/p>\n<blockquote><p>Az EpiCor-t\u00ae az immunit\u00e1s t\u00e1mogat\u00e1s\u00e1ra \u00e9s er\u0151s\u00edt\u00e9s\u00e9re haszn\u00e1lj\u00e1k, amit t\u00f6bb tucat tudom\u00e1nyos tanulm\u00e1ny is meger\u0151s\u00edt.<\/p><\/blockquote>\n<p>Hat\u00e1smechanizmus\u00e1t, hat\u00e9konys\u00e1g\u00e1t \u00e9s biztons\u00e1goss\u00e1g\u00e1t t\u00f6bb tucat, szakmai cikkekben \u00e9s foly\u00f3iratokban megjelent tudom\u00e1nyos klinikai vizsg\u00e1lat eredm\u00e9nyei igazolt\u00e1k.<\/p>\n<p><img loading=\"lazy\" decoding=\"async\" class=\"aligncenter wp-image-13011 size-full\" src=\"https:\/\/herbastore.sk\/wp-content\/uploads\/2021\/01\/Herbalife-Immune-Booster-produktovy-banner.jpg\" alt=\"Herbalife Immuner\u0151s\u00edt\u0151 term\u00e9k banner\" width=\"2048\" height=\"477\" srcset=\"https:\/\/herbastore.sk\/wp-content\/uploads\/2021\/01\/Herbalife-Immune-Booster-produktovy-banner.jpg 2048w, https:\/\/herbastore.sk\/wp-content\/uploads\/2021\/01\/Herbalife-Immune-Booster-produktovy-banner-267x62.jpg 267w, https:\/\/herbastore.sk\/wp-content\/uploads\/2021\/01\/Herbalife-Immune-Booster-produktovy-banner-534x124.jpg 534w, https:\/\/herbastore.sk\/wp-content\/uploads\/2021\/01\/Herbalife-Immune-Booster-produktovy-banner-800x186.jpg 800w, https:\/\/herbastore.sk\/wp-content\/uploads\/2021\/01\/Herbalife-Immune-Booster-produktovy-banner-1400x326.jpg 1400w, https:\/\/herbastore.sk\/wp-content\/uploads\/2021\/01\/Herbalife-Immune-Booster-produktovy-banner-768x179.jpg 768w, https:\/\/herbastore.sk\/wp-content\/uploads\/2021\/01\/Herbalife-Immune-Booster-produktovy-banner-1536x358.jpg 1536w, https:\/\/herbastore.sk\/wp-content\/uploads\/2021\/01\/Herbalife-Immune-Booster-produktovy-banner-510x119.jpg 510w\" sizes=\"auto, (max-width: 2048px) 100vw, 2048px\" \/><\/p>\n<h2>A Herbalife Immune Booster vitaminokat \u00e9s \u00e1sv\u00e1nyi anyagokat tartalmaz<\/h2>\n<div class=\"row\"  id=\"row-295815849\">\n\n\t<div id=\"col-415690521\" class=\"col medium-1\/2 large-6\"  >\n\t\t\t\t<div class=\"col-inner\"  >\n\t\t\t\n\t\t\t\n<p><strong>A szel\u00e9n hozz\u00e1j\u00e1rul:<\/strong><\/p>\n<ul>\n<li>az immunrendszer norm\u00e1l m\u0171k\u00f6d\u00e9s\u00e9hez<\/li>\n<li>a sejtek v\u00e9delm\u00e9hez az oxidat\u00edv stresszt\u0151l<\/li>\n<li>a haj \u00e9s a k\u00f6rm\u00f6k norm\u00e1lis \u00e1llapot\u00e1nak fenntart\u00e1s\u00e1hoz<\/li>\n<li>norm\u00e1l pajzsmirigy m\u0171k\u00f6d\u00e9shez<\/li>\n<\/ul>\n<p><strong>A cink hozz\u00e1j\u00e1rul:<\/strong><\/p>\n<ul>\n<li>az immunrendszer norm\u00e1l m\u0171k\u00f6d\u00e9s\u00e9hez<\/li>\n<li>a sejtek v\u00e9delm\u00e9hez az oxidat\u00edv stresszt\u0151l<\/li>\n<li>a haj, a k\u00f6rm\u00f6k \u00e9s a b\u0151r norm\u00e1l \u00e1llapot\u00e1nak fenntart\u00e1s\u00e1hoz<\/li>\n<li>norm\u00e1lis kognit\u00edv funkci\u00f3hoz<\/li>\n<\/ul>\n\t\t<\/div>\n\t\t\t\t\t<\/div>\n\n\t\n\n\t<div id=\"col-516706186\" class=\"col medium-1\/2 large-6\"  >\n\t\t\t\t<div class=\"col-inner\"  >\n\t\t\t\n\t\t\t\n<p><strong>A C-vitamin hozz\u00e1j\u00e1rul:<\/strong><\/p>\n<ul>\n<li>az immunrendszer norm\u00e1l m\u0171k\u00f6d\u00e9s\u00e9hez<\/li>\n<li>a sejtek v\u00e9delm\u00e9hez az oxidat\u00edv stresszt\u0151l<\/li>\n<li>A f\u00e1radts\u00e1g \u00e9s a kimer\u00fclts\u00e9g cs\u00f6kkent\u00e9s\u00e9hez<\/li>\n<li>a C-vitamin n\u00f6veli a vas felsz\u00edv\u00f3d\u00e1s\u00e1t<\/li>\n<li>norm\u00e1l energia-anyagcser\u00e9hez<\/li>\n<\/ul>\n<p><strong>A D-vitamin hozz\u00e1j\u00e1rul:<\/strong><\/p>\n<ul>\n<li>az immunrendszer norm\u00e1l m\u0171k\u00f6d\u00e9s\u00e9hez<\/li>\n<li>a csontok \u00e9s fogak norm\u00e1lis \u00e1llapot\u00e1nak fenntart\u00e1s\u00e1hoz<\/li>\n<li>a norm\u00e1l izomm\u0171k\u00f6d\u00e9s fenntart\u00e1s\u00e1hoz<\/li>\n<\/ul>\n\t\t<\/div>\n\t\t\t\t\t<\/div>\n\n\t\n<\/div>\n<h2>Haszn\u00e1lat<\/h2>\n<p>A Herbalife Immune Booster 21 tasakot tartalmaz\u00f3 praktikus dobozban kaphat\u00f3, \u00e9s utaz\u00e1sra alkalmas! Az Immune Booster-t naponta fogyassza \u00fagy, hogy egy tasakot (3,7 g) ad 150 ml v\u00edzhez, \u00e9s addig keveri, am\u00edg fel nem old\u00f3dik. <\/p>\n<p>Fogyasszon naponta egy poh\u00e1rral \u00e9tkez\u00e9shez. Haszn\u00e1lja ezt a term\u00e9ket kiegyens\u00falyozott \u00e9s v\u00e1ltozatos \u00e9trend\u00e9s az eg\u00e9szs\u00e9ges, akt\u00edv \u00e9letm\u00f3d r\u00e9szek\u00e9nt. Tartani sz\u00fcks\u00e9ges a rendszeres testmozg\u00e1st, pihen\u00e9st \u00e9s regener\u00e1ci\u00f3t is. A legfontosabb \u00f6sszetev\u0151 term\u00e9szetesen a kiegyens\u00falyozott \u00e9trend.  <\/p>\n<p><a href=\"https:\/\/herbastore.sk\/wp-content\/uploads\/2025\/03\/immune-booster-bogyos-21-tasak-233K.jpg\"><img decoding=\"async\" class=\"aligncenter size-full wp-image-14451\" src=\"https:\/\/herbastore.sk\/wp-content\/uploads\/2025\/03\/immune-booster-bogyos-21-tasak-233K.jpg\" alt=\"Herbalife Immune Booster t\u00e1p\u00e9rt\u00e9k\" width=\"600\" height=\"auto\"><\/a><\/p>\n<p style=\"text-align: center;\"><em>T\u00e1p\u00e9rt\u00e9k &#8211; Herbalife Immune Booster<\/em><\/p>\n","protected":false},"excerpt":{"rendered":"<p>77,7 g (21 db 3,7 g-os tasak)<\/p>\n<div class=\"is-divider divider clearfix\" ><\/div>\n<p>A Herbalife Immune Booster egy friss\u00edt\u0151 fekete bodza \u00edz\u0171 kieg\u00e9sz\u00edt\u0151 ital, amely magas vitamin- \u00e9s \u00e1sv\u00e1nyianyag-tartalommal rendelkezik, amelyek hozz\u00e1j\u00e1rulnak az immunrendszer norm\u00e1l m\u0171k\u00f6d\u00e9s\u00e9hez.<\/p>\n<p>Term\u00e9szetes EpiCor-t\u00ae, C- \u00e9s D-vitamint, szel\u00e9nt \u00e9s cinket tartalmaz.<\/p>\n","protected":false},"featured_media":28459,"comment_status":"open","ping_status":"closed","template":"","meta":{"inline_featured_image":false},"product_brand":[],"product_cat":[381],"product_tag":[400],"class_list":{"0":"post-28458","1":"product","2":"type-product","3":"status-publish","4":"has-post-thumbnail","6":"product_cat-vitaminok-es-asvanyi-anyagok","7":"product_tag-immunrendszer-tamogatasa","9":"first","10":"instock","11":"taxable","12":"shipping-taxable","13":"purchasable","14":"product-type-simple"},"yoast_head":"<!-- This site is optimized with the Yoast SEO plugin v26.8 - https:\/\/yoast.com\/product\/yoast-seo-wordpress\/ -->\n<title>Herbalife Immune Booster 77.7 g - herbastore<\/title>\n<meta name=\"description\" content=\"Az Immune Booster egy friss\u00edt\u0151 kieg\u00e9sz\u00edt\u0151 ital, amely magas vitamin- \u00e9s \u00e1sv\u00e1nyianyag-tartalommal t\u00e1mogatja az immunrendszer megfelel\u0151 m\u0171k\u00f6d\u00e9s\u00e9t.\" \/>\n<meta name=\"robots\" content=\"index, follow, max-snippet:-1, max-image-preview:large, max-video-preview:-1\" \/>\n<link rel=\"canonical\" href=\"https:\/\/herbastore.sk\/hu\/termekek\/vitaminok-es-asvanyi-anyagok\/immune-booster\/\" \/>\n<meta property=\"og:locale\" content=\"hu_HU\" \/>\n<meta property=\"og:type\" content=\"article\" \/>\n<meta property=\"og:title\" content=\"Herbalife Immune Booster 77.7 g - herbastore\" \/>\n<meta property=\"og:description\" content=\"Az Immune Booster egy friss\u00edt\u0151 kieg\u00e9sz\u00edt\u0151 ital, amely magas vitamin- \u00e9s \u00e1sv\u00e1nyianyag-tartalommal t\u00e1mogatja az immunrendszer megfelel\u0151 m\u0171k\u00f6d\u00e9s\u00e9t.\" \/>\n<meta property=\"og:url\" content=\"https:\/\/herbastore.sk\/hu\/termekek\/vitaminok-es-asvanyi-anyagok\/immune-booster\/\" \/>\n<meta property=\"og:site_name\" content=\"herbastore\" \/>\n<meta property=\"article:publisher\" content=\"https:\/\/www.facebook.com\/herbastoresk\/\" \/>\n<meta property=\"article:modified_time\" content=\"2026-01-14T13:36:28+00:00\" \/>\n<meta property=\"og:image\" content=\"https:\/\/herbastore.sk\/wp-content\/uploads\/2025\/02\/immune-booster-bogyos-21-tasak.jpg\" \/>\n\t<meta property=\"og:image:width\" content=\"534\" \/>\n\t<meta property=\"og:image:height\" content=\"800\" \/>\n\t<meta property=\"og:image:type\" content=\"image\/jpeg\" \/>\n<meta name=\"twitter:card\" content=\"summary_large_image\" \/>\n<meta name=\"twitter:label1\" content=\"Becs\u00fclt olvas\u00e1si id\u0151\" \/>\n\t<meta name=\"twitter:data1\" content=\"2 perc\" \/>\n<script type=\"application\/ld+json\" class=\"yoast-schema-graph\">{\"@context\":\"https:\/\/schema.org\",\"@graph\":[{\"@type\":\"WebPage\",\"@id\":\"https:\/\/herbastore.sk\/hu\/termekek\/vitaminok-es-asvanyi-anyagok\/immune-booster\/\",\"url\":\"https:\/\/herbastore.sk\/hu\/termekek\/vitaminok-es-asvanyi-anyagok\/immune-booster\/\",\"name\":\"Herbalife Immune Booster 77.7 g - herbastore\",\"isPartOf\":{\"@id\":\"https:\/\/herbastore.sk\/hu\/#website\"},\"primaryImageOfPage\":{\"@id\":\"https:\/\/herbastore.sk\/hu\/termekek\/vitaminok-es-asvanyi-anyagok\/immune-booster\/#primaryimage\"},\"image\":{\"@id\":\"https:\/\/herbastore.sk\/hu\/termekek\/vitaminok-es-asvanyi-anyagok\/immune-booster\/#primaryimage\"},\"thumbnailUrl\":\"https:\/\/herbastore.sk\/wp-content\/uploads\/2025\/02\/immune-booster-bogyos-21-tasak.jpg\",\"datePublished\":\"2025-02-14T15:28:58+00:00\",\"dateModified\":\"2026-01-14T13:36:28+00:00\",\"description\":\"Az Immune Booster egy friss\u00edt\u0151 kieg\u00e9sz\u00edt\u0151 ital, amely magas vitamin- \u00e9s \u00e1sv\u00e1nyianyag-tartalommal t\u00e1mogatja az immunrendszer megfelel\u0151 m\u0171k\u00f6d\u00e9s\u00e9t.\",\"breadcrumb\":{\"@id\":\"https:\/\/herbastore.sk\/hu\/termekek\/vitaminok-es-asvanyi-anyagok\/immune-booster\/#breadcrumb\"},\"inLanguage\":\"hu\",\"potentialAction\":[{\"@type\":\"ReadAction\",\"target\":[\"https:\/\/herbastore.sk\/hu\/termekek\/vitaminok-es-asvanyi-anyagok\/immune-booster\/\"]}]},{\"@type\":\"ImageObject\",\"inLanguage\":\"hu\",\"@id\":\"https:\/\/herbastore.sk\/hu\/termekek\/vitaminok-es-asvanyi-anyagok\/immune-booster\/#primaryimage\",\"url\":\"https:\/\/herbastore.sk\/wp-content\/uploads\/2025\/02\/immune-booster-bogyos-21-tasak.jpg\",\"contentUrl\":\"https:\/\/herbastore.sk\/wp-content\/uploads\/2025\/02\/immune-booster-bogyos-21-tasak.jpg\",\"width\":534,\"height\":800,\"caption\":\"Immune Booster Bogy\u00f3s\"},{\"@type\":\"BreadcrumbList\",\"@id\":\"https:\/\/herbastore.sk\/hu\/termekek\/vitaminok-es-asvanyi-anyagok\/immune-booster\/#breadcrumb\",\"itemListElement\":[{\"@type\":\"ListItem\",\"position\":1,\"name\":\"Home\",\"item\":\"https:\/\/herbastore.sk\/hu\/\"},{\"@type\":\"ListItem\",\"position\":2,\"name\":\"Term\u00e9kek\",\"item\":\"https:\/\/herbastore.sk\/hu\/termekek\/\"},{\"@type\":\"ListItem\",\"position\":3,\"name\":\"Immune Booster\"}]},{\"@type\":\"WebSite\",\"@id\":\"https:\/\/herbastore.sk\/hu\/#website\",\"url\":\"https:\/\/herbastore.sk\/hu\/\",\"name\":\"herbastore\",\"description\":\"Produkty Herbalife z pohodlia v\u00e1\u0161ho domova\",\"publisher\":{\"@id\":\"https:\/\/herbastore.sk\/hu\/#organization\"},\"potentialAction\":[{\"@type\":\"SearchAction\",\"target\":{\"@type\":\"EntryPoint\",\"urlTemplate\":\"https:\/\/herbastore.sk\/hu\/?s={search_term_string}\"},\"query-input\":{\"@type\":\"PropertyValueSpecification\",\"valueRequired\":true,\"valueName\":\"search_term_string\"}}],\"inLanguage\":\"hu\"},{\"@type\":\"Organization\",\"@id\":\"https:\/\/herbastore.sk\/hu\/#organization\",\"name\":\"herbastore.sk\",\"url\":\"https:\/\/herbastore.sk\/hu\/\",\"logo\":{\"@type\":\"ImageObject\",\"inLanguage\":\"hu\",\"@id\":\"https:\/\/herbastore.sk\/hu\/#\/schema\/logo\/image\/\",\"url\":\"https:\/\/herbastore.sk\/wp-content\/uploads\/2018\/11\/herbastore-ikona.png\",\"contentUrl\":\"https:\/\/herbastore.sk\/wp-content\/uploads\/2018\/11\/herbastore-ikona.png\",\"width\":512,\"height\":512,\"caption\":\"herbastore.sk\"},\"image\":{\"@id\":\"https:\/\/herbastore.sk\/hu\/#\/schema\/logo\/image\/\"},\"sameAs\":[\"https:\/\/www.facebook.com\/herbastoresk\/\",\"https:\/\/www.instagram.com\/herbastore.sk\/\"]}]}<\/script>\n<!-- \/ Yoast SEO plugin. -->","yoast_head_json":{"title":"Herbalife Immune Booster 77.7 g - herbastore","description":"Az Immune Booster egy friss\u00edt\u0151 kieg\u00e9sz\u00edt\u0151 ital, amely magas vitamin- \u00e9s \u00e1sv\u00e1nyianyag-tartalommal t\u00e1mogatja az immunrendszer megfelel\u0151 m\u0171k\u00f6d\u00e9s\u00e9t.","robots":{"index":"index","follow":"follow","max-snippet":"max-snippet:-1","max-image-preview":"max-image-preview:large","max-video-preview":"max-video-preview:-1"},"canonical":"https:\/\/herbastore.sk\/hu\/termekek\/vitaminok-es-asvanyi-anyagok\/immune-booster\/","og_locale":"hu_HU","og_type":"article","og_title":"Herbalife Immune Booster 77.7 g - herbastore","og_description":"Az Immune Booster egy friss\u00edt\u0151 kieg\u00e9sz\u00edt\u0151 ital, amely magas vitamin- \u00e9s \u00e1sv\u00e1nyianyag-tartalommal t\u00e1mogatja az immunrendszer megfelel\u0151 m\u0171k\u00f6d\u00e9s\u00e9t.","og_url":"https:\/\/herbastore.sk\/hu\/termekek\/vitaminok-es-asvanyi-anyagok\/immune-booster\/","og_site_name":"herbastore","article_publisher":"https:\/\/www.facebook.com\/herbastoresk\/","article_modified_time":"2026-01-14T13:36:28+00:00","og_image":[{"width":534,"height":800,"url":"https:\/\/herbastore.sk\/wp-content\/uploads\/2025\/02\/immune-booster-bogyos-21-tasak.jpg","type":"image\/jpeg"}],"twitter_card":"summary_large_image","twitter_misc":{"Becs\u00fclt olvas\u00e1si id\u0151":"2 perc"},"schema":{"@context":"https:\/\/schema.org","@graph":[{"@type":"WebPage","@id":"https:\/\/herbastore.sk\/hu\/termekek\/vitaminok-es-asvanyi-anyagok\/immune-booster\/","url":"https:\/\/herbastore.sk\/hu\/termekek\/vitaminok-es-asvanyi-anyagok\/immune-booster\/","name":"Herbalife Immune Booster 77.7 g - herbastore","isPartOf":{"@id":"https:\/\/herbastore.sk\/hu\/#website"},"primaryImageOfPage":{"@id":"https:\/\/herbastore.sk\/hu\/termekek\/vitaminok-es-asvanyi-anyagok\/immune-booster\/#primaryimage"},"image":{"@id":"https:\/\/herbastore.sk\/hu\/termekek\/vitaminok-es-asvanyi-anyagok\/immune-booster\/#primaryimage"},"thumbnailUrl":"https:\/\/herbastore.sk\/wp-content\/uploads\/2025\/02\/immune-booster-bogyos-21-tasak.jpg","datePublished":"2025-02-14T15:28:58+00:00","dateModified":"2026-01-14T13:36:28+00:00","description":"Az Immune Booster egy friss\u00edt\u0151 kieg\u00e9sz\u00edt\u0151 ital, amely magas vitamin- \u00e9s \u00e1sv\u00e1nyianyag-tartalommal t\u00e1mogatja az immunrendszer megfelel\u0151 m\u0171k\u00f6d\u00e9s\u00e9t.","breadcrumb":{"@id":"https:\/\/herbastore.sk\/hu\/termekek\/vitaminok-es-asvanyi-anyagok\/immune-booster\/#breadcrumb"},"inLanguage":"hu","potentialAction":[{"@type":"ReadAction","target":["https:\/\/herbastore.sk\/hu\/termekek\/vitaminok-es-asvanyi-anyagok\/immune-booster\/"]}]},{"@type":"ImageObject","inLanguage":"hu","@id":"https:\/\/herbastore.sk\/hu\/termekek\/vitaminok-es-asvanyi-anyagok\/immune-booster\/#primaryimage","url":"https:\/\/herbastore.sk\/wp-content\/uploads\/2025\/02\/immune-booster-bogyos-21-tasak.jpg","contentUrl":"https:\/\/herbastore.sk\/wp-content\/uploads\/2025\/02\/immune-booster-bogyos-21-tasak.jpg","width":534,"height":800,"caption":"Immune Booster Bogy\u00f3s"},{"@type":"BreadcrumbList","@id":"https:\/\/herbastore.sk\/hu\/termekek\/vitaminok-es-asvanyi-anyagok\/immune-booster\/#breadcrumb","itemListElement":[{"@type":"ListItem","position":1,"name":"Home","item":"https:\/\/herbastore.sk\/hu\/"},{"@type":"ListItem","position":2,"name":"Term\u00e9kek","item":"https:\/\/herbastore.sk\/hu\/termekek\/"},{"@type":"ListItem","position":3,"name":"Immune Booster"}]},{"@type":"WebSite","@id":"https:\/\/herbastore.sk\/hu\/#website","url":"https:\/\/herbastore.sk\/hu\/","name":"herbastore","description":"Produkty Herbalife z pohodlia v\u00e1\u0161ho domova","publisher":{"@id":"https:\/\/herbastore.sk\/hu\/#organization"},"potentialAction":[{"@type":"SearchAction","target":{"@type":"EntryPoint","urlTemplate":"https:\/\/herbastore.sk\/hu\/?s={search_term_string}"},"query-input":{"@type":"PropertyValueSpecification","valueRequired":true,"valueName":"search_term_string"}}],"inLanguage":"hu"},{"@type":"Organization","@id":"https:\/\/herbastore.sk\/hu\/#organization","name":"herbastore.sk","url":"https:\/\/herbastore.sk\/hu\/","logo":{"@type":"ImageObject","inLanguage":"hu","@id":"https:\/\/herbastore.sk\/hu\/#\/schema\/logo\/image\/","url":"https:\/\/herbastore.sk\/wp-content\/uploads\/2018\/11\/herbastore-ikona.png","contentUrl":"https:\/\/herbastore.sk\/wp-content\/uploads\/2018\/11\/herbastore-ikona.png","width":512,"height":512,"caption":"herbastore.sk"},"image":{"@id":"https:\/\/herbastore.sk\/hu\/#\/schema\/logo\/image\/"},"sameAs":["https:\/\/www.facebook.com\/herbastoresk\/","https:\/\/www.instagram.com\/herbastore.sk\/"]}]}},"_links":{"self":[{"href":"https:\/\/herbastore.sk\/hu\/wp-json\/wp\/v2\/product\/28458","targetHints":{"allow":["GET"]}}],"collection":[{"href":"https:\/\/herbastore.sk\/hu\/wp-json\/wp\/v2\/product"}],"about":[{"href":"https:\/\/herbastore.sk\/hu\/wp-json\/wp\/v2\/types\/product"}],"replies":[{"embeddable":true,"href":"https:\/\/herbastore.sk\/hu\/wp-json\/wp\/v2\/comments?post=28458"}],"wp:featuredmedia":[{"embeddable":true,"href":"https:\/\/herbastore.sk\/hu\/wp-json\/wp\/v2\/media\/28459"}],"wp:attachment":[{"href":"https:\/\/herbastore.sk\/hu\/wp-json\/wp\/v2\/media?parent=28458"}],"wp:term":[{"taxonomy":"product_brand","embeddable":true,"href":"https:\/\/herbastore.sk\/hu\/wp-json\/wp\/v2\/product_brand?post=28458"},{"taxonomy":"product_cat","embeddable":true,"href":"https:\/\/herbastore.sk\/hu\/wp-json\/wp\/v2\/product_cat?post=28458"},{"taxonomy":"product_tag","embeddable":true,"href":"https:\/\/herbastore.sk\/hu\/wp-json\/wp\/v2\/product_tag?post=28458"}],"curies":[{"name":"wp","href":"https:\/\/api.w.org\/{rel}","templated":true}]}}