{"id":23002,"date":"2018-09-30T22:13:59","date_gmt":"2023-10-20T19:48:45","guid":{"rendered":"https:\/\/herbastore.sk\/produkty\/nezaraden\u00e9\/formula-1-koktel\/"},"modified":"2026-01-25T18:45:26","modified_gmt":"2026-01-25T17:45:26","slug":"formula-1-koktel","status":"publish","type":"product","link":"https:\/\/herbastore.sk\/hu\/termekek\/legkeresettebb-termekek\/formula-1-koktel\/","title":{"rendered":"Formula 1 kokt\u00e9l"},"content":{"rendered":"<h2>Kinek alkalmas a Formula 1 kokt\u00e9l?<\/h2>\n<p>Ha fogyni szeretne, esetleg, ha a fogy\u00e1s ut\u00e1ni s\u00falyt szeretn\u00e9 tartani, fontos, hogy t\u00e1pl\u00e1lkoz\u00e1si szempontb\u00f3l kiegyens\u00falyozott \u00e9trendet fogyasszon. Egy olyan t\u00e1pl\u00e1l\u00f3 \u00e9tel, mint a Formula 1 kokt\u00e9l, seg\u00edt szab\u00e1lyozni a kal\u00f3riabevitelt, mik\u00f6zben biztos\u00edtja a sz\u00fcks\u00e9ges vitaminokat \u00e9s \u00e1sv\u00e1nyi anyagokat, valamint sz\u00e9nhidr\u00e1tokat \u00e9s feh\u00e9rj\u00e9t. A Formula 1 Balanced Food egy olyan megold\u00e1s, amely megadja test\u00e9nek azt, amire sz\u00fcks\u00e9ge van, an\u00e9lk\u00fcl, hogy kompromisszumot kellene k\u00f6tnie az \u00edz vagy a k\u00e9nyelem ter\u00e9n.<\/p>\n<p>A tejben \u00e9s sz\u00f3jafeh\u00e9rj\u00e9ben gazdag (adagonk\u00e9nt 18 g) Formula 1 turmixok megfelel\u0151 testmozg\u00e1ssal kombin\u00e1lva ide\u00e1lis v\u00e1laszt\u00e1s, ha zs\u00edrmentes izomt\u00f6meget szeretne el\u00e9rni. 25 vitamint \u00e9s \u00e1sv\u00e1nyi anyagot is tartalmaz, bele\u00e9rtve a D-vitamint, amely hozz\u00e1j\u00e1rul az immunrendszer norm\u00e1l m\u0171k\u00f6d\u00e9s\u00e9hez, \u00e9s a C-vitamint, amely hozz\u00e1j\u00e1rul a f\u00e1radts\u00e1g \u00e9s a kimer\u00fclts\u00e9g cs\u00f6kkent\u00e9s\u00e9hez.<\/p>\n<p>Okos \u00e9s eg\u00e9szs\u00e9ges v\u00e1laszt\u00e1s reggelire, eb\u00e9dre vagy vacsor\u00e1ra!<\/p>\n<h2>Jellemz\u0151k<\/h2>\n<ul>\n<li class=\"bullet-checkmark\"><strong><span class=\"sc-iKOmoZ eRXyKw\">Alacsony kal\u00f3riatartalm\u00fa<\/span>:<\/strong> Egy adag csak 220 kcal-t tartalmaz, ami seg\u00edt a kal\u00f3riabevitel szab\u00e1lyoz\u00e1s\u00e1ban \u00e9s el\u0151seg\u00edti a fogy\u00e1st<\/li>\n<li class=\"bullet-checkmark\"><strong><span class=\"sc-iKOmoZ eRXyKw\">Magas feh\u00e9rjetartalm\u00fa<\/span>:<\/strong> Adagonk\u00e9nt legfeljebb 18 g feh\u00e9rje hozz\u00e1j\u00e1rul az izomn\u00f6veked\u00e9shez \u00e9s el\u0151seg\u00edti a fizikai aktivit\u00e1s ut\u00e1ni regener\u00e1ci\u00f3t<\/li>\n<li class=\"bullet-checkmark\"><strong><span class=\"sc-iKOmoZ eRXyKw\">25 vitamin \u00e9s \u00e1sv\u00e1nyi anyag<\/span>:<\/strong> Minden adag a napi aj\u00e1nlott bevitel legal\u00e1bb 38% -\u00e1t tartalmazza 25 vitaminra \u00e9s \u00e1sv\u00e1nyi anyagra, bele\u00e9rtve a D-vitamint, amely t\u00e1mogatja az immunrendszert, \u00e9s a C-vitamint, amely cs\u00f6kkenti a f\u00e1radts\u00e1got \u00e9s a kimer\u00fclts\u00e9get<\/li>\n<li class=\"bullet-checkmark\"><strong><span class=\"sc-iKOmoZ eRXyKw\">Veg\u00e1n \u00f6sszetev\u0151k<\/span>:<\/strong> A kokt\u00e9l glut\u00e9nmentes, mesters\u00e9ges sz\u00ednez\u00e9kekt\u0151l mentes \u00e9s csak term\u00e9szetes \u00edzes\u00edt\u0151ket tartalmaz<\/li>\n<li class=\"bullet-checkmark\"><strong><span class=\"sc-iKOmoZ eRXyKw\">Praktikus<\/span>:<\/strong> A gyors el\u0151k\u00e9sz\u00edt\u00e9s lehet\u0151v\u00e9 teszi, hogy reggelik\u00e9nt, eb\u00e9dk\u00e9nt vagy vacsorak\u00e9nt fogyassza, ami ide\u00e1lis az elfoglalt emberek sz\u00e1m\u00e1ra<\/li>\n<li class=\"bullet-checkmark\"><strong><span class=\"sc-iKOmoZ eRXyKw\">Sz\u00f3jafeh\u00e9rje<\/span>:<\/strong> Teljes \u00e9rt\u00e9k\u0171 feh\u00e9rje, amely tartalmazza az \u00f6sszes esszenci\u00e1lis aminosavat<\/li>\n<li class=\"bullet-checkmark\"><strong><span class=\"sc-iKOmoZ eRXyKw\">Tudom\u00e1nyosan \u00e9s klinikailag tesztelt<\/span>:<\/strong> A Fromula 1 kokt\u00e9l a leg\u00fajabb tudom\u00e1nyos ismeretek \u00e9s klinikai vizsg\u00e1latok eredm\u00e9nye, amely garant\u00e1lja annak magas hat\u00e9konys\u00e1g\u00e1t \u00e9s biztons\u00e1g\u00e1t<\/li>\n<li class=\"bullet-checkmark\"><strong>D\u00edjnyertes term\u00e9k:<\/strong> A vil\u00e1g legkelend\u0151bb, \u00edzletes \u00e9s t\u00e1pl\u00e1l\u00f3 \u00e9tele, az 1. sz\u00e1m\u00fa m\u00e1rka a s\u00falykontrollban!<\/li>\n<\/ul>\n<h3>7 ok, hogy t\u00e1pl\u00e1l\u00f3 reggelivel kezdje a napot<\/h3>\n<ol>\n<li>\u00dczemanyag a szervezet sz\u00e1m\u00e1ra \u2013 alacsony kal\u00f3riatartalm\u00fa, valamint t\u00e1panyagokat \u00e9s \u00e1sv\u00e1nyi anyagokat tartalmaz, amelyekre a szervezetnek sz\u00fcks\u00e9ge van<\/li>\n<li>Az alapvet\u0151 t\u00e1panyagokat nem tartalmaz\u00f3 reggeli kihagy\u00e1sa vagy elfogyaszt\u00e1sa a kal\u00f3ria gazdag- \u00e9s gyors\u00e9telek fogyaszt\u00e1s\u00e1hoz vezethet<\/li>\n<li>Az izomt\u00f6meg \u00e9p\u00edt\u00e9se \u00e9s fenntart\u00e1sa &#8211; A feh\u00e9rj\u00e9k hozz\u00e1j\u00e1rulnak az izomt\u00f6meg fenntart\u00e1s\u00e1hoz \u00e9s n\u00f6veked\u00e9s\u00e9hez<\/li>\n<li>Eg\u00e9szs\u00e9ges b\u0151r \u2013 Az eg\u00e9szs\u00e9ges b\u0151r bel\u00fclr\u0151l kezd\u0151dik<\/li>\n<li>Ind\u00edtsa be az anyagcser\u00e9t \u2013 Az eg\u00e9szs\u00e9ges t\u00e1pl\u00e1lkoz\u00e1s reggeli \u00e9s kis adagok fogyaszt\u00e1sa a nap folyam\u00e1n biztos\u00edtja a kiegyens\u00falyozott energiaell\u00e1t\u00e1st \u00e9s a maxim\u00e1lis teljes\u00edtm\u00e9ny el\u00e9r\u00e9s\u00e9t<\/li>\n<li>Energia az agy sz\u00e1m\u00e1ra \u2013 Az agy az energiafelhaszn\u00e1l\u00e1s sor\u00e1n el\u00e9getett kal\u00f3ri\u00e1k 1\/5-\u00e9t fogyasztja, reggeli n\u00e9lk\u00fcl nehezen fog m\u0171k\u00f6dni a koncentr\u00e1ci\u00f3, \u00e9s ingerl\u00e9kenyebb \u00e9s f\u00e1radtabb lesz<\/li>\n<li>T\u00f6bb energia \u2013 A reggeli v\u00e9get vet az \u00e9jszakai b\u00f6jtnek, \u00e9s seg\u00edt felt\u00f6lteni azokat az energiarakt\u00e1rakat, amelyeket a test egyik napr\u00f3l a m\u00e1sikra a regener\u00e1ci\u00f3ra \u00e9s helyre\u00e1ll\u00edt\u00e1sra haszn\u00e1lt fel<\/li>\n<\/ol>\n<h2>Adagol\u00e1s<\/h2>\n<p>Fogyassza a Formula 1 Balanced Food Shake-et minden nap t\u00e1pl\u00e1l\u00f3 \u00e9telk\u00e9nt. Minden haszn\u00e1lat el\u0151tt \u00f3vatosan r\u00e1zza fel a tart\u00e1lyt, mivel a tartalma le\u00fclepedhet. Egy finom kokt\u00e9l elk\u00e9sz\u00edt\u00e9s\u00e9hez keverjen \u00f6ssze k\u00e9t ev\u0151kan\u00e1l port (kb. 26 g) 250 ml hideg f\u00e9lig sov\u00e1ny tejjel (1,5% zs\u00edr). Veg\u00e1n \u00e9s term\u00e9szetesen lakt\u00f3zmentes turmixhoz keverje \u00f6ssze 250 ml d\u00fas\u00edtott sz\u00f3jatejjel.<\/p>\n<p><strong>A a c\u00e9l a fogy\u00e1s:<\/strong> Az alacsony energiatartalm\u00fa \u00e9trend k\u00e9t f\u0151 napi \u00e9tkez\u00e9s\u00e9nek helyettes\u00edt\u00e9se \u00e9tkez\u00e9shelyettes\u00edt\u0151kkel hozz\u00e1j\u00e1rul a fogy\u00e1shoz. Helyettes\u00edtse a napi k\u00e9t \u00e9tkez\u00e9st egy finom Forma-1-es itallal, \u00e9s k\u00e9nyeztesse mag\u00e1t egy kiegyens\u00falyozott t\u00e1pl\u00e1lkoz\u00e1ssal.<\/p>\n<p><strong>A a c\u00e9l az optim\u00e1lis t\u00e1pl\u00e1lkoz\u00e1s \u00e9s a tests\u00faly fenntart\u00e1sa:<\/strong> Az alacsony energiatartalm\u00fa \u00e9trend egyik f\u0151 napi \u00e9tkez\u00e9s\u00e9nek helyettes\u00edt\u00e9se \u00e9tkez\u00e9shelyettes\u00edt\u0151vel hozz\u00e1j\u00e1rul a fogy\u00e1s ut\u00e1ni tests\u00faly fenntart\u00e1s\u00e1hoz. Helyettes\u00edtsen napi egy \u00e9tkez\u00e9st egy finom Forma-1-es itallal, \u00e9s egyen kett\u0151,t\u00e1pl\u00e1lkoz\u00e1si szempontb\u00f3l kiegyens\u00falyozott \u00e9telt.<\/p>\n<p>T\u00e1rolja z\u00e1rt fed\u00e9llel, h\u0171v\u00f6s, sz\u00e1raz helyen.<\/p>\n<p style=\"text-align: center;\"><a href=\"https:\/\/herbastore.sk\/wp-content\/uploads\/2025\/03\/formula-1-kiegyensulyozott-shake-mix-kremes-vanilia-550g-4466.jpg\"><img decoding=\"async\" class=\"aligncenter wp-image-6549 size-full\" src=\"https:\/\/herbastore.sk\/wp-content\/uploads\/2025\/03\/formula-1-kiegyensulyozott-shake-mix-kremes-vanilia-550g-4466.jpg\" alt=\"Formula 1 kokt\u00e9l van\u00edlia-kr\u00e9m t\u00e1p\u00e9rt\u00e9k\" width=\"600\" height=\"auto\" \/><\/a><\/p>\n<p style=\"text-align: center;\"><em>T\u00e1p\u00e9rt\u00e9k &#8211; Herbalife Formula 1 kokt\u00e9l<\/em><\/p>\n","protected":false},"excerpt":{"rendered":"<p>550 g<\/p>\n<div class=\"is-divider divider clearfix\" ><\/div>\n<p>Eg\u00e9szs\u00e9ges \u00e9telt szeretne, amely \u00edzletes, t\u00e1pl\u00e1l\u00f3 \u00e9s gyorsan elk\u00e9sz\u00edthet\u0151? A Herbalife Formula 1 egy gazdag \u00e9s kr\u00e9mes kokt\u00e9l, amelyet m\u00e1sodpercek alatt elk\u00e9sz\u00edthet A min\u0151s\u00e9gi feh\u00e9rje \u00e9s az alapvet\u0151 makro- \u00e9s mikrot\u00e1panyagok t\u00f6k\u00e9letes egyens\u00faly\u00e1t biztos\u00edtja.<\/p>\n","protected":false},"featured_media":27237,"comment_status":"open","ping_status":"closed","template":"","meta":{"inline_featured_image":false},"product_brand":[],"product_cat":[339,382],"product_tag":[368,367],"class_list":{"0":"post-23002","1":"product","2":"type-product","3":"status-publish","4":"has-post-thumbnail","6":"product_cat-legkeresettebb-termekek","7":"product_cat-kiegyensulyozott-shake-mix","8":"product_tag-fogyas","9":"product_tag-glutenmentes-etrend","11":"first","12":"instock","13":"taxable","14":"shipping-taxable","15":"purchasable","16":"product-type-variable"},"yoast_head":"<!-- This site is optimized with the Yoast SEO plugin v26.8 - https:\/\/yoast.com\/product\/yoast-seo-wordpress\/ -->\n<title>Herbalife Formula 1 kokt\u00e9l 550 g - herbastore<\/title>\n<meta name=\"description\" content=\"A Herbalife Formula 1 egy gazdag \u00e9s kr\u00e9mes kokt\u00e9l, amelyet m\u00e1sodpercek alatt elk\u00e9sz\u00edthet! Okos \u00e9s eg\u00e9szs\u00e9ges v\u00e1laszt\u00e1s reggelire, eb\u00e9dre vagy vacsor\u00e1ra.\" \/>\n<meta name=\"robots\" content=\"index, follow, max-snippet:-1, max-image-preview:large, max-video-preview:-1\" \/>\n<link rel=\"canonical\" href=\"https:\/\/herbastore.sk\/hu\/termekek\/legkeresettebb-termekek\/formula-1-koktel\/\" \/>\n<meta property=\"og:locale\" content=\"hu_HU\" \/>\n<meta property=\"og:type\" content=\"article\" \/>\n<meta property=\"og:title\" content=\"Herbalife Formula 1 kokt\u00e9l 550 g - herbastore\" \/>\n<meta property=\"og:description\" content=\"A Herbalife Formula 1 egy gazdag \u00e9s kr\u00e9mes kokt\u00e9l, amelyet m\u00e1sodpercek alatt elk\u00e9sz\u00edthet! Okos \u00e9s eg\u00e9szs\u00e9ges v\u00e1laszt\u00e1s reggelire, eb\u00e9dre vagy vacsor\u00e1ra.\" \/>\n<meta property=\"og:url\" content=\"https:\/\/herbastore.sk\/hu\/termekek\/legkeresettebb-termekek\/formula-1-koktel\/\" \/>\n<meta property=\"og:site_name\" content=\"herbastore\" \/>\n<meta property=\"article:publisher\" content=\"https:\/\/www.facebook.com\/herbastoresk\/\" \/>\n<meta property=\"article:modified_time\" content=\"2026-01-25T17:45:26+00:00\" \/>\n<meta property=\"og:image\" content=\"https:\/\/herbastore.sk\/wp-content\/uploads\/2024\/09\/formula-1-kiegyensulyozott-shake-mix-kremes-vanilia-550g.jpg\" \/>\n\t<meta property=\"og:image:width\" content=\"534\" \/>\n\t<meta property=\"og:image:height\" content=\"800\" \/>\n\t<meta property=\"og:image:type\" content=\"image\/jpeg\" \/>\n<meta name=\"twitter:card\" content=\"summary_large_image\" \/>\n<meta name=\"twitter:label1\" content=\"Becs\u00fclt olvas\u00e1si id\u0151\" \/>\n\t<meta name=\"twitter:data1\" content=\"3 perc\" \/>\n<script type=\"application\/ld+json\" class=\"yoast-schema-graph\">{\"@context\":\"https:\/\/schema.org\",\"@graph\":[{\"@type\":\"WebPage\",\"@id\":\"https:\/\/herbastore.sk\/hu\/termekek\/legkeresettebb-termekek\/formula-1-koktel\/\",\"url\":\"https:\/\/herbastore.sk\/hu\/termekek\/legkeresettebb-termekek\/formula-1-koktel\/\",\"name\":\"Herbalife Formula 1 kokt\u00e9l 550 g - herbastore\",\"isPartOf\":{\"@id\":\"https:\/\/herbastore.sk\/hu\/#website\"},\"primaryImageOfPage\":{\"@id\":\"https:\/\/herbastore.sk\/hu\/termekek\/legkeresettebb-termekek\/formula-1-koktel\/#primaryimage\"},\"image\":{\"@id\":\"https:\/\/herbastore.sk\/hu\/termekek\/legkeresettebb-termekek\/formula-1-koktel\/#primaryimage\"},\"thumbnailUrl\":\"https:\/\/herbastore.sk\/wp-content\/uploads\/2024\/09\/formula-1-kiegyensulyozott-shake-mix-kremes-vanilia-550g.jpg\",\"datePublished\":\"2023-10-20T19:48:45+00:00\",\"dateModified\":\"2026-01-25T17:45:26+00:00\",\"description\":\"A Herbalife Formula 1 egy gazdag \u00e9s kr\u00e9mes kokt\u00e9l, amelyet m\u00e1sodpercek alatt elk\u00e9sz\u00edthet! Okos \u00e9s eg\u00e9szs\u00e9ges v\u00e1laszt\u00e1s reggelire, eb\u00e9dre vagy vacsor\u00e1ra.\",\"breadcrumb\":{\"@id\":\"https:\/\/herbastore.sk\/hu\/termekek\/legkeresettebb-termekek\/formula-1-koktel\/#breadcrumb\"},\"inLanguage\":\"hu\",\"potentialAction\":[{\"@type\":\"ReadAction\",\"target\":[\"https:\/\/herbastore.sk\/hu\/termekek\/legkeresettebb-termekek\/formula-1-koktel\/\"]}]},{\"@type\":\"ImageObject\",\"inLanguage\":\"hu\",\"@id\":\"https:\/\/herbastore.sk\/hu\/termekek\/legkeresettebb-termekek\/formula-1-koktel\/#primaryimage\",\"url\":\"https:\/\/herbastore.sk\/wp-content\/uploads\/2024\/09\/formula-1-kiegyensulyozott-shake-mix-kremes-vanilia-550g.jpg\",\"contentUrl\":\"https:\/\/herbastore.sk\/wp-content\/uploads\/2024\/09\/formula-1-kiegyensulyozott-shake-mix-kremes-vanilia-550g.jpg\",\"width\":534,\"height\":800,\"caption\":\"Formula 1 Kiegyens\u00falyozott shake mix Kr\u00e9mes van\u00edlia\"},{\"@type\":\"BreadcrumbList\",\"@id\":\"https:\/\/herbastore.sk\/hu\/termekek\/legkeresettebb-termekek\/formula-1-koktel\/#breadcrumb\",\"itemListElement\":[{\"@type\":\"ListItem\",\"position\":1,\"name\":\"Home\",\"item\":\"https:\/\/herbastore.sk\/hu\/\"},{\"@type\":\"ListItem\",\"position\":2,\"name\":\"Term\u00e9kek\",\"item\":\"https:\/\/herbastore.sk\/hu\/termekek\/\"},{\"@type\":\"ListItem\",\"position\":3,\"name\":\"Formula 1 kokt\u00e9l\"}]},{\"@type\":\"WebSite\",\"@id\":\"https:\/\/herbastore.sk\/hu\/#website\",\"url\":\"https:\/\/herbastore.sk\/hu\/\",\"name\":\"herbastore\",\"description\":\"Produkty Herbalife z pohodlia v\u00e1\u0161ho domova\",\"publisher\":{\"@id\":\"https:\/\/herbastore.sk\/hu\/#organization\"},\"potentialAction\":[{\"@type\":\"SearchAction\",\"target\":{\"@type\":\"EntryPoint\",\"urlTemplate\":\"https:\/\/herbastore.sk\/hu\/?s={search_term_string}\"},\"query-input\":{\"@type\":\"PropertyValueSpecification\",\"valueRequired\":true,\"valueName\":\"search_term_string\"}}],\"inLanguage\":\"hu\"},{\"@type\":\"Organization\",\"@id\":\"https:\/\/herbastore.sk\/hu\/#organization\",\"name\":\"herbastore.sk\",\"url\":\"https:\/\/herbastore.sk\/hu\/\",\"logo\":{\"@type\":\"ImageObject\",\"inLanguage\":\"hu\",\"@id\":\"https:\/\/herbastore.sk\/hu\/#\/schema\/logo\/image\/\",\"url\":\"https:\/\/herbastore.sk\/wp-content\/uploads\/2018\/11\/herbastore-ikona.png\",\"contentUrl\":\"https:\/\/herbastore.sk\/wp-content\/uploads\/2018\/11\/herbastore-ikona.png\",\"width\":512,\"height\":512,\"caption\":\"herbastore.sk\"},\"image\":{\"@id\":\"https:\/\/herbastore.sk\/hu\/#\/schema\/logo\/image\/\"},\"sameAs\":[\"https:\/\/www.facebook.com\/herbastoresk\/\",\"https:\/\/www.instagram.com\/herbastore.sk\/\"]}]}<\/script>\n<!-- \/ Yoast SEO plugin. -->","yoast_head_json":{"title":"Herbalife Formula 1 kokt\u00e9l 550 g - herbastore","description":"A Herbalife Formula 1 egy gazdag \u00e9s kr\u00e9mes kokt\u00e9l, amelyet m\u00e1sodpercek alatt elk\u00e9sz\u00edthet! Okos \u00e9s eg\u00e9szs\u00e9ges v\u00e1laszt\u00e1s reggelire, eb\u00e9dre vagy vacsor\u00e1ra.","robots":{"index":"index","follow":"follow","max-snippet":"max-snippet:-1","max-image-preview":"max-image-preview:large","max-video-preview":"max-video-preview:-1"},"canonical":"https:\/\/herbastore.sk\/hu\/termekek\/legkeresettebb-termekek\/formula-1-koktel\/","og_locale":"hu_HU","og_type":"article","og_title":"Herbalife Formula 1 kokt\u00e9l 550 g - herbastore","og_description":"A Herbalife Formula 1 egy gazdag \u00e9s kr\u00e9mes kokt\u00e9l, amelyet m\u00e1sodpercek alatt elk\u00e9sz\u00edthet! Okos \u00e9s eg\u00e9szs\u00e9ges v\u00e1laszt\u00e1s reggelire, eb\u00e9dre vagy vacsor\u00e1ra.","og_url":"https:\/\/herbastore.sk\/hu\/termekek\/legkeresettebb-termekek\/formula-1-koktel\/","og_site_name":"herbastore","article_publisher":"https:\/\/www.facebook.com\/herbastoresk\/","article_modified_time":"2026-01-25T17:45:26+00:00","og_image":[{"width":534,"height":800,"url":"https:\/\/herbastore.sk\/wp-content\/uploads\/2024\/09\/formula-1-kiegyensulyozott-shake-mix-kremes-vanilia-550g.jpg","type":"image\/jpeg"}],"twitter_card":"summary_large_image","twitter_misc":{"Becs\u00fclt olvas\u00e1si id\u0151":"3 perc"},"schema":{"@context":"https:\/\/schema.org","@graph":[{"@type":"WebPage","@id":"https:\/\/herbastore.sk\/hu\/termekek\/legkeresettebb-termekek\/formula-1-koktel\/","url":"https:\/\/herbastore.sk\/hu\/termekek\/legkeresettebb-termekek\/formula-1-koktel\/","name":"Herbalife Formula 1 kokt\u00e9l 550 g - herbastore","isPartOf":{"@id":"https:\/\/herbastore.sk\/hu\/#website"},"primaryImageOfPage":{"@id":"https:\/\/herbastore.sk\/hu\/termekek\/legkeresettebb-termekek\/formula-1-koktel\/#primaryimage"},"image":{"@id":"https:\/\/herbastore.sk\/hu\/termekek\/legkeresettebb-termekek\/formula-1-koktel\/#primaryimage"},"thumbnailUrl":"https:\/\/herbastore.sk\/wp-content\/uploads\/2024\/09\/formula-1-kiegyensulyozott-shake-mix-kremes-vanilia-550g.jpg","datePublished":"2023-10-20T19:48:45+00:00","dateModified":"2026-01-25T17:45:26+00:00","description":"A Herbalife Formula 1 egy gazdag \u00e9s kr\u00e9mes kokt\u00e9l, amelyet m\u00e1sodpercek alatt elk\u00e9sz\u00edthet! Okos \u00e9s eg\u00e9szs\u00e9ges v\u00e1laszt\u00e1s reggelire, eb\u00e9dre vagy vacsor\u00e1ra.","breadcrumb":{"@id":"https:\/\/herbastore.sk\/hu\/termekek\/legkeresettebb-termekek\/formula-1-koktel\/#breadcrumb"},"inLanguage":"hu","potentialAction":[{"@type":"ReadAction","target":["https:\/\/herbastore.sk\/hu\/termekek\/legkeresettebb-termekek\/formula-1-koktel\/"]}]},{"@type":"ImageObject","inLanguage":"hu","@id":"https:\/\/herbastore.sk\/hu\/termekek\/legkeresettebb-termekek\/formula-1-koktel\/#primaryimage","url":"https:\/\/herbastore.sk\/wp-content\/uploads\/2024\/09\/formula-1-kiegyensulyozott-shake-mix-kremes-vanilia-550g.jpg","contentUrl":"https:\/\/herbastore.sk\/wp-content\/uploads\/2024\/09\/formula-1-kiegyensulyozott-shake-mix-kremes-vanilia-550g.jpg","width":534,"height":800,"caption":"Formula 1 Kiegyens\u00falyozott shake mix Kr\u00e9mes van\u00edlia"},{"@type":"BreadcrumbList","@id":"https:\/\/herbastore.sk\/hu\/termekek\/legkeresettebb-termekek\/formula-1-koktel\/#breadcrumb","itemListElement":[{"@type":"ListItem","position":1,"name":"Home","item":"https:\/\/herbastore.sk\/hu\/"},{"@type":"ListItem","position":2,"name":"Term\u00e9kek","item":"https:\/\/herbastore.sk\/hu\/termekek\/"},{"@type":"ListItem","position":3,"name":"Formula 1 kokt\u00e9l"}]},{"@type":"WebSite","@id":"https:\/\/herbastore.sk\/hu\/#website","url":"https:\/\/herbastore.sk\/hu\/","name":"herbastore","description":"Produkty Herbalife z pohodlia v\u00e1\u0161ho domova","publisher":{"@id":"https:\/\/herbastore.sk\/hu\/#organization"},"potentialAction":[{"@type":"SearchAction","target":{"@type":"EntryPoint","urlTemplate":"https:\/\/herbastore.sk\/hu\/?s={search_term_string}"},"query-input":{"@type":"PropertyValueSpecification","valueRequired":true,"valueName":"search_term_string"}}],"inLanguage":"hu"},{"@type":"Organization","@id":"https:\/\/herbastore.sk\/hu\/#organization","name":"herbastore.sk","url":"https:\/\/herbastore.sk\/hu\/","logo":{"@type":"ImageObject","inLanguage":"hu","@id":"https:\/\/herbastore.sk\/hu\/#\/schema\/logo\/image\/","url":"https:\/\/herbastore.sk\/wp-content\/uploads\/2018\/11\/herbastore-ikona.png","contentUrl":"https:\/\/herbastore.sk\/wp-content\/uploads\/2018\/11\/herbastore-ikona.png","width":512,"height":512,"caption":"herbastore.sk"},"image":{"@id":"https:\/\/herbastore.sk\/hu\/#\/schema\/logo\/image\/"},"sameAs":["https:\/\/www.facebook.com\/herbastoresk\/","https:\/\/www.instagram.com\/herbastore.sk\/"]}]}},"_links":{"self":[{"href":"https:\/\/herbastore.sk\/hu\/wp-json\/wp\/v2\/product\/23002","targetHints":{"allow":["GET"]}}],"collection":[{"href":"https:\/\/herbastore.sk\/hu\/wp-json\/wp\/v2\/product"}],"about":[{"href":"https:\/\/herbastore.sk\/hu\/wp-json\/wp\/v2\/types\/product"}],"replies":[{"embeddable":true,"href":"https:\/\/herbastore.sk\/hu\/wp-json\/wp\/v2\/comments?post=23002"}],"wp:featuredmedia":[{"embeddable":true,"href":"https:\/\/herbastore.sk\/hu\/wp-json\/wp\/v2\/media\/27237"}],"wp:attachment":[{"href":"https:\/\/herbastore.sk\/hu\/wp-json\/wp\/v2\/media?parent=23002"}],"wp:term":[{"taxonomy":"product_brand","embeddable":true,"href":"https:\/\/herbastore.sk\/hu\/wp-json\/wp\/v2\/product_brand?post=23002"},{"taxonomy":"product_cat","embeddable":true,"href":"https:\/\/herbastore.sk\/hu\/wp-json\/wp\/v2\/product_cat?post=23002"},{"taxonomy":"product_tag","embeddable":true,"href":"https:\/\/herbastore.sk\/hu\/wp-json\/wp\/v2\/product_tag?post=23002"}],"curies":[{"name":"wp","href":"https:\/\/api.w.org\/{rel}","templated":true}]}}