{"id":28638,"date":"2025-02-18T00:01:43","date_gmt":"2025-02-17T23:01:43","guid":{"rendered":"https:\/\/herbastore.sk\/?page_id=28638"},"modified":"2025-03-12T22:50:03","modified_gmt":"2025-03-12T21:50:03","slug":"szallitas-es-fizetes","status":"publish","type":"page","link":"https:\/\/herbastore.sk\/hu\/szallitas-es-fizetes\/","title":{"rendered":"Sz\u00e1ll\u00edt\u00e1s \u00e9s fizet\u00e9s"},"content":{"rendered":"\n\t<section class=\"section dark\" id=\"section_1873476117\">\n\t\t<div class=\"section-bg fill\" >\n\t\t\t<img loading=\"lazy\" decoding=\"async\" width=\"1440\" height=\"250\" src=\"https:\/\/herbastore.sk\/wp-content\/uploads\/2019\/01\/trianglify-2.svg\" class=\"bg attachment- size-\" alt=\"\" \/>\t\t\t\t\t\t\n\t\t\t\n\n\t\t<\/div>\n\n\t\t\n\n\t\t<div class=\"section-content relative\">\n\t\t\t\n<div class=\"row\"  id=\"row-2107472158\">\n\n\t<div id=\"col-386135035\" class=\"col small-12 large-12\"  >\n\t\t\t\t<div class=\"col-inner text-center\"  >\n\t\t\t\n\t\t\t\n<h1 style=\"font-size: 200%;\">Sz\u00e1ll\u00edt\u00e1s \u00e9s fizet\u00e9s<\/h1>\n\t\t<\/div>\n\t\t\t\t\n<style>\n#col-386135035 > .col-inner {\n  padding: 20px 0px 0px 0px;\n}\n<\/style>\n\t<\/div>\n\n\t\n<\/div>\n\t\t<\/div>\n\n\t\t\n<style>\n#section_1873476117 {\n  padding-top: 60px;\n  padding-bottom: 60px;\n  background-color: rgb(244, 244, 244);\n}\n#section_1873476117 .section-bg img {\n  object-position: 50% 0%;\n}\n<\/style>\n\t<\/section>\n\t\n\n\t<section class=\"section\" id=\"section_1390590988\">\n\t\t<div class=\"section-bg fill\" >\n\t\t\t\t\t\t\t\t\t\n\t\t\t\n\n\t\t<\/div>\n\n\t\t\n\n\t\t<div class=\"section-content relative\">\n\t\t\t\n<div class=\"row align-center\"  id=\"row-1770351200\">\n\n\t<div id=\"col-767099097\" class=\"col medium-10 small-12 large-10\"  >\n\t\t\t\t<div class=\"col-inner\"  >\n\t\t\t\n\t\t\t\n<div class=\"row align-equal\"  id=\"row-293913568\">\n\n\t<div id=\"col-1043124218\" class=\"col small-12 large-12\"  >\n\t\t\t\t<div class=\"col-inner text-left\"  >\n\t\t\t\n\t\t\t\n<div class=\"container section-title-container\" ><h2 class=\"section-title section-title-normal\"><b aria-hidden=\"true\"><\/b><span class=\"section-title-main\" >SZ\u00c1LL\u00cdT\u00c1SI LEHET\u0150S\u00c9GEK<\/span><b aria-hidden=\"true\"><\/b><\/h2><\/div>\n<div class=\"row\"  id=\"row-1951145442\">\n\n\t<div id=\"col-608115347\" class=\"col small-12 large-12\"  >\n\t\t\t\t<div class=\"col-inner\"  >\n\t\t\t\n\t\t\t\n<p class=\"zvyraznenie\"><strong>Ingyenes kisz\u00e1ll\u00edt\u00e1s minden rendel\u00e9sre!<\/strong><\/p>\n\t\t<\/div>\n\t\t\t\t\t<\/div>\n\n\t\n<\/div>\n<div class=\"row\"  id=\"row-611344081\">\n\n\t<div id=\"col-200207972\" class=\"col small-12 large-12\"  >\n\t\t\t\t<div class=\"col-inner\"  >\n\t\t\t\n\t\t\t\n<h3>DPD fut\u00e1r<\/h3>\n\t\t<\/div>\n\t\t\t\t\t<\/div>\n\n\t\n<\/div>\n<div class=\"row align-middle\"  id=\"row-1836446106\">\n\n\t<div id=\"col-740198182\" class=\"col medium-2 small-12 large-2\"  >\n\t\t\t\t<div class=\"col-inner text-center\"  >\n\t\t\t\n\t\t\t\n\t<div id=\"gap-2140322052\" class=\"gap-element clearfix\" style=\"display:block; height:auto;\">\n\t\t\n<style>\n#gap-2140322052 {\n  padding-top: 10px;\n}\n<\/style>\n\t<\/div>\n\t\n\t<div class=\"img has-hover x md-x lg-x y md-y lg-y\" id=\"image_132650900\">\n\t\t\t\t\t\t\t\t<div class=\"img-inner dark\" >\n\t\t\t<img loading=\"lazy\" decoding=\"async\" width=\"510\" height=\"227\" src=\"https:\/\/herbastore.sk\/wp-content\/uploads\/2018\/12\/DPD-logo.png\" class=\"attachment-large size-large\" alt=\"DPD logo\" srcset=\"https:\/\/herbastore.sk\/wp-content\/uploads\/2018\/12\/DPD-logo.png 510w, https:\/\/herbastore.sk\/wp-content\/uploads\/2018\/12\/DPD-logo-267x119.png 267w, https:\/\/herbastore.sk\/wp-content\/uploads\/2018\/12\/DPD-logo-500x223.png 500w\" sizes=\"auto, (max-width: 510px) 100vw, 510px\" \/>\t\t\t\t\t\t\n\t\t\t\t\t<\/div>\n\t\t\t\t\t\t\t\t\n<style>\n#image_132650900 {\n  width: 40%;\n}\n@media (min-width:550px) {\n  #image_132650900 {\n    width: 100%;\n  }\n}\n<\/style>\n\t<\/div>\n\t\n\t\t<\/div>\n\t\t\t\t\t<\/div>\n\n\t\n\n\t<div id=\"col-1539317172\" class=\"col medium-10 small-12 large-10\"  >\n\t\t\t\t<div class=\"col-inner\"  >\n\t\t\t\n\t\t\t\n<p><strong>Sz\u00e1ll\u00edt\u00e1si id\u0151:<\/strong><\/p>\n<p>A h\u00e9tf\u0151t\u0151l p\u00e9ntekig 14:00 \u00f3r\u00e1ig leadott megrendel\u00e9seket legk\u00e9s\u0151bb 2 munkanapon bel\u00fcl kisz\u00e1ll\u00edtja a DPD.<\/p>\n<p><strong>Sz\u00e1ll\u00edt\u00e1s:<\/strong><\/p>\n<p>Megrendel\u00e9s\u00e9t a DPD fut\u00e1rszolg\u00e1lat sz\u00e1ll\u00edtja ki \u00d6nnek. El\u0151zetesen felvessz\u00fck \u00d6nnel a kapcsolatot e-mailben \u00e9s SMS-ben, hogy esetleg az \u00d6nnek legmegfelel\u0151bb id\u0151ben tudjon egyeztetni a fut\u00e1rral.<\/p>\n\t\t<\/div>\n\t\t\t\t\t<\/div>\n\n\t\n<\/div>\n<div class=\"container section-title-container\" ><h2 class=\"section-title section-title-normal\"><b aria-hidden=\"true\"><\/b><span class=\"section-title-main\" >Fizet\u00e9si lehet\u0151s\u00e9gek<\/span><b aria-hidden=\"true\"><\/b><\/h2><\/div>\n<div class=\"row\"  id=\"row-1566401527\">\n\n\t<div id=\"col-934203624\" class=\"col small-12 large-12\"  >\n\t\t\t\t<div class=\"col-inner\"  >\n\t\t\t\n\t\t\t\n<h3>Online k\u00e1rty\u00e1s fizet\u00e9s<\/h3>\n\t\t<\/div>\n\t\t\t\t\t<\/div>\n\n\t\n<\/div>\n<div class=\"row align-middle\"  id=\"row-673452950\">\n\n\t<div id=\"col-374685435\" class=\"col medium-2 small-12 large-2\"  >\n\t\t\t\t<div class=\"col-inner text-center\"  >\n\t\t\t\n\t\t\t\n\t<div id=\"gap-1852544207\" class=\"gap-element clearfix\" style=\"display:block; height:auto;\">\n\t\t\n<style>\n#gap-1852544207 {\n  padding-top: 10px;\n}\n<\/style>\n\t<\/div>\n\t\n\t<div class=\"img has-hover x md-x lg-x y md-y lg-y\" id=\"image_1473525690\">\n\t\t\t\t\t\t\t\t<div class=\"img-inner dark\" >\n\t\t\t<img loading=\"lazy\" decoding=\"async\" width=\"499\" height=\"496\" src=\"https:\/\/herbastore.sk\/wp-content\/uploads\/2019\/08\/Visa-mastercard-logo.png\" class=\"attachment-large size-large\" alt=\"Visa mastercard logo\" srcset=\"https:\/\/herbastore.sk\/wp-content\/uploads\/2019\/08\/Visa-mastercard-logo.png 499w, https:\/\/herbastore.sk\/wp-content\/uploads\/2019\/08\/Visa-mastercard-logo-267x265.png 267w, https:\/\/herbastore.sk\/wp-content\/uploads\/2019\/08\/Visa-mastercard-logo-100x100.png 100w, https:\/\/herbastore.sk\/wp-content\/uploads\/2019\/08\/Visa-mastercard-logo-402x400.png 402w\" sizes=\"auto, (max-width: 499px) 100vw, 499px\" \/>\t\t\t\t\t\t\n\t\t\t\t\t<\/div>\n\t\t\t\t\t\t\t\t\n<style>\n#image_1473525690 {\n  width: 40%;\n}\n@media (min-width:550px) {\n  #image_1473525690 {\n    width: 100%;\n  }\n}\n<\/style>\n\t<\/div>\n\t\n\t\t<\/div>\n\t\t\t\t\t<\/div>\n\n\t\n\n\t<div id=\"col-393428670\" class=\"col medium-10 small-12 large-10\"  >\n\t\t\t\t<div class=\"col-inner text-left\"  >\n\t\t\t\n\t\t\t\n<p>A megrendel\u00e9sek gyors \u00e9s biztons\u00e1gos kifizet\u00e9se bankk\u00e1rty\u00e1val (hitel- vagy debit) az interneten kereszt\u00fcl a\u00a0<a href=\"https:\/\/stripe.com\/en-hu\" target=\"_blank\" rel=\"noopener\">Stripe<\/a> fizet\u00e9si \u00e1tj\u00e1r\u00f3n kereszt\u00fcl. Fizetni VISA, VISA Electron, MasterCard \u00e9s Maestro k\u00e1rty\u00e1kkal lehet.<\/p>\n<p>A fizet\u00e9s ut\u00e1n v\u00e1rjon 3-4 m\u00e1sodpercet, hogy a fizet\u00e9s megfelel\u0151en feldolgoz\u00e1sra ker\u00fclj\u00f6n. A fizet\u00e9sr\u0151l azonnal t\u00e1j\u00e9koztat\u00e1st kapunk, \u00e9s azonnal feldolgozzuk megrendel\u00e9s\u00e9t.<\/p>\n\t\t<\/div>\n\t\t\t\t\t<\/div>\n\n\t\n<\/div>\n\t\t<\/div>\n\t\t\t\t\n<style>\n#col-1043124218 > .col-inner {\n  border-radius: 10px;\n}\n<\/style>\n\t<\/div>\n\n\t\n\n<style>\n#row-293913568 > .col > .col-inner {\n  padding: 40px 30px 40px 30px;\n  background-color: rgb(255,255,255);\n}\n@media (min-width:550px) {\n  #row-293913568 > .col > .col-inner {\n    padding: 60px 80px 40px 80px;\n  }\n}\n<\/style>\n<\/div>\n\t\t<\/div>\n\t\t\t\t\n<style>\n#col-767099097 > .col-inner {\n  margin: -80px 0px 0px 0px;\n}\n<\/style>\n\t<\/div>\n\n\t\n<\/div>\n\t\t<\/div>\n\n\t\t\n<style>\n#section_1390590988 {\n  padding-top: 30px;\n  padding-bottom: 30px;\n  background-color: rgb(245, 242, 240);\n}\n<\/style>\n\t<\/section>\n\t\n","protected":false},"excerpt":{"rendered":"","protected":false},"author":1,"featured_media":0,"parent":0,"menu_order":0,"comment_status":"closed","ping_status":"closed","template":"page-blank.php","meta":{"inline_featured_image":false,"footnotes":""},"class_list":["post-28638","page","type-page","status-publish","hentry"],"yoast_head":"<!-- This site is optimized with the Yoast SEO plugin v26.8 - https:\/\/yoast.com\/product\/yoast-seo-wordpress\/ -->\n<title>Sz\u00e1ll\u00edt\u00e1s \u00e9s fizet\u00e9s - herbastore<\/title>\n<meta name=\"robots\" content=\"index, follow, max-snippet:-1, max-image-preview:large, max-video-preview:-1\" \/>\n<link rel=\"canonical\" href=\"https:\/\/herbastore.sk\/hu\/szallitas-es-fizetes\/\" \/>\n<meta property=\"og:locale\" content=\"hu_HU\" \/>\n<meta property=\"og:type\" content=\"article\" \/>\n<meta property=\"og:title\" content=\"Sz\u00e1ll\u00edt\u00e1s \u00e9s fizet\u00e9s - herbastore\" \/>\n<meta property=\"og:url\" content=\"https:\/\/herbastore.sk\/hu\/szallitas-es-fizetes\/\" \/>\n<meta property=\"og:site_name\" content=\"herbastore\" \/>\n<meta property=\"article:publisher\" content=\"https:\/\/www.facebook.com\/herbastoresk\/\" \/>\n<meta property=\"article:modified_time\" content=\"2025-03-12T21:50:03+00:00\" \/>\n<meta name=\"twitter:card\" content=\"summary_large_image\" \/>\n<meta name=\"twitter:label1\" content=\"Becs\u00fclt olvas\u00e1si id\u0151\" \/>\n\t<meta name=\"twitter:data1\" content=\"1 perc\" \/>\n<script type=\"application\/ld+json\" class=\"yoast-schema-graph\">{\"@context\":\"https:\/\/schema.org\",\"@graph\":[{\"@type\":\"WebPage\",\"@id\":\"https:\/\/herbastore.sk\/hu\/szallitas-es-fizetes\/\",\"url\":\"https:\/\/herbastore.sk\/hu\/szallitas-es-fizetes\/\",\"name\":\"Sz\u00e1ll\u00edt\u00e1s \u00e9s fizet\u00e9s - herbastore\",\"isPartOf\":{\"@id\":\"https:\/\/herbastore.sk\/hu\/#website\"},\"datePublished\":\"2025-02-17T23:01:43+00:00\",\"dateModified\":\"2025-03-12T21:50:03+00:00\",\"breadcrumb\":{\"@id\":\"https:\/\/herbastore.sk\/hu\/szallitas-es-fizetes\/#breadcrumb\"},\"inLanguage\":\"hu\",\"potentialAction\":[{\"@type\":\"ReadAction\",\"target\":[\"https:\/\/herbastore.sk\/hu\/szallitas-es-fizetes\/\"]}]},{\"@type\":\"BreadcrumbList\",\"@id\":\"https:\/\/herbastore.sk\/hu\/szallitas-es-fizetes\/#breadcrumb\",\"itemListElement\":[{\"@type\":\"ListItem\",\"position\":1,\"name\":\"Home\",\"item\":\"https:\/\/herbastore.sk\/hu\/\"},{\"@type\":\"ListItem\",\"position\":2,\"name\":\"Sz\u00e1ll\u00edt\u00e1s \u00e9s fizet\u00e9s\"}]},{\"@type\":\"WebSite\",\"@id\":\"https:\/\/herbastore.sk\/hu\/#website\",\"url\":\"https:\/\/herbastore.sk\/hu\/\",\"name\":\"herbastore\",\"description\":\"Produkty Herbalife z pohodlia v\u00e1\u0161ho domova\",\"publisher\":{\"@id\":\"https:\/\/herbastore.sk\/hu\/#organization\"},\"potentialAction\":[{\"@type\":\"SearchAction\",\"target\":{\"@type\":\"EntryPoint\",\"urlTemplate\":\"https:\/\/herbastore.sk\/hu\/?s={search_term_string}\"},\"query-input\":{\"@type\":\"PropertyValueSpecification\",\"valueRequired\":true,\"valueName\":\"search_term_string\"}}],\"inLanguage\":\"hu\"},{\"@type\":\"Organization\",\"@id\":\"https:\/\/herbastore.sk\/hu\/#organization\",\"name\":\"herbastore.sk\",\"url\":\"https:\/\/herbastore.sk\/hu\/\",\"logo\":{\"@type\":\"ImageObject\",\"inLanguage\":\"hu\",\"@id\":\"https:\/\/herbastore.sk\/hu\/#\/schema\/logo\/image\/\",\"url\":\"https:\/\/herbastore.sk\/wp-content\/uploads\/2018\/11\/herbastore-ikona.png\",\"contentUrl\":\"https:\/\/herbastore.sk\/wp-content\/uploads\/2018\/11\/herbastore-ikona.png\",\"width\":512,\"height\":512,\"caption\":\"herbastore.sk\"},\"image\":{\"@id\":\"https:\/\/herbastore.sk\/hu\/#\/schema\/logo\/image\/\"},\"sameAs\":[\"https:\/\/www.facebook.com\/herbastoresk\/\",\"https:\/\/www.instagram.com\/herbastore.sk\/\"]}]}<\/script>\n<!-- \/ Yoast SEO plugin. -->","yoast_head_json":{"title":"Sz\u00e1ll\u00edt\u00e1s \u00e9s fizet\u00e9s - herbastore","robots":{"index":"index","follow":"follow","max-snippet":"max-snippet:-1","max-image-preview":"max-image-preview:large","max-video-preview":"max-video-preview:-1"},"canonical":"https:\/\/herbastore.sk\/hu\/szallitas-es-fizetes\/","og_locale":"hu_HU","og_type":"article","og_title":"Sz\u00e1ll\u00edt\u00e1s \u00e9s fizet\u00e9s - herbastore","og_url":"https:\/\/herbastore.sk\/hu\/szallitas-es-fizetes\/","og_site_name":"herbastore","article_publisher":"https:\/\/www.facebook.com\/herbastoresk\/","article_modified_time":"2025-03-12T21:50:03+00:00","twitter_card":"summary_large_image","twitter_misc":{"Becs\u00fclt olvas\u00e1si id\u0151":"1 perc"},"schema":{"@context":"https:\/\/schema.org","@graph":[{"@type":"WebPage","@id":"https:\/\/herbastore.sk\/hu\/szallitas-es-fizetes\/","url":"https:\/\/herbastore.sk\/hu\/szallitas-es-fizetes\/","name":"Sz\u00e1ll\u00edt\u00e1s \u00e9s fizet\u00e9s - herbastore","isPartOf":{"@id":"https:\/\/herbastore.sk\/hu\/#website"},"datePublished":"2025-02-17T23:01:43+00:00","dateModified":"2025-03-12T21:50:03+00:00","breadcrumb":{"@id":"https:\/\/herbastore.sk\/hu\/szallitas-es-fizetes\/#breadcrumb"},"inLanguage":"hu","potentialAction":[{"@type":"ReadAction","target":["https:\/\/herbastore.sk\/hu\/szallitas-es-fizetes\/"]}]},{"@type":"BreadcrumbList","@id":"https:\/\/herbastore.sk\/hu\/szallitas-es-fizetes\/#breadcrumb","itemListElement":[{"@type":"ListItem","position":1,"name":"Home","item":"https:\/\/herbastore.sk\/hu\/"},{"@type":"ListItem","position":2,"name":"Sz\u00e1ll\u00edt\u00e1s \u00e9s fizet\u00e9s"}]},{"@type":"WebSite","@id":"https:\/\/herbastore.sk\/hu\/#website","url":"https:\/\/herbastore.sk\/hu\/","name":"herbastore","description":"Produkty Herbalife z pohodlia v\u00e1\u0161ho domova","publisher":{"@id":"https:\/\/herbastore.sk\/hu\/#organization"},"potentialAction":[{"@type":"SearchAction","target":{"@type":"EntryPoint","urlTemplate":"https:\/\/herbastore.sk\/hu\/?s={search_term_string}"},"query-input":{"@type":"PropertyValueSpecification","valueRequired":true,"valueName":"search_term_string"}}],"inLanguage":"hu"},{"@type":"Organization","@id":"https:\/\/herbastore.sk\/hu\/#organization","name":"herbastore.sk","url":"https:\/\/herbastore.sk\/hu\/","logo":{"@type":"ImageObject","inLanguage":"hu","@id":"https:\/\/herbastore.sk\/hu\/#\/schema\/logo\/image\/","url":"https:\/\/herbastore.sk\/wp-content\/uploads\/2018\/11\/herbastore-ikona.png","contentUrl":"https:\/\/herbastore.sk\/wp-content\/uploads\/2018\/11\/herbastore-ikona.png","width":512,"height":512,"caption":"herbastore.sk"},"image":{"@id":"https:\/\/herbastore.sk\/hu\/#\/schema\/logo\/image\/"},"sameAs":["https:\/\/www.facebook.com\/herbastoresk\/","https:\/\/www.instagram.com\/herbastore.sk\/"]}]}},"_links":{"self":[{"href":"https:\/\/herbastore.sk\/hu\/wp-json\/wp\/v2\/pages\/28638","targetHints":{"allow":["GET"]}}],"collection":[{"href":"https:\/\/herbastore.sk\/hu\/wp-json\/wp\/v2\/pages"}],"about":[{"href":"https:\/\/herbastore.sk\/hu\/wp-json\/wp\/v2\/types\/page"}],"author":[{"embeddable":true,"href":"https:\/\/herbastore.sk\/hu\/wp-json\/wp\/v2\/users\/1"}],"replies":[{"embeddable":true,"href":"https:\/\/herbastore.sk\/hu\/wp-json\/wp\/v2\/comments?post=28638"}],"version-history":[{"count":5,"href":"https:\/\/herbastore.sk\/hu\/wp-json\/wp\/v2\/pages\/28638\/revisions"}],"predecessor-version":[{"id":28890,"href":"https:\/\/herbastore.sk\/hu\/wp-json\/wp\/v2\/pages\/28638\/revisions\/28890"}],"wp:attachment":[{"href":"https:\/\/herbastore.sk\/hu\/wp-json\/wp\/v2\/media?parent=28638"}],"curies":[{"name":"wp","href":"https:\/\/api.w.org\/{rel}","templated":true}]}}