{"id":8055,"date":"2018-10-07T12:20:20","date_gmt":"2020-07-23T19:26:08","guid":{"rendered":"https:\/\/herbastore.sk\/produkty\/nezarazene\/niteworks\/"},"modified":"2025-06-22T20:02:23","modified_gmt":"2025-06-22T18:02:23","slug":"niteworks","status":"publish","type":"product","link":"https:\/\/herbastore.sk\/cs\/produkty\/cilena-vyziva\/niteworks\/","title":{"rendered":"Niteworks"},"content":{"rendered":"<h2>Jak v\u00e1m m\u016f\u017ee Herbalife Niteworks pomoci?<\/h2>\n<p> Herbalife Niteworks je v\u00fd\u017eivov\u00fd dopln\u011bk pro zdrav\u00e9 srdce. Na jeho v\u00fdrobu je pou\u017eit\u00fd v\u011bdeck\u00fd objev stolet\u00ed &#8211; p\u016fsoben\u00ed z\u00e1zra\u010dn\u00e9 molekuly oxidu dusnat\u00e9ho &#8211; zkr\u00e1cen\u011b NO. Oxid dusnat\u00fd je sign\u00e1ln\u00ed molekula, kter\u00e1 se vyskytuje v cel\u00e9m t\u011ble, ale zejm\u00e9na v kardiovaskul\u00e1rn\u00edm a nervov\u00e9m syst\u00e9mu. NO pronik\u00e1 membr\u00e1nami a vys\u00edl\u00e1 konkr\u00e9tn\u00ed zpr\u00e1vy &#8211; biologick\u00e9 sign\u00e1ly, kter\u00e9 reguluj\u00ed bun\u011b\u010dnou \u010dinnost a d\u00e1vaj\u00ed t\u011blu p\u0159\u00edkazy k vykon\u00e1n\u00ed ur\u010dit\u00e9 funkce. Nap\u0159\u00edklad oznamuje c\u00e9v\u00e1m, aby se roz\u0161\u00ed\u0159ily. NO je d\u016fle\u017eitou molekulou v t\u011ble, umo\u017e\u0148uje regulaci krevn\u00edho toku v ka\u017ed\u00e9 \u010d\u00e1sti t\u011bla. Ovliv\u0148uje funkce v\u0161ech org\u00e1n\u016f v t\u011ble. Dok\u00e1\u017ee tak\u00e9 uvolnit c\u00e9vy, sn\u00ed\u017eit krevn\u00ed tlak a omezit nebezpe\u010d\u00ed vzniku srde\u010dn\u00edho infarktu a mozkov\u00e9 mrtvice. <\/p>\n<h2>Zat\u00edmco sp\u00edte, Niteworks pracuje<\/h2>\n<p> Oxid dusnat\u00fd je p\u0159irozen\u011b se vyskytuj\u00edc\u00ed plyn, kter\u00fd organizmus produkuje na podporu norm\u00e1ln\u00ed cirkulace krve v krevn\u00edm ob\u011bhu. Na\u0161e p\u0159irozen\u00e1 hladina oxidu dusnat\u00e9ho je ni\u017e\u0161\u00ed v noci a po dosa\u017een\u00ed v\u011bku 30 let se hladina oxidu dusnat\u00e9ho za\u010d\u00edn\u00e1 postupn\u011b sni\u017eovat.<\/p>\n<div class=\"row\"  id=\"row-1923686863\">\n\n\t<div id=\"col-24984967\" class=\"col medium-1\/2 large-6\"  >\n\t\t\t\t<div class=\"col-inner\"  >\n\t\t\t\n\t\t\t\n<ul>\n<li class=\"bullet-checkmark\">Vysok\u00fd obsah vitam\u00edn\u016f C a E pro ochranu bun\u011bk p\u0159ed oxida\u010dn\u00edm stresem<\/li>\n<li class=\"bullet-checkmark\">Vitamin C p\u0159isp\u00edv\u00e1 k norm\u00e1ln\u00ed tvorb\u011b kolagenu pro norm\u00e1ln\u00ed funkci krevn\u00edch c\u00e9v<\/li>\n<\/ul>\n\t\t<\/div>\n\t\t\t\t\t<\/div>\n\n\t\n\n\t<div id=\"col-827637172\" class=\"col medium-1\/2 large-6\"  >\n\t\t\t\t<div class=\"col-inner\"  >\n\t\t\t\n\t\t\t\n<ul>\n<li class=\"bullet-checkmark\">Vysok\u00fd obsah kyseliny listov\u00e9, kter\u00e1 p\u0159isp\u00edv\u00e1 k norm\u00e1ln\u00ed krvetvorb\u011b a podporuje metabolismus homocysteinu<\/li>\n<li class=\"bullet-checkmark\">Kyselina listov\u00e1 a vitamin C p\u0159isp\u00edvaj\u00ed k redukci \u00fanavy<\/li>\n<\/ul>\n\t\t<\/div>\n\t\t\t\t\t<\/div>\n\n\t\n<\/div>\n<h2>V\u011bda v pozad\u00ed Niteworks<\/h2>\n<blockquote><p>\u201cS postupuj\u00edc\u00edm v\u011bkem si na\u0161e t\u011bla vyr\u00e1b\u011bj\u00ed oxidu dusnat\u00e9ho st\u00e1le m\u00e9n\u011b a m\u00e9n\u011b. Je to logick\u00e9, st\u00e1rneme. Srdce je sval, kter\u00fd se po cel\u00fd n\u00e1\u0161 \u017eivot nezastav\u00ed, nikdy si dokonale neodpo\u010dine. Proto bychom mu m\u011bli pom\u00e1hat a oxid dusnat\u00fd to dok\u00e1\u017ee. Nen\u00ed divu, \u017ee doktor Louis Ignarro dostal za v\u00fdzkum pozitivn\u00edho vlivu L-argininu a L-citrulinu na tvorbu tohoto plynu Nobelovu cenu.\u201d<\/p><\/blockquote>\n<p><strong>Doc. MUDr. Pavel Kohout, PhD.<\/strong>, specialista na klinickou v\u00fd\u017eivu a metabolismus pra\u017esk\u00e9 Thomayerovy nemocnice, \u010dlen mezin\u00e1rodn\u00edho Poradn\u00edho sboru spole\u010dnosti Herbalife pro v\u00fd\u017eivu. <\/p>\n<blockquote><p>\u201cObjev oxidu dusnat\u00e9ho Louisem Ignarrem a role, kterou hraje p\u0159i sni\u017eov\u00e1n\u00ed v\u00fdskytu kardiovaskul\u00e1rn\u00edch onemocn\u011bn\u00ed, je stejn\u011b d\u016fle\u017eit\u00fd, jako byl objev penicilinu a inzulinu.\u201d<\/p><\/blockquote>\n<p><strong>David Heber, M.D., PhD.<\/strong>, \u0159editel UCLA \u2013 Centrum pro lidskou v\u00fd\u017eivu <\/p>\n<h2>D\u00e1vkov\u00e1n\u00ed<\/h2>\n<p> Sm\u00edchejte dv\u011b odm\u011brky pr\u00e1\u0161ku s 250 ml vody nebo d\u017eusu a vypijte ve\u010der p\u0159ed span\u00edm. Herbalife Niteworks je no\u010dn\u00ed v\u00fd\u017eiva vyvinut\u00e1 pro ka\u017ed\u00e9ho, ale p\u0159edev\u0161\u00edm pro lidi star\u0161\u00ed 30 let. <\/p>\n<p style=\"text-align: center;\"><a href=\"https:\/\/herbastore.sk\/wp-content\/uploads\/2018\/10\/Herbalife-niteworks-vyzivova-hodnota.jpg\"><img loading=\"lazy\" decoding=\"async\" class=\"aligncenter size-full wp-image-1720\" src=\"https:\/\/herbastore.sk\/wp-content\/uploads\/2018\/10\/Herbalife-niteworks-vyzivova-hodnota.jpg\" alt=\"Herbalife niteworks vyzivova hodnota\" width=\"1779\" height=\"617\" srcset=\"https:\/\/herbastore.sk\/wp-content\/uploads\/2018\/10\/Herbalife-niteworks-vyzivova-hodnota.jpg 1779w, https:\/\/herbastore.sk\/wp-content\/uploads\/2018\/10\/Herbalife-niteworks-vyzivova-hodnota-267x93.jpg 267w, https:\/\/herbastore.sk\/wp-content\/uploads\/2018\/10\/Herbalife-niteworks-vyzivova-hodnota-534x185.jpg 534w, https:\/\/herbastore.sk\/wp-content\/uploads\/2018\/10\/Herbalife-niteworks-vyzivova-hodnota-800x277.jpg 800w, https:\/\/herbastore.sk\/wp-content\/uploads\/2018\/10\/Herbalife-niteworks-vyzivova-hodnota-1400x486.jpg 1400w, https:\/\/herbastore.sk\/wp-content\/uploads\/2018\/10\/Herbalife-niteworks-vyzivova-hodnota-768x266.jpg 768w, https:\/\/herbastore.sk\/wp-content\/uploads\/2018\/10\/Herbalife-niteworks-vyzivova-hodnota-1536x533.jpg 1536w, https:\/\/herbastore.sk\/wp-content\/uploads\/2018\/10\/Herbalife-niteworks-vyzivova-hodnota-510x177.jpg 510w\" sizes=\"auto, (max-width: 1779px) 100vw, 1779px\" \/><\/a><\/p>\n<p style=\"text-align: center;\"><em>V\u00fd\u017eivov\u00e1 hodnota \u2013 Herbalife Niteworks<\/em><\/p>\n","protected":false},"excerpt":{"rendered":"<p>150 g <div class=\"is-divider divider clearfix\" ><\/div> No\u010dn\u00ed dopln\u011bk stravy s L-argininem, L-citrulinem, vitam\u00edny C, E a kyselinou listovou, kter\u00e1 podporuje tvorbu oxidu dusnat\u00e9ho.<\/p>\n","protected":false},"featured_media":15044,"comment_status":"open","ping_status":"closed","template":"","meta":{"inline_featured_image":false},"product_brand":[],"product_cat":[182],"product_tag":[210],"class_list":{"0":"post-8055","1":"product","2":"type-product","3":"status-publish","4":"has-post-thumbnail","6":"product_cat-cilena-vyziva","7":"product_tag-svalove-krece","9":"first","10":"instock","11":"taxable","12":"shipping-taxable","13":"purchasable","14":"product-type-simple"},"yoast_head":"<!-- This site is optimized with the Yoast SEO plugin v26.8 - https:\/\/yoast.com\/product\/yoast-seo-wordpress\/ -->\n<title>Herbalife Niteworks 150 g - herbastore.sk<\/title>\n<meta name=\"description\" content=\"Herbalife Niteworks je v\u00fd\u017eivov\u00fd dopln\u011bk pro zdrav\u00e9 srdce. Na jeho v\u00fdrobu je pou\u017eit v\u011bdeck\u00fd objev stolet\u00ed - p\u016fsoben\u00ed z\u00e1zra\u010dn\u00e9 molekuly oxidu dusnat\u00e9ho.\" \/>\n<meta name=\"robots\" content=\"index, follow, max-snippet:-1, max-image-preview:large, max-video-preview:-1\" \/>\n<link rel=\"canonical\" href=\"https:\/\/herbastore.sk\/cs\/produkty\/cilena-vyziva\/niteworks\/\" \/>\n<meta property=\"og:locale\" content=\"cs_CZ\" \/>\n<meta property=\"og:type\" content=\"article\" \/>\n<meta property=\"og:title\" content=\"Herbalife Niteworks 150 g - herbastore.sk\" \/>\n<meta property=\"og:description\" content=\"Herbalife Niteworks je v\u00fd\u017eivov\u00fd dopln\u011bk pro zdrav\u00e9 srdce. Na jeho v\u00fdrobu je pou\u017eit v\u011bdeck\u00fd objev stolet\u00ed - p\u016fsoben\u00ed z\u00e1zra\u010dn\u00e9 molekuly oxidu dusnat\u00e9ho.\" \/>\n<meta property=\"og:url\" content=\"https:\/\/herbastore.sk\/cs\/produkty\/cilena-vyziva\/niteworks\/\" \/>\n<meta property=\"og:site_name\" content=\"herbastore\" \/>\n<meta property=\"article:publisher\" content=\"https:\/\/www.facebook.com\/herbastoresk\/\" \/>\n<meta property=\"article:modified_time\" content=\"2025-06-22T18:02:23+00:00\" \/>\n<meta property=\"og:image\" content=\"https:\/\/herbastore.sk\/wp-content\/uploads\/2021\/09\/Herbalife-Niteworks-citron.jpg\" \/>\n\t<meta property=\"og:image:width\" content=\"534\" \/>\n\t<meta property=\"og:image:height\" content=\"800\" \/>\n\t<meta property=\"og:image:type\" content=\"image\/jpeg\" \/>\n<meta name=\"twitter:card\" content=\"summary_large_image\" \/>\n<meta name=\"twitter:label1\" content=\"Odhadovan\u00e1 doba \u010dten\u00ed\" \/>\n\t<meta name=\"twitter:data1\" content=\"2 minuty\" \/>\n<script type=\"application\/ld+json\" class=\"yoast-schema-graph\">{\"@context\":\"https:\/\/schema.org\",\"@graph\":[{\"@type\":\"WebPage\",\"@id\":\"https:\/\/herbastore.sk\/cs\/produkty\/cilena-vyziva\/niteworks\/\",\"url\":\"https:\/\/herbastore.sk\/cs\/produkty\/cilena-vyziva\/niteworks\/\",\"name\":\"Herbalife Niteworks 150 g - herbastore.sk\",\"isPartOf\":{\"@id\":\"https:\/\/herbastore.sk\/cs\/#website\"},\"primaryImageOfPage\":{\"@id\":\"https:\/\/herbastore.sk\/cs\/produkty\/cilena-vyziva\/niteworks\/#primaryimage\"},\"image\":{\"@id\":\"https:\/\/herbastore.sk\/cs\/produkty\/cilena-vyziva\/niteworks\/#primaryimage\"},\"thumbnailUrl\":\"https:\/\/herbastore.sk\/wp-content\/uploads\/2021\/09\/Herbalife-Niteworks-citron.jpg\",\"datePublished\":\"2020-07-23T19:26:08+00:00\",\"dateModified\":\"2025-06-22T18:02:23+00:00\",\"description\":\"Herbalife Niteworks je v\u00fd\u017eivov\u00fd dopln\u011bk pro zdrav\u00e9 srdce. Na jeho v\u00fdrobu je pou\u017eit v\u011bdeck\u00fd objev stolet\u00ed - p\u016fsoben\u00ed z\u00e1zra\u010dn\u00e9 molekuly oxidu dusnat\u00e9ho.\",\"breadcrumb\":{\"@id\":\"https:\/\/herbastore.sk\/cs\/produkty\/cilena-vyziva\/niteworks\/#breadcrumb\"},\"inLanguage\":\"cs\",\"potentialAction\":[{\"@type\":\"ReadAction\",\"target\":[\"https:\/\/herbastore.sk\/cs\/produkty\/cilena-vyziva\/niteworks\/\"]}]},{\"@type\":\"ImageObject\",\"inLanguage\":\"cs\",\"@id\":\"https:\/\/herbastore.sk\/cs\/produkty\/cilena-vyziva\/niteworks\/#primaryimage\",\"url\":\"https:\/\/herbastore.sk\/wp-content\/uploads\/2021\/09\/Herbalife-Niteworks-citron.jpg\",\"contentUrl\":\"https:\/\/herbastore.sk\/wp-content\/uploads\/2021\/09\/Herbalife-Niteworks-citron.jpg\",\"width\":534,\"height\":800,\"caption\":\"Herbalife Niteworks citronova prichut\"},{\"@type\":\"BreadcrumbList\",\"@id\":\"https:\/\/herbastore.sk\/cs\/produkty\/cilena-vyziva\/niteworks\/#breadcrumb\",\"itemListElement\":[{\"@type\":\"ListItem\",\"position\":1,\"name\":\"Home\",\"item\":\"https:\/\/herbastore.sk\/cs\/\"},{\"@type\":\"ListItem\",\"position\":2,\"name\":\"Produkty\",\"item\":\"https:\/\/herbastore.sk\/cs\/produkty\/\"},{\"@type\":\"ListItem\",\"position\":3,\"name\":\"Niteworks\"}]},{\"@type\":\"WebSite\",\"@id\":\"https:\/\/herbastore.sk\/cs\/#website\",\"url\":\"https:\/\/herbastore.sk\/cs\/\",\"name\":\"herbastore\",\"description\":\"Produkty Herbalife z pohodlia v\u00e1\u0161ho domova\",\"publisher\":{\"@id\":\"https:\/\/herbastore.sk\/cs\/#organization\"},\"potentialAction\":[{\"@type\":\"SearchAction\",\"target\":{\"@type\":\"EntryPoint\",\"urlTemplate\":\"https:\/\/herbastore.sk\/cs\/?s={search_term_string}\"},\"query-input\":{\"@type\":\"PropertyValueSpecification\",\"valueRequired\":true,\"valueName\":\"search_term_string\"}}],\"inLanguage\":\"cs\"},{\"@type\":\"Organization\",\"@id\":\"https:\/\/herbastore.sk\/cs\/#organization\",\"name\":\"herbastore.sk\",\"url\":\"https:\/\/herbastore.sk\/cs\/\",\"logo\":{\"@type\":\"ImageObject\",\"inLanguage\":\"cs\",\"@id\":\"https:\/\/herbastore.sk\/cs\/#\/schema\/logo\/image\/\",\"url\":\"https:\/\/herbastore.sk\/wp-content\/uploads\/2018\/11\/herbastore-ikona.png\",\"contentUrl\":\"https:\/\/herbastore.sk\/wp-content\/uploads\/2018\/11\/herbastore-ikona.png\",\"width\":512,\"height\":512,\"caption\":\"herbastore.sk\"},\"image\":{\"@id\":\"https:\/\/herbastore.sk\/cs\/#\/schema\/logo\/image\/\"},\"sameAs\":[\"https:\/\/www.facebook.com\/herbastoresk\/\",\"https:\/\/www.instagram.com\/herbastore.sk\/\"]}]}<\/script>\n<!-- \/ Yoast SEO plugin. -->","yoast_head_json":{"title":"Herbalife Niteworks 150 g - herbastore.sk","description":"Herbalife Niteworks je v\u00fd\u017eivov\u00fd dopln\u011bk pro zdrav\u00e9 srdce. Na jeho v\u00fdrobu je pou\u017eit v\u011bdeck\u00fd objev stolet\u00ed - p\u016fsoben\u00ed z\u00e1zra\u010dn\u00e9 molekuly oxidu dusnat\u00e9ho.","robots":{"index":"index","follow":"follow","max-snippet":"max-snippet:-1","max-image-preview":"max-image-preview:large","max-video-preview":"max-video-preview:-1"},"canonical":"https:\/\/herbastore.sk\/cs\/produkty\/cilena-vyziva\/niteworks\/","og_locale":"cs_CZ","og_type":"article","og_title":"Herbalife Niteworks 150 g - herbastore.sk","og_description":"Herbalife Niteworks je v\u00fd\u017eivov\u00fd dopln\u011bk pro zdrav\u00e9 srdce. Na jeho v\u00fdrobu je pou\u017eit v\u011bdeck\u00fd objev stolet\u00ed - p\u016fsoben\u00ed z\u00e1zra\u010dn\u00e9 molekuly oxidu dusnat\u00e9ho.","og_url":"https:\/\/herbastore.sk\/cs\/produkty\/cilena-vyziva\/niteworks\/","og_site_name":"herbastore","article_publisher":"https:\/\/www.facebook.com\/herbastoresk\/","article_modified_time":"2025-06-22T18:02:23+00:00","og_image":[{"width":534,"height":800,"url":"https:\/\/herbastore.sk\/wp-content\/uploads\/2021\/09\/Herbalife-Niteworks-citron.jpg","type":"image\/jpeg"}],"twitter_card":"summary_large_image","twitter_misc":{"Odhadovan\u00e1 doba \u010dten\u00ed":"2 minuty"},"schema":{"@context":"https:\/\/schema.org","@graph":[{"@type":"WebPage","@id":"https:\/\/herbastore.sk\/cs\/produkty\/cilena-vyziva\/niteworks\/","url":"https:\/\/herbastore.sk\/cs\/produkty\/cilena-vyziva\/niteworks\/","name":"Herbalife Niteworks 150 g - herbastore.sk","isPartOf":{"@id":"https:\/\/herbastore.sk\/cs\/#website"},"primaryImageOfPage":{"@id":"https:\/\/herbastore.sk\/cs\/produkty\/cilena-vyziva\/niteworks\/#primaryimage"},"image":{"@id":"https:\/\/herbastore.sk\/cs\/produkty\/cilena-vyziva\/niteworks\/#primaryimage"},"thumbnailUrl":"https:\/\/herbastore.sk\/wp-content\/uploads\/2021\/09\/Herbalife-Niteworks-citron.jpg","datePublished":"2020-07-23T19:26:08+00:00","dateModified":"2025-06-22T18:02:23+00:00","description":"Herbalife Niteworks je v\u00fd\u017eivov\u00fd dopln\u011bk pro zdrav\u00e9 srdce. Na jeho v\u00fdrobu je pou\u017eit v\u011bdeck\u00fd objev stolet\u00ed - p\u016fsoben\u00ed z\u00e1zra\u010dn\u00e9 molekuly oxidu dusnat\u00e9ho.","breadcrumb":{"@id":"https:\/\/herbastore.sk\/cs\/produkty\/cilena-vyziva\/niteworks\/#breadcrumb"},"inLanguage":"cs","potentialAction":[{"@type":"ReadAction","target":["https:\/\/herbastore.sk\/cs\/produkty\/cilena-vyziva\/niteworks\/"]}]},{"@type":"ImageObject","inLanguage":"cs","@id":"https:\/\/herbastore.sk\/cs\/produkty\/cilena-vyziva\/niteworks\/#primaryimage","url":"https:\/\/herbastore.sk\/wp-content\/uploads\/2021\/09\/Herbalife-Niteworks-citron.jpg","contentUrl":"https:\/\/herbastore.sk\/wp-content\/uploads\/2021\/09\/Herbalife-Niteworks-citron.jpg","width":534,"height":800,"caption":"Herbalife Niteworks citronova prichut"},{"@type":"BreadcrumbList","@id":"https:\/\/herbastore.sk\/cs\/produkty\/cilena-vyziva\/niteworks\/#breadcrumb","itemListElement":[{"@type":"ListItem","position":1,"name":"Home","item":"https:\/\/herbastore.sk\/cs\/"},{"@type":"ListItem","position":2,"name":"Produkty","item":"https:\/\/herbastore.sk\/cs\/produkty\/"},{"@type":"ListItem","position":3,"name":"Niteworks"}]},{"@type":"WebSite","@id":"https:\/\/herbastore.sk\/cs\/#website","url":"https:\/\/herbastore.sk\/cs\/","name":"herbastore","description":"Produkty Herbalife z pohodlia v\u00e1\u0161ho domova","publisher":{"@id":"https:\/\/herbastore.sk\/cs\/#organization"},"potentialAction":[{"@type":"SearchAction","target":{"@type":"EntryPoint","urlTemplate":"https:\/\/herbastore.sk\/cs\/?s={search_term_string}"},"query-input":{"@type":"PropertyValueSpecification","valueRequired":true,"valueName":"search_term_string"}}],"inLanguage":"cs"},{"@type":"Organization","@id":"https:\/\/herbastore.sk\/cs\/#organization","name":"herbastore.sk","url":"https:\/\/herbastore.sk\/cs\/","logo":{"@type":"ImageObject","inLanguage":"cs","@id":"https:\/\/herbastore.sk\/cs\/#\/schema\/logo\/image\/","url":"https:\/\/herbastore.sk\/wp-content\/uploads\/2018\/11\/herbastore-ikona.png","contentUrl":"https:\/\/herbastore.sk\/wp-content\/uploads\/2018\/11\/herbastore-ikona.png","width":512,"height":512,"caption":"herbastore.sk"},"image":{"@id":"https:\/\/herbastore.sk\/cs\/#\/schema\/logo\/image\/"},"sameAs":["https:\/\/www.facebook.com\/herbastoresk\/","https:\/\/www.instagram.com\/herbastore.sk\/"]}]}},"_links":{"self":[{"href":"https:\/\/herbastore.sk\/cs\/wp-json\/wp\/v2\/product\/8055","targetHints":{"allow":["GET"]}}],"collection":[{"href":"https:\/\/herbastore.sk\/cs\/wp-json\/wp\/v2\/product"}],"about":[{"href":"https:\/\/herbastore.sk\/cs\/wp-json\/wp\/v2\/types\/product"}],"replies":[{"embeddable":true,"href":"https:\/\/herbastore.sk\/cs\/wp-json\/wp\/v2\/comments?post=8055"}],"wp:featuredmedia":[{"embeddable":true,"href":"https:\/\/herbastore.sk\/cs\/wp-json\/wp\/v2\/media\/15044"}],"wp:attachment":[{"href":"https:\/\/herbastore.sk\/cs\/wp-json\/wp\/v2\/media?parent=8055"}],"wp:term":[{"taxonomy":"product_brand","embeddable":true,"href":"https:\/\/herbastore.sk\/cs\/wp-json\/wp\/v2\/product_brand?post=8055"},{"taxonomy":"product_cat","embeddable":true,"href":"https:\/\/herbastore.sk\/cs\/wp-json\/wp\/v2\/product_cat?post=8055"},{"taxonomy":"product_tag","embeddable":true,"href":"https:\/\/herbastore.sk\/cs\/wp-json\/wp\/v2\/product_tag?post=8055"}],"curies":[{"name":"wp","href":"https:\/\/api.w.org\/{rel}","templated":true}]}}