{"id":8054,"date":"2018-10-21T20:24:47","date_gmt":"2020-07-23T19:15:11","guid":{"rendered":"https:\/\/herbastore.sk\/produkty\/nezarazene\/cr7-drive\/"},"modified":"2025-03-05T23:38:36","modified_gmt":"2025-03-05T22:38:36","slug":"cr7-drive","status":"publish","type":"product","link":"https:\/\/herbastore.sk\/cs\/produkty\/h24-sportovni-vyziva\/cr7-drive\/","title":{"rendered":"CR7 Drive"},"content":{"rendered":"<p>CR7 Drive je hypotonick\u00fd n\u00e1poj na zlep\u0161en\u00ed hydratace a na zv\u00fd\u0161en\u00ed vytrvalosti.<br \/>\n\t<div id=\"gap-1626813188\" class=\"gap-element clearfix\" style=\"display:block; height:auto;\">\n\t\t\n<style>\n#gap-1626813188 {\n  padding-top: 30px;\n}\n<\/style>\n\t<\/div>\n\t\n<div class=\"row row-boxed\"  id=\"row-1575739883\">\n\n\t<div id=\"col-1400169502\" class=\"col medium-1\/3 large-4\"  >\n\t\t\t\t<div class=\"col-inner\"  >\n\t\t\t\n\t\t\t\n<h3>CR7 Drive podporuje p\u0159\u00edjem tekutin b\u011bhem cvi\u010den\u00ed<\/h3>\n<p> B\u011bhem cvi\u010den\u00ed ztr\u00e1c\u00edte 0,5-2 litry tekutin za hodinu pocen\u00edm. Tato ztr\u00e1ta tekutin je kombinac\u00ed vody a elektrolyt\u016f (nap\u0159. sod\u00edku, drasl\u00edku a ho\u0159\u010d\u00edku). Jeliko\u017e dehydratace vede ke zhor\u0161en\u00e9mu aerobn\u00edmu v\u00fdkonu a zv\u00fd\u0161en\u00ed poci\u0165ovan\u00e9 z\u00e1t\u011b\u017ee, n\u00e1hrada tekutin a elektrolyt\u016f b\u011bhem cvi\u010den\u00ed by m\u011bla b\u00fdt prioritou. V\u00fdzkum ukazuje, \u017ee roztoky uhlovod\u00edk\u016f a elektrolyt\u016f podporuj\u00ed p\u0159\u00edjem vody b\u011bhem cvi\u010den\u00ed, a proto jsou ide\u00e1ln\u00edm \u0159e\u0161en\u00edm b\u011bhem tr\u00e9nink\u016f, zejm\u00e9na p\u0159i cvi\u010den\u00ed v hork\u00e9m po\u010das\u00ed.<\/p>\n\t\t<\/div>\n\t\t\t\t\t<\/div>\n\n\t\n\n\t<div id=\"col-1795658513\" class=\"col medium-1\/3 large-4\"  >\n\t\t\t\t<div class=\"col-inner\"  >\n\t\t\t\n\t\t\t\n<h3>CR7 Drive v\u00e1m pom\u00e1h\u00e1 udr\u017eet si vytrvalostn\u00ed v\u00fdkon b\u011bhem dlouh\u00e9ho cvi\u010den\u00ed<\/h3>\n<p> Dva hlavn\u00ed faktory, kter\u00e9 zp\u016fsobuj\u00ed \u00fanavu b\u011bhem tr\u00e9ninku, jsou vy\u010derp\u00e1n\u00ed uhlovod\u00edkov\u00fdch rezerv t\u011bla a dehydratace v d\u016fsledku ztr\u00e1ty vody a elektrolyt\u016f pocen\u00edm. Toto \u0161kod\u00ed sportovn\u00edmu v\u00fdkonu, zejm\u00e9na b\u011bhem vytrvalostn\u00edch aktivit v hork\u00e9m po\u010das\u00ed a\/nebo ve vysok\u00fdch nadmo\u0159sk\u00fdch v\u00fd\u0161k\u00e1ch. Studie ukazuj\u00ed, \u017ee n\u00e1poje s uhlovod\u00edky a elektrolyty hraj\u00ed roli p\u0159i zachov\u00e1n\u00ed v\u00fdkonu b\u011bhem vytrvalostn\u00edho cvi\u010den\u00ed a ve srovn\u00e1n\u00ed s \u010distou vodou mohou pomoci t\u011blu udr\u017eet si rovnov\u00e1hu tekutin a elektrolyt\u016f.<\/p>\n\t\t<\/div>\n\t\t\t\t\t<\/div>\n\n\t\n\n\t<div id=\"col-235045254\" class=\"col medium-1\/3 large-4\"  >\n\t\t\t\t<div class=\"col-inner\"  >\n\t\t\t\n\t\t\t\n<h3>Regenerace funkce sval\u016f po t\u011b\u017ek\u00e9m tr\u00e9ninku nebo sout\u011b\u017ei<\/h3>\n<p> V\u00edce ne\u017e 75 % kilokalori\u00ed v d\u00e1vce CR7 Drive poch\u00e1z\u00ed z rychle absorp\u010dn\u00edch uhlovod\u00edk\u016f, kter\u00e9 se rychle dostanou do krevn\u00edho ob\u011bhu ve form\u011b gluk\u00f3zy. V\u011bda uk\u00e1zala, \u017ee spot\u0159eba t\u011bchto uhlovod\u00edk\u016f poskytuj\u00edc\u00edch gluk\u00f3zu okam\u017eit\u011b po n\u00e1ro\u010dn\u00e9m cvi\u010den\u00ed m\u016f\u017ee pomoci p\u0159i regeneraci norm\u00e1ln\u00ed funkce sval\u016f. Pozitivn\u00edho \u00fa\u010dinku se dos\u00e1hne p\u0159\u00edjmem uhlovod\u00edk\u016f ze v\u0161ech zdroj\u016f p\u0159i celkov\u00e9m p\u0159\u00edjmu 4 g na kg t\u011blesn\u00e9 hmotnosti v d\u00e1vk\u00e1ch do prvn\u00edch 4 hodin a nejpozd\u011bji do 6 hodin po n\u00e1ro\u010dn\u00e9m cvi\u010den\u00ed.<\/p>\n\t\t<\/div>\n\t\t\t\t\t<\/div>\n\n\t\n<\/div>\n<p><a href=\"https:\/\/herbastore.sk\/wp-content\/uploads\/2018\/10\/CR7-Drive-vyzivova-hodnota.jpg\"><img decoding=\"async\" class=\"aligncenter size-full wp-image-1306\" src=\"https:\/\/herbastore.sk\/wp-content\/uploads\/2018\/10\/CR7-Drive-vyzivova-hodnota.jpg\" alt=\"CR7 D\u0159\u00edve nutri\u010dn\u00ed hodnota\" width=\"600\" height=\"auto\" srcset=\"https:\/\/herbastore.sk\/wp-content\/uploads\/2018\/10\/CR7-Drive-vyzivova-hodnota.jpg 1866w, https:\/\/herbastore.sk\/wp-content\/uploads\/2018\/10\/CR7-Drive-vyzivova-hodnota-267x83.jpg 267w, https:\/\/herbastore.sk\/wp-content\/uploads\/2018\/10\/CR7-Drive-vyzivova-hodnota-534x165.jpg 534w, https:\/\/herbastore.sk\/wp-content\/uploads\/2018\/10\/CR7-Drive-vyzivova-hodnota-800x247.jpg 800w, https:\/\/herbastore.sk\/wp-content\/uploads\/2018\/10\/CR7-Drive-vyzivova-hodnota-1400x433.jpg 1400w, https:\/\/herbastore.sk\/wp-content\/uploads\/2018\/10\/CR7-Drive-vyzivova-hodnota-768x237.jpg 768w, https:\/\/herbastore.sk\/wp-content\/uploads\/2018\/10\/CR7-Drive-vyzivova-hodnota-1536x475.jpg 1536w, https:\/\/herbastore.sk\/wp-content\/uploads\/2018\/10\/CR7-Drive-vyzivova-hodnota-510x158.jpg 510w\" sizes=\"(max-width: 1866px) 100vw, 1866px\" \/><\/a><\/p>\n<p style=\"text-align: center;\"><em>Nutri\u010dn\u00ed hodnota \u2013 CR7 Drive<\/em><\/p>\n","protected":false},"excerpt":{"rendered":"<p>540 g<\/p>\n<div class=\"is-divider divider clearfix\" ><\/div>\n<p>Z\u00edskejte rychle energii nezbytnou na tr\u00e9ninky a zvy\u0161te obsah tekutin v t\u011ble s CR7 Drive!<\/p>\n<p>Chutn\u00fd a ob\u010derstvuj\u00edc\u00ed sacharidovo-elektrolytov\u00fd n\u00e1poj vhodn\u00fd na u\u017eit\u00ed b\u011bhem jak\u00e9koliv sportovn\u00ed aktivity.<\/p>\n<ul>\n<li>S obsahem z\u00e1kladn\u00edch elektrolyt\u016f: 249 mg sod\u00edku a 142 mg ho\u0159\u010d\u00edku v jedn\u00e9 porci<\/li>\n<li>M\u00e9n\u011b ne\u017e 100 kcal na porci, kter\u00e9 pom\u00e1haj\u00ed regulovat p\u0159\u00edjem kalori\u00ed<\/li>\n<li>Bez um\u011bl\u00fdch sladidel<\/li>\n<\/ul>\n","protected":false},"featured_media":15129,"comment_status":"open","ping_status":"closed","template":"","meta":{"inline_featured_image":false},"product_brand":[],"product_cat":[175],"product_tag":[],"class_list":{"0":"post-8054","1":"product","2":"type-product","3":"status-publish","4":"has-post-thumbnail","6":"product_cat-h24-sportovni-vyziva","8":"first","9":"instock","10":"taxable","11":"shipping-taxable","12":"purchasable","13":"product-type-simple"},"yoast_head":"<!-- This site is optimized with the Yoast SEO plugin v26.8 - https:\/\/yoast.com\/product\/yoast-seo-wordpress\/ -->\n<title>Herbalife CR7 Drive 540 g - herbastore.sk<\/title>\n<meta name=\"description\" content=\"CR7 Drive je hypotonick\u00fd n\u00e1poj vyvinut\u00fd ve spolupr\u00e1ci s nejlep\u0161\u00edm fotbalistou planety Cristianem Ronaldem. Zlep\u0161en\u00ed hydratace a zv\u00fd\u0161en\u00ed vytrvalosti.\" \/>\n<meta name=\"robots\" content=\"index, follow, max-snippet:-1, max-image-preview:large, max-video-preview:-1\" \/>\n<link rel=\"canonical\" href=\"https:\/\/herbastore.sk\/cs\/produkty\/h24-sportovni-vyziva\/cr7-drive\/\" \/>\n<meta property=\"og:locale\" content=\"cs_CZ\" \/>\n<meta property=\"og:type\" content=\"article\" \/>\n<meta property=\"og:title\" content=\"Herbalife CR7 Drive 540 g - herbastore.sk\" \/>\n<meta property=\"og:description\" content=\"CR7 Drive je hypotonick\u00fd n\u00e1poj vyvinut\u00fd ve spolupr\u00e1ci s nejlep\u0161\u00edm fotbalistou planety Cristianem Ronaldem. Zlep\u0161en\u00ed hydratace a zv\u00fd\u0161en\u00ed vytrvalosti.\" \/>\n<meta property=\"og:url\" content=\"https:\/\/herbastore.sk\/cs\/produkty\/h24-sportovni-vyziva\/cr7-drive\/\" \/>\n<meta property=\"og:site_name\" content=\"herbastore\" \/>\n<meta property=\"article:publisher\" content=\"https:\/\/www.facebook.com\/herbastoresk\/\" \/>\n<meta property=\"article:modified_time\" content=\"2025-03-05T22:38:36+00:00\" \/>\n<meta property=\"og:image\" content=\"https:\/\/herbastore.sk\/wp-content\/uploads\/2021\/10\/Herbalife-H24-CR7-Drive-acai.jpg\" \/>\n\t<meta property=\"og:image:width\" content=\"534\" \/>\n\t<meta property=\"og:image:height\" content=\"800\" \/>\n\t<meta property=\"og:image:type\" content=\"image\/jpeg\" \/>\n<meta name=\"twitter:card\" content=\"summary_large_image\" \/>\n<meta name=\"twitter:label1\" content=\"Odhadovan\u00e1 doba \u010dten\u00ed\" \/>\n\t<meta name=\"twitter:data1\" content=\"2 minuty\" \/>\n<script type=\"application\/ld+json\" class=\"yoast-schema-graph\">{\"@context\":\"https:\/\/schema.org\",\"@graph\":[{\"@type\":\"WebPage\",\"@id\":\"https:\/\/herbastore.sk\/cs\/produkty\/h24-sportovni-vyziva\/cr7-drive\/\",\"url\":\"https:\/\/herbastore.sk\/cs\/produkty\/h24-sportovni-vyziva\/cr7-drive\/\",\"name\":\"Herbalife CR7 Drive 540 g - herbastore.sk\",\"isPartOf\":{\"@id\":\"https:\/\/herbastore.sk\/cs\/#website\"},\"primaryImageOfPage\":{\"@id\":\"https:\/\/herbastore.sk\/cs\/produkty\/h24-sportovni-vyziva\/cr7-drive\/#primaryimage\"},\"image\":{\"@id\":\"https:\/\/herbastore.sk\/cs\/produkty\/h24-sportovni-vyziva\/cr7-drive\/#primaryimage\"},\"thumbnailUrl\":\"https:\/\/herbastore.sk\/wp-content\/uploads\/2021\/10\/Herbalife-H24-CR7-Drive-acai.jpg\",\"datePublished\":\"2020-07-23T19:15:11+00:00\",\"dateModified\":\"2025-03-05T22:38:36+00:00\",\"description\":\"CR7 Drive je hypotonick\u00fd n\u00e1poj vyvinut\u00fd ve spolupr\u00e1ci s nejlep\u0161\u00edm fotbalistou planety Cristianem Ronaldem. Zlep\u0161en\u00ed hydratace a zv\u00fd\u0161en\u00ed vytrvalosti.\",\"breadcrumb\":{\"@id\":\"https:\/\/herbastore.sk\/cs\/produkty\/h24-sportovni-vyziva\/cr7-drive\/#breadcrumb\"},\"inLanguage\":\"cs\",\"potentialAction\":[{\"@type\":\"ReadAction\",\"target\":[\"https:\/\/herbastore.sk\/cs\/produkty\/h24-sportovni-vyziva\/cr7-drive\/\"]}]},{\"@type\":\"ImageObject\",\"inLanguage\":\"cs\",\"@id\":\"https:\/\/herbastore.sk\/cs\/produkty\/h24-sportovni-vyziva\/cr7-drive\/#primaryimage\",\"url\":\"https:\/\/herbastore.sk\/wp-content\/uploads\/2021\/10\/Herbalife-H24-CR7-Drive-acai.jpg\",\"contentUrl\":\"https:\/\/herbastore.sk\/wp-content\/uploads\/2021\/10\/Herbalife-H24-CR7-Drive-acai.jpg\",\"width\":534,\"height\":800,\"caption\":\"Herbalife H24 CR7 Drive prichut bobuli acai\"},{\"@type\":\"BreadcrumbList\",\"@id\":\"https:\/\/herbastore.sk\/cs\/produkty\/h24-sportovni-vyziva\/cr7-drive\/#breadcrumb\",\"itemListElement\":[{\"@type\":\"ListItem\",\"position\":1,\"name\":\"Home\",\"item\":\"https:\/\/herbastore.sk\/cs\/\"},{\"@type\":\"ListItem\",\"position\":2,\"name\":\"Produkty\",\"item\":\"https:\/\/herbastore.sk\/cs\/produkty\/\"},{\"@type\":\"ListItem\",\"position\":3,\"name\":\"CR7 Drive\"}]},{\"@type\":\"WebSite\",\"@id\":\"https:\/\/herbastore.sk\/cs\/#website\",\"url\":\"https:\/\/herbastore.sk\/cs\/\",\"name\":\"herbastore\",\"description\":\"Produkty Herbalife z pohodlia v\u00e1\u0161ho domova\",\"publisher\":{\"@id\":\"https:\/\/herbastore.sk\/cs\/#organization\"},\"potentialAction\":[{\"@type\":\"SearchAction\",\"target\":{\"@type\":\"EntryPoint\",\"urlTemplate\":\"https:\/\/herbastore.sk\/cs\/?s={search_term_string}\"},\"query-input\":{\"@type\":\"PropertyValueSpecification\",\"valueRequired\":true,\"valueName\":\"search_term_string\"}}],\"inLanguage\":\"cs\"},{\"@type\":\"Organization\",\"@id\":\"https:\/\/herbastore.sk\/cs\/#organization\",\"name\":\"herbastore.sk\",\"url\":\"https:\/\/herbastore.sk\/cs\/\",\"logo\":{\"@type\":\"ImageObject\",\"inLanguage\":\"cs\",\"@id\":\"https:\/\/herbastore.sk\/cs\/#\/schema\/logo\/image\/\",\"url\":\"https:\/\/herbastore.sk\/wp-content\/uploads\/2018\/11\/herbastore-ikona.png\",\"contentUrl\":\"https:\/\/herbastore.sk\/wp-content\/uploads\/2018\/11\/herbastore-ikona.png\",\"width\":512,\"height\":512,\"caption\":\"herbastore.sk\"},\"image\":{\"@id\":\"https:\/\/herbastore.sk\/cs\/#\/schema\/logo\/image\/\"},\"sameAs\":[\"https:\/\/www.facebook.com\/herbastoresk\/\",\"https:\/\/www.instagram.com\/herbastore.sk\/\"]}]}<\/script>\n<!-- \/ Yoast SEO plugin. -->","yoast_head_json":{"title":"Herbalife CR7 Drive 540 g - herbastore.sk","description":"CR7 Drive je hypotonick\u00fd n\u00e1poj vyvinut\u00fd ve spolupr\u00e1ci s nejlep\u0161\u00edm fotbalistou planety Cristianem Ronaldem. Zlep\u0161en\u00ed hydratace a zv\u00fd\u0161en\u00ed vytrvalosti.","robots":{"index":"index","follow":"follow","max-snippet":"max-snippet:-1","max-image-preview":"max-image-preview:large","max-video-preview":"max-video-preview:-1"},"canonical":"https:\/\/herbastore.sk\/cs\/produkty\/h24-sportovni-vyziva\/cr7-drive\/","og_locale":"cs_CZ","og_type":"article","og_title":"Herbalife CR7 Drive 540 g - herbastore.sk","og_description":"CR7 Drive je hypotonick\u00fd n\u00e1poj vyvinut\u00fd ve spolupr\u00e1ci s nejlep\u0161\u00edm fotbalistou planety Cristianem Ronaldem. Zlep\u0161en\u00ed hydratace a zv\u00fd\u0161en\u00ed vytrvalosti.","og_url":"https:\/\/herbastore.sk\/cs\/produkty\/h24-sportovni-vyziva\/cr7-drive\/","og_site_name":"herbastore","article_publisher":"https:\/\/www.facebook.com\/herbastoresk\/","article_modified_time":"2025-03-05T22:38:36+00:00","og_image":[{"width":534,"height":800,"url":"https:\/\/herbastore.sk\/wp-content\/uploads\/2021\/10\/Herbalife-H24-CR7-Drive-acai.jpg","type":"image\/jpeg"}],"twitter_card":"summary_large_image","twitter_misc":{"Odhadovan\u00e1 doba \u010dten\u00ed":"2 minuty"},"schema":{"@context":"https:\/\/schema.org","@graph":[{"@type":"WebPage","@id":"https:\/\/herbastore.sk\/cs\/produkty\/h24-sportovni-vyziva\/cr7-drive\/","url":"https:\/\/herbastore.sk\/cs\/produkty\/h24-sportovni-vyziva\/cr7-drive\/","name":"Herbalife CR7 Drive 540 g - herbastore.sk","isPartOf":{"@id":"https:\/\/herbastore.sk\/cs\/#website"},"primaryImageOfPage":{"@id":"https:\/\/herbastore.sk\/cs\/produkty\/h24-sportovni-vyziva\/cr7-drive\/#primaryimage"},"image":{"@id":"https:\/\/herbastore.sk\/cs\/produkty\/h24-sportovni-vyziva\/cr7-drive\/#primaryimage"},"thumbnailUrl":"https:\/\/herbastore.sk\/wp-content\/uploads\/2021\/10\/Herbalife-H24-CR7-Drive-acai.jpg","datePublished":"2020-07-23T19:15:11+00:00","dateModified":"2025-03-05T22:38:36+00:00","description":"CR7 Drive je hypotonick\u00fd n\u00e1poj vyvinut\u00fd ve spolupr\u00e1ci s nejlep\u0161\u00edm fotbalistou planety Cristianem Ronaldem. Zlep\u0161en\u00ed hydratace a zv\u00fd\u0161en\u00ed vytrvalosti.","breadcrumb":{"@id":"https:\/\/herbastore.sk\/cs\/produkty\/h24-sportovni-vyziva\/cr7-drive\/#breadcrumb"},"inLanguage":"cs","potentialAction":[{"@type":"ReadAction","target":["https:\/\/herbastore.sk\/cs\/produkty\/h24-sportovni-vyziva\/cr7-drive\/"]}]},{"@type":"ImageObject","inLanguage":"cs","@id":"https:\/\/herbastore.sk\/cs\/produkty\/h24-sportovni-vyziva\/cr7-drive\/#primaryimage","url":"https:\/\/herbastore.sk\/wp-content\/uploads\/2021\/10\/Herbalife-H24-CR7-Drive-acai.jpg","contentUrl":"https:\/\/herbastore.sk\/wp-content\/uploads\/2021\/10\/Herbalife-H24-CR7-Drive-acai.jpg","width":534,"height":800,"caption":"Herbalife H24 CR7 Drive prichut bobuli acai"},{"@type":"BreadcrumbList","@id":"https:\/\/herbastore.sk\/cs\/produkty\/h24-sportovni-vyziva\/cr7-drive\/#breadcrumb","itemListElement":[{"@type":"ListItem","position":1,"name":"Home","item":"https:\/\/herbastore.sk\/cs\/"},{"@type":"ListItem","position":2,"name":"Produkty","item":"https:\/\/herbastore.sk\/cs\/produkty\/"},{"@type":"ListItem","position":3,"name":"CR7 Drive"}]},{"@type":"WebSite","@id":"https:\/\/herbastore.sk\/cs\/#website","url":"https:\/\/herbastore.sk\/cs\/","name":"herbastore","description":"Produkty Herbalife z pohodlia v\u00e1\u0161ho domova","publisher":{"@id":"https:\/\/herbastore.sk\/cs\/#organization"},"potentialAction":[{"@type":"SearchAction","target":{"@type":"EntryPoint","urlTemplate":"https:\/\/herbastore.sk\/cs\/?s={search_term_string}"},"query-input":{"@type":"PropertyValueSpecification","valueRequired":true,"valueName":"search_term_string"}}],"inLanguage":"cs"},{"@type":"Organization","@id":"https:\/\/herbastore.sk\/cs\/#organization","name":"herbastore.sk","url":"https:\/\/herbastore.sk\/cs\/","logo":{"@type":"ImageObject","inLanguage":"cs","@id":"https:\/\/herbastore.sk\/cs\/#\/schema\/logo\/image\/","url":"https:\/\/herbastore.sk\/wp-content\/uploads\/2018\/11\/herbastore-ikona.png","contentUrl":"https:\/\/herbastore.sk\/wp-content\/uploads\/2018\/11\/herbastore-ikona.png","width":512,"height":512,"caption":"herbastore.sk"},"image":{"@id":"https:\/\/herbastore.sk\/cs\/#\/schema\/logo\/image\/"},"sameAs":["https:\/\/www.facebook.com\/herbastoresk\/","https:\/\/www.instagram.com\/herbastore.sk\/"]}]}},"_links":{"self":[{"href":"https:\/\/herbastore.sk\/cs\/wp-json\/wp\/v2\/product\/8054","targetHints":{"allow":["GET"]}}],"collection":[{"href":"https:\/\/herbastore.sk\/cs\/wp-json\/wp\/v2\/product"}],"about":[{"href":"https:\/\/herbastore.sk\/cs\/wp-json\/wp\/v2\/types\/product"}],"replies":[{"embeddable":true,"href":"https:\/\/herbastore.sk\/cs\/wp-json\/wp\/v2\/comments?post=8054"}],"wp:featuredmedia":[{"embeddable":true,"href":"https:\/\/herbastore.sk\/cs\/wp-json\/wp\/v2\/media\/15129"}],"wp:attachment":[{"href":"https:\/\/herbastore.sk\/cs\/wp-json\/wp\/v2\/media?parent=8054"}],"wp:term":[{"taxonomy":"product_brand","embeddable":true,"href":"https:\/\/herbastore.sk\/cs\/wp-json\/wp\/v2\/product_brand?post=8054"},{"taxonomy":"product_cat","embeddable":true,"href":"https:\/\/herbastore.sk\/cs\/wp-json\/wp\/v2\/product_cat?post=8054"},{"taxonomy":"product_tag","embeddable":true,"href":"https:\/\/herbastore.sk\/cs\/wp-json\/wp\/v2\/product_tag?post=8054"}],"curies":[{"name":"wp","href":"https:\/\/api.w.org\/{rel}","templated":true}]}}