{"id":8053,"date":"2019-02-02T13:09:04","date_gmt":"2019-02-02T12:09:04","guid":{"rendered":"https:\/\/herbastore.sk\/produkty\/nezarazene\/povzbuzujici-bylinkove-tonikum\/"},"modified":"2024-12-09T08:19:51","modified_gmt":"2024-12-09T07:19:51","slug":"povzbuzujici-bylinkove-tonikum","status":"publish","type":"product","link":"https:\/\/herbastore.sk\/cs\/produkty\/herbalife-skin\/povzbuzujici-bylinkove-tonikum\/","title":{"rendered":"Povzbuzuj\u00edc\u00ed bylinkov\u00e9 tonikum"},"content":{"rendered":"<h2>Herbalife SKIN Povzbuzuj\u00edc\u00ed bylinkov\u00e9 tonikum<\/h2>\n<p> Vlastnosti a \u00fa\u010dinky <\/p>\n<div id=\"row-444923129\" class=\"row\">\n<div id=\"col-628143317\" class=\"col medium-1\/2 large-6\">\n<div class=\"col-inner\">\n<ul>\n<li class=\"bullet-checkmark\">Vhodn\u00e9 pro <strong>v\u0161echny typy pleti<\/strong><\/li>\n<li class=\"bullet-checkmark\">Praktick\u00e9 balen\u00ed ve form\u011b spreje<\/li>\n<li class=\"bullet-checkmark\">Va\u0161e ple\u0165 se bude c\u00edtit sv\u011b\u017e\u00ed a \u010dist\u00e1, nebude such\u00e1 nebo podr\u00e1\u017ed\u011bn\u00e1<\/li>\n<li class=\"bullet-checkmark\">Obsah Aloe vera a dal\u0161\u00edch p\u0159\u00edrodn\u00edch slo\u017eek pom\u00e1h\u00e1 ple\u0165 hydratovat, vy\u017eivovat, resp. tonizovat<\/li>\n<\/ul>\n<\/div>\n<\/div>\n<div id=\"col-702499798\" class=\"col medium-1\/2 large-6\">\n<div class=\"col-inner\">\n<ul>\n<li class=\"bullet-checkmark\">Pou\u017eit\u00ed tonika pom\u00e1h\u00e1 pleti l\u00e9pe vyu\u017e\u00edt \u00fa\u010dinky s\u00e9ra a kr\u00e9mu<\/li>\n<li class=\"bullet-checkmark\">Bylinkov\u00e9 tonikum neobsahuje alkohol, jemn\u011b povzbuzuje va\u0161i ple\u0165<\/li>\n<li class=\"bullet-checkmark\">M\u00e1 p\u0159\u00edjemnou mandarinkovou v\u016fni<\/li>\n<li class=\"bullet-checkmark\">Bez p\u0159idan\u00fdch paraben\u016f, dermatologicky testov\u00e1no<\/li>\n<\/ul>\n<\/div>\n<\/div>\n<\/div>\n<h2>Slo\u017een\u00ed<\/h2>\n<p> Jedine\u010dn\u00e1 receptura obsahuj\u00edc\u00ed mno\u017estv\u00ed p\u0159\u00edrodn\u00edch slo\u017eek, kter\u00e9 jsou nejen kvalitn\u00ed, ale i vysoce \u00fa\u010dinn\u00e9: <\/p>\n<ul>\n<li class=\"bullet-arrow\">Vitam\u00edny E a C &#8211; maj\u00ed omlazovac\u00ed a antioxida\u010dn\u00ed \u00fa\u010dinky<\/li>\n<li class=\"bullet-arrow\">Vitam\u00edn B3<\/li>\n<li class=\"bullet-arrow\">Aloe Vera &#8211; zjem\u0148uje, hydratuje a zklid\u0148uje poko\u017eku<\/li>\n<li class=\"bullet-arrow\">Pottasium Alum &#8211; spolu s Aloe vera podporuje hydrataci a zanech\u00e1v\u00e1 ple\u0165 \u010distou a sv\u011b\u017e\u00ed<\/li>\n<\/ul>\n<h2>Pou\u017eit\u00ed<\/h2>\n<p> V\u00edce informac\u00ed a praktick\u00fdch tip\u016f najdete na podstr\u00e1nce v\u011bnovan\u00e9 v\u00fdhradn\u011b na\u0161im <a href=\"https:\/\/herbastore.sk\/cs\/herbalife-skin-otazky-odpovedi\/\">produktov\u00e9 \u0159ad\u011b Herbalife SKIN<\/a><\/p>\n<ul>\n<li class=\"bullet-arrow\">Bylinkov\u00e9 tonikum pou\u017e\u00edvejte r\u00e1no a ve\u010der po \u010distic\u00edm p\u0159\u00edpravku<\/li>\n<li class=\"bullet-arrow\">Aplikujte na obli\u010dej jako sprej, p\u0159\u00edpadn\u011b na tampon a n\u00e1sledn\u011b si tamponem tonizujte ple\u0165<\/li>\n<li class=\"bullet-arrow\">Pokra\u010dujte <a href=\"https:\/\/herbastore.sk\/cs\/produkty\/herbalife-skin\/serum-pro-redukci-vrasek\/\">s\u00e9rem proti vr\u00e1sk\u00e1m<\/a><\/li>\n<\/ul>\n","protected":false},"excerpt":{"rendered":"<p>50 ml <\/p>\n<div class=\"is-divider divider clearfix\"><\/div>\n<p> Povzbuzuj\u00edc\u00ed bylinkov\u00e9 tonikum s p\u0159\u00edjemnou mandarinkovo-citrusovou v\u016fn\u00ed z kosmetiky Herbalife SKIN zabezpe\u010d\u00ed va\u0161\u00ed pleti dokonalou tonizaci bez ohledu na v\u00e1\u0161 typ pleti. Zanech\u00e1 va\u0161i ple\u0165 \u010distou a sv\u011b\u017e\u00ed.<\/p>\n","protected":false},"featured_media":7449,"comment_status":"open","ping_status":"closed","template":"","meta":{"inline_featured_image":false},"product_brand":[],"product_cat":[178],"product_tag":[203],"class_list":{"0":"post-8053","1":"product","2":"type-product","3":"status-publish","4":"has-post-thumbnail","6":"product_cat-herbalife-skin","7":"product_tag-hezci-plet-a-vlasy","9":"first","10":"outofstock","11":"taxable","12":"shipping-taxable","13":"purchasable","14":"product-type-simple"},"yoast_head":"<!-- This site is optimized with the Yoast SEO plugin v26.8 - https:\/\/yoast.com\/product\/yoast-seo-wordpress\/ -->\n<title>Herbalife SKIN Povzbuzuj\u00edc\u00ed bylinkov\u00e9 tonikum 50 ml - herbastore.sk<\/title>\n<meta name=\"description\" content=\"Bylinkov\u00e9 tonikum zabezpe\u010d\u00ed va\u0161\u00ed pleti dokonalou tonizaci a zanech\u00e1 ji \u010distou a sv\u011b\u017e\u00ed. Vhodn\u00e9 pro v\u0161echny typy pleti. Dermatologicky testov\u00e1no.\" \/>\n<meta name=\"robots\" content=\"index, follow, max-snippet:-1, max-image-preview:large, max-video-preview:-1\" \/>\n<link rel=\"canonical\" href=\"https:\/\/herbastore.sk\/cs\/produkty\/herbalife-skin\/povzbuzujici-bylinkove-tonikum\/\" \/>\n<meta property=\"og:locale\" content=\"cs_CZ\" \/>\n<meta property=\"og:type\" content=\"article\" \/>\n<meta property=\"og:title\" content=\"Herbalife SKIN Povzbuzuj\u00edc\u00ed bylinkov\u00e9 tonikum 50 ml - herbastore.sk\" \/>\n<meta property=\"og:description\" content=\"Bylinkov\u00e9 tonikum zabezpe\u010d\u00ed va\u0161\u00ed pleti dokonalou tonizaci a zanech\u00e1 ji \u010distou a sv\u011b\u017e\u00ed. Vhodn\u00e9 pro v\u0161echny typy pleti. Dermatologicky testov\u00e1no.\" \/>\n<meta property=\"og:url\" content=\"https:\/\/herbastore.sk\/cs\/produkty\/herbalife-skin\/povzbuzujici-bylinkove-tonikum\/\" \/>\n<meta property=\"og:site_name\" content=\"herbastore\" \/>\n<meta property=\"article:publisher\" content=\"https:\/\/www.facebook.com\/herbastoresk\/\" \/>\n<meta property=\"article:modified_time\" content=\"2024-12-09T07:19:51+00:00\" \/>\n<meta property=\"og:image\" content=\"https:\/\/herbastore.sk\/wp-content\/uploads\/2019\/02\/Povzbudzujuce-bylinkove-tonikum.jpg\" \/>\n\t<meta property=\"og:image:width\" content=\"534\" \/>\n\t<meta property=\"og:image:height\" content=\"800\" \/>\n\t<meta property=\"og:image:type\" content=\"image\/jpeg\" \/>\n<meta name=\"twitter:card\" content=\"summary_large_image\" \/>\n<meta name=\"twitter:label1\" content=\"Odhadovan\u00e1 doba \u010dten\u00ed\" \/>\n\t<meta name=\"twitter:data1\" content=\"1 minuta\" \/>\n<script type=\"application\/ld+json\" class=\"yoast-schema-graph\">{\"@context\":\"https:\/\/schema.org\",\"@graph\":[{\"@type\":\"WebPage\",\"@id\":\"https:\/\/herbastore.sk\/cs\/produkty\/herbalife-skin\/povzbuzujici-bylinkove-tonikum\/\",\"url\":\"https:\/\/herbastore.sk\/cs\/produkty\/herbalife-skin\/povzbuzujici-bylinkove-tonikum\/\",\"name\":\"Herbalife SKIN Povzbuzuj\u00edc\u00ed bylinkov\u00e9 tonikum 50 ml - herbastore.sk\",\"isPartOf\":{\"@id\":\"https:\/\/herbastore.sk\/cs\/#website\"},\"primaryImageOfPage\":{\"@id\":\"https:\/\/herbastore.sk\/cs\/produkty\/herbalife-skin\/povzbuzujici-bylinkove-tonikum\/#primaryimage\"},\"image\":{\"@id\":\"https:\/\/herbastore.sk\/cs\/produkty\/herbalife-skin\/povzbuzujici-bylinkove-tonikum\/#primaryimage\"},\"thumbnailUrl\":\"https:\/\/herbastore.sk\/wp-content\/uploads\/2019\/02\/Povzbudzujuce-bylinkove-tonikum.jpg\",\"datePublished\":\"2019-02-02T12:09:04+00:00\",\"dateModified\":\"2024-12-09T07:19:51+00:00\",\"description\":\"Bylinkov\u00e9 tonikum zabezpe\u010d\u00ed va\u0161\u00ed pleti dokonalou tonizaci a zanech\u00e1 ji \u010distou a sv\u011b\u017e\u00ed. Vhodn\u00e9 pro v\u0161echny typy pleti. Dermatologicky testov\u00e1no.\",\"breadcrumb\":{\"@id\":\"https:\/\/herbastore.sk\/cs\/produkty\/herbalife-skin\/povzbuzujici-bylinkove-tonikum\/#breadcrumb\"},\"inLanguage\":\"cs\",\"potentialAction\":[{\"@type\":\"ReadAction\",\"target\":[\"https:\/\/herbastore.sk\/cs\/produkty\/herbalife-skin\/povzbuzujici-bylinkove-tonikum\/\"]}]},{\"@type\":\"ImageObject\",\"inLanguage\":\"cs\",\"@id\":\"https:\/\/herbastore.sk\/cs\/produkty\/herbalife-skin\/povzbuzujici-bylinkove-tonikum\/#primaryimage\",\"url\":\"https:\/\/herbastore.sk\/wp-content\/uploads\/2019\/02\/Povzbudzujuce-bylinkove-tonikum.jpg\",\"contentUrl\":\"https:\/\/herbastore.sk\/wp-content\/uploads\/2019\/02\/Povzbudzujuce-bylinkove-tonikum.jpg\",\"width\":534,\"height\":800,\"caption\":\"Herbalife SKIN povzbuzujici bylinkove tonikum\"},{\"@type\":\"BreadcrumbList\",\"@id\":\"https:\/\/herbastore.sk\/cs\/produkty\/herbalife-skin\/povzbuzujici-bylinkove-tonikum\/#breadcrumb\",\"itemListElement\":[{\"@type\":\"ListItem\",\"position\":1,\"name\":\"Home\",\"item\":\"https:\/\/herbastore.sk\/cs\/\"},{\"@type\":\"ListItem\",\"position\":2,\"name\":\"Produkty\",\"item\":\"https:\/\/herbastore.sk\/cs\/produkty\/\"},{\"@type\":\"ListItem\",\"position\":3,\"name\":\"Povzbuzuj\u00edc\u00ed bylinkov\u00e9 tonikum\"}]},{\"@type\":\"WebSite\",\"@id\":\"https:\/\/herbastore.sk\/cs\/#website\",\"url\":\"https:\/\/herbastore.sk\/cs\/\",\"name\":\"herbastore\",\"description\":\"Produkty Herbalife z pohodlia v\u00e1\u0161ho domova\",\"publisher\":{\"@id\":\"https:\/\/herbastore.sk\/cs\/#organization\"},\"potentialAction\":[{\"@type\":\"SearchAction\",\"target\":{\"@type\":\"EntryPoint\",\"urlTemplate\":\"https:\/\/herbastore.sk\/cs\/?s={search_term_string}\"},\"query-input\":{\"@type\":\"PropertyValueSpecification\",\"valueRequired\":true,\"valueName\":\"search_term_string\"}}],\"inLanguage\":\"cs\"},{\"@type\":\"Organization\",\"@id\":\"https:\/\/herbastore.sk\/cs\/#organization\",\"name\":\"herbastore.sk\",\"url\":\"https:\/\/herbastore.sk\/cs\/\",\"logo\":{\"@type\":\"ImageObject\",\"inLanguage\":\"cs\",\"@id\":\"https:\/\/herbastore.sk\/cs\/#\/schema\/logo\/image\/\",\"url\":\"https:\/\/herbastore.sk\/wp-content\/uploads\/2018\/11\/herbastore-ikona.png\",\"contentUrl\":\"https:\/\/herbastore.sk\/wp-content\/uploads\/2018\/11\/herbastore-ikona.png\",\"width\":512,\"height\":512,\"caption\":\"herbastore.sk\"},\"image\":{\"@id\":\"https:\/\/herbastore.sk\/cs\/#\/schema\/logo\/image\/\"},\"sameAs\":[\"https:\/\/www.facebook.com\/herbastoresk\/\",\"https:\/\/www.instagram.com\/herbastore.sk\/\"]}]}<\/script>\n<!-- \/ Yoast SEO plugin. -->","yoast_head_json":{"title":"Herbalife SKIN Povzbuzuj\u00edc\u00ed bylinkov\u00e9 tonikum 50 ml - herbastore.sk","description":"Bylinkov\u00e9 tonikum zabezpe\u010d\u00ed va\u0161\u00ed pleti dokonalou tonizaci a zanech\u00e1 ji \u010distou a sv\u011b\u017e\u00ed. Vhodn\u00e9 pro v\u0161echny typy pleti. Dermatologicky testov\u00e1no.","robots":{"index":"index","follow":"follow","max-snippet":"max-snippet:-1","max-image-preview":"max-image-preview:large","max-video-preview":"max-video-preview:-1"},"canonical":"https:\/\/herbastore.sk\/cs\/produkty\/herbalife-skin\/povzbuzujici-bylinkove-tonikum\/","og_locale":"cs_CZ","og_type":"article","og_title":"Herbalife SKIN Povzbuzuj\u00edc\u00ed bylinkov\u00e9 tonikum 50 ml - herbastore.sk","og_description":"Bylinkov\u00e9 tonikum zabezpe\u010d\u00ed va\u0161\u00ed pleti dokonalou tonizaci a zanech\u00e1 ji \u010distou a sv\u011b\u017e\u00ed. Vhodn\u00e9 pro v\u0161echny typy pleti. Dermatologicky testov\u00e1no.","og_url":"https:\/\/herbastore.sk\/cs\/produkty\/herbalife-skin\/povzbuzujici-bylinkove-tonikum\/","og_site_name":"herbastore","article_publisher":"https:\/\/www.facebook.com\/herbastoresk\/","article_modified_time":"2024-12-09T07:19:51+00:00","og_image":[{"width":534,"height":800,"url":"https:\/\/herbastore.sk\/wp-content\/uploads\/2019\/02\/Povzbudzujuce-bylinkove-tonikum.jpg","type":"image\/jpeg"}],"twitter_card":"summary_large_image","twitter_misc":{"Odhadovan\u00e1 doba \u010dten\u00ed":"1 minuta"},"schema":{"@context":"https:\/\/schema.org","@graph":[{"@type":"WebPage","@id":"https:\/\/herbastore.sk\/cs\/produkty\/herbalife-skin\/povzbuzujici-bylinkove-tonikum\/","url":"https:\/\/herbastore.sk\/cs\/produkty\/herbalife-skin\/povzbuzujici-bylinkove-tonikum\/","name":"Herbalife SKIN Povzbuzuj\u00edc\u00ed bylinkov\u00e9 tonikum 50 ml - herbastore.sk","isPartOf":{"@id":"https:\/\/herbastore.sk\/cs\/#website"},"primaryImageOfPage":{"@id":"https:\/\/herbastore.sk\/cs\/produkty\/herbalife-skin\/povzbuzujici-bylinkove-tonikum\/#primaryimage"},"image":{"@id":"https:\/\/herbastore.sk\/cs\/produkty\/herbalife-skin\/povzbuzujici-bylinkove-tonikum\/#primaryimage"},"thumbnailUrl":"https:\/\/herbastore.sk\/wp-content\/uploads\/2019\/02\/Povzbudzujuce-bylinkove-tonikum.jpg","datePublished":"2019-02-02T12:09:04+00:00","dateModified":"2024-12-09T07:19:51+00:00","description":"Bylinkov\u00e9 tonikum zabezpe\u010d\u00ed va\u0161\u00ed pleti dokonalou tonizaci a zanech\u00e1 ji \u010distou a sv\u011b\u017e\u00ed. Vhodn\u00e9 pro v\u0161echny typy pleti. Dermatologicky testov\u00e1no.","breadcrumb":{"@id":"https:\/\/herbastore.sk\/cs\/produkty\/herbalife-skin\/povzbuzujici-bylinkove-tonikum\/#breadcrumb"},"inLanguage":"cs","potentialAction":[{"@type":"ReadAction","target":["https:\/\/herbastore.sk\/cs\/produkty\/herbalife-skin\/povzbuzujici-bylinkove-tonikum\/"]}]},{"@type":"ImageObject","inLanguage":"cs","@id":"https:\/\/herbastore.sk\/cs\/produkty\/herbalife-skin\/povzbuzujici-bylinkove-tonikum\/#primaryimage","url":"https:\/\/herbastore.sk\/wp-content\/uploads\/2019\/02\/Povzbudzujuce-bylinkove-tonikum.jpg","contentUrl":"https:\/\/herbastore.sk\/wp-content\/uploads\/2019\/02\/Povzbudzujuce-bylinkove-tonikum.jpg","width":534,"height":800,"caption":"Herbalife SKIN povzbuzujici bylinkove tonikum"},{"@type":"BreadcrumbList","@id":"https:\/\/herbastore.sk\/cs\/produkty\/herbalife-skin\/povzbuzujici-bylinkove-tonikum\/#breadcrumb","itemListElement":[{"@type":"ListItem","position":1,"name":"Home","item":"https:\/\/herbastore.sk\/cs\/"},{"@type":"ListItem","position":2,"name":"Produkty","item":"https:\/\/herbastore.sk\/cs\/produkty\/"},{"@type":"ListItem","position":3,"name":"Povzbuzuj\u00edc\u00ed bylinkov\u00e9 tonikum"}]},{"@type":"WebSite","@id":"https:\/\/herbastore.sk\/cs\/#website","url":"https:\/\/herbastore.sk\/cs\/","name":"herbastore","description":"Produkty Herbalife z pohodlia v\u00e1\u0161ho domova","publisher":{"@id":"https:\/\/herbastore.sk\/cs\/#organization"},"potentialAction":[{"@type":"SearchAction","target":{"@type":"EntryPoint","urlTemplate":"https:\/\/herbastore.sk\/cs\/?s={search_term_string}"},"query-input":{"@type":"PropertyValueSpecification","valueRequired":true,"valueName":"search_term_string"}}],"inLanguage":"cs"},{"@type":"Organization","@id":"https:\/\/herbastore.sk\/cs\/#organization","name":"herbastore.sk","url":"https:\/\/herbastore.sk\/cs\/","logo":{"@type":"ImageObject","inLanguage":"cs","@id":"https:\/\/herbastore.sk\/cs\/#\/schema\/logo\/image\/","url":"https:\/\/herbastore.sk\/wp-content\/uploads\/2018\/11\/herbastore-ikona.png","contentUrl":"https:\/\/herbastore.sk\/wp-content\/uploads\/2018\/11\/herbastore-ikona.png","width":512,"height":512,"caption":"herbastore.sk"},"image":{"@id":"https:\/\/herbastore.sk\/cs\/#\/schema\/logo\/image\/"},"sameAs":["https:\/\/www.facebook.com\/herbastoresk\/","https:\/\/www.instagram.com\/herbastore.sk\/"]}]}},"_links":{"self":[{"href":"https:\/\/herbastore.sk\/cs\/wp-json\/wp\/v2\/product\/8053","targetHints":{"allow":["GET"]}}],"collection":[{"href":"https:\/\/herbastore.sk\/cs\/wp-json\/wp\/v2\/product"}],"about":[{"href":"https:\/\/herbastore.sk\/cs\/wp-json\/wp\/v2\/types\/product"}],"replies":[{"embeddable":true,"href":"https:\/\/herbastore.sk\/cs\/wp-json\/wp\/v2\/comments?post=8053"}],"wp:featuredmedia":[{"embeddable":true,"href":"https:\/\/herbastore.sk\/cs\/wp-json\/wp\/v2\/media\/7449"}],"wp:attachment":[{"href":"https:\/\/herbastore.sk\/cs\/wp-json\/wp\/v2\/media?parent=8053"}],"wp:term":[{"taxonomy":"product_brand","embeddable":true,"href":"https:\/\/herbastore.sk\/cs\/wp-json\/wp\/v2\/product_brand?post=8053"},{"taxonomy":"product_cat","embeddable":true,"href":"https:\/\/herbastore.sk\/cs\/wp-json\/wp\/v2\/product_cat?post=8053"},{"taxonomy":"product_tag","embeddable":true,"href":"https:\/\/herbastore.sk\/cs\/wp-json\/wp\/v2\/product_tag?post=8053"}],"curies":[{"name":"wp","href":"https:\/\/api.w.org\/{rel}","templated":true}]}}