{"id":8049,"date":"2019-02-06T09:52:11","date_gmt":"2019-02-06T08:52:11","guid":{"rendered":"https:\/\/herbastore.sk\/produkty\/nezarazene\/denni-hydratacni-krem\/"},"modified":"2025-03-12T10:50:27","modified_gmt":"2025-03-12T09:50:27","slug":"denni-hydratacni-krem","status":"publish","type":"product","link":"https:\/\/herbastore.sk\/cs\/produkty\/herbalife-skin\/denni-hydratacni-krem\/","title":{"rendered":"Denn\u00ed hydrata\u010dn\u00ed kr\u00e9m"},"content":{"rendered":"<h2>Herbalife SKIN Denn\u00ed hydrata\u010dn\u00ed kr\u00e9m<\/h2>\n<p> Vlastnosti a \u00fa\u010dinky<\/p>\n<div class=\"row\"  id=\"row-1746651394\">\n\n\t<div id=\"col-2106826723\" class=\"col medium-1\/2 large-6\"  >\n\t\t\t\t<div class=\"col-inner\"  >\n\t\t\t\n\t\t\t\n<ul>\n<li class=\"bullet-checkmark\">Napom\u00e1h\u00e1 sn\u00ed\u017eit po\u010det jemn\u00fdch vr\u00e1sek ji\u017e za 7 dn\u00ed<strong>*<\/strong><\/li>\n<li class=\"bullet-checkmark\">Klinick\u00e9 testy uk\u00e1zaly, \u017ee ple\u0165 vypad\u00e1 zdrav\u011bj\u0161\u00ed a na dotek je jemn\u011bj\u0161\u00ed a hlad\u0161\u00ed ji\u017e za sedm dn\u00ed<strong>**<\/strong><\/li>\n<li class=\"bullet-checkmark\">Klinicky prok\u00e1z\u00e1no, \u017ee zdvojn\u00e1sobuje vlhkost pleti po dobu osmi hodin<strong>***<\/strong><\/li>\n<\/ul>\n\t\t<\/div>\n\t\t\t\t\t<\/div>\n\n\t\n\n\t<div id=\"col-1117450914\" class=\"col medium-1\/2 large-6\"  >\n\t\t\t\t<div class=\"col-inner\"  >\n\t\t\t\n\t\t\t\n<ul>\n<li class=\"bullet-checkmark\">Tento produkt je ide\u00e1ln\u00ed na jakoukoliv p\u0159\u00edle\u017eitost, kdy\u017e chcete, aby va\u0161e ple\u0165 vypadala sv\u011b\u017ee a hebce, nebo kdy\u017e ji chcete jen lehce zvlh\u010dit<\/li>\n<li class=\"bullet-checkmark\">V\u00fdborn\u00e9 pro mu\u017ee i \u017eeny a vhodn\u00e9 pro <strong>v\u0161echny typy pleti<\/strong><\/li>\n<li class=\"bullet-checkmark\">Bez p\u0159idan\u00fdch paraben\u016f. Testov\u00e1no dermatologem<\/li>\n<\/ul>\n\t\t<\/div>\n\t\t\t\t\t<\/div>\n\n\t\n<\/div>\n<h2>Slo\u017een\u00ed<\/h2>\n<p> Jedine\u010dn\u00e1 receptura obsahuj\u00edc\u00ed velk\u00e9 mno\u017estv\u00ed p\u0159\u00edrodn\u00edch slo\u017eek, kter\u00e9 jsou nejen kvalitn\u00ed, ale i vysoce \u00fa\u010dinn\u00e9: <\/p>\n<ul>\n<li class=\"bullet-arrow\">Vitam\u00edny E a C &#8211; maj\u00ed omlazovac\u00ed a antioxida\u010dn\u00ed \u00fa\u010dinky<\/li>\n<li class=\"bullet-arrow\">Vitam\u00edn B3<\/li>\n<li class=\"bullet-arrow\">Aloe Vera &#8211; zjem\u0148uje, hydratuje a zklid\u0148uje poko\u017eku<\/li>\n<li class=\"bullet-arrow\">Slune\u010dnicov\u00fd olej<\/li>\n<li class=\"bullet-arrow\">Olej z makadamov\u00fdch o\u0159ech\u016f<\/li>\n<li class=\"bullet-arrow\">Olej ze sezamov\u00fdch sem\u00ednek<\/li>\n<li class=\"bullet-arrow\">V\u00fdta\u017eek z plamatky zelen\u00e9<\/li>\n<li class=\"bullet-arrow\">Olivov\u00fd olej<\/li>\n<\/ul>\n<h2>Pou\u017eit\u00ed<\/h2>\n<p> V\u00edce informac\u00ed a praktick\u00fdch tip\u016f najdete na podstr\u00e1nce v\u011bnovan\u00e9 v\u00fdhradn\u011b na\u0161im <a href=\"https:\/\/herbastore.sk\/cs\/herbalife-skin-otazky-odpovedi\/\">produktov\u00e9 \u0159ad\u011b Herbalife SKIN<\/a><\/p>\n<ul>\n<li class=\"bullet-arrow\">Denn\u00ed hydrata\u010dn\u00ed kr\u00e9m pou\u017e\u00edvejte podle pot\u0159eby r\u00e1no a b\u011bhem dne<\/li>\n<li class=\"bullet-arrow\">Aplikujte na ple\u0165, jemn\u011b vmas\u00edrujte<\/li>\n<\/ul>\n<p><strong>*<\/strong> Klinicky testov\u00e1no na subjektech zji\u0161\u0165uj\u00edc\u00edch drsnost k\u016f\u017ee, m\u011b\u0159eno pomoc\u00ed skeneru Visio a reverzn\u00edho fotoin\u017een\u00fdrstv\u00ed v nulov\u00fdch, sedmidenn\u00edch a 42denn\u00edch intervalech. <strong>**<\/strong> Testov\u00e1no na subjektech, m\u011b\u0159eno odborn\u00fdm viz\u00e1\u017eistou a hodnoceno v intervalech dvou, \u010dty\u0159 a sedmi dn\u016f. <strong>***<\/strong> Testov\u00e1no na subjektech s hydratac\u00ed poko\u017eky m\u011b\u0159enou v osmihodinov\u00fdch intervalech. Ple\u0165 100 % subjekt\u016f vykazovala po osmi hodin\u00e1ch od za\u010d\u00e1tku testov\u00e1n\u00ed dvojn\u00e1sobnou vlhkost.<\/p>\n","protected":false},"excerpt":{"rendered":"<p>50 ml <div class=\"is-divider divider clearfix\" ><\/div> V\u0161estrann\u00fd denn\u00ed hydrata\u010dn\u00ed kr\u00e9m s rozjas\u0148uj\u00edc\u00edmi prvky, kter\u00e9 va\u0161\u00ed pleti dodaj\u00ed zdravou barvu. Ple\u0165 vypad\u00e1 z\u00e1\u0159iv\u011b dokonce i bez make-upu. Dodejte r\u00e1no a b\u011bhem dne pleti to, co opravdu pot\u0159ebuje, aby byla st\u00e1le kr\u00e1sn\u00e1 a z\u00e1\u0159iv\u00e1. Pom\u016f\u017ee v\u00e1m Denn\u00ed hydrata\u010dn\u00ed kr\u00e9m pro v\u0161echny typy pleti z \u0159ady Herbalife SKIN, kter\u00fd krom\u011b redukce vr\u00e1sek va\u0161i ple\u0165 rozjasn\u00ed a dod\u00e1 j\u00ed zdrav\u00fd vzhled.<\/p>\n","protected":false},"featured_media":7451,"comment_status":"open","ping_status":"closed","template":"","meta":{"inline_featured_image":false},"product_brand":[],"product_cat":[178],"product_tag":[203],"class_list":{"0":"post-8049","1":"product","2":"type-product","3":"status-publish","4":"has-post-thumbnail","6":"product_cat-herbalife-skin","7":"product_tag-hezci-plet-a-vlasy","9":"first","10":"outofstock","11":"taxable","12":"shipping-taxable","13":"purchasable","14":"product-type-simple"},"yoast_head":"<!-- This site is optimized with the Yoast SEO plugin v26.8 - https:\/\/yoast.com\/product\/yoast-seo-wordpress\/ -->\n<title>Herbalife SKIN Denn\u00ed hydrata\u010dn\u00ed kr\u00e9m 50 ml - herbastore.sk<\/title>\n<meta name=\"description\" content=\"Denn\u00ed hydrata\u010dn\u00ed prost\u0159edek s rozjas\u0148uj\u00edc\u00edmi prvky dod\u00e1 va\u0161\u00ed pleti zdravou barvu. Ple\u0165 vypad\u00e1 z\u00e1\u0159iv\u011b dokonce i bez make-upu! Testovan\u00fd dermatologem.\" \/>\n<meta name=\"robots\" content=\"index, follow, max-snippet:-1, max-image-preview:large, max-video-preview:-1\" \/>\n<link rel=\"canonical\" href=\"https:\/\/herbastore.sk\/cs\/produkty\/herbalife-skin\/denni-hydratacni-krem\/\" \/>\n<meta property=\"og:locale\" content=\"cs_CZ\" \/>\n<meta property=\"og:type\" content=\"article\" \/>\n<meta property=\"og:title\" content=\"Herbalife SKIN Denn\u00ed hydrata\u010dn\u00ed kr\u00e9m 50 ml - herbastore.sk\" \/>\n<meta property=\"og:description\" content=\"Denn\u00ed hydrata\u010dn\u00ed prost\u0159edek s rozjas\u0148uj\u00edc\u00edmi prvky dod\u00e1 va\u0161\u00ed pleti zdravou barvu. Ple\u0165 vypad\u00e1 z\u00e1\u0159iv\u011b dokonce i bez make-upu! Testovan\u00fd dermatologem.\" \/>\n<meta property=\"og:url\" content=\"https:\/\/herbastore.sk\/cs\/produkty\/herbalife-skin\/denni-hydratacni-krem\/\" \/>\n<meta property=\"og:site_name\" content=\"herbastore\" \/>\n<meta property=\"article:publisher\" content=\"https:\/\/www.facebook.com\/herbastoresk\/\" \/>\n<meta property=\"article:modified_time\" content=\"2025-03-12T09:50:27+00:00\" \/>\n<meta property=\"og:image\" content=\"https:\/\/herbastore.sk\/wp-content\/uploads\/2019\/02\/Denny-hydratacny-krem.jpg\" \/>\n\t<meta property=\"og:image:width\" content=\"534\" \/>\n\t<meta property=\"og:image:height\" content=\"800\" \/>\n\t<meta property=\"og:image:type\" content=\"image\/jpeg\" \/>\n<meta name=\"twitter:card\" content=\"summary_large_image\" \/>\n<meta name=\"twitter:label1\" content=\"Odhadovan\u00e1 doba \u010dten\u00ed\" \/>\n\t<meta name=\"twitter:data1\" content=\"2 minuty\" \/>\n<script type=\"application\/ld+json\" class=\"yoast-schema-graph\">{\"@context\":\"https:\/\/schema.org\",\"@graph\":[{\"@type\":\"WebPage\",\"@id\":\"https:\/\/herbastore.sk\/cs\/produkty\/herbalife-skin\/denni-hydratacni-krem\/\",\"url\":\"https:\/\/herbastore.sk\/cs\/produkty\/herbalife-skin\/denni-hydratacni-krem\/\",\"name\":\"Herbalife SKIN Denn\u00ed hydrata\u010dn\u00ed kr\u00e9m 50 ml - herbastore.sk\",\"isPartOf\":{\"@id\":\"https:\/\/herbastore.sk\/cs\/#website\"},\"primaryImageOfPage\":{\"@id\":\"https:\/\/herbastore.sk\/cs\/produkty\/herbalife-skin\/denni-hydratacni-krem\/#primaryimage\"},\"image\":{\"@id\":\"https:\/\/herbastore.sk\/cs\/produkty\/herbalife-skin\/denni-hydratacni-krem\/#primaryimage\"},\"thumbnailUrl\":\"https:\/\/herbastore.sk\/wp-content\/uploads\/2019\/02\/Denny-hydratacny-krem.jpg\",\"datePublished\":\"2019-02-06T08:52:11+00:00\",\"dateModified\":\"2025-03-12T09:50:27+00:00\",\"description\":\"Denn\u00ed hydrata\u010dn\u00ed prost\u0159edek s rozjas\u0148uj\u00edc\u00edmi prvky dod\u00e1 va\u0161\u00ed pleti zdravou barvu. Ple\u0165 vypad\u00e1 z\u00e1\u0159iv\u011b dokonce i bez make-upu! Testovan\u00fd dermatologem.\",\"breadcrumb\":{\"@id\":\"https:\/\/herbastore.sk\/cs\/produkty\/herbalife-skin\/denni-hydratacni-krem\/#breadcrumb\"},\"inLanguage\":\"cs\",\"potentialAction\":[{\"@type\":\"ReadAction\",\"target\":[\"https:\/\/herbastore.sk\/cs\/produkty\/herbalife-skin\/denni-hydratacni-krem\/\"]}]},{\"@type\":\"ImageObject\",\"inLanguage\":\"cs\",\"@id\":\"https:\/\/herbastore.sk\/cs\/produkty\/herbalife-skin\/denni-hydratacni-krem\/#primaryimage\",\"url\":\"https:\/\/herbastore.sk\/wp-content\/uploads\/2019\/02\/Denny-hydratacny-krem.jpg\",\"contentUrl\":\"https:\/\/herbastore.sk\/wp-content\/uploads\/2019\/02\/Denny-hydratacny-krem.jpg\",\"width\":534,\"height\":800,\"caption\":\"Herbalife SKIN denni hydratacni krem\"},{\"@type\":\"BreadcrumbList\",\"@id\":\"https:\/\/herbastore.sk\/cs\/produkty\/herbalife-skin\/denni-hydratacni-krem\/#breadcrumb\",\"itemListElement\":[{\"@type\":\"ListItem\",\"position\":1,\"name\":\"Home\",\"item\":\"https:\/\/herbastore.sk\/cs\/\"},{\"@type\":\"ListItem\",\"position\":2,\"name\":\"Produkty\",\"item\":\"https:\/\/herbastore.sk\/cs\/produkty\/\"},{\"@type\":\"ListItem\",\"position\":3,\"name\":\"Denn\u00ed hydrata\u010dn\u00ed kr\u00e9m\"}]},{\"@type\":\"WebSite\",\"@id\":\"https:\/\/herbastore.sk\/cs\/#website\",\"url\":\"https:\/\/herbastore.sk\/cs\/\",\"name\":\"herbastore\",\"description\":\"Produkty Herbalife z pohodlia v\u00e1\u0161ho domova\",\"publisher\":{\"@id\":\"https:\/\/herbastore.sk\/cs\/#organization\"},\"potentialAction\":[{\"@type\":\"SearchAction\",\"target\":{\"@type\":\"EntryPoint\",\"urlTemplate\":\"https:\/\/herbastore.sk\/cs\/?s={search_term_string}\"},\"query-input\":{\"@type\":\"PropertyValueSpecification\",\"valueRequired\":true,\"valueName\":\"search_term_string\"}}],\"inLanguage\":\"cs\"},{\"@type\":\"Organization\",\"@id\":\"https:\/\/herbastore.sk\/cs\/#organization\",\"name\":\"herbastore.sk\",\"url\":\"https:\/\/herbastore.sk\/cs\/\",\"logo\":{\"@type\":\"ImageObject\",\"inLanguage\":\"cs\",\"@id\":\"https:\/\/herbastore.sk\/cs\/#\/schema\/logo\/image\/\",\"url\":\"https:\/\/herbastore.sk\/wp-content\/uploads\/2018\/11\/herbastore-ikona.png\",\"contentUrl\":\"https:\/\/herbastore.sk\/wp-content\/uploads\/2018\/11\/herbastore-ikona.png\",\"width\":512,\"height\":512,\"caption\":\"herbastore.sk\"},\"image\":{\"@id\":\"https:\/\/herbastore.sk\/cs\/#\/schema\/logo\/image\/\"},\"sameAs\":[\"https:\/\/www.facebook.com\/herbastoresk\/\",\"https:\/\/www.instagram.com\/herbastore.sk\/\"]}]}<\/script>\n<!-- \/ Yoast SEO plugin. -->","yoast_head_json":{"title":"Herbalife SKIN Denn\u00ed hydrata\u010dn\u00ed kr\u00e9m 50 ml - herbastore.sk","description":"Denn\u00ed hydrata\u010dn\u00ed prost\u0159edek s rozjas\u0148uj\u00edc\u00edmi prvky dod\u00e1 va\u0161\u00ed pleti zdravou barvu. Ple\u0165 vypad\u00e1 z\u00e1\u0159iv\u011b dokonce i bez make-upu! Testovan\u00fd dermatologem.","robots":{"index":"index","follow":"follow","max-snippet":"max-snippet:-1","max-image-preview":"max-image-preview:large","max-video-preview":"max-video-preview:-1"},"canonical":"https:\/\/herbastore.sk\/cs\/produkty\/herbalife-skin\/denni-hydratacni-krem\/","og_locale":"cs_CZ","og_type":"article","og_title":"Herbalife SKIN Denn\u00ed hydrata\u010dn\u00ed kr\u00e9m 50 ml - herbastore.sk","og_description":"Denn\u00ed hydrata\u010dn\u00ed prost\u0159edek s rozjas\u0148uj\u00edc\u00edmi prvky dod\u00e1 va\u0161\u00ed pleti zdravou barvu. Ple\u0165 vypad\u00e1 z\u00e1\u0159iv\u011b dokonce i bez make-upu! Testovan\u00fd dermatologem.","og_url":"https:\/\/herbastore.sk\/cs\/produkty\/herbalife-skin\/denni-hydratacni-krem\/","og_site_name":"herbastore","article_publisher":"https:\/\/www.facebook.com\/herbastoresk\/","article_modified_time":"2025-03-12T09:50:27+00:00","og_image":[{"width":534,"height":800,"url":"https:\/\/herbastore.sk\/wp-content\/uploads\/2019\/02\/Denny-hydratacny-krem.jpg","type":"image\/jpeg"}],"twitter_card":"summary_large_image","twitter_misc":{"Odhadovan\u00e1 doba \u010dten\u00ed":"2 minuty"},"schema":{"@context":"https:\/\/schema.org","@graph":[{"@type":"WebPage","@id":"https:\/\/herbastore.sk\/cs\/produkty\/herbalife-skin\/denni-hydratacni-krem\/","url":"https:\/\/herbastore.sk\/cs\/produkty\/herbalife-skin\/denni-hydratacni-krem\/","name":"Herbalife SKIN Denn\u00ed hydrata\u010dn\u00ed kr\u00e9m 50 ml - herbastore.sk","isPartOf":{"@id":"https:\/\/herbastore.sk\/cs\/#website"},"primaryImageOfPage":{"@id":"https:\/\/herbastore.sk\/cs\/produkty\/herbalife-skin\/denni-hydratacni-krem\/#primaryimage"},"image":{"@id":"https:\/\/herbastore.sk\/cs\/produkty\/herbalife-skin\/denni-hydratacni-krem\/#primaryimage"},"thumbnailUrl":"https:\/\/herbastore.sk\/wp-content\/uploads\/2019\/02\/Denny-hydratacny-krem.jpg","datePublished":"2019-02-06T08:52:11+00:00","dateModified":"2025-03-12T09:50:27+00:00","description":"Denn\u00ed hydrata\u010dn\u00ed prost\u0159edek s rozjas\u0148uj\u00edc\u00edmi prvky dod\u00e1 va\u0161\u00ed pleti zdravou barvu. Ple\u0165 vypad\u00e1 z\u00e1\u0159iv\u011b dokonce i bez make-upu! Testovan\u00fd dermatologem.","breadcrumb":{"@id":"https:\/\/herbastore.sk\/cs\/produkty\/herbalife-skin\/denni-hydratacni-krem\/#breadcrumb"},"inLanguage":"cs","potentialAction":[{"@type":"ReadAction","target":["https:\/\/herbastore.sk\/cs\/produkty\/herbalife-skin\/denni-hydratacni-krem\/"]}]},{"@type":"ImageObject","inLanguage":"cs","@id":"https:\/\/herbastore.sk\/cs\/produkty\/herbalife-skin\/denni-hydratacni-krem\/#primaryimage","url":"https:\/\/herbastore.sk\/wp-content\/uploads\/2019\/02\/Denny-hydratacny-krem.jpg","contentUrl":"https:\/\/herbastore.sk\/wp-content\/uploads\/2019\/02\/Denny-hydratacny-krem.jpg","width":534,"height":800,"caption":"Herbalife SKIN denni hydratacni krem"},{"@type":"BreadcrumbList","@id":"https:\/\/herbastore.sk\/cs\/produkty\/herbalife-skin\/denni-hydratacni-krem\/#breadcrumb","itemListElement":[{"@type":"ListItem","position":1,"name":"Home","item":"https:\/\/herbastore.sk\/cs\/"},{"@type":"ListItem","position":2,"name":"Produkty","item":"https:\/\/herbastore.sk\/cs\/produkty\/"},{"@type":"ListItem","position":3,"name":"Denn\u00ed hydrata\u010dn\u00ed kr\u00e9m"}]},{"@type":"WebSite","@id":"https:\/\/herbastore.sk\/cs\/#website","url":"https:\/\/herbastore.sk\/cs\/","name":"herbastore","description":"Produkty Herbalife z pohodlia v\u00e1\u0161ho domova","publisher":{"@id":"https:\/\/herbastore.sk\/cs\/#organization"},"potentialAction":[{"@type":"SearchAction","target":{"@type":"EntryPoint","urlTemplate":"https:\/\/herbastore.sk\/cs\/?s={search_term_string}"},"query-input":{"@type":"PropertyValueSpecification","valueRequired":true,"valueName":"search_term_string"}}],"inLanguage":"cs"},{"@type":"Organization","@id":"https:\/\/herbastore.sk\/cs\/#organization","name":"herbastore.sk","url":"https:\/\/herbastore.sk\/cs\/","logo":{"@type":"ImageObject","inLanguage":"cs","@id":"https:\/\/herbastore.sk\/cs\/#\/schema\/logo\/image\/","url":"https:\/\/herbastore.sk\/wp-content\/uploads\/2018\/11\/herbastore-ikona.png","contentUrl":"https:\/\/herbastore.sk\/wp-content\/uploads\/2018\/11\/herbastore-ikona.png","width":512,"height":512,"caption":"herbastore.sk"},"image":{"@id":"https:\/\/herbastore.sk\/cs\/#\/schema\/logo\/image\/"},"sameAs":["https:\/\/www.facebook.com\/herbastoresk\/","https:\/\/www.instagram.com\/herbastore.sk\/"]}]}},"_links":{"self":[{"href":"https:\/\/herbastore.sk\/cs\/wp-json\/wp\/v2\/product\/8049","targetHints":{"allow":["GET"]}}],"collection":[{"href":"https:\/\/herbastore.sk\/cs\/wp-json\/wp\/v2\/product"}],"about":[{"href":"https:\/\/herbastore.sk\/cs\/wp-json\/wp\/v2\/types\/product"}],"replies":[{"embeddable":true,"href":"https:\/\/herbastore.sk\/cs\/wp-json\/wp\/v2\/comments?post=8049"}],"wp:featuredmedia":[{"embeddable":true,"href":"https:\/\/herbastore.sk\/cs\/wp-json\/wp\/v2\/media\/7451"}],"wp:attachment":[{"href":"https:\/\/herbastore.sk\/cs\/wp-json\/wp\/v2\/media?parent=8049"}],"wp:term":[{"taxonomy":"product_brand","embeddable":true,"href":"https:\/\/herbastore.sk\/cs\/wp-json\/wp\/v2\/product_brand?post=8049"},{"taxonomy":"product_cat","embeddable":true,"href":"https:\/\/herbastore.sk\/cs\/wp-json\/wp\/v2\/product_cat?post=8049"},{"taxonomy":"product_tag","embeddable":true,"href":"https:\/\/herbastore.sk\/cs\/wp-json\/wp\/v2\/product_tag?post=8049"}],"curies":[{"name":"wp","href":"https:\/\/api.w.org\/{rel}","templated":true}]}}