{"id":8048,"date":"2019-02-02T16:49:13","date_gmt":"2020-07-23T18:37:12","guid":{"rendered":"https:\/\/herbastore.sk\/produkty\/nezarazene\/zpevnujici-ocni-gel\/"},"modified":"2025-02-12T21:32:09","modified_gmt":"2025-02-12T20:32:09","slug":"zpevnujici-ocni-gel","status":"publish","type":"product","link":"https:\/\/herbastore.sk\/cs\/produkty\/herbalife-skin\/zpevnujici-ocni-gel\/","title":{"rendered":"Zpev\u0148uj\u00edc\u00ed o\u010dn\u00ed gel"},"content":{"rendered":"<h2>Herbalife SKIN Zpev\u0148uj\u00edc\u00ed o\u010dn\u00ed gel<\/h2>\n<p> Vlastnosti a \u00fa\u010dinky<\/p>\n<div class=\"row\"  id=\"row-888445104\">\n\n\t<div id=\"col-391601624\" class=\"col medium-1\/2 large-6\"  >\n\t\t\t\t<div class=\"col-inner\"  >\n\t\t\t\n\t\t\t\n<ul>\n<li class=\"bullet-checkmark\">Napom\u00e1h\u00e1 zlep\u0161ovat vzhled citliv\u00fdch o\u010dn\u00edch parti\u00ed pomoc\u00ed zv\u00fd\u0161en\u00ed pevnosti a pru\u017enosti pleti<strong>*<\/strong><\/li>\n<li class=\"bullet-checkmark\">Napom\u00e1h\u00e1 zpevnit okol\u00ed o\u010d\u00ed<strong>*<\/strong> <\/li>\n<li class=\"bullet-checkmark\">Praktick\u00e9 balen\u00ed v lahvi\u010dce s pumpi\u010dkou<\/li>\n<\/ul>\n\t\t<\/div>\n\t\t\t\t\t<\/div>\n\n\t\n\n\t<div id=\"col-1415733592\" class=\"col medium-1\/2 large-6\"  >\n\t\t\t\t<div class=\"col-inner\"  >\n\t\t\t\n\t\t\t\n<ul>\n<li class=\"bullet-checkmark\">Va\u0161emu o\u010dn\u00edmu okol\u00ed pom\u016f\u017ee i d\u00edky revitalizuj\u00edc\u00edmu extraktu z okurky, jeho\u017e prosp\u011b\u0161nost je v\u0161eobecn\u011b zn\u00e1m\u00e1<\/li>\n<li class=\"bullet-checkmark\">Vhodn\u00e9 pro <strong>v\u0161echny typy pleti<\/strong><\/li>\n<li class=\"bullet-checkmark\">\u017d\u00e1dn\u00e9 p\u0159idan\u00e9 parabeny, dermatologicky testov\u00e1no<\/li>\n<\/ul>\n\t\t<\/div>\n\t\t\t\t\t<\/div>\n\n\t\n<\/div>\n<h2>Slo\u017een\u00ed<\/h2>\n<p> Jedine\u010dn\u00e1 receptura obsahuj\u00edc\u00ed velk\u00e9 mno\u017estv\u00ed p\u0159\u00edrodn\u00edch slo\u017eek, kter\u00e9 jsou nejen kvalitn\u00ed, ale i vysoce \u00fa\u010dinn\u00e9: <\/p>\n<ul>\n<li class=\"bullet-arrow\">Vitam\u00edny E a C &#8211; maj\u00ed omlazovac\u00ed a antioxida\u010dn\u00ed \u00fa\u010dinky<\/li>\n<li class=\"bullet-arrow\">Vitam\u00edn B3<\/li>\n<li class=\"bullet-arrow\">Aloe Vera &#8211; zjem\u0148uje, hydratuje a zklid\u0148uje poko\u017eku<\/li>\n<li class=\"bullet-arrow\">Okurkov\u00fd extrakt<\/li>\n<\/ul>\n<h2>Pou\u017eit\u00ed<\/h2>\n<p> V\u00edce informac\u00ed a praktick\u00fdch tip\u016f najdete na podstr\u00e1nce v\u011bnovan\u00e9 v\u00fdhradn\u011b na\u0161im <a href=\"https:\/\/herbastore.sk\/cs\/herbalife-skin-otazky-odpovedi\/\">produktov\u00e9 \u0159ad\u011b Herbalife SKIN<\/a><\/p>\n<ul>\n<li class=\"bullet-arrow\">Zpev\u0148uj\u00edc\u00ed o\u010dn\u00ed gel pou\u017e\u00edvejte r\u00e1no a ve\u010der<\/li>\n<li class=\"bullet-arrow\">Aplikujte na probl\u00e9mov\u00e9 partie obli\u010deje<\/li>\n<li class=\"bullet-arrow\">Pokra\u010dujte <a href=\"https:\/\/herbastore.sk\/cs\/produkty\/herbalife-skin\/denni-hydratacni-krem\/\">denn\u00edm hydrata\u010dn\u00edm kr\u00e9mem<\/a><\/li>\n<\/ul>\n<p><strong>*<\/strong> Testov\u00e1no na subjektech pro zji\u0161t\u011bn\u00ed pevnosti a pru\u017enosti, m\u011b\u0159eno vizu\u00e1ln\u00edm odborn\u00edkem a vyhodnoceno v intervalech po 7 dnech a 42 dnech. U 85 % subjekt\u016f bylo viditeln\u00e9 zlep\u0161en\u00ed pevnosti\/pru\u017enosti pleti pod o\u010dima za 42 dn\u00ed.<\/p>\n","protected":false},"excerpt":{"rendered":"<p>15 ml <div class=\"is-divider divider clearfix\" ><\/div> Zapome\u0148te na otoky a nevzhledn\u00fd vzhled k\u016f\u017ee kolem o\u010d\u00ed. Zpev\u0148uj\u00edc\u00ed o\u010dn\u00ed gel pro v\u0161echny typy pleti z \u0159ady Herbalife SKIN napom\u00e1h\u00e1 zlep\u0161ovat vzhled citliv\u00fdch o\u010dn\u00edch parti\u00ed pomoc\u00ed zv\u00fd\u0161en\u00ed pevnosti a pru\u017enosti pleti.<\/p>\n","protected":false},"featured_media":7450,"comment_status":"open","ping_status":"closed","template":"","meta":{"inline_featured_image":false},"product_brand":[],"product_cat":[178],"product_tag":[203],"class_list":{"0":"post-8048","1":"product","2":"type-product","3":"status-publish","4":"has-post-thumbnail","6":"product_cat-herbalife-skin","7":"product_tag-hezci-plet-a-vlasy","9":"first","10":"instock","11":"taxable","12":"shipping-taxable","13":"purchasable","14":"product-type-simple"},"yoast_head":"<!-- This site is optimized with the Yoast SEO plugin v26.8 - https:\/\/yoast.com\/product\/yoast-seo-wordpress\/ -->\n<title>Herbalife SKIN Zpev\u0148uj\u00edc\u00ed o\u010dn\u00ed gel 15 ml - herbastore.sk<\/title>\n<meta name=\"description\" content=\"Zapome\u0148te na otoky a nep\u016fvabn\u00fd vzhled poko\u017eky kolem o\u010d\u00ed. O\u010dn\u00ed gel s extraktem z okurky vhodn\u00fd pro v\u0161echny typy pleti. Dermatologicky testov\u00e1n.\" \/>\n<meta name=\"robots\" content=\"index, follow, max-snippet:-1, max-image-preview:large, max-video-preview:-1\" \/>\n<link rel=\"canonical\" href=\"https:\/\/herbastore.sk\/cs\/produkty\/herbalife-skin\/zpevnujici-ocni-gel\/\" \/>\n<meta property=\"og:locale\" content=\"cs_CZ\" \/>\n<meta property=\"og:type\" content=\"article\" \/>\n<meta property=\"og:title\" content=\"Herbalife SKIN Zpev\u0148uj\u00edc\u00ed o\u010dn\u00ed gel 15 ml - herbastore.sk\" \/>\n<meta property=\"og:description\" content=\"Zapome\u0148te na otoky a nep\u016fvabn\u00fd vzhled poko\u017eky kolem o\u010d\u00ed. O\u010dn\u00ed gel s extraktem z okurky vhodn\u00fd pro v\u0161echny typy pleti. Dermatologicky testov\u00e1n.\" \/>\n<meta property=\"og:url\" content=\"https:\/\/herbastore.sk\/cs\/produkty\/herbalife-skin\/zpevnujici-ocni-gel\/\" \/>\n<meta property=\"og:site_name\" content=\"herbastore\" \/>\n<meta property=\"article:publisher\" content=\"https:\/\/www.facebook.com\/herbastoresk\/\" \/>\n<meta property=\"article:modified_time\" content=\"2025-02-12T20:32:09+00:00\" \/>\n<meta property=\"og:image\" content=\"https:\/\/herbastore.sk\/wp-content\/uploads\/2019\/02\/Spevnujuci-ocny-gel.jpg\" \/>\n\t<meta property=\"og:image:width\" content=\"534\" \/>\n\t<meta property=\"og:image:height\" content=\"800\" \/>\n\t<meta property=\"og:image:type\" content=\"image\/jpeg\" \/>\n<meta name=\"twitter:card\" content=\"summary_large_image\" \/>\n<meta name=\"twitter:label1\" content=\"Odhadovan\u00e1 doba \u010dten\u00ed\" \/>\n\t<meta name=\"twitter:data1\" content=\"1 minuta\" \/>\n<script type=\"application\/ld+json\" class=\"yoast-schema-graph\">{\"@context\":\"https:\/\/schema.org\",\"@graph\":[{\"@type\":\"WebPage\",\"@id\":\"https:\/\/herbastore.sk\/cs\/produkty\/herbalife-skin\/zpevnujici-ocni-gel\/\",\"url\":\"https:\/\/herbastore.sk\/cs\/produkty\/herbalife-skin\/zpevnujici-ocni-gel\/\",\"name\":\"Herbalife SKIN Zpev\u0148uj\u00edc\u00ed o\u010dn\u00ed gel 15 ml - herbastore.sk\",\"isPartOf\":{\"@id\":\"https:\/\/herbastore.sk\/cs\/#website\"},\"primaryImageOfPage\":{\"@id\":\"https:\/\/herbastore.sk\/cs\/produkty\/herbalife-skin\/zpevnujici-ocni-gel\/#primaryimage\"},\"image\":{\"@id\":\"https:\/\/herbastore.sk\/cs\/produkty\/herbalife-skin\/zpevnujici-ocni-gel\/#primaryimage\"},\"thumbnailUrl\":\"https:\/\/herbastore.sk\/wp-content\/uploads\/2019\/02\/Spevnujuci-ocny-gel.jpg\",\"datePublished\":\"2020-07-23T18:37:12+00:00\",\"dateModified\":\"2025-02-12T20:32:09+00:00\",\"description\":\"Zapome\u0148te na otoky a nep\u016fvabn\u00fd vzhled poko\u017eky kolem o\u010d\u00ed. O\u010dn\u00ed gel s extraktem z okurky vhodn\u00fd pro v\u0161echny typy pleti. Dermatologicky testov\u00e1n.\",\"breadcrumb\":{\"@id\":\"https:\/\/herbastore.sk\/cs\/produkty\/herbalife-skin\/zpevnujici-ocni-gel\/#breadcrumb\"},\"inLanguage\":\"cs\",\"potentialAction\":[{\"@type\":\"ReadAction\",\"target\":[\"https:\/\/herbastore.sk\/cs\/produkty\/herbalife-skin\/zpevnujici-ocni-gel\/\"]}]},{\"@type\":\"ImageObject\",\"inLanguage\":\"cs\",\"@id\":\"https:\/\/herbastore.sk\/cs\/produkty\/herbalife-skin\/zpevnujici-ocni-gel\/#primaryimage\",\"url\":\"https:\/\/herbastore.sk\/wp-content\/uploads\/2019\/02\/Spevnujuci-ocny-gel.jpg\",\"contentUrl\":\"https:\/\/herbastore.sk\/wp-content\/uploads\/2019\/02\/Spevnujuci-ocny-gel.jpg\",\"width\":534,\"height\":800,\"caption\":\"Herbalife SKIN zpevnujici ocni gel\"},{\"@type\":\"BreadcrumbList\",\"@id\":\"https:\/\/herbastore.sk\/cs\/produkty\/herbalife-skin\/zpevnujici-ocni-gel\/#breadcrumb\",\"itemListElement\":[{\"@type\":\"ListItem\",\"position\":1,\"name\":\"Home\",\"item\":\"https:\/\/herbastore.sk\/cs\/\"},{\"@type\":\"ListItem\",\"position\":2,\"name\":\"Produkty\",\"item\":\"https:\/\/herbastore.sk\/cs\/produkty\/\"},{\"@type\":\"ListItem\",\"position\":3,\"name\":\"Zpev\u0148uj\u00edc\u00ed o\u010dn\u00ed gel\"}]},{\"@type\":\"WebSite\",\"@id\":\"https:\/\/herbastore.sk\/cs\/#website\",\"url\":\"https:\/\/herbastore.sk\/cs\/\",\"name\":\"herbastore\",\"description\":\"Produkty Herbalife z pohodlia v\u00e1\u0161ho domova\",\"publisher\":{\"@id\":\"https:\/\/herbastore.sk\/cs\/#organization\"},\"potentialAction\":[{\"@type\":\"SearchAction\",\"target\":{\"@type\":\"EntryPoint\",\"urlTemplate\":\"https:\/\/herbastore.sk\/cs\/?s={search_term_string}\"},\"query-input\":{\"@type\":\"PropertyValueSpecification\",\"valueRequired\":true,\"valueName\":\"search_term_string\"}}],\"inLanguage\":\"cs\"},{\"@type\":\"Organization\",\"@id\":\"https:\/\/herbastore.sk\/cs\/#organization\",\"name\":\"herbastore.sk\",\"url\":\"https:\/\/herbastore.sk\/cs\/\",\"logo\":{\"@type\":\"ImageObject\",\"inLanguage\":\"cs\",\"@id\":\"https:\/\/herbastore.sk\/cs\/#\/schema\/logo\/image\/\",\"url\":\"https:\/\/herbastore.sk\/wp-content\/uploads\/2018\/11\/herbastore-ikona.png\",\"contentUrl\":\"https:\/\/herbastore.sk\/wp-content\/uploads\/2018\/11\/herbastore-ikona.png\",\"width\":512,\"height\":512,\"caption\":\"herbastore.sk\"},\"image\":{\"@id\":\"https:\/\/herbastore.sk\/cs\/#\/schema\/logo\/image\/\"},\"sameAs\":[\"https:\/\/www.facebook.com\/herbastoresk\/\",\"https:\/\/www.instagram.com\/herbastore.sk\/\"]}]}<\/script>\n<!-- \/ Yoast SEO plugin. -->","yoast_head_json":{"title":"Herbalife SKIN Zpev\u0148uj\u00edc\u00ed o\u010dn\u00ed gel 15 ml - herbastore.sk","description":"Zapome\u0148te na otoky a nep\u016fvabn\u00fd vzhled poko\u017eky kolem o\u010d\u00ed. O\u010dn\u00ed gel s extraktem z okurky vhodn\u00fd pro v\u0161echny typy pleti. Dermatologicky testov\u00e1n.","robots":{"index":"index","follow":"follow","max-snippet":"max-snippet:-1","max-image-preview":"max-image-preview:large","max-video-preview":"max-video-preview:-1"},"canonical":"https:\/\/herbastore.sk\/cs\/produkty\/herbalife-skin\/zpevnujici-ocni-gel\/","og_locale":"cs_CZ","og_type":"article","og_title":"Herbalife SKIN Zpev\u0148uj\u00edc\u00ed o\u010dn\u00ed gel 15 ml - herbastore.sk","og_description":"Zapome\u0148te na otoky a nep\u016fvabn\u00fd vzhled poko\u017eky kolem o\u010d\u00ed. O\u010dn\u00ed gel s extraktem z okurky vhodn\u00fd pro v\u0161echny typy pleti. Dermatologicky testov\u00e1n.","og_url":"https:\/\/herbastore.sk\/cs\/produkty\/herbalife-skin\/zpevnujici-ocni-gel\/","og_site_name":"herbastore","article_publisher":"https:\/\/www.facebook.com\/herbastoresk\/","article_modified_time":"2025-02-12T20:32:09+00:00","og_image":[{"width":534,"height":800,"url":"https:\/\/herbastore.sk\/wp-content\/uploads\/2019\/02\/Spevnujuci-ocny-gel.jpg","type":"image\/jpeg"}],"twitter_card":"summary_large_image","twitter_misc":{"Odhadovan\u00e1 doba \u010dten\u00ed":"1 minuta"},"schema":{"@context":"https:\/\/schema.org","@graph":[{"@type":"WebPage","@id":"https:\/\/herbastore.sk\/cs\/produkty\/herbalife-skin\/zpevnujici-ocni-gel\/","url":"https:\/\/herbastore.sk\/cs\/produkty\/herbalife-skin\/zpevnujici-ocni-gel\/","name":"Herbalife SKIN Zpev\u0148uj\u00edc\u00ed o\u010dn\u00ed gel 15 ml - herbastore.sk","isPartOf":{"@id":"https:\/\/herbastore.sk\/cs\/#website"},"primaryImageOfPage":{"@id":"https:\/\/herbastore.sk\/cs\/produkty\/herbalife-skin\/zpevnujici-ocni-gel\/#primaryimage"},"image":{"@id":"https:\/\/herbastore.sk\/cs\/produkty\/herbalife-skin\/zpevnujici-ocni-gel\/#primaryimage"},"thumbnailUrl":"https:\/\/herbastore.sk\/wp-content\/uploads\/2019\/02\/Spevnujuci-ocny-gel.jpg","datePublished":"2020-07-23T18:37:12+00:00","dateModified":"2025-02-12T20:32:09+00:00","description":"Zapome\u0148te na otoky a nep\u016fvabn\u00fd vzhled poko\u017eky kolem o\u010d\u00ed. O\u010dn\u00ed gel s extraktem z okurky vhodn\u00fd pro v\u0161echny typy pleti. Dermatologicky testov\u00e1n.","breadcrumb":{"@id":"https:\/\/herbastore.sk\/cs\/produkty\/herbalife-skin\/zpevnujici-ocni-gel\/#breadcrumb"},"inLanguage":"cs","potentialAction":[{"@type":"ReadAction","target":["https:\/\/herbastore.sk\/cs\/produkty\/herbalife-skin\/zpevnujici-ocni-gel\/"]}]},{"@type":"ImageObject","inLanguage":"cs","@id":"https:\/\/herbastore.sk\/cs\/produkty\/herbalife-skin\/zpevnujici-ocni-gel\/#primaryimage","url":"https:\/\/herbastore.sk\/wp-content\/uploads\/2019\/02\/Spevnujuci-ocny-gel.jpg","contentUrl":"https:\/\/herbastore.sk\/wp-content\/uploads\/2019\/02\/Spevnujuci-ocny-gel.jpg","width":534,"height":800,"caption":"Herbalife SKIN zpevnujici ocni gel"},{"@type":"BreadcrumbList","@id":"https:\/\/herbastore.sk\/cs\/produkty\/herbalife-skin\/zpevnujici-ocni-gel\/#breadcrumb","itemListElement":[{"@type":"ListItem","position":1,"name":"Home","item":"https:\/\/herbastore.sk\/cs\/"},{"@type":"ListItem","position":2,"name":"Produkty","item":"https:\/\/herbastore.sk\/cs\/produkty\/"},{"@type":"ListItem","position":3,"name":"Zpev\u0148uj\u00edc\u00ed o\u010dn\u00ed gel"}]},{"@type":"WebSite","@id":"https:\/\/herbastore.sk\/cs\/#website","url":"https:\/\/herbastore.sk\/cs\/","name":"herbastore","description":"Produkty Herbalife z pohodlia v\u00e1\u0161ho domova","publisher":{"@id":"https:\/\/herbastore.sk\/cs\/#organization"},"potentialAction":[{"@type":"SearchAction","target":{"@type":"EntryPoint","urlTemplate":"https:\/\/herbastore.sk\/cs\/?s={search_term_string}"},"query-input":{"@type":"PropertyValueSpecification","valueRequired":true,"valueName":"search_term_string"}}],"inLanguage":"cs"},{"@type":"Organization","@id":"https:\/\/herbastore.sk\/cs\/#organization","name":"herbastore.sk","url":"https:\/\/herbastore.sk\/cs\/","logo":{"@type":"ImageObject","inLanguage":"cs","@id":"https:\/\/herbastore.sk\/cs\/#\/schema\/logo\/image\/","url":"https:\/\/herbastore.sk\/wp-content\/uploads\/2018\/11\/herbastore-ikona.png","contentUrl":"https:\/\/herbastore.sk\/wp-content\/uploads\/2018\/11\/herbastore-ikona.png","width":512,"height":512,"caption":"herbastore.sk"},"image":{"@id":"https:\/\/herbastore.sk\/cs\/#\/schema\/logo\/image\/"},"sameAs":["https:\/\/www.facebook.com\/herbastoresk\/","https:\/\/www.instagram.com\/herbastore.sk\/"]}]}},"_links":{"self":[{"href":"https:\/\/herbastore.sk\/cs\/wp-json\/wp\/v2\/product\/8048","targetHints":{"allow":["GET"]}}],"collection":[{"href":"https:\/\/herbastore.sk\/cs\/wp-json\/wp\/v2\/product"}],"about":[{"href":"https:\/\/herbastore.sk\/cs\/wp-json\/wp\/v2\/types\/product"}],"replies":[{"embeddable":true,"href":"https:\/\/herbastore.sk\/cs\/wp-json\/wp\/v2\/comments?post=8048"}],"wp:featuredmedia":[{"embeddable":true,"href":"https:\/\/herbastore.sk\/cs\/wp-json\/wp\/v2\/media\/7450"}],"wp:attachment":[{"href":"https:\/\/herbastore.sk\/cs\/wp-json\/wp\/v2\/media?parent=8048"}],"wp:term":[{"taxonomy":"product_brand","embeddable":true,"href":"https:\/\/herbastore.sk\/cs\/wp-json\/wp\/v2\/product_brand?post=8048"},{"taxonomy":"product_cat","embeddable":true,"href":"https:\/\/herbastore.sk\/cs\/wp-json\/wp\/v2\/product_cat?post=8048"},{"taxonomy":"product_tag","embeddable":true,"href":"https:\/\/herbastore.sk\/cs\/wp-json\/wp\/v2\/product_tag?post=8048"}],"curies":[{"name":"wp","href":"https:\/\/api.w.org\/{rel}","templated":true}]}}