{"id":8044,"date":"2019-02-28T23:09:40","date_gmt":"2020-07-23T18:32:25","guid":{"rendered":"https:\/\/herbastore.sk\/produkty\/nezarazene\/formula-1-express-tycinka\/"},"modified":"2025-06-15T09:41:41","modified_gmt":"2025-06-15T07:41:41","slug":"formula-1-express-tycinka","status":"publish","type":"product","link":"https:\/\/herbastore.sk\/cs\/produkty\/proteinove-doplnky\/formula-1-express-tycinka\/","title":{"rendered":"Formula 1 Express ty\u010dinka"},"content":{"rendered":"<h2>Jak v\u00e1m m\u016f\u017ee b\u00fdt prosp\u011b\u0161n\u00e1?<\/h2>\n<p> Pokud se sna\u017e\u00edte zhubnout nebo si v\u00e1hu udr\u017eet, je d\u016fle\u017eit\u00e9 p\u0159ij\u00edmat nutri\u010dn\u011b vyv\u00e1\u017eenou stravu. P\u0159i dne\u0161n\u00edch n\u00e1strah\u00e1ch v\u0161ude kolem to nen\u00ed jednoduch\u00e9, proto v\u00e1m doporu\u010dujeme nahradit sladkosti na\u0161\u00edm zdrav\u00fdm pamlskem. V\u00fd\u017eivn\u00e1 j\u00eddla, jak\u00fdmi jsou <a href=\"https:\/\/herbastore.sk\/cs\/produkty\/vyvazene-jidlo\/formula-1-koktejl\/\">Formula 1 Koktejl<\/a> a ty\u010dinka Formula 1 Express, v\u00e1m pomohou regulovat p\u0159\u00edjem kalori\u00ed, udr\u017eovat optim\u00e1ln\u00ed v\u00e1hu a p\u0159itom v\u00e1m poskytnou pot\u0159ebn\u00e9 vitam\u00edny a miner\u00e1ly spolu s b\u00edlkovinami a sacharidy.<\/p>\n<div class=\"row align-equal align-center show-for-small\"  id=\"row-1585106125\">\n\n\t<div id=\"col-672774451\" class=\"col small-12 large-12\"  >\n\t\t\t\t<div class=\"col-inner text-center\"  >\n\t\t\t\n\t\t\t\n\t<div class=\"img has-hover x md-x lg-x y md-y lg-y\" id=\"image_388575688\">\n\t\t\t\t\t\t\t\t<div class=\"img-inner dark\" >\n\t\t\t<img loading=\"lazy\" decoding=\"async\" width=\"800\" height=\"800\" src=\"https:\/\/herbastore.sk\/wp-content\/uploads\/2019\/04\/Herbalife-Formula-1-Express-tycinky-800x800.jpg\" class=\"attachment-large size-large\" alt=\"\" srcset=\"https:\/\/herbastore.sk\/wp-content\/uploads\/2019\/04\/Herbalife-Formula-1-Express-tycinky-800x800.jpg 800w, https:\/\/herbastore.sk\/wp-content\/uploads\/2019\/04\/Herbalife-Formula-1-Express-tycinky-267x267.jpg 267w, https:\/\/herbastore.sk\/wp-content\/uploads\/2019\/04\/Herbalife-Formula-1-Express-tycinky-100x100.jpg 100w, https:\/\/herbastore.sk\/wp-content\/uploads\/2019\/04\/Herbalife-Formula-1-Express-tycinky-534x534.jpg 534w, https:\/\/herbastore.sk\/wp-content\/uploads\/2019\/04\/Herbalife-Formula-1-Express-tycinky-400x400.jpg 400w, https:\/\/herbastore.sk\/wp-content\/uploads\/2019\/04\/Herbalife-Formula-1-Express-tycinky-300x300.jpg 300w, https:\/\/herbastore.sk\/wp-content\/uploads\/2019\/04\/Herbalife-Formula-1-Express-tycinky-768x768.jpg 768w, https:\/\/herbastore.sk\/wp-content\/uploads\/2019\/04\/Herbalife-Formula-1-Express-tycinky-1536x1536.jpg 1536w, https:\/\/herbastore.sk\/wp-content\/uploads\/2019\/04\/Herbalife-Formula-1-Express-tycinky-510x510.jpg 510w, https:\/\/herbastore.sk\/wp-content\/uploads\/2019\/04\/Herbalife-Formula-1-Express-tycinky.jpg 1600w\" sizes=\"auto, (max-width: 800px) 100vw, 800px\" \/>\t\t\t\t\t\t\n\t\t\t\t\t<\/div>\n\t\t\t\t\t\t\t\t\n<style>\n#image_388575688 {\n  width: 100%;\n}\n@media (min-width:550px) {\n  #image_388575688 {\n    width: 50%;\n  }\n}\n<\/style>\n\t<\/div>\n\t\n\t\t<\/div>\n\t\t\t\t\t<\/div>\n\n\t\n<\/div>\n<h2>Hlavn\u00ed v\u00fdhody<\/h2>\n<div class=\"row\"  id=\"row-1443525545\">\n\n\t<div id=\"col-528629377\" class=\"col medium-1\/2 large-6\"  >\n\t\t\t\t<div class=\"col-inner\"  >\n\t\t\t\n\t\t\t\n<ul>\n<li class=\"bullet-checkmark\">Nutri\u010dn\u011b kompletn\u00ed j\u00eddlo<\/li>\n<li class=\"bullet-checkmark\">Obsahuje 25 vitam\u00edn\u016f a miner\u00e1l\u016f<\/li>\n<li class=\"bullet-checkmark\">Vysok\u00fd obsah b\u00edlkovin a\u017e 15 g na ty\u010dinku, kter\u00e9 pom\u00e1haj\u00ed budovat svalovou hmotu<\/li>\n<li class=\"bullet-checkmark\">Vysok\u00fd obsah vl\u00e1kniny &#8211; 6 g na ty\u010dinku, co\u017e p\u0159edstavuje 24% doporu\u010den\u00e9 denn\u00ed d\u00e1vky vl\u00e1kniny<\/li>\n<\/ul>\n\t\t<\/div>\n\t\t\t\t\t<\/div>\n\n\t\n\n\t<div id=\"col-571037522\" class=\"col medium-1\/2 large-6\"  >\n\t\t\t\t<div class=\"col-inner\"  >\n\t\t\t\n\t\t\t\n<ul>\n<li class=\"bullet-checkmark\">Obsahuje vl\u00e1kninu Promitor\u00ae<\/li>\n<li class=\"bullet-checkmark\">Vhodn\u00e9 pro vegetari\u00e1ny<\/li>\n<li class=\"bullet-checkmark\">Neobsahuje um\u011bl\u00e1 sladidla nebo barviva<\/li>\n<li class=\"bullet-checkmark\">Lahodn\u00e1 ty\u010dinka s vylep\u0161enou chut\u00ed a texturou<\/li>\n<li class=\"bullet-checkmark\">Ide\u00e1ln\u00ed na cesty<\/li>\n<\/ul>\n\t\t<\/div>\n\t\t\t\t\t<\/div>\n\n\t\n<\/div>\n<h2>D\u00e1vkov\u00e1n\u00ed<\/h2>\n<p> Vychutnejte si v\u00fd\u017eivnou ty\u010dinku ka\u017ed\u00fd den jako ide\u00e1ln\u00ed zdrav\u00e9 j\u00eddlo. <a href=\"https:\/\/herbastore.sk\/wp-content\/uploads\/2019\/02\/Formula-1-Express-tycinka-vyzivova-hodnota.jpg\"><img loading=\"lazy\" decoding=\"async\" class=\"aligncenter wp-image-2938 size-full\" src=\"https:\/\/herbastore.sk\/wp-content\/uploads\/2019\/02\/Formula-1-Express-tycinka-vyzivova-hodnota.jpg\" alt=\"Formula 1 Express tycinka vyzivova hodnota\" width=\"1380\" height=\"1380\" srcset=\"https:\/\/herbastore.sk\/wp-content\/uploads\/2019\/02\/Formula-1-Express-tycinka-vyzivova-hodnota.jpg 1380w, https:\/\/herbastore.sk\/wp-content\/uploads\/2019\/02\/Formula-1-Express-tycinka-vyzivova-hodnota-267x267.jpg 267w, https:\/\/herbastore.sk\/wp-content\/uploads\/2019\/02\/Formula-1-Express-tycinka-vyzivova-hodnota-100x100.jpg 100w, https:\/\/herbastore.sk\/wp-content\/uploads\/2019\/02\/Formula-1-Express-tycinka-vyzivova-hodnota-534x534.jpg 534w, https:\/\/herbastore.sk\/wp-content\/uploads\/2019\/02\/Formula-1-Express-tycinka-vyzivova-hodnota-400x400.jpg 400w, https:\/\/herbastore.sk\/wp-content\/uploads\/2019\/02\/Formula-1-Express-tycinka-vyzivova-hodnota-800x800.jpg 800w, https:\/\/herbastore.sk\/wp-content\/uploads\/2019\/02\/Formula-1-Express-tycinka-vyzivova-hodnota-300x300.jpg 300w, https:\/\/herbastore.sk\/wp-content\/uploads\/2019\/02\/Formula-1-Express-tycinka-vyzivova-hodnota-768x768.jpg 768w, https:\/\/herbastore.sk\/wp-content\/uploads\/2019\/02\/Formula-1-Express-tycinka-vyzivova-hodnota-510x510.jpg 510w\" sizes=\"auto, (max-width: 1380px) 100vw, 1380px\" \/><\/a><\/p>\n<p style=\"text-align: center;\"><em>V\u00fd\u017eivov\u00e1 hodnota \u2013 Formula 1 Express ty\u010dinka<\/em><\/p>\n","protected":false},"excerpt":{"rendered":"<p>7 x 56 g <div class=\"is-divider divider clearfix\" ><\/div> V\u00fd\u017eivn\u00e1 ty\u010dinka Formula 1 Express je ide\u00e1ln\u00ed volbou pro konzumaci na cest\u00e1ch. Pokud z\u00e1rove\u0148 budete p\u0159ij\u00edmat dostatek tekutin, v\u00fd\u017eivn\u00e9 j\u00eddlo v\u00e1m nikdy neunikne. Vyb\u00edrat m\u016f\u017eete ze dvou lahodn\u00fdch p\u0159\u00edchut\u00ed \u2013 ho\u0159k\u00e1 \u010dokol\u00e1da nebo brusinky a b\u00edl\u00e1 \u010dokol\u00e1da. Poku\u0161en\u00ed nemus\u00edte odol\u00e1vat a p\u0159itom v\u00e1s nep\u0159ekvap\u00ed \u017e\u00e1dn\u00e9 p\u0159idan\u00e9 kalorie.<\/p>\n","protected":false},"featured_media":24727,"comment_status":"open","ping_status":"closed","template":"","meta":{"inline_featured_image":false},"product_brand":[],"product_cat":[180],"product_tag":[208],"class_list":{"0":"post-8044","1":"product","2":"type-product","3":"status-publish","4":"has-post-thumbnail","6":"product_cat-proteinove-doplnky","7":"product_tag-pribirani","9":"first","10":"instock","11":"taxable","12":"shipping-taxable","13":"purchasable","14":"product-type-variable"},"yoast_head":"<!-- This site is optimized with the Yoast SEO plugin v26.8 - https:\/\/yoast.com\/product\/yoast-seo-wordpress\/ -->\n<title>Herbalife Formula 1 Express ty\u010dinka 7x56 g - herbastore.sk<\/title>\n<meta name=\"description\" content=\"Nest\u00edh\u00e1te sn\u00eddani \u010di sva\u010dinu? Ty\u010dinka Herbalife Formula 1 Express je ide\u00e1ln\u00ed volbou na cest\u00e1ch. Bez um\u011bl\u00fdch konzerva\u010dn\u00edch l\u00e1tek a s n\u00edzk\u00fdm obsahem kalori\u00ed.\" \/>\n<meta name=\"robots\" content=\"index, follow, max-snippet:-1, max-image-preview:large, max-video-preview:-1\" \/>\n<link rel=\"canonical\" href=\"https:\/\/herbastore.sk\/cs\/produkty\/proteinove-doplnky\/formula-1-express-tycinka\/\" \/>\n<meta property=\"og:locale\" content=\"cs_CZ\" \/>\n<meta property=\"og:type\" content=\"article\" \/>\n<meta property=\"og:title\" content=\"Herbalife Formula 1 Express ty\u010dinka 7x56 g - herbastore.sk\" \/>\n<meta property=\"og:description\" content=\"Nest\u00edh\u00e1te sn\u00eddani \u010di sva\u010dinu? Ty\u010dinka Herbalife Formula 1 Express je ide\u00e1ln\u00ed volbou na cest\u00e1ch. Bez um\u011bl\u00fdch konzerva\u010dn\u00edch l\u00e1tek a s n\u00edzk\u00fdm obsahem kalori\u00ed.\" \/>\n<meta property=\"og:url\" content=\"https:\/\/herbastore.sk\/cs\/produkty\/proteinove-doplnky\/formula-1-express-tycinka\/\" \/>\n<meta property=\"og:site_name\" content=\"herbastore\" \/>\n<meta property=\"article:publisher\" content=\"https:\/\/www.facebook.com\/herbastoresk\/\" \/>\n<meta property=\"article:modified_time\" content=\"2025-06-15T07:41:41+00:00\" \/>\n<meta property=\"og:image\" content=\"https:\/\/herbastore.sk\/wp-content\/uploads\/2024\/01\/Herbalife-Formula-1-Express-tycinka-brusnice-biela-cokolada.jpg\" \/>\n\t<meta property=\"og:image:width\" content=\"534\" \/>\n\t<meta property=\"og:image:height\" content=\"800\" \/>\n\t<meta property=\"og:image:type\" content=\"image\/jpeg\" \/>\n<meta name=\"twitter:card\" content=\"summary_large_image\" \/>\n<meta name=\"twitter:label1\" content=\"Odhadovan\u00e1 doba \u010dten\u00ed\" \/>\n\t<meta name=\"twitter:data1\" content=\"1 minuta\" \/>\n<script type=\"application\/ld+json\" class=\"yoast-schema-graph\">{\"@context\":\"https:\/\/schema.org\",\"@graph\":[{\"@type\":\"WebPage\",\"@id\":\"https:\/\/herbastore.sk\/cs\/produkty\/proteinove-doplnky\/formula-1-express-tycinka\/\",\"url\":\"https:\/\/herbastore.sk\/cs\/produkty\/proteinove-doplnky\/formula-1-express-tycinka\/\",\"name\":\"Herbalife Formula 1 Express ty\u010dinka 7x56 g - herbastore.sk\",\"isPartOf\":{\"@id\":\"https:\/\/herbastore.sk\/cs\/#website\"},\"primaryImageOfPage\":{\"@id\":\"https:\/\/herbastore.sk\/cs\/produkty\/proteinove-doplnky\/formula-1-express-tycinka\/#primaryimage\"},\"image\":{\"@id\":\"https:\/\/herbastore.sk\/cs\/produkty\/proteinove-doplnky\/formula-1-express-tycinka\/#primaryimage\"},\"thumbnailUrl\":\"https:\/\/herbastore.sk\/wp-content\/uploads\/2024\/01\/Herbalife-Formula-1-Express-tycinka-brusnice-biela-cokolada.jpg\",\"datePublished\":\"2020-07-23T18:32:25+00:00\",\"dateModified\":\"2025-06-15T07:41:41+00:00\",\"description\":\"Nest\u00edh\u00e1te sn\u00eddani \u010di sva\u010dinu? Ty\u010dinka Herbalife Formula 1 Express je ide\u00e1ln\u00ed volbou na cest\u00e1ch. Bez um\u011bl\u00fdch konzerva\u010dn\u00edch l\u00e1tek a s n\u00edzk\u00fdm obsahem kalori\u00ed.\",\"breadcrumb\":{\"@id\":\"https:\/\/herbastore.sk\/cs\/produkty\/proteinove-doplnky\/formula-1-express-tycinka\/#breadcrumb\"},\"inLanguage\":\"cs\",\"potentialAction\":[{\"@type\":\"ReadAction\",\"target\":[\"https:\/\/herbastore.sk\/cs\/produkty\/proteinove-doplnky\/formula-1-express-tycinka\/\"]}]},{\"@type\":\"ImageObject\",\"inLanguage\":\"cs\",\"@id\":\"https:\/\/herbastore.sk\/cs\/produkty\/proteinove-doplnky\/formula-1-express-tycinka\/#primaryimage\",\"url\":\"https:\/\/herbastore.sk\/wp-content\/uploads\/2024\/01\/Herbalife-Formula-1-Express-tycinka-brusnice-biela-cokolada.jpg\",\"contentUrl\":\"https:\/\/herbastore.sk\/wp-content\/uploads\/2024\/01\/Herbalife-Formula-1-Express-tycinka-brusnice-biela-cokolada.jpg\",\"width\":534,\"height\":800,\"caption\":\"Herbalife Formula 1 Express tycinka brusinky a bila cokolada\"},{\"@type\":\"BreadcrumbList\",\"@id\":\"https:\/\/herbastore.sk\/cs\/produkty\/proteinove-doplnky\/formula-1-express-tycinka\/#breadcrumb\",\"itemListElement\":[{\"@type\":\"ListItem\",\"position\":1,\"name\":\"Home\",\"item\":\"https:\/\/herbastore.sk\/cs\/\"},{\"@type\":\"ListItem\",\"position\":2,\"name\":\"Produkty\",\"item\":\"https:\/\/herbastore.sk\/cs\/produkty\/\"},{\"@type\":\"ListItem\",\"position\":3,\"name\":\"Formula 1 Express ty\u010dinka\"}]},{\"@type\":\"WebSite\",\"@id\":\"https:\/\/herbastore.sk\/cs\/#website\",\"url\":\"https:\/\/herbastore.sk\/cs\/\",\"name\":\"herbastore\",\"description\":\"Produkty Herbalife z pohodlia v\u00e1\u0161ho domova\",\"publisher\":{\"@id\":\"https:\/\/herbastore.sk\/cs\/#organization\"},\"potentialAction\":[{\"@type\":\"SearchAction\",\"target\":{\"@type\":\"EntryPoint\",\"urlTemplate\":\"https:\/\/herbastore.sk\/cs\/?s={search_term_string}\"},\"query-input\":{\"@type\":\"PropertyValueSpecification\",\"valueRequired\":true,\"valueName\":\"search_term_string\"}}],\"inLanguage\":\"cs\"},{\"@type\":\"Organization\",\"@id\":\"https:\/\/herbastore.sk\/cs\/#organization\",\"name\":\"herbastore.sk\",\"url\":\"https:\/\/herbastore.sk\/cs\/\",\"logo\":{\"@type\":\"ImageObject\",\"inLanguage\":\"cs\",\"@id\":\"https:\/\/herbastore.sk\/cs\/#\/schema\/logo\/image\/\",\"url\":\"https:\/\/herbastore.sk\/wp-content\/uploads\/2018\/11\/herbastore-ikona.png\",\"contentUrl\":\"https:\/\/herbastore.sk\/wp-content\/uploads\/2018\/11\/herbastore-ikona.png\",\"width\":512,\"height\":512,\"caption\":\"herbastore.sk\"},\"image\":{\"@id\":\"https:\/\/herbastore.sk\/cs\/#\/schema\/logo\/image\/\"},\"sameAs\":[\"https:\/\/www.facebook.com\/herbastoresk\/\",\"https:\/\/www.instagram.com\/herbastore.sk\/\"]}]}<\/script>\n<!-- \/ Yoast SEO plugin. -->","yoast_head_json":{"title":"Herbalife Formula 1 Express ty\u010dinka 7x56 g - herbastore.sk","description":"Nest\u00edh\u00e1te sn\u00eddani \u010di sva\u010dinu? Ty\u010dinka Herbalife Formula 1 Express je ide\u00e1ln\u00ed volbou na cest\u00e1ch. Bez um\u011bl\u00fdch konzerva\u010dn\u00edch l\u00e1tek a s n\u00edzk\u00fdm obsahem kalori\u00ed.","robots":{"index":"index","follow":"follow","max-snippet":"max-snippet:-1","max-image-preview":"max-image-preview:large","max-video-preview":"max-video-preview:-1"},"canonical":"https:\/\/herbastore.sk\/cs\/produkty\/proteinove-doplnky\/formula-1-express-tycinka\/","og_locale":"cs_CZ","og_type":"article","og_title":"Herbalife Formula 1 Express ty\u010dinka 7x56 g - herbastore.sk","og_description":"Nest\u00edh\u00e1te sn\u00eddani \u010di sva\u010dinu? Ty\u010dinka Herbalife Formula 1 Express je ide\u00e1ln\u00ed volbou na cest\u00e1ch. Bez um\u011bl\u00fdch konzerva\u010dn\u00edch l\u00e1tek a s n\u00edzk\u00fdm obsahem kalori\u00ed.","og_url":"https:\/\/herbastore.sk\/cs\/produkty\/proteinove-doplnky\/formula-1-express-tycinka\/","og_site_name":"herbastore","article_publisher":"https:\/\/www.facebook.com\/herbastoresk\/","article_modified_time":"2025-06-15T07:41:41+00:00","og_image":[{"width":534,"height":800,"url":"https:\/\/herbastore.sk\/wp-content\/uploads\/2024\/01\/Herbalife-Formula-1-Express-tycinka-brusnice-biela-cokolada.jpg","type":"image\/jpeg"}],"twitter_card":"summary_large_image","twitter_misc":{"Odhadovan\u00e1 doba \u010dten\u00ed":"1 minuta"},"schema":{"@context":"https:\/\/schema.org","@graph":[{"@type":"WebPage","@id":"https:\/\/herbastore.sk\/cs\/produkty\/proteinove-doplnky\/formula-1-express-tycinka\/","url":"https:\/\/herbastore.sk\/cs\/produkty\/proteinove-doplnky\/formula-1-express-tycinka\/","name":"Herbalife Formula 1 Express ty\u010dinka 7x56 g - herbastore.sk","isPartOf":{"@id":"https:\/\/herbastore.sk\/cs\/#website"},"primaryImageOfPage":{"@id":"https:\/\/herbastore.sk\/cs\/produkty\/proteinove-doplnky\/formula-1-express-tycinka\/#primaryimage"},"image":{"@id":"https:\/\/herbastore.sk\/cs\/produkty\/proteinove-doplnky\/formula-1-express-tycinka\/#primaryimage"},"thumbnailUrl":"https:\/\/herbastore.sk\/wp-content\/uploads\/2024\/01\/Herbalife-Formula-1-Express-tycinka-brusnice-biela-cokolada.jpg","datePublished":"2020-07-23T18:32:25+00:00","dateModified":"2025-06-15T07:41:41+00:00","description":"Nest\u00edh\u00e1te sn\u00eddani \u010di sva\u010dinu? Ty\u010dinka Herbalife Formula 1 Express je ide\u00e1ln\u00ed volbou na cest\u00e1ch. Bez um\u011bl\u00fdch konzerva\u010dn\u00edch l\u00e1tek a s n\u00edzk\u00fdm obsahem kalori\u00ed.","breadcrumb":{"@id":"https:\/\/herbastore.sk\/cs\/produkty\/proteinove-doplnky\/formula-1-express-tycinka\/#breadcrumb"},"inLanguage":"cs","potentialAction":[{"@type":"ReadAction","target":["https:\/\/herbastore.sk\/cs\/produkty\/proteinove-doplnky\/formula-1-express-tycinka\/"]}]},{"@type":"ImageObject","inLanguage":"cs","@id":"https:\/\/herbastore.sk\/cs\/produkty\/proteinove-doplnky\/formula-1-express-tycinka\/#primaryimage","url":"https:\/\/herbastore.sk\/wp-content\/uploads\/2024\/01\/Herbalife-Formula-1-Express-tycinka-brusnice-biela-cokolada.jpg","contentUrl":"https:\/\/herbastore.sk\/wp-content\/uploads\/2024\/01\/Herbalife-Formula-1-Express-tycinka-brusnice-biela-cokolada.jpg","width":534,"height":800,"caption":"Herbalife Formula 1 Express tycinka brusinky a bila cokolada"},{"@type":"BreadcrumbList","@id":"https:\/\/herbastore.sk\/cs\/produkty\/proteinove-doplnky\/formula-1-express-tycinka\/#breadcrumb","itemListElement":[{"@type":"ListItem","position":1,"name":"Home","item":"https:\/\/herbastore.sk\/cs\/"},{"@type":"ListItem","position":2,"name":"Produkty","item":"https:\/\/herbastore.sk\/cs\/produkty\/"},{"@type":"ListItem","position":3,"name":"Formula 1 Express ty\u010dinka"}]},{"@type":"WebSite","@id":"https:\/\/herbastore.sk\/cs\/#website","url":"https:\/\/herbastore.sk\/cs\/","name":"herbastore","description":"Produkty Herbalife z pohodlia v\u00e1\u0161ho domova","publisher":{"@id":"https:\/\/herbastore.sk\/cs\/#organization"},"potentialAction":[{"@type":"SearchAction","target":{"@type":"EntryPoint","urlTemplate":"https:\/\/herbastore.sk\/cs\/?s={search_term_string}"},"query-input":{"@type":"PropertyValueSpecification","valueRequired":true,"valueName":"search_term_string"}}],"inLanguage":"cs"},{"@type":"Organization","@id":"https:\/\/herbastore.sk\/cs\/#organization","name":"herbastore.sk","url":"https:\/\/herbastore.sk\/cs\/","logo":{"@type":"ImageObject","inLanguage":"cs","@id":"https:\/\/herbastore.sk\/cs\/#\/schema\/logo\/image\/","url":"https:\/\/herbastore.sk\/wp-content\/uploads\/2018\/11\/herbastore-ikona.png","contentUrl":"https:\/\/herbastore.sk\/wp-content\/uploads\/2018\/11\/herbastore-ikona.png","width":512,"height":512,"caption":"herbastore.sk"},"image":{"@id":"https:\/\/herbastore.sk\/cs\/#\/schema\/logo\/image\/"},"sameAs":["https:\/\/www.facebook.com\/herbastoresk\/","https:\/\/www.instagram.com\/herbastore.sk\/"]}]}},"_links":{"self":[{"href":"https:\/\/herbastore.sk\/cs\/wp-json\/wp\/v2\/product\/8044","targetHints":{"allow":["GET"]}}],"collection":[{"href":"https:\/\/herbastore.sk\/cs\/wp-json\/wp\/v2\/product"}],"about":[{"href":"https:\/\/herbastore.sk\/cs\/wp-json\/wp\/v2\/types\/product"}],"replies":[{"embeddable":true,"href":"https:\/\/herbastore.sk\/cs\/wp-json\/wp\/v2\/comments?post=8044"}],"wp:featuredmedia":[{"embeddable":true,"href":"https:\/\/herbastore.sk\/cs\/wp-json\/wp\/v2\/media\/24727"}],"wp:attachment":[{"href":"https:\/\/herbastore.sk\/cs\/wp-json\/wp\/v2\/media?parent=8044"}],"wp:term":[{"taxonomy":"product_brand","embeddable":true,"href":"https:\/\/herbastore.sk\/cs\/wp-json\/wp\/v2\/product_brand?post=8044"},{"taxonomy":"product_cat","embeddable":true,"href":"https:\/\/herbastore.sk\/cs\/wp-json\/wp\/v2\/product_cat?post=8044"},{"taxonomy":"product_tag","embeddable":true,"href":"https:\/\/herbastore.sk\/cs\/wp-json\/wp\/v2\/product_tag?post=8044"}],"curies":[{"name":"wp","href":"https:\/\/api.w.org\/{rel}","templated":true}]}}