{"id":8043,"date":"2019-03-12T20:42:10","date_gmt":"2020-07-23T11:31:32","guid":{"rendered":"https:\/\/herbastore.sk\/produkty\/nezarazene\/beta-heart\/"},"modified":"2025-06-03T09:24:50","modified_gmt":"2025-06-03T07:24:50","slug":"beta-heart","status":"publish","type":"product","link":"https:\/\/herbastore.sk\/cs\/produkty\/cilena-vyziva\/beta-heart\/","title":{"rendered":"Beta heart"},"content":{"rendered":"<h2>Jak v\u00e1m m\u016f\u017ee b\u00fdt Beta heart prosp\u011b\u0161n\u00fd?<\/h2>\n<p> Zp\u016fsob \u017eivotn\u00edho stylu hraje obrovskou roli p\u0159i vysok\u00e9 hladin\u011b cholesterolu bez ohledu na v\u011bk. Vezm\u011bte zdrav\u00ed do vlastn\u00edch rukou ve t\u0159ech jednoduch\u00fdch kroc\u00edch. <\/p>\n<h4><strong>Krok 1: Dob\u0159e se stravujte:<\/strong><\/h4>\n<p> Sni\u017ete sv\u016fj p\u0159\u00edjem trans a nasycen\u00fdch mastn\u00fdch kyselin jednoduchou z\u00e1m\u011bnou j\u00eddla: <\/p>\n<ul>\n<li>Rostlinn\u00e9 oleje jako nap\u0159\u00edklad olivov\u00fd olej m\u00edsto \u017eivo\u010di\u0161n\u00fdch tuk\u016f, nap\u0159. m\u00e1sla<\/li>\n<li>Tu\u010dn\u00e9 ryby nebo netu\u010dn\u00e1 dr\u016fbe\u017e nam\u00edsto zpracovan\u00e9ho nebo \u010derven\u00e9ho masa<\/li>\n<li>O\u0159\u00ed\u0161ky, sem\u00ednka a s\u00f3jov\u00e9 boby nam\u00edsto zpracovan\u00fdch pochutin, nap\u0159. bramborov\u00fdch lup\u00ednk\u016f<\/li>\n<\/ul>\n<h4><strong>Krok 2: H\u00fdbejte se:<\/strong><\/h4>\n<p> Pohyb pom\u00e1h\u00e1 zvy\u0161ovat hladinu \u201edobr\u00e9ho\u201c cholesterolu (HDL) v krvi. Stimuluje pohyb p\u0159ijat\u00fdch tuk\u016f do jater, co\u017e pom\u00e1h\u00e1 udr\u017eovat srdce a c\u00e9vy v dobr\u00e9m stavu. Pot\u0159ebujete jen 150 minut cvi\u010den\u00ed m\u00edrn\u00e9 intenzity t\u00fddn\u011b<strong>*<\/strong> &#8211; pokuste se o 30 minut denn\u011b, 5 dn\u00ed v t\u00fddnu! Pokud p\u0159estanete kou\u0159it, je to tak\u00e9 z\u00e1sadn\u00ed krok pro sn\u00ed\u017een\u00ed hladiny cholesterolu. <\/p>\n<h4><strong>Krok 3: Zlep\u0161ete svou stravu:<\/strong><\/h4>\n<p> Jedna odm\u011brka Beta heart poskytuje krom\u011b vysok\u00e9ho obsahu vl\u00e1kniny a protein\u016f i 1,5 g beta-glukanu, kter\u00fd se b\u011b\u017en\u011b nach\u00e1z\u00ed v ovesn\u00fdch otrub\u00e1ch a pom\u00e1h\u00e1 sni\u017eovat \u010di udr\u017eovat hladinu cholesterolu.<strong>**<\/strong><strong>*<\/strong> Odpor\u00fa\u010dania NHS (National Health Service): Vysok\u00e1 hladina cholesterolu \u2013 prevencia. Vydan\u00e9 dne 16. 8. 2013. 8.<br \/>\n2013. <strong>**<\/strong> Je preuk\u00e1zan\u00e9, \u017ee ovsen\u00e9 betagluk\u00e1ny v\u00fdrazne zni\u017euj\u00fa cholesterol v krvi.  Vysok\u00e1 hladina cholesterolu je rizikov\u00fdm faktorem pro rozvoj ischemick\u00e9 choroby srde\u010dn\u00ed. Betaglukan p\u0159isp\u00edv\u00e1 k udr\u017eov\u00e1n\u00ed norm\u00e1ln\u00ed hladiny cholesterolu. Koron\u00e1rn\u00ed srde\u010dn\u00ed choroba m\u00e1 n\u011bkolik rizikov\u00fdch faktor\u016f a \u00faprava jednoho z t\u011bchto rizikov\u00fdch faktor\u016f m\u016f\u017ee, ale nemus\u00ed m\u00edt pozitivn\u00ed \u00fa\u010dinek. <\/p>\n<h2>Efekty a vlastnosti<\/h2>\n<div class=\"row\"  id=\"row-1735617126\">\n\n\t<div id=\"col-946034188\" class=\"col medium-1\/2 large-6\"  >\n\t\t\t\t<div class=\"col-inner\"  >\n\t\t\t\n\t\t\t\n<ul>\n<li class=\"bullet-checkmark\">3 g ovesn\u00e9ho beta-glukanu pom\u00e1haj\u00ed sn\u00ed\u017eit hladinu cholesterolu (2 odm\u011brky)<\/li>\n<li class=\"bullet-checkmark\">1,5 g ovesn\u00e9ho beta-glukanu pom\u00e1haj\u00ed udr\u017eet hladinu cholesterolu (1 odm\u011brka)<\/li>\n<li class=\"bullet-checkmark\">Vysok\u00fd obsah vl\u00e1kniny<\/li>\n<li class=\"bullet-checkmark\">Bez obsahu cukru<\/li>\n<\/ul>\n\t\t<\/div>\n\t\t\t\t\t<\/div>\n\n\t\n\n\t<div id=\"col-227332460\" class=\"col medium-1\/2 large-6\"  >\n\t\t\t\t<div class=\"col-inner\"  >\n\t\t\t\n\t\t\t\n<ul>\n<li class=\"bullet-checkmark\">Bez um\u011bl\u00fdch sladidel<\/li>\n<li class=\"bullet-checkmark\">Zdroj protein\u016f<\/li>\n<li class=\"bullet-checkmark\">25 kcal na jednu odm\u011brku<\/li>\n<li class=\"bullet-checkmark\">P\u0159\u00ednosu se dosahuje p\u0159i p\u0159\u00edjmu 3 g ovesn\u00e9ho beta-glukanu<\/li>\n<\/ul>\n\t\t<\/div>\n\t\t\t\t\t<\/div>\n\n\t\n<\/div>\n<h2>D\u00e1vkovanie<\/h2>\n<p>Jednoducho zmie\u0161ajte 1 alebo 2 odmerky Beta heart s vodou, ovocn\u00fdm d\u017e\u00fasom alebo ho pridajte do svojho ob\u013e\u00faben\u00e9ho <a href=\"https:\/\/herbastore.sk\/cs\/produkty\/vyvazene-jidlo\/formula-1-koktejl\/\">koktailu Formula 1<\/a> jedenkr\u00e1t denne. Priazniv\u00fd \u00fa\u010dinok sa dosiahne pri pr\u00edjme 3 g ovsen\u00e9ho betagluk\u00e1nu.<\/p>\n<p><a href=\"https:\/\/herbastore.sk\/wp-content\/uploads\/2019\/03\/Herbalife-Beta-heart-vyzivova-hodnota.jpg\"><img decoding=\"async\" class=\"aligncenter wp-image-2957 size-full\" src=\"https:\/\/herbastore.sk\/wp-content\/uploads\/2019\/03\/Herbalife-Beta-heart-vyzivova-hodnota.jpg\" alt=\"Herbalife Beta heart vyzivova hodnota\" width=\"600\" height=\"auto\" srcset=\"https:\/\/herbastore.sk\/wp-content\/uploads\/2019\/03\/Herbalife-Beta-heart-vyzivova-hodnota.jpg 1829w, https:\/\/herbastore.sk\/wp-content\/uploads\/2019\/03\/Herbalife-Beta-heart-vyzivova-hodnota-267x137.jpg 267w, https:\/\/herbastore.sk\/wp-content\/uploads\/2019\/03\/Herbalife-Beta-heart-vyzivova-hodnota-534x274.jpg 534w, https:\/\/herbastore.sk\/wp-content\/uploads\/2019\/03\/Herbalife-Beta-heart-vyzivova-hodnota-778x400.jpg 778w, https:\/\/herbastore.sk\/wp-content\/uploads\/2019\/03\/Herbalife-Beta-heart-vyzivova-hodnota-1400x720.jpg 1400w, https:\/\/herbastore.sk\/wp-content\/uploads\/2019\/03\/Herbalife-Beta-heart-vyzivova-hodnota-768x395.jpg 768w, https:\/\/herbastore.sk\/wp-content\/uploads\/2019\/03\/Herbalife-Beta-heart-vyzivova-hodnota-1536x789.jpg 1536w, https:\/\/herbastore.sk\/wp-content\/uploads\/2019\/03\/Herbalife-Beta-heart-vyzivova-hodnota-510x262.jpg 510w\" sizes=\"(max-width: 1829px) 100vw, 1829px\" \/><\/a><\/p>\n<p style=\"text-align: center;\"><em>V\u00fd\u017eivov\u00e1 hodnota &#8211; Herbalife Beta heart<\/em><\/p>\n","protected":false},"excerpt":{"rendered":"<p>229 g <div class=\"is-divider divider clearfix\" ><\/div> Herbalife Beta heart je dopln\u011bk stravy s vanilkovou p\u0159\u00edchut\u00ed, kter\u00fd obsahuje ovesn\u00fd beta-glukan OatWell\u2122. Je v\u011bdecky prok\u00e1zan\u00e9, \u017ee ovesn\u00e9 beta-glukany v\u00fdrazn\u011b sni\u017euj\u00ed cholesterol v krvi. Vysok\u00e1 hladina cholesterolu je rizikov\u00fdm faktorem pro rozvoj ischemick\u00e9 choroby srde\u010dn\u00ed. Beta-glukan p\u0159isp\u00edv\u00e1 k udr\u017eov\u00e1n\u00ed norm\u00e1ln\u00ed hladiny cholesterolu.<\/p>\n","protected":false},"featured_media":15038,"comment_status":"open","ping_status":"closed","template":"","meta":{"inline_featured_image":false},"product_brand":[],"product_cat":[182],"product_tag":[211,213],"class_list":{"0":"post-8043","1":"product","2":"type-product","3":"status-publish","4":"has-post-thumbnail","6":"product_cat-cilena-vyziva","7":"product_tag-travici-trakt","8":"product_tag-vysoky-cholesterol","10":"first","11":"instock","12":"taxable","13":"shipping-taxable","14":"purchasable","15":"product-type-simple"},"yoast_head":"<!-- This site is optimized with the Yoast SEO plugin v26.8 - https:\/\/yoast.com\/product\/yoast-seo-wordpress\/ -->\n<title>Herbalife Beta heart 229 g - herbastore.sk<\/title>\n<meta name=\"description\" content=\"Beta heart je v\u00fd\u017eivov\u00fd dopln\u011bk bez cukru a s vysok\u00fdm obsahem vl\u00e1kniny, kter\u00fd obsahuje ovesn\u00fd beta-glukan OatWell. Pom\u00e1h\u00e1 sn\u00ed\u017eit hladinu cholesterolu v krvi.\" \/>\n<meta name=\"robots\" content=\"index, follow, max-snippet:-1, max-image-preview:large, max-video-preview:-1\" \/>\n<link rel=\"canonical\" href=\"https:\/\/herbastore.sk\/cs\/produkty\/cilena-vyziva\/beta-heart\/\" \/>\n<meta property=\"og:locale\" content=\"cs_CZ\" \/>\n<meta property=\"og:type\" content=\"article\" \/>\n<meta property=\"og:title\" content=\"Herbalife Beta heart 229 g - herbastore.sk\" \/>\n<meta property=\"og:description\" content=\"Beta heart je v\u00fd\u017eivov\u00fd dopln\u011bk bez cukru a s vysok\u00fdm obsahem vl\u00e1kniny, kter\u00fd obsahuje ovesn\u00fd beta-glukan OatWell. Pom\u00e1h\u00e1 sn\u00ed\u017eit hladinu cholesterolu v krvi.\" \/>\n<meta property=\"og:url\" content=\"https:\/\/herbastore.sk\/cs\/produkty\/cilena-vyziva\/beta-heart\/\" \/>\n<meta property=\"og:site_name\" content=\"herbastore\" \/>\n<meta property=\"article:publisher\" content=\"https:\/\/www.facebook.com\/herbastoresk\/\" \/>\n<meta property=\"article:modified_time\" content=\"2025-06-03T07:24:50+00:00\" \/>\n<meta property=\"og:image\" content=\"https:\/\/herbastore.sk\/wp-content\/uploads\/2021\/09\/Herbalife-Beta-heart-vanilka.jpg\" \/>\n\t<meta property=\"og:image:width\" content=\"534\" \/>\n\t<meta property=\"og:image:height\" content=\"800\" \/>\n\t<meta property=\"og:image:type\" content=\"image\/jpeg\" \/>\n<meta name=\"twitter:card\" content=\"summary_large_image\" \/>\n<meta name=\"twitter:label1\" content=\"Odhadovan\u00e1 doba \u010dten\u00ed\" \/>\n\t<meta name=\"twitter:data1\" content=\"2 minuty\" \/>\n<script type=\"application\/ld+json\" class=\"yoast-schema-graph\">{\"@context\":\"https:\/\/schema.org\",\"@graph\":[{\"@type\":\"WebPage\",\"@id\":\"https:\/\/herbastore.sk\/cs\/produkty\/cilena-vyziva\/beta-heart\/\",\"url\":\"https:\/\/herbastore.sk\/cs\/produkty\/cilena-vyziva\/beta-heart\/\",\"name\":\"Herbalife Beta heart 229 g - herbastore.sk\",\"isPartOf\":{\"@id\":\"https:\/\/herbastore.sk\/cs\/#website\"},\"primaryImageOfPage\":{\"@id\":\"https:\/\/herbastore.sk\/cs\/produkty\/cilena-vyziva\/beta-heart\/#primaryimage\"},\"image\":{\"@id\":\"https:\/\/herbastore.sk\/cs\/produkty\/cilena-vyziva\/beta-heart\/#primaryimage\"},\"thumbnailUrl\":\"https:\/\/herbastore.sk\/wp-content\/uploads\/2021\/09\/Herbalife-Beta-heart-vanilka.jpg\",\"datePublished\":\"2020-07-23T11:31:32+00:00\",\"dateModified\":\"2025-06-03T07:24:50+00:00\",\"description\":\"Beta heart je v\u00fd\u017eivov\u00fd dopln\u011bk bez cukru a s vysok\u00fdm obsahem vl\u00e1kniny, kter\u00fd obsahuje ovesn\u00fd beta-glukan OatWell. Pom\u00e1h\u00e1 sn\u00ed\u017eit hladinu cholesterolu v krvi.\",\"breadcrumb\":{\"@id\":\"https:\/\/herbastore.sk\/cs\/produkty\/cilena-vyziva\/beta-heart\/#breadcrumb\"},\"inLanguage\":\"cs\",\"potentialAction\":[{\"@type\":\"ReadAction\",\"target\":[\"https:\/\/herbastore.sk\/cs\/produkty\/cilena-vyziva\/beta-heart\/\"]}]},{\"@type\":\"ImageObject\",\"inLanguage\":\"cs\",\"@id\":\"https:\/\/herbastore.sk\/cs\/produkty\/cilena-vyziva\/beta-heart\/#primaryimage\",\"url\":\"https:\/\/herbastore.sk\/wp-content\/uploads\/2021\/09\/Herbalife-Beta-heart-vanilka.jpg\",\"contentUrl\":\"https:\/\/herbastore.sk\/wp-content\/uploads\/2021\/09\/Herbalife-Beta-heart-vanilka.jpg\",\"width\":534,\"height\":800,\"caption\":\"Herbalife Beta heart s vanilkovou prichuti\"},{\"@type\":\"BreadcrumbList\",\"@id\":\"https:\/\/herbastore.sk\/cs\/produkty\/cilena-vyziva\/beta-heart\/#breadcrumb\",\"itemListElement\":[{\"@type\":\"ListItem\",\"position\":1,\"name\":\"Home\",\"item\":\"https:\/\/herbastore.sk\/cs\/\"},{\"@type\":\"ListItem\",\"position\":2,\"name\":\"Produkty\",\"item\":\"https:\/\/herbastore.sk\/cs\/produkty\/\"},{\"@type\":\"ListItem\",\"position\":3,\"name\":\"Beta heart\"}]},{\"@type\":\"WebSite\",\"@id\":\"https:\/\/herbastore.sk\/cs\/#website\",\"url\":\"https:\/\/herbastore.sk\/cs\/\",\"name\":\"herbastore\",\"description\":\"Produkty Herbalife z pohodlia v\u00e1\u0161ho domova\",\"publisher\":{\"@id\":\"https:\/\/herbastore.sk\/cs\/#organization\"},\"potentialAction\":[{\"@type\":\"SearchAction\",\"target\":{\"@type\":\"EntryPoint\",\"urlTemplate\":\"https:\/\/herbastore.sk\/cs\/?s={search_term_string}\"},\"query-input\":{\"@type\":\"PropertyValueSpecification\",\"valueRequired\":true,\"valueName\":\"search_term_string\"}}],\"inLanguage\":\"cs\"},{\"@type\":\"Organization\",\"@id\":\"https:\/\/herbastore.sk\/cs\/#organization\",\"name\":\"herbastore.sk\",\"url\":\"https:\/\/herbastore.sk\/cs\/\",\"logo\":{\"@type\":\"ImageObject\",\"inLanguage\":\"cs\",\"@id\":\"https:\/\/herbastore.sk\/cs\/#\/schema\/logo\/image\/\",\"url\":\"https:\/\/herbastore.sk\/wp-content\/uploads\/2018\/11\/herbastore-ikona.png\",\"contentUrl\":\"https:\/\/herbastore.sk\/wp-content\/uploads\/2018\/11\/herbastore-ikona.png\",\"width\":512,\"height\":512,\"caption\":\"herbastore.sk\"},\"image\":{\"@id\":\"https:\/\/herbastore.sk\/cs\/#\/schema\/logo\/image\/\"},\"sameAs\":[\"https:\/\/www.facebook.com\/herbastoresk\/\",\"https:\/\/www.instagram.com\/herbastore.sk\/\"]}]}<\/script>\n<!-- \/ Yoast SEO plugin. -->","yoast_head_json":{"title":"Herbalife Beta heart 229 g - herbastore.sk","description":"Beta heart je v\u00fd\u017eivov\u00fd dopln\u011bk bez cukru a s vysok\u00fdm obsahem vl\u00e1kniny, kter\u00fd obsahuje ovesn\u00fd beta-glukan OatWell. Pom\u00e1h\u00e1 sn\u00ed\u017eit hladinu cholesterolu v krvi.","robots":{"index":"index","follow":"follow","max-snippet":"max-snippet:-1","max-image-preview":"max-image-preview:large","max-video-preview":"max-video-preview:-1"},"canonical":"https:\/\/herbastore.sk\/cs\/produkty\/cilena-vyziva\/beta-heart\/","og_locale":"cs_CZ","og_type":"article","og_title":"Herbalife Beta heart 229 g - herbastore.sk","og_description":"Beta heart je v\u00fd\u017eivov\u00fd dopln\u011bk bez cukru a s vysok\u00fdm obsahem vl\u00e1kniny, kter\u00fd obsahuje ovesn\u00fd beta-glukan OatWell. Pom\u00e1h\u00e1 sn\u00ed\u017eit hladinu cholesterolu v krvi.","og_url":"https:\/\/herbastore.sk\/cs\/produkty\/cilena-vyziva\/beta-heart\/","og_site_name":"herbastore","article_publisher":"https:\/\/www.facebook.com\/herbastoresk\/","article_modified_time":"2025-06-03T07:24:50+00:00","og_image":[{"width":534,"height":800,"url":"https:\/\/herbastore.sk\/wp-content\/uploads\/2021\/09\/Herbalife-Beta-heart-vanilka.jpg","type":"image\/jpeg"}],"twitter_card":"summary_large_image","twitter_misc":{"Odhadovan\u00e1 doba \u010dten\u00ed":"2 minuty"},"schema":{"@context":"https:\/\/schema.org","@graph":[{"@type":"WebPage","@id":"https:\/\/herbastore.sk\/cs\/produkty\/cilena-vyziva\/beta-heart\/","url":"https:\/\/herbastore.sk\/cs\/produkty\/cilena-vyziva\/beta-heart\/","name":"Herbalife Beta heart 229 g - herbastore.sk","isPartOf":{"@id":"https:\/\/herbastore.sk\/cs\/#website"},"primaryImageOfPage":{"@id":"https:\/\/herbastore.sk\/cs\/produkty\/cilena-vyziva\/beta-heart\/#primaryimage"},"image":{"@id":"https:\/\/herbastore.sk\/cs\/produkty\/cilena-vyziva\/beta-heart\/#primaryimage"},"thumbnailUrl":"https:\/\/herbastore.sk\/wp-content\/uploads\/2021\/09\/Herbalife-Beta-heart-vanilka.jpg","datePublished":"2020-07-23T11:31:32+00:00","dateModified":"2025-06-03T07:24:50+00:00","description":"Beta heart je v\u00fd\u017eivov\u00fd dopln\u011bk bez cukru a s vysok\u00fdm obsahem vl\u00e1kniny, kter\u00fd obsahuje ovesn\u00fd beta-glukan OatWell. Pom\u00e1h\u00e1 sn\u00ed\u017eit hladinu cholesterolu v krvi.","breadcrumb":{"@id":"https:\/\/herbastore.sk\/cs\/produkty\/cilena-vyziva\/beta-heart\/#breadcrumb"},"inLanguage":"cs","potentialAction":[{"@type":"ReadAction","target":["https:\/\/herbastore.sk\/cs\/produkty\/cilena-vyziva\/beta-heart\/"]}]},{"@type":"ImageObject","inLanguage":"cs","@id":"https:\/\/herbastore.sk\/cs\/produkty\/cilena-vyziva\/beta-heart\/#primaryimage","url":"https:\/\/herbastore.sk\/wp-content\/uploads\/2021\/09\/Herbalife-Beta-heart-vanilka.jpg","contentUrl":"https:\/\/herbastore.sk\/wp-content\/uploads\/2021\/09\/Herbalife-Beta-heart-vanilka.jpg","width":534,"height":800,"caption":"Herbalife Beta heart s vanilkovou prichuti"},{"@type":"BreadcrumbList","@id":"https:\/\/herbastore.sk\/cs\/produkty\/cilena-vyziva\/beta-heart\/#breadcrumb","itemListElement":[{"@type":"ListItem","position":1,"name":"Home","item":"https:\/\/herbastore.sk\/cs\/"},{"@type":"ListItem","position":2,"name":"Produkty","item":"https:\/\/herbastore.sk\/cs\/produkty\/"},{"@type":"ListItem","position":3,"name":"Beta heart"}]},{"@type":"WebSite","@id":"https:\/\/herbastore.sk\/cs\/#website","url":"https:\/\/herbastore.sk\/cs\/","name":"herbastore","description":"Produkty Herbalife z pohodlia v\u00e1\u0161ho domova","publisher":{"@id":"https:\/\/herbastore.sk\/cs\/#organization"},"potentialAction":[{"@type":"SearchAction","target":{"@type":"EntryPoint","urlTemplate":"https:\/\/herbastore.sk\/cs\/?s={search_term_string}"},"query-input":{"@type":"PropertyValueSpecification","valueRequired":true,"valueName":"search_term_string"}}],"inLanguage":"cs"},{"@type":"Organization","@id":"https:\/\/herbastore.sk\/cs\/#organization","name":"herbastore.sk","url":"https:\/\/herbastore.sk\/cs\/","logo":{"@type":"ImageObject","inLanguage":"cs","@id":"https:\/\/herbastore.sk\/cs\/#\/schema\/logo\/image\/","url":"https:\/\/herbastore.sk\/wp-content\/uploads\/2018\/11\/herbastore-ikona.png","contentUrl":"https:\/\/herbastore.sk\/wp-content\/uploads\/2018\/11\/herbastore-ikona.png","width":512,"height":512,"caption":"herbastore.sk"},"image":{"@id":"https:\/\/herbastore.sk\/cs\/#\/schema\/logo\/image\/"},"sameAs":["https:\/\/www.facebook.com\/herbastoresk\/","https:\/\/www.instagram.com\/herbastore.sk\/"]}]}},"_links":{"self":[{"href":"https:\/\/herbastore.sk\/cs\/wp-json\/wp\/v2\/product\/8043","targetHints":{"allow":["GET"]}}],"collection":[{"href":"https:\/\/herbastore.sk\/cs\/wp-json\/wp\/v2\/product"}],"about":[{"href":"https:\/\/herbastore.sk\/cs\/wp-json\/wp\/v2\/types\/product"}],"replies":[{"embeddable":true,"href":"https:\/\/herbastore.sk\/cs\/wp-json\/wp\/v2\/comments?post=8043"}],"wp:featuredmedia":[{"embeddable":true,"href":"https:\/\/herbastore.sk\/cs\/wp-json\/wp\/v2\/media\/15038"}],"wp:attachment":[{"href":"https:\/\/herbastore.sk\/cs\/wp-json\/wp\/v2\/media?parent=8043"}],"wp:term":[{"taxonomy":"product_brand","embeddable":true,"href":"https:\/\/herbastore.sk\/cs\/wp-json\/wp\/v2\/product_brand?post=8043"},{"taxonomy":"product_cat","embeddable":true,"href":"https:\/\/herbastore.sk\/cs\/wp-json\/wp\/v2\/product_cat?post=8043"},{"taxonomy":"product_tag","embeddable":true,"href":"https:\/\/herbastore.sk\/cs\/wp-json\/wp\/v2\/product_tag?post=8043"}],"curies":[{"name":"wp","href":"https:\/\/api.w.org\/{rel}","templated":true}]}}