{"id":8035,"date":"2019-06-08T23:42:02","date_gmt":"2020-07-22T18:16:43","guid":{"rendered":"https:\/\/herbastore.sk\/produkty\/nezarazene\/myci-telovy-gel\/"},"modified":"2024-09-07T12:53:55","modified_gmt":"2024-09-07T10:53:55","slug":"myci-telovy-gel","status":"publish","type":"product","link":"https:\/\/herbastore.sk\/cs\/produkty\/herbal-aloe\/myci-telovy-gel\/","title":{"rendered":"Myc\u00ed t\u011blov\u00fd gel"},"content":{"rendered":"<h2>Obnovte a o\u017eivte<\/h2>\n<p> T\u011blov\u00e9 a koupelov\u00e9 p\u0159\u00edpravky Herbal Aloe jsou speci\u00e1ln\u011b vyroben\u00e9 za \u00fa\u010delem hydratace poko\u017eky. Zanech\u00e1vaj\u00ed poko\u017eku hebkou a hedv\u00e1bn\u011b jemnou. Obsahuj\u00ed prosp\u011b\u0161n\u00e9 rostlinn\u00e9 slo\u017eky, a naopak neobsahuj\u00ed parabeny a ani \u017e\u00e1dn\u00e1 p\u0159idan\u00e1 barviva. <\/p>\n<h2>Efekty a vlastnosti<\/h2>\n<ul>\n<li class=\"bullet-checkmark\">Jemn\u00fd \u010dist\u00edc\u00ed p\u0159\u00edpravek s obsahem rostlinn\u00fdch slo\u017eek<\/li>\n<li class=\"bullet-checkmark\">T\u0159i hydrata\u010dn\u00ed slo\u017eky zklid\u0148uj\u00ed suchou poko\u017eku a do hloubky ji hydratuj\u00ed<\/li>\n<li class=\"bullet-checkmark\">Sm\u011bs v\u00fdta\u017ek\u016f z pou\u0161tn\u00edch rostlin pom\u00e1h\u00e1 udr\u017eovat zdravou poko\u017eku<\/li>\n<li class=\"bullet-checkmark\">Bez p\u0159idan\u00fdch paraben\u016f a sulf\u00e1t\u016f<\/li>\n<\/ul>\n<h2>Pou\u017eit\u00ed<\/h2>\n<p> Pou\u017e\u00edvejte denn\u011b p\u0159i koupeli. Vhodn\u00e9 tak\u00e9 na \u010dast\u00e9 myt\u00ed rukou. Nejlep\u0161\u00edch v\u00fdsledk\u016f dos\u00e1hnete p\u0159i sou\u010dasn\u00e9m pou\u017eit\u00ed spolu s <a href=\"https:\/\/herbastore.sk\/cs\/produkty\/herbal-aloe\/krem-na-ruce-a-telo\/\">Kr\u00e9mem na ruce a t\u011blo<\/a> z \u0159ady Herbal Aloe.<\/p>\n","protected":false},"excerpt":{"rendered":"<p>250 ml <div class=\"is-divider divider clearfix\" ><\/div> Jemn\u00fd \u010distic\u00ed gel bohat\u00fd na rostlinn\u00e9 l\u00e1tky, kter\u00fd \u010dist\u00ed a hydratuje poko\u017eku.<\/p>\n","protected":false},"featured_media":15140,"comment_status":"open","ping_status":"closed","template":"","meta":{"inline_featured_image":false},"product_brand":[],"product_cat":[198],"product_tag":[203],"class_list":{"0":"post-8035","1":"product","2":"type-product","3":"status-publish","4":"has-post-thumbnail","6":"product_cat-herbal-aloe","7":"product_tag-hezci-plet-a-vlasy","9":"first","10":"instock","11":"taxable","12":"shipping-taxable","13":"purchasable","14":"product-type-simple"},"yoast_head":"<!-- This site is optimized with the Yoast SEO plugin v26.8 - https:\/\/yoast.com\/product\/yoast-seo-wordpress\/ -->\n<title>Herbalife Herbal Aloe Myc\u00ed t\u011blov\u00fd gel 250 ml - herbastore.sk<\/title>\n<meta name=\"description\" content=\"Myc\u00ed t\u011blov\u00fd gel s bohat\u00fdm obsahem rostlinn\u00fdch slo\u017eek, kter\u00fd \u010dist\u00ed a hydratuje va\u0161i poko\u017eku. Bez p\u0159idan\u00fdch paraben\u016f a sulf\u00e1t\u016f, klinicky testov\u00e1n.\" \/>\n<meta name=\"robots\" content=\"index, follow, max-snippet:-1, max-image-preview:large, max-video-preview:-1\" \/>\n<link rel=\"canonical\" href=\"https:\/\/herbastore.sk\/cs\/produkty\/herbal-aloe\/myci-telovy-gel\/\" \/>\n<meta property=\"og:locale\" content=\"cs_CZ\" \/>\n<meta property=\"og:type\" content=\"article\" \/>\n<meta property=\"og:title\" content=\"Herbalife Herbal Aloe Myc\u00ed t\u011blov\u00fd gel 250 ml - herbastore.sk\" \/>\n<meta property=\"og:description\" content=\"Myc\u00ed t\u011blov\u00fd gel s bohat\u00fdm obsahem rostlinn\u00fdch slo\u017eek, kter\u00fd \u010dist\u00ed a hydratuje va\u0161i poko\u017eku. Bez p\u0159idan\u00fdch paraben\u016f a sulf\u00e1t\u016f, klinicky testov\u00e1n.\" \/>\n<meta property=\"og:url\" content=\"https:\/\/herbastore.sk\/cs\/produkty\/herbal-aloe\/myci-telovy-gel\/\" \/>\n<meta property=\"og:site_name\" content=\"herbastore\" \/>\n<meta property=\"article:publisher\" content=\"https:\/\/www.facebook.com\/herbastoresk\/\" \/>\n<meta property=\"article:modified_time\" content=\"2024-09-07T10:53:55+00:00\" \/>\n<meta property=\"og:image\" content=\"https:\/\/herbastore.sk\/wp-content\/uploads\/2021\/10\/Herbalife-Herbal-aloe-umyvaci-telovy-gel.jpg\" \/>\n\t<meta property=\"og:image:width\" content=\"534\" \/>\n\t<meta property=\"og:image:height\" content=\"800\" \/>\n\t<meta property=\"og:image:type\" content=\"image\/jpeg\" \/>\n<meta name=\"twitter:card\" content=\"summary_large_image\" \/>\n<meta name=\"twitter:label1\" content=\"Odhadovan\u00e1 doba \u010dten\u00ed\" \/>\n\t<meta name=\"twitter:data1\" content=\"1 minuta\" \/>\n<script type=\"application\/ld+json\" class=\"yoast-schema-graph\">{\"@context\":\"https:\/\/schema.org\",\"@graph\":[{\"@type\":\"WebPage\",\"@id\":\"https:\/\/herbastore.sk\/cs\/produkty\/herbal-aloe\/myci-telovy-gel\/\",\"url\":\"https:\/\/herbastore.sk\/cs\/produkty\/herbal-aloe\/myci-telovy-gel\/\",\"name\":\"Herbalife Herbal Aloe Myc\u00ed t\u011blov\u00fd gel 250 ml - herbastore.sk\",\"isPartOf\":{\"@id\":\"https:\/\/herbastore.sk\/cs\/#website\"},\"primaryImageOfPage\":{\"@id\":\"https:\/\/herbastore.sk\/cs\/produkty\/herbal-aloe\/myci-telovy-gel\/#primaryimage\"},\"image\":{\"@id\":\"https:\/\/herbastore.sk\/cs\/produkty\/herbal-aloe\/myci-telovy-gel\/#primaryimage\"},\"thumbnailUrl\":\"https:\/\/herbastore.sk\/wp-content\/uploads\/2021\/10\/Herbalife-Herbal-aloe-umyvaci-telovy-gel.jpg\",\"datePublished\":\"2020-07-22T18:16:43+00:00\",\"dateModified\":\"2024-09-07T10:53:55+00:00\",\"description\":\"Myc\u00ed t\u011blov\u00fd gel s bohat\u00fdm obsahem rostlinn\u00fdch slo\u017eek, kter\u00fd \u010dist\u00ed a hydratuje va\u0161i poko\u017eku. Bez p\u0159idan\u00fdch paraben\u016f a sulf\u00e1t\u016f, klinicky testov\u00e1n.\",\"breadcrumb\":{\"@id\":\"https:\/\/herbastore.sk\/cs\/produkty\/herbal-aloe\/myci-telovy-gel\/#breadcrumb\"},\"inLanguage\":\"cs\",\"potentialAction\":[{\"@type\":\"ReadAction\",\"target\":[\"https:\/\/herbastore.sk\/cs\/produkty\/herbal-aloe\/myci-telovy-gel\/\"]}]},{\"@type\":\"ImageObject\",\"inLanguage\":\"cs\",\"@id\":\"https:\/\/herbastore.sk\/cs\/produkty\/herbal-aloe\/myci-telovy-gel\/#primaryimage\",\"url\":\"https:\/\/herbastore.sk\/wp-content\/uploads\/2021\/10\/Herbalife-Herbal-aloe-umyvaci-telovy-gel.jpg\",\"contentUrl\":\"https:\/\/herbastore.sk\/wp-content\/uploads\/2021\/10\/Herbalife-Herbal-aloe-umyvaci-telovy-gel.jpg\",\"width\":534,\"height\":800,\"caption\":\"Herbalife Herbal Aloe myci telovy gel\"},{\"@type\":\"BreadcrumbList\",\"@id\":\"https:\/\/herbastore.sk\/cs\/produkty\/herbal-aloe\/myci-telovy-gel\/#breadcrumb\",\"itemListElement\":[{\"@type\":\"ListItem\",\"position\":1,\"name\":\"Home\",\"item\":\"https:\/\/herbastore.sk\/cs\/\"},{\"@type\":\"ListItem\",\"position\":2,\"name\":\"Produkty\",\"item\":\"https:\/\/herbastore.sk\/cs\/produkty\/\"},{\"@type\":\"ListItem\",\"position\":3,\"name\":\"Myc\u00ed t\u011blov\u00fd gel\"}]},{\"@type\":\"WebSite\",\"@id\":\"https:\/\/herbastore.sk\/cs\/#website\",\"url\":\"https:\/\/herbastore.sk\/cs\/\",\"name\":\"herbastore\",\"description\":\"Produkty Herbalife z pohodlia v\u00e1\u0161ho domova\",\"publisher\":{\"@id\":\"https:\/\/herbastore.sk\/cs\/#organization\"},\"potentialAction\":[{\"@type\":\"SearchAction\",\"target\":{\"@type\":\"EntryPoint\",\"urlTemplate\":\"https:\/\/herbastore.sk\/cs\/?s={search_term_string}\"},\"query-input\":{\"@type\":\"PropertyValueSpecification\",\"valueRequired\":true,\"valueName\":\"search_term_string\"}}],\"inLanguage\":\"cs\"},{\"@type\":\"Organization\",\"@id\":\"https:\/\/herbastore.sk\/cs\/#organization\",\"name\":\"herbastore.sk\",\"url\":\"https:\/\/herbastore.sk\/cs\/\",\"logo\":{\"@type\":\"ImageObject\",\"inLanguage\":\"cs\",\"@id\":\"https:\/\/herbastore.sk\/cs\/#\/schema\/logo\/image\/\",\"url\":\"https:\/\/herbastore.sk\/wp-content\/uploads\/2018\/11\/herbastore-ikona.png\",\"contentUrl\":\"https:\/\/herbastore.sk\/wp-content\/uploads\/2018\/11\/herbastore-ikona.png\",\"width\":512,\"height\":512,\"caption\":\"herbastore.sk\"},\"image\":{\"@id\":\"https:\/\/herbastore.sk\/cs\/#\/schema\/logo\/image\/\"},\"sameAs\":[\"https:\/\/www.facebook.com\/herbastoresk\/\",\"https:\/\/www.instagram.com\/herbastore.sk\/\"]}]}<\/script>\n<!-- \/ Yoast SEO plugin. -->","yoast_head_json":{"title":"Herbalife Herbal Aloe Myc\u00ed t\u011blov\u00fd gel 250 ml - herbastore.sk","description":"Myc\u00ed t\u011blov\u00fd gel s bohat\u00fdm obsahem rostlinn\u00fdch slo\u017eek, kter\u00fd \u010dist\u00ed a hydratuje va\u0161i poko\u017eku. Bez p\u0159idan\u00fdch paraben\u016f a sulf\u00e1t\u016f, klinicky testov\u00e1n.","robots":{"index":"index","follow":"follow","max-snippet":"max-snippet:-1","max-image-preview":"max-image-preview:large","max-video-preview":"max-video-preview:-1"},"canonical":"https:\/\/herbastore.sk\/cs\/produkty\/herbal-aloe\/myci-telovy-gel\/","og_locale":"cs_CZ","og_type":"article","og_title":"Herbalife Herbal Aloe Myc\u00ed t\u011blov\u00fd gel 250 ml - herbastore.sk","og_description":"Myc\u00ed t\u011blov\u00fd gel s bohat\u00fdm obsahem rostlinn\u00fdch slo\u017eek, kter\u00fd \u010dist\u00ed a hydratuje va\u0161i poko\u017eku. Bez p\u0159idan\u00fdch paraben\u016f a sulf\u00e1t\u016f, klinicky testov\u00e1n.","og_url":"https:\/\/herbastore.sk\/cs\/produkty\/herbal-aloe\/myci-telovy-gel\/","og_site_name":"herbastore","article_publisher":"https:\/\/www.facebook.com\/herbastoresk\/","article_modified_time":"2024-09-07T10:53:55+00:00","og_image":[{"width":534,"height":800,"url":"https:\/\/herbastore.sk\/wp-content\/uploads\/2021\/10\/Herbalife-Herbal-aloe-umyvaci-telovy-gel.jpg","type":"image\/jpeg"}],"twitter_card":"summary_large_image","twitter_misc":{"Odhadovan\u00e1 doba \u010dten\u00ed":"1 minuta"},"schema":{"@context":"https:\/\/schema.org","@graph":[{"@type":"WebPage","@id":"https:\/\/herbastore.sk\/cs\/produkty\/herbal-aloe\/myci-telovy-gel\/","url":"https:\/\/herbastore.sk\/cs\/produkty\/herbal-aloe\/myci-telovy-gel\/","name":"Herbalife Herbal Aloe Myc\u00ed t\u011blov\u00fd gel 250 ml - herbastore.sk","isPartOf":{"@id":"https:\/\/herbastore.sk\/cs\/#website"},"primaryImageOfPage":{"@id":"https:\/\/herbastore.sk\/cs\/produkty\/herbal-aloe\/myci-telovy-gel\/#primaryimage"},"image":{"@id":"https:\/\/herbastore.sk\/cs\/produkty\/herbal-aloe\/myci-telovy-gel\/#primaryimage"},"thumbnailUrl":"https:\/\/herbastore.sk\/wp-content\/uploads\/2021\/10\/Herbalife-Herbal-aloe-umyvaci-telovy-gel.jpg","datePublished":"2020-07-22T18:16:43+00:00","dateModified":"2024-09-07T10:53:55+00:00","description":"Myc\u00ed t\u011blov\u00fd gel s bohat\u00fdm obsahem rostlinn\u00fdch slo\u017eek, kter\u00fd \u010dist\u00ed a hydratuje va\u0161i poko\u017eku. Bez p\u0159idan\u00fdch paraben\u016f a sulf\u00e1t\u016f, klinicky testov\u00e1n.","breadcrumb":{"@id":"https:\/\/herbastore.sk\/cs\/produkty\/herbal-aloe\/myci-telovy-gel\/#breadcrumb"},"inLanguage":"cs","potentialAction":[{"@type":"ReadAction","target":["https:\/\/herbastore.sk\/cs\/produkty\/herbal-aloe\/myci-telovy-gel\/"]}]},{"@type":"ImageObject","inLanguage":"cs","@id":"https:\/\/herbastore.sk\/cs\/produkty\/herbal-aloe\/myci-telovy-gel\/#primaryimage","url":"https:\/\/herbastore.sk\/wp-content\/uploads\/2021\/10\/Herbalife-Herbal-aloe-umyvaci-telovy-gel.jpg","contentUrl":"https:\/\/herbastore.sk\/wp-content\/uploads\/2021\/10\/Herbalife-Herbal-aloe-umyvaci-telovy-gel.jpg","width":534,"height":800,"caption":"Herbalife Herbal Aloe myci telovy gel"},{"@type":"BreadcrumbList","@id":"https:\/\/herbastore.sk\/cs\/produkty\/herbal-aloe\/myci-telovy-gel\/#breadcrumb","itemListElement":[{"@type":"ListItem","position":1,"name":"Home","item":"https:\/\/herbastore.sk\/cs\/"},{"@type":"ListItem","position":2,"name":"Produkty","item":"https:\/\/herbastore.sk\/cs\/produkty\/"},{"@type":"ListItem","position":3,"name":"Myc\u00ed t\u011blov\u00fd gel"}]},{"@type":"WebSite","@id":"https:\/\/herbastore.sk\/cs\/#website","url":"https:\/\/herbastore.sk\/cs\/","name":"herbastore","description":"Produkty Herbalife z pohodlia v\u00e1\u0161ho domova","publisher":{"@id":"https:\/\/herbastore.sk\/cs\/#organization"},"potentialAction":[{"@type":"SearchAction","target":{"@type":"EntryPoint","urlTemplate":"https:\/\/herbastore.sk\/cs\/?s={search_term_string}"},"query-input":{"@type":"PropertyValueSpecification","valueRequired":true,"valueName":"search_term_string"}}],"inLanguage":"cs"},{"@type":"Organization","@id":"https:\/\/herbastore.sk\/cs\/#organization","name":"herbastore.sk","url":"https:\/\/herbastore.sk\/cs\/","logo":{"@type":"ImageObject","inLanguage":"cs","@id":"https:\/\/herbastore.sk\/cs\/#\/schema\/logo\/image\/","url":"https:\/\/herbastore.sk\/wp-content\/uploads\/2018\/11\/herbastore-ikona.png","contentUrl":"https:\/\/herbastore.sk\/wp-content\/uploads\/2018\/11\/herbastore-ikona.png","width":512,"height":512,"caption":"herbastore.sk"},"image":{"@id":"https:\/\/herbastore.sk\/cs\/#\/schema\/logo\/image\/"},"sameAs":["https:\/\/www.facebook.com\/herbastoresk\/","https:\/\/www.instagram.com\/herbastore.sk\/"]}]}},"_links":{"self":[{"href":"https:\/\/herbastore.sk\/cs\/wp-json\/wp\/v2\/product\/8035","targetHints":{"allow":["GET"]}}],"collection":[{"href":"https:\/\/herbastore.sk\/cs\/wp-json\/wp\/v2\/product"}],"about":[{"href":"https:\/\/herbastore.sk\/cs\/wp-json\/wp\/v2\/types\/product"}],"replies":[{"embeddable":true,"href":"https:\/\/herbastore.sk\/cs\/wp-json\/wp\/v2\/comments?post=8035"}],"wp:featuredmedia":[{"embeddable":true,"href":"https:\/\/herbastore.sk\/cs\/wp-json\/wp\/v2\/media\/15140"}],"wp:attachment":[{"href":"https:\/\/herbastore.sk\/cs\/wp-json\/wp\/v2\/media?parent=8035"}],"wp:term":[{"taxonomy":"product_brand","embeddable":true,"href":"https:\/\/herbastore.sk\/cs\/wp-json\/wp\/v2\/product_brand?post=8035"},{"taxonomy":"product_cat","embeddable":true,"href":"https:\/\/herbastore.sk\/cs\/wp-json\/wp\/v2\/product_cat?post=8035"},{"taxonomy":"product_tag","embeddable":true,"href":"https:\/\/herbastore.sk\/cs\/wp-json\/wp\/v2\/product_tag?post=8035"}],"curies":[{"name":"wp","href":"https:\/\/api.w.org\/{rel}","templated":true}]}}