{"id":8034,"date":"2019-06-08T23:27:15","date_gmt":"2020-07-22T18:11:50","guid":{"rendered":"https:\/\/herbastore.sk\/produkty\/nezarazene\/posilujici-kondicioner\/"},"modified":"2026-01-27T22:15:26","modified_gmt":"2026-01-27T21:15:26","slug":"posilujici-kondicioner","status":"publish","type":"product","link":"https:\/\/herbastore.sk\/cs\/produkty\/herbal-aloe\/posilujici-kondicioner\/","title":{"rendered":"Posiluj\u00edc\u00ed kondicion\u00e9r"},"content":{"rendered":"<h2>Pos\u00edlen\u00ed a regenerace pro va\u0161e vlasy<\/h2>\n<p> Je klinicky prok\u00e1z\u00e1no, \u017ee vlasov\u00e9 produkty Herbal Aloe s obsahem bylin posiluj\u00ed a reparuj\u00ed vlasy a zanech\u00e1vaj\u00ed je m\u011bkk\u00e9 a hedv\u00e1bn\u00e9. N\u00e1\u0161 posiluj\u00edc\u00ed kondicion\u00e9r, vyroben\u00fd s p\u0159\u00ednosn\u00fdmi botanick\u00fdm l\u00e1tkami je ur\u010den\u00fd pro rodinn\u00e9 pou\u017eit\u00ed, bez p\u0159idan\u00fdch paraben\u016f a sulf\u00e1t\u016f. <\/p>\n<h2>Efekty a vlastnosti<\/h2>\n<ul>\n<li class=\"bullet-checkmark\">Posiluje vlasov\u00e1 vl\u00e1kna a dod\u00e1v\u00e1 jim pocit jemnosti a hebkosti ji\u017e po prvn\u00edm pou\u017eit\u00ed<\/li>\n<li class=\"bullet-checkmark\">Jedine\u010dn\u00fd kondicion\u00e9r s bohat\u00fdm obsahem p\u0161eni\u010dn\u00e9ho proteinu<\/li>\n<li class=\"bullet-checkmark\">Receptura udr\u017euj\u00edc\u00ed barvu vlas\u016f<\/li>\n<li class=\"bullet-checkmark\">Bez p\u0159idan\u00fdch paraben\u016f a sulf\u00e1t\u016f<\/li>\n<\/ul>\n<h2>Pou\u017eit\u00ed<\/h2>\n<p> Vmas\u00edrujte do vlas\u016f a nechte p\u016fsobit alespo\u0148 3 minuty. Po\u0159\u00e1dn\u011b opl\u00e1chn\u011bte. Nejlep\u0161\u00edch v\u00fdsledk\u016f dos\u00e1hnete, pokud budete z\u00e1rove\u0148 s kondicion\u00e9rem pou\u017e\u00edvat <a href=\"https:\/\/herbastore.sk\/cs\/produkty\/herbal-aloe\/posilujici-sampon\/\">Posiluj\u00edc\u00ed \u0161ampon<\/a> z \u0159ady Herbal Aloe.<\/p>\n","protected":false},"excerpt":{"rendered":"<p>250 ml <div class=\"is-divider divider clearfix\" ><\/div> Prom\u011b\u0148te sv\u00e9 vlasy pomoc\u00ed kondicion\u00e9ru, kter\u00fd posiluje vlasov\u00e1 vl\u00e1kna a zanech\u00e1v\u00e1 vlasy jemn\u011bj\u0161\u00ed a heb\u010d\u00ed ji\u017e po prvn\u00edm pou\u017eit\u00ed. Obsahuje recepturu, kter\u00e1 udr\u017euje barvu vlas\u016f.<\/p>\n","protected":false},"featured_media":15144,"comment_status":"open","ping_status":"closed","template":"","meta":{"inline_featured_image":false},"product_brand":[],"product_cat":[198],"product_tag":[203],"class_list":{"0":"post-8034","1":"product","2":"type-product","3":"status-publish","4":"has-post-thumbnail","6":"product_cat-herbal-aloe","7":"product_tag-hezci-plet-a-vlasy","9":"first","10":"instock","11":"taxable","12":"shipping-taxable","13":"purchasable","14":"product-type-simple"},"yoast_head":"<!-- This site is optimized with the Yoast SEO plugin v26.8 - https:\/\/yoast.com\/product\/yoast-seo-wordpress\/ -->\n<title>Herbalife Herbal Aloe Posiluj\u00edc\u00ed kondicion\u00e9r 250 ml - herbastore.sk<\/title>\n<meta name=\"description\" content=\"Posiluj\u00edc\u00ed kondicion\u00e9r zanech\u00e1v\u00e1 vlasy jemn\u011bj\u0161\u00ed a heb\u010d\u00ed ji\u017e po prvn\u00edm pou\u017eit\u00ed. Obsahuje p\u0161eni\u010dn\u00fd protein a recepturu, kter\u00e1 udr\u017euje barvu vlas\u016f.\" \/>\n<meta name=\"robots\" content=\"index, follow, max-snippet:-1, max-image-preview:large, max-video-preview:-1\" \/>\n<link rel=\"canonical\" href=\"https:\/\/herbastore.sk\/cs\/produkty\/herbal-aloe\/posilujici-kondicioner\/\" \/>\n<meta property=\"og:locale\" content=\"cs_CZ\" \/>\n<meta property=\"og:type\" content=\"article\" \/>\n<meta property=\"og:title\" content=\"Herbalife Herbal Aloe Posiluj\u00edc\u00ed kondicion\u00e9r 250 ml - herbastore.sk\" \/>\n<meta property=\"og:description\" content=\"Posiluj\u00edc\u00ed kondicion\u00e9r zanech\u00e1v\u00e1 vlasy jemn\u011bj\u0161\u00ed a heb\u010d\u00ed ji\u017e po prvn\u00edm pou\u017eit\u00ed. Obsahuje p\u0161eni\u010dn\u00fd protein a recepturu, kter\u00e1 udr\u017euje barvu vlas\u016f.\" \/>\n<meta property=\"og:url\" content=\"https:\/\/herbastore.sk\/cs\/produkty\/herbal-aloe\/posilujici-kondicioner\/\" \/>\n<meta property=\"og:site_name\" content=\"herbastore\" \/>\n<meta property=\"article:publisher\" content=\"https:\/\/www.facebook.com\/herbastoresk\/\" \/>\n<meta property=\"article:modified_time\" content=\"2026-01-27T21:15:26+00:00\" \/>\n<meta property=\"og:image\" content=\"https:\/\/herbastore.sk\/wp-content\/uploads\/2021\/10\/Herbalife-Herbal-aloe-posilnujuci-kondicioner.jpg\" \/>\n\t<meta property=\"og:image:width\" content=\"534\" \/>\n\t<meta property=\"og:image:height\" content=\"800\" \/>\n\t<meta property=\"og:image:type\" content=\"image\/jpeg\" \/>\n<meta name=\"twitter:card\" content=\"summary_large_image\" \/>\n<meta name=\"twitter:label1\" content=\"Odhadovan\u00e1 doba \u010dten\u00ed\" \/>\n\t<meta name=\"twitter:data1\" content=\"1 minuta\" \/>\n<script type=\"application\/ld+json\" class=\"yoast-schema-graph\">{\"@context\":\"https:\/\/schema.org\",\"@graph\":[{\"@type\":\"WebPage\",\"@id\":\"https:\/\/herbastore.sk\/cs\/produkty\/herbal-aloe\/posilujici-kondicioner\/\",\"url\":\"https:\/\/herbastore.sk\/cs\/produkty\/herbal-aloe\/posilujici-kondicioner\/\",\"name\":\"Herbalife Herbal Aloe Posiluj\u00edc\u00ed kondicion\u00e9r 250 ml - herbastore.sk\",\"isPartOf\":{\"@id\":\"https:\/\/herbastore.sk\/cs\/#website\"},\"primaryImageOfPage\":{\"@id\":\"https:\/\/herbastore.sk\/cs\/produkty\/herbal-aloe\/posilujici-kondicioner\/#primaryimage\"},\"image\":{\"@id\":\"https:\/\/herbastore.sk\/cs\/produkty\/herbal-aloe\/posilujici-kondicioner\/#primaryimage\"},\"thumbnailUrl\":\"https:\/\/herbastore.sk\/wp-content\/uploads\/2021\/10\/Herbalife-Herbal-aloe-posilnujuci-kondicioner.jpg\",\"datePublished\":\"2020-07-22T18:11:50+00:00\",\"dateModified\":\"2026-01-27T21:15:26+00:00\",\"description\":\"Posiluj\u00edc\u00ed kondicion\u00e9r zanech\u00e1v\u00e1 vlasy jemn\u011bj\u0161\u00ed a heb\u010d\u00ed ji\u017e po prvn\u00edm pou\u017eit\u00ed. Obsahuje p\u0161eni\u010dn\u00fd protein a recepturu, kter\u00e1 udr\u017euje barvu vlas\u016f.\",\"breadcrumb\":{\"@id\":\"https:\/\/herbastore.sk\/cs\/produkty\/herbal-aloe\/posilujici-kondicioner\/#breadcrumb\"},\"inLanguage\":\"cs\",\"potentialAction\":[{\"@type\":\"ReadAction\",\"target\":[\"https:\/\/herbastore.sk\/cs\/produkty\/herbal-aloe\/posilujici-kondicioner\/\"]}]},{\"@type\":\"ImageObject\",\"inLanguage\":\"cs\",\"@id\":\"https:\/\/herbastore.sk\/cs\/produkty\/herbal-aloe\/posilujici-kondicioner\/#primaryimage\",\"url\":\"https:\/\/herbastore.sk\/wp-content\/uploads\/2021\/10\/Herbalife-Herbal-aloe-posilnujuci-kondicioner.jpg\",\"contentUrl\":\"https:\/\/herbastore.sk\/wp-content\/uploads\/2021\/10\/Herbalife-Herbal-aloe-posilnujuci-kondicioner.jpg\",\"width\":534,\"height\":800,\"caption\":\"Herbalife Herbal Aloe posilujici kondicioner\"},{\"@type\":\"BreadcrumbList\",\"@id\":\"https:\/\/herbastore.sk\/cs\/produkty\/herbal-aloe\/posilujici-kondicioner\/#breadcrumb\",\"itemListElement\":[{\"@type\":\"ListItem\",\"position\":1,\"name\":\"Home\",\"item\":\"https:\/\/herbastore.sk\/cs\/\"},{\"@type\":\"ListItem\",\"position\":2,\"name\":\"Produkty\",\"item\":\"https:\/\/herbastore.sk\/cs\/produkty\/\"},{\"@type\":\"ListItem\",\"position\":3,\"name\":\"Posiluj\u00edc\u00ed kondicion\u00e9r\"}]},{\"@type\":\"WebSite\",\"@id\":\"https:\/\/herbastore.sk\/cs\/#website\",\"url\":\"https:\/\/herbastore.sk\/cs\/\",\"name\":\"herbastore\",\"description\":\"Produkty Herbalife z pohodlia v\u00e1\u0161ho domova\",\"publisher\":{\"@id\":\"https:\/\/herbastore.sk\/cs\/#organization\"},\"potentialAction\":[{\"@type\":\"SearchAction\",\"target\":{\"@type\":\"EntryPoint\",\"urlTemplate\":\"https:\/\/herbastore.sk\/cs\/?s={search_term_string}\"},\"query-input\":{\"@type\":\"PropertyValueSpecification\",\"valueRequired\":true,\"valueName\":\"search_term_string\"}}],\"inLanguage\":\"cs\"},{\"@type\":\"Organization\",\"@id\":\"https:\/\/herbastore.sk\/cs\/#organization\",\"name\":\"herbastore.sk\",\"url\":\"https:\/\/herbastore.sk\/cs\/\",\"logo\":{\"@type\":\"ImageObject\",\"inLanguage\":\"cs\",\"@id\":\"https:\/\/herbastore.sk\/cs\/#\/schema\/logo\/image\/\",\"url\":\"https:\/\/herbastore.sk\/wp-content\/uploads\/2018\/11\/herbastore-ikona.png\",\"contentUrl\":\"https:\/\/herbastore.sk\/wp-content\/uploads\/2018\/11\/herbastore-ikona.png\",\"width\":512,\"height\":512,\"caption\":\"herbastore.sk\"},\"image\":{\"@id\":\"https:\/\/herbastore.sk\/cs\/#\/schema\/logo\/image\/\"},\"sameAs\":[\"https:\/\/www.facebook.com\/herbastoresk\/\",\"https:\/\/www.instagram.com\/herbastore.sk\/\"]}]}<\/script>\n<!-- \/ Yoast SEO plugin. -->","yoast_head_json":{"title":"Herbalife Herbal Aloe Posiluj\u00edc\u00ed kondicion\u00e9r 250 ml - herbastore.sk","description":"Posiluj\u00edc\u00ed kondicion\u00e9r zanech\u00e1v\u00e1 vlasy jemn\u011bj\u0161\u00ed a heb\u010d\u00ed ji\u017e po prvn\u00edm pou\u017eit\u00ed. Obsahuje p\u0161eni\u010dn\u00fd protein a recepturu, kter\u00e1 udr\u017euje barvu vlas\u016f.","robots":{"index":"index","follow":"follow","max-snippet":"max-snippet:-1","max-image-preview":"max-image-preview:large","max-video-preview":"max-video-preview:-1"},"canonical":"https:\/\/herbastore.sk\/cs\/produkty\/herbal-aloe\/posilujici-kondicioner\/","og_locale":"cs_CZ","og_type":"article","og_title":"Herbalife Herbal Aloe Posiluj\u00edc\u00ed kondicion\u00e9r 250 ml - herbastore.sk","og_description":"Posiluj\u00edc\u00ed kondicion\u00e9r zanech\u00e1v\u00e1 vlasy jemn\u011bj\u0161\u00ed a heb\u010d\u00ed ji\u017e po prvn\u00edm pou\u017eit\u00ed. Obsahuje p\u0161eni\u010dn\u00fd protein a recepturu, kter\u00e1 udr\u017euje barvu vlas\u016f.","og_url":"https:\/\/herbastore.sk\/cs\/produkty\/herbal-aloe\/posilujici-kondicioner\/","og_site_name":"herbastore","article_publisher":"https:\/\/www.facebook.com\/herbastoresk\/","article_modified_time":"2026-01-27T21:15:26+00:00","og_image":[{"width":534,"height":800,"url":"https:\/\/herbastore.sk\/wp-content\/uploads\/2021\/10\/Herbalife-Herbal-aloe-posilnujuci-kondicioner.jpg","type":"image\/jpeg"}],"twitter_card":"summary_large_image","twitter_misc":{"Odhadovan\u00e1 doba \u010dten\u00ed":"1 minuta"},"schema":{"@context":"https:\/\/schema.org","@graph":[{"@type":"WebPage","@id":"https:\/\/herbastore.sk\/cs\/produkty\/herbal-aloe\/posilujici-kondicioner\/","url":"https:\/\/herbastore.sk\/cs\/produkty\/herbal-aloe\/posilujici-kondicioner\/","name":"Herbalife Herbal Aloe Posiluj\u00edc\u00ed kondicion\u00e9r 250 ml - herbastore.sk","isPartOf":{"@id":"https:\/\/herbastore.sk\/cs\/#website"},"primaryImageOfPage":{"@id":"https:\/\/herbastore.sk\/cs\/produkty\/herbal-aloe\/posilujici-kondicioner\/#primaryimage"},"image":{"@id":"https:\/\/herbastore.sk\/cs\/produkty\/herbal-aloe\/posilujici-kondicioner\/#primaryimage"},"thumbnailUrl":"https:\/\/herbastore.sk\/wp-content\/uploads\/2021\/10\/Herbalife-Herbal-aloe-posilnujuci-kondicioner.jpg","datePublished":"2020-07-22T18:11:50+00:00","dateModified":"2026-01-27T21:15:26+00:00","description":"Posiluj\u00edc\u00ed kondicion\u00e9r zanech\u00e1v\u00e1 vlasy jemn\u011bj\u0161\u00ed a heb\u010d\u00ed ji\u017e po prvn\u00edm pou\u017eit\u00ed. Obsahuje p\u0161eni\u010dn\u00fd protein a recepturu, kter\u00e1 udr\u017euje barvu vlas\u016f.","breadcrumb":{"@id":"https:\/\/herbastore.sk\/cs\/produkty\/herbal-aloe\/posilujici-kondicioner\/#breadcrumb"},"inLanguage":"cs","potentialAction":[{"@type":"ReadAction","target":["https:\/\/herbastore.sk\/cs\/produkty\/herbal-aloe\/posilujici-kondicioner\/"]}]},{"@type":"ImageObject","inLanguage":"cs","@id":"https:\/\/herbastore.sk\/cs\/produkty\/herbal-aloe\/posilujici-kondicioner\/#primaryimage","url":"https:\/\/herbastore.sk\/wp-content\/uploads\/2021\/10\/Herbalife-Herbal-aloe-posilnujuci-kondicioner.jpg","contentUrl":"https:\/\/herbastore.sk\/wp-content\/uploads\/2021\/10\/Herbalife-Herbal-aloe-posilnujuci-kondicioner.jpg","width":534,"height":800,"caption":"Herbalife Herbal Aloe posilujici kondicioner"},{"@type":"BreadcrumbList","@id":"https:\/\/herbastore.sk\/cs\/produkty\/herbal-aloe\/posilujici-kondicioner\/#breadcrumb","itemListElement":[{"@type":"ListItem","position":1,"name":"Home","item":"https:\/\/herbastore.sk\/cs\/"},{"@type":"ListItem","position":2,"name":"Produkty","item":"https:\/\/herbastore.sk\/cs\/produkty\/"},{"@type":"ListItem","position":3,"name":"Posiluj\u00edc\u00ed kondicion\u00e9r"}]},{"@type":"WebSite","@id":"https:\/\/herbastore.sk\/cs\/#website","url":"https:\/\/herbastore.sk\/cs\/","name":"herbastore","description":"Produkty Herbalife z pohodlia v\u00e1\u0161ho domova","publisher":{"@id":"https:\/\/herbastore.sk\/cs\/#organization"},"potentialAction":[{"@type":"SearchAction","target":{"@type":"EntryPoint","urlTemplate":"https:\/\/herbastore.sk\/cs\/?s={search_term_string}"},"query-input":{"@type":"PropertyValueSpecification","valueRequired":true,"valueName":"search_term_string"}}],"inLanguage":"cs"},{"@type":"Organization","@id":"https:\/\/herbastore.sk\/cs\/#organization","name":"herbastore.sk","url":"https:\/\/herbastore.sk\/cs\/","logo":{"@type":"ImageObject","inLanguage":"cs","@id":"https:\/\/herbastore.sk\/cs\/#\/schema\/logo\/image\/","url":"https:\/\/herbastore.sk\/wp-content\/uploads\/2018\/11\/herbastore-ikona.png","contentUrl":"https:\/\/herbastore.sk\/wp-content\/uploads\/2018\/11\/herbastore-ikona.png","width":512,"height":512,"caption":"herbastore.sk"},"image":{"@id":"https:\/\/herbastore.sk\/cs\/#\/schema\/logo\/image\/"},"sameAs":["https:\/\/www.facebook.com\/herbastoresk\/","https:\/\/www.instagram.com\/herbastore.sk\/"]}]}},"_links":{"self":[{"href":"https:\/\/herbastore.sk\/cs\/wp-json\/wp\/v2\/product\/8034","targetHints":{"allow":["GET"]}}],"collection":[{"href":"https:\/\/herbastore.sk\/cs\/wp-json\/wp\/v2\/product"}],"about":[{"href":"https:\/\/herbastore.sk\/cs\/wp-json\/wp\/v2\/types\/product"}],"replies":[{"embeddable":true,"href":"https:\/\/herbastore.sk\/cs\/wp-json\/wp\/v2\/comments?post=8034"}],"wp:featuredmedia":[{"embeddable":true,"href":"https:\/\/herbastore.sk\/cs\/wp-json\/wp\/v2\/media\/15144"}],"wp:attachment":[{"href":"https:\/\/herbastore.sk\/cs\/wp-json\/wp\/v2\/media?parent=8034"}],"wp:term":[{"taxonomy":"product_brand","embeddable":true,"href":"https:\/\/herbastore.sk\/cs\/wp-json\/wp\/v2\/product_brand?post=8034"},{"taxonomy":"product_cat","embeddable":true,"href":"https:\/\/herbastore.sk\/cs\/wp-json\/wp\/v2\/product_cat?post=8034"},{"taxonomy":"product_tag","embeddable":true,"href":"https:\/\/herbastore.sk\/cs\/wp-json\/wp\/v2\/product_tag?post=8034"}],"curies":[{"name":"wp","href":"https:\/\/api.w.org\/{rel}","templated":true}]}}