{"id":8030,"date":"2019-04-21T18:01:23","date_gmt":"2020-07-22T18:01:35","guid":{"rendered":"https:\/\/herbastore.sk\/produkty\/nezarazene\/liftoff\/"},"modified":"2025-02-15T11:56:01","modified_gmt":"2025-02-15T10:56:01","slug":"liftoff","status":"publish","type":"product","link":"https:\/\/herbastore.sk\/cs\/produkty\/h24-sportovni-vyziva\/liftoff\/","title":{"rendered":"LiftOff"},"content":{"rendered":"<h2>Jak v\u00e1m m\u016f\u017ee b\u00fdt LiftOff prosp\u011b\u0161n\u00fd?<\/h2>\n<p>Stres a \u00fanava jsou \u010dasto p\u0159\u00ed\u010dinou toho, \u017ee s\u00e1hneme po sladk\u00fdch potravin\u00e1ch a n\u00e1poj\u00edch s vysok\u00fdm obsahem kalori\u00ed. Dop\u0159ejte t\u011blu hydrataci a osv\u011b\u017een\u00ed pomoc\u00ed n\u00edzkokalorick\u00e9ho energetick\u00e9ho n\u00e1poje LiftOff s obsahem 100 % doporu\u010den\u00e9ho denn\u00edho mno\u017estv\u00ed vitam\u00ednu B (B1, B2, B3, kyselina pantotenov\u00e1, B6, Biotin) &amp; C.<\/p>\n<h2>Charakteristika<\/h2>\n<ul>\n<li class=\"bullet-checkmark\">10 kcal v jedn\u00e9 porci, ide\u00e1ln\u00ed n\u00e1hrada sladk\u00fdch bublinkov\u00fdch n\u00e1poj\u016f<\/li>\n<li class=\"bullet-checkmark\">100 % doporu\u010den\u00e9ho denn\u00edho mno\u017estv\u00ed vitam\u00ednu C pro sn\u00ed\u017een\u00ed \u00fanavy<\/li>\n<li class=\"bullet-checkmark\">100 % doporu\u010den\u00e9ho denn\u00edho mno\u017estv\u00ed vitam\u00ednu B (B1, B2, B3, B5, B6, Biotin) pro optim\u00e1ln\u00ed energetick\u00fd metabolismus<\/li>\n<li class=\"bullet-checkmark\">Obsahuje p\u0159irozen\u00fd kofein z guarany a kofeinov\u00fd pr\u00e1\u0161ek<\/li>\n<li class=\"bullet-checkmark\">Ka\u017ed\u00e1 porce obsahuje 75 mg kofeinu pro podporu ostra\u017eitosti a soust\u0159ed\u011bn\u00ed organismu<\/li>\n<\/ul>\n<h2>D\u00e1vkov\u00e1n\u00ed<\/h2>\n<p>U\u017e\u00edvejte denn\u011b jednu a\u017e dv\u011b tablety rozpu\u0161t\u011bn\u00e9 ve vod\u011b.<\/p>\n<p><a href=\"https:\/\/herbastore.sk\/wp-content\/uploads\/2019\/04\/lift-off-citron-limetka-vyzivova-hodnota.png\"><img loading=\"lazy\" decoding=\"async\" class=\"wp-image-28508 size-full aligncenter\" src=\"https:\/\/herbastore.sk\/wp-content\/uploads\/2019\/04\/lift-off-citron-limetka-vyzivova-hodnota.png\" alt=\"Herbalife LiftOff vyzivova hodnota\" width=\"770\" height=\"1088\"><\/a><\/p>\n<p style=\"text-align: center;\"><em>V\u00fd\u017eivov\u00e1 hodnota \u2013 Herbalife LiftOff<\/em><\/p>\n","protected":false},"excerpt":{"rendered":"<p>10 x 4,5 g<\/p>\n<div class=\"is-divider divider clearfix\" ><\/div>\n<p>C\u00edt\u00edte se unaven\u011b? Dodejte t\u011blu energii pomoc\u00ed Liftoff, n\u00edzkokalorick\u00e9ho energetick\u00e9ho n\u00e1poje s obsahem kofeinu. Kofein pom\u00e1h\u00e1 zlep\u0161it ostra\u017eitost a soust\u0159ed\u011bn\u00ed organismu.<\/p>\n","protected":false},"featured_media":15132,"comment_status":"open","ping_status":"closed","template":"","meta":{"inline_featured_image":false},"product_brand":[],"product_cat":[175],"product_tag":[206,212],"class_list":{"0":"post-8030","1":"product","2":"type-product","3":"status-publish","4":"has-post-thumbnail","6":"product_cat-h24-sportovni-vyziva","7":"product_tag-pitny-rezim","8":"product_tag-vice-energie","10":"first","11":"instock","12":"taxable","13":"shipping-taxable","14":"purchasable","15":"product-type-simple"},"yoast_head":"<!-- This site is optimized with the Yoast SEO plugin v26.8 - https:\/\/yoast.com\/product\/yoast-seo-wordpress\/ -->\n<title>Herbalife LiftOff 14x4,5 g - herbastore.sk<\/title>\n<meta name=\"description\" content=\"Poci\u0165ujete \u00fanavu? Dodejte t\u011blu energii pomoc\u00ed Liftoff, n\u00edzkokalorick\u00e9ho energetick\u00e9ho n\u00e1poje s obsahem kofeinu. Ide\u00e1ln\u00ed jako n\u00e1hrada sladk\u00fdch n\u00e1poj\u016f.\" \/>\n<meta name=\"robots\" content=\"index, follow, max-snippet:-1, max-image-preview:large, max-video-preview:-1\" \/>\n<link rel=\"canonical\" href=\"https:\/\/herbastore.sk\/cs\/produkty\/h24-sportovni-vyziva\/liftoff\/\" \/>\n<meta property=\"og:locale\" content=\"cs_CZ\" \/>\n<meta property=\"og:type\" content=\"article\" \/>\n<meta property=\"og:title\" content=\"Herbalife LiftOff 14x4,5 g - herbastore.sk\" \/>\n<meta property=\"og:description\" content=\"Poci\u0165ujete \u00fanavu? Dodejte t\u011blu energii pomoc\u00ed Liftoff, n\u00edzkokalorick\u00e9ho energetick\u00e9ho n\u00e1poje s obsahem kofeinu. Ide\u00e1ln\u00ed jako n\u00e1hrada sladk\u00fdch n\u00e1poj\u016f.\" \/>\n<meta property=\"og:url\" content=\"https:\/\/herbastore.sk\/cs\/produkty\/h24-sportovni-vyziva\/liftoff\/\" \/>\n<meta property=\"og:site_name\" content=\"herbastore\" \/>\n<meta property=\"article:publisher\" content=\"https:\/\/www.facebook.com\/herbastoresk\/\" \/>\n<meta property=\"article:modified_time\" content=\"2025-02-15T10:56:01+00:00\" \/>\n<meta property=\"og:image\" content=\"https:\/\/herbastore.sk\/wp-content\/uploads\/2021\/10\/Herbalife-H24-LiftOff-citron-limetka.jpg\" \/>\n\t<meta property=\"og:image:width\" content=\"534\" \/>\n\t<meta property=\"og:image:height\" content=\"800\" \/>\n\t<meta property=\"og:image:type\" content=\"image\/jpeg\" \/>\n<meta name=\"twitter:card\" content=\"summary_large_image\" \/>\n<meta name=\"twitter:label1\" content=\"Odhadovan\u00e1 doba \u010dten\u00ed\" \/>\n\t<meta name=\"twitter:data1\" content=\"1 minuta\" \/>\n<script type=\"application\/ld+json\" class=\"yoast-schema-graph\">{\"@context\":\"https:\/\/schema.org\",\"@graph\":[{\"@type\":\"WebPage\",\"@id\":\"https:\/\/herbastore.sk\/cs\/produkty\/h24-sportovni-vyziva\/liftoff\/\",\"url\":\"https:\/\/herbastore.sk\/cs\/produkty\/h24-sportovni-vyziva\/liftoff\/\",\"name\":\"Herbalife LiftOff 14x4,5 g - herbastore.sk\",\"isPartOf\":{\"@id\":\"https:\/\/herbastore.sk\/cs\/#website\"},\"primaryImageOfPage\":{\"@id\":\"https:\/\/herbastore.sk\/cs\/produkty\/h24-sportovni-vyziva\/liftoff\/#primaryimage\"},\"image\":{\"@id\":\"https:\/\/herbastore.sk\/cs\/produkty\/h24-sportovni-vyziva\/liftoff\/#primaryimage\"},\"thumbnailUrl\":\"https:\/\/herbastore.sk\/wp-content\/uploads\/2021\/10\/Herbalife-H24-LiftOff-citron-limetka.jpg\",\"datePublished\":\"2020-07-22T18:01:35+00:00\",\"dateModified\":\"2025-02-15T10:56:01+00:00\",\"description\":\"Poci\u0165ujete \u00fanavu? Dodejte t\u011blu energii pomoc\u00ed Liftoff, n\u00edzkokalorick\u00e9ho energetick\u00e9ho n\u00e1poje s obsahem kofeinu. Ide\u00e1ln\u00ed jako n\u00e1hrada sladk\u00fdch n\u00e1poj\u016f.\",\"breadcrumb\":{\"@id\":\"https:\/\/herbastore.sk\/cs\/produkty\/h24-sportovni-vyziva\/liftoff\/#breadcrumb\"},\"inLanguage\":\"cs\",\"potentialAction\":[{\"@type\":\"ReadAction\",\"target\":[\"https:\/\/herbastore.sk\/cs\/produkty\/h24-sportovni-vyziva\/liftoff\/\"]}]},{\"@type\":\"ImageObject\",\"inLanguage\":\"cs\",\"@id\":\"https:\/\/herbastore.sk\/cs\/produkty\/h24-sportovni-vyziva\/liftoff\/#primaryimage\",\"url\":\"https:\/\/herbastore.sk\/wp-content\/uploads\/2021\/10\/Herbalife-H24-LiftOff-citron-limetka.jpg\",\"contentUrl\":\"https:\/\/herbastore.sk\/wp-content\/uploads\/2021\/10\/Herbalife-H24-LiftOff-citron-limetka.jpg\",\"width\":534,\"height\":800,\"caption\":\"Herbalife LiftOff citron limetka\"},{\"@type\":\"BreadcrumbList\",\"@id\":\"https:\/\/herbastore.sk\/cs\/produkty\/h24-sportovni-vyziva\/liftoff\/#breadcrumb\",\"itemListElement\":[{\"@type\":\"ListItem\",\"position\":1,\"name\":\"Home\",\"item\":\"https:\/\/herbastore.sk\/cs\/\"},{\"@type\":\"ListItem\",\"position\":2,\"name\":\"Produkty\",\"item\":\"https:\/\/herbastore.sk\/cs\/produkty\/\"},{\"@type\":\"ListItem\",\"position\":3,\"name\":\"LiftOff\"}]},{\"@type\":\"WebSite\",\"@id\":\"https:\/\/herbastore.sk\/cs\/#website\",\"url\":\"https:\/\/herbastore.sk\/cs\/\",\"name\":\"herbastore\",\"description\":\"Produkty Herbalife z pohodlia v\u00e1\u0161ho domova\",\"publisher\":{\"@id\":\"https:\/\/herbastore.sk\/cs\/#organization\"},\"potentialAction\":[{\"@type\":\"SearchAction\",\"target\":{\"@type\":\"EntryPoint\",\"urlTemplate\":\"https:\/\/herbastore.sk\/cs\/?s={search_term_string}\"},\"query-input\":{\"@type\":\"PropertyValueSpecification\",\"valueRequired\":true,\"valueName\":\"search_term_string\"}}],\"inLanguage\":\"cs\"},{\"@type\":\"Organization\",\"@id\":\"https:\/\/herbastore.sk\/cs\/#organization\",\"name\":\"herbastore.sk\",\"url\":\"https:\/\/herbastore.sk\/cs\/\",\"logo\":{\"@type\":\"ImageObject\",\"inLanguage\":\"cs\",\"@id\":\"https:\/\/herbastore.sk\/cs\/#\/schema\/logo\/image\/\",\"url\":\"https:\/\/herbastore.sk\/wp-content\/uploads\/2018\/11\/herbastore-ikona.png\",\"contentUrl\":\"https:\/\/herbastore.sk\/wp-content\/uploads\/2018\/11\/herbastore-ikona.png\",\"width\":512,\"height\":512,\"caption\":\"herbastore.sk\"},\"image\":{\"@id\":\"https:\/\/herbastore.sk\/cs\/#\/schema\/logo\/image\/\"},\"sameAs\":[\"https:\/\/www.facebook.com\/herbastoresk\/\",\"https:\/\/www.instagram.com\/herbastore.sk\/\"]}]}<\/script>\n<!-- \/ Yoast SEO plugin. -->","yoast_head_json":{"title":"Herbalife LiftOff 14x4,5 g - herbastore.sk","description":"Poci\u0165ujete \u00fanavu? Dodejte t\u011blu energii pomoc\u00ed Liftoff, n\u00edzkokalorick\u00e9ho energetick\u00e9ho n\u00e1poje s obsahem kofeinu. Ide\u00e1ln\u00ed jako n\u00e1hrada sladk\u00fdch n\u00e1poj\u016f.","robots":{"index":"index","follow":"follow","max-snippet":"max-snippet:-1","max-image-preview":"max-image-preview:large","max-video-preview":"max-video-preview:-1"},"canonical":"https:\/\/herbastore.sk\/cs\/produkty\/h24-sportovni-vyziva\/liftoff\/","og_locale":"cs_CZ","og_type":"article","og_title":"Herbalife LiftOff 14x4,5 g - herbastore.sk","og_description":"Poci\u0165ujete \u00fanavu? Dodejte t\u011blu energii pomoc\u00ed Liftoff, n\u00edzkokalorick\u00e9ho energetick\u00e9ho n\u00e1poje s obsahem kofeinu. Ide\u00e1ln\u00ed jako n\u00e1hrada sladk\u00fdch n\u00e1poj\u016f.","og_url":"https:\/\/herbastore.sk\/cs\/produkty\/h24-sportovni-vyziva\/liftoff\/","og_site_name":"herbastore","article_publisher":"https:\/\/www.facebook.com\/herbastoresk\/","article_modified_time":"2025-02-15T10:56:01+00:00","og_image":[{"width":534,"height":800,"url":"https:\/\/herbastore.sk\/wp-content\/uploads\/2021\/10\/Herbalife-H24-LiftOff-citron-limetka.jpg","type":"image\/jpeg"}],"twitter_card":"summary_large_image","twitter_misc":{"Odhadovan\u00e1 doba \u010dten\u00ed":"1 minuta"},"schema":{"@context":"https:\/\/schema.org","@graph":[{"@type":"WebPage","@id":"https:\/\/herbastore.sk\/cs\/produkty\/h24-sportovni-vyziva\/liftoff\/","url":"https:\/\/herbastore.sk\/cs\/produkty\/h24-sportovni-vyziva\/liftoff\/","name":"Herbalife LiftOff 14x4,5 g - herbastore.sk","isPartOf":{"@id":"https:\/\/herbastore.sk\/cs\/#website"},"primaryImageOfPage":{"@id":"https:\/\/herbastore.sk\/cs\/produkty\/h24-sportovni-vyziva\/liftoff\/#primaryimage"},"image":{"@id":"https:\/\/herbastore.sk\/cs\/produkty\/h24-sportovni-vyziva\/liftoff\/#primaryimage"},"thumbnailUrl":"https:\/\/herbastore.sk\/wp-content\/uploads\/2021\/10\/Herbalife-H24-LiftOff-citron-limetka.jpg","datePublished":"2020-07-22T18:01:35+00:00","dateModified":"2025-02-15T10:56:01+00:00","description":"Poci\u0165ujete \u00fanavu? Dodejte t\u011blu energii pomoc\u00ed Liftoff, n\u00edzkokalorick\u00e9ho energetick\u00e9ho n\u00e1poje s obsahem kofeinu. Ide\u00e1ln\u00ed jako n\u00e1hrada sladk\u00fdch n\u00e1poj\u016f.","breadcrumb":{"@id":"https:\/\/herbastore.sk\/cs\/produkty\/h24-sportovni-vyziva\/liftoff\/#breadcrumb"},"inLanguage":"cs","potentialAction":[{"@type":"ReadAction","target":["https:\/\/herbastore.sk\/cs\/produkty\/h24-sportovni-vyziva\/liftoff\/"]}]},{"@type":"ImageObject","inLanguage":"cs","@id":"https:\/\/herbastore.sk\/cs\/produkty\/h24-sportovni-vyziva\/liftoff\/#primaryimage","url":"https:\/\/herbastore.sk\/wp-content\/uploads\/2021\/10\/Herbalife-H24-LiftOff-citron-limetka.jpg","contentUrl":"https:\/\/herbastore.sk\/wp-content\/uploads\/2021\/10\/Herbalife-H24-LiftOff-citron-limetka.jpg","width":534,"height":800,"caption":"Herbalife LiftOff citron limetka"},{"@type":"BreadcrumbList","@id":"https:\/\/herbastore.sk\/cs\/produkty\/h24-sportovni-vyziva\/liftoff\/#breadcrumb","itemListElement":[{"@type":"ListItem","position":1,"name":"Home","item":"https:\/\/herbastore.sk\/cs\/"},{"@type":"ListItem","position":2,"name":"Produkty","item":"https:\/\/herbastore.sk\/cs\/produkty\/"},{"@type":"ListItem","position":3,"name":"LiftOff"}]},{"@type":"WebSite","@id":"https:\/\/herbastore.sk\/cs\/#website","url":"https:\/\/herbastore.sk\/cs\/","name":"herbastore","description":"Produkty Herbalife z pohodlia v\u00e1\u0161ho domova","publisher":{"@id":"https:\/\/herbastore.sk\/cs\/#organization"},"potentialAction":[{"@type":"SearchAction","target":{"@type":"EntryPoint","urlTemplate":"https:\/\/herbastore.sk\/cs\/?s={search_term_string}"},"query-input":{"@type":"PropertyValueSpecification","valueRequired":true,"valueName":"search_term_string"}}],"inLanguage":"cs"},{"@type":"Organization","@id":"https:\/\/herbastore.sk\/cs\/#organization","name":"herbastore.sk","url":"https:\/\/herbastore.sk\/cs\/","logo":{"@type":"ImageObject","inLanguage":"cs","@id":"https:\/\/herbastore.sk\/cs\/#\/schema\/logo\/image\/","url":"https:\/\/herbastore.sk\/wp-content\/uploads\/2018\/11\/herbastore-ikona.png","contentUrl":"https:\/\/herbastore.sk\/wp-content\/uploads\/2018\/11\/herbastore-ikona.png","width":512,"height":512,"caption":"herbastore.sk"},"image":{"@id":"https:\/\/herbastore.sk\/cs\/#\/schema\/logo\/image\/"},"sameAs":["https:\/\/www.facebook.com\/herbastoresk\/","https:\/\/www.instagram.com\/herbastore.sk\/"]}]}},"_links":{"self":[{"href":"https:\/\/herbastore.sk\/cs\/wp-json\/wp\/v2\/product\/8030","targetHints":{"allow":["GET"]}}],"collection":[{"href":"https:\/\/herbastore.sk\/cs\/wp-json\/wp\/v2\/product"}],"about":[{"href":"https:\/\/herbastore.sk\/cs\/wp-json\/wp\/v2\/types\/product"}],"replies":[{"embeddable":true,"href":"https:\/\/herbastore.sk\/cs\/wp-json\/wp\/v2\/comments?post=8030"}],"wp:featuredmedia":[{"embeddable":true,"href":"https:\/\/herbastore.sk\/cs\/wp-json\/wp\/v2\/media\/15132"}],"wp:attachment":[{"href":"https:\/\/herbastore.sk\/cs\/wp-json\/wp\/v2\/media?parent=8030"}],"wp:term":[{"taxonomy":"product_brand","embeddable":true,"href":"https:\/\/herbastore.sk\/cs\/wp-json\/wp\/v2\/product_brand?post=8030"},{"taxonomy":"product_cat","embeddable":true,"href":"https:\/\/herbastore.sk\/cs\/wp-json\/wp\/v2\/product_cat?post=8030"},{"taxonomy":"product_tag","embeddable":true,"href":"https:\/\/herbastore.sk\/cs\/wp-json\/wp\/v2\/product_tag?post=8030"}],"curies":[{"name":"wp","href":"https:\/\/api.w.org\/{rel}","templated":true}]}}