{"id":8026,"date":"2019-04-11T00:56:08","date_gmt":"2020-07-22T17:19:13","guid":{"rendered":"https:\/\/herbastore.sk\/produkty\/nezarazene\/h24-rebuild-endurance\/"},"modified":"2025-02-12T21:30:49","modified_gmt":"2025-02-12T20:30:49","slug":"h24-rebuild-endurance","status":"publish","type":"product","link":"https:\/\/herbastore.sk\/cs\/produkty\/h24-sportovni-vyziva\/h24-rebuild-endurance\/","title":{"rendered":"H24 Rebuild Endurance"},"content":{"rendered":"<h2>Komu m\u016f\u017ee b\u00fdt Rebuild Endurance prosp\u011b\u0161n\u00fd?<\/h2>\n<ul>\n<li class=\"bullet-star\">Vytrvalostn\u00edm b\u011b\u017ec\u016fm a atlet\u016fm<\/li>\n<li class=\"bullet-star\">Cyklist\u016fm po tr\u00e9ninkov\u00e9 j\u00edzd\u011b nebo z\u00e1vod\u011b<\/li>\n<li class=\"bullet-star\">Fotbalist\u016fm po tr\u00e9ninku nebo z\u00e1pase<\/li>\n<li class=\"bullet-star\">Triatlonist\u016fm po tr\u00e9ninkov\u00e9 jednotce<\/li>\n<li class=\"bullet-star\">Plavc\u016fm po n\u00e1ro\u010dn\u00e9m tr\u00e9ninku<\/li>\n<\/ul>\n<p> Regenerace po ukon\u010den\u00ed intenzivn\u00ed aerobn\u00ed aktivity vy\u017eaduje jednak obnovu z\u00e1sob glykogenu, ale i svalov\u00e9 hmoty. Obnoven\u00ed vytrvalosti prob\u00edh\u00e1 s pomoc\u00ed pe\u010dliv\u011b vybran\u00e9 sm\u011bsi sacharid\u016f, kter\u00e9 podporuj\u00ed rychlou obnovu glykogenu. Vybran\u00e1 sm\u011bs ml\u00e9\u010dn\u00e9ho proteinu, glutaminu a L-karnitinu podporuje regeneraci sval\u016f a \u010dinnosti imunitn\u00edho syst\u00e9mu. Rychle metabolizovan\u00fd syrov\u00e1tkov\u00fd protein a pomalu se uvol\u0148uj\u00edc\u00ed kasein napom\u00e1haj\u00ed rychl\u00e9 a trval\u00e9 regeneraci svalov\u00e9 hmoty. Regenerace je d\u016fle\u017eitou sou\u010d\u00e1st\u00ed ka\u017ed\u00e9 fyzick\u00e9 aktivity a sportu. Sportovc\u016fm se doporu\u010duje konzumovat 1 a\u017e 1,5 g sacharid\u016f na 1 kg t\u011blesn\u00e9 hmotnosti b\u011bhem prvn\u00edch 30 minut po ukon\u010den\u00ed fyzick\u00e9 aktivity. T\u00edmto zp\u016fsobem je mo\u017en\u00e9 obnovit z\u00e1soby glykogenu ztracen\u00e9 b\u011bhem vytrvalostn\u00edho cvi\u010den\u00ed. <\/p>\n<h2>Hlavn\u00ed v\u00fdhody a charakteristika<\/h2>\n<div class=\"row\"  id=\"row-685573638\">\n\n\t<div id=\"col-1968126736\" class=\"col medium-1\/2 large-6\"  >\n\t\t\t\t<div class=\"col-inner\"  >\n\t\t\t\n\t\t\t\n<ul>\n<li class=\"bullet-checkmark\">Pro pou\u017eit\u00ed po aerobn\u00edch aktivit\u00e1ch<\/li>\n<li class=\"bullet-checkmark\">Urychlen\u00ed regenerace a obnova svalov\u00e9 hmoty<\/li>\n<li class=\"bullet-checkmark\">Obsahuje aminokyselinu L-karnitin pro podporu svalov\u00e9ho metabolismu a regeneraci po ukon\u010den\u00ed fyzick\u00e9 aktivity<\/li>\n<li class=\"bullet-checkmark\">188 kcal v jedn\u00e9 porci<\/li>\n<li class=\"bullet-checkmark\">Obsahuje 36 g speci\u00e1ln\u011b vybran\u00fdch sacharid\u016f a vysoce kvalitn\u00edho ml\u00e9\u010dn\u00e9ho proteinu v jednom n\u00e1poji<\/li>\n<\/ul>\n\t\t<\/div>\n\t\t\t\t\t<\/div>\n\n\t\n\n\t<div id=\"col-1179762772\" class=\"col medium-1\/2 large-6\"  >\n\t\t\t\t<div class=\"col-inner\"  >\n\t\t\t\n\t\t\t\n<ul>\n<li class=\"bullet-checkmark\">Obsahuje vitam\u00edny B1, B2, C a E spolu se \u017eelezem<\/li>\n<li class=\"bullet-checkmark\">Bez um\u011bl\u00fdch barviv, p\u0159\u00edchut\u00ed a sladidel<\/li>\n<li class=\"bullet-checkmark\">Podpora regenerace s pomoc\u00ed jedine\u010dn\u00fdch uhlohydr\u00e1t\u016f<\/li>\n<li class=\"bullet-checkmark\">Obsahuje aminokyselinu L-glutamin pro obnovu imunitn\u00edho syst\u00e9mu, kter\u00fd je b\u011bhem cvi\u010den\u00ed nadm\u011brn\u011b zat\u00ed\u017een<\/li>\n<li class=\"bullet-checkmark\">Kasein a syrov\u00e1tkov\u00fd protein jsou vysoce kvalitn\u00ed proteiny cen\u011bn\u00e9 kv\u016fli sv\u00e9mu obsahu aminokyselin<\/li>\n<\/ul>\n\t\t<\/div>\n\t\t\t\t\t<\/div>\n\n\t\n<\/div>\n<h2>D\u00e1vkov\u00e1n\u00ed<\/h2>\n<p> Sm\u00edchejte 4 pol\u00e9vkov\u00e9 l\u017e\u00edce (50 g) s 250 ml vody. D\u016fkladn\u011b prot\u0159epejte. Konzumujte do 30 minut po ukon\u010den\u00ed aerobn\u00ed aktivity. Tento produkt by m\u011bl b\u00fdt pou\u017e\u00edv\u00e1n jako sou\u010d\u00e1st vyv\u00e1\u017een\u00e9 a pestr\u00e9 stravy v r\u00e1mci optim\u00e1ln\u00edho, aktivn\u00edho \u017eivotn\u00edho stylu. Garantujeme, \u017ee ka\u017ed\u00e1 \u0161ar\u017ee v\u00fdrobku je testov\u00e1na na p\u0159\u00edtomnost zak\u00e1zan\u00fdch l\u00e1tek nez\u00e1vislou t\u0159et\u00ed stranou. Tuto skute\u010dnost je mo\u017en\u00e9 ov\u011b\u0159it pomoc\u00ed \u010d\u00edsla \u0161ar\u017ee, kter\u00e9 je uvedeno na obalu ka\u017ed\u00e9ho produktu, on-line na <a href=\"http:\/\/www.koelnerliste.com\/\" target=\"_blank\" rel=\"noopener noreferrer\">www.koelnerliste.com<\/a>. <a href=\"https:\/\/herbastore.sk\/wp-content\/uploads\/2019\/04\/Herbalife-Rebuild-Endurance-vyzivova-hodnota.jpg\"><img loading=\"lazy\" decoding=\"async\" class=\"aligncenter wp-image-3074 size-full\" src=\"https:\/\/herbastore.sk\/wp-content\/uploads\/2019\/04\/Herbalife-Rebuild-Endurance-vyzivova-hodnota.jpg\" alt=\"Herbalife Rebuild Endurance vyzivova hodnota\" width=\"1825\" height=\"558\" srcset=\"https:\/\/herbastore.sk\/wp-content\/uploads\/2019\/04\/Herbalife-Rebuild-Endurance-vyzivova-hodnota.jpg 1825w, https:\/\/herbastore.sk\/wp-content\/uploads\/2019\/04\/Herbalife-Rebuild-Endurance-vyzivova-hodnota-267x82.jpg 267w, https:\/\/herbastore.sk\/wp-content\/uploads\/2019\/04\/Herbalife-Rebuild-Endurance-vyzivova-hodnota-534x163.jpg 534w, https:\/\/herbastore.sk\/wp-content\/uploads\/2019\/04\/Herbalife-Rebuild-Endurance-vyzivova-hodnota-800x245.jpg 800w, https:\/\/herbastore.sk\/wp-content\/uploads\/2019\/04\/Herbalife-Rebuild-Endurance-vyzivova-hodnota-1400x428.jpg 1400w, https:\/\/herbastore.sk\/wp-content\/uploads\/2019\/04\/Herbalife-Rebuild-Endurance-vyzivova-hodnota-768x235.jpg 768w, https:\/\/herbastore.sk\/wp-content\/uploads\/2019\/04\/Herbalife-Rebuild-Endurance-vyzivova-hodnota-1536x470.jpg 1536w, https:\/\/herbastore.sk\/wp-content\/uploads\/2019\/04\/Herbalife-Rebuild-Endurance-vyzivova-hodnota-510x156.jpg 510w\" sizes=\"auto, (max-width: 1825px) 100vw, 1825px\" \/><\/a><\/p>\n<p style=\"text-align: center;\"><em>V\u00fd\u017eivov\u00e1 hodnota \u2013 H24 Rebuild Endurance<\/em><\/p>\n","protected":false},"excerpt":{"rendered":"<p>1000 g <div class=\"is-divider divider clearfix\" ><\/div> N\u00e1poj s obsahem sacharid\u016f a b\u00edlkovin ur\u010den\u00fd pro regeneraci p\u0159i vytrvalostn\u00ed z\u00e1t\u011b\u017ei.<\/p>\n","protected":false},"featured_media":15125,"comment_status":"open","ping_status":"closed","template":"","meta":{"inline_featured_image":false},"product_brand":[],"product_cat":[175],"product_tag":[212],"class_list":{"0":"post-8026","1":"product","2":"type-product","3":"status-publish","4":"has-post-thumbnail","6":"product_cat-h24-sportovni-vyziva","7":"product_tag-vice-energie","9":"first","10":"outofstock","11":"taxable","12":"shipping-taxable","13":"purchasable","14":"product-type-simple"},"yoast_head":"<!-- This site is optimized with the Yoast SEO plugin v26.8 - https:\/\/yoast.com\/product\/yoast-seo-wordpress\/ -->\n<title>Herbalife H24 Rebuild Endurance 1000 g - herbastore.sk<\/title>\n<meta name=\"description\" content=\"Rebuild Endurance obsahuje 36 g vybran\u00fdch sacharid\u016f a vysoce kvalitn\u00edho proteinu v jednom n\u00e1poji. Urychlen\u00ed regenerace a obnova svalov\u00e9 hmoty.\" \/>\n<meta name=\"robots\" content=\"index, follow, max-snippet:-1, max-image-preview:large, max-video-preview:-1\" \/>\n<link rel=\"canonical\" href=\"https:\/\/herbastore.sk\/cs\/produkty\/h24-sportovni-vyziva\/h24-rebuild-endurance\/\" \/>\n<meta property=\"og:locale\" content=\"cs_CZ\" \/>\n<meta property=\"og:type\" content=\"article\" \/>\n<meta property=\"og:title\" content=\"Herbalife H24 Rebuild Endurance 1000 g - herbastore.sk\" \/>\n<meta property=\"og:description\" content=\"Rebuild Endurance obsahuje 36 g vybran\u00fdch sacharid\u016f a vysoce kvalitn\u00edho proteinu v jednom n\u00e1poji. Urychlen\u00ed regenerace a obnova svalov\u00e9 hmoty.\" \/>\n<meta property=\"og:url\" content=\"https:\/\/herbastore.sk\/cs\/produkty\/h24-sportovni-vyziva\/h24-rebuild-endurance\/\" \/>\n<meta property=\"og:site_name\" content=\"herbastore\" \/>\n<meta property=\"article:publisher\" content=\"https:\/\/www.facebook.com\/herbastoresk\/\" \/>\n<meta property=\"article:modified_time\" content=\"2025-02-12T20:30:49+00:00\" \/>\n<meta property=\"og:image\" content=\"https:\/\/herbastore.sk\/wp-content\/uploads\/2021\/10\/Herbalife-H24-Rebuild-Endurance-vanilka.jpg\" \/>\n\t<meta property=\"og:image:width\" content=\"534\" \/>\n\t<meta property=\"og:image:height\" content=\"800\" \/>\n\t<meta property=\"og:image:type\" content=\"image\/jpeg\" \/>\n<meta name=\"twitter:card\" content=\"summary_large_image\" \/>\n<meta name=\"twitter:label1\" content=\"Odhadovan\u00e1 doba \u010dten\u00ed\" \/>\n\t<meta name=\"twitter:data1\" content=\"2 minuty\" \/>\n<script type=\"application\/ld+json\" class=\"yoast-schema-graph\">{\"@context\":\"https:\/\/schema.org\",\"@graph\":[{\"@type\":\"WebPage\",\"@id\":\"https:\/\/herbastore.sk\/cs\/produkty\/h24-sportovni-vyziva\/h24-rebuild-endurance\/\",\"url\":\"https:\/\/herbastore.sk\/cs\/produkty\/h24-sportovni-vyziva\/h24-rebuild-endurance\/\",\"name\":\"Herbalife H24 Rebuild Endurance 1000 g - herbastore.sk\",\"isPartOf\":{\"@id\":\"https:\/\/herbastore.sk\/cs\/#website\"},\"primaryImageOfPage\":{\"@id\":\"https:\/\/herbastore.sk\/cs\/produkty\/h24-sportovni-vyziva\/h24-rebuild-endurance\/#primaryimage\"},\"image\":{\"@id\":\"https:\/\/herbastore.sk\/cs\/produkty\/h24-sportovni-vyziva\/h24-rebuild-endurance\/#primaryimage\"},\"thumbnailUrl\":\"https:\/\/herbastore.sk\/wp-content\/uploads\/2021\/10\/Herbalife-H24-Rebuild-Endurance-vanilka.jpg\",\"datePublished\":\"2020-07-22T17:19:13+00:00\",\"dateModified\":\"2025-02-12T20:30:49+00:00\",\"description\":\"Rebuild Endurance obsahuje 36 g vybran\u00fdch sacharid\u016f a vysoce kvalitn\u00edho proteinu v jednom n\u00e1poji. Urychlen\u00ed regenerace a obnova svalov\u00e9 hmoty.\",\"breadcrumb\":{\"@id\":\"https:\/\/herbastore.sk\/cs\/produkty\/h24-sportovni-vyziva\/h24-rebuild-endurance\/#breadcrumb\"},\"inLanguage\":\"cs\",\"potentialAction\":[{\"@type\":\"ReadAction\",\"target\":[\"https:\/\/herbastore.sk\/cs\/produkty\/h24-sportovni-vyziva\/h24-rebuild-endurance\/\"]}]},{\"@type\":\"ImageObject\",\"inLanguage\":\"cs\",\"@id\":\"https:\/\/herbastore.sk\/cs\/produkty\/h24-sportovni-vyziva\/h24-rebuild-endurance\/#primaryimage\",\"url\":\"https:\/\/herbastore.sk\/wp-content\/uploads\/2021\/10\/Herbalife-H24-Rebuild-Endurance-vanilka.jpg\",\"contentUrl\":\"https:\/\/herbastore.sk\/wp-content\/uploads\/2021\/10\/Herbalife-H24-Rebuild-Endurance-vanilka.jpg\",\"width\":534,\"height\":800,\"caption\":\"Herbalife H24 Rebuild Endurance vanilka\"},{\"@type\":\"BreadcrumbList\",\"@id\":\"https:\/\/herbastore.sk\/cs\/produkty\/h24-sportovni-vyziva\/h24-rebuild-endurance\/#breadcrumb\",\"itemListElement\":[{\"@type\":\"ListItem\",\"position\":1,\"name\":\"Home\",\"item\":\"https:\/\/herbastore.sk\/cs\/\"},{\"@type\":\"ListItem\",\"position\":2,\"name\":\"Produkty\",\"item\":\"https:\/\/herbastore.sk\/cs\/produkty\/\"},{\"@type\":\"ListItem\",\"position\":3,\"name\":\"H24 Rebuild Endurance\"}]},{\"@type\":\"WebSite\",\"@id\":\"https:\/\/herbastore.sk\/cs\/#website\",\"url\":\"https:\/\/herbastore.sk\/cs\/\",\"name\":\"herbastore\",\"description\":\"Produkty Herbalife z pohodlia v\u00e1\u0161ho domova\",\"publisher\":{\"@id\":\"https:\/\/herbastore.sk\/cs\/#organization\"},\"potentialAction\":[{\"@type\":\"SearchAction\",\"target\":{\"@type\":\"EntryPoint\",\"urlTemplate\":\"https:\/\/herbastore.sk\/cs\/?s={search_term_string}\"},\"query-input\":{\"@type\":\"PropertyValueSpecification\",\"valueRequired\":true,\"valueName\":\"search_term_string\"}}],\"inLanguage\":\"cs\"},{\"@type\":\"Organization\",\"@id\":\"https:\/\/herbastore.sk\/cs\/#organization\",\"name\":\"herbastore.sk\",\"url\":\"https:\/\/herbastore.sk\/cs\/\",\"logo\":{\"@type\":\"ImageObject\",\"inLanguage\":\"cs\",\"@id\":\"https:\/\/herbastore.sk\/cs\/#\/schema\/logo\/image\/\",\"url\":\"https:\/\/herbastore.sk\/wp-content\/uploads\/2018\/11\/herbastore-ikona.png\",\"contentUrl\":\"https:\/\/herbastore.sk\/wp-content\/uploads\/2018\/11\/herbastore-ikona.png\",\"width\":512,\"height\":512,\"caption\":\"herbastore.sk\"},\"image\":{\"@id\":\"https:\/\/herbastore.sk\/cs\/#\/schema\/logo\/image\/\"},\"sameAs\":[\"https:\/\/www.facebook.com\/herbastoresk\/\",\"https:\/\/www.instagram.com\/herbastore.sk\/\"]}]}<\/script>\n<!-- \/ Yoast SEO plugin. -->","yoast_head_json":{"title":"Herbalife H24 Rebuild Endurance 1000 g - herbastore.sk","description":"Rebuild Endurance obsahuje 36 g vybran\u00fdch sacharid\u016f a vysoce kvalitn\u00edho proteinu v jednom n\u00e1poji. Urychlen\u00ed regenerace a obnova svalov\u00e9 hmoty.","robots":{"index":"index","follow":"follow","max-snippet":"max-snippet:-1","max-image-preview":"max-image-preview:large","max-video-preview":"max-video-preview:-1"},"canonical":"https:\/\/herbastore.sk\/cs\/produkty\/h24-sportovni-vyziva\/h24-rebuild-endurance\/","og_locale":"cs_CZ","og_type":"article","og_title":"Herbalife H24 Rebuild Endurance 1000 g - herbastore.sk","og_description":"Rebuild Endurance obsahuje 36 g vybran\u00fdch sacharid\u016f a vysoce kvalitn\u00edho proteinu v jednom n\u00e1poji. Urychlen\u00ed regenerace a obnova svalov\u00e9 hmoty.","og_url":"https:\/\/herbastore.sk\/cs\/produkty\/h24-sportovni-vyziva\/h24-rebuild-endurance\/","og_site_name":"herbastore","article_publisher":"https:\/\/www.facebook.com\/herbastoresk\/","article_modified_time":"2025-02-12T20:30:49+00:00","og_image":[{"width":534,"height":800,"url":"https:\/\/herbastore.sk\/wp-content\/uploads\/2021\/10\/Herbalife-H24-Rebuild-Endurance-vanilka.jpg","type":"image\/jpeg"}],"twitter_card":"summary_large_image","twitter_misc":{"Odhadovan\u00e1 doba \u010dten\u00ed":"2 minuty"},"schema":{"@context":"https:\/\/schema.org","@graph":[{"@type":"WebPage","@id":"https:\/\/herbastore.sk\/cs\/produkty\/h24-sportovni-vyziva\/h24-rebuild-endurance\/","url":"https:\/\/herbastore.sk\/cs\/produkty\/h24-sportovni-vyziva\/h24-rebuild-endurance\/","name":"Herbalife H24 Rebuild Endurance 1000 g - herbastore.sk","isPartOf":{"@id":"https:\/\/herbastore.sk\/cs\/#website"},"primaryImageOfPage":{"@id":"https:\/\/herbastore.sk\/cs\/produkty\/h24-sportovni-vyziva\/h24-rebuild-endurance\/#primaryimage"},"image":{"@id":"https:\/\/herbastore.sk\/cs\/produkty\/h24-sportovni-vyziva\/h24-rebuild-endurance\/#primaryimage"},"thumbnailUrl":"https:\/\/herbastore.sk\/wp-content\/uploads\/2021\/10\/Herbalife-H24-Rebuild-Endurance-vanilka.jpg","datePublished":"2020-07-22T17:19:13+00:00","dateModified":"2025-02-12T20:30:49+00:00","description":"Rebuild Endurance obsahuje 36 g vybran\u00fdch sacharid\u016f a vysoce kvalitn\u00edho proteinu v jednom n\u00e1poji. Urychlen\u00ed regenerace a obnova svalov\u00e9 hmoty.","breadcrumb":{"@id":"https:\/\/herbastore.sk\/cs\/produkty\/h24-sportovni-vyziva\/h24-rebuild-endurance\/#breadcrumb"},"inLanguage":"cs","potentialAction":[{"@type":"ReadAction","target":["https:\/\/herbastore.sk\/cs\/produkty\/h24-sportovni-vyziva\/h24-rebuild-endurance\/"]}]},{"@type":"ImageObject","inLanguage":"cs","@id":"https:\/\/herbastore.sk\/cs\/produkty\/h24-sportovni-vyziva\/h24-rebuild-endurance\/#primaryimage","url":"https:\/\/herbastore.sk\/wp-content\/uploads\/2021\/10\/Herbalife-H24-Rebuild-Endurance-vanilka.jpg","contentUrl":"https:\/\/herbastore.sk\/wp-content\/uploads\/2021\/10\/Herbalife-H24-Rebuild-Endurance-vanilka.jpg","width":534,"height":800,"caption":"Herbalife H24 Rebuild Endurance vanilka"},{"@type":"BreadcrumbList","@id":"https:\/\/herbastore.sk\/cs\/produkty\/h24-sportovni-vyziva\/h24-rebuild-endurance\/#breadcrumb","itemListElement":[{"@type":"ListItem","position":1,"name":"Home","item":"https:\/\/herbastore.sk\/cs\/"},{"@type":"ListItem","position":2,"name":"Produkty","item":"https:\/\/herbastore.sk\/cs\/produkty\/"},{"@type":"ListItem","position":3,"name":"H24 Rebuild Endurance"}]},{"@type":"WebSite","@id":"https:\/\/herbastore.sk\/cs\/#website","url":"https:\/\/herbastore.sk\/cs\/","name":"herbastore","description":"Produkty Herbalife z pohodlia v\u00e1\u0161ho domova","publisher":{"@id":"https:\/\/herbastore.sk\/cs\/#organization"},"potentialAction":[{"@type":"SearchAction","target":{"@type":"EntryPoint","urlTemplate":"https:\/\/herbastore.sk\/cs\/?s={search_term_string}"},"query-input":{"@type":"PropertyValueSpecification","valueRequired":true,"valueName":"search_term_string"}}],"inLanguage":"cs"},{"@type":"Organization","@id":"https:\/\/herbastore.sk\/cs\/#organization","name":"herbastore.sk","url":"https:\/\/herbastore.sk\/cs\/","logo":{"@type":"ImageObject","inLanguage":"cs","@id":"https:\/\/herbastore.sk\/cs\/#\/schema\/logo\/image\/","url":"https:\/\/herbastore.sk\/wp-content\/uploads\/2018\/11\/herbastore-ikona.png","contentUrl":"https:\/\/herbastore.sk\/wp-content\/uploads\/2018\/11\/herbastore-ikona.png","width":512,"height":512,"caption":"herbastore.sk"},"image":{"@id":"https:\/\/herbastore.sk\/cs\/#\/schema\/logo\/image\/"},"sameAs":["https:\/\/www.facebook.com\/herbastoresk\/","https:\/\/www.instagram.com\/herbastore.sk\/"]}]}},"_links":{"self":[{"href":"https:\/\/herbastore.sk\/cs\/wp-json\/wp\/v2\/product\/8026","targetHints":{"allow":["GET"]}}],"collection":[{"href":"https:\/\/herbastore.sk\/cs\/wp-json\/wp\/v2\/product"}],"about":[{"href":"https:\/\/herbastore.sk\/cs\/wp-json\/wp\/v2\/types\/product"}],"replies":[{"embeddable":true,"href":"https:\/\/herbastore.sk\/cs\/wp-json\/wp\/v2\/comments?post=8026"}],"wp:featuredmedia":[{"embeddable":true,"href":"https:\/\/herbastore.sk\/cs\/wp-json\/wp\/v2\/media\/15125"}],"wp:attachment":[{"href":"https:\/\/herbastore.sk\/cs\/wp-json\/wp\/v2\/media?parent=8026"}],"wp:term":[{"taxonomy":"product_brand","embeddable":true,"href":"https:\/\/herbastore.sk\/cs\/wp-json\/wp\/v2\/product_brand?post=8026"},{"taxonomy":"product_cat","embeddable":true,"href":"https:\/\/herbastore.sk\/cs\/wp-json\/wp\/v2\/product_cat?post=8026"},{"taxonomy":"product_tag","embeddable":true,"href":"https:\/\/herbastore.sk\/cs\/wp-json\/wp\/v2\/product_tag?post=8026"}],"curies":[{"name":"wp","href":"https:\/\/api.w.org\/{rel}","templated":true}]}}