{"id":8021,"date":"2019-06-09T00:41:27","date_gmt":"2019-06-08T22:41:27","guid":{"rendered":"https:\/\/herbastore.sk\/produkty\/nezarazene\/krem-na-ruce-a-telo\/"},"modified":"2024-12-09T08:19:50","modified_gmt":"2024-12-09T07:19:50","slug":"krem-na-ruce-a-telo","status":"publish","type":"product","link":"https:\/\/herbastore.sk\/cs\/produkty\/herbal-aloe\/krem-na-ruce-a-telo\/","title":{"rendered":"Kr\u00e9m na ruce a t\u011blo"},"content":{"rendered":"<h2>Hydratujte a vy\u017eivujte<\/h2>\n<p> Kr\u00e9m na ruce a t\u011blo Herbal Aloe obsahuje bohat\u00e9 mno\u017estv\u00ed africk\u00e9ho bambuck\u00e9ho m\u00e1sla a zklid\u0148uj\u00edc\u00ed Aloe vera, kter\u00e9 zanechaj\u00ed va\u0161i poko\u017eku viditeln\u011b jemn\u011bj\u0161\u00ed a hebkou. P\u0159\u00edpravky neobsahuj\u00ed parabeny ani sulf\u00e1ty, kter\u00e9 mohou poko\u017eku zbavovat jej\u00edch p\u0159\u00edrodn\u00edch olej\u016f. P\u0159\u00edpravky Herbal Aloe se rychle vst\u0159eb\u00e1vaj\u00ed a vlhkost v poko\u017ece doslova uzamknou, \u010d\u00edm\u017e poko\u017ece zaji\u0161\u0165uj\u00ed dlouhotrvaj\u00edc\u00ed hydrataci. <\/p>\n<h2>Efekty a vlastnosti<\/h2>\n<ul>\n<li class=\"bullet-checkmark\">Klinicky prok\u00e1zan\u00e9 \u00fa\u010dinky na hydrataci poko\u017eky a jej\u00ed v\u00fd\u017eivu do hlub\u0161\u00edch vrstev<\/li>\n<li class=\"bullet-checkmark\">Hydratace b\u011bhem cel\u00e9ho dne<\/li>\n<li class=\"bullet-checkmark\">Aloe vera a africk\u00e9 bambuck\u00e9 m\u00e1slo se rychle vst\u0159eb\u00e1vaj\u00ed a zanech\u00e1vaj\u00ed poko\u017eku jemnou a hebkou<\/li>\n<li class=\"bullet-checkmark\">Bez p\u0159idan\u00fdch paraben\u016f a sulf\u00e1t\u016f<\/li>\n<\/ul>\n<h2>Pou\u017eit\u00ed<\/h2>\n<p> Pou\u017e\u00edvejte ka\u017ed\u00fd den podle pot\u0159eby.<\/p>\n","protected":false},"excerpt":{"rendered":"<p>200 ml <div class=\"is-divider divider clearfix\" ><\/div> Kr\u00e9m na ruce a t\u011blo Herbal Aloe uzamyk\u00e1 vlhkost v poko\u017ece pro dlouhotrvaj\u00edc\u00ed hydrataci.<\/p>\n","protected":false},"featured_media":15136,"comment_status":"open","ping_status":"closed","template":"","meta":{"inline_featured_image":false},"product_brand":[],"product_cat":[198],"product_tag":[203],"class_list":{"0":"post-8021","1":"product","2":"type-product","3":"status-publish","4":"has-post-thumbnail","6":"product_cat-herbal-aloe","7":"product_tag-hezci-plet-a-vlasy","9":"first","10":"outofstock","11":"taxable","12":"shipping-taxable","13":"purchasable","14":"product-type-simple"},"yoast_head":"<!-- This site is optimized with the Yoast SEO plugin v26.8 - https:\/\/yoast.com\/product\/yoast-seo-wordpress\/ -->\n<title>Herbalife Herbal Aloe Kr\u00e9m na ruce a t\u011blo 200 ml - herbastore.sk<\/title>\n<meta name=\"description\" content=\"Kr\u00e9m na ruce a t\u011blo obsahuje bohat\u00e9 mno\u017estv\u00ed africk\u00e9ho bambuck\u00e9ho m\u00e1sla a Aloe vera, kter\u00e9 zanechaj\u00ed va\u0161i poko\u017eku viditeln\u011b jemn\u011bj\u0161\u00ed a hebkou.\" \/>\n<meta name=\"robots\" content=\"index, follow, max-snippet:-1, max-image-preview:large, max-video-preview:-1\" \/>\n<link rel=\"canonical\" href=\"https:\/\/herbastore.sk\/cs\/produkty\/herbal-aloe\/krem-na-ruce-a-telo\/\" \/>\n<meta property=\"og:locale\" content=\"cs_CZ\" \/>\n<meta property=\"og:type\" content=\"article\" \/>\n<meta property=\"og:title\" content=\"Herbalife Herbal Aloe Kr\u00e9m na ruce a t\u011blo 200 ml - herbastore.sk\" \/>\n<meta property=\"og:description\" content=\"Kr\u00e9m na ruce a t\u011blo obsahuje bohat\u00e9 mno\u017estv\u00ed africk\u00e9ho bambuck\u00e9ho m\u00e1sla a Aloe vera, kter\u00e9 zanechaj\u00ed va\u0161i poko\u017eku viditeln\u011b jemn\u011bj\u0161\u00ed a hebkou.\" \/>\n<meta property=\"og:url\" content=\"https:\/\/herbastore.sk\/cs\/produkty\/herbal-aloe\/krem-na-ruce-a-telo\/\" \/>\n<meta property=\"og:site_name\" content=\"herbastore\" \/>\n<meta property=\"article:publisher\" content=\"https:\/\/www.facebook.com\/herbastoresk\/\" \/>\n<meta property=\"article:modified_time\" content=\"2024-12-09T07:19:50+00:00\" \/>\n<meta property=\"og:image\" content=\"https:\/\/herbastore.sk\/wp-content\/uploads\/2021\/10\/Herbalife-Herbal-aloe-krem-na-ruky-a-telo.jpg\" \/>\n\t<meta property=\"og:image:width\" content=\"534\" \/>\n\t<meta property=\"og:image:height\" content=\"800\" \/>\n\t<meta property=\"og:image:type\" content=\"image\/jpeg\" \/>\n<meta name=\"twitter:card\" content=\"summary_large_image\" \/>\n<meta name=\"twitter:label1\" content=\"Odhadovan\u00e1 doba \u010dten\u00ed\" \/>\n\t<meta name=\"twitter:data1\" content=\"1 minuta\" \/>\n<script type=\"application\/ld+json\" class=\"yoast-schema-graph\">{\"@context\":\"https:\/\/schema.org\",\"@graph\":[{\"@type\":\"WebPage\",\"@id\":\"https:\/\/herbastore.sk\/cs\/produkty\/herbal-aloe\/krem-na-ruce-a-telo\/\",\"url\":\"https:\/\/herbastore.sk\/cs\/produkty\/herbal-aloe\/krem-na-ruce-a-telo\/\",\"name\":\"Herbalife Herbal Aloe Kr\u00e9m na ruce a t\u011blo 200 ml - herbastore.sk\",\"isPartOf\":{\"@id\":\"https:\/\/herbastore.sk\/cs\/#website\"},\"primaryImageOfPage\":{\"@id\":\"https:\/\/herbastore.sk\/cs\/produkty\/herbal-aloe\/krem-na-ruce-a-telo\/#primaryimage\"},\"image\":{\"@id\":\"https:\/\/herbastore.sk\/cs\/produkty\/herbal-aloe\/krem-na-ruce-a-telo\/#primaryimage\"},\"thumbnailUrl\":\"https:\/\/herbastore.sk\/wp-content\/uploads\/2021\/10\/Herbalife-Herbal-aloe-krem-na-ruky-a-telo.jpg\",\"datePublished\":\"2019-06-08T22:41:27+00:00\",\"dateModified\":\"2024-12-09T07:19:50+00:00\",\"description\":\"Kr\u00e9m na ruce a t\u011blo obsahuje bohat\u00e9 mno\u017estv\u00ed africk\u00e9ho bambuck\u00e9ho m\u00e1sla a Aloe vera, kter\u00e9 zanechaj\u00ed va\u0161i poko\u017eku viditeln\u011b jemn\u011bj\u0161\u00ed a hebkou.\",\"breadcrumb\":{\"@id\":\"https:\/\/herbastore.sk\/cs\/produkty\/herbal-aloe\/krem-na-ruce-a-telo\/#breadcrumb\"},\"inLanguage\":\"cs\",\"potentialAction\":[{\"@type\":\"ReadAction\",\"target\":[\"https:\/\/herbastore.sk\/cs\/produkty\/herbal-aloe\/krem-na-ruce-a-telo\/\"]}]},{\"@type\":\"ImageObject\",\"inLanguage\":\"cs\",\"@id\":\"https:\/\/herbastore.sk\/cs\/produkty\/herbal-aloe\/krem-na-ruce-a-telo\/#primaryimage\",\"url\":\"https:\/\/herbastore.sk\/wp-content\/uploads\/2021\/10\/Herbalife-Herbal-aloe-krem-na-ruky-a-telo.jpg\",\"contentUrl\":\"https:\/\/herbastore.sk\/wp-content\/uploads\/2021\/10\/Herbalife-Herbal-aloe-krem-na-ruky-a-telo.jpg\",\"width\":534,\"height\":800,\"caption\":\"Herbalife Herbal Aloe krem na ruce a telo\"},{\"@type\":\"BreadcrumbList\",\"@id\":\"https:\/\/herbastore.sk\/cs\/produkty\/herbal-aloe\/krem-na-ruce-a-telo\/#breadcrumb\",\"itemListElement\":[{\"@type\":\"ListItem\",\"position\":1,\"name\":\"Home\",\"item\":\"https:\/\/herbastore.sk\/cs\/\"},{\"@type\":\"ListItem\",\"position\":2,\"name\":\"Produkty\",\"item\":\"https:\/\/herbastore.sk\/cs\/produkty\/\"},{\"@type\":\"ListItem\",\"position\":3,\"name\":\"Kr\u00e9m na ruce a t\u011blo\"}]},{\"@type\":\"WebSite\",\"@id\":\"https:\/\/herbastore.sk\/cs\/#website\",\"url\":\"https:\/\/herbastore.sk\/cs\/\",\"name\":\"herbastore\",\"description\":\"Produkty Herbalife z pohodlia v\u00e1\u0161ho domova\",\"publisher\":{\"@id\":\"https:\/\/herbastore.sk\/cs\/#organization\"},\"potentialAction\":[{\"@type\":\"SearchAction\",\"target\":{\"@type\":\"EntryPoint\",\"urlTemplate\":\"https:\/\/herbastore.sk\/cs\/?s={search_term_string}\"},\"query-input\":{\"@type\":\"PropertyValueSpecification\",\"valueRequired\":true,\"valueName\":\"search_term_string\"}}],\"inLanguage\":\"cs\"},{\"@type\":\"Organization\",\"@id\":\"https:\/\/herbastore.sk\/cs\/#organization\",\"name\":\"herbastore.sk\",\"url\":\"https:\/\/herbastore.sk\/cs\/\",\"logo\":{\"@type\":\"ImageObject\",\"inLanguage\":\"cs\",\"@id\":\"https:\/\/herbastore.sk\/cs\/#\/schema\/logo\/image\/\",\"url\":\"https:\/\/herbastore.sk\/wp-content\/uploads\/2018\/11\/herbastore-ikona.png\",\"contentUrl\":\"https:\/\/herbastore.sk\/wp-content\/uploads\/2018\/11\/herbastore-ikona.png\",\"width\":512,\"height\":512,\"caption\":\"herbastore.sk\"},\"image\":{\"@id\":\"https:\/\/herbastore.sk\/cs\/#\/schema\/logo\/image\/\"},\"sameAs\":[\"https:\/\/www.facebook.com\/herbastoresk\/\",\"https:\/\/www.instagram.com\/herbastore.sk\/\"]}]}<\/script>\n<!-- \/ Yoast SEO plugin. -->","yoast_head_json":{"title":"Herbalife Herbal Aloe Kr\u00e9m na ruce a t\u011blo 200 ml - herbastore.sk","description":"Kr\u00e9m na ruce a t\u011blo obsahuje bohat\u00e9 mno\u017estv\u00ed africk\u00e9ho bambuck\u00e9ho m\u00e1sla a Aloe vera, kter\u00e9 zanechaj\u00ed va\u0161i poko\u017eku viditeln\u011b jemn\u011bj\u0161\u00ed a hebkou.","robots":{"index":"index","follow":"follow","max-snippet":"max-snippet:-1","max-image-preview":"max-image-preview:large","max-video-preview":"max-video-preview:-1"},"canonical":"https:\/\/herbastore.sk\/cs\/produkty\/herbal-aloe\/krem-na-ruce-a-telo\/","og_locale":"cs_CZ","og_type":"article","og_title":"Herbalife Herbal Aloe Kr\u00e9m na ruce a t\u011blo 200 ml - herbastore.sk","og_description":"Kr\u00e9m na ruce a t\u011blo obsahuje bohat\u00e9 mno\u017estv\u00ed africk\u00e9ho bambuck\u00e9ho m\u00e1sla a Aloe vera, kter\u00e9 zanechaj\u00ed va\u0161i poko\u017eku viditeln\u011b jemn\u011bj\u0161\u00ed a hebkou.","og_url":"https:\/\/herbastore.sk\/cs\/produkty\/herbal-aloe\/krem-na-ruce-a-telo\/","og_site_name":"herbastore","article_publisher":"https:\/\/www.facebook.com\/herbastoresk\/","article_modified_time":"2024-12-09T07:19:50+00:00","og_image":[{"width":534,"height":800,"url":"https:\/\/herbastore.sk\/wp-content\/uploads\/2021\/10\/Herbalife-Herbal-aloe-krem-na-ruky-a-telo.jpg","type":"image\/jpeg"}],"twitter_card":"summary_large_image","twitter_misc":{"Odhadovan\u00e1 doba \u010dten\u00ed":"1 minuta"},"schema":{"@context":"https:\/\/schema.org","@graph":[{"@type":"WebPage","@id":"https:\/\/herbastore.sk\/cs\/produkty\/herbal-aloe\/krem-na-ruce-a-telo\/","url":"https:\/\/herbastore.sk\/cs\/produkty\/herbal-aloe\/krem-na-ruce-a-telo\/","name":"Herbalife Herbal Aloe Kr\u00e9m na ruce a t\u011blo 200 ml - herbastore.sk","isPartOf":{"@id":"https:\/\/herbastore.sk\/cs\/#website"},"primaryImageOfPage":{"@id":"https:\/\/herbastore.sk\/cs\/produkty\/herbal-aloe\/krem-na-ruce-a-telo\/#primaryimage"},"image":{"@id":"https:\/\/herbastore.sk\/cs\/produkty\/herbal-aloe\/krem-na-ruce-a-telo\/#primaryimage"},"thumbnailUrl":"https:\/\/herbastore.sk\/wp-content\/uploads\/2021\/10\/Herbalife-Herbal-aloe-krem-na-ruky-a-telo.jpg","datePublished":"2019-06-08T22:41:27+00:00","dateModified":"2024-12-09T07:19:50+00:00","description":"Kr\u00e9m na ruce a t\u011blo obsahuje bohat\u00e9 mno\u017estv\u00ed africk\u00e9ho bambuck\u00e9ho m\u00e1sla a Aloe vera, kter\u00e9 zanechaj\u00ed va\u0161i poko\u017eku viditeln\u011b jemn\u011bj\u0161\u00ed a hebkou.","breadcrumb":{"@id":"https:\/\/herbastore.sk\/cs\/produkty\/herbal-aloe\/krem-na-ruce-a-telo\/#breadcrumb"},"inLanguage":"cs","potentialAction":[{"@type":"ReadAction","target":["https:\/\/herbastore.sk\/cs\/produkty\/herbal-aloe\/krem-na-ruce-a-telo\/"]}]},{"@type":"ImageObject","inLanguage":"cs","@id":"https:\/\/herbastore.sk\/cs\/produkty\/herbal-aloe\/krem-na-ruce-a-telo\/#primaryimage","url":"https:\/\/herbastore.sk\/wp-content\/uploads\/2021\/10\/Herbalife-Herbal-aloe-krem-na-ruky-a-telo.jpg","contentUrl":"https:\/\/herbastore.sk\/wp-content\/uploads\/2021\/10\/Herbalife-Herbal-aloe-krem-na-ruky-a-telo.jpg","width":534,"height":800,"caption":"Herbalife Herbal Aloe krem na ruce a telo"},{"@type":"BreadcrumbList","@id":"https:\/\/herbastore.sk\/cs\/produkty\/herbal-aloe\/krem-na-ruce-a-telo\/#breadcrumb","itemListElement":[{"@type":"ListItem","position":1,"name":"Home","item":"https:\/\/herbastore.sk\/cs\/"},{"@type":"ListItem","position":2,"name":"Produkty","item":"https:\/\/herbastore.sk\/cs\/produkty\/"},{"@type":"ListItem","position":3,"name":"Kr\u00e9m na ruce a t\u011blo"}]},{"@type":"WebSite","@id":"https:\/\/herbastore.sk\/cs\/#website","url":"https:\/\/herbastore.sk\/cs\/","name":"herbastore","description":"Produkty Herbalife z pohodlia v\u00e1\u0161ho domova","publisher":{"@id":"https:\/\/herbastore.sk\/cs\/#organization"},"potentialAction":[{"@type":"SearchAction","target":{"@type":"EntryPoint","urlTemplate":"https:\/\/herbastore.sk\/cs\/?s={search_term_string}"},"query-input":{"@type":"PropertyValueSpecification","valueRequired":true,"valueName":"search_term_string"}}],"inLanguage":"cs"},{"@type":"Organization","@id":"https:\/\/herbastore.sk\/cs\/#organization","name":"herbastore.sk","url":"https:\/\/herbastore.sk\/cs\/","logo":{"@type":"ImageObject","inLanguage":"cs","@id":"https:\/\/herbastore.sk\/cs\/#\/schema\/logo\/image\/","url":"https:\/\/herbastore.sk\/wp-content\/uploads\/2018\/11\/herbastore-ikona.png","contentUrl":"https:\/\/herbastore.sk\/wp-content\/uploads\/2018\/11\/herbastore-ikona.png","width":512,"height":512,"caption":"herbastore.sk"},"image":{"@id":"https:\/\/herbastore.sk\/cs\/#\/schema\/logo\/image\/"},"sameAs":["https:\/\/www.facebook.com\/herbastoresk\/","https:\/\/www.instagram.com\/herbastore.sk\/"]}]}},"_links":{"self":[{"href":"https:\/\/herbastore.sk\/cs\/wp-json\/wp\/v2\/product\/8021","targetHints":{"allow":["GET"]}}],"collection":[{"href":"https:\/\/herbastore.sk\/cs\/wp-json\/wp\/v2\/product"}],"about":[{"href":"https:\/\/herbastore.sk\/cs\/wp-json\/wp\/v2\/types\/product"}],"replies":[{"embeddable":true,"href":"https:\/\/herbastore.sk\/cs\/wp-json\/wp\/v2\/comments?post=8021"}],"wp:featuredmedia":[{"embeddable":true,"href":"https:\/\/herbastore.sk\/cs\/wp-json\/wp\/v2\/media\/15136"}],"wp:attachment":[{"href":"https:\/\/herbastore.sk\/cs\/wp-json\/wp\/v2\/media?parent=8021"}],"wp:term":[{"taxonomy":"product_brand","embeddable":true,"href":"https:\/\/herbastore.sk\/cs\/wp-json\/wp\/v2\/product_brand?post=8021"},{"taxonomy":"product_cat","embeddable":true,"href":"https:\/\/herbastore.sk\/cs\/wp-json\/wp\/v2\/product_cat?post=8021"},{"taxonomy":"product_tag","embeddable":true,"href":"https:\/\/herbastore.sk\/cs\/wp-json\/wp\/v2\/product_tag?post=8021"}],"curies":[{"name":"wp","href":"https:\/\/api.w.org\/{rel}","templated":true}]}}