{"id":7618,"date":"2018-11-07T16:22:03","date_gmt":"2020-07-22T13:37:23","guid":{"rendered":"https:\/\/herbastore.sk\/produkty\/nezarazene\/premiovy-balicek\/"},"modified":"2025-06-27T18:31:07","modified_gmt":"2025-06-27T16:31:07","slug":"premiovy-balicek","status":"publish","type":"product","link":"https:\/\/herbastore.sk\/cs\/produkty\/akcni-balicky\/premiovy-balicek\/","title":{"rendered":"Pr\u00e9miov\u00fd bal\u00ed\u010dek"},"content":{"rendered":"<h2>Pr\u00e9miov\u00fd bal\u00ed\u010dek obsahuje<\/h2>\n<div class=\"row row-large align-middle\"  id=\"row-985307683\">\n\n\t<div id=\"col-1066664015\" class=\"col medium-4 small-12 large-4\"  >\n\t\t\t\t<div class=\"col-inner text-center\"  >\n\t\t\t\n\t\t\t\n\t<div class=\"img has-hover x md-x lg-x y md-y lg-y\" id=\"image_162807183\">\n\t\t\t\t\t\t\t\t<div class=\"img-inner dark\" >\n\t\t\t<img loading=\"lazy\" decoding=\"async\" width=\"267\" height=\"400\" src=\"https:\/\/herbastore.sk\/wp-content\/uploads\/2019\/12\/Vyvazene-jedlo-vanilka-smotana.jpg\" class=\"attachment-medium size-medium\" alt=\"Herbalife Vyvazene jidlo s vanilkovo-smetanovou prichuti\" srcset=\"https:\/\/herbastore.sk\/wp-content\/uploads\/2019\/12\/Vyvazene-jedlo-vanilka-smotana.jpg 534w, https:\/\/herbastore.sk\/wp-content\/uploads\/2019\/12\/Vyvazene-jedlo-vanilka-smotana-267x400.jpg 267w, https:\/\/herbastore.sk\/wp-content\/uploads\/2019\/12\/Vyvazene-jedlo-vanilka-smotana-510x764.jpg 510w\" sizes=\"auto, (max-width: 267px) 100vw, 267px\" \/>\t\t\t\t\t\t\n\t\t\t\t\t<\/div>\n\t\t\t\t\t\t\t\t\n<style>\n#image_162807183 {\n  width: 70%;\n}\n<\/style>\n\t<\/div>\n\t\n\t\t<\/div>\n\t\t\t\t\t<\/div>\n\n\t\n\n\t<div id=\"col-562720947\" class=\"col medium-8 small-12 large-8\"  >\n\t\t\t\t<div class=\"col-inner text-left\"  >\n\t\t\t\n\t\t\t\n<h3>Formula 1 Koktejl<\/h3>\n<p>Pokud se sna\u017e\u00edte zhubnout nebo si v\u00e1hu udr\u017eet, je d\u016fle\u017eit\u00e9 p\u0159ij\u00edmat nutri\u010dn\u011b vyv\u00e1\u017eenou stravu. V\u00fd\u017eivn\u00e9 j\u00eddlo, jak\u00fdm je Formula 1 koktejl, v\u00e1m pom\u016f\u017ee regulovat p\u0159\u00edjem kalori\u00ed, a p\u0159itom v\u00e1m poskytne pot\u0159ebn\u00e9 vitam\u00edny a miner\u00e1ly spolu se sacharidy a b\u00edlkovinami.<\/p>\n<p>\u0160ikovn\u00e1 a zdrav\u00e1 volba na sn\u00eddani, ob\u011bd nebo ve\u010de\u0159i.<\/p>\n<a href=\"https:\/\/herbastore.sk\/cs\/produkty\/vyvazene-jidlo\/formula-1-koktejl\/\" class=\"button primary is-small\" >\n\t\t<span>V\u00edce info o produktu<\/span>\n\t<i class=\"icon-angle-right\" aria-hidden=\"true\"><\/i><\/a>\n\n\t\t<\/div>\n\t\t\t\t\t<\/div>\n\n\t\n<\/div>\n<div class=\"row row-large align-middle\"  id=\"row-1048753725\">\n\n\t<div id=\"col-705727514\" class=\"col medium-4 small-12 large-4\"  >\n\t\t\t\t<div class=\"col-inner text-center\"  >\n\t\t\t\n\t\t\t\n\t<div class=\"img has-hover x md-x lg-x y md-y lg-y\" id=\"image_290940603\">\n\t\t\t\t\t\t\t\t<div class=\"img-inner dark\" >\n\t\t\t<img loading=\"lazy\" decoding=\"async\" width=\"267\" height=\"400\" src=\"https:\/\/herbastore.sk\/wp-content\/uploads\/2021\/09\/Herbalife-bylinny-caj-original-267x400.jpg\" class=\"attachment-medium size-medium\" alt=\"Herbalife instantni bylinny napoj s prichuti original maly\" srcset=\"https:\/\/herbastore.sk\/wp-content\/uploads\/2021\/09\/Herbalife-bylinny-caj-original-267x400.jpg 267w, https:\/\/herbastore.sk\/wp-content\/uploads\/2021\/09\/Herbalife-bylinny-caj-original-510x764.jpg 510w, https:\/\/herbastore.sk\/wp-content\/uploads\/2021\/09\/Herbalife-bylinny-caj-original.jpg 534w\" sizes=\"auto, (max-width: 267px) 100vw, 267px\" \/>\t\t\t\t\t\t\n\t\t\t\t\t<\/div>\n\t\t\t\t\t\t\t\t\n<style>\n#image_290940603 {\n  width: 70%;\n}\n<\/style>\n\t<\/div>\n\t\n\t\t<\/div>\n\t\t\t\t\t<\/div>\n\n\t\n\n\t<div id=\"col-1192260486\" class=\"col medium-8 small-12 large-8\"  >\n\t\t\t\t<div class=\"col-inner text-left\"  >\n\t\t\t\n\t\t\t\n<h3>Instantn\u00ed bylinn\u00fd \u010daj<\/h3>\n<p>Probouzejte se s osv\u011b\u017euj\u00edc\u00edm bylinkov\u00fdm n\u00e1pojem, kter\u00fd obsahuje 85 mg kofeinu na zv\u00fd\u0161en\u00ed pozornosti tehdy, kdy\u017e to pot\u0159ebujete. \u010caj Herbalife Thermojetics m\u00e1 n\u00edzk\u00fd obsah kalori\u00ed a je vyroben z extraktu ze zelen\u00e9ho a \u010dern\u00e9ho \u010daje. Vychutnat si ho m\u016f\u017eete tepl\u00fd \u010di studen\u00fd.<\/p>\n<p>V\u00fdborn\u011b podpo\u0159\u00ed pitn\u00fd re\u017eim, metabolismus, hubnut\u00ed a detoxikaci t\u011bla.<\/p>\n<a href=\"https:\/\/herbastore.sk\/cs\/produkty\/bylinne-napoje\/instantni-bylinny-caj\/\" class=\"button primary is-small\" >\n\t\t<span>V\u00edce info o produktu<\/span>\n\t<i class=\"icon-angle-right\" aria-hidden=\"true\"><\/i><\/a>\n\n\t\t<\/div>\n\t\t\t\t\t<\/div>\n\n\t\n<\/div>\n<div class=\"row row-large align-middle\"  id=\"row-1735899287\">\n\n\t<div id=\"col-1372237806\" class=\"col medium-4 small-12 large-4\"  >\n\t\t\t\t<div class=\"col-inner text-center\"  >\n\t\t\t\n\t\t\t\n\t<div class=\"img has-hover x md-x lg-x y md-y lg-y\" id=\"image_299707966\">\n\t\t\t\t\t\t\t\t<div class=\"img-inner dark\" >\n\t\t\t<img loading=\"lazy\" decoding=\"async\" width=\"267\" height=\"400\" src=\"https:\/\/herbastore.sk\/wp-content\/uploads\/2018\/10\/Herbalife-aloe-napoj-original-267x400.jpg\" class=\"attachment-medium size-medium\" alt=\"Herbalife Bylinny napoj z Aloe prichut original\" srcset=\"https:\/\/herbastore.sk\/wp-content\/uploads\/2018\/10\/Herbalife-aloe-napoj-original-267x400.jpg 267w, https:\/\/herbastore.sk\/wp-content\/uploads\/2018\/10\/Herbalife-aloe-napoj-original-510x764.jpg 510w, https:\/\/herbastore.sk\/wp-content\/uploads\/2018\/10\/Herbalife-aloe-napoj-original.jpg 534w\" sizes=\"auto, (max-width: 267px) 100vw, 267px\" \/>\t\t\t\t\t\t\n\t\t\t\t\t<\/div>\n\t\t\t\t\t\t\t\t\n<style>\n#image_299707966 {\n  width: 70%;\n}\n<\/style>\n\t<\/div>\n\t\n\t\t<\/div>\n\t\t\t\t\t<\/div>\n\n\t\n\n\t<div id=\"col-778856841\" class=\"col medium-8 small-12 large-8\"  >\n\t\t\t\t<div class=\"col-inner text-left\"  >\n\t\t\t\n\t\t\t\n<h3>Bylinn\u00fd n\u00e1poj z aloe<\/h3>\n<p>Chutn\u00fd a n\u00edzkokalorick\u00fd n\u00e1poj, kter\u00fd v\u00e1m pom\u016f\u017ee udr\u017eet si v t\u011ble dostatek vody. Jednodu\u0161e ho p\u0159idejte do vody jako zdrav\u011bj\u0161\u00ed variantu vysokokalorick\u00fdch slazen\u00fdch n\u00e1poj\u016f. Obsahuje a\u017e 40 % \u0161\u0165\u00e1vy z aloe vera, kter\u00e1 se z\u00edsk\u00e1v\u00e1 z cel\u00e9ho listu aloe vera.<\/p>\n<p>P\u0159\u00edchu\u0165 origin\u00e1l s p\u0159\u00edrodn\u00edm citronem bez um\u011bl\u00fdch sladidel nebo barviv. P\u0159\u00edchu\u0165 mango bez p\u0159idan\u00e9ho cukru a um\u011bl\u00fdch p\u0159\u00edchut\u00ed nebo barviv.<\/p>\n<a href=\"https:\/\/herbastore.sk\/cs\/produkty\/bylinne-napoje\/bylinny-napoj-aloe\/\" class=\"button primary is-small\" >\n\t\t<span>V\u00edce info o produktu<\/span>\n\t<i class=\"icon-angle-right\" aria-hidden=\"true\"><\/i><\/a>\n\n\t\t<\/div>\n\t\t\t\t\t<\/div>\n\n\t\n<\/div>\n<div class=\"row row-large align-middle\"  id=\"row-1375425319\">\n\n\t<div id=\"col-1597216694\" class=\"col medium-4 small-12 large-4\"  >\n\t\t\t\t<div class=\"col-inner text-center\"  >\n\t\t\t\n\t\t\t\n\t<div class=\"img has-hover x md-x lg-x y md-y lg-y\" id=\"image_999355812\">\n\t\t\t\t\t\t\t\t<div class=\"img-inner dark\" >\n\t\t\t<img loading=\"lazy\" decoding=\"async\" width=\"267\" height=\"400\" src=\"https:\/\/herbastore.sk\/wp-content\/uploads\/2021\/09\/Herbalife-proteinovy-doplnok-formula-3-267x400.jpg\" class=\"attachment-medium size-medium\" alt=\"Herbalife Formula 3 Proteinovy doplnek v prasku\" srcset=\"https:\/\/herbastore.sk\/wp-content\/uploads\/2021\/09\/Herbalife-proteinovy-doplnok-formula-3-267x400.jpg 267w, https:\/\/herbastore.sk\/wp-content\/uploads\/2021\/09\/Herbalife-proteinovy-doplnok-formula-3-510x764.jpg 510w, https:\/\/herbastore.sk\/wp-content\/uploads\/2021\/09\/Herbalife-proteinovy-doplnok-formula-3.jpg 534w\" sizes=\"auto, (max-width: 267px) 100vw, 267px\" \/>\t\t\t\t\t\t\n\t\t\t\t\t<\/div>\n\t\t\t\t\t\t\t\t\n<style>\n#image_999355812 {\n  width: 70%;\n}\n<\/style>\n\t<\/div>\n\t\n\t\t<\/div>\n\t\t\t\t\t<\/div>\n\n\t\n\n\t<div id=\"col-911702583\" class=\"col medium-8 small-12 large-8\"  >\n\t\t\t\t<div class=\"col-inner text-left\"  >\n\t\t\t\n\t\t\t\n<h3>Formula 3 proteinov\u00fd dopln\u011bk<\/h3>\n<p>Formula 3 Proteinov\u00fd dopln\u011bk v pr\u00e1\u0161ku je bohat\u00fdm zdrojem s\u00f3jov\u00e9ho a syrov\u00e1tkov\u00e9ho proteinu. Podporuje tvorbu beztukov\u00e9 svalov\u00e9 hmoty a udr\u017een\u00ed zdrav\u00fdch kost\u00ed.<\/p>\n<p>Nab\u00edz\u00ed jednoduch\u00fd zp\u016fsob, jak individu\u00e1ln\u011b upravit p\u0159\u00edjem proteinu va\u0161im pot\u0159eb\u00e1m v oblasti regulace v\u00e1hy nebo optim\u00e1ln\u00ed kondice.<\/p>\n<a href=\"https:\/\/herbastore.sk\/cs\/produkty\/proteinove-doplnky\/formula-3-proteinovy-doplnek\/\" class=\"button primary is-small\" >\n\t\t<span>V\u00edce info o produktu<\/span>\n\t<i class=\"icon-angle-right\" aria-hidden=\"true\"><\/i><\/a>\n\n\t\t<\/div>\n\t\t\t\t\t<\/div>\n\n\t\n<\/div>\n<div class=\"row row-large align-middle\"  id=\"row-1771069176\">\n\n\t<div id=\"col-1313229754\" class=\"col medium-4 small-12 large-4\"  >\n\t\t\t\t<div class=\"col-inner text-center\"  >\n\t\t\t\n\t\t\t\n\t<div class=\"img has-hover x md-x lg-x y md-y lg-y\" id=\"image_438410494\">\n\t\t\t\t\t\t\t\t<div class=\"img-inner dark\" >\n\t\t\t<img loading=\"lazy\" decoding=\"async\" width=\"267\" height=\"400\" src=\"https:\/\/herbastore.sk\/wp-content\/uploads\/2021\/09\/Herbalife-vitaminy-mineraly-pre-muzov-267x400.jpg\" class=\"attachment-medium size-medium\" alt=\"Vitaminovy a mineralni komplex pro muze\" srcset=\"https:\/\/herbastore.sk\/wp-content\/uploads\/2021\/09\/Herbalife-vitaminy-mineraly-pre-muzov-267x400.jpg 267w, https:\/\/herbastore.sk\/wp-content\/uploads\/2021\/09\/Herbalife-vitaminy-mineraly-pre-muzov-510x764.jpg 510w, https:\/\/herbastore.sk\/wp-content\/uploads\/2021\/09\/Herbalife-vitaminy-mineraly-pre-muzov.jpg 534w\" sizes=\"auto, (max-width: 267px) 100vw, 267px\" \/>\t\t\t\t\t\t\n\t\t\t\t\t<\/div>\n\t\t\t\t\t\t\t\t\n<style>\n#image_438410494 {\n  width: 70%;\n}\n<\/style>\n\t<\/div>\n\t\n\t\t<\/div>\n\t\t\t\t\t<\/div>\n\n\t\n\n\t<div id=\"col-501892618\" class=\"col medium-8 small-12 large-8\"  >\n\t\t\t\t<div class=\"col-inner text-left\"  >\n\t\t\t\n\t\t\t\n<h3>Formula 2 pro mu\u017ee<\/h3>\n<p>Vitam\u00ednov\u00fd a miner\u00e1ln\u00ed komplex pro mu\u017ee je komplexn\u00ed v\u00fd\u017eivov\u00fd dopln\u011bk odborn\u011b vyvinut\u00fd pro mu\u017ee, kter\u00fd dod\u00e1v\u00e1 24 kl\u00ed\u010dov\u00fdch \u017eivin k podpo\u0159e spr\u00e1vn\u00e9ho fungov\u00e1n\u00ed mu\u017esk\u00e9ho t\u011bla.<\/p>\n<p>Obsahuje esenci\u00e1ln\u00ed vitam\u00edny a miner\u00e1ly v t\u011bch spr\u00e1vn\u00fdch mno\u017estv\u00edch na napln\u011bn\u00ed denn\u00ed zdravotn\u00ed pot\u0159eby mu\u017e\u016f.<\/p>\n<a href=\"https:\/\/herbastore.sk\/cs\/produkty\/vitaminy-a-mineraly\/formula-2-pro-muze\/\" class=\"button primary is-small\" >\n\t\t<span>V\u00edce info o produktu<\/span>\n\t<i class=\"icon-angle-right\" aria-hidden=\"true\"><\/i><\/a>\n\n\t\t<\/div>\n\t\t\t\t\t<\/div>\n\n\t\n<\/div>\n<div class=\"container section-title-container\" ><h3 class=\"section-title section-title-center\"><b aria-hidden=\"true\"><\/b><span class=\"section-title-main\" >NEBO<\/span><b aria-hidden=\"true\"><\/b><\/h3><\/div>\n<div class=\"row row-large align-middle\"  id=\"row-1175634006\">\n\n\t<div id=\"col-744926860\" class=\"col medium-4 small-12 large-4\"  >\n\t\t\t\t<div class=\"col-inner text-center\"  >\n\t\t\t\n\t\t\t\n\t<div class=\"img has-hover x md-x lg-x y md-y lg-y\" id=\"image_1585326394\">\n\t\t\t\t\t\t\t\t<div class=\"img-inner dark\" >\n\t\t\t<img loading=\"lazy\" decoding=\"async\" width=\"267\" height=\"400\" src=\"https:\/\/herbastore.sk\/wp-content\/uploads\/2021\/09\/Herbalife-vitaminy-mineraly-pre-zeny-267x400.jpg\" class=\"attachment-medium size-medium\" alt=\"Vitaminovy a mineralny komplex pro zeny\" srcset=\"https:\/\/herbastore.sk\/wp-content\/uploads\/2021\/09\/Herbalife-vitaminy-mineraly-pre-zeny-267x400.jpg 267w, https:\/\/herbastore.sk\/wp-content\/uploads\/2021\/09\/Herbalife-vitaminy-mineraly-pre-zeny-510x764.jpg 510w, https:\/\/herbastore.sk\/wp-content\/uploads\/2021\/09\/Herbalife-vitaminy-mineraly-pre-zeny.jpg 534w\" sizes=\"auto, (max-width: 267px) 100vw, 267px\" \/>\t\t\t\t\t\t\n\t\t\t\t\t<\/div>\n\t\t\t\t\t\t\t\t\n<style>\n#image_1585326394 {\n  width: 70%;\n}\n<\/style>\n\t<\/div>\n\t\n\t\t<\/div>\n\t\t\t\t\t<\/div>\n\n\t\n\n\t<div id=\"col-1824201410\" class=\"col medium-8 small-12 large-8\"  >\n\t\t\t\t<div class=\"col-inner text-left\"  >\n\t\t\t\n\t\t\t\n<h3>Formula 2 pro \u017eeny<\/h3>\n<p>Vitam\u00ednov\u00fd a miner\u00e1ln\u00ed komplex pro \u017eeny je komplexn\u00ed v\u00fd\u017eivov\u00fd dopln\u011bk odborn\u011b vytvo\u0159en\u00fd pro \u017eeny, kter\u00fd dod\u00e1v\u00e1 24 kl\u00ed\u010dov\u00fdch \u017eivin k podpo\u0159e spr\u00e1vn\u00e9ho fungov\u00e1n\u00ed \u017eensk\u00e9ho t\u011bla.<\/p>\n<p>Obsahuje esenci\u00e1ln\u00ed vitam\u00edny a miner\u00e1ly v t\u011bch spr\u00e1vn\u00fdch mno\u017estv\u00edch na v\u00fd\u017eivu a p\u00e9\u010di o specifick\u00e9 zdravotn\u00ed pot\u0159eby \u017een.<\/p>\n<a href=\"https:\/\/herbastore.sk\/cs\/produkty\/vitaminy-a-mineraly\/formula-2-pro-zeny\/\" class=\"button primary is-small\" >\n\t\t<span>V\u00edce info o produktu<\/span>\n\t<i class=\"icon-angle-right\" aria-hidden=\"true\"><\/i><\/a>\n\n\t\t<\/div>\n\t\t\t\t\t<\/div>\n\n\t\n<\/div>\n","protected":false},"excerpt":{"rendered":"<p>Pr\u00e9miov\u00fd bal\u00ed\u010dek obsahuje<\/p>\n","protected":false},"featured_media":15181,"comment_status":"open","ping_status":"closed","template":"","meta":{"inline_featured_image":false},"product_brand":[],"product_cat":[181],"product_tag":[],"class_list":{"0":"post-7618","1":"product","2":"type-product","3":"status-publish","4":"has-post-thumbnail","6":"product_cat-akcni-balicky","8":"first","9":"instock","10":"taxable","11":"shipping-taxable","12":"purchasable","13":"product-type-variable"},"yoast_head":"<!-- This site is optimized with the Yoast SEO plugin v26.8 - https:\/\/yoast.com\/product\/yoast-seo-wordpress\/ -->\n<title>Pr\u00e9miov\u00fd bal\u00ed\u010dek v\u00fd\u017eivov\u00fdch dopl\u0148k\u016f Herbalife - herbastore.sk<\/title>\n<meta name=\"description\" content=\"Preferujete vysokou kvalitu? Pr\u00e9miov\u00fd bal\u00ed\u010dek je tu pro v\u00e1s. Vysok\u00fd obsah vitam\u00edn\u016f a miner\u00e1l\u016f, pomoc p\u0159i hubnut\u00ed a \u0159e\u0161en\u00ed zdravotn\u00edch pot\u00ed\u017e\u00ed.\" \/>\n<meta name=\"robots\" content=\"index, follow, max-snippet:-1, max-image-preview:large, max-video-preview:-1\" \/>\n<link rel=\"canonical\" href=\"https:\/\/herbastore.sk\/cs\/produkty\/akcni-balicky\/premiovy-balicek\/\" \/>\n<meta property=\"og:locale\" content=\"cs_CZ\" \/>\n<meta property=\"og:type\" content=\"article\" \/>\n<meta property=\"og:title\" content=\"Pr\u00e9miov\u00fd bal\u00ed\u010dek v\u00fd\u017eivov\u00fdch dopl\u0148k\u016f Herbalife - herbastore.sk\" \/>\n<meta property=\"og:description\" content=\"Preferujete vysokou kvalitu? Pr\u00e9miov\u00fd bal\u00ed\u010dek je tu pro v\u00e1s. Vysok\u00fd obsah vitam\u00edn\u016f a miner\u00e1l\u016f, pomoc p\u0159i hubnut\u00ed a \u0159e\u0161en\u00ed zdravotn\u00edch pot\u00ed\u017e\u00ed.\" \/>\n<meta property=\"og:url\" content=\"https:\/\/herbastore.sk\/cs\/produkty\/akcni-balicky\/premiovy-balicek\/\" \/>\n<meta property=\"og:site_name\" content=\"herbastore\" \/>\n<meta property=\"article:publisher\" content=\"https:\/\/www.facebook.com\/herbastoresk\/\" \/>\n<meta property=\"article:modified_time\" content=\"2025-06-27T16:31:07+00:00\" \/>\n<meta property=\"og:image\" content=\"https:\/\/herbastore.sk\/wp-content\/uploads\/2021\/10\/Premiovy-balicek-produktov-Herbalife.jpg\" \/>\n\t<meta property=\"og:image:width\" content=\"534\" \/>\n\t<meta property=\"og:image:height\" content=\"800\" \/>\n\t<meta property=\"og:image:type\" content=\"image\/jpeg\" \/>\n<meta name=\"twitter:card\" content=\"summary_large_image\" \/>\n<meta name=\"twitter:label1\" content=\"Odhadovan\u00e1 doba \u010dten\u00ed\" \/>\n\t<meta name=\"twitter:data1\" content=\"4 minuty\" \/>\n<script type=\"application\/ld+json\" class=\"yoast-schema-graph\">{\"@context\":\"https:\/\/schema.org\",\"@graph\":[{\"@type\":\"WebPage\",\"@id\":\"https:\/\/herbastore.sk\/cs\/produkty\/akcni-balicky\/premiovy-balicek\/\",\"url\":\"https:\/\/herbastore.sk\/cs\/produkty\/akcni-balicky\/premiovy-balicek\/\",\"name\":\"Pr\u00e9miov\u00fd bal\u00ed\u010dek v\u00fd\u017eivov\u00fdch dopl\u0148k\u016f Herbalife - herbastore.sk\",\"isPartOf\":{\"@id\":\"https:\/\/herbastore.sk\/cs\/#website\"},\"primaryImageOfPage\":{\"@id\":\"https:\/\/herbastore.sk\/cs\/produkty\/akcni-balicky\/premiovy-balicek\/#primaryimage\"},\"image\":{\"@id\":\"https:\/\/herbastore.sk\/cs\/produkty\/akcni-balicky\/premiovy-balicek\/#primaryimage\"},\"thumbnailUrl\":\"https:\/\/herbastore.sk\/wp-content\/uploads\/2021\/10\/Premiovy-balicek-produktov-Herbalife.jpg\",\"datePublished\":\"2020-07-22T13:37:23+00:00\",\"dateModified\":\"2025-06-27T16:31:07+00:00\",\"description\":\"Preferujete vysokou kvalitu? Pr\u00e9miov\u00fd bal\u00ed\u010dek je tu pro v\u00e1s. Vysok\u00fd obsah vitam\u00edn\u016f a miner\u00e1l\u016f, pomoc p\u0159i hubnut\u00ed a \u0159e\u0161en\u00ed zdravotn\u00edch pot\u00ed\u017e\u00ed.\",\"breadcrumb\":{\"@id\":\"https:\/\/herbastore.sk\/cs\/produkty\/akcni-balicky\/premiovy-balicek\/#breadcrumb\"},\"inLanguage\":\"cs\",\"potentialAction\":[{\"@type\":\"ReadAction\",\"target\":[\"https:\/\/herbastore.sk\/cs\/produkty\/akcni-balicky\/premiovy-balicek\/\"]}]},{\"@type\":\"ImageObject\",\"inLanguage\":\"cs\",\"@id\":\"https:\/\/herbastore.sk\/cs\/produkty\/akcni-balicky\/premiovy-balicek\/#primaryimage\",\"url\":\"https:\/\/herbastore.sk\/wp-content\/uploads\/2021\/10\/Premiovy-balicek-produktov-Herbalife.jpg\",\"contentUrl\":\"https:\/\/herbastore.sk\/wp-content\/uploads\/2021\/10\/Premiovy-balicek-produktov-Herbalife.jpg\",\"width\":534,\"height\":800,\"caption\":\"Herbalife Premiovy balicek\"},{\"@type\":\"BreadcrumbList\",\"@id\":\"https:\/\/herbastore.sk\/cs\/produkty\/akcni-balicky\/premiovy-balicek\/#breadcrumb\",\"itemListElement\":[{\"@type\":\"ListItem\",\"position\":1,\"name\":\"Home\",\"item\":\"https:\/\/herbastore.sk\/cs\/\"},{\"@type\":\"ListItem\",\"position\":2,\"name\":\"Produkty\",\"item\":\"https:\/\/herbastore.sk\/cs\/produkty\/\"},{\"@type\":\"ListItem\",\"position\":3,\"name\":\"Pr\u00e9miov\u00fd bal\u00ed\u010dek\"}]},{\"@type\":\"WebSite\",\"@id\":\"https:\/\/herbastore.sk\/cs\/#website\",\"url\":\"https:\/\/herbastore.sk\/cs\/\",\"name\":\"herbastore\",\"description\":\"Produkty Herbalife z pohodlia v\u00e1\u0161ho domova\",\"publisher\":{\"@id\":\"https:\/\/herbastore.sk\/cs\/#organization\"},\"potentialAction\":[{\"@type\":\"SearchAction\",\"target\":{\"@type\":\"EntryPoint\",\"urlTemplate\":\"https:\/\/herbastore.sk\/cs\/?s={search_term_string}\"},\"query-input\":{\"@type\":\"PropertyValueSpecification\",\"valueRequired\":true,\"valueName\":\"search_term_string\"}}],\"inLanguage\":\"cs\"},{\"@type\":\"Organization\",\"@id\":\"https:\/\/herbastore.sk\/cs\/#organization\",\"name\":\"herbastore.sk\",\"url\":\"https:\/\/herbastore.sk\/cs\/\",\"logo\":{\"@type\":\"ImageObject\",\"inLanguage\":\"cs\",\"@id\":\"https:\/\/herbastore.sk\/cs\/#\/schema\/logo\/image\/\",\"url\":\"https:\/\/herbastore.sk\/wp-content\/uploads\/2018\/11\/herbastore-ikona.png\",\"contentUrl\":\"https:\/\/herbastore.sk\/wp-content\/uploads\/2018\/11\/herbastore-ikona.png\",\"width\":512,\"height\":512,\"caption\":\"herbastore.sk\"},\"image\":{\"@id\":\"https:\/\/herbastore.sk\/cs\/#\/schema\/logo\/image\/\"},\"sameAs\":[\"https:\/\/www.facebook.com\/herbastoresk\/\",\"https:\/\/www.instagram.com\/herbastore.sk\/\"]}]}<\/script>\n<!-- \/ Yoast SEO plugin. -->","yoast_head_json":{"title":"Pr\u00e9miov\u00fd bal\u00ed\u010dek v\u00fd\u017eivov\u00fdch dopl\u0148k\u016f Herbalife - herbastore.sk","description":"Preferujete vysokou kvalitu? Pr\u00e9miov\u00fd bal\u00ed\u010dek je tu pro v\u00e1s. Vysok\u00fd obsah vitam\u00edn\u016f a miner\u00e1l\u016f, pomoc p\u0159i hubnut\u00ed a \u0159e\u0161en\u00ed zdravotn\u00edch pot\u00ed\u017e\u00ed.","robots":{"index":"index","follow":"follow","max-snippet":"max-snippet:-1","max-image-preview":"max-image-preview:large","max-video-preview":"max-video-preview:-1"},"canonical":"https:\/\/herbastore.sk\/cs\/produkty\/akcni-balicky\/premiovy-balicek\/","og_locale":"cs_CZ","og_type":"article","og_title":"Pr\u00e9miov\u00fd bal\u00ed\u010dek v\u00fd\u017eivov\u00fdch dopl\u0148k\u016f Herbalife - herbastore.sk","og_description":"Preferujete vysokou kvalitu? Pr\u00e9miov\u00fd bal\u00ed\u010dek je tu pro v\u00e1s. Vysok\u00fd obsah vitam\u00edn\u016f a miner\u00e1l\u016f, pomoc p\u0159i hubnut\u00ed a \u0159e\u0161en\u00ed zdravotn\u00edch pot\u00ed\u017e\u00ed.","og_url":"https:\/\/herbastore.sk\/cs\/produkty\/akcni-balicky\/premiovy-balicek\/","og_site_name":"herbastore","article_publisher":"https:\/\/www.facebook.com\/herbastoresk\/","article_modified_time":"2025-06-27T16:31:07+00:00","og_image":[{"width":534,"height":800,"url":"https:\/\/herbastore.sk\/wp-content\/uploads\/2021\/10\/Premiovy-balicek-produktov-Herbalife.jpg","type":"image\/jpeg"}],"twitter_card":"summary_large_image","twitter_misc":{"Odhadovan\u00e1 doba \u010dten\u00ed":"4 minuty"},"schema":{"@context":"https:\/\/schema.org","@graph":[{"@type":"WebPage","@id":"https:\/\/herbastore.sk\/cs\/produkty\/akcni-balicky\/premiovy-balicek\/","url":"https:\/\/herbastore.sk\/cs\/produkty\/akcni-balicky\/premiovy-balicek\/","name":"Pr\u00e9miov\u00fd bal\u00ed\u010dek v\u00fd\u017eivov\u00fdch dopl\u0148k\u016f Herbalife - herbastore.sk","isPartOf":{"@id":"https:\/\/herbastore.sk\/cs\/#website"},"primaryImageOfPage":{"@id":"https:\/\/herbastore.sk\/cs\/produkty\/akcni-balicky\/premiovy-balicek\/#primaryimage"},"image":{"@id":"https:\/\/herbastore.sk\/cs\/produkty\/akcni-balicky\/premiovy-balicek\/#primaryimage"},"thumbnailUrl":"https:\/\/herbastore.sk\/wp-content\/uploads\/2021\/10\/Premiovy-balicek-produktov-Herbalife.jpg","datePublished":"2020-07-22T13:37:23+00:00","dateModified":"2025-06-27T16:31:07+00:00","description":"Preferujete vysokou kvalitu? Pr\u00e9miov\u00fd bal\u00ed\u010dek je tu pro v\u00e1s. Vysok\u00fd obsah vitam\u00edn\u016f a miner\u00e1l\u016f, pomoc p\u0159i hubnut\u00ed a \u0159e\u0161en\u00ed zdravotn\u00edch pot\u00ed\u017e\u00ed.","breadcrumb":{"@id":"https:\/\/herbastore.sk\/cs\/produkty\/akcni-balicky\/premiovy-balicek\/#breadcrumb"},"inLanguage":"cs","potentialAction":[{"@type":"ReadAction","target":["https:\/\/herbastore.sk\/cs\/produkty\/akcni-balicky\/premiovy-balicek\/"]}]},{"@type":"ImageObject","inLanguage":"cs","@id":"https:\/\/herbastore.sk\/cs\/produkty\/akcni-balicky\/premiovy-balicek\/#primaryimage","url":"https:\/\/herbastore.sk\/wp-content\/uploads\/2021\/10\/Premiovy-balicek-produktov-Herbalife.jpg","contentUrl":"https:\/\/herbastore.sk\/wp-content\/uploads\/2021\/10\/Premiovy-balicek-produktov-Herbalife.jpg","width":534,"height":800,"caption":"Herbalife Premiovy balicek"},{"@type":"BreadcrumbList","@id":"https:\/\/herbastore.sk\/cs\/produkty\/akcni-balicky\/premiovy-balicek\/#breadcrumb","itemListElement":[{"@type":"ListItem","position":1,"name":"Home","item":"https:\/\/herbastore.sk\/cs\/"},{"@type":"ListItem","position":2,"name":"Produkty","item":"https:\/\/herbastore.sk\/cs\/produkty\/"},{"@type":"ListItem","position":3,"name":"Pr\u00e9miov\u00fd bal\u00ed\u010dek"}]},{"@type":"WebSite","@id":"https:\/\/herbastore.sk\/cs\/#website","url":"https:\/\/herbastore.sk\/cs\/","name":"herbastore","description":"Produkty Herbalife z pohodlia v\u00e1\u0161ho domova","publisher":{"@id":"https:\/\/herbastore.sk\/cs\/#organization"},"potentialAction":[{"@type":"SearchAction","target":{"@type":"EntryPoint","urlTemplate":"https:\/\/herbastore.sk\/cs\/?s={search_term_string}"},"query-input":{"@type":"PropertyValueSpecification","valueRequired":true,"valueName":"search_term_string"}}],"inLanguage":"cs"},{"@type":"Organization","@id":"https:\/\/herbastore.sk\/cs\/#organization","name":"herbastore.sk","url":"https:\/\/herbastore.sk\/cs\/","logo":{"@type":"ImageObject","inLanguage":"cs","@id":"https:\/\/herbastore.sk\/cs\/#\/schema\/logo\/image\/","url":"https:\/\/herbastore.sk\/wp-content\/uploads\/2018\/11\/herbastore-ikona.png","contentUrl":"https:\/\/herbastore.sk\/wp-content\/uploads\/2018\/11\/herbastore-ikona.png","width":512,"height":512,"caption":"herbastore.sk"},"image":{"@id":"https:\/\/herbastore.sk\/cs\/#\/schema\/logo\/image\/"},"sameAs":["https:\/\/www.facebook.com\/herbastoresk\/","https:\/\/www.instagram.com\/herbastore.sk\/"]}]}},"_links":{"self":[{"href":"https:\/\/herbastore.sk\/cs\/wp-json\/wp\/v2\/product\/7618","targetHints":{"allow":["GET"]}}],"collection":[{"href":"https:\/\/herbastore.sk\/cs\/wp-json\/wp\/v2\/product"}],"about":[{"href":"https:\/\/herbastore.sk\/cs\/wp-json\/wp\/v2\/types\/product"}],"replies":[{"embeddable":true,"href":"https:\/\/herbastore.sk\/cs\/wp-json\/wp\/v2\/comments?post=7618"}],"wp:featuredmedia":[{"embeddable":true,"href":"https:\/\/herbastore.sk\/cs\/wp-json\/wp\/v2\/media\/15181"}],"wp:attachment":[{"href":"https:\/\/herbastore.sk\/cs\/wp-json\/wp\/v2\/media?parent=7618"}],"wp:term":[{"taxonomy":"product_brand","embeddable":true,"href":"https:\/\/herbastore.sk\/cs\/wp-json\/wp\/v2\/product_brand?post=7618"},{"taxonomy":"product_cat","embeddable":true,"href":"https:\/\/herbastore.sk\/cs\/wp-json\/wp\/v2\/product_cat?post=7618"},{"taxonomy":"product_tag","embeddable":true,"href":"https:\/\/herbastore.sk\/cs\/wp-json\/wp\/v2\/product_tag?post=7618"}],"curies":[{"name":"wp","href":"https:\/\/api.w.org\/{rel}","templated":true}]}}