{"id":7600,"date":"2019-01-30T21:29:02","date_gmt":"2019-01-30T20:29:02","guid":{"rendered":"https:\/\/herbastore.sk\/produkty\/nezarazene\/zklidnujici-cistici-pripravek-s-aloe\/"},"modified":"2026-02-02T22:12:04","modified_gmt":"2026-02-02T21:12:04","slug":"zklidnujici-cistici-pripravek-s-aloe","status":"publish","type":"product","link":"https:\/\/herbastore.sk\/cs\/produkty\/herbalife-skin\/zklidnujici-cistici-pripravek-s-aloe\/","title":{"rendered":"Zklid\u0148uj\u00edc\u00ed \u010dist\u00edc\u00ed p\u0159\u00edpravek s Aloe"},"content":{"rendered":"<h2>Herbalife SKIN Zklid\u0148uj\u00edc\u00ed \u010dist\u00edc\u00ed p\u0159\u00edpravek s Aloe<\/h2>\n<p>Vlastnosti a \u00fa\u010dinky<\/p>\n<div class=\"row\" id=\"row-1545613725\">\n<div id=\"col-1509160316\" class=\"col medium-1\/2 large-6\">\n<div class=\"col-inner\">\n<ul>\n<li class=\"bullet-checkmark\">Pro <strong>norm\u00e1ln\u00ed<\/strong> a\u017e <strong>suchou<\/strong> ple\u0165<\/li>\n<li class=\"bullet-checkmark\">Skin \u010dist\u00edc\u00ed p\u0159\u00edpravek odstran\u00ed ne\u010distoty, make-up a p\u0159\u00edpadnou mastnotu pomoc\u00ed jemn\u00e9 p\u011bny<\/li>\n<li class=\"bullet-checkmark\">Uklid\u0148uj\u00edc\u00ed odli\u010dovadlo, dermatologicky testov\u00e1no<\/li>\n<\/ul>\n<\/div>\n<\/div>\n<div id=\"col-2056619836\" class=\"col medium-1\/2 large-6\">\n<div class=\"col-inner\">\n<ul>\n<li class=\"bullet-checkmark\">Obsah Aloe vera napom\u00e1h\u00e1 jemn\u011b \u010distit ple\u0165 a nav\u00edc ji \u00fa\u010dinn\u011b hydratuje<\/li>\n<li class=\"bullet-checkmark\">M\u00e1 p\u0159irozenou jemnou a sv\u011b\u017e\u00ed v\u016fni<\/li>\n<li class=\"bullet-checkmark\">\u017d\u00e1dn\u00e9 p\u0159idan\u00e9 parabeny, bez sulf\u00e1t\u016f<\/li>\n<\/ul>\n<\/div>\n<\/div>\n<\/div>\n<h2>Slo\u017een\u00ed<\/h2>\n<p>Jedine\u010dn\u00e1 receptura obsahuj\u00edc\u00ed velk\u00e9 mno\u017estv\u00ed p\u0159\u00edrodn\u00edch slo\u017eek, kter\u00e9 jsou nejen kvalitn\u00ed, ale i vysoce \u00fa\u010dinn\u00e9:<\/p>\n<ul>\n<li class=\"bullet-arrow\">Vitam\u00edny A a C &#8211; maj\u00ed omlazovac\u00ed a antioxida\u010dn\u00ed \u00fa\u010dinky<\/li>\n<li class=\"bullet-arrow\">Vitam\u00edn B3<\/li>\n<li class=\"bullet-arrow\">Aloe Vera &#8211; zjem\u0148uje a zklid\u0148uje poko\u017eku<\/li>\n<li class=\"bullet-arrow\">V\u00fdta\u017eky z kokosu &#8211; v\u00fdznamn\u00e1 a \u00fa\u010dinn\u00e1 slo\u017eka p\u0159i \u010di\u0161t\u011bn\u00ed pleti<\/li>\n<\/ul>\n<h2>Pou\u017eit\u00ed<\/h2>\n<p>V\u00edce informac\u00ed a praktick\u00fdch tip\u016f se dozv\u00edte na podstr\u00e1nce v\u011bnovan\u00e9 v\u00fdlu\u010dn\u011b na\u0161\u00ed <a href=\"https:\/\/herbastore.sk\/cs\/herbalife-skin-otazky-odpovedi\/\">produktov\u00e9 \u0159ad\u011b Herbalife SKIN<\/a><\/p>\n<ul>\n<li class=\"bullet-arrow\">P\u0159\u00edpravek s Aloe pou\u017e\u00edvejte r\u00e1no na \u010di\u0161t\u011bn\u00ed a ve\u010der jako uklid\u0148uj\u00edc\u00ed odli\u010dovadlo<\/li>\n<li class=\"bullet-arrow\">Naneste na vlhkou poko\u017eku, krou\u017eiv\u00fdmi pohyby jemn\u011b vmas\u00edrujte do poko\u017eky<\/li>\n<li class=\"bullet-arrow\">Opl\u00e1chn\u011bte vodou<\/li>\n<li class=\"bullet-arrow\">Pokra\u010dujte <a href=\"https:\/\/herbastore.sk\/cs\/produkty\/herbalife-skin\/povzbuzujici-bylinkove-tonikum\/\">bylinkov\u00fdm tonikem<\/a><\/li>\n<\/ul>\n","protected":false},"excerpt":{"rendered":"<p>150 ml<\/p>\n<div class=\"is-divider divider clearfix\"><\/div>\n<p>Zklid\u0148uj\u00edc\u00ed \u010dist\u00edc\u00ed p\u0159\u00edpravek s Aloe na norm\u00e1ln\u00ed a\u017e suchou poko\u017eku z kosmetiky SKIN dokonale vy\u010dist\u00ed va\u0161i ple\u0165, a nav\u00edc ji p\u0159irozen\u011b uklidn\u00ed. Tento \u00fa\u010dinn\u00fd \u010dist\u00edc\u00ed p\u0159\u00edpravek je velmi jemn\u00fd a zanech\u00e1 ple\u0165 jasnou, hebkou a na dotek hedv\u00e1bnou.<\/p>\n","protected":false},"featured_media":7448,"comment_status":"open","ping_status":"closed","template":"","meta":{"inline_featured_image":false},"product_brand":[],"product_cat":[178],"product_tag":[203],"class_list":{"0":"post-7600","1":"product","2":"type-product","3":"status-publish","4":"has-post-thumbnail","6":"product_cat-herbalife-skin","7":"product_tag-hezci-plet-a-vlasy","9":"first","10":"outofstock","11":"taxable","12":"shipping-taxable","13":"purchasable","14":"product-type-simple"},"yoast_head":"<!-- This site is optimized with the Yoast SEO plugin v26.8 - https:\/\/yoast.com\/product\/yoast-seo-wordpress\/ -->\n<title>Herbalife SKIN Zklid\u0148uj\u00edc\u00ed \u010dist\u00edc\u00ed p\u0159\u00edpravek s Aloe 150 ml - herbastore.sk<\/title>\n<meta name=\"description\" content=\"\u010cist\u00edc\u00ed p\u0159\u00edpravek s aloe vhodn\u00fd pro norm\u00e1ln\u00ed a\u017e suchou poko\u017eku dokonale vy\u010dist\u00ed va\u0161i ple\u0165 a nav\u00edc ji i p\u0159irozen\u011b uklidn\u00ed. Dermatologicky testov\u00e1n.\" \/>\n<meta name=\"robots\" content=\"index, follow, max-snippet:-1, max-image-preview:large, max-video-preview:-1\" \/>\n<link rel=\"canonical\" href=\"https:\/\/herbastore.sk\/cs\/produkty\/herbalife-skin\/zklidnujici-cistici-pripravek-s-aloe\/\" \/>\n<meta property=\"og:locale\" content=\"cs_CZ\" \/>\n<meta property=\"og:type\" content=\"article\" \/>\n<meta property=\"og:title\" content=\"Herbalife SKIN Zklid\u0148uj\u00edc\u00ed \u010dist\u00edc\u00ed p\u0159\u00edpravek s Aloe 150 ml - herbastore.sk\" \/>\n<meta property=\"og:description\" content=\"\u010cist\u00edc\u00ed p\u0159\u00edpravek s aloe vhodn\u00fd pro norm\u00e1ln\u00ed a\u017e suchou poko\u017eku dokonale vy\u010dist\u00ed va\u0161i ple\u0165 a nav\u00edc ji i p\u0159irozen\u011b uklidn\u00ed. Dermatologicky testov\u00e1n.\" \/>\n<meta property=\"og:url\" content=\"https:\/\/herbastore.sk\/cs\/produkty\/herbalife-skin\/zklidnujici-cistici-pripravek-s-aloe\/\" \/>\n<meta property=\"og:site_name\" content=\"herbastore\" \/>\n<meta property=\"article:publisher\" content=\"https:\/\/www.facebook.com\/herbastoresk\/\" \/>\n<meta property=\"article:modified_time\" content=\"2026-02-02T21:12:04+00:00\" \/>\n<meta property=\"og:image\" content=\"https:\/\/herbastore.sk\/wp-content\/uploads\/2019\/01\/Upokojujuci-cistiaci-pripravok-s-aloe-1.jpg\" \/>\n\t<meta property=\"og:image:width\" content=\"534\" \/>\n\t<meta property=\"og:image:height\" content=\"800\" \/>\n\t<meta property=\"og:image:type\" content=\"image\/jpeg\" \/>\n<meta name=\"twitter:card\" content=\"summary_large_image\" \/>\n<meta name=\"twitter:label1\" content=\"Odhadovan\u00e1 doba \u010dten\u00ed\" \/>\n\t<meta name=\"twitter:data1\" content=\"1 minuta\" \/>\n<script type=\"application\/ld+json\" class=\"yoast-schema-graph\">{\"@context\":\"https:\/\/schema.org\",\"@graph\":[{\"@type\":\"WebPage\",\"@id\":\"https:\/\/herbastore.sk\/cs\/produkty\/herbalife-skin\/zklidnujici-cistici-pripravek-s-aloe\/\",\"url\":\"https:\/\/herbastore.sk\/cs\/produkty\/herbalife-skin\/zklidnujici-cistici-pripravek-s-aloe\/\",\"name\":\"Herbalife SKIN Zklid\u0148uj\u00edc\u00ed \u010dist\u00edc\u00ed p\u0159\u00edpravek s Aloe 150 ml - herbastore.sk\",\"isPartOf\":{\"@id\":\"https:\/\/herbastore.sk\/cs\/#website\"},\"primaryImageOfPage\":{\"@id\":\"https:\/\/herbastore.sk\/cs\/produkty\/herbalife-skin\/zklidnujici-cistici-pripravek-s-aloe\/#primaryimage\"},\"image\":{\"@id\":\"https:\/\/herbastore.sk\/cs\/produkty\/herbalife-skin\/zklidnujici-cistici-pripravek-s-aloe\/#primaryimage\"},\"thumbnailUrl\":\"https:\/\/herbastore.sk\/wp-content\/uploads\/2019\/01\/Upokojujuci-cistiaci-pripravok-s-aloe-1.jpg\",\"datePublished\":\"2019-01-30T20:29:02+00:00\",\"dateModified\":\"2026-02-02T21:12:04+00:00\",\"description\":\"\u010cist\u00edc\u00ed p\u0159\u00edpravek s aloe vhodn\u00fd pro norm\u00e1ln\u00ed a\u017e suchou poko\u017eku dokonale vy\u010dist\u00ed va\u0161i ple\u0165 a nav\u00edc ji i p\u0159irozen\u011b uklidn\u00ed. Dermatologicky testov\u00e1n.\",\"breadcrumb\":{\"@id\":\"https:\/\/herbastore.sk\/cs\/produkty\/herbalife-skin\/zklidnujici-cistici-pripravek-s-aloe\/#breadcrumb\"},\"inLanguage\":\"cs\",\"potentialAction\":[{\"@type\":\"ReadAction\",\"target\":[\"https:\/\/herbastore.sk\/cs\/produkty\/herbalife-skin\/zklidnujici-cistici-pripravek-s-aloe\/\"]}]},{\"@type\":\"ImageObject\",\"inLanguage\":\"cs\",\"@id\":\"https:\/\/herbastore.sk\/cs\/produkty\/herbalife-skin\/zklidnujici-cistici-pripravek-s-aloe\/#primaryimage\",\"url\":\"https:\/\/herbastore.sk\/wp-content\/uploads\/2019\/01\/Upokojujuci-cistiaci-pripravok-s-aloe-1.jpg\",\"contentUrl\":\"https:\/\/herbastore.sk\/wp-content\/uploads\/2019\/01\/Upokojujuci-cistiaci-pripravok-s-aloe-1.jpg\",\"width\":534,\"height\":800,\"caption\":\"Herbalife SKIN zklidnujici cistici pripravek s aloe\"},{\"@type\":\"BreadcrumbList\",\"@id\":\"https:\/\/herbastore.sk\/cs\/produkty\/herbalife-skin\/zklidnujici-cistici-pripravek-s-aloe\/#breadcrumb\",\"itemListElement\":[{\"@type\":\"ListItem\",\"position\":1,\"name\":\"Home\",\"item\":\"https:\/\/herbastore.sk\/cs\/\"},{\"@type\":\"ListItem\",\"position\":2,\"name\":\"Produkty\",\"item\":\"https:\/\/herbastore.sk\/cs\/produkty\/\"},{\"@type\":\"ListItem\",\"position\":3,\"name\":\"Zklid\u0148uj\u00edc\u00ed \u010dist\u00edc\u00ed p\u0159\u00edpravek s Aloe\"}]},{\"@type\":\"WebSite\",\"@id\":\"https:\/\/herbastore.sk\/cs\/#website\",\"url\":\"https:\/\/herbastore.sk\/cs\/\",\"name\":\"herbastore\",\"description\":\"Produkty Herbalife z pohodlia v\u00e1\u0161ho domova\",\"publisher\":{\"@id\":\"https:\/\/herbastore.sk\/cs\/#organization\"},\"potentialAction\":[{\"@type\":\"SearchAction\",\"target\":{\"@type\":\"EntryPoint\",\"urlTemplate\":\"https:\/\/herbastore.sk\/cs\/?s={search_term_string}\"},\"query-input\":{\"@type\":\"PropertyValueSpecification\",\"valueRequired\":true,\"valueName\":\"search_term_string\"}}],\"inLanguage\":\"cs\"},{\"@type\":\"Organization\",\"@id\":\"https:\/\/herbastore.sk\/cs\/#organization\",\"name\":\"herbastore.sk\",\"url\":\"https:\/\/herbastore.sk\/cs\/\",\"logo\":{\"@type\":\"ImageObject\",\"inLanguage\":\"cs\",\"@id\":\"https:\/\/herbastore.sk\/cs\/#\/schema\/logo\/image\/\",\"url\":\"https:\/\/herbastore.sk\/wp-content\/uploads\/2018\/11\/herbastore-ikona.png\",\"contentUrl\":\"https:\/\/herbastore.sk\/wp-content\/uploads\/2018\/11\/herbastore-ikona.png\",\"width\":512,\"height\":512,\"caption\":\"herbastore.sk\"},\"image\":{\"@id\":\"https:\/\/herbastore.sk\/cs\/#\/schema\/logo\/image\/\"},\"sameAs\":[\"https:\/\/www.facebook.com\/herbastoresk\/\",\"https:\/\/www.instagram.com\/herbastore.sk\/\"]}]}<\/script>\n<!-- \/ Yoast SEO plugin. -->","yoast_head_json":{"title":"Herbalife SKIN Zklid\u0148uj\u00edc\u00ed \u010dist\u00edc\u00ed p\u0159\u00edpravek s Aloe 150 ml - herbastore.sk","description":"\u010cist\u00edc\u00ed p\u0159\u00edpravek s aloe vhodn\u00fd pro norm\u00e1ln\u00ed a\u017e suchou poko\u017eku dokonale vy\u010dist\u00ed va\u0161i ple\u0165 a nav\u00edc ji i p\u0159irozen\u011b uklidn\u00ed. Dermatologicky testov\u00e1n.","robots":{"index":"index","follow":"follow","max-snippet":"max-snippet:-1","max-image-preview":"max-image-preview:large","max-video-preview":"max-video-preview:-1"},"canonical":"https:\/\/herbastore.sk\/cs\/produkty\/herbalife-skin\/zklidnujici-cistici-pripravek-s-aloe\/","og_locale":"cs_CZ","og_type":"article","og_title":"Herbalife SKIN Zklid\u0148uj\u00edc\u00ed \u010dist\u00edc\u00ed p\u0159\u00edpravek s Aloe 150 ml - herbastore.sk","og_description":"\u010cist\u00edc\u00ed p\u0159\u00edpravek s aloe vhodn\u00fd pro norm\u00e1ln\u00ed a\u017e suchou poko\u017eku dokonale vy\u010dist\u00ed va\u0161i ple\u0165 a nav\u00edc ji i p\u0159irozen\u011b uklidn\u00ed. Dermatologicky testov\u00e1n.","og_url":"https:\/\/herbastore.sk\/cs\/produkty\/herbalife-skin\/zklidnujici-cistici-pripravek-s-aloe\/","og_site_name":"herbastore","article_publisher":"https:\/\/www.facebook.com\/herbastoresk\/","article_modified_time":"2026-02-02T21:12:04+00:00","og_image":[{"width":534,"height":800,"url":"https:\/\/herbastore.sk\/wp-content\/uploads\/2019\/01\/Upokojujuci-cistiaci-pripravok-s-aloe-1.jpg","type":"image\/jpeg"}],"twitter_card":"summary_large_image","twitter_misc":{"Odhadovan\u00e1 doba \u010dten\u00ed":"1 minuta"},"schema":{"@context":"https:\/\/schema.org","@graph":[{"@type":"WebPage","@id":"https:\/\/herbastore.sk\/cs\/produkty\/herbalife-skin\/zklidnujici-cistici-pripravek-s-aloe\/","url":"https:\/\/herbastore.sk\/cs\/produkty\/herbalife-skin\/zklidnujici-cistici-pripravek-s-aloe\/","name":"Herbalife SKIN Zklid\u0148uj\u00edc\u00ed \u010dist\u00edc\u00ed p\u0159\u00edpravek s Aloe 150 ml - herbastore.sk","isPartOf":{"@id":"https:\/\/herbastore.sk\/cs\/#website"},"primaryImageOfPage":{"@id":"https:\/\/herbastore.sk\/cs\/produkty\/herbalife-skin\/zklidnujici-cistici-pripravek-s-aloe\/#primaryimage"},"image":{"@id":"https:\/\/herbastore.sk\/cs\/produkty\/herbalife-skin\/zklidnujici-cistici-pripravek-s-aloe\/#primaryimage"},"thumbnailUrl":"https:\/\/herbastore.sk\/wp-content\/uploads\/2019\/01\/Upokojujuci-cistiaci-pripravok-s-aloe-1.jpg","datePublished":"2019-01-30T20:29:02+00:00","dateModified":"2026-02-02T21:12:04+00:00","description":"\u010cist\u00edc\u00ed p\u0159\u00edpravek s aloe vhodn\u00fd pro norm\u00e1ln\u00ed a\u017e suchou poko\u017eku dokonale vy\u010dist\u00ed va\u0161i ple\u0165 a nav\u00edc ji i p\u0159irozen\u011b uklidn\u00ed. Dermatologicky testov\u00e1n.","breadcrumb":{"@id":"https:\/\/herbastore.sk\/cs\/produkty\/herbalife-skin\/zklidnujici-cistici-pripravek-s-aloe\/#breadcrumb"},"inLanguage":"cs","potentialAction":[{"@type":"ReadAction","target":["https:\/\/herbastore.sk\/cs\/produkty\/herbalife-skin\/zklidnujici-cistici-pripravek-s-aloe\/"]}]},{"@type":"ImageObject","inLanguage":"cs","@id":"https:\/\/herbastore.sk\/cs\/produkty\/herbalife-skin\/zklidnujici-cistici-pripravek-s-aloe\/#primaryimage","url":"https:\/\/herbastore.sk\/wp-content\/uploads\/2019\/01\/Upokojujuci-cistiaci-pripravok-s-aloe-1.jpg","contentUrl":"https:\/\/herbastore.sk\/wp-content\/uploads\/2019\/01\/Upokojujuci-cistiaci-pripravok-s-aloe-1.jpg","width":534,"height":800,"caption":"Herbalife SKIN zklidnujici cistici pripravek s aloe"},{"@type":"BreadcrumbList","@id":"https:\/\/herbastore.sk\/cs\/produkty\/herbalife-skin\/zklidnujici-cistici-pripravek-s-aloe\/#breadcrumb","itemListElement":[{"@type":"ListItem","position":1,"name":"Home","item":"https:\/\/herbastore.sk\/cs\/"},{"@type":"ListItem","position":2,"name":"Produkty","item":"https:\/\/herbastore.sk\/cs\/produkty\/"},{"@type":"ListItem","position":3,"name":"Zklid\u0148uj\u00edc\u00ed \u010dist\u00edc\u00ed p\u0159\u00edpravek s Aloe"}]},{"@type":"WebSite","@id":"https:\/\/herbastore.sk\/cs\/#website","url":"https:\/\/herbastore.sk\/cs\/","name":"herbastore","description":"Produkty Herbalife z pohodlia v\u00e1\u0161ho domova","publisher":{"@id":"https:\/\/herbastore.sk\/cs\/#organization"},"potentialAction":[{"@type":"SearchAction","target":{"@type":"EntryPoint","urlTemplate":"https:\/\/herbastore.sk\/cs\/?s={search_term_string}"},"query-input":{"@type":"PropertyValueSpecification","valueRequired":true,"valueName":"search_term_string"}}],"inLanguage":"cs"},{"@type":"Organization","@id":"https:\/\/herbastore.sk\/cs\/#organization","name":"herbastore.sk","url":"https:\/\/herbastore.sk\/cs\/","logo":{"@type":"ImageObject","inLanguage":"cs","@id":"https:\/\/herbastore.sk\/cs\/#\/schema\/logo\/image\/","url":"https:\/\/herbastore.sk\/wp-content\/uploads\/2018\/11\/herbastore-ikona.png","contentUrl":"https:\/\/herbastore.sk\/wp-content\/uploads\/2018\/11\/herbastore-ikona.png","width":512,"height":512,"caption":"herbastore.sk"},"image":{"@id":"https:\/\/herbastore.sk\/cs\/#\/schema\/logo\/image\/"},"sameAs":["https:\/\/www.facebook.com\/herbastoresk\/","https:\/\/www.instagram.com\/herbastore.sk\/"]}]}},"_links":{"self":[{"href":"https:\/\/herbastore.sk\/cs\/wp-json\/wp\/v2\/product\/7600","targetHints":{"allow":["GET"]}}],"collection":[{"href":"https:\/\/herbastore.sk\/cs\/wp-json\/wp\/v2\/product"}],"about":[{"href":"https:\/\/herbastore.sk\/cs\/wp-json\/wp\/v2\/types\/product"}],"replies":[{"embeddable":true,"href":"https:\/\/herbastore.sk\/cs\/wp-json\/wp\/v2\/comments?post=7600"}],"wp:featuredmedia":[{"embeddable":true,"href":"https:\/\/herbastore.sk\/cs\/wp-json\/wp\/v2\/media\/7448"}],"wp:attachment":[{"href":"https:\/\/herbastore.sk\/cs\/wp-json\/wp\/v2\/media?parent=7600"}],"wp:term":[{"taxonomy":"product_brand","embeddable":true,"href":"https:\/\/herbastore.sk\/cs\/wp-json\/wp\/v2\/product_brand?post=7600"},{"taxonomy":"product_cat","embeddable":true,"href":"https:\/\/herbastore.sk\/cs\/wp-json\/wp\/v2\/product_cat?post=7600"},{"taxonomy":"product_tag","embeddable":true,"href":"https:\/\/herbastore.sk\/cs\/wp-json\/wp\/v2\/product_tag?post=7600"}],"curies":[{"name":"wp","href":"https:\/\/api.w.org\/{rel}","templated":true}]}}