{"id":7582,"date":"2019-04-06T11:15:20","date_gmt":"2020-07-20T21:29:40","guid":{"rendered":"https:\/\/herbastore.sk\/produkty\/nezarazene\/multivlakninovy-napoj\/"},"modified":"2025-10-16T03:12:47","modified_gmt":"2025-10-16T01:12:47","slug":"multivlakninovy-napoj","status":"publish","type":"product","link":"https:\/\/herbastore.sk\/cs\/produkty\/cilena-vyziva\/multivlakninovy-napoj\/","title":{"rendered":"Multivl\u00e1kninov\u00fd n\u00e1poj"},"content":{"rendered":"<h2>Jak v\u00e1m m\u016f\u017ee b\u00fdt Multivl\u00e1kninov\u00fd n\u00e1poj prosp\u011b\u0161n\u00fd?<\/h2>\n<p> Vl\u00e1knina hraje velmi d\u016fle\u017eitou roli v na\u0161em tr\u00e1vic\u00edm traktu, proto\u017ee \u010dist\u00ed a vyprazd\u0148uje tenk\u00e9 st\u0159evo. Denn\u00ed doporu\u010den\u00e1 d\u00e1vka se pohybuje v rozmez\u00ed 25 a\u017e 35 g pro dosp\u011bl\u00e9ho \u010dlov\u011bka v z\u00e1vislosti na jeho hmotnosti, pr\u016fm\u011br na Slovensku je v\u0161ak jen asi 16 gram\u016f. Za\u010dn\u011bte sv\u016fj den multivl\u00e1kninov\u00fdm n\u00e1pojem, je to pohodln\u00fd a lahodn\u00fd zp\u016fsob, jak zv\u00fd\u0161it v\u00e1\u0161 denn\u00ed p\u0159\u00edjem vl\u00e1kniny. Pokud je v\u00e1\u0161 sou\u010dasn\u00fd denn\u00ed p\u0159\u00edjem vl\u00e1kniny n\u00edzk\u00fd, ujist\u011bte se, \u017ee zvy\u0161ujete p\u0159\u00edjem vl\u00e1kniny postupn\u011b a nezapome\u0148te p\u00edt velk\u00e9 mno\u017estv\u00ed vody. <strong>Dva zp\u016fsoby u\u017eit\u00ed multivl\u00e1kninov\u00e9ho n\u00e1poje:<\/strong><\/p>\n<ol>\n<li><strong>Zdrav\u00e1 sva\u010dina<\/strong> &#8211; sm\u00edchejte ho s vodou a dostanete lahodn\u00fd n\u00e1poj s jable\u010dnou p\u0159\u00edchut\u00ed.<\/li>\n<li><strong>Ud\u011blejte si z n\u011bj j\u00eddlo<\/strong> \u2013 p\u0159idejte jednu porci multivl\u00e1kninov\u00e9ho n\u00e1poje do <a href=\"https:\/\/herbastore.sk\/cs\/produkty\/vyvazene-jidlo\/formula-1-koktejl\/\">koktejlu Formula 1<\/a> a vytvo\u0159\u00edte tak bohat\u00fd koktejl s jemn\u00fdm n\u00e1dechem jablka a a\u017e 10 g vl\u00e1kniny v jedn\u00e9 porci<\/li>\n<\/ol>\n<h2>Efekty a vlastnosti<\/h2>\n<p> Doc. MUDr. Pavel Kohout, PhD., p\u0159edn\u00ed odborn\u00edk na klinickou v\u00fd\u017eivu a metabolismus a \u010dlen Mezin\u00e1rodn\u00edho poradn\u00edho sboru Herbalife pro v\u00fd\u017eivu \u0159\u00edk\u00e1: <\/p>\n<blockquote><p>Mnoho lid\u00ed m\u00e1 kv\u016fli nedostatku pohybu a nepravideln\u00e9 a nezdrav\u00e9 strav\u011b probl\u00e9my s tr\u00e1ven\u00edm, jako je z\u00e1cpa \u010di pr\u016fjem. Konzumace Multivl\u00e1kninov\u00e9ho n\u00e1poje je rychl\u00fd a snadn\u00fd zp\u016fsob, jak podpo\u0159it zdrav\u00e9 tr\u00e1ven\u00ed b\u011bhem cel\u00e9ho dne.<\/p><\/blockquote>\n<div class=\"row\"  id=\"row-1225447346\">\n\n\t<div id=\"col-1419802946\" class=\"col medium-1\/2 large-6\"  >\n\t\t\t\t<div class=\"col-inner\"  >\n\t\t\t\n\t\t\t\n<ul>\n<li class=\"bullet-checkmark\">5 g vl\u00e1kniny v jedn\u00e9 porci<\/li>\n<li class=\"bullet-checkmark\">6 p\u0159\u00edrodn\u00edch zdroj\u016f vl\u00e1kniny &#8211; citrusy, jablko, oves, kuku\u0159ice, s\u00f3ja, \u010dekanka<\/li>\n<li class=\"bullet-checkmark\">18 kcal v jedn\u00e9 porci<\/li>\n<li class=\"bullet-checkmark\">Bez obsahu cukru<\/li>\n<\/ul>\n\t\t<\/div>\n\t\t\t\t\t<\/div>\n\n\t\n\n\t<div id=\"col-1285616946\" class=\"col medium-1\/2 large-6\"  >\n\t\t\t\t<div class=\"col-inner\"  >\n\t\t\t\n\t\t\t\n<ul>\n<li class=\"bullet-checkmark\">Bez um\u011bl\u00fdch sladidel<\/li>\n<li class=\"bullet-checkmark\">Zlep\u0161uje \u010dinnost st\u0159ev<\/li>\n<li class=\"bullet-checkmark\">Obsahuje rozpustnou i nerozpustnou vl\u00e1kninu<\/li>\n<li class=\"bullet-checkmark\">Vychutnejte si ho vodou nebo p\u0159im\u00edchejte do va\u0161eho obl\u00edben\u00e9ho koktejlu Formula 1<\/li>\n<\/ul>\n\t\t<\/div>\n\t\t\t\t\t<\/div>\n\n\t\n<\/div>\n<h2>D\u00e1vkovanie<\/h2>\n<p>Zmie\u0161ajte 1 odmerku (6,8 g) so 150 ml vody alebo pridajte jednu odmerku do v\u00e1\u0161ho ob\u013e\u00faben\u00e9ho <a href=\"https:\/\/herbastore.sk\/cs\/produkty\/vyvazene-jidlo\/formula-1-koktejl\/\">koktailu Formula 1<\/a>. Vychutnajte si tento produkt v r\u00e1mci vyv\u00e1\u017eenej a pestrej stravy ako s\u00fa\u010das\u0165 zdrav\u00e9ho akt\u00edvneho \u017eivotn\u00e9ho \u0161t\u00fdlu.<\/p>\n<p style=\"text-align: center;\"><a href=\"https:\/\/herbastore.sk\/wp-content\/uploads\/2019\/04\/Herbalife-multivlakninovy-napoj-vyzivova-hodnota-scaled.jpg\"><img decoding=\"async\" class=\"aligncenter wp-image-3060 size-full\" src=\"https:\/\/herbastore.sk\/wp-content\/uploads\/2019\/04\/Herbalife-multivlakninovy-napoj-vyzivova-hodnota-scaled.jpg\" alt=\"Herbalife multivlakninovy napoj vyzivova hodnota\" width=\"600\" height=\"auto\" srcset=\"https:\/\/herbastore.sk\/wp-content\/uploads\/2019\/04\/Herbalife-multivlakninovy-napoj-vyzivova-hodnota-scaled.jpg 2560w, https:\/\/herbastore.sk\/wp-content\/uploads\/2019\/04\/Herbalife-multivlakninovy-napoj-vyzivova-hodnota-scaled-267x56.jpg 267w, https:\/\/herbastore.sk\/wp-content\/uploads\/2019\/04\/Herbalife-multivlakninovy-napoj-vyzivova-hodnota-scaled-534x112.jpg 534w, https:\/\/herbastore.sk\/wp-content\/uploads\/2019\/04\/Herbalife-multivlakninovy-napoj-vyzivova-hodnota-scaled-800x168.jpg 800w, https:\/\/herbastore.sk\/wp-content\/uploads\/2019\/04\/Herbalife-multivlakninovy-napoj-vyzivova-hodnota-scaled-1400x294.jpg 1400w, https:\/\/herbastore.sk\/wp-content\/uploads\/2019\/04\/Herbalife-multivlakninovy-napoj-vyzivova-hodnota-scaled-768x161.jpg 768w, https:\/\/herbastore.sk\/wp-content\/uploads\/2019\/04\/Herbalife-multivlakninovy-napoj-vyzivova-hodnota-scaled-1536x322.jpg 1536w, https:\/\/herbastore.sk\/wp-content\/uploads\/2019\/04\/Herbalife-multivlakninovy-napoj-vyzivova-hodnota-scaled-2048x430.jpg 2048w, https:\/\/herbastore.sk\/wp-content\/uploads\/2019\/04\/Herbalife-multivlakninovy-napoj-vyzivova-hodnota-scaled-510x107.jpg 510w\" sizes=\"(max-width: 2560px) 100vw, 2560px\" \/><\/a><\/p>\n<p style=\"text-align: center;\"><em>V\u00fd\u017eivov\u00e1 hodnota &#8211; Multivl\u00e1kninov\u00fd n\u00e1poj<\/em><\/p>\n","protected":false},"excerpt":{"rendered":"<p>204 g <div class=\"is-divider divider clearfix\" ><\/div> Unik\u00e1tn\u00ed sm\u011bs rozpustn\u00e9 a nerozpustn\u00e9 vl\u00e1kniny bez cukru a um\u011bl\u00fdch sladidel. Multivl\u00e1kninov\u00fd n\u00e1poj obsahuje 6 p\u0159\u00edrodn\u00edch zdroj\u016f vl\u00e1kniny &#8211; jablko, oves, kuku\u0159ici, citrus, \u010dekanku a s\u00f3ju.<\/p>\n","protected":false},"featured_media":7487,"comment_status":"open","ping_status":"closed","template":"","meta":{"inline_featured_image":false},"product_brand":[],"product_cat":[182],"product_tag":[211],"class_list":{"0":"post-7582","1":"product","2":"type-product","3":"status-publish","4":"has-post-thumbnail","6":"product_cat-cilena-vyziva","7":"product_tag-travici-trakt","9":"first","10":"instock","11":"sale","12":"taxable","13":"shipping-taxable","14":"purchasable","15":"product-type-simple"},"yoast_head":"<!-- This site is optimized with the Yoast SEO plugin v26.8 - https:\/\/yoast.com\/product\/yoast-seo-wordpress\/ -->\n<title>Herbalife Multivl\u00e1kninov\u00fd n\u00e1poj 204 g - herbastore.sk<\/title>\n<meta name=\"description\" content=\"Multivl\u00e1kninov\u00fd n\u00e1poj je unik\u00e1tn\u00ed sm\u011bs rozpustn\u00e9 a nerozpustn\u00e9 vl\u00e1kniny bez obsahu cukru a um\u011bl\u00fdch sladidel. Zlep\u0161uje \u010dinnost cel\u00e9 tr\u00e1vic\u00ed soustavy.\" \/>\n<meta name=\"robots\" content=\"index, follow, max-snippet:-1, max-image-preview:large, max-video-preview:-1\" \/>\n<link rel=\"canonical\" href=\"https:\/\/herbastore.sk\/cs\/produkty\/cilena-vyziva\/multivlakninovy-napoj\/\" \/>\n<meta property=\"og:locale\" content=\"cs_CZ\" \/>\n<meta property=\"og:type\" content=\"article\" \/>\n<meta property=\"og:title\" content=\"Herbalife Multivl\u00e1kninov\u00fd n\u00e1poj 204 g - herbastore.sk\" \/>\n<meta property=\"og:description\" content=\"Multivl\u00e1kninov\u00fd n\u00e1poj je unik\u00e1tn\u00ed sm\u011bs rozpustn\u00e9 a nerozpustn\u00e9 vl\u00e1kniny bez obsahu cukru a um\u011bl\u00fdch sladidel. Zlep\u0161uje \u010dinnost cel\u00e9 tr\u00e1vic\u00ed soustavy.\" \/>\n<meta property=\"og:url\" content=\"https:\/\/herbastore.sk\/cs\/produkty\/cilena-vyziva\/multivlakninovy-napoj\/\" \/>\n<meta property=\"og:site_name\" content=\"herbastore\" \/>\n<meta property=\"article:publisher\" content=\"https:\/\/www.facebook.com\/herbastoresk\/\" \/>\n<meta property=\"article:modified_time\" content=\"2025-10-16T01:12:47+00:00\" \/>\n<meta property=\"og:image\" content=\"https:\/\/herbastore.sk\/wp-content\/uploads\/2019\/04\/Herbalife-multivlakninovy-napoj.jpg\" \/>\n\t<meta property=\"og:image:width\" content=\"534\" \/>\n\t<meta property=\"og:image:height\" content=\"800\" \/>\n\t<meta property=\"og:image:type\" content=\"image\/jpeg\" \/>\n<meta name=\"twitter:card\" content=\"summary_large_image\" \/>\n<meta name=\"twitter:label1\" content=\"Odhadovan\u00e1 doba \u010dten\u00ed\" \/>\n\t<meta name=\"twitter:data1\" content=\"2 minuty\" \/>\n<script type=\"application\/ld+json\" class=\"yoast-schema-graph\">{\"@context\":\"https:\/\/schema.org\",\"@graph\":[{\"@type\":\"WebPage\",\"@id\":\"https:\/\/herbastore.sk\/cs\/produkty\/cilena-vyziva\/multivlakninovy-napoj\/\",\"url\":\"https:\/\/herbastore.sk\/cs\/produkty\/cilena-vyziva\/multivlakninovy-napoj\/\",\"name\":\"Herbalife Multivl\u00e1kninov\u00fd n\u00e1poj 204 g - herbastore.sk\",\"isPartOf\":{\"@id\":\"https:\/\/herbastore.sk\/cs\/#website\"},\"primaryImageOfPage\":{\"@id\":\"https:\/\/herbastore.sk\/cs\/produkty\/cilena-vyziva\/multivlakninovy-napoj\/#primaryimage\"},\"image\":{\"@id\":\"https:\/\/herbastore.sk\/cs\/produkty\/cilena-vyziva\/multivlakninovy-napoj\/#primaryimage\"},\"thumbnailUrl\":\"https:\/\/herbastore.sk\/wp-content\/uploads\/2019\/04\/Herbalife-multivlakninovy-napoj.jpg\",\"datePublished\":\"2020-07-20T21:29:40+00:00\",\"dateModified\":\"2025-10-16T01:12:47+00:00\",\"description\":\"Multivl\u00e1kninov\u00fd n\u00e1poj je unik\u00e1tn\u00ed sm\u011bs rozpustn\u00e9 a nerozpustn\u00e9 vl\u00e1kniny bez obsahu cukru a um\u011bl\u00fdch sladidel. Zlep\u0161uje \u010dinnost cel\u00e9 tr\u00e1vic\u00ed soustavy.\",\"breadcrumb\":{\"@id\":\"https:\/\/herbastore.sk\/cs\/produkty\/cilena-vyziva\/multivlakninovy-napoj\/#breadcrumb\"},\"inLanguage\":\"cs\",\"potentialAction\":[{\"@type\":\"ReadAction\",\"target\":[\"https:\/\/herbastore.sk\/cs\/produkty\/cilena-vyziva\/multivlakninovy-napoj\/\"]}]},{\"@type\":\"ImageObject\",\"inLanguage\":\"cs\",\"@id\":\"https:\/\/herbastore.sk\/cs\/produkty\/cilena-vyziva\/multivlakninovy-napoj\/#primaryimage\",\"url\":\"https:\/\/herbastore.sk\/wp-content\/uploads\/2019\/04\/Herbalife-multivlakninovy-napoj.jpg\",\"contentUrl\":\"https:\/\/herbastore.sk\/wp-content\/uploads\/2019\/04\/Herbalife-multivlakninovy-napoj.jpg\",\"width\":534,\"height\":800,\"caption\":\"Herbalife multivlakninovy napoj\"},{\"@type\":\"BreadcrumbList\",\"@id\":\"https:\/\/herbastore.sk\/cs\/produkty\/cilena-vyziva\/multivlakninovy-napoj\/#breadcrumb\",\"itemListElement\":[{\"@type\":\"ListItem\",\"position\":1,\"name\":\"Home\",\"item\":\"https:\/\/herbastore.sk\/cs\/\"},{\"@type\":\"ListItem\",\"position\":2,\"name\":\"Produkty\",\"item\":\"https:\/\/herbastore.sk\/cs\/produkty\/\"},{\"@type\":\"ListItem\",\"position\":3,\"name\":\"Multivl\u00e1kninov\u00fd n\u00e1poj\"}]},{\"@type\":\"WebSite\",\"@id\":\"https:\/\/herbastore.sk\/cs\/#website\",\"url\":\"https:\/\/herbastore.sk\/cs\/\",\"name\":\"herbastore\",\"description\":\"Produkty Herbalife z pohodlia v\u00e1\u0161ho domova\",\"publisher\":{\"@id\":\"https:\/\/herbastore.sk\/cs\/#organization\"},\"potentialAction\":[{\"@type\":\"SearchAction\",\"target\":{\"@type\":\"EntryPoint\",\"urlTemplate\":\"https:\/\/herbastore.sk\/cs\/?s={search_term_string}\"},\"query-input\":{\"@type\":\"PropertyValueSpecification\",\"valueRequired\":true,\"valueName\":\"search_term_string\"}}],\"inLanguage\":\"cs\"},{\"@type\":\"Organization\",\"@id\":\"https:\/\/herbastore.sk\/cs\/#organization\",\"name\":\"herbastore.sk\",\"url\":\"https:\/\/herbastore.sk\/cs\/\",\"logo\":{\"@type\":\"ImageObject\",\"inLanguage\":\"cs\",\"@id\":\"https:\/\/herbastore.sk\/cs\/#\/schema\/logo\/image\/\",\"url\":\"https:\/\/herbastore.sk\/wp-content\/uploads\/2018\/11\/herbastore-ikona.png\",\"contentUrl\":\"https:\/\/herbastore.sk\/wp-content\/uploads\/2018\/11\/herbastore-ikona.png\",\"width\":512,\"height\":512,\"caption\":\"herbastore.sk\"},\"image\":{\"@id\":\"https:\/\/herbastore.sk\/cs\/#\/schema\/logo\/image\/\"},\"sameAs\":[\"https:\/\/www.facebook.com\/herbastoresk\/\",\"https:\/\/www.instagram.com\/herbastore.sk\/\"]}]}<\/script>\n<!-- \/ Yoast SEO plugin. -->","yoast_head_json":{"title":"Herbalife Multivl\u00e1kninov\u00fd n\u00e1poj 204 g - herbastore.sk","description":"Multivl\u00e1kninov\u00fd n\u00e1poj je unik\u00e1tn\u00ed sm\u011bs rozpustn\u00e9 a nerozpustn\u00e9 vl\u00e1kniny bez obsahu cukru a um\u011bl\u00fdch sladidel. Zlep\u0161uje \u010dinnost cel\u00e9 tr\u00e1vic\u00ed soustavy.","robots":{"index":"index","follow":"follow","max-snippet":"max-snippet:-1","max-image-preview":"max-image-preview:large","max-video-preview":"max-video-preview:-1"},"canonical":"https:\/\/herbastore.sk\/cs\/produkty\/cilena-vyziva\/multivlakninovy-napoj\/","og_locale":"cs_CZ","og_type":"article","og_title":"Herbalife Multivl\u00e1kninov\u00fd n\u00e1poj 204 g - herbastore.sk","og_description":"Multivl\u00e1kninov\u00fd n\u00e1poj je unik\u00e1tn\u00ed sm\u011bs rozpustn\u00e9 a nerozpustn\u00e9 vl\u00e1kniny bez obsahu cukru a um\u011bl\u00fdch sladidel. Zlep\u0161uje \u010dinnost cel\u00e9 tr\u00e1vic\u00ed soustavy.","og_url":"https:\/\/herbastore.sk\/cs\/produkty\/cilena-vyziva\/multivlakninovy-napoj\/","og_site_name":"herbastore","article_publisher":"https:\/\/www.facebook.com\/herbastoresk\/","article_modified_time":"2025-10-16T01:12:47+00:00","og_image":[{"width":534,"height":800,"url":"https:\/\/herbastore.sk\/wp-content\/uploads\/2019\/04\/Herbalife-multivlakninovy-napoj.jpg","type":"image\/jpeg"}],"twitter_card":"summary_large_image","twitter_misc":{"Odhadovan\u00e1 doba \u010dten\u00ed":"2 minuty"},"schema":{"@context":"https:\/\/schema.org","@graph":[{"@type":"WebPage","@id":"https:\/\/herbastore.sk\/cs\/produkty\/cilena-vyziva\/multivlakninovy-napoj\/","url":"https:\/\/herbastore.sk\/cs\/produkty\/cilena-vyziva\/multivlakninovy-napoj\/","name":"Herbalife Multivl\u00e1kninov\u00fd n\u00e1poj 204 g - herbastore.sk","isPartOf":{"@id":"https:\/\/herbastore.sk\/cs\/#website"},"primaryImageOfPage":{"@id":"https:\/\/herbastore.sk\/cs\/produkty\/cilena-vyziva\/multivlakninovy-napoj\/#primaryimage"},"image":{"@id":"https:\/\/herbastore.sk\/cs\/produkty\/cilena-vyziva\/multivlakninovy-napoj\/#primaryimage"},"thumbnailUrl":"https:\/\/herbastore.sk\/wp-content\/uploads\/2019\/04\/Herbalife-multivlakninovy-napoj.jpg","datePublished":"2020-07-20T21:29:40+00:00","dateModified":"2025-10-16T01:12:47+00:00","description":"Multivl\u00e1kninov\u00fd n\u00e1poj je unik\u00e1tn\u00ed sm\u011bs rozpustn\u00e9 a nerozpustn\u00e9 vl\u00e1kniny bez obsahu cukru a um\u011bl\u00fdch sladidel. Zlep\u0161uje \u010dinnost cel\u00e9 tr\u00e1vic\u00ed soustavy.","breadcrumb":{"@id":"https:\/\/herbastore.sk\/cs\/produkty\/cilena-vyziva\/multivlakninovy-napoj\/#breadcrumb"},"inLanguage":"cs","potentialAction":[{"@type":"ReadAction","target":["https:\/\/herbastore.sk\/cs\/produkty\/cilena-vyziva\/multivlakninovy-napoj\/"]}]},{"@type":"ImageObject","inLanguage":"cs","@id":"https:\/\/herbastore.sk\/cs\/produkty\/cilena-vyziva\/multivlakninovy-napoj\/#primaryimage","url":"https:\/\/herbastore.sk\/wp-content\/uploads\/2019\/04\/Herbalife-multivlakninovy-napoj.jpg","contentUrl":"https:\/\/herbastore.sk\/wp-content\/uploads\/2019\/04\/Herbalife-multivlakninovy-napoj.jpg","width":534,"height":800,"caption":"Herbalife multivlakninovy napoj"},{"@type":"BreadcrumbList","@id":"https:\/\/herbastore.sk\/cs\/produkty\/cilena-vyziva\/multivlakninovy-napoj\/#breadcrumb","itemListElement":[{"@type":"ListItem","position":1,"name":"Home","item":"https:\/\/herbastore.sk\/cs\/"},{"@type":"ListItem","position":2,"name":"Produkty","item":"https:\/\/herbastore.sk\/cs\/produkty\/"},{"@type":"ListItem","position":3,"name":"Multivl\u00e1kninov\u00fd n\u00e1poj"}]},{"@type":"WebSite","@id":"https:\/\/herbastore.sk\/cs\/#website","url":"https:\/\/herbastore.sk\/cs\/","name":"herbastore","description":"Produkty Herbalife z pohodlia v\u00e1\u0161ho domova","publisher":{"@id":"https:\/\/herbastore.sk\/cs\/#organization"},"potentialAction":[{"@type":"SearchAction","target":{"@type":"EntryPoint","urlTemplate":"https:\/\/herbastore.sk\/cs\/?s={search_term_string}"},"query-input":{"@type":"PropertyValueSpecification","valueRequired":true,"valueName":"search_term_string"}}],"inLanguage":"cs"},{"@type":"Organization","@id":"https:\/\/herbastore.sk\/cs\/#organization","name":"herbastore.sk","url":"https:\/\/herbastore.sk\/cs\/","logo":{"@type":"ImageObject","inLanguage":"cs","@id":"https:\/\/herbastore.sk\/cs\/#\/schema\/logo\/image\/","url":"https:\/\/herbastore.sk\/wp-content\/uploads\/2018\/11\/herbastore-ikona.png","contentUrl":"https:\/\/herbastore.sk\/wp-content\/uploads\/2018\/11\/herbastore-ikona.png","width":512,"height":512,"caption":"herbastore.sk"},"image":{"@id":"https:\/\/herbastore.sk\/cs\/#\/schema\/logo\/image\/"},"sameAs":["https:\/\/www.facebook.com\/herbastoresk\/","https:\/\/www.instagram.com\/herbastore.sk\/"]}]}},"_links":{"self":[{"href":"https:\/\/herbastore.sk\/cs\/wp-json\/wp\/v2\/product\/7582","targetHints":{"allow":["GET"]}}],"collection":[{"href":"https:\/\/herbastore.sk\/cs\/wp-json\/wp\/v2\/product"}],"about":[{"href":"https:\/\/herbastore.sk\/cs\/wp-json\/wp\/v2\/types\/product"}],"replies":[{"embeddable":true,"href":"https:\/\/herbastore.sk\/cs\/wp-json\/wp\/v2\/comments?post=7582"}],"wp:featuredmedia":[{"embeddable":true,"href":"https:\/\/herbastore.sk\/cs\/wp-json\/wp\/v2\/media\/7487"}],"wp:attachment":[{"href":"https:\/\/herbastore.sk\/cs\/wp-json\/wp\/v2\/media?parent=7582"}],"wp:term":[{"taxonomy":"product_brand","embeddable":true,"href":"https:\/\/herbastore.sk\/cs\/wp-json\/wp\/v2\/product_brand?post=7582"},{"taxonomy":"product_cat","embeddable":true,"href":"https:\/\/herbastore.sk\/cs\/wp-json\/wp\/v2\/product_cat?post=7582"},{"taxonomy":"product_tag","embeddable":true,"href":"https:\/\/herbastore.sk\/cs\/wp-json\/wp\/v2\/product_tag?post=7582"}],"curies":[{"name":"wp","href":"https:\/\/api.w.org\/{rel}","templated":true}]}}