{"id":7361,"date":"2019-02-01T21:38:38","date_gmt":"2020-07-20T19:36:21","guid":{"rendered":"https:\/\/herbastore.sk\/produkty\/nezarazene\/rozjasnujici-cistici-pripravek-s-citrusy\/"},"modified":"2025-03-12T10:50:26","modified_gmt":"2025-03-12T09:50:26","slug":"rozjasnujici-cistici-pripravek-s-citrusy","status":"publish","type":"product","link":"https:\/\/herbastore.sk\/cs\/produkty\/herbalife-skin\/rozjasnujici-cistici-pripravek-s-citrusy\/","title":{"rendered":"Rozjas\u0148uj\u00edc\u00ed \u010dist\u00edc\u00ed p\u0159\u00edpravek s citrusy"},"content":{"rendered":"<h2>Herbalife SKIN Rozjas\u0148uj\u00edc\u00ed \u010dist\u00edc\u00ed p\u0159\u00edpravek s citrusy<\/h2>\n<p> Vlastnosti a \u00fa\u010dinky<\/p>\n<div class=\"row\"  id=\"row-136959019\">\n\n\t<div id=\"col-2073149401\" class=\"col medium-1\/2 large-6\"  >\n\t\t\t\t<div class=\"col-inner\"  >\n\t\t\t\n\t\t\t\n<ul>\n<li class=\"bullet-checkmark\">Ide\u00e1ln\u00ed pro <strong>norm\u00e1ln\u00ed<\/strong> a\u017e <strong>mastnou<\/strong> ple\u0165<\/li>\n<li class=\"bullet-checkmark\">Pronikav\u011b von\u00edc\u00ed prost\u0159edek k \u010di\u0161t\u011bn\u00ed pleti obohacen\u00fd n\u011bkolika kapkami pomeran\u010dov\u00e9ho d\u017eusu a \u0161\u0165avnat\u00e9ho grapefruitu<\/li>\n<li class=\"bullet-checkmark\">Klinicky testov\u00e1no za \u00fa\u010delem prok\u00e1z\u00e1n\u00ed redukce ko\u017en\u00edho mazu ji\u017e po jednom pou\u017eit\u00ed<strong>*<\/strong><\/li>\n<\/ul>\n\t\t<\/div>\n\t\t\t\t\t<\/div>\n\n\t\n\n\t<div id=\"col-1941733086\" class=\"col medium-1\/2 large-6\"  >\n\t\t\t\t<div class=\"col-inner\"  >\n\t\t\t\n\t\t\t\n<ul>\n<li class=\"bullet-checkmark\">Lehk\u00fd gel s le\u0161t\u00edc\u00edmi jojoba perli\u010dkami odstra\u0148uje ne\u010distoty a osv\u011b\u017euje ple\u0165<\/li>\n<li class=\"bullet-checkmark\">Zanech\u00e1v\u00e1 va\u0161i ple\u0165 \u00fa\u017easn\u011b sv\u011b\u017e\u00ed a rozjasn\u011bnou<\/li>\n<li class=\"bullet-checkmark\">\u017d\u00e1dn\u00e9 p\u0159idan\u00e9 parabeny, bez sulf\u00e1t\u016f, dermatologicky testov\u00e1no (\u017e\u00e1dn\u00fd z na\u0161\u00ed \u0159ady produkt\u016f SKIN nebyl testov\u00e1n na zv\u00ed\u0159atech)<\/li>\n<\/ul>\n\t\t<\/div>\n\t\t\t\t\t<\/div>\n\n\t\n<\/div>\n<h2>Slo\u017een\u00ed<\/h2>\n<p> Jedine\u010dn\u00e1 receptura obsahuj\u00edc\u00ed velk\u00e9 mno\u017estv\u00ed p\u0159\u00edrodn\u00edch slo\u017eek, kter\u00e9 jsou nejen kvalitn\u00ed, ale i vysoce \u00fa\u010dinn\u00e9: <\/p>\n<ul>\n<li class=\"bullet-arrow\">Vitam\u00edny A a C &#8211; maj\u00ed omlazovac\u00ed a antioxida\u010dn\u00ed \u00fa\u010dinky<\/li>\n<li class=\"bullet-arrow\">Vitam\u00edn B3<\/li>\n<li class=\"bullet-arrow\">V\u00fdta\u017eky z pomeran\u010de a grapefruitu &#8211; pom\u00e1haj\u00ed p\u0159i \u010di\u0161t\u011bn\u00ed a jsou prosp\u011b\u0161n\u00e9 pro rozz\u00e1\u0159en\u00ed a p\u011bkn\u00fd vzhled poko\u017eky<\/li>\n<li class=\"bullet-arrow\">Aloe Vera &#8211; zjem\u0148uje a zklid\u0148uje poko\u017eku<\/li>\n<li class=\"bullet-arrow\">V\u00fdta\u017eky z jablka a jojoby<\/li>\n<\/ul>\n<h2>Pou\u017eit\u00ed<\/h2>\n<p> V\u00edce informac\u00ed a praktick\u00fdch tip\u016f najdete na podstr\u00e1nce v\u011bnovan\u00e9 v\u00fdhradn\u011b na\u0161im <a href=\"https:\/\/herbastore.sk\/cs\/herbalife-skin-otazky-odpovedi\/\">produktov\u00e9 \u0159ad\u011b Herbalife SKIN<\/a><\/p>\n<ul>\n<li class=\"bullet-arrow\">P\u0159\u00edpravek s citrusy pou\u017e\u00edvejte r\u00e1no na \u010di\u0161t\u011bn\u00ed a ve\u010der jako uklid\u0148uj\u00edc\u00ed odli\u010dovadlo<\/li>\n<li class=\"bullet-arrow\">Naneste na vlhkou poko\u017eku, krou\u017eiv\u00fdmi pohyby jemn\u011b vmas\u00edrujte do poko\u017eky<\/li>\n<li class=\"bullet-arrow\">Opl\u00e1chn\u011bte vodou<\/li>\n<li class=\"bullet-arrow\">Pokra\u010dujte <a href=\"https:\/\/herbastore.sk\/cs\/produkty\/herbalife-skin\/povzbuzujici-bylinkove-tonikum\/\">bylinkov\u00fdm tonikem<\/a><\/li>\n<\/ul>\n<p><strong>*<\/strong> Prok\u00e1zan\u00e1 v\u00fdznamn\u00e1 redukce m\u00edry ko\u017en\u00edho mazu na aplikovan\u00e9 stran\u011b o 57,6 % (pr\u016fm\u011brn\u011b). Norm\u00e1ln\u00ed a\u017e mastn\u00e1 ple\u0165<\/p>\n","protected":false},"excerpt":{"rendered":"<p>150 ml <div class=\"is-divider divider clearfix\" ><\/div> Tento \u00fa\u010dinn\u00fd vyhlazuj\u00edc\u00ed a rozjas\u0148uj\u00edc\u00ed \u010dist\u00edc\u00ed p\u0159\u00edpravek (gel) s obsahem citrus\u016f pro norm\u00e1ln\u00ed a\u017e mastnou poko\u017eku z kosmetiky SKIN precizn\u011b vy\u010dist\u00ed va\u0161i ple\u0165 pomoc\u00ed hloubkov\u011b \u010dist\u00edc\u00edch jojoba perli\u010dek a dal\u0161\u00edch \u00fa\u010dinn\u00fdch slo\u017eek. Nav\u00edc ji rozz\u00e1\u0159\u00ed a zdrav\u011b osv\u011b\u017e\u00ed.<\/p>\n","protected":false},"featured_media":7362,"comment_status":"open","ping_status":"closed","template":"","meta":{"inline_featured_image":false},"product_brand":[],"product_cat":[178],"product_tag":[203],"class_list":{"0":"post-7361","1":"product","2":"type-product","3":"status-publish","4":"has-post-thumbnail","6":"product_cat-herbalife-skin","7":"product_tag-hezci-plet-a-vlasy","9":"first","10":"instock","11":"taxable","12":"shipping-taxable","13":"purchasable","14":"product-type-simple"},"yoast_head":"<!-- This site is optimized with the Yoast SEO plugin v26.8 - https:\/\/yoast.com\/product\/yoast-seo-wordpress\/ -->\n<title>Herbalife Rozjas\u0148uj\u00edc\u00ed \u010dist\u00edc\u00ed p\u0159\u00edpravek s citrusy 150 ml - herbastore.sk<\/title>\n<meta name=\"description\" content=\"\u00da\u010dinn\u00fd rozjas\u0148uj\u00edc\u00ed \u010dist\u00edc\u00ed p\u0159\u00edpravek s citrusy pro norm\u00e1ln\u00ed a\u017e mastnou poko\u017eku precizn\u011b vy\u010dist\u00ed va\u0161i ple\u0165 a nav\u00edc ji zdrav\u011b osv\u011b\u017e\u00ed. Klinicky testov\u00e1n.\" \/>\n<meta name=\"robots\" content=\"index, follow, max-snippet:-1, max-image-preview:large, max-video-preview:-1\" \/>\n<link rel=\"canonical\" href=\"https:\/\/herbastore.sk\/cs\/produkty\/herbalife-skin\/rozjasnujici-cistici-pripravek-s-citrusy\/\" \/>\n<meta property=\"og:locale\" content=\"cs_CZ\" \/>\n<meta property=\"og:type\" content=\"article\" \/>\n<meta property=\"og:title\" content=\"Herbalife Rozjas\u0148uj\u00edc\u00ed \u010dist\u00edc\u00ed p\u0159\u00edpravek s citrusy 150 ml - herbastore.sk\" \/>\n<meta property=\"og:description\" content=\"\u00da\u010dinn\u00fd rozjas\u0148uj\u00edc\u00ed \u010dist\u00edc\u00ed p\u0159\u00edpravek s citrusy pro norm\u00e1ln\u00ed a\u017e mastnou poko\u017eku precizn\u011b vy\u010dist\u00ed va\u0161i ple\u0165 a nav\u00edc ji zdrav\u011b osv\u011b\u017e\u00ed. Klinicky testov\u00e1n.\" \/>\n<meta property=\"og:url\" content=\"https:\/\/herbastore.sk\/cs\/produkty\/herbalife-skin\/rozjasnujici-cistici-pripravek-s-citrusy\/\" \/>\n<meta property=\"og:site_name\" content=\"herbastore\" \/>\n<meta property=\"article:publisher\" content=\"https:\/\/www.facebook.com\/herbastoresk\/\" \/>\n<meta property=\"article:modified_time\" content=\"2025-03-12T09:50:26+00:00\" \/>\n<meta property=\"og:image\" content=\"https:\/\/herbastore.sk\/wp-content\/uploads\/2019\/02\/Rozjasnujuci-cistiaci-pripravok-s-citrusmi.jpg\" \/>\n\t<meta property=\"og:image:width\" content=\"534\" \/>\n\t<meta property=\"og:image:height\" content=\"800\" \/>\n\t<meta property=\"og:image:type\" content=\"image\/jpeg\" \/>\n<meta name=\"twitter:card\" content=\"summary_large_image\" \/>\n<meta name=\"twitter:label1\" content=\"Odhadovan\u00e1 doba \u010dten\u00ed\" \/>\n\t<meta name=\"twitter:data1\" content=\"1 minuta\" \/>\n<script type=\"application\/ld+json\" class=\"yoast-schema-graph\">{\"@context\":\"https:\/\/schema.org\",\"@graph\":[{\"@type\":\"WebPage\",\"@id\":\"https:\/\/herbastore.sk\/cs\/produkty\/herbalife-skin\/rozjasnujici-cistici-pripravek-s-citrusy\/\",\"url\":\"https:\/\/herbastore.sk\/cs\/produkty\/herbalife-skin\/rozjasnujici-cistici-pripravek-s-citrusy\/\",\"name\":\"Herbalife Rozjas\u0148uj\u00edc\u00ed \u010dist\u00edc\u00ed p\u0159\u00edpravek s citrusy 150 ml - herbastore.sk\",\"isPartOf\":{\"@id\":\"https:\/\/herbastore.sk\/cs\/#website\"},\"primaryImageOfPage\":{\"@id\":\"https:\/\/herbastore.sk\/cs\/produkty\/herbalife-skin\/rozjasnujici-cistici-pripravek-s-citrusy\/#primaryimage\"},\"image\":{\"@id\":\"https:\/\/herbastore.sk\/cs\/produkty\/herbalife-skin\/rozjasnujici-cistici-pripravek-s-citrusy\/#primaryimage\"},\"thumbnailUrl\":\"https:\/\/herbastore.sk\/wp-content\/uploads\/2019\/02\/Rozjasnujuci-cistiaci-pripravok-s-citrusmi.jpg\",\"datePublished\":\"2020-07-20T19:36:21+00:00\",\"dateModified\":\"2025-03-12T09:50:26+00:00\",\"description\":\"\u00da\u010dinn\u00fd rozjas\u0148uj\u00edc\u00ed \u010dist\u00edc\u00ed p\u0159\u00edpravek s citrusy pro norm\u00e1ln\u00ed a\u017e mastnou poko\u017eku precizn\u011b vy\u010dist\u00ed va\u0161i ple\u0165 a nav\u00edc ji zdrav\u011b osv\u011b\u017e\u00ed. Klinicky testov\u00e1n.\",\"breadcrumb\":{\"@id\":\"https:\/\/herbastore.sk\/cs\/produkty\/herbalife-skin\/rozjasnujici-cistici-pripravek-s-citrusy\/#breadcrumb\"},\"inLanguage\":\"cs\",\"potentialAction\":[{\"@type\":\"ReadAction\",\"target\":[\"https:\/\/herbastore.sk\/cs\/produkty\/herbalife-skin\/rozjasnujici-cistici-pripravek-s-citrusy\/\"]}]},{\"@type\":\"ImageObject\",\"inLanguage\":\"cs\",\"@id\":\"https:\/\/herbastore.sk\/cs\/produkty\/herbalife-skin\/rozjasnujici-cistici-pripravek-s-citrusy\/#primaryimage\",\"url\":\"https:\/\/herbastore.sk\/wp-content\/uploads\/2019\/02\/Rozjasnujuci-cistiaci-pripravok-s-citrusmi.jpg\",\"contentUrl\":\"https:\/\/herbastore.sk\/wp-content\/uploads\/2019\/02\/Rozjasnujuci-cistiaci-pripravok-s-citrusmi.jpg\",\"width\":534,\"height\":800,\"caption\":\"Herbalife SKIN rozjasnujici cistici pripravek s citrusy\"},{\"@type\":\"BreadcrumbList\",\"@id\":\"https:\/\/herbastore.sk\/cs\/produkty\/herbalife-skin\/rozjasnujici-cistici-pripravek-s-citrusy\/#breadcrumb\",\"itemListElement\":[{\"@type\":\"ListItem\",\"position\":1,\"name\":\"Home\",\"item\":\"https:\/\/herbastore.sk\/cs\/\"},{\"@type\":\"ListItem\",\"position\":2,\"name\":\"Produkty\",\"item\":\"https:\/\/herbastore.sk\/cs\/produkty\/\"},{\"@type\":\"ListItem\",\"position\":3,\"name\":\"Rozjas\u0148uj\u00edc\u00ed \u010dist\u00edc\u00ed p\u0159\u00edpravek s citrusy\"}]},{\"@type\":\"WebSite\",\"@id\":\"https:\/\/herbastore.sk\/cs\/#website\",\"url\":\"https:\/\/herbastore.sk\/cs\/\",\"name\":\"herbastore\",\"description\":\"Produkty Herbalife z pohodlia v\u00e1\u0161ho domova\",\"publisher\":{\"@id\":\"https:\/\/herbastore.sk\/cs\/#organization\"},\"potentialAction\":[{\"@type\":\"SearchAction\",\"target\":{\"@type\":\"EntryPoint\",\"urlTemplate\":\"https:\/\/herbastore.sk\/cs\/?s={search_term_string}\"},\"query-input\":{\"@type\":\"PropertyValueSpecification\",\"valueRequired\":true,\"valueName\":\"search_term_string\"}}],\"inLanguage\":\"cs\"},{\"@type\":\"Organization\",\"@id\":\"https:\/\/herbastore.sk\/cs\/#organization\",\"name\":\"herbastore.sk\",\"url\":\"https:\/\/herbastore.sk\/cs\/\",\"logo\":{\"@type\":\"ImageObject\",\"inLanguage\":\"cs\",\"@id\":\"https:\/\/herbastore.sk\/cs\/#\/schema\/logo\/image\/\",\"url\":\"https:\/\/herbastore.sk\/wp-content\/uploads\/2018\/11\/herbastore-ikona.png\",\"contentUrl\":\"https:\/\/herbastore.sk\/wp-content\/uploads\/2018\/11\/herbastore-ikona.png\",\"width\":512,\"height\":512,\"caption\":\"herbastore.sk\"},\"image\":{\"@id\":\"https:\/\/herbastore.sk\/cs\/#\/schema\/logo\/image\/\"},\"sameAs\":[\"https:\/\/www.facebook.com\/herbastoresk\/\",\"https:\/\/www.instagram.com\/herbastore.sk\/\"]}]}<\/script>\n<!-- \/ Yoast SEO plugin. -->","yoast_head_json":{"title":"Herbalife Rozjas\u0148uj\u00edc\u00ed \u010dist\u00edc\u00ed p\u0159\u00edpravek s citrusy 150 ml - herbastore.sk","description":"\u00da\u010dinn\u00fd rozjas\u0148uj\u00edc\u00ed \u010dist\u00edc\u00ed p\u0159\u00edpravek s citrusy pro norm\u00e1ln\u00ed a\u017e mastnou poko\u017eku precizn\u011b vy\u010dist\u00ed va\u0161i ple\u0165 a nav\u00edc ji zdrav\u011b osv\u011b\u017e\u00ed. Klinicky testov\u00e1n.","robots":{"index":"index","follow":"follow","max-snippet":"max-snippet:-1","max-image-preview":"max-image-preview:large","max-video-preview":"max-video-preview:-1"},"canonical":"https:\/\/herbastore.sk\/cs\/produkty\/herbalife-skin\/rozjasnujici-cistici-pripravek-s-citrusy\/","og_locale":"cs_CZ","og_type":"article","og_title":"Herbalife Rozjas\u0148uj\u00edc\u00ed \u010dist\u00edc\u00ed p\u0159\u00edpravek s citrusy 150 ml - herbastore.sk","og_description":"\u00da\u010dinn\u00fd rozjas\u0148uj\u00edc\u00ed \u010dist\u00edc\u00ed p\u0159\u00edpravek s citrusy pro norm\u00e1ln\u00ed a\u017e mastnou poko\u017eku precizn\u011b vy\u010dist\u00ed va\u0161i ple\u0165 a nav\u00edc ji zdrav\u011b osv\u011b\u017e\u00ed. Klinicky testov\u00e1n.","og_url":"https:\/\/herbastore.sk\/cs\/produkty\/herbalife-skin\/rozjasnujici-cistici-pripravek-s-citrusy\/","og_site_name":"herbastore","article_publisher":"https:\/\/www.facebook.com\/herbastoresk\/","article_modified_time":"2025-03-12T09:50:26+00:00","og_image":[{"width":534,"height":800,"url":"https:\/\/herbastore.sk\/wp-content\/uploads\/2019\/02\/Rozjasnujuci-cistiaci-pripravok-s-citrusmi.jpg","type":"image\/jpeg"}],"twitter_card":"summary_large_image","twitter_misc":{"Odhadovan\u00e1 doba \u010dten\u00ed":"1 minuta"},"schema":{"@context":"https:\/\/schema.org","@graph":[{"@type":"WebPage","@id":"https:\/\/herbastore.sk\/cs\/produkty\/herbalife-skin\/rozjasnujici-cistici-pripravek-s-citrusy\/","url":"https:\/\/herbastore.sk\/cs\/produkty\/herbalife-skin\/rozjasnujici-cistici-pripravek-s-citrusy\/","name":"Herbalife Rozjas\u0148uj\u00edc\u00ed \u010dist\u00edc\u00ed p\u0159\u00edpravek s citrusy 150 ml - herbastore.sk","isPartOf":{"@id":"https:\/\/herbastore.sk\/cs\/#website"},"primaryImageOfPage":{"@id":"https:\/\/herbastore.sk\/cs\/produkty\/herbalife-skin\/rozjasnujici-cistici-pripravek-s-citrusy\/#primaryimage"},"image":{"@id":"https:\/\/herbastore.sk\/cs\/produkty\/herbalife-skin\/rozjasnujici-cistici-pripravek-s-citrusy\/#primaryimage"},"thumbnailUrl":"https:\/\/herbastore.sk\/wp-content\/uploads\/2019\/02\/Rozjasnujuci-cistiaci-pripravok-s-citrusmi.jpg","datePublished":"2020-07-20T19:36:21+00:00","dateModified":"2025-03-12T09:50:26+00:00","description":"\u00da\u010dinn\u00fd rozjas\u0148uj\u00edc\u00ed \u010dist\u00edc\u00ed p\u0159\u00edpravek s citrusy pro norm\u00e1ln\u00ed a\u017e mastnou poko\u017eku precizn\u011b vy\u010dist\u00ed va\u0161i ple\u0165 a nav\u00edc ji zdrav\u011b osv\u011b\u017e\u00ed. Klinicky testov\u00e1n.","breadcrumb":{"@id":"https:\/\/herbastore.sk\/cs\/produkty\/herbalife-skin\/rozjasnujici-cistici-pripravek-s-citrusy\/#breadcrumb"},"inLanguage":"cs","potentialAction":[{"@type":"ReadAction","target":["https:\/\/herbastore.sk\/cs\/produkty\/herbalife-skin\/rozjasnujici-cistici-pripravek-s-citrusy\/"]}]},{"@type":"ImageObject","inLanguage":"cs","@id":"https:\/\/herbastore.sk\/cs\/produkty\/herbalife-skin\/rozjasnujici-cistici-pripravek-s-citrusy\/#primaryimage","url":"https:\/\/herbastore.sk\/wp-content\/uploads\/2019\/02\/Rozjasnujuci-cistiaci-pripravok-s-citrusmi.jpg","contentUrl":"https:\/\/herbastore.sk\/wp-content\/uploads\/2019\/02\/Rozjasnujuci-cistiaci-pripravok-s-citrusmi.jpg","width":534,"height":800,"caption":"Herbalife SKIN rozjasnujici cistici pripravek s citrusy"},{"@type":"BreadcrumbList","@id":"https:\/\/herbastore.sk\/cs\/produkty\/herbalife-skin\/rozjasnujici-cistici-pripravek-s-citrusy\/#breadcrumb","itemListElement":[{"@type":"ListItem","position":1,"name":"Home","item":"https:\/\/herbastore.sk\/cs\/"},{"@type":"ListItem","position":2,"name":"Produkty","item":"https:\/\/herbastore.sk\/cs\/produkty\/"},{"@type":"ListItem","position":3,"name":"Rozjas\u0148uj\u00edc\u00ed \u010dist\u00edc\u00ed p\u0159\u00edpravek s citrusy"}]},{"@type":"WebSite","@id":"https:\/\/herbastore.sk\/cs\/#website","url":"https:\/\/herbastore.sk\/cs\/","name":"herbastore","description":"Produkty Herbalife z pohodlia v\u00e1\u0161ho domova","publisher":{"@id":"https:\/\/herbastore.sk\/cs\/#organization"},"potentialAction":[{"@type":"SearchAction","target":{"@type":"EntryPoint","urlTemplate":"https:\/\/herbastore.sk\/cs\/?s={search_term_string}"},"query-input":{"@type":"PropertyValueSpecification","valueRequired":true,"valueName":"search_term_string"}}],"inLanguage":"cs"},{"@type":"Organization","@id":"https:\/\/herbastore.sk\/cs\/#organization","name":"herbastore.sk","url":"https:\/\/herbastore.sk\/cs\/","logo":{"@type":"ImageObject","inLanguage":"cs","@id":"https:\/\/herbastore.sk\/cs\/#\/schema\/logo\/image\/","url":"https:\/\/herbastore.sk\/wp-content\/uploads\/2018\/11\/herbastore-ikona.png","contentUrl":"https:\/\/herbastore.sk\/wp-content\/uploads\/2018\/11\/herbastore-ikona.png","width":512,"height":512,"caption":"herbastore.sk"},"image":{"@id":"https:\/\/herbastore.sk\/cs\/#\/schema\/logo\/image\/"},"sameAs":["https:\/\/www.facebook.com\/herbastoresk\/","https:\/\/www.instagram.com\/herbastore.sk\/"]}]}},"_links":{"self":[{"href":"https:\/\/herbastore.sk\/cs\/wp-json\/wp\/v2\/product\/7361","targetHints":{"allow":["GET"]}}],"collection":[{"href":"https:\/\/herbastore.sk\/cs\/wp-json\/wp\/v2\/product"}],"about":[{"href":"https:\/\/herbastore.sk\/cs\/wp-json\/wp\/v2\/types\/product"}],"replies":[{"embeddable":true,"href":"https:\/\/herbastore.sk\/cs\/wp-json\/wp\/v2\/comments?post=7361"}],"wp:featuredmedia":[{"embeddable":true,"href":"https:\/\/herbastore.sk\/cs\/wp-json\/wp\/v2\/media\/7362"}],"wp:attachment":[{"href":"https:\/\/herbastore.sk\/cs\/wp-json\/wp\/v2\/media?parent=7361"}],"wp:term":[{"taxonomy":"product_brand","embeddable":true,"href":"https:\/\/herbastore.sk\/cs\/wp-json\/wp\/v2\/product_brand?post=7361"},{"taxonomy":"product_cat","embeddable":true,"href":"https:\/\/herbastore.sk\/cs\/wp-json\/wp\/v2\/product_cat?post=7361"},{"taxonomy":"product_tag","embeddable":true,"href":"https:\/\/herbastore.sk\/cs\/wp-json\/wp\/v2\/product_tag?post=7361"}],"curies":[{"name":"wp","href":"https:\/\/api.w.org\/{rel}","templated":true}]}}