{"id":7358,"date":"2019-03-19T15:53:06","date_gmt":"2020-07-20T19:26:14","guid":{"rendered":"https:\/\/herbastore.sk\/produkty\/nezarazene\/h24-hydrate\/"},"modified":"2025-08-20T14:56:00","modified_gmt":"2025-08-20T12:56:00","slug":"h24-hydrate","status":"publish","type":"product","link":"https:\/\/herbastore.sk\/cs\/produkty\/h24-sportovni-vyziva\/h24-hydrate\/","title":{"rendered":"H24 Hydrate"},"content":{"rendered":"<h2>Komu m\u016f\u017ee b\u00fdt H24 Hydrate prosp\u011b\u0161n\u00fd?<\/h2>\n<ul>\n<li class=\"bullet-star\">Ka\u017ed\u00e9mu, kdo pot\u0159ebuje hydrataci s n\u00edzk\u00fdm obsahem kalori\u00ed<\/li>\n<li class=\"bullet-star\">Sportovc\u016fm b\u011bhem intenzivn\u00edho tr\u00e9ninku<\/li>\n<li class=\"bullet-star\">Ka\u017ed\u00e9mu sportovci p\u0159ed a b\u011bhem v\u00fdkonu<\/li>\n<\/ul>\n<p> Hydratace je kl\u00ed\u010dov\u00fdm prvkem pro zaji\u0161t\u011bn\u00ed v\u00fdkonnosti. Pokud dod\u00e1te va\u0161emu t\u011blu z\u00e1soby elektrolyt\u016f, podpo\u0159\u00edte t\u00edm rychlej\u0161\u00ed vst\u0159eb\u00e1v\u00e1n\u00ed tekutin, zabezpe\u010d\u00edte dostate\u010dnou hydrataci a p\u0159ipravenost organismu pro dosa\u017een\u00ed maxim\u00e1ln\u00ed v\u00fdkonnosti. Jeden s\u00e1\u010dek obsahuje m\u00e9n\u011b ne\u017e 1 g cukru a podporuje metabolismus sacharid\u016f pro z\u00edsk\u00e1n\u00ed vitam\u00edn\u016f B. Po sm\u00edch\u00e1n\u00ed s vodou p\u0159edstavuje perfektn\u00ed zp\u016fsob hydratace kdykoliv b\u011bhem dne. <\/p>\n<h2>Hlavn\u00ed v\u00fdhody a charakteristika<\/h2>\n<div class=\"row\"  id=\"row-969873892\">\n\n\t<div id=\"col-1741513596\" class=\"col medium-1\/2 large-6\"  >\n\t\t\t\t<div class=\"col-inner\"  >\n\t\t\t\n\t\t\t\n<ul>\n<li class=\"bullet-checkmark\">Hydratace pro ka\u017ed\u00e9ho, kdykoliv a kdekoliv<\/li>\n<li class=\"bullet-checkmark\">Poskytuje 100 % denn\u00edho doporu\u010den\u00e9ho mno\u017estv\u00ed vitam\u00ednu C, kter\u00fd napom\u00e1h\u00e1 sn\u00ed\u017een\u00ed \u00fanavy organismu<\/li>\n<li class=\"bullet-checkmark\">Obsahuje elektrolyty, sod\u00edk, v\u00e1pn\u00edk a ho\u0159\u010d\u00edk pro rychlou obnovu tekutin v organismu<\/li>\n<\/ul>\n\t\t<\/div>\n\t\t\t\t\t<\/div>\n\n\t\n\n\t<div id=\"col-1354840813\" class=\"col medium-1\/2 large-6\"  >\n\t\t\t\t<div class=\"col-inner\"  >\n\t\t\t\n\t\t\t\n<ul>\n<li class=\"bullet-checkmark\">N\u00e1poj bez obsahu kalori\u00ed ur\u010den\u00fd pro sportovce za \u00fa\u010delem podpory zv\u00fd\u0161en\u00ed p\u0159\u00edjmu tekutin<\/li>\n<li class=\"bullet-checkmark\">Obsahuje \u0161irok\u00e9 spektrum vitam\u00ednu B (B1, B2, kyselina pantotenov\u00e1 a B12) a vitam\u00edn C<\/li>\n<li class=\"bullet-checkmark\">Bez obsahu um\u011bl\u00fdch p\u0159\u00edchut\u00ed a barviv<\/li>\n<\/ul>\n\t\t<\/div>\n\t\t\t\t\t<\/div>\n\n\t\n<\/div>\n<h2>D\u00e1vkovanie<\/h2>\n<p>Zmie\u0161ajte 1 vrecko s 500 ml vody, d\u00f4kladne pretrepte. Tento produkt by mal byt pou\u017e\u00edvan\u00fd ako s\u00fa\u010das\u0165 vyv\u00e1\u017eenej a rozmanitej stravy v r\u00e1mci optim\u00e1lneho, akt\u00edvneho \u017eivotn\u00e9ho \u0161t\u00fdlu. Garantujeme, \u017ee ka\u017ed\u00e1 \u0161ar\u017ea v\u00fdrobku je testovan\u00e1 na pr\u00edtomnos\u0165 zak\u00e1zan\u00fdch l\u00e1tok nez\u00e1vislou tre\u0165ou stranou. T\u00fato skuto\u010dnos\u0165 je mo\u017en\u00e9 overi\u0165 pomocou \u010d\u00edsla \u0161ar\u017ee, ktor\u00e9 je uveden\u00e9 na obale ka\u017ed\u00e9ho produktu, on-line na <a href=\"http:\/\/www.koelnerliste.com\/\">www.koelnerliste.com<\/a>.<\/p>\n<p><a href=\"https:\/\/herbastore.sk\/wp-content\/uploads\/2019\/03\/Herbalife-H24-Hydrate-vyzivova-hodnota.jpg\"><img decoding=\"async\" class=\"aligncenter wp-image-3002 size-full\" src=\"https:\/\/herbastore.sk\/wp-content\/uploads\/2019\/03\/Herbalife-H24-Hydrate-vyzivova-hodnota.jpg\" alt=\"Herbalife H24 Hydrate vyzivova hodnota\" width=\"600\" height=\"auto\" srcset=\"https:\/\/herbastore.sk\/wp-content\/uploads\/2019\/03\/Herbalife-H24-Hydrate-vyzivova-hodnota.jpg 1803w, https:\/\/herbastore.sk\/wp-content\/uploads\/2019\/03\/Herbalife-H24-Hydrate-vyzivova-hodnota-267x110.jpg 267w, https:\/\/herbastore.sk\/wp-content\/uploads\/2019\/03\/Herbalife-H24-Hydrate-vyzivova-hodnota-534x219.jpg 534w, https:\/\/herbastore.sk\/wp-content\/uploads\/2019\/03\/Herbalife-H24-Hydrate-vyzivova-hodnota-800x328.jpg 800w, https:\/\/herbastore.sk\/wp-content\/uploads\/2019\/03\/Herbalife-H24-Hydrate-vyzivova-hodnota-1400x575.jpg 1400w, https:\/\/herbastore.sk\/wp-content\/uploads\/2019\/03\/Herbalife-H24-Hydrate-vyzivova-hodnota-768x315.jpg 768w, https:\/\/herbastore.sk\/wp-content\/uploads\/2019\/03\/Herbalife-H24-Hydrate-vyzivova-hodnota-1536x630.jpg 1536w, https:\/\/herbastore.sk\/wp-content\/uploads\/2019\/03\/Herbalife-H24-Hydrate-vyzivova-hodnota-510x209.jpg 510w\" sizes=\"(max-width: 1803px) 100vw, 1803px\" \/><\/a><\/p>\n<p style=\"text-align: center;\"><em>V\u00fd\u017eivov\u00e1 hodnota &#8211; Herbalife H24 Hydrate<\/em><\/p>\n","protected":false},"excerpt":{"rendered":"<p>106 g (20 s\u00e1\u010dk\u016f po 5,3 g) <div class=\"is-divider divider clearfix\" ><\/div> H24 Hydrate je bezkalorick\u00fd elektrolytov\u00fd n\u00e1poj pro podporu p\u0159\u00edjmu tekutin. Obsahuje 100 % doporu\u010den\u00e9ho denn\u00edho mno\u017estv\u00ed vitam\u00ednu C pro sn\u00ed\u017een\u00ed \u00fanavy organismu.<\/p>\n","protected":false},"featured_media":15123,"comment_status":"open","ping_status":"closed","template":"","meta":{"inline_featured_image":false},"product_brand":[],"product_cat":[175],"product_tag":[206,210],"class_list":{"0":"post-7358","1":"product","2":"type-product","3":"status-publish","4":"has-post-thumbnail","6":"product_cat-h24-sportovni-vyziva","7":"product_tag-pitny-rezim","8":"product_tag-svalove-krece","10":"first","11":"instock","12":"taxable","13":"shipping-taxable","14":"purchasable","15":"product-type-simple"},"yoast_head":"<!-- This site is optimized with the Yoast SEO plugin v26.8 - https:\/\/yoast.com\/product\/yoast-seo-wordpress\/ -->\n<title>Herbalife H24 Hydrate 106 g - herbastore.sk<\/title>\n<meta name=\"description\" content=\"H24 Hydrate je elektrolytick\u00fd n\u00e1poj bez obsahu kalori\u00ed. Obsahuje 100% denn\u00edho doporu\u010den\u00e9ho mno\u017estv\u00ed vitam\u00ednu C pro sn\u00ed\u017een\u00ed \u00fanavy organismu.\" \/>\n<meta name=\"robots\" content=\"index, follow, max-snippet:-1, max-image-preview:large, max-video-preview:-1\" \/>\n<link rel=\"canonical\" href=\"https:\/\/herbastore.sk\/cs\/produkty\/h24-sportovni-vyziva\/h24-hydrate\/\" \/>\n<meta property=\"og:locale\" content=\"cs_CZ\" \/>\n<meta property=\"og:type\" content=\"article\" \/>\n<meta property=\"og:title\" content=\"Herbalife H24 Hydrate 106 g - herbastore.sk\" \/>\n<meta property=\"og:description\" content=\"H24 Hydrate je elektrolytick\u00fd n\u00e1poj bez obsahu kalori\u00ed. Obsahuje 100% denn\u00edho doporu\u010den\u00e9ho mno\u017estv\u00ed vitam\u00ednu C pro sn\u00ed\u017een\u00ed \u00fanavy organismu.\" \/>\n<meta property=\"og:url\" content=\"https:\/\/herbastore.sk\/cs\/produkty\/h24-sportovni-vyziva\/h24-hydrate\/\" \/>\n<meta property=\"og:site_name\" content=\"herbastore\" \/>\n<meta property=\"article:publisher\" content=\"https:\/\/www.facebook.com\/herbastoresk\/\" \/>\n<meta property=\"article:modified_time\" content=\"2025-08-20T12:56:00+00:00\" \/>\n<meta property=\"og:image\" content=\"https:\/\/herbastore.sk\/wp-content\/uploads\/2021\/10\/Herbalife-H24-Hydrate-pomaranc.jpg\" \/>\n\t<meta property=\"og:image:width\" content=\"534\" \/>\n\t<meta property=\"og:image:height\" content=\"800\" \/>\n\t<meta property=\"og:image:type\" content=\"image\/jpeg\" \/>\n<meta name=\"twitter:card\" content=\"summary_large_image\" \/>\n<meta name=\"twitter:label1\" content=\"Odhadovan\u00e1 doba \u010dten\u00ed\" \/>\n\t<meta name=\"twitter:data1\" content=\"2 minuty\" \/>\n<script type=\"application\/ld+json\" class=\"yoast-schema-graph\">{\"@context\":\"https:\/\/schema.org\",\"@graph\":[{\"@type\":\"WebPage\",\"@id\":\"https:\/\/herbastore.sk\/cs\/produkty\/h24-sportovni-vyziva\/h24-hydrate\/\",\"url\":\"https:\/\/herbastore.sk\/cs\/produkty\/h24-sportovni-vyziva\/h24-hydrate\/\",\"name\":\"Herbalife H24 Hydrate 106 g - herbastore.sk\",\"isPartOf\":{\"@id\":\"https:\/\/herbastore.sk\/cs\/#website\"},\"primaryImageOfPage\":{\"@id\":\"https:\/\/herbastore.sk\/cs\/produkty\/h24-sportovni-vyziva\/h24-hydrate\/#primaryimage\"},\"image\":{\"@id\":\"https:\/\/herbastore.sk\/cs\/produkty\/h24-sportovni-vyziva\/h24-hydrate\/#primaryimage\"},\"thumbnailUrl\":\"https:\/\/herbastore.sk\/wp-content\/uploads\/2021\/10\/Herbalife-H24-Hydrate-pomaranc.jpg\",\"datePublished\":\"2020-07-20T19:26:14+00:00\",\"dateModified\":\"2025-08-20T12:56:00+00:00\",\"description\":\"H24 Hydrate je elektrolytick\u00fd n\u00e1poj bez obsahu kalori\u00ed. Obsahuje 100% denn\u00edho doporu\u010den\u00e9ho mno\u017estv\u00ed vitam\u00ednu C pro sn\u00ed\u017een\u00ed \u00fanavy organismu.\",\"breadcrumb\":{\"@id\":\"https:\/\/herbastore.sk\/cs\/produkty\/h24-sportovni-vyziva\/h24-hydrate\/#breadcrumb\"},\"inLanguage\":\"cs\",\"potentialAction\":[{\"@type\":\"ReadAction\",\"target\":[\"https:\/\/herbastore.sk\/cs\/produkty\/h24-sportovni-vyziva\/h24-hydrate\/\"]}]},{\"@type\":\"ImageObject\",\"inLanguage\":\"cs\",\"@id\":\"https:\/\/herbastore.sk\/cs\/produkty\/h24-sportovni-vyziva\/h24-hydrate\/#primaryimage\",\"url\":\"https:\/\/herbastore.sk\/wp-content\/uploads\/2021\/10\/Herbalife-H24-Hydrate-pomaranc.jpg\",\"contentUrl\":\"https:\/\/herbastore.sk\/wp-content\/uploads\/2021\/10\/Herbalife-H24-Hydrate-pomaranc.jpg\",\"width\":534,\"height\":800,\"caption\":\"Herbalife H24 Hydrate pomeranc\"},{\"@type\":\"BreadcrumbList\",\"@id\":\"https:\/\/herbastore.sk\/cs\/produkty\/h24-sportovni-vyziva\/h24-hydrate\/#breadcrumb\",\"itemListElement\":[{\"@type\":\"ListItem\",\"position\":1,\"name\":\"Home\",\"item\":\"https:\/\/herbastore.sk\/cs\/\"},{\"@type\":\"ListItem\",\"position\":2,\"name\":\"Produkty\",\"item\":\"https:\/\/herbastore.sk\/cs\/produkty\/\"},{\"@type\":\"ListItem\",\"position\":3,\"name\":\"H24 Hydrate\"}]},{\"@type\":\"WebSite\",\"@id\":\"https:\/\/herbastore.sk\/cs\/#website\",\"url\":\"https:\/\/herbastore.sk\/cs\/\",\"name\":\"herbastore\",\"description\":\"Produkty Herbalife z pohodlia v\u00e1\u0161ho domova\",\"publisher\":{\"@id\":\"https:\/\/herbastore.sk\/cs\/#organization\"},\"potentialAction\":[{\"@type\":\"SearchAction\",\"target\":{\"@type\":\"EntryPoint\",\"urlTemplate\":\"https:\/\/herbastore.sk\/cs\/?s={search_term_string}\"},\"query-input\":{\"@type\":\"PropertyValueSpecification\",\"valueRequired\":true,\"valueName\":\"search_term_string\"}}],\"inLanguage\":\"cs\"},{\"@type\":\"Organization\",\"@id\":\"https:\/\/herbastore.sk\/cs\/#organization\",\"name\":\"herbastore.sk\",\"url\":\"https:\/\/herbastore.sk\/cs\/\",\"logo\":{\"@type\":\"ImageObject\",\"inLanguage\":\"cs\",\"@id\":\"https:\/\/herbastore.sk\/cs\/#\/schema\/logo\/image\/\",\"url\":\"https:\/\/herbastore.sk\/wp-content\/uploads\/2018\/11\/herbastore-ikona.png\",\"contentUrl\":\"https:\/\/herbastore.sk\/wp-content\/uploads\/2018\/11\/herbastore-ikona.png\",\"width\":512,\"height\":512,\"caption\":\"herbastore.sk\"},\"image\":{\"@id\":\"https:\/\/herbastore.sk\/cs\/#\/schema\/logo\/image\/\"},\"sameAs\":[\"https:\/\/www.facebook.com\/herbastoresk\/\",\"https:\/\/www.instagram.com\/herbastore.sk\/\"]}]}<\/script>\n<!-- \/ Yoast SEO plugin. -->","yoast_head_json":{"title":"Herbalife H24 Hydrate 106 g - herbastore.sk","description":"H24 Hydrate je elektrolytick\u00fd n\u00e1poj bez obsahu kalori\u00ed. Obsahuje 100% denn\u00edho doporu\u010den\u00e9ho mno\u017estv\u00ed vitam\u00ednu C pro sn\u00ed\u017een\u00ed \u00fanavy organismu.","robots":{"index":"index","follow":"follow","max-snippet":"max-snippet:-1","max-image-preview":"max-image-preview:large","max-video-preview":"max-video-preview:-1"},"canonical":"https:\/\/herbastore.sk\/cs\/produkty\/h24-sportovni-vyziva\/h24-hydrate\/","og_locale":"cs_CZ","og_type":"article","og_title":"Herbalife H24 Hydrate 106 g - herbastore.sk","og_description":"H24 Hydrate je elektrolytick\u00fd n\u00e1poj bez obsahu kalori\u00ed. Obsahuje 100% denn\u00edho doporu\u010den\u00e9ho mno\u017estv\u00ed vitam\u00ednu C pro sn\u00ed\u017een\u00ed \u00fanavy organismu.","og_url":"https:\/\/herbastore.sk\/cs\/produkty\/h24-sportovni-vyziva\/h24-hydrate\/","og_site_name":"herbastore","article_publisher":"https:\/\/www.facebook.com\/herbastoresk\/","article_modified_time":"2025-08-20T12:56:00+00:00","og_image":[{"width":534,"height":800,"url":"https:\/\/herbastore.sk\/wp-content\/uploads\/2021\/10\/Herbalife-H24-Hydrate-pomaranc.jpg","type":"image\/jpeg"}],"twitter_card":"summary_large_image","twitter_misc":{"Odhadovan\u00e1 doba \u010dten\u00ed":"2 minuty"},"schema":{"@context":"https:\/\/schema.org","@graph":[{"@type":"WebPage","@id":"https:\/\/herbastore.sk\/cs\/produkty\/h24-sportovni-vyziva\/h24-hydrate\/","url":"https:\/\/herbastore.sk\/cs\/produkty\/h24-sportovni-vyziva\/h24-hydrate\/","name":"Herbalife H24 Hydrate 106 g - herbastore.sk","isPartOf":{"@id":"https:\/\/herbastore.sk\/cs\/#website"},"primaryImageOfPage":{"@id":"https:\/\/herbastore.sk\/cs\/produkty\/h24-sportovni-vyziva\/h24-hydrate\/#primaryimage"},"image":{"@id":"https:\/\/herbastore.sk\/cs\/produkty\/h24-sportovni-vyziva\/h24-hydrate\/#primaryimage"},"thumbnailUrl":"https:\/\/herbastore.sk\/wp-content\/uploads\/2021\/10\/Herbalife-H24-Hydrate-pomaranc.jpg","datePublished":"2020-07-20T19:26:14+00:00","dateModified":"2025-08-20T12:56:00+00:00","description":"H24 Hydrate je elektrolytick\u00fd n\u00e1poj bez obsahu kalori\u00ed. Obsahuje 100% denn\u00edho doporu\u010den\u00e9ho mno\u017estv\u00ed vitam\u00ednu C pro sn\u00ed\u017een\u00ed \u00fanavy organismu.","breadcrumb":{"@id":"https:\/\/herbastore.sk\/cs\/produkty\/h24-sportovni-vyziva\/h24-hydrate\/#breadcrumb"},"inLanguage":"cs","potentialAction":[{"@type":"ReadAction","target":["https:\/\/herbastore.sk\/cs\/produkty\/h24-sportovni-vyziva\/h24-hydrate\/"]}]},{"@type":"ImageObject","inLanguage":"cs","@id":"https:\/\/herbastore.sk\/cs\/produkty\/h24-sportovni-vyziva\/h24-hydrate\/#primaryimage","url":"https:\/\/herbastore.sk\/wp-content\/uploads\/2021\/10\/Herbalife-H24-Hydrate-pomaranc.jpg","contentUrl":"https:\/\/herbastore.sk\/wp-content\/uploads\/2021\/10\/Herbalife-H24-Hydrate-pomaranc.jpg","width":534,"height":800,"caption":"Herbalife H24 Hydrate pomeranc"},{"@type":"BreadcrumbList","@id":"https:\/\/herbastore.sk\/cs\/produkty\/h24-sportovni-vyziva\/h24-hydrate\/#breadcrumb","itemListElement":[{"@type":"ListItem","position":1,"name":"Home","item":"https:\/\/herbastore.sk\/cs\/"},{"@type":"ListItem","position":2,"name":"Produkty","item":"https:\/\/herbastore.sk\/cs\/produkty\/"},{"@type":"ListItem","position":3,"name":"H24 Hydrate"}]},{"@type":"WebSite","@id":"https:\/\/herbastore.sk\/cs\/#website","url":"https:\/\/herbastore.sk\/cs\/","name":"herbastore","description":"Produkty Herbalife z pohodlia v\u00e1\u0161ho domova","publisher":{"@id":"https:\/\/herbastore.sk\/cs\/#organization"},"potentialAction":[{"@type":"SearchAction","target":{"@type":"EntryPoint","urlTemplate":"https:\/\/herbastore.sk\/cs\/?s={search_term_string}"},"query-input":{"@type":"PropertyValueSpecification","valueRequired":true,"valueName":"search_term_string"}}],"inLanguage":"cs"},{"@type":"Organization","@id":"https:\/\/herbastore.sk\/cs\/#organization","name":"herbastore.sk","url":"https:\/\/herbastore.sk\/cs\/","logo":{"@type":"ImageObject","inLanguage":"cs","@id":"https:\/\/herbastore.sk\/cs\/#\/schema\/logo\/image\/","url":"https:\/\/herbastore.sk\/wp-content\/uploads\/2018\/11\/herbastore-ikona.png","contentUrl":"https:\/\/herbastore.sk\/wp-content\/uploads\/2018\/11\/herbastore-ikona.png","width":512,"height":512,"caption":"herbastore.sk"},"image":{"@id":"https:\/\/herbastore.sk\/cs\/#\/schema\/logo\/image\/"},"sameAs":["https:\/\/www.facebook.com\/herbastoresk\/","https:\/\/www.instagram.com\/herbastore.sk\/"]}]}},"_links":{"self":[{"href":"https:\/\/herbastore.sk\/cs\/wp-json\/wp\/v2\/product\/7358","targetHints":{"allow":["GET"]}}],"collection":[{"href":"https:\/\/herbastore.sk\/cs\/wp-json\/wp\/v2\/product"}],"about":[{"href":"https:\/\/herbastore.sk\/cs\/wp-json\/wp\/v2\/types\/product"}],"replies":[{"embeddable":true,"href":"https:\/\/herbastore.sk\/cs\/wp-json\/wp\/v2\/comments?post=7358"}],"wp:featuredmedia":[{"embeddable":true,"href":"https:\/\/herbastore.sk\/cs\/wp-json\/wp\/v2\/media\/15123"}],"wp:attachment":[{"href":"https:\/\/herbastore.sk\/cs\/wp-json\/wp\/v2\/media?parent=7358"}],"wp:term":[{"taxonomy":"product_brand","embeddable":true,"href":"https:\/\/herbastore.sk\/cs\/wp-json\/wp\/v2\/product_brand?post=7358"},{"taxonomy":"product_cat","embeddable":true,"href":"https:\/\/herbastore.sk\/cs\/wp-json\/wp\/v2\/product_cat?post=7358"},{"taxonomy":"product_tag","embeddable":true,"href":"https:\/\/herbastore.sk\/cs\/wp-json\/wp\/v2\/product_tag?post=7358"}],"curies":[{"name":"wp","href":"https:\/\/api.w.org\/{rel}","templated":true}]}}