{"id":7356,"date":"2018-10-07T13:41:35","date_gmt":"2020-07-20T19:17:43","guid":{"rendered":"https:\/\/herbastore.sk\/produkty\/nezarazene\/herbalifeline-max\/"},"modified":"2025-02-12T21:33:07","modified_gmt":"2025-02-12T20:33:07","slug":"herbalifeline-max","status":"publish","type":"product","link":"https:\/\/herbastore.sk\/cs\/produkty\/vitaminy-a-mineraly\/herbalifeline-max\/","title":{"rendered":"Herbalifeline Max"},"content":{"rendered":"<h2>Pro koho je Herbalifeline Max ur\u010den\u00fd?<\/h2>\n<p> Studie uk\u00e1zaly, \u017ee mnoho z\u00e1padn\u00edch (evropsk\u00fdch) diet je s velmi n\u00edzk\u00fdm obsahem Omega-3 mastn\u00fdch kyselin (EPA  DHA). V\u00fd\u017eivov\u00ed odborn\u00edci doporu\u010duj\u00ed konzumovat 2 a\u017e 3 porce ryb t\u00fddn\u011b, aby se dos\u00e1hlo doporu\u010den\u00e9ho p\u0159\u00edjmu Omega-3 mastn\u00fdch kyselin. D\u00e1vka pouze 1 kapsle Herbalifeline Max v\u00e1m pom\u016f\u017ee dos\u00e1hnout optim\u00e1ln\u00edho p\u0159\u00edjmu 250 mg EPA a DHA, kter\u00fd pot\u0159ebujete na denn\u00ed b\u00e1zi. Obsahuje esenci\u00e1ln\u00ed oleje z tymi\u00e1nu a m\u00e1ty na odstran\u011bn\u00ed ryb\u00ed pachuti a osv\u011b\u017een\u00ed chuti. V\u0161echny slo\u017eky dopl\u0148ku stravy Herbalifeline Max jsou uzav\u0159en\u00e9 v gelov\u00fdch kapsl\u00edch vhodn\u00fdch pro vegetari\u00e1ny.<\/p>\n<div class=\"row align-equal align-center show-for-small\"  id=\"row-2065334220\">\n\n\t<div id=\"col-1664758129\" class=\"col small-12 large-12\"  >\n\t\t\t\t<div class=\"col-inner text-center\"  >\n\t\t\t\n\t\t\t\n\t<div class=\"img has-hover x md-x lg-x y md-y lg-y\" id=\"image_1644395936\">\n\t\t\t\t\t\t\t\t<div class=\"img-inner dark\" >\n\t\t\t<img loading=\"lazy\" decoding=\"async\" width=\"800\" height=\"800\" src=\"https:\/\/herbastore.sk\/wp-content\/uploads\/2019\/04\/Herbalife-Herbalifeline-Max-kapsule-800x800.jpg\" class=\"attachment-large size-large\" alt=\"\" srcset=\"https:\/\/herbastore.sk\/wp-content\/uploads\/2019\/04\/Herbalife-Herbalifeline-Max-kapsule-800x800.jpg 800w, https:\/\/herbastore.sk\/wp-content\/uploads\/2019\/04\/Herbalife-Herbalifeline-Max-kapsule-267x267.jpg 267w, https:\/\/herbastore.sk\/wp-content\/uploads\/2019\/04\/Herbalife-Herbalifeline-Max-kapsule-100x100.jpg 100w, https:\/\/herbastore.sk\/wp-content\/uploads\/2019\/04\/Herbalife-Herbalifeline-Max-kapsule-534x534.jpg 534w, https:\/\/herbastore.sk\/wp-content\/uploads\/2019\/04\/Herbalife-Herbalifeline-Max-kapsule-400x400.jpg 400w, https:\/\/herbastore.sk\/wp-content\/uploads\/2019\/04\/Herbalife-Herbalifeline-Max-kapsule-300x300.jpg 300w, https:\/\/herbastore.sk\/wp-content\/uploads\/2019\/04\/Herbalife-Herbalifeline-Max-kapsule-768x768.jpg 768w, https:\/\/herbastore.sk\/wp-content\/uploads\/2019\/04\/Herbalife-Herbalifeline-Max-kapsule-510x510.jpg 510w, https:\/\/herbastore.sk\/wp-content\/uploads\/2019\/04\/Herbalife-Herbalifeline-Max-kapsule.jpg 1000w\" sizes=\"auto, (max-width: 800px) 100vw, 800px\" \/>\t\t\t\t\t\t\n\t\t\t\t\t<\/div>\n\t\t\t\t\t\t\t\t\n<style>\n#image_1644395936 {\n  width: 100%;\n}\n@media (min-width:550px) {\n  #image_1644395936 {\n    width: 50%;\n  }\n}\n<\/style>\n\t<\/div>\n\t\n\t\t<\/div>\n\t\t\t\t\t<\/div>\n\n\t\n<\/div>\n<h2>Kl\u00ed\u010dov\u00e9 v\u00fdhody<\/h2>\n<div class=\"row\"  id=\"row-53576472\">\n\n\t<div id=\"col-9710522\" class=\"col medium-1\/3 large-4\"  >\n\t\t\t\t<div class=\"col-inner\"  >\n\t\t\t\n\t\t\t\n<ul>\n<li class=\"bullet-checkmark\">P\u0159isp\u00edv\u00e1 ke spr\u00e1vn\u00e9 funkci srdce *<\/li>\n<li class=\"bullet-checkmark\">Udr\u017euje zdrav\u00fd zrak **<\/li>\n<li class=\"bullet-checkmark\">Obsahuje esenci\u00e1ln\u00ed oleje z tymi\u00e1nu a m\u00e1ty pro osv\u011b\u017een\u00ed chuti<\/li>\n<\/ul>\n\t\t<\/div>\n\t\t\t\t\t<\/div>\n\n\t\n\n\t<div id=\"col-790486905\" class=\"col medium-1\/3 large-4\"  >\n\t\t\t\t<div class=\"col-inner\"  >\n\t\t\t\n\t\t\t\n<ul>\n<li class=\"bullet-checkmark\">Udr\u017euje spr\u00e1vnou funkci mozku **<\/li>\n<li class=\"bullet-checkmark\">Udr\u017euje spr\u00e1vnou funkci triglycerid\u016f v krvi ***<\/li>\n<li class=\"bullet-checkmark\">Udr\u017euje spr\u00e1vn\u00fd krevn\u00ed tlak ****<\/li>\n<\/ul>\n\t\t<\/div>\n\t\t\t\t\t<\/div>\n\n\t\n\n\t<div id=\"col-1121429439\" class=\"col medium-1\/3 large-4\"  >\n\t\t\t\t<div class=\"col-inner\"  >\n\t\t\t\n\t\t\t\n<ul>\n<li class=\"bullet-checkmark\">V\u0161echny slo\u017eky dopl\u0148ku stravy Herbalifeline Max jsou uzav\u0159eny v gelov\u00fdch kapsl\u00edch vhodn\u00fdch pro vegetari\u00e1ny<\/li>\n<li class=\"bullet-checkmark\">Udr\u017eiteln\u011b vyr\u00e1b\u011bn\u00fd ryb\u00ed olej s akreditac\u00ed organizace Friend of the Sea<\/li>\n<\/ul>\n\t\t<\/div>\n\t\t\t\t\t<\/div>\n\n\t\n<\/div>\n<p>* P\u0159\u00edzniv\u00e9ho \u00fa\u010dinku je dosa\u017eeno p\u0159i denn\u00edm p\u0159\u00edjmu 250 mg mastn\u00fdch kyselin EPA a DHA ** P\u0159\u00edzniv\u00e9ho \u00fa\u010dinku je dosa\u017eeno p\u0159i denn\u00edm p\u0159\u00edjmu 250 mg mastn\u00e9 kyseliny DHA *** P\u0159\u00edzniv\u00e9ho \u00fa\u010dinku je dosa\u017eeno p\u0159i denn\u00edm p\u0159\u00edjmu 2 g mastn\u00fdch kyselin EPA a DHA **** P\u0159\u00edzniv\u00e9ho \u00fa\u010dinku je dosa\u017eeno p\u0159i denn\u00edm p\u0159\u00edjmu 3 g mastn\u00fdch kyselin EPA a DHA <\/p>\n<h3>Ryb\u00ed olej z udr\u017eiteln\u00fdch zdroj\u016f<\/h3>\n<p> Oce\u00e1ny jsou nejv\u011bt\u0161\u00edm sv\u011btov\u00fdm zdrojem protein\u016f a hlavn\u00edm zdrojem potravy pro v\u00edce ne\u017e 2,5 milionu lid\u00ed a je na n\u00e1s, abychom je pomohli zachovat a ochr\u00e1nit. To je d\u016fvod, pro\u010d Herbalifeline Max obsahuje pouze udr\u017eiteln\u011b z\u00edsk\u00e1van\u00fd ryb\u00ed olej akreditovan\u00e9 neziskov\u00e9 organizace Friend of Sea. Spojuje n\u00e1s spole\u010dn\u00fd c\u00edl, a to zachov\u00e1n\u00ed mo\u0159sk\u00fdch stanovi\u0161\u0165 a sn\u00ed\u017een\u00ed dopadu na ekosyst\u00e9m. <\/p>\n<h2>D\u00e1vkov\u00e1n\u00ed<\/h2>\n<p><strong>DOPORU\u010cEN\u00c1 DENN\u00cd D\u00c1VKA:<\/strong> 1, 4 nebo 5 kapsl\u00ed za den (podle toho jak\u00e9ho pozitivn\u00edho \u00fa\u010dinku chcete dos\u00e1hnout), spolu s vodou, nejl\u00e9pe s j\u00eddlem b\u011bhem cel\u00e9ho dne. Pou\u017e\u00edvejte tento v\u00fdrobek v r\u00e1mci vyv\u00e1\u017een\u00e9 a pestr\u00e9 stravy jako sou\u010d\u00e1st zdrav\u00e9ho a aktivn\u00edho \u017eivotn\u00edho stylu. Skladujte na chladn\u00e9m a such\u00e9m m\u00edst\u011b. <strong>VAROV\u00c1N\u00cd:<\/strong> Stanoven\u00e1 doporu\u010den\u00e1 denn\u00ed d\u00e1vka nesm\u00ed b\u00fdt p\u0159ekro\u010dena. V\u00fd\u017eivov\u00e9 dopl\u0148ky jsou ur\u010deny jako dopln\u011bk b\u011b\u017en\u00e9 stravy a nesm\u00ed se pou\u017e\u00edvat jako n\u00e1hrada pestr\u00e9 stravy. Usklad\u0148ujte mimo dosah mal\u00fdch d\u011bt\u00ed! V\u00fdrobek nen\u00ed vhodn\u00fd pro d\u011bti do 3 let. Nep\u0159ekra\u010dujte celkov\u00fd denn\u00ed p\u0159\u00edjem 5 g EPA a DHA dohromady. Ka\u017ed\u00e1 tobolka Herbalifeline Max obsahuje 375 mg EPA a 250 mg DHA. <\/p>\n<p style=\"text-align: center;\"><a href=\"https:\/\/herbastore.sk\/wp-content\/uploads\/2018\/10\/Herbalifeline-max-vyzivova-hodnota.jpg\"><img loading=\"lazy\" decoding=\"async\" class=\"aligncenter size-full wp-image-1690\" src=\"https:\/\/herbastore.sk\/wp-content\/uploads\/2018\/10\/Herbalifeline-max-vyzivova-hodnota.jpg\" alt=\"Herbalifeline Max vyzivova hodnota\" width=\"1309\" height=\"777\" srcset=\"https:\/\/herbastore.sk\/wp-content\/uploads\/2018\/10\/Herbalifeline-max-vyzivova-hodnota.jpg 1309w, https:\/\/herbastore.sk\/wp-content\/uploads\/2018\/10\/Herbalifeline-max-vyzivova-hodnota-267x158.jpg 267w, https:\/\/herbastore.sk\/wp-content\/uploads\/2018\/10\/Herbalifeline-max-vyzivova-hodnota-534x317.jpg 534w, https:\/\/herbastore.sk\/wp-content\/uploads\/2018\/10\/Herbalifeline-max-vyzivova-hodnota-674x400.jpg 674w, https:\/\/herbastore.sk\/wp-content\/uploads\/2018\/10\/Herbalifeline-max-vyzivova-hodnota-768x456.jpg 768w, https:\/\/herbastore.sk\/wp-content\/uploads\/2018\/10\/Herbalifeline-max-vyzivova-hodnota-510x303.jpg 510w\" sizes=\"auto, (max-width: 1309px) 100vw, 1309px\" \/><\/a><\/p>\n<p style=\"text-align: center;\"><em>V\u00fd\u017eivov\u00e1 hodnota \u2013 Herbalifeline Max<\/em><\/p>\n","protected":false},"excerpt":{"rendered":"<p>30 kapsl\u00ed <div class=\"is-divider divider clearfix\" ><\/div> Herbalifeline Max je dopln\u011bk stravy bohat\u00fd na omega 3 mastn\u00e9 kyseliny, EPA a DHA, kter\u00e9 p\u0159isp\u00edvaj\u00ed k norm\u00e1ln\u00ed funkci srdce a tak\u00e9 k udr\u017een\u00ed spr\u00e1vn\u00e9 hladiny triglycerid\u016f a hodnot krevn\u00edho tlaku. DHA tak\u00e9 p\u0159isp\u00edv\u00e1 k udr\u017eov\u00e1n\u00ed spr\u00e1vn\u00e9 funkce mozku a zraku.<\/p>\n","protected":false},"featured_media":15119,"comment_status":"open","ping_status":"closed","template":"","meta":{"inline_featured_image":false},"product_brand":[],"product_cat":[187],"product_tag":[202,209,213],"class_list":{"0":"post-7356","1":"product","2":"type-product","3":"status-publish","4":"has-post-thumbnail","6":"product_cat-vitaminy-a-mineraly","7":"product_tag-bolesti-kloubu","8":"product_tag-spalovani-tuku","9":"product_tag-vysoky-cholesterol","11":"first","12":"instock","13":"taxable","14":"shipping-taxable","15":"purchasable","16":"product-type-simple"},"yoast_head":"<!-- This site is optimized with the Yoast SEO plugin v26.8 - https:\/\/yoast.com\/product\/yoast-seo-wordpress\/ -->\n<title>Herbalife Herbalifeline Max 30 kapsl\u00ed - herbastore.sk<\/title>\n<meta name=\"description\" content=\"Herbalifeline Max je dopln\u011bk stravy bohat\u00fd na Omega 3 mastn\u00e9 kyseliny, kter\u00e9 p\u0159isp\u00edvaj\u00ed ke spr\u00e1vn\u00e9 funkci srdce a norm\u00e1ln\u00edmu krevn\u00edmu tlaku.\" \/>\n<meta name=\"robots\" content=\"index, follow, max-snippet:-1, max-image-preview:large, max-video-preview:-1\" \/>\n<link rel=\"canonical\" href=\"https:\/\/herbastore.sk\/cs\/produkty\/vitaminy-a-mineraly\/herbalifeline-max\/\" \/>\n<meta property=\"og:locale\" content=\"cs_CZ\" \/>\n<meta property=\"og:type\" content=\"article\" \/>\n<meta property=\"og:title\" content=\"Herbalife Herbalifeline Max 30 kapsl\u00ed - herbastore.sk\" \/>\n<meta property=\"og:description\" content=\"Herbalifeline Max je dopln\u011bk stravy bohat\u00fd na Omega 3 mastn\u00e9 kyseliny, kter\u00e9 p\u0159isp\u00edvaj\u00ed ke spr\u00e1vn\u00e9 funkci srdce a norm\u00e1ln\u00edmu krevn\u00edmu tlaku.\" \/>\n<meta property=\"og:url\" content=\"https:\/\/herbastore.sk\/cs\/produkty\/vitaminy-a-mineraly\/herbalifeline-max\/\" \/>\n<meta property=\"og:site_name\" content=\"herbastore\" \/>\n<meta property=\"article:publisher\" content=\"https:\/\/www.facebook.com\/herbastoresk\/\" \/>\n<meta property=\"article:modified_time\" content=\"2025-02-12T20:33:07+00:00\" \/>\n<meta property=\"og:image\" content=\"https:\/\/herbastore.sk\/wp-content\/uploads\/2021\/10\/Herbalife-Herbalifeline-max-kapsule.jpg\" \/>\n\t<meta property=\"og:image:width\" content=\"534\" \/>\n\t<meta property=\"og:image:height\" content=\"800\" \/>\n\t<meta property=\"og:image:type\" content=\"image\/jpeg\" \/>\n<meta name=\"twitter:card\" content=\"summary_large_image\" \/>\n<meta name=\"twitter:label1\" content=\"Odhadovan\u00e1 doba \u010dten\u00ed\" \/>\n\t<meta name=\"twitter:data1\" content=\"3 minuty\" \/>\n<script type=\"application\/ld+json\" class=\"yoast-schema-graph\">{\"@context\":\"https:\/\/schema.org\",\"@graph\":[{\"@type\":\"WebPage\",\"@id\":\"https:\/\/herbastore.sk\/cs\/produkty\/vitaminy-a-mineraly\/herbalifeline-max\/\",\"url\":\"https:\/\/herbastore.sk\/cs\/produkty\/vitaminy-a-mineraly\/herbalifeline-max\/\",\"name\":\"Herbalife Herbalifeline Max 30 kapsl\u00ed - herbastore.sk\",\"isPartOf\":{\"@id\":\"https:\/\/herbastore.sk\/cs\/#website\"},\"primaryImageOfPage\":{\"@id\":\"https:\/\/herbastore.sk\/cs\/produkty\/vitaminy-a-mineraly\/herbalifeline-max\/#primaryimage\"},\"image\":{\"@id\":\"https:\/\/herbastore.sk\/cs\/produkty\/vitaminy-a-mineraly\/herbalifeline-max\/#primaryimage\"},\"thumbnailUrl\":\"https:\/\/herbastore.sk\/wp-content\/uploads\/2021\/10\/Herbalife-Herbalifeline-max-kapsule.jpg\",\"datePublished\":\"2020-07-20T19:17:43+00:00\",\"dateModified\":\"2025-02-12T20:33:07+00:00\",\"description\":\"Herbalifeline Max je dopln\u011bk stravy bohat\u00fd na Omega 3 mastn\u00e9 kyseliny, kter\u00e9 p\u0159isp\u00edvaj\u00ed ke spr\u00e1vn\u00e9 funkci srdce a norm\u00e1ln\u00edmu krevn\u00edmu tlaku.\",\"breadcrumb\":{\"@id\":\"https:\/\/herbastore.sk\/cs\/produkty\/vitaminy-a-mineraly\/herbalifeline-max\/#breadcrumb\"},\"inLanguage\":\"cs\",\"potentialAction\":[{\"@type\":\"ReadAction\",\"target\":[\"https:\/\/herbastore.sk\/cs\/produkty\/vitaminy-a-mineraly\/herbalifeline-max\/\"]}]},{\"@type\":\"ImageObject\",\"inLanguage\":\"cs\",\"@id\":\"https:\/\/herbastore.sk\/cs\/produkty\/vitaminy-a-mineraly\/herbalifeline-max\/#primaryimage\",\"url\":\"https:\/\/herbastore.sk\/wp-content\/uploads\/2021\/10\/Herbalife-Herbalifeline-max-kapsule.jpg\",\"contentUrl\":\"https:\/\/herbastore.sk\/wp-content\/uploads\/2021\/10\/Herbalife-Herbalifeline-max-kapsule.jpg\",\"width\":534,\"height\":800,\"caption\":\"Herbalife Herbalifeline Max\"},{\"@type\":\"BreadcrumbList\",\"@id\":\"https:\/\/herbastore.sk\/cs\/produkty\/vitaminy-a-mineraly\/herbalifeline-max\/#breadcrumb\",\"itemListElement\":[{\"@type\":\"ListItem\",\"position\":1,\"name\":\"Home\",\"item\":\"https:\/\/herbastore.sk\/cs\/\"},{\"@type\":\"ListItem\",\"position\":2,\"name\":\"Produkty\",\"item\":\"https:\/\/herbastore.sk\/cs\/produkty\/\"},{\"@type\":\"ListItem\",\"position\":3,\"name\":\"Herbalifeline Max\"}]},{\"@type\":\"WebSite\",\"@id\":\"https:\/\/herbastore.sk\/cs\/#website\",\"url\":\"https:\/\/herbastore.sk\/cs\/\",\"name\":\"herbastore\",\"description\":\"Produkty Herbalife z pohodlia v\u00e1\u0161ho domova\",\"publisher\":{\"@id\":\"https:\/\/herbastore.sk\/cs\/#organization\"},\"potentialAction\":[{\"@type\":\"SearchAction\",\"target\":{\"@type\":\"EntryPoint\",\"urlTemplate\":\"https:\/\/herbastore.sk\/cs\/?s={search_term_string}\"},\"query-input\":{\"@type\":\"PropertyValueSpecification\",\"valueRequired\":true,\"valueName\":\"search_term_string\"}}],\"inLanguage\":\"cs\"},{\"@type\":\"Organization\",\"@id\":\"https:\/\/herbastore.sk\/cs\/#organization\",\"name\":\"herbastore.sk\",\"url\":\"https:\/\/herbastore.sk\/cs\/\",\"logo\":{\"@type\":\"ImageObject\",\"inLanguage\":\"cs\",\"@id\":\"https:\/\/herbastore.sk\/cs\/#\/schema\/logo\/image\/\",\"url\":\"https:\/\/herbastore.sk\/wp-content\/uploads\/2018\/11\/herbastore-ikona.png\",\"contentUrl\":\"https:\/\/herbastore.sk\/wp-content\/uploads\/2018\/11\/herbastore-ikona.png\",\"width\":512,\"height\":512,\"caption\":\"herbastore.sk\"},\"image\":{\"@id\":\"https:\/\/herbastore.sk\/cs\/#\/schema\/logo\/image\/\"},\"sameAs\":[\"https:\/\/www.facebook.com\/herbastoresk\/\",\"https:\/\/www.instagram.com\/herbastore.sk\/\"]}]}<\/script>\n<!-- \/ Yoast SEO plugin. -->","yoast_head_json":{"title":"Herbalife Herbalifeline Max 30 kapsl\u00ed - herbastore.sk","description":"Herbalifeline Max je dopln\u011bk stravy bohat\u00fd na Omega 3 mastn\u00e9 kyseliny, kter\u00e9 p\u0159isp\u00edvaj\u00ed ke spr\u00e1vn\u00e9 funkci srdce a norm\u00e1ln\u00edmu krevn\u00edmu tlaku.","robots":{"index":"index","follow":"follow","max-snippet":"max-snippet:-1","max-image-preview":"max-image-preview:large","max-video-preview":"max-video-preview:-1"},"canonical":"https:\/\/herbastore.sk\/cs\/produkty\/vitaminy-a-mineraly\/herbalifeline-max\/","og_locale":"cs_CZ","og_type":"article","og_title":"Herbalife Herbalifeline Max 30 kapsl\u00ed - herbastore.sk","og_description":"Herbalifeline Max je dopln\u011bk stravy bohat\u00fd na Omega 3 mastn\u00e9 kyseliny, kter\u00e9 p\u0159isp\u00edvaj\u00ed ke spr\u00e1vn\u00e9 funkci srdce a norm\u00e1ln\u00edmu krevn\u00edmu tlaku.","og_url":"https:\/\/herbastore.sk\/cs\/produkty\/vitaminy-a-mineraly\/herbalifeline-max\/","og_site_name":"herbastore","article_publisher":"https:\/\/www.facebook.com\/herbastoresk\/","article_modified_time":"2025-02-12T20:33:07+00:00","og_image":[{"width":534,"height":800,"url":"https:\/\/herbastore.sk\/wp-content\/uploads\/2021\/10\/Herbalife-Herbalifeline-max-kapsule.jpg","type":"image\/jpeg"}],"twitter_card":"summary_large_image","twitter_misc":{"Odhadovan\u00e1 doba \u010dten\u00ed":"3 minuty"},"schema":{"@context":"https:\/\/schema.org","@graph":[{"@type":"WebPage","@id":"https:\/\/herbastore.sk\/cs\/produkty\/vitaminy-a-mineraly\/herbalifeline-max\/","url":"https:\/\/herbastore.sk\/cs\/produkty\/vitaminy-a-mineraly\/herbalifeline-max\/","name":"Herbalife Herbalifeline Max 30 kapsl\u00ed - herbastore.sk","isPartOf":{"@id":"https:\/\/herbastore.sk\/cs\/#website"},"primaryImageOfPage":{"@id":"https:\/\/herbastore.sk\/cs\/produkty\/vitaminy-a-mineraly\/herbalifeline-max\/#primaryimage"},"image":{"@id":"https:\/\/herbastore.sk\/cs\/produkty\/vitaminy-a-mineraly\/herbalifeline-max\/#primaryimage"},"thumbnailUrl":"https:\/\/herbastore.sk\/wp-content\/uploads\/2021\/10\/Herbalife-Herbalifeline-max-kapsule.jpg","datePublished":"2020-07-20T19:17:43+00:00","dateModified":"2025-02-12T20:33:07+00:00","description":"Herbalifeline Max je dopln\u011bk stravy bohat\u00fd na Omega 3 mastn\u00e9 kyseliny, kter\u00e9 p\u0159isp\u00edvaj\u00ed ke spr\u00e1vn\u00e9 funkci srdce a norm\u00e1ln\u00edmu krevn\u00edmu tlaku.","breadcrumb":{"@id":"https:\/\/herbastore.sk\/cs\/produkty\/vitaminy-a-mineraly\/herbalifeline-max\/#breadcrumb"},"inLanguage":"cs","potentialAction":[{"@type":"ReadAction","target":["https:\/\/herbastore.sk\/cs\/produkty\/vitaminy-a-mineraly\/herbalifeline-max\/"]}]},{"@type":"ImageObject","inLanguage":"cs","@id":"https:\/\/herbastore.sk\/cs\/produkty\/vitaminy-a-mineraly\/herbalifeline-max\/#primaryimage","url":"https:\/\/herbastore.sk\/wp-content\/uploads\/2021\/10\/Herbalife-Herbalifeline-max-kapsule.jpg","contentUrl":"https:\/\/herbastore.sk\/wp-content\/uploads\/2021\/10\/Herbalife-Herbalifeline-max-kapsule.jpg","width":534,"height":800,"caption":"Herbalife Herbalifeline Max"},{"@type":"BreadcrumbList","@id":"https:\/\/herbastore.sk\/cs\/produkty\/vitaminy-a-mineraly\/herbalifeline-max\/#breadcrumb","itemListElement":[{"@type":"ListItem","position":1,"name":"Home","item":"https:\/\/herbastore.sk\/cs\/"},{"@type":"ListItem","position":2,"name":"Produkty","item":"https:\/\/herbastore.sk\/cs\/produkty\/"},{"@type":"ListItem","position":3,"name":"Herbalifeline Max"}]},{"@type":"WebSite","@id":"https:\/\/herbastore.sk\/cs\/#website","url":"https:\/\/herbastore.sk\/cs\/","name":"herbastore","description":"Produkty Herbalife z pohodlia v\u00e1\u0161ho domova","publisher":{"@id":"https:\/\/herbastore.sk\/cs\/#organization"},"potentialAction":[{"@type":"SearchAction","target":{"@type":"EntryPoint","urlTemplate":"https:\/\/herbastore.sk\/cs\/?s={search_term_string}"},"query-input":{"@type":"PropertyValueSpecification","valueRequired":true,"valueName":"search_term_string"}}],"inLanguage":"cs"},{"@type":"Organization","@id":"https:\/\/herbastore.sk\/cs\/#organization","name":"herbastore.sk","url":"https:\/\/herbastore.sk\/cs\/","logo":{"@type":"ImageObject","inLanguage":"cs","@id":"https:\/\/herbastore.sk\/cs\/#\/schema\/logo\/image\/","url":"https:\/\/herbastore.sk\/wp-content\/uploads\/2018\/11\/herbastore-ikona.png","contentUrl":"https:\/\/herbastore.sk\/wp-content\/uploads\/2018\/11\/herbastore-ikona.png","width":512,"height":512,"caption":"herbastore.sk"},"image":{"@id":"https:\/\/herbastore.sk\/cs\/#\/schema\/logo\/image\/"},"sameAs":["https:\/\/www.facebook.com\/herbastoresk\/","https:\/\/www.instagram.com\/herbastore.sk\/"]}]}},"_links":{"self":[{"href":"https:\/\/herbastore.sk\/cs\/wp-json\/wp\/v2\/product\/7356","targetHints":{"allow":["GET"]}}],"collection":[{"href":"https:\/\/herbastore.sk\/cs\/wp-json\/wp\/v2\/product"}],"about":[{"href":"https:\/\/herbastore.sk\/cs\/wp-json\/wp\/v2\/types\/product"}],"replies":[{"embeddable":true,"href":"https:\/\/herbastore.sk\/cs\/wp-json\/wp\/v2\/comments?post=7356"}],"wp:featuredmedia":[{"embeddable":true,"href":"https:\/\/herbastore.sk\/cs\/wp-json\/wp\/v2\/media\/15119"}],"wp:attachment":[{"href":"https:\/\/herbastore.sk\/cs\/wp-json\/wp\/v2\/media?parent=7356"}],"wp:term":[{"taxonomy":"product_brand","embeddable":true,"href":"https:\/\/herbastore.sk\/cs\/wp-json\/wp\/v2\/product_brand?post=7356"},{"taxonomy":"product_cat","embeddable":true,"href":"https:\/\/herbastore.sk\/cs\/wp-json\/wp\/v2\/product_cat?post=7356"},{"taxonomy":"product_tag","embeddable":true,"href":"https:\/\/herbastore.sk\/cs\/wp-json\/wp\/v2\/product_tag?post=7356"}],"curies":[{"name":"wp","href":"https:\/\/api.w.org\/{rel}","templated":true}]}}