{"id":7354,"date":"2020-06-30T22:49:34","date_gmt":"2020-07-20T18:52:07","guid":{"rendered":"https:\/\/herbastore.sk\/produkty\/nezarazene\/kucharska-kniha-receptu-herbalife\/"},"modified":"2025-02-12T21:30:12","modified_gmt":"2025-02-12T20:30:12","slug":"kniha-receptu-herbalife","status":"publish","type":"product","link":"https:\/\/herbastore.sk\/cs\/produkty\/literatura\/kniha-receptu-herbalife\/","title":{"rendered":"Kucha\u0159sk\u00e1 kniha recept\u016f Herbalife"},"content":{"rendered":"<h2>Kniha recept\u016f Herbalife Nutrition &amp; Rachel Allen<\/h2>\n<p> Kucha\u0159sk\u00e1 kniha recept\u016f Herbalife Nutrition nab\u00edz\u00ed sb\u00edrku 80 recept\u016f inspirovan\u00fdch Evropou a Afrikou. V\u0161echny recepty byly testov\u00e1ny t\u00fdmem pro v\u00fdzkum a v\u00fdvoj, vylep\u0161en\u00e9 odborn\u00edky na v\u00fd\u017eivu a profesion\u00e1ln\u00edm \u0161\u00e9fkucha\u0159em, aby si \u010dlenov\u00e9 a z\u00e1kazn\u00edci mohli pochutnat na chutn\u00fdch pokrmech p\u0159i uspokojov\u00e1n\u00ed v\u0161ech sv\u00fdch v\u00fd\u017eivov\u00fdch pot\u0159eb. Tato kniha recept\u016f je vynikaj\u00edc\u00ed p\u0159\u00edle\u017eitost\u00ed uk\u00e1zat rozmanitost <a href=\"https:\/\/herbastore.sk\/cs\/produkty\/\">produkt\u016f Herbalife Nutrition<\/a>, kter\u00e9 se pou\u017e\u00edvaj\u00ed jako ingredience v \u0161irok\u00e9 \u0161k\u00e1le j\u00eddel, ob\u010derstven\u00ed a dokonce i z\u00e1kusk\u016f! Najd\u011bte nov\u00e9 zp\u016fsoby pou\u017eit\u00ed produkt\u016f a z\u00e1rove\u0148 nab\u00eddn\u011bte mno\u017estv\u00ed r\u016fzn\u00fdch p\u0159\u00edchut\u00ed. Snadno pou\u017eiteln\u00e9 recepty vhodn\u00e9 pro v\u0161echny kulin\u00e1\u0159sk\u00e9 \u00farovn\u011b. Jasn\u011b ozna\u010den\u00e9 recepty pro vegetari\u00e1ny nebo vegany s podrobn\u00fdmi informacemi o v\u00fd\u017eivov\u00e9 hodnot\u011b.<\/p>\n\t<div class=\"img has-hover x md-x lg-x y md-y lg-y\" id=\"image_12891151\">\n\t\t\t\t\t\t\t\t<div class=\"img-inner dark\" style=\"margin:0px 0px 30px 0px;\">\n\t\t\t<img loading=\"lazy\" decoding=\"async\" width=\"2048\" height=\"732\" src=\"https:\/\/herbastore.sk\/wp-content\/uploads\/2020\/06\/Kucharska-kniha-herbalife-nutrition.jpg\" class=\"attachment-original size-original\" alt=\"\" srcset=\"https:\/\/herbastore.sk\/wp-content\/uploads\/2020\/06\/Kucharska-kniha-herbalife-nutrition.jpg 2048w, https:\/\/herbastore.sk\/wp-content\/uploads\/2020\/06\/Kucharska-kniha-herbalife-nutrition-267x95.jpg 267w, https:\/\/herbastore.sk\/wp-content\/uploads\/2020\/06\/Kucharska-kniha-herbalife-nutrition-534x191.jpg 534w, https:\/\/herbastore.sk\/wp-content\/uploads\/2020\/06\/Kucharska-kniha-herbalife-nutrition-800x286.jpg 800w, https:\/\/herbastore.sk\/wp-content\/uploads\/2020\/06\/Kucharska-kniha-herbalife-nutrition-1400x500.jpg 1400w, https:\/\/herbastore.sk\/wp-content\/uploads\/2020\/06\/Kucharska-kniha-herbalife-nutrition-768x275.jpg 768w, https:\/\/herbastore.sk\/wp-content\/uploads\/2020\/06\/Kucharska-kniha-herbalife-nutrition-1536x549.jpg 1536w, https:\/\/herbastore.sk\/wp-content\/uploads\/2020\/06\/Kucharska-kniha-herbalife-nutrition-510x182.jpg 510w\" sizes=\"auto, (max-width: 2048px) 100vw, 2048px\" \/>\t\t\t\t\t\t\n\t\t\t\t\t<\/div>\n\t\t\t\t\t\t\t\t\n<style>\n#image_12891151 {\n  width: 100%;\n}\n<\/style>\n\t<\/div>\n\t\n<h2>Co najdete v Kucha\u0159sk\u00e9 knize recept\u016f?<\/h2>\n<p> Chutn\u00e9 a zdrav\u00e9 recepty speci\u00e1ln\u011b navr\u017een\u00e9 s v\u00fdrobky Herbalife Nutrition pro dopln\u011bn\u00ed kl\u00ed\u010dov\u00fdch makro a mikro \u017eivin. Mnoho recept\u016f je mo\u017en\u00e9 p\u0159ipravit p\u0159edem a j\u00edst je jako ob\u010derstven\u00ed na cest\u00e1ch. Vyberte si z nab\u00eddky slan\u00fdch j\u00eddel, ob\u010derstven\u00ed, z\u00e1kusk\u016f, dezert\u016f a koktejl\u016f, v\u0161e vyroben\u00e9 z na\u0161ich produkt\u016f s \u010derstv\u00fdmi, zdrav\u00fdmi a p\u0159\u00edrodn\u00edmi ingrediencemi. V\u0161echny recepty se daj\u00ed snadno p\u0159ipravit tak, aby se ve\u0161ly do ru\u0161n\u00e9ho \u017eivotn\u00edho stylu, a z\u00e1rove\u0148 dod\u00e1vaj\u00ed optim\u00e1ln\u00ed mno\u017estv\u00ed b\u00edlkovin a v\u00fd\u017eivy na podporu va\u0161ich c\u00edl\u016f v oblasti hmotnosti, zdrav\u00ed a kondice. <\/p>\n<h3>Jak vznikla Kniha recept\u016f Herbalife Nutrition?<\/h3>\n<p> Za vznikem kucha\u0159ky Herbalife stoj\u00ed \u0161\u00e9fkucha\u0159ka BBC Rachel Allen ve spolupr\u00e1ci s experty na v\u00fd\u017eivu z Herbalife Nutrition. Vznikla tak exkluzivn\u00ed kolekce 80 chutn\u00fdch recept\u016f s pou\u017eit\u00edm produkt\u016f Herbalife Nutrition.<\/p>\n\t<div class=\"img has-hover x md-x lg-x y md-y lg-y\" id=\"image_1035454501\">\n\t\t\t\t\t\t\t\t<div class=\"img-inner dark\" style=\"margin:0px 0px 30px 0px;\">\n\t\t\t<img loading=\"lazy\" decoding=\"async\" width=\"1280\" height=\"500\" src=\"https:\/\/herbastore.sk\/wp-content\/uploads\/2020\/06\/Kucharka-Herbalife-Nutrition-Rachel-Allen.jpg\" class=\"attachment-original size-original\" alt=\"\" srcset=\"https:\/\/herbastore.sk\/wp-content\/uploads\/2020\/06\/Kucharka-Herbalife-Nutrition-Rachel-Allen.jpg 1280w, https:\/\/herbastore.sk\/wp-content\/uploads\/2020\/06\/Kucharka-Herbalife-Nutrition-Rachel-Allen-267x104.jpg 267w, https:\/\/herbastore.sk\/wp-content\/uploads\/2020\/06\/Kucharka-Herbalife-Nutrition-Rachel-Allen-534x209.jpg 534w, https:\/\/herbastore.sk\/wp-content\/uploads\/2020\/06\/Kucharka-Herbalife-Nutrition-Rachel-Allen-800x313.jpg 800w, https:\/\/herbastore.sk\/wp-content\/uploads\/2020\/06\/Kucharka-Herbalife-Nutrition-Rachel-Allen-768x300.jpg 768w, https:\/\/herbastore.sk\/wp-content\/uploads\/2020\/06\/Kucharka-Herbalife-Nutrition-Rachel-Allen-510x199.jpg 510w\" sizes=\"auto, (max-width: 1280px) 100vw, 1280px\" \/>\t\t\t\t\t\t\n\t\t\t\t\t<\/div>\n\t\t\t\t\t\t\t\t\n<style>\n#image_1035454501 {\n  width: 100%;\n}\n<\/style>\n\t<\/div>\n\t\n<h3>Odkaz od \u0161\u00e9fkucha\u0159ky Rachel Allen<\/h3>\n<p><em>\u201cA\u0165 u\u017e pou\u017e\u00edv\u00e1te produkty Herbalife Nutrition desetilet\u00ed nebo je pr\u00e1v\u011b zkou\u0161\u00edte, tato kniha recept\u016f Herbalife v\u00e1m poskytne inspiraci, jak je m\u016f\u017eete efektivn\u011b zahrnout do sv\u00e9ho j\u00eddeln\u00ed\u010dku.<\/em><\/p>\n<p><em>Ve spolupr\u00e1ci s t\u00fdmem expert\u016f z Herbalife Nutrition jsem vytvo\u0159ila v\u00fdb\u011br chutn\u00fdch, inspirativn\u00edch a v\u00fd\u017eivn\u00fdch recept\u016f s mnoha obl\u00edben\u00fdmi j\u00eddly, dezerty a ob\u010derstven\u00edm.<\/em><\/p>\n<p><em>V ka\u017ed\u00e9m receptu se sna\u017e\u00edme pou\u017e\u00edvat co nejmen\u0161\u00ed mno\u017estv\u00ed p\u0159idan\u00e9ho cukru a z\u00e1rove\u0148 co nejkvalitn\u011bj\u0161\u00ed dostupn\u00e9 p\u0159\u00edrodn\u00ed zdroje potravin, aby tato j\u00eddla p\u0159isp\u011bla ke zdrav\u00e9mu \u017eivotn\u00edmu stylu.<\/em><\/p>\n<p><em>Od orient\u00e1ln\u00ed kuchyn\u011b, a\u017e po pol\u00e9vku, kter\u00e1 zah\u0159eje srdce, nebo chutn\u00fd kol\u00e1\u010dek&#8230; U ka\u017ed\u00e9ho receptu najdete p\u0159ehlednou tabulku v\u00fd\u017eivov\u00e9\/nutri\u010dn\u00ed hodnoty receptu.<\/em><\/p>\n<p><em>Objednejte si knihu recept\u016f Herbalife je\u0161t\u011b dnes, vyzkou\u0161ejte a vychutn\u00e1vejte!\u201c<\/em><\/p>\n<p><em>S pozdravem Rachel Allen<\/em><\/p>\n","protected":false},"excerpt":{"rendered":"<p>Kucha\u0159sk\u00e1 kniha recept\u016f Herbalife Nutrition nab\u00edz\u00ed sb\u00edrku 80 recept\u016f inspirovan\u00fdch Evropou a Afrikou. Vyberte si z nab\u00eddky j\u00eddel, z\u00e1kusk\u016f, ob\u010derstven\u00ed a koktejl\u016f, v\u0161e vyroben\u00e9 z produkt\u016f Herbalife Nutrition s \u010derstv\u00fdmi a zdrav\u00fdmi ingrediencemi.<\/p>\n","protected":false},"featured_media":7355,"comment_status":"open","ping_status":"closed","template":"","meta":{"inline_featured_image":false},"product_brand":[],"product_cat":[194],"product_tag":[],"class_list":{"0":"post-7354","1":"product","2":"type-product","3":"status-publish","4":"has-post-thumbnail","6":"product_cat-literatura","8":"first","9":"instock","10":"taxable","11":"shipping-taxable","12":"purchasable","13":"product-type-simple"},"yoast_head":"<!-- This site is optimized with the Yoast SEO plugin v26.8 - https:\/\/yoast.com\/product\/yoast-seo-wordpress\/ -->\n<title>Kucha\u0159sk\u00e1 kniha recept\u016f Herbalife - herbastore.sk<\/title>\n<meta name=\"description\" content=\"Kucha\u0159sk\u00e1 kniha recept\u016f Herbalife Nutrition nab\u00edz\u00ed sb\u00edrku 80 recept\u016f j\u00eddel, z\u00e1kusk\u016f, ob\u010derstven\u00ed a koktejl\u016f inspirovan\u00fdch Evropou a Afrikou.\" \/>\n<meta name=\"robots\" content=\"index, follow, max-snippet:-1, max-image-preview:large, max-video-preview:-1\" \/>\n<link rel=\"canonical\" href=\"https:\/\/herbastore.sk\/cs\/produkty\/literatura\/kniha-receptu-herbalife\/\" \/>\n<meta property=\"og:locale\" content=\"cs_CZ\" \/>\n<meta property=\"og:type\" content=\"article\" \/>\n<meta property=\"og:title\" content=\"Kucha\u0159sk\u00e1 kniha recept\u016f Herbalife - herbastore.sk\" \/>\n<meta property=\"og:description\" content=\"Kucha\u0159sk\u00e1 kniha recept\u016f Herbalife Nutrition nab\u00edz\u00ed sb\u00edrku 80 recept\u016f j\u00eddel, z\u00e1kusk\u016f, ob\u010derstven\u00ed a koktejl\u016f inspirovan\u00fdch Evropou a Afrikou.\" \/>\n<meta property=\"og:url\" content=\"https:\/\/herbastore.sk\/cs\/produkty\/literatura\/kniha-receptu-herbalife\/\" \/>\n<meta property=\"og:site_name\" content=\"herbastore\" \/>\n<meta property=\"article:publisher\" content=\"https:\/\/www.facebook.com\/herbastoresk\/\" \/>\n<meta property=\"article:modified_time\" content=\"2025-02-12T20:30:12+00:00\" \/>\n<meta property=\"og:image\" content=\"https:\/\/herbastore.sk\/wp-content\/uploads\/2020\/06\/Kucharska-kniha-receptov-Herbalife.jpg\" \/>\n\t<meta property=\"og:image:width\" content=\"534\" \/>\n\t<meta property=\"og:image:height\" content=\"800\" \/>\n\t<meta property=\"og:image:type\" content=\"image\/jpeg\" \/>\n<meta name=\"twitter:card\" content=\"summary_large_image\" \/>\n<meta name=\"twitter:label1\" content=\"Odhadovan\u00e1 doba \u010dten\u00ed\" \/>\n\t<meta name=\"twitter:data1\" content=\"3 minuty\" \/>\n<script type=\"application\/ld+json\" class=\"yoast-schema-graph\">{\"@context\":\"https:\/\/schema.org\",\"@graph\":[{\"@type\":\"WebPage\",\"@id\":\"https:\/\/herbastore.sk\/cs\/produkty\/literatura\/kniha-receptu-herbalife\/\",\"url\":\"https:\/\/herbastore.sk\/cs\/produkty\/literatura\/kniha-receptu-herbalife\/\",\"name\":\"Kucha\u0159sk\u00e1 kniha recept\u016f Herbalife - herbastore.sk\",\"isPartOf\":{\"@id\":\"https:\/\/herbastore.sk\/cs\/#website\"},\"primaryImageOfPage\":{\"@id\":\"https:\/\/herbastore.sk\/cs\/produkty\/literatura\/kniha-receptu-herbalife\/#primaryimage\"},\"image\":{\"@id\":\"https:\/\/herbastore.sk\/cs\/produkty\/literatura\/kniha-receptu-herbalife\/#primaryimage\"},\"thumbnailUrl\":\"https:\/\/herbastore.sk\/wp-content\/uploads\/2020\/06\/Kucharska-kniha-receptov-Herbalife.jpg\",\"datePublished\":\"2020-07-20T18:52:07+00:00\",\"dateModified\":\"2025-02-12T20:30:12+00:00\",\"description\":\"Kucha\u0159sk\u00e1 kniha recept\u016f Herbalife Nutrition nab\u00edz\u00ed sb\u00edrku 80 recept\u016f j\u00eddel, z\u00e1kusk\u016f, ob\u010derstven\u00ed a koktejl\u016f inspirovan\u00fdch Evropou a Afrikou.\",\"breadcrumb\":{\"@id\":\"https:\/\/herbastore.sk\/cs\/produkty\/literatura\/kniha-receptu-herbalife\/#breadcrumb\"},\"inLanguage\":\"cs\",\"potentialAction\":[{\"@type\":\"ReadAction\",\"target\":[\"https:\/\/herbastore.sk\/cs\/produkty\/literatura\/kniha-receptu-herbalife\/\"]}]},{\"@type\":\"ImageObject\",\"inLanguage\":\"cs\",\"@id\":\"https:\/\/herbastore.sk\/cs\/produkty\/literatura\/kniha-receptu-herbalife\/#primaryimage\",\"url\":\"https:\/\/herbastore.sk\/wp-content\/uploads\/2020\/06\/Kucharska-kniha-receptov-Herbalife.jpg\",\"contentUrl\":\"https:\/\/herbastore.sk\/wp-content\/uploads\/2020\/06\/Kucharska-kniha-receptov-Herbalife.jpg\",\"width\":534,\"height\":800,\"caption\":\"Kucharska kniha receptu Herbalife\"},{\"@type\":\"BreadcrumbList\",\"@id\":\"https:\/\/herbastore.sk\/cs\/produkty\/literatura\/kniha-receptu-herbalife\/#breadcrumb\",\"itemListElement\":[{\"@type\":\"ListItem\",\"position\":1,\"name\":\"Home\",\"item\":\"https:\/\/herbastore.sk\/cs\/\"},{\"@type\":\"ListItem\",\"position\":2,\"name\":\"Produkty\",\"item\":\"https:\/\/herbastore.sk\/cs\/produkty\/\"},{\"@type\":\"ListItem\",\"position\":3,\"name\":\"Kucha\u0159sk\u00e1 kniha recept\u016f Herbalife\"}]},{\"@type\":\"WebSite\",\"@id\":\"https:\/\/herbastore.sk\/cs\/#website\",\"url\":\"https:\/\/herbastore.sk\/cs\/\",\"name\":\"herbastore\",\"description\":\"Produkty Herbalife z pohodlia v\u00e1\u0161ho domova\",\"publisher\":{\"@id\":\"https:\/\/herbastore.sk\/cs\/#organization\"},\"potentialAction\":[{\"@type\":\"SearchAction\",\"target\":{\"@type\":\"EntryPoint\",\"urlTemplate\":\"https:\/\/herbastore.sk\/cs\/?s={search_term_string}\"},\"query-input\":{\"@type\":\"PropertyValueSpecification\",\"valueRequired\":true,\"valueName\":\"search_term_string\"}}],\"inLanguage\":\"cs\"},{\"@type\":\"Organization\",\"@id\":\"https:\/\/herbastore.sk\/cs\/#organization\",\"name\":\"herbastore.sk\",\"url\":\"https:\/\/herbastore.sk\/cs\/\",\"logo\":{\"@type\":\"ImageObject\",\"inLanguage\":\"cs\",\"@id\":\"https:\/\/herbastore.sk\/cs\/#\/schema\/logo\/image\/\",\"url\":\"https:\/\/herbastore.sk\/wp-content\/uploads\/2018\/11\/herbastore-ikona.png\",\"contentUrl\":\"https:\/\/herbastore.sk\/wp-content\/uploads\/2018\/11\/herbastore-ikona.png\",\"width\":512,\"height\":512,\"caption\":\"herbastore.sk\"},\"image\":{\"@id\":\"https:\/\/herbastore.sk\/cs\/#\/schema\/logo\/image\/\"},\"sameAs\":[\"https:\/\/www.facebook.com\/herbastoresk\/\",\"https:\/\/www.instagram.com\/herbastore.sk\/\"]}]}<\/script>\n<!-- \/ Yoast SEO plugin. -->","yoast_head_json":{"title":"Kucha\u0159sk\u00e1 kniha recept\u016f Herbalife - herbastore.sk","description":"Kucha\u0159sk\u00e1 kniha recept\u016f Herbalife Nutrition nab\u00edz\u00ed sb\u00edrku 80 recept\u016f j\u00eddel, z\u00e1kusk\u016f, ob\u010derstven\u00ed a koktejl\u016f inspirovan\u00fdch Evropou a Afrikou.","robots":{"index":"index","follow":"follow","max-snippet":"max-snippet:-1","max-image-preview":"max-image-preview:large","max-video-preview":"max-video-preview:-1"},"canonical":"https:\/\/herbastore.sk\/cs\/produkty\/literatura\/kniha-receptu-herbalife\/","og_locale":"cs_CZ","og_type":"article","og_title":"Kucha\u0159sk\u00e1 kniha recept\u016f Herbalife - herbastore.sk","og_description":"Kucha\u0159sk\u00e1 kniha recept\u016f Herbalife Nutrition nab\u00edz\u00ed sb\u00edrku 80 recept\u016f j\u00eddel, z\u00e1kusk\u016f, ob\u010derstven\u00ed a koktejl\u016f inspirovan\u00fdch Evropou a Afrikou.","og_url":"https:\/\/herbastore.sk\/cs\/produkty\/literatura\/kniha-receptu-herbalife\/","og_site_name":"herbastore","article_publisher":"https:\/\/www.facebook.com\/herbastoresk\/","article_modified_time":"2025-02-12T20:30:12+00:00","og_image":[{"width":534,"height":800,"url":"https:\/\/herbastore.sk\/wp-content\/uploads\/2020\/06\/Kucharska-kniha-receptov-Herbalife.jpg","type":"image\/jpeg"}],"twitter_card":"summary_large_image","twitter_misc":{"Odhadovan\u00e1 doba \u010dten\u00ed":"3 minuty"},"schema":{"@context":"https:\/\/schema.org","@graph":[{"@type":"WebPage","@id":"https:\/\/herbastore.sk\/cs\/produkty\/literatura\/kniha-receptu-herbalife\/","url":"https:\/\/herbastore.sk\/cs\/produkty\/literatura\/kniha-receptu-herbalife\/","name":"Kucha\u0159sk\u00e1 kniha recept\u016f Herbalife - herbastore.sk","isPartOf":{"@id":"https:\/\/herbastore.sk\/cs\/#website"},"primaryImageOfPage":{"@id":"https:\/\/herbastore.sk\/cs\/produkty\/literatura\/kniha-receptu-herbalife\/#primaryimage"},"image":{"@id":"https:\/\/herbastore.sk\/cs\/produkty\/literatura\/kniha-receptu-herbalife\/#primaryimage"},"thumbnailUrl":"https:\/\/herbastore.sk\/wp-content\/uploads\/2020\/06\/Kucharska-kniha-receptov-Herbalife.jpg","datePublished":"2020-07-20T18:52:07+00:00","dateModified":"2025-02-12T20:30:12+00:00","description":"Kucha\u0159sk\u00e1 kniha recept\u016f Herbalife Nutrition nab\u00edz\u00ed sb\u00edrku 80 recept\u016f j\u00eddel, z\u00e1kusk\u016f, ob\u010derstven\u00ed a koktejl\u016f inspirovan\u00fdch Evropou a Afrikou.","breadcrumb":{"@id":"https:\/\/herbastore.sk\/cs\/produkty\/literatura\/kniha-receptu-herbalife\/#breadcrumb"},"inLanguage":"cs","potentialAction":[{"@type":"ReadAction","target":["https:\/\/herbastore.sk\/cs\/produkty\/literatura\/kniha-receptu-herbalife\/"]}]},{"@type":"ImageObject","inLanguage":"cs","@id":"https:\/\/herbastore.sk\/cs\/produkty\/literatura\/kniha-receptu-herbalife\/#primaryimage","url":"https:\/\/herbastore.sk\/wp-content\/uploads\/2020\/06\/Kucharska-kniha-receptov-Herbalife.jpg","contentUrl":"https:\/\/herbastore.sk\/wp-content\/uploads\/2020\/06\/Kucharska-kniha-receptov-Herbalife.jpg","width":534,"height":800,"caption":"Kucharska kniha receptu Herbalife"},{"@type":"BreadcrumbList","@id":"https:\/\/herbastore.sk\/cs\/produkty\/literatura\/kniha-receptu-herbalife\/#breadcrumb","itemListElement":[{"@type":"ListItem","position":1,"name":"Home","item":"https:\/\/herbastore.sk\/cs\/"},{"@type":"ListItem","position":2,"name":"Produkty","item":"https:\/\/herbastore.sk\/cs\/produkty\/"},{"@type":"ListItem","position":3,"name":"Kucha\u0159sk\u00e1 kniha recept\u016f Herbalife"}]},{"@type":"WebSite","@id":"https:\/\/herbastore.sk\/cs\/#website","url":"https:\/\/herbastore.sk\/cs\/","name":"herbastore","description":"Produkty Herbalife z pohodlia v\u00e1\u0161ho domova","publisher":{"@id":"https:\/\/herbastore.sk\/cs\/#organization"},"potentialAction":[{"@type":"SearchAction","target":{"@type":"EntryPoint","urlTemplate":"https:\/\/herbastore.sk\/cs\/?s={search_term_string}"},"query-input":{"@type":"PropertyValueSpecification","valueRequired":true,"valueName":"search_term_string"}}],"inLanguage":"cs"},{"@type":"Organization","@id":"https:\/\/herbastore.sk\/cs\/#organization","name":"herbastore.sk","url":"https:\/\/herbastore.sk\/cs\/","logo":{"@type":"ImageObject","inLanguage":"cs","@id":"https:\/\/herbastore.sk\/cs\/#\/schema\/logo\/image\/","url":"https:\/\/herbastore.sk\/wp-content\/uploads\/2018\/11\/herbastore-ikona.png","contentUrl":"https:\/\/herbastore.sk\/wp-content\/uploads\/2018\/11\/herbastore-ikona.png","width":512,"height":512,"caption":"herbastore.sk"},"image":{"@id":"https:\/\/herbastore.sk\/cs\/#\/schema\/logo\/image\/"},"sameAs":["https:\/\/www.facebook.com\/herbastoresk\/","https:\/\/www.instagram.com\/herbastore.sk\/"]}]}},"_links":{"self":[{"href":"https:\/\/herbastore.sk\/cs\/wp-json\/wp\/v2\/product\/7354","targetHints":{"allow":["GET"]}}],"collection":[{"href":"https:\/\/herbastore.sk\/cs\/wp-json\/wp\/v2\/product"}],"about":[{"href":"https:\/\/herbastore.sk\/cs\/wp-json\/wp\/v2\/types\/product"}],"replies":[{"embeddable":true,"href":"https:\/\/herbastore.sk\/cs\/wp-json\/wp\/v2\/comments?post=7354"}],"wp:featuredmedia":[{"embeddable":true,"href":"https:\/\/herbastore.sk\/cs\/wp-json\/wp\/v2\/media\/7355"}],"wp:attachment":[{"href":"https:\/\/herbastore.sk\/cs\/wp-json\/wp\/v2\/media?parent=7354"}],"wp:term":[{"taxonomy":"product_brand","embeddable":true,"href":"https:\/\/herbastore.sk\/cs\/wp-json\/wp\/v2\/product_brand?post=7354"},{"taxonomy":"product_cat","embeddable":true,"href":"https:\/\/herbastore.sk\/cs\/wp-json\/wp\/v2\/product_cat?post=7354"},{"taxonomy":"product_tag","embeddable":true,"href":"https:\/\/herbastore.sk\/cs\/wp-json\/wp\/v2\/product_tag?post=7354"}],"curies":[{"name":"wp","href":"https:\/\/api.w.org\/{rel}","templated":true}]}}