{"id":7353,"date":"2018-11-07T15:48:22","date_gmt":"2018-11-07T14:48:22","guid":{"rendered":"https:\/\/herbastore.sk\/produkty\/nezarazene\/instantni-bylinny-caj-velky\/"},"modified":"2026-01-23T07:58:40","modified_gmt":"2026-01-23T06:58:40","slug":"instantni-bylinny-caj-velky","status":"publish","type":"product","link":"https:\/\/herbastore.sk\/cs\/produkty\/bylinne-napoje\/instantni-bylinny-caj-velky\/","title":{"rendered":"Instantn\u00ed bylinn\u00fd \u010daj Velk\u00fd"},"content":{"rendered":"<h2>Jak v\u00e1m m\u016f\u017ee b\u00fdt bylinn\u00fd \u010daj Herbalife prosp\u011b\u0161n\u00fd?<\/h2>\n<p> N\u00e1ro\u010dn\u00fd a aktivn\u00ed \u017eivotn\u00ed styl s sebou \u010dasto p\u0159in\u00e1\u0161\u00ed pocit \u00fanavy, sn\u00ed\u017een\u00ed ostra\u017eitosti a ztr\u00e1tu soust\u0159ed\u011bn\u00ed. Instantn\u00ed bylinn\u00fd \u010daj Herbalife s pouze 6 kaloriemi na jednu porci v\u00e1m dod\u00e1 osv\u011b\u017een\u00ed a\u0165 u\u017e hork\u00fd nebo studen\u00fd, a nav\u00edc je skv\u011bl\u00fdm pomocn\u00edkem, pokud pot\u0159ebujete dos\u00e1hnout doporu\u010den\u00e9ho denn\u00edho p\u0159\u00edjmu tekutin. Kombinace l\u00e1tek v tomto \u010daji aktivuje metabolismus tuk\u016f, \u010d\u00edm\u017e p\u0159isp\u00edv\u00e1 k lep\u0161\u00edmu spalov\u00e1n\u00ed tuk\u016f v c\u00e9v\u00e1ch i v podko\u017e\u00ed. V\u00fdrazn\u011b p\u0159isp\u00edv\u00e1 k p\u0159irozen\u00e9mu procesu lipol\u00fdzy (\u0161t\u011bpen\u00ed tuk\u016f) a t\u00edm je vhodn\u00fd k tvarov\u00e1n\u00ed postavy. Spalov\u00e1n\u00edm tuk\u016f vznik\u00e1 energie, co\u017e poci\u0165ujeme jako p\u0159\u00edliv energie. P\u0159i pravideln\u00e9m pit\u00ed Herbalife Thermojetics \u2013 Instantn\u00edho bylinn\u00e9ho n\u00e1poje doch\u00e1z\u00ed ke zlep\u0161en\u00ed celkov\u00e9ho prokrven\u00ed v t\u011ble. <\/p>\n<h2>Kl\u00ed\u010dov\u00e9 v\u00fdhody<\/h2>\n<div class=\"row\"  id=\"row-904656791\">\n\n\t<div id=\"col-2096792878\" class=\"col medium-1\/2 large-6\"  >\n\t\t\t\t<div class=\"col-inner\"  >\n\t\t\t\n\t\t\t\n<ul>\n<li class=\"bullet-checkmark\">N\u00edzk\u00fd obsah kalori\u00ed &#8211; <strong>p\u0159ibli\u017en\u011b 6 kalori\u00ed v jednom n\u00e1poji<\/strong><\/li>\n<li class=\"bullet-checkmark\">Jeden \u0161\u00e1lek instantn\u00edho bylinn\u00e9ho n\u00e1poje <strong>obsahuje 85 mg kofeinu na zv\u00fd\u0161en\u00ed ostra\u017eitosti<\/strong><\/li>\n<li class=\"bullet-checkmark\">P\u0159isp\u00edv\u00e1 k celkov\u00e9 kondici va\u0161eho t\u011bla, je vhodn\u00fd jako dopln\u011bk p\u0159i hubnut\u00ed<\/li>\n<li class=\"bullet-checkmark\">Obsahuje kombinaci kvalitn\u00edho zelen\u00e9ho a \u010dern\u00e9ho \u010daje, v\u00fdta\u017eky kv\u011bt\u016f Malva, ibi\u0161ku a kardamonov\u00fdch sem\u00ednek<\/li>\n<li class=\"bullet-checkmark\">Skv\u011ble chutn\u00e1 tepl\u00fd i studen\u00fd a nab\u00edz\u00ed v\u00e1m osv\u011b\u017een\u00ed pro ka\u017ed\u00fd den \u2013 iv zim\u011b i v l\u00e9t\u011b<\/li>\n<\/ul>\n\t\t<\/div>\n\t\t\t\t\t<\/div>\n\n\t\n\n\t<div id=\"col-225762478\" class=\"col medium-1\/2 large-6\"  >\n\t\t\t\t<div class=\"col-inner\"  >\n\t\t\t\n\t\t\t\n<ul>\n<li class=\"bullet-checkmark\">Obsa\u017een\u00fd zelen\u00fd \u010daj je extrahov\u00e1n speci\u00e1ln\u00ed metodou vodn\u00ed l\u00e1zn\u011b pro z\u00edsk\u00e1n\u00ed maxim\u00e1ln\u00edho mno\u017estv\u00ed \u00fa\u010dinn\u00fdch slo\u017eek<\/li>\n<li class=\"bullet-checkmark\">V nab\u00eddce n\u011bkolik variant: bez p\u0159\u00edchut\u011b, citr\u00f3nov\u00e1 a broskvov\u00e1 p\u0159\u00edchu\u0165<\/li>\n<li class=\"bullet-checkmark\">Jednoduch\u00e1 p\u0159\u00edprava \u2013 bylinn\u00fd \u010daj je instantn\u00ed, tak\u017ee je p\u0159ipraven t\u00e9m\u011b\u0159 okam\u017eit\u011b<\/li>\n<li class=\"bullet-checkmark\">Zvy\u0161uje p\u0159\u00edliv energie u\u017e do 5 minut po vypit\u00ed<\/li>\n<\/ul>\n\t\t<\/div>\n\t\t\t\t\t<\/div>\n\n\t\n<\/div>\n<h2>D\u00e1vkov\u00e1n\u00ed<\/h2>\n<p> Sm\u00edchejte \u00bd \u010dajov\u00e9 l\u017ei\u010dky (p\u0159ibli\u017en\u011b 1,7 g) s 250 ml hork\u00e9 nebo studen\u00e9 vody dvakr\u00e1t denn\u011b nejl\u00e9pe r\u00e1no jako n\u00e1hradu k\u00e1vy. Pokud se v\u0161ak sv\u00e9 rann\u00ed k\u00e1vy nechcete vzd\u00e1t, doporu\u010dujeme p\u00edt klidn\u011b i k sva\u010din\u011b nebo po ob\u011bd\u011b. Pokud denn\u00ed d\u00e1vku (2 \u010dajov\u00e9 l\u017ei\u010dky) rozm\u00edch\u00e1te ve v\u011bt\u0161\u00edm mno\u017estv\u00ed vody (ide\u00e1ln\u00ed je 1,5 l l\u00e1hev) a budete up\u00edjet pr\u016fb\u011b\u017en\u011b, \u010daj Herbalife v\u00e1m pom\u016f\u017ee potla\u010dit pocit hladu. <\/p>\n<p style=\"text-align: center;\"><em><a href=\"https:\/\/herbastore.sk\/wp-content\/uploads\/2018\/11\/Herbalife-bylinny-caj-velky-vyzivova-hodnota.jpg\"><img loading=\"lazy\" decoding=\"async\" class=\"aligncenter size-full wp-image-1357\" src=\"https:\/\/herbastore.sk\/wp-content\/uploads\/2018\/11\/Herbalife-bylinny-caj-velky-vyzivova-hodnota.jpg\" alt=\"Herbalife bylinny caj velky vyzivova hodnota\" width=\"1717\" height=\"690\" srcset=\"https:\/\/herbastore.sk\/wp-content\/uploads\/2018\/11\/Herbalife-bylinny-caj-velky-vyzivova-hodnota.jpg 1717w, https:\/\/herbastore.sk\/wp-content\/uploads\/2018\/11\/Herbalife-bylinny-caj-velky-vyzivova-hodnota-267x107.jpg 267w, https:\/\/herbastore.sk\/wp-content\/uploads\/2018\/11\/Herbalife-bylinny-caj-velky-vyzivova-hodnota-534x215.jpg 534w, https:\/\/herbastore.sk\/wp-content\/uploads\/2018\/11\/Herbalife-bylinny-caj-velky-vyzivova-hodnota-800x321.jpg 800w, https:\/\/herbastore.sk\/wp-content\/uploads\/2018\/11\/Herbalife-bylinny-caj-velky-vyzivova-hodnota-1400x563.jpg 1400w, https:\/\/herbastore.sk\/wp-content\/uploads\/2018\/11\/Herbalife-bylinny-caj-velky-vyzivova-hodnota-768x309.jpg 768w, https:\/\/herbastore.sk\/wp-content\/uploads\/2018\/11\/Herbalife-bylinny-caj-velky-vyzivova-hodnota-1536x617.jpg 1536w, https:\/\/herbastore.sk\/wp-content\/uploads\/2018\/11\/Herbalife-bylinny-caj-velky-vyzivova-hodnota-510x205.jpg 510w\" sizes=\"auto, (max-width: 1717px) 100vw, 1717px\" \/><\/a>V\u00fd\u017eivov\u00e1 hodnota \u2013 Instantn\u00ed bylinn\u00fd \u010daj Herbalife Velk\u00fd<\/em><\/p>\n","protected":false},"excerpt":{"rendered":"<p>100 g <div class=\"is-divider divider clearfix\" ><\/div> Probu\u010fte se s osv\u011b\u017euj\u00edc\u00edm bylinn\u00fdm n\u00e1pojem, kter\u00fd obsahuje 85 mg kofeinu, kter\u00fd podpo\u0159\u00ed va\u0161i pozornost, kdy\u017e ho pot\u0159ebujete. \u010caj Herbalife Thermojetics m\u00e1 n\u00edzk\u00fd obsah kalori\u00ed a je vyroben z extraktu ze zelen\u00e9ho a \u010dern\u00e9ho \u010daje. Vychutnat si ho m\u016f\u017eete tepl\u00fd \u010di studen\u00fd. V\u00fdborn\u011b podpo\u0159\u00ed pitn\u00fd re\u017eim, metabolismus, hubnut\u00ed a detoxikaci t\u011bla. Ide\u00e1ln\u011b p\u00edt minim\u00e1ln\u011b dvakr\u00e1t denn\u011b po sn\u00eddani a ob\u011bd\u011b. Instantn\u00ed bylinn\u00fd n\u00e1poj je vynikaj\u00edc\u00ed i jako n\u00e1hrada za b\u011b\u017enou k\u00e1vu.<\/p>\n","protected":false},"featured_media":15001,"comment_status":"open","ping_status":"closed","template":"","meta":{"inline_featured_image":false},"product_brand":[],"product_cat":[319,191],"product_tag":[203,204,206,209,212],"class_list":{"0":"post-7353","1":"product","2":"type-product","3":"status-publish","4":"has-post-thumbnail","6":"product_cat-nejprodavanejsi","7":"product_cat-bylinne-napoje","8":"product_tag-hezci-plet-a-vlasy","9":"product_tag-hubnuti","10":"product_tag-pitny-rezim","11":"product_tag-spalovani-tuku","12":"product_tag-vice-energie","14":"first","15":"instock","16":"sale","17":"taxable","18":"shipping-taxable","19":"purchasable","20":"product-type-simple"},"yoast_head":"<!-- This site is optimized with the Yoast SEO plugin v26.8 - https:\/\/yoast.com\/product\/yoast-seo-wordpress\/ -->\n<title>Herbalife Instantn\u00ed bylinn\u00fd \u010daj Velk\u00fd 100 g - herbastore.sk<\/title>\n<meta name=\"description\" content=\"N\u00edzkokalorick\u00fd instantn\u00ed bylinn\u00fd \u010daj Herbalife vyroben\u00fd z extraktu ze zelen\u00e9ho a \u010dern\u00e9ho \u010daje. V\u00fdborn\u011b podpo\u0159\u00ed v\u00e1\u0161 pitn\u00fd re\u017eim, hubnut\u00ed a metabolismus.\" \/>\n<meta name=\"robots\" content=\"index, follow, max-snippet:-1, max-image-preview:large, max-video-preview:-1\" \/>\n<link rel=\"canonical\" href=\"https:\/\/herbastore.sk\/cs\/produkty\/bylinne-napoje\/instantni-bylinny-caj-velky\/\" \/>\n<meta property=\"og:locale\" content=\"cs_CZ\" \/>\n<meta property=\"og:type\" content=\"article\" \/>\n<meta property=\"og:title\" content=\"Herbalife Instantn\u00ed bylinn\u00fd \u010daj Velk\u00fd 100 g - herbastore.sk\" \/>\n<meta property=\"og:description\" content=\"N\u00edzkokalorick\u00fd instantn\u00ed bylinn\u00fd \u010daj Herbalife vyroben\u00fd z extraktu ze zelen\u00e9ho a \u010dern\u00e9ho \u010daje. V\u00fdborn\u011b podpo\u0159\u00ed v\u00e1\u0161 pitn\u00fd re\u017eim, hubnut\u00ed a metabolismus.\" \/>\n<meta property=\"og:url\" content=\"https:\/\/herbastore.sk\/cs\/produkty\/bylinne-napoje\/instantni-bylinny-caj-velky\/\" \/>\n<meta property=\"og:site_name\" content=\"herbastore\" \/>\n<meta property=\"article:publisher\" content=\"https:\/\/www.facebook.com\/herbastoresk\/\" \/>\n<meta property=\"article:modified_time\" content=\"2026-01-23T06:58:40+00:00\" \/>\n<meta property=\"og:image\" content=\"https:\/\/herbastore.sk\/wp-content\/uploads\/2021\/09\/Herbalife-bylinny-caj-original-velky.jpg\" \/>\n\t<meta property=\"og:image:width\" content=\"534\" \/>\n\t<meta property=\"og:image:height\" content=\"800\" \/>\n\t<meta property=\"og:image:type\" content=\"image\/jpeg\" \/>\n<meta name=\"twitter:card\" content=\"summary_large_image\" \/>\n<meta name=\"twitter:label1\" content=\"Odhadovan\u00e1 doba \u010dten\u00ed\" \/>\n\t<meta name=\"twitter:data1\" content=\"2 minuty\" \/>\n<script type=\"application\/ld+json\" class=\"yoast-schema-graph\">{\"@context\":\"https:\/\/schema.org\",\"@graph\":[{\"@type\":\"WebPage\",\"@id\":\"https:\/\/herbastore.sk\/cs\/produkty\/bylinne-napoje\/instantni-bylinny-caj-velky\/\",\"url\":\"https:\/\/herbastore.sk\/cs\/produkty\/bylinne-napoje\/instantni-bylinny-caj-velky\/\",\"name\":\"Herbalife Instantn\u00ed bylinn\u00fd \u010daj Velk\u00fd 100 g - herbastore.sk\",\"isPartOf\":{\"@id\":\"https:\/\/herbastore.sk\/cs\/#website\"},\"primaryImageOfPage\":{\"@id\":\"https:\/\/herbastore.sk\/cs\/produkty\/bylinne-napoje\/instantni-bylinny-caj-velky\/#primaryimage\"},\"image\":{\"@id\":\"https:\/\/herbastore.sk\/cs\/produkty\/bylinne-napoje\/instantni-bylinny-caj-velky\/#primaryimage\"},\"thumbnailUrl\":\"https:\/\/herbastore.sk\/wp-content\/uploads\/2021\/09\/Herbalife-bylinny-caj-original-velky.jpg\",\"datePublished\":\"2018-11-07T14:48:22+00:00\",\"dateModified\":\"2026-01-23T06:58:40+00:00\",\"description\":\"N\u00edzkokalorick\u00fd instantn\u00ed bylinn\u00fd \u010daj Herbalife vyroben\u00fd z extraktu ze zelen\u00e9ho a \u010dern\u00e9ho \u010daje. V\u00fdborn\u011b podpo\u0159\u00ed v\u00e1\u0161 pitn\u00fd re\u017eim, hubnut\u00ed a metabolismus.\",\"breadcrumb\":{\"@id\":\"https:\/\/herbastore.sk\/cs\/produkty\/bylinne-napoje\/instantni-bylinny-caj-velky\/#breadcrumb\"},\"inLanguage\":\"cs\",\"potentialAction\":[{\"@type\":\"ReadAction\",\"target\":[\"https:\/\/herbastore.sk\/cs\/produkty\/bylinne-napoje\/instantni-bylinny-caj-velky\/\"]}]},{\"@type\":\"ImageObject\",\"inLanguage\":\"cs\",\"@id\":\"https:\/\/herbastore.sk\/cs\/produkty\/bylinne-napoje\/instantni-bylinny-caj-velky\/#primaryimage\",\"url\":\"https:\/\/herbastore.sk\/wp-content\/uploads\/2021\/09\/Herbalife-bylinny-caj-original-velky.jpg\",\"contentUrl\":\"https:\/\/herbastore.sk\/wp-content\/uploads\/2021\/09\/Herbalife-bylinny-caj-original-velky.jpg\",\"width\":534,\"height\":800,\"caption\":\"Herbalife instantni bylinny napoj s prichuti original velky\"},{\"@type\":\"BreadcrumbList\",\"@id\":\"https:\/\/herbastore.sk\/cs\/produkty\/bylinne-napoje\/instantni-bylinny-caj-velky\/#breadcrumb\",\"itemListElement\":[{\"@type\":\"ListItem\",\"position\":1,\"name\":\"Home\",\"item\":\"https:\/\/herbastore.sk\/cs\/\"},{\"@type\":\"ListItem\",\"position\":2,\"name\":\"Produkty\",\"item\":\"https:\/\/herbastore.sk\/cs\/produkty\/\"},{\"@type\":\"ListItem\",\"position\":3,\"name\":\"Instantn\u00ed bylinn\u00fd \u010daj Velk\u00fd\"}]},{\"@type\":\"WebSite\",\"@id\":\"https:\/\/herbastore.sk\/cs\/#website\",\"url\":\"https:\/\/herbastore.sk\/cs\/\",\"name\":\"herbastore\",\"description\":\"Produkty Herbalife z pohodlia v\u00e1\u0161ho domova\",\"publisher\":{\"@id\":\"https:\/\/herbastore.sk\/cs\/#organization\"},\"potentialAction\":[{\"@type\":\"SearchAction\",\"target\":{\"@type\":\"EntryPoint\",\"urlTemplate\":\"https:\/\/herbastore.sk\/cs\/?s={search_term_string}\"},\"query-input\":{\"@type\":\"PropertyValueSpecification\",\"valueRequired\":true,\"valueName\":\"search_term_string\"}}],\"inLanguage\":\"cs\"},{\"@type\":\"Organization\",\"@id\":\"https:\/\/herbastore.sk\/cs\/#organization\",\"name\":\"herbastore.sk\",\"url\":\"https:\/\/herbastore.sk\/cs\/\",\"logo\":{\"@type\":\"ImageObject\",\"inLanguage\":\"cs\",\"@id\":\"https:\/\/herbastore.sk\/cs\/#\/schema\/logo\/image\/\",\"url\":\"https:\/\/herbastore.sk\/wp-content\/uploads\/2018\/11\/herbastore-ikona.png\",\"contentUrl\":\"https:\/\/herbastore.sk\/wp-content\/uploads\/2018\/11\/herbastore-ikona.png\",\"width\":512,\"height\":512,\"caption\":\"herbastore.sk\"},\"image\":{\"@id\":\"https:\/\/herbastore.sk\/cs\/#\/schema\/logo\/image\/\"},\"sameAs\":[\"https:\/\/www.facebook.com\/herbastoresk\/\",\"https:\/\/www.instagram.com\/herbastore.sk\/\"]}]}<\/script>\n<!-- \/ Yoast SEO plugin. -->","yoast_head_json":{"title":"Herbalife Instantn\u00ed bylinn\u00fd \u010daj Velk\u00fd 100 g - herbastore.sk","description":"N\u00edzkokalorick\u00fd instantn\u00ed bylinn\u00fd \u010daj Herbalife vyroben\u00fd z extraktu ze zelen\u00e9ho a \u010dern\u00e9ho \u010daje. V\u00fdborn\u011b podpo\u0159\u00ed v\u00e1\u0161 pitn\u00fd re\u017eim, hubnut\u00ed a metabolismus.","robots":{"index":"index","follow":"follow","max-snippet":"max-snippet:-1","max-image-preview":"max-image-preview:large","max-video-preview":"max-video-preview:-1"},"canonical":"https:\/\/herbastore.sk\/cs\/produkty\/bylinne-napoje\/instantni-bylinny-caj-velky\/","og_locale":"cs_CZ","og_type":"article","og_title":"Herbalife Instantn\u00ed bylinn\u00fd \u010daj Velk\u00fd 100 g - herbastore.sk","og_description":"N\u00edzkokalorick\u00fd instantn\u00ed bylinn\u00fd \u010daj Herbalife vyroben\u00fd z extraktu ze zelen\u00e9ho a \u010dern\u00e9ho \u010daje. V\u00fdborn\u011b podpo\u0159\u00ed v\u00e1\u0161 pitn\u00fd re\u017eim, hubnut\u00ed a metabolismus.","og_url":"https:\/\/herbastore.sk\/cs\/produkty\/bylinne-napoje\/instantni-bylinny-caj-velky\/","og_site_name":"herbastore","article_publisher":"https:\/\/www.facebook.com\/herbastoresk\/","article_modified_time":"2026-01-23T06:58:40+00:00","og_image":[{"width":534,"height":800,"url":"https:\/\/herbastore.sk\/wp-content\/uploads\/2021\/09\/Herbalife-bylinny-caj-original-velky.jpg","type":"image\/jpeg"}],"twitter_card":"summary_large_image","twitter_misc":{"Odhadovan\u00e1 doba \u010dten\u00ed":"2 minuty"},"schema":{"@context":"https:\/\/schema.org","@graph":[{"@type":"WebPage","@id":"https:\/\/herbastore.sk\/cs\/produkty\/bylinne-napoje\/instantni-bylinny-caj-velky\/","url":"https:\/\/herbastore.sk\/cs\/produkty\/bylinne-napoje\/instantni-bylinny-caj-velky\/","name":"Herbalife Instantn\u00ed bylinn\u00fd \u010daj Velk\u00fd 100 g - herbastore.sk","isPartOf":{"@id":"https:\/\/herbastore.sk\/cs\/#website"},"primaryImageOfPage":{"@id":"https:\/\/herbastore.sk\/cs\/produkty\/bylinne-napoje\/instantni-bylinny-caj-velky\/#primaryimage"},"image":{"@id":"https:\/\/herbastore.sk\/cs\/produkty\/bylinne-napoje\/instantni-bylinny-caj-velky\/#primaryimage"},"thumbnailUrl":"https:\/\/herbastore.sk\/wp-content\/uploads\/2021\/09\/Herbalife-bylinny-caj-original-velky.jpg","datePublished":"2018-11-07T14:48:22+00:00","dateModified":"2026-01-23T06:58:40+00:00","description":"N\u00edzkokalorick\u00fd instantn\u00ed bylinn\u00fd \u010daj Herbalife vyroben\u00fd z extraktu ze zelen\u00e9ho a \u010dern\u00e9ho \u010daje. V\u00fdborn\u011b podpo\u0159\u00ed v\u00e1\u0161 pitn\u00fd re\u017eim, hubnut\u00ed a metabolismus.","breadcrumb":{"@id":"https:\/\/herbastore.sk\/cs\/produkty\/bylinne-napoje\/instantni-bylinny-caj-velky\/#breadcrumb"},"inLanguage":"cs","potentialAction":[{"@type":"ReadAction","target":["https:\/\/herbastore.sk\/cs\/produkty\/bylinne-napoje\/instantni-bylinny-caj-velky\/"]}]},{"@type":"ImageObject","inLanguage":"cs","@id":"https:\/\/herbastore.sk\/cs\/produkty\/bylinne-napoje\/instantni-bylinny-caj-velky\/#primaryimage","url":"https:\/\/herbastore.sk\/wp-content\/uploads\/2021\/09\/Herbalife-bylinny-caj-original-velky.jpg","contentUrl":"https:\/\/herbastore.sk\/wp-content\/uploads\/2021\/09\/Herbalife-bylinny-caj-original-velky.jpg","width":534,"height":800,"caption":"Herbalife instantni bylinny napoj s prichuti original velky"},{"@type":"BreadcrumbList","@id":"https:\/\/herbastore.sk\/cs\/produkty\/bylinne-napoje\/instantni-bylinny-caj-velky\/#breadcrumb","itemListElement":[{"@type":"ListItem","position":1,"name":"Home","item":"https:\/\/herbastore.sk\/cs\/"},{"@type":"ListItem","position":2,"name":"Produkty","item":"https:\/\/herbastore.sk\/cs\/produkty\/"},{"@type":"ListItem","position":3,"name":"Instantn\u00ed bylinn\u00fd \u010daj Velk\u00fd"}]},{"@type":"WebSite","@id":"https:\/\/herbastore.sk\/cs\/#website","url":"https:\/\/herbastore.sk\/cs\/","name":"herbastore","description":"Produkty Herbalife z pohodlia v\u00e1\u0161ho domova","publisher":{"@id":"https:\/\/herbastore.sk\/cs\/#organization"},"potentialAction":[{"@type":"SearchAction","target":{"@type":"EntryPoint","urlTemplate":"https:\/\/herbastore.sk\/cs\/?s={search_term_string}"},"query-input":{"@type":"PropertyValueSpecification","valueRequired":true,"valueName":"search_term_string"}}],"inLanguage":"cs"},{"@type":"Organization","@id":"https:\/\/herbastore.sk\/cs\/#organization","name":"herbastore.sk","url":"https:\/\/herbastore.sk\/cs\/","logo":{"@type":"ImageObject","inLanguage":"cs","@id":"https:\/\/herbastore.sk\/cs\/#\/schema\/logo\/image\/","url":"https:\/\/herbastore.sk\/wp-content\/uploads\/2018\/11\/herbastore-ikona.png","contentUrl":"https:\/\/herbastore.sk\/wp-content\/uploads\/2018\/11\/herbastore-ikona.png","width":512,"height":512,"caption":"herbastore.sk"},"image":{"@id":"https:\/\/herbastore.sk\/cs\/#\/schema\/logo\/image\/"},"sameAs":["https:\/\/www.facebook.com\/herbastoresk\/","https:\/\/www.instagram.com\/herbastore.sk\/"]}]}},"_links":{"self":[{"href":"https:\/\/herbastore.sk\/cs\/wp-json\/wp\/v2\/product\/7353","targetHints":{"allow":["GET"]}}],"collection":[{"href":"https:\/\/herbastore.sk\/cs\/wp-json\/wp\/v2\/product"}],"about":[{"href":"https:\/\/herbastore.sk\/cs\/wp-json\/wp\/v2\/types\/product"}],"replies":[{"embeddable":true,"href":"https:\/\/herbastore.sk\/cs\/wp-json\/wp\/v2\/comments?post=7353"}],"wp:featuredmedia":[{"embeddable":true,"href":"https:\/\/herbastore.sk\/cs\/wp-json\/wp\/v2\/media\/15001"}],"wp:attachment":[{"href":"https:\/\/herbastore.sk\/cs\/wp-json\/wp\/v2\/media?parent=7353"}],"wp:term":[{"taxonomy":"product_brand","embeddable":true,"href":"https:\/\/herbastore.sk\/cs\/wp-json\/wp\/v2\/product_brand?post=7353"},{"taxonomy":"product_cat","embeddable":true,"href":"https:\/\/herbastore.sk\/cs\/wp-json\/wp\/v2\/product_cat?post=7353"},{"taxonomy":"product_tag","embeddable":true,"href":"https:\/\/herbastore.sk\/cs\/wp-json\/wp\/v2\/product_tag?post=7353"}],"curies":[{"name":"wp","href":"https:\/\/api.w.org\/{rel}","templated":true}]}}