{"id":7351,"date":"2019-02-03T14:22:18","date_gmt":"2020-07-20T18:03:56","guid":{"rendered":"https:\/\/herbastore.sk\/produkty\/nezarazene\/instantni-ovocny-peeling\/"},"modified":"2025-02-12T21:32:10","modified_gmt":"2025-02-12T20:32:10","slug":"instantni-ovocny-peeling","status":"publish","type":"product","link":"https:\/\/herbastore.sk\/cs\/produkty\/herbalife-skin\/instantni-ovocny-peeling\/","title":{"rendered":"Instantn\u00ed ovocn\u00fd peeling"},"content":{"rendered":"<h2>Herbalife SKIN Instantn\u00ed ovocn\u00fd peeling<\/h2>\n<p> Vlastnosti a \u00fa\u010dinky<\/p>\n<div class=\"row\"  id=\"row-617569220\">\n\n\t<div id=\"col-426013214\" class=\"col medium-1\/2 large-6\"  >\n\t\t\t\t<div class=\"col-inner\"  >\n\t\t\t\n\t\t\t\n<ul>\n<li class=\"bullet-checkmark\">Odstra\u0148uje z pleti odum\u0159el\u00e9 bu\u0148ky<\/li>\n<li class=\"bullet-checkmark\">Dod\u00e1v\u00e1 pleti zdrav\u011b vypadaj\u00edc\u00ed vzhled<\/li>\n<li class=\"bullet-checkmark\">Sv\u011b\u017e\u00ed ovocn\u00e1 v\u016fn\u011b povzbud\u00ed va\u0161e smysly<\/li>\n<\/ul>\n\t\t<\/div>\n\t\t\t\t\t<\/div>\n\n\t\n\n\t<div id=\"col-1697979903\" class=\"col medium-1\/2 large-6\"  >\n\t\t\t\t<div class=\"col-inner\"  >\n\t\t\t\n\t\t\t\n<ul>\n<li class=\"bullet-checkmark\">Vhodn\u00fd pro v\u0161echny typy pleti<\/li>\n<li class=\"bullet-checkmark\">Bez p\u0159idan\u00fdch paraben\u016f a sulf\u00e1t\u016f<\/li>\n<li class=\"bullet-checkmark\">Praktick\u00e9 balen\u00ed v tub\u011b, dermatologicky testov\u00e1no<\/li>\n<\/ul>\n\t\t<\/div>\n\t\t\t\t\t<\/div>\n\n\t\n<\/div>\n<h2>Slo\u017een\u00ed<\/h2>\n<p> Jedine\u010dn\u00e1 receptura obsahuj\u00edc\u00ed velk\u00e9 mno\u017estv\u00ed p\u0159\u00edrodn\u00edch slo\u017eek, kter\u00e9 jsou nejen kvalitn\u00ed, ale i vysoce \u00fa\u010dinn\u00e9: <\/p>\n<ul>\n<li class=\"bullet-arrow\">Vitam\u00edny E a C &#8211; maj\u00ed omlazovac\u00ed a antioxida\u010dn\u00ed \u00fa\u010dinky<\/li>\n<li class=\"bullet-arrow\">Vitam\u00edn B3<\/li>\n<li class=\"bullet-arrow\">Aloe Vera &#8211; zjem\u0148uje, hydratuje a zklid\u0148uje poko\u017eku<\/li>\n<li class=\"bullet-arrow\">V\u00fdta\u017eky z kokosov\u00e9ho o\u0159echu &#8211; v\u00fdrazn\u011b napom\u00e1haj\u00ed \u010di\u0161t\u011bn\u00ed pleti<\/li>\n<li class=\"bullet-arrow\">Perli\u010dky na exfoliaci<\/li>\n<li class=\"bullet-arrow\">Sem\u00ednka bor\u016fvek<\/li>\n<\/ul>\n<h2>Pou\u017eit\u00ed<\/h2>\n<p> V\u00edce informac\u00ed a praktick\u00fdch tip\u016f najdete na podstr\u00e1nce v\u011bnovan\u00e9 v\u00fdhradn\u011b na\u0161im <a href=\"https:\/\/herbastore.sk\/cs\/herbalife-skin-otazky-odpovedi\/\">produktov\u00e9 \u0159ad\u011b Herbalife SKIN<\/a><\/p>\n<ul>\n<li class=\"bullet-arrow\">Instantn\u00ed ovocn\u00fd peeling pou\u017e\u00edvejte 1 &#8211; 3 kr\u00e1t t\u00fddn\u011b po \u010distic\u00edm p\u0159\u00edpravku<\/li>\n<li class=\"bullet-arrow\">Naneste na ple\u0165, jemn\u011b mas\u00edrujte a n\u00e1sledn\u011b opl\u00e1chn\u011bte vodou<\/li>\n<li class=\"bullet-arrow\">Po umyt\u00ed pokra\u010dujte <a href=\"https:\/\/herbastore.sk\/cs\/produkty\/herbalife-skin\/povzbuzujici-bylinkove-tonikum\/\">bylinkov\u00fdm tonikem<\/a><\/li>\n<\/ul>\n","protected":false},"excerpt":{"rendered":"<p>120 ml <div class=\"is-divider divider clearfix\" ><\/div> Ovocn\u00fd peeling bohat\u00fd na antioxidanty obsahuj\u00edc\u00ed semena bobul\u00ed, kter\u00e9 pom\u00e1haj\u00ed zjemnit a zjemnit poko\u017eku. Pomozte va\u0161\u00ed pleti k zdrav\u011bj\u0161\u00edmu vzhledu a dos\u00e1hn\u011bte skv\u011bl\u00fdch v\u00fdsledk\u016f p\u0159i jeho pravideln\u00e9m pou\u017e\u00edv\u00e1n\u00ed. Instantn\u00ed bobulov\u00fd (ovocn\u00fd) peeling z kosmetiky Herbalife SKIN pro v\u0161echny typy pleti to i d\u00edky sv\u00e9mu p\u0159\u00edrodn\u00edmu slo\u017een\u00ed hrav\u011b zvl\u00e1dne. Jednoduch\u00fd, \u00fa\u010dinn\u00fd a snadno se pou\u017e\u00edv\u00e1.<\/p>\n","protected":false},"featured_media":7352,"comment_status":"open","ping_status":"closed","template":"","meta":{"inline_featured_image":false},"product_brand":[],"product_cat":[178],"product_tag":[203],"class_list":{"0":"post-7351","1":"product","2":"type-product","3":"status-publish","4":"has-post-thumbnail","6":"product_cat-herbalife-skin","7":"product_tag-hezci-plet-a-vlasy","9":"first","10":"instock","11":"taxable","12":"shipping-taxable","13":"purchasable","14":"product-type-simple"},"yoast_head":"<!-- This site is optimized with the Yoast SEO plugin v26.8 - https:\/\/yoast.com\/product\/yoast-seo-wordpress\/ -->\n<title>Herbalife SKIN Instantn\u00ed ovocn\u00fd peeling 120 ml - herbastore.sk<\/title>\n<meta name=\"description\" content=\"Sv\u011b\u017e\u00ed ovocn\u00e1 v\u016fn\u011b povzbud\u00ed va\u0161e smysly. Ovocn\u00fd peeling vhodn\u00fd pro v\u0161echny typy pleti. Bez p\u0159idan\u00fdch paraben\u016f a sulf\u00e1t\u016f, dermatologicky testov\u00e1n.\" \/>\n<meta name=\"robots\" content=\"index, follow, max-snippet:-1, max-image-preview:large, max-video-preview:-1\" \/>\n<link rel=\"canonical\" href=\"https:\/\/herbastore.sk\/cs\/produkty\/herbalife-skin\/instantni-ovocny-peeling\/\" \/>\n<meta property=\"og:locale\" content=\"cs_CZ\" \/>\n<meta property=\"og:type\" content=\"article\" \/>\n<meta property=\"og:title\" content=\"Herbalife SKIN Instantn\u00ed ovocn\u00fd peeling 120 ml - herbastore.sk\" \/>\n<meta property=\"og:description\" content=\"Sv\u011b\u017e\u00ed ovocn\u00e1 v\u016fn\u011b povzbud\u00ed va\u0161e smysly. Ovocn\u00fd peeling vhodn\u00fd pro v\u0161echny typy pleti. Bez p\u0159idan\u00fdch paraben\u016f a sulf\u00e1t\u016f, dermatologicky testov\u00e1n.\" \/>\n<meta property=\"og:url\" content=\"https:\/\/herbastore.sk\/cs\/produkty\/herbalife-skin\/instantni-ovocny-peeling\/\" \/>\n<meta property=\"og:site_name\" content=\"herbastore\" \/>\n<meta property=\"article:publisher\" content=\"https:\/\/www.facebook.com\/herbastoresk\/\" \/>\n<meta property=\"article:modified_time\" content=\"2025-02-12T20:32:10+00:00\" \/>\n<meta property=\"og:image\" content=\"https:\/\/herbastore.sk\/wp-content\/uploads\/2019\/02\/Instantny-ovocny-peeling.jpg\" \/>\n\t<meta property=\"og:image:width\" content=\"534\" \/>\n\t<meta property=\"og:image:height\" content=\"800\" \/>\n\t<meta property=\"og:image:type\" content=\"image\/jpeg\" \/>\n<meta name=\"twitter:card\" content=\"summary_large_image\" \/>\n<meta name=\"twitter:label1\" content=\"Odhadovan\u00e1 doba \u010dten\u00ed\" \/>\n\t<meta name=\"twitter:data1\" content=\"1 minuta\" \/>\n<script type=\"application\/ld+json\" class=\"yoast-schema-graph\">{\"@context\":\"https:\/\/schema.org\",\"@graph\":[{\"@type\":\"WebPage\",\"@id\":\"https:\/\/herbastore.sk\/cs\/produkty\/herbalife-skin\/instantni-ovocny-peeling\/\",\"url\":\"https:\/\/herbastore.sk\/cs\/produkty\/herbalife-skin\/instantni-ovocny-peeling\/\",\"name\":\"Herbalife SKIN Instantn\u00ed ovocn\u00fd peeling 120 ml - herbastore.sk\",\"isPartOf\":{\"@id\":\"https:\/\/herbastore.sk\/cs\/#website\"},\"primaryImageOfPage\":{\"@id\":\"https:\/\/herbastore.sk\/cs\/produkty\/herbalife-skin\/instantni-ovocny-peeling\/#primaryimage\"},\"image\":{\"@id\":\"https:\/\/herbastore.sk\/cs\/produkty\/herbalife-skin\/instantni-ovocny-peeling\/#primaryimage\"},\"thumbnailUrl\":\"https:\/\/herbastore.sk\/wp-content\/uploads\/2019\/02\/Instantny-ovocny-peeling.jpg\",\"datePublished\":\"2020-07-20T18:03:56+00:00\",\"dateModified\":\"2025-02-12T20:32:10+00:00\",\"description\":\"Sv\u011b\u017e\u00ed ovocn\u00e1 v\u016fn\u011b povzbud\u00ed va\u0161e smysly. Ovocn\u00fd peeling vhodn\u00fd pro v\u0161echny typy pleti. Bez p\u0159idan\u00fdch paraben\u016f a sulf\u00e1t\u016f, dermatologicky testov\u00e1n.\",\"breadcrumb\":{\"@id\":\"https:\/\/herbastore.sk\/cs\/produkty\/herbalife-skin\/instantni-ovocny-peeling\/#breadcrumb\"},\"inLanguage\":\"cs\",\"potentialAction\":[{\"@type\":\"ReadAction\",\"target\":[\"https:\/\/herbastore.sk\/cs\/produkty\/herbalife-skin\/instantni-ovocny-peeling\/\"]}]},{\"@type\":\"ImageObject\",\"inLanguage\":\"cs\",\"@id\":\"https:\/\/herbastore.sk\/cs\/produkty\/herbalife-skin\/instantni-ovocny-peeling\/#primaryimage\",\"url\":\"https:\/\/herbastore.sk\/wp-content\/uploads\/2019\/02\/Instantny-ovocny-peeling.jpg\",\"contentUrl\":\"https:\/\/herbastore.sk\/wp-content\/uploads\/2019\/02\/Instantny-ovocny-peeling.jpg\",\"width\":534,\"height\":800,\"caption\":\"Herbalife SKIN instantni ovocny peeling\"},{\"@type\":\"BreadcrumbList\",\"@id\":\"https:\/\/herbastore.sk\/cs\/produkty\/herbalife-skin\/instantni-ovocny-peeling\/#breadcrumb\",\"itemListElement\":[{\"@type\":\"ListItem\",\"position\":1,\"name\":\"Home\",\"item\":\"https:\/\/herbastore.sk\/cs\/\"},{\"@type\":\"ListItem\",\"position\":2,\"name\":\"Produkty\",\"item\":\"https:\/\/herbastore.sk\/cs\/produkty\/\"},{\"@type\":\"ListItem\",\"position\":3,\"name\":\"Instantn\u00ed ovocn\u00fd peeling\"}]},{\"@type\":\"WebSite\",\"@id\":\"https:\/\/herbastore.sk\/cs\/#website\",\"url\":\"https:\/\/herbastore.sk\/cs\/\",\"name\":\"herbastore\",\"description\":\"Produkty Herbalife z pohodlia v\u00e1\u0161ho domova\",\"publisher\":{\"@id\":\"https:\/\/herbastore.sk\/cs\/#organization\"},\"potentialAction\":[{\"@type\":\"SearchAction\",\"target\":{\"@type\":\"EntryPoint\",\"urlTemplate\":\"https:\/\/herbastore.sk\/cs\/?s={search_term_string}\"},\"query-input\":{\"@type\":\"PropertyValueSpecification\",\"valueRequired\":true,\"valueName\":\"search_term_string\"}}],\"inLanguage\":\"cs\"},{\"@type\":\"Organization\",\"@id\":\"https:\/\/herbastore.sk\/cs\/#organization\",\"name\":\"herbastore.sk\",\"url\":\"https:\/\/herbastore.sk\/cs\/\",\"logo\":{\"@type\":\"ImageObject\",\"inLanguage\":\"cs\",\"@id\":\"https:\/\/herbastore.sk\/cs\/#\/schema\/logo\/image\/\",\"url\":\"https:\/\/herbastore.sk\/wp-content\/uploads\/2018\/11\/herbastore-ikona.png\",\"contentUrl\":\"https:\/\/herbastore.sk\/wp-content\/uploads\/2018\/11\/herbastore-ikona.png\",\"width\":512,\"height\":512,\"caption\":\"herbastore.sk\"},\"image\":{\"@id\":\"https:\/\/herbastore.sk\/cs\/#\/schema\/logo\/image\/\"},\"sameAs\":[\"https:\/\/www.facebook.com\/herbastoresk\/\",\"https:\/\/www.instagram.com\/herbastore.sk\/\"]}]}<\/script>\n<!-- \/ Yoast SEO plugin. -->","yoast_head_json":{"title":"Herbalife SKIN Instantn\u00ed ovocn\u00fd peeling 120 ml - herbastore.sk","description":"Sv\u011b\u017e\u00ed ovocn\u00e1 v\u016fn\u011b povzbud\u00ed va\u0161e smysly. Ovocn\u00fd peeling vhodn\u00fd pro v\u0161echny typy pleti. Bez p\u0159idan\u00fdch paraben\u016f a sulf\u00e1t\u016f, dermatologicky testov\u00e1n.","robots":{"index":"index","follow":"follow","max-snippet":"max-snippet:-1","max-image-preview":"max-image-preview:large","max-video-preview":"max-video-preview:-1"},"canonical":"https:\/\/herbastore.sk\/cs\/produkty\/herbalife-skin\/instantni-ovocny-peeling\/","og_locale":"cs_CZ","og_type":"article","og_title":"Herbalife SKIN Instantn\u00ed ovocn\u00fd peeling 120 ml - herbastore.sk","og_description":"Sv\u011b\u017e\u00ed ovocn\u00e1 v\u016fn\u011b povzbud\u00ed va\u0161e smysly. Ovocn\u00fd peeling vhodn\u00fd pro v\u0161echny typy pleti. Bez p\u0159idan\u00fdch paraben\u016f a sulf\u00e1t\u016f, dermatologicky testov\u00e1n.","og_url":"https:\/\/herbastore.sk\/cs\/produkty\/herbalife-skin\/instantni-ovocny-peeling\/","og_site_name":"herbastore","article_publisher":"https:\/\/www.facebook.com\/herbastoresk\/","article_modified_time":"2025-02-12T20:32:10+00:00","og_image":[{"width":534,"height":800,"url":"https:\/\/herbastore.sk\/wp-content\/uploads\/2019\/02\/Instantny-ovocny-peeling.jpg","type":"image\/jpeg"}],"twitter_card":"summary_large_image","twitter_misc":{"Odhadovan\u00e1 doba \u010dten\u00ed":"1 minuta"},"schema":{"@context":"https:\/\/schema.org","@graph":[{"@type":"WebPage","@id":"https:\/\/herbastore.sk\/cs\/produkty\/herbalife-skin\/instantni-ovocny-peeling\/","url":"https:\/\/herbastore.sk\/cs\/produkty\/herbalife-skin\/instantni-ovocny-peeling\/","name":"Herbalife SKIN Instantn\u00ed ovocn\u00fd peeling 120 ml - herbastore.sk","isPartOf":{"@id":"https:\/\/herbastore.sk\/cs\/#website"},"primaryImageOfPage":{"@id":"https:\/\/herbastore.sk\/cs\/produkty\/herbalife-skin\/instantni-ovocny-peeling\/#primaryimage"},"image":{"@id":"https:\/\/herbastore.sk\/cs\/produkty\/herbalife-skin\/instantni-ovocny-peeling\/#primaryimage"},"thumbnailUrl":"https:\/\/herbastore.sk\/wp-content\/uploads\/2019\/02\/Instantny-ovocny-peeling.jpg","datePublished":"2020-07-20T18:03:56+00:00","dateModified":"2025-02-12T20:32:10+00:00","description":"Sv\u011b\u017e\u00ed ovocn\u00e1 v\u016fn\u011b povzbud\u00ed va\u0161e smysly. Ovocn\u00fd peeling vhodn\u00fd pro v\u0161echny typy pleti. Bez p\u0159idan\u00fdch paraben\u016f a sulf\u00e1t\u016f, dermatologicky testov\u00e1n.","breadcrumb":{"@id":"https:\/\/herbastore.sk\/cs\/produkty\/herbalife-skin\/instantni-ovocny-peeling\/#breadcrumb"},"inLanguage":"cs","potentialAction":[{"@type":"ReadAction","target":["https:\/\/herbastore.sk\/cs\/produkty\/herbalife-skin\/instantni-ovocny-peeling\/"]}]},{"@type":"ImageObject","inLanguage":"cs","@id":"https:\/\/herbastore.sk\/cs\/produkty\/herbalife-skin\/instantni-ovocny-peeling\/#primaryimage","url":"https:\/\/herbastore.sk\/wp-content\/uploads\/2019\/02\/Instantny-ovocny-peeling.jpg","contentUrl":"https:\/\/herbastore.sk\/wp-content\/uploads\/2019\/02\/Instantny-ovocny-peeling.jpg","width":534,"height":800,"caption":"Herbalife SKIN instantni ovocny peeling"},{"@type":"BreadcrumbList","@id":"https:\/\/herbastore.sk\/cs\/produkty\/herbalife-skin\/instantni-ovocny-peeling\/#breadcrumb","itemListElement":[{"@type":"ListItem","position":1,"name":"Home","item":"https:\/\/herbastore.sk\/cs\/"},{"@type":"ListItem","position":2,"name":"Produkty","item":"https:\/\/herbastore.sk\/cs\/produkty\/"},{"@type":"ListItem","position":3,"name":"Instantn\u00ed ovocn\u00fd peeling"}]},{"@type":"WebSite","@id":"https:\/\/herbastore.sk\/cs\/#website","url":"https:\/\/herbastore.sk\/cs\/","name":"herbastore","description":"Produkty Herbalife z pohodlia v\u00e1\u0161ho domova","publisher":{"@id":"https:\/\/herbastore.sk\/cs\/#organization"},"potentialAction":[{"@type":"SearchAction","target":{"@type":"EntryPoint","urlTemplate":"https:\/\/herbastore.sk\/cs\/?s={search_term_string}"},"query-input":{"@type":"PropertyValueSpecification","valueRequired":true,"valueName":"search_term_string"}}],"inLanguage":"cs"},{"@type":"Organization","@id":"https:\/\/herbastore.sk\/cs\/#organization","name":"herbastore.sk","url":"https:\/\/herbastore.sk\/cs\/","logo":{"@type":"ImageObject","inLanguage":"cs","@id":"https:\/\/herbastore.sk\/cs\/#\/schema\/logo\/image\/","url":"https:\/\/herbastore.sk\/wp-content\/uploads\/2018\/11\/herbastore-ikona.png","contentUrl":"https:\/\/herbastore.sk\/wp-content\/uploads\/2018\/11\/herbastore-ikona.png","width":512,"height":512,"caption":"herbastore.sk"},"image":{"@id":"https:\/\/herbastore.sk\/cs\/#\/schema\/logo\/image\/"},"sameAs":["https:\/\/www.facebook.com\/herbastoresk\/","https:\/\/www.instagram.com\/herbastore.sk\/"]}]}},"_links":{"self":[{"href":"https:\/\/herbastore.sk\/cs\/wp-json\/wp\/v2\/product\/7351","targetHints":{"allow":["GET"]}}],"collection":[{"href":"https:\/\/herbastore.sk\/cs\/wp-json\/wp\/v2\/product"}],"about":[{"href":"https:\/\/herbastore.sk\/cs\/wp-json\/wp\/v2\/types\/product"}],"replies":[{"embeddable":true,"href":"https:\/\/herbastore.sk\/cs\/wp-json\/wp\/v2\/comments?post=7351"}],"wp:featuredmedia":[{"embeddable":true,"href":"https:\/\/herbastore.sk\/cs\/wp-json\/wp\/v2\/media\/7352"}],"wp:attachment":[{"href":"https:\/\/herbastore.sk\/cs\/wp-json\/wp\/v2\/media?parent=7351"}],"wp:term":[{"taxonomy":"product_brand","embeddable":true,"href":"https:\/\/herbastore.sk\/cs\/wp-json\/wp\/v2\/product_brand?post=7351"},{"taxonomy":"product_cat","embeddable":true,"href":"https:\/\/herbastore.sk\/cs\/wp-json\/wp\/v2\/product_cat?post=7351"},{"taxonomy":"product_tag","embeddable":true,"href":"https:\/\/herbastore.sk\/cs\/wp-json\/wp\/v2\/product_tag?post=7351"}],"curies":[{"name":"wp","href":"https:\/\/api.w.org\/{rel}","templated":true}]}}