{"id":7347,"date":"2018-10-06T11:20:03","date_gmt":"2020-07-20T14:10:37","guid":{"rendered":"https:\/\/herbastore.sk\/produkty\/nezarazene\/formula-2-pro-muze\/"},"modified":"2025-02-19T16:03:40","modified_gmt":"2025-02-19T15:03:40","slug":"formula-2-pro-muze","status":"publish","type":"product","link":"https:\/\/herbastore.sk\/cs\/produkty\/vitaminy-a-mineraly\/formula-2-pro-muze\/","title":{"rendered":"Formula 2 pro mu\u017ee"},"content":{"rendered":"<h2>Jak v\u00e1m m\u016f\u017ee b\u00fdt prosp\u011b\u0161n\u00fd?<\/h2>\n<p> Objevte komplex vitam\u00edn\u016f a miner\u00e1l\u016f pro mu\u017ee Formula 2, kter\u00fd p\u0159edstavuje snadn\u00fd zp\u016fsob, jak si zajistit p\u0159\u00edjem 24 \u017eivin nezbytn\u00fdch pro spr\u00e1vnou funkci va\u0161eho t\u011bla. Obsahuje esenci\u00e1ln\u00ed vitam\u00edny a miner\u00e1ly v t\u011bch spr\u00e1vn\u00fdch mno\u017estv\u00edch na napln\u011bn\u00ed denn\u00ed zdravotn\u00ed pot\u0159eby mu\u017e\u016f. <\/p>\n<h2>Hlavn\u00ed p\u0159\u00ednosy<\/h2>\n<div class=\"row\"  id=\"row-1633997042\">\n\n\t<div id=\"col-117250916\" class=\"col medium-1\/2 large-6\"  >\n\t\t\t\t<div class=\"col-inner\"  >\n\t\t\t\n\t\t\t\n<ul>\n<li class=\"bullet-checkmark\">Je p\u0159izp\u016fsoben individu\u00e1ln\u00edm zdravotn\u00edm pot\u0159eb\u00e1m mu\u017e\u016f<\/li>\n<li class=\"bullet-checkmark\">Optim\u00e1ln\u00ed mno\u017estv\u00ed kl\u00ed\u010dov\u00fdch \u017eivin pro va\u0161e t\u011blo<\/li>\n<li class=\"bullet-checkmark\">P\u0159in\u00e1\u0161\u00ed 71 individu\u00e1ln\u00edch tvrzen\u00ed schv\u00e1len\u00fdch pro EU<\/li>\n<li class=\"bullet-checkmark\">Vyvinut\u00fd odborn\u00edky z oblasti v\u00fd\u017eivy a podpo\u0159en ov\u011b\u0159en\u00fdm v\u011bdeck\u00fdm v\u00fdzkumem<\/li>\n<li class=\"bullet-checkmark\">Byl sestaven tak, aby fungoval ve spojen\u00ed s va\u0161\u00edm obl\u00edben\u00fdm <a href=\"https:\/\/herbastore.sk\/cs\/produkty\/vyvazene-jidlo\/formula-1-koktejl\/\">koktejlem Formula 1<\/a><\/li>\n<\/ul>\n\t\t<\/div>\n\t\t\t\t\t<\/div>\n\n\t\n\n\t<div id=\"col-288410029\" class=\"col medium-1\/2 large-6\"  >\n\t\t\t\t<div class=\"col-inner\"  >\n\t\t\t\n\t\t\t\n<ul>\n<li class=\"bullet-checkmark\">Obsahuje vitam\u00edny A a C, kter\u00e9 p\u0159isp\u00edvaj\u00ed k norm\u00e1ln\u00ed funkci imunitn\u00edho syst\u00e9mu<\/li>\n<li class=\"bullet-checkmark\">Obsahuje ho\u0159\u010d\u00edk, kter\u00fd p\u0159isp\u00edv\u00e1 k norm\u00e1ln\u00ed funkci svalstva<\/li>\n<li class=\"bullet-checkmark\">Obsahuje riboflavin, kter\u00fd p\u0159isp\u00edv\u00e1 k norm\u00e1ln\u00edmu energetick\u00e9mu metabolismu<\/li>\n<li class=\"bullet-checkmark\">Obsahuje kyselinu pantotenovou, kter\u00e1 p\u0159isp\u00edv\u00e1 k norm\u00e1ln\u00ed psychick\u00e9 v\u00fdkonnosti<\/li>\n<li class=\"bullet-checkmark\">Neobsahuje \u017e\u00e1dn\u00e9 konzerva\u010dn\u00ed l\u00e1tky<\/li>\n<\/ul>\n\t\t<\/div>\n\t\t\t\t\t<\/div>\n\n\t\n<\/div>\n<h4>Pro\u010d je d\u016fle\u017eit\u00e9 pravideln\u011b u\u017e\u00edvat multivitaminov\u00fd dopln\u011bk stravy?<\/h4>\n<p> Mikro\u017eiviny hraj\u00ed d\u016fle\u017eitou roli p\u0159i regulaci proces\u016f v na\u0161em t\u011ble, kter\u00e9 mohou z\u00e1sadn\u011b ovlivnit na\u0161e zdrav\u00ed a psychiku. Proto\u017ee mnoz\u00ed lid\u00e9 nedodr\u017euj\u00ed doporu\u010den\u00ed na denn\u00ed konzumaci mikro\u017eivin, po\u017eadavky na mikro\u017eiviny spln\u00ed denn\u00ed multivitaminov\u00fd dopln\u011bk. <\/p>\n<h4>Pro\u010d je d\u016fle\u017eit\u00e9 u\u017e\u00edvat vitam\u00edny ur\u010den\u00e9 pro konkr\u00e9tn\u00ed pohlav\u00ed?<\/h4>\n<p> Mu\u017ei a \u017eeny pot\u0159ebuj\u00ed d\u00edky rozd\u00edl\u016fm ve sv\u00e9 t\u011blesn\u00e9 velikosti, metabolismu a fyziologii r\u016fzn\u00e9 hladiny vitamin\u016f a miner\u00e1l\u016f, kter\u00e9 jim zajist\u00ed optim\u00e1ln\u00ed v\u00fd\u017eivu. Nap\u0159\u00edklad v\u00e1pn\u00edk: v n\u011bkter\u00fdch st\u00e1tech Evropy a\u017e 60 % \u017een nep\u0159ij\u00edm\u00e1 dostatek v\u00e1pn\u00edku, co\u017e m\u016f\u017ee p\u0159isp\u011bt k zrychlen\u00e9mu \u00fabytku kostn\u00ed hmoty u dosp\u011bl\u00fdch. <\/p>\n<h2>D\u00e1vkov\u00e1n\u00ed<\/h2>\n<p> Vezm\u011bte si 2 tablety denn\u011b spolu s j\u00eddlem. Na zaji\u0161t\u011bn\u00ed nejlep\u0161\u00ed denn\u00ed v\u00fd\u017eivy u\u017e\u00edvejte tento v\u00fdrobek v kombinaci s v\u00fd\u017eivov\u00fdm koktejlem Formula 1. Pokud u\u017e\u00edv\u00e1te 2 koktejly denn\u011b, u\u017e\u00edvejte 1 tabletu, pokud u\u017e\u00edv\u00e1te 1 koktejl denn\u011b, u\u017e\u00edvejte 2 tablety <strong>UPOZORN\u011aN\u00cd:<\/strong> Stanoven\u00e1 doporu\u010den\u00e1 denn\u00ed d\u00e1vka nesm\u00ed b\u00fdt p\u0159ekro\u010dena. V\u00fd\u017eivov\u00e9 dopl\u0148ky jsou ur\u010deny jako dopln\u011bk b\u011b\u017en\u00e9 stravy a nesm\u00ed se pou\u017e\u00edvat jako n\u00e1hrada pestr\u00e9 stravy. Usklad\u0148ujte mimo dosah mal\u00fdch d\u011bt\u00ed! V\u00fdrobek nen\u00ed vhodn\u00fd pro d\u011bti do 3 let. <\/p>\n<p style=\"text-align: center;\"><a href=\"https:\/\/herbastore.sk\/wp-content\/uploads\/2018\/11\/Formula-2-pre-muzov-vyzivova-hodnota.jpg\"><img loading=\"lazy\" decoding=\"async\" class=\"aligncenter size-full wp-image-1346\" src=\"https:\/\/herbastore.sk\/wp-content\/uploads\/2018\/11\/Formula-2-pre-muzov-vyzivova-hodnota.jpg\" alt=\"Formula 2 pro muze vyzivova hodnota\" width=\"1666\" height=\"590\" srcset=\"https:\/\/herbastore.sk\/wp-content\/uploads\/2018\/11\/Formula-2-pre-muzov-vyzivova-hodnota.jpg 1666w, https:\/\/herbastore.sk\/wp-content\/uploads\/2018\/11\/Formula-2-pre-muzov-vyzivova-hodnota-267x95.jpg 267w, https:\/\/herbastore.sk\/wp-content\/uploads\/2018\/11\/Formula-2-pre-muzov-vyzivova-hodnota-534x189.jpg 534w, https:\/\/herbastore.sk\/wp-content\/uploads\/2018\/11\/Formula-2-pre-muzov-vyzivova-hodnota-800x283.jpg 800w, https:\/\/herbastore.sk\/wp-content\/uploads\/2018\/11\/Formula-2-pre-muzov-vyzivova-hodnota-1400x496.jpg 1400w, https:\/\/herbastore.sk\/wp-content\/uploads\/2018\/11\/Formula-2-pre-muzov-vyzivova-hodnota-768x272.jpg 768w, https:\/\/herbastore.sk\/wp-content\/uploads\/2018\/11\/Formula-2-pre-muzov-vyzivova-hodnota-1536x544.jpg 1536w, https:\/\/herbastore.sk\/wp-content\/uploads\/2018\/11\/Formula-2-pre-muzov-vyzivova-hodnota-510x181.jpg 510w\" sizes=\"auto, (max-width: 1666px) 100vw, 1666px\" \/><\/a><em>V\u00fd\u017eivov\u00e1 hodnota \u2013 Formula 2 pro mu\u017ee<\/em><\/p>\n","protected":false},"excerpt":{"rendered":"<p>60 tablet <div class=\"is-divider divider clearfix\" ><\/div> Vitam\u00ednov\u00fd a miner\u00e1ln\u00ed komplex pro mu\u017ee je komplexn\u00ed v\u00fd\u017eivov\u00fd dopln\u011bk odborn\u011b vyvinut\u00fd pro mu\u017ee, kter\u00fd dod\u00e1v\u00e1 24 kl\u00ed\u010dov\u00fdch \u017eivin k podpo\u0159e spr\u00e1vn\u00e9ho fungov\u00e1n\u00ed mu\u017esk\u00e9ho t\u011bla. <img loading=\"lazy\" decoding=\"async\" class=\"aligncenter wp-image-1345 size-full\" src=\"https:\/\/herbastore.sk\/wp-content\/uploads\/2018\/11\/Formula-2-pre-muzov-klucove-tvrdenia.png\" alt=\"Formule 2 pro muze klicove tvrzeni\" width=\"760\" height=\"379\" srcset=\"https:\/\/herbastore.sk\/wp-content\/uploads\/2018\/11\/Formula-2-pre-muzov-klucove-tvrdenia.png 760w, https:\/\/herbastore.sk\/wp-content\/uploads\/2018\/11\/Formula-2-pre-muzov-klucove-tvrdenia-267x133.png 267w, https:\/\/herbastore.sk\/wp-content\/uploads\/2018\/11\/Formula-2-pre-muzov-klucove-tvrdenia-534x266.png 534w, https:\/\/herbastore.sk\/wp-content\/uploads\/2018\/11\/Formula-2-pre-muzov-klucove-tvrdenia-510x254.png 510w\" sizes=\"auto, (max-width: 760px) 100vw, 760px\" \/><\/p>\n","protected":false},"featured_media":15059,"comment_status":"open","ping_status":"closed","template":"","meta":{"inline_featured_image":false},"product_brand":[],"product_cat":[187],"product_tag":[202,203,207,210,212],"class_list":{"0":"post-7347","1":"product","2":"type-product","3":"status-publish","4":"has-post-thumbnail","6":"product_cat-vitaminy-a-mineraly","7":"product_tag-bolesti-kloubu","8":"product_tag-hezci-plet-a-vlasy","9":"product_tag-podpora-imunity","10":"product_tag-svalove-krece","11":"product_tag-vice-energie","13":"first","14":"instock","15":"taxable","16":"shipping-taxable","17":"purchasable","18":"product-type-simple"},"yoast_head":"<!-- This site is optimized with the Yoast SEO plugin v26.8 - https:\/\/yoast.com\/product\/yoast-seo-wordpress\/ -->\n<title>Herbalife Formula 2 pro mu\u017ee 60 tablet - herbastore.sk<\/title>\n<meta name=\"description\" content=\"Vitam\u00ednov\u00fd a miner\u00e1ln\u00ed komplex Herbalife Formule 2 pro mu\u017ee je dopln\u011bk stravy, kter\u00fd dod\u00e1v\u00e1 24 kl\u00ed\u010dov\u00fdch \u017eivin pro spr\u00e1vn\u00e9 fungov\u00e1n\u00ed mu\u017esk\u00e9ho t\u011bla.\" \/>\n<meta name=\"robots\" content=\"index, follow, max-snippet:-1, max-image-preview:large, max-video-preview:-1\" \/>\n<link rel=\"canonical\" href=\"https:\/\/herbastore.sk\/cs\/produkty\/vitaminy-a-mineraly\/formula-2-pro-muze\/\" \/>\n<meta property=\"og:locale\" content=\"cs_CZ\" \/>\n<meta property=\"og:type\" content=\"article\" \/>\n<meta property=\"og:title\" content=\"Herbalife Formula 2 pro mu\u017ee 60 tablet - herbastore.sk\" \/>\n<meta property=\"og:description\" content=\"Vitam\u00ednov\u00fd a miner\u00e1ln\u00ed komplex Herbalife Formule 2 pro mu\u017ee je dopln\u011bk stravy, kter\u00fd dod\u00e1v\u00e1 24 kl\u00ed\u010dov\u00fdch \u017eivin pro spr\u00e1vn\u00e9 fungov\u00e1n\u00ed mu\u017esk\u00e9ho t\u011bla.\" \/>\n<meta property=\"og:url\" content=\"https:\/\/herbastore.sk\/cs\/produkty\/vitaminy-a-mineraly\/formula-2-pro-muze\/\" \/>\n<meta property=\"og:site_name\" content=\"herbastore\" \/>\n<meta property=\"article:publisher\" content=\"https:\/\/www.facebook.com\/herbastoresk\/\" \/>\n<meta property=\"article:modified_time\" content=\"2025-02-19T15:03:40+00:00\" \/>\n<meta property=\"og:image\" content=\"https:\/\/herbastore.sk\/wp-content\/uploads\/2021\/09\/Herbalife-vitaminy-mineraly-pre-muzov.jpg\" \/>\n\t<meta property=\"og:image:width\" content=\"534\" \/>\n\t<meta property=\"og:image:height\" content=\"800\" \/>\n\t<meta property=\"og:image:type\" content=\"image\/jpeg\" \/>\n<meta name=\"twitter:card\" content=\"summary_large_image\" \/>\n<meta name=\"twitter:label1\" content=\"Odhadovan\u00e1 doba \u010dten\u00ed\" \/>\n\t<meta name=\"twitter:data1\" content=\"2 minuty\" \/>\n<script type=\"application\/ld+json\" class=\"yoast-schema-graph\">{\"@context\":\"https:\/\/schema.org\",\"@graph\":[{\"@type\":\"WebPage\",\"@id\":\"https:\/\/herbastore.sk\/cs\/produkty\/vitaminy-a-mineraly\/formula-2-pro-muze\/\",\"url\":\"https:\/\/herbastore.sk\/cs\/produkty\/vitaminy-a-mineraly\/formula-2-pro-muze\/\",\"name\":\"Herbalife Formula 2 pro mu\u017ee 60 tablet - herbastore.sk\",\"isPartOf\":{\"@id\":\"https:\/\/herbastore.sk\/cs\/#website\"},\"primaryImageOfPage\":{\"@id\":\"https:\/\/herbastore.sk\/cs\/produkty\/vitaminy-a-mineraly\/formula-2-pro-muze\/#primaryimage\"},\"image\":{\"@id\":\"https:\/\/herbastore.sk\/cs\/produkty\/vitaminy-a-mineraly\/formula-2-pro-muze\/#primaryimage\"},\"thumbnailUrl\":\"https:\/\/herbastore.sk\/wp-content\/uploads\/2021\/09\/Herbalife-vitaminy-mineraly-pre-muzov.jpg\",\"datePublished\":\"2020-07-20T14:10:37+00:00\",\"dateModified\":\"2025-02-19T15:03:40+00:00\",\"description\":\"Vitam\u00ednov\u00fd a miner\u00e1ln\u00ed komplex Herbalife Formule 2 pro mu\u017ee je dopln\u011bk stravy, kter\u00fd dod\u00e1v\u00e1 24 kl\u00ed\u010dov\u00fdch \u017eivin pro spr\u00e1vn\u00e9 fungov\u00e1n\u00ed mu\u017esk\u00e9ho t\u011bla.\",\"breadcrumb\":{\"@id\":\"https:\/\/herbastore.sk\/cs\/produkty\/vitaminy-a-mineraly\/formula-2-pro-muze\/#breadcrumb\"},\"inLanguage\":\"cs\",\"potentialAction\":[{\"@type\":\"ReadAction\",\"target\":[\"https:\/\/herbastore.sk\/cs\/produkty\/vitaminy-a-mineraly\/formula-2-pro-muze\/\"]}]},{\"@type\":\"ImageObject\",\"inLanguage\":\"cs\",\"@id\":\"https:\/\/herbastore.sk\/cs\/produkty\/vitaminy-a-mineraly\/formula-2-pro-muze\/#primaryimage\",\"url\":\"https:\/\/herbastore.sk\/wp-content\/uploads\/2021\/09\/Herbalife-vitaminy-mineraly-pre-muzov.jpg\",\"contentUrl\":\"https:\/\/herbastore.sk\/wp-content\/uploads\/2021\/09\/Herbalife-vitaminy-mineraly-pre-muzov.jpg\",\"width\":534,\"height\":800,\"caption\":\"Vitaminovy a mineralni komplex pro muze\"},{\"@type\":\"BreadcrumbList\",\"@id\":\"https:\/\/herbastore.sk\/cs\/produkty\/vitaminy-a-mineraly\/formula-2-pro-muze\/#breadcrumb\",\"itemListElement\":[{\"@type\":\"ListItem\",\"position\":1,\"name\":\"Home\",\"item\":\"https:\/\/herbastore.sk\/cs\/\"},{\"@type\":\"ListItem\",\"position\":2,\"name\":\"Produkty\",\"item\":\"https:\/\/herbastore.sk\/cs\/produkty\/\"},{\"@type\":\"ListItem\",\"position\":3,\"name\":\"Formula 2 pro mu\u017ee\"}]},{\"@type\":\"WebSite\",\"@id\":\"https:\/\/herbastore.sk\/cs\/#website\",\"url\":\"https:\/\/herbastore.sk\/cs\/\",\"name\":\"herbastore\",\"description\":\"Produkty Herbalife z pohodlia v\u00e1\u0161ho domova\",\"publisher\":{\"@id\":\"https:\/\/herbastore.sk\/cs\/#organization\"},\"potentialAction\":[{\"@type\":\"SearchAction\",\"target\":{\"@type\":\"EntryPoint\",\"urlTemplate\":\"https:\/\/herbastore.sk\/cs\/?s={search_term_string}\"},\"query-input\":{\"@type\":\"PropertyValueSpecification\",\"valueRequired\":true,\"valueName\":\"search_term_string\"}}],\"inLanguage\":\"cs\"},{\"@type\":\"Organization\",\"@id\":\"https:\/\/herbastore.sk\/cs\/#organization\",\"name\":\"herbastore.sk\",\"url\":\"https:\/\/herbastore.sk\/cs\/\",\"logo\":{\"@type\":\"ImageObject\",\"inLanguage\":\"cs\",\"@id\":\"https:\/\/herbastore.sk\/cs\/#\/schema\/logo\/image\/\",\"url\":\"https:\/\/herbastore.sk\/wp-content\/uploads\/2018\/11\/herbastore-ikona.png\",\"contentUrl\":\"https:\/\/herbastore.sk\/wp-content\/uploads\/2018\/11\/herbastore-ikona.png\",\"width\":512,\"height\":512,\"caption\":\"herbastore.sk\"},\"image\":{\"@id\":\"https:\/\/herbastore.sk\/cs\/#\/schema\/logo\/image\/\"},\"sameAs\":[\"https:\/\/www.facebook.com\/herbastoresk\/\",\"https:\/\/www.instagram.com\/herbastore.sk\/\"]}]}<\/script>\n<!-- \/ Yoast SEO plugin. -->","yoast_head_json":{"title":"Herbalife Formula 2 pro mu\u017ee 60 tablet - herbastore.sk","description":"Vitam\u00ednov\u00fd a miner\u00e1ln\u00ed komplex Herbalife Formule 2 pro mu\u017ee je dopln\u011bk stravy, kter\u00fd dod\u00e1v\u00e1 24 kl\u00ed\u010dov\u00fdch \u017eivin pro spr\u00e1vn\u00e9 fungov\u00e1n\u00ed mu\u017esk\u00e9ho t\u011bla.","robots":{"index":"index","follow":"follow","max-snippet":"max-snippet:-1","max-image-preview":"max-image-preview:large","max-video-preview":"max-video-preview:-1"},"canonical":"https:\/\/herbastore.sk\/cs\/produkty\/vitaminy-a-mineraly\/formula-2-pro-muze\/","og_locale":"cs_CZ","og_type":"article","og_title":"Herbalife Formula 2 pro mu\u017ee 60 tablet - herbastore.sk","og_description":"Vitam\u00ednov\u00fd a miner\u00e1ln\u00ed komplex Herbalife Formule 2 pro mu\u017ee je dopln\u011bk stravy, kter\u00fd dod\u00e1v\u00e1 24 kl\u00ed\u010dov\u00fdch \u017eivin pro spr\u00e1vn\u00e9 fungov\u00e1n\u00ed mu\u017esk\u00e9ho t\u011bla.","og_url":"https:\/\/herbastore.sk\/cs\/produkty\/vitaminy-a-mineraly\/formula-2-pro-muze\/","og_site_name":"herbastore","article_publisher":"https:\/\/www.facebook.com\/herbastoresk\/","article_modified_time":"2025-02-19T15:03:40+00:00","og_image":[{"width":534,"height":800,"url":"https:\/\/herbastore.sk\/wp-content\/uploads\/2021\/09\/Herbalife-vitaminy-mineraly-pre-muzov.jpg","type":"image\/jpeg"}],"twitter_card":"summary_large_image","twitter_misc":{"Odhadovan\u00e1 doba \u010dten\u00ed":"2 minuty"},"schema":{"@context":"https:\/\/schema.org","@graph":[{"@type":"WebPage","@id":"https:\/\/herbastore.sk\/cs\/produkty\/vitaminy-a-mineraly\/formula-2-pro-muze\/","url":"https:\/\/herbastore.sk\/cs\/produkty\/vitaminy-a-mineraly\/formula-2-pro-muze\/","name":"Herbalife Formula 2 pro mu\u017ee 60 tablet - herbastore.sk","isPartOf":{"@id":"https:\/\/herbastore.sk\/cs\/#website"},"primaryImageOfPage":{"@id":"https:\/\/herbastore.sk\/cs\/produkty\/vitaminy-a-mineraly\/formula-2-pro-muze\/#primaryimage"},"image":{"@id":"https:\/\/herbastore.sk\/cs\/produkty\/vitaminy-a-mineraly\/formula-2-pro-muze\/#primaryimage"},"thumbnailUrl":"https:\/\/herbastore.sk\/wp-content\/uploads\/2021\/09\/Herbalife-vitaminy-mineraly-pre-muzov.jpg","datePublished":"2020-07-20T14:10:37+00:00","dateModified":"2025-02-19T15:03:40+00:00","description":"Vitam\u00ednov\u00fd a miner\u00e1ln\u00ed komplex Herbalife Formule 2 pro mu\u017ee je dopln\u011bk stravy, kter\u00fd dod\u00e1v\u00e1 24 kl\u00ed\u010dov\u00fdch \u017eivin pro spr\u00e1vn\u00e9 fungov\u00e1n\u00ed mu\u017esk\u00e9ho t\u011bla.","breadcrumb":{"@id":"https:\/\/herbastore.sk\/cs\/produkty\/vitaminy-a-mineraly\/formula-2-pro-muze\/#breadcrumb"},"inLanguage":"cs","potentialAction":[{"@type":"ReadAction","target":["https:\/\/herbastore.sk\/cs\/produkty\/vitaminy-a-mineraly\/formula-2-pro-muze\/"]}]},{"@type":"ImageObject","inLanguage":"cs","@id":"https:\/\/herbastore.sk\/cs\/produkty\/vitaminy-a-mineraly\/formula-2-pro-muze\/#primaryimage","url":"https:\/\/herbastore.sk\/wp-content\/uploads\/2021\/09\/Herbalife-vitaminy-mineraly-pre-muzov.jpg","contentUrl":"https:\/\/herbastore.sk\/wp-content\/uploads\/2021\/09\/Herbalife-vitaminy-mineraly-pre-muzov.jpg","width":534,"height":800,"caption":"Vitaminovy a mineralni komplex pro muze"},{"@type":"BreadcrumbList","@id":"https:\/\/herbastore.sk\/cs\/produkty\/vitaminy-a-mineraly\/formula-2-pro-muze\/#breadcrumb","itemListElement":[{"@type":"ListItem","position":1,"name":"Home","item":"https:\/\/herbastore.sk\/cs\/"},{"@type":"ListItem","position":2,"name":"Produkty","item":"https:\/\/herbastore.sk\/cs\/produkty\/"},{"@type":"ListItem","position":3,"name":"Formula 2 pro mu\u017ee"}]},{"@type":"WebSite","@id":"https:\/\/herbastore.sk\/cs\/#website","url":"https:\/\/herbastore.sk\/cs\/","name":"herbastore","description":"Produkty Herbalife z pohodlia v\u00e1\u0161ho domova","publisher":{"@id":"https:\/\/herbastore.sk\/cs\/#organization"},"potentialAction":[{"@type":"SearchAction","target":{"@type":"EntryPoint","urlTemplate":"https:\/\/herbastore.sk\/cs\/?s={search_term_string}"},"query-input":{"@type":"PropertyValueSpecification","valueRequired":true,"valueName":"search_term_string"}}],"inLanguage":"cs"},{"@type":"Organization","@id":"https:\/\/herbastore.sk\/cs\/#organization","name":"herbastore.sk","url":"https:\/\/herbastore.sk\/cs\/","logo":{"@type":"ImageObject","inLanguage":"cs","@id":"https:\/\/herbastore.sk\/cs\/#\/schema\/logo\/image\/","url":"https:\/\/herbastore.sk\/wp-content\/uploads\/2018\/11\/herbastore-ikona.png","contentUrl":"https:\/\/herbastore.sk\/wp-content\/uploads\/2018\/11\/herbastore-ikona.png","width":512,"height":512,"caption":"herbastore.sk"},"image":{"@id":"https:\/\/herbastore.sk\/cs\/#\/schema\/logo\/image\/"},"sameAs":["https:\/\/www.facebook.com\/herbastoresk\/","https:\/\/www.instagram.com\/herbastore.sk\/"]}]}},"_links":{"self":[{"href":"https:\/\/herbastore.sk\/cs\/wp-json\/wp\/v2\/product\/7347","targetHints":{"allow":["GET"]}}],"collection":[{"href":"https:\/\/herbastore.sk\/cs\/wp-json\/wp\/v2\/product"}],"about":[{"href":"https:\/\/herbastore.sk\/cs\/wp-json\/wp\/v2\/types\/product"}],"replies":[{"embeddable":true,"href":"https:\/\/herbastore.sk\/cs\/wp-json\/wp\/v2\/comments?post=7347"}],"wp:featuredmedia":[{"embeddable":true,"href":"https:\/\/herbastore.sk\/cs\/wp-json\/wp\/v2\/media\/15059"}],"wp:attachment":[{"href":"https:\/\/herbastore.sk\/cs\/wp-json\/wp\/v2\/media?parent=7347"}],"wp:term":[{"taxonomy":"product_brand","embeddable":true,"href":"https:\/\/herbastore.sk\/cs\/wp-json\/wp\/v2\/product_brand?post=7347"},{"taxonomy":"product_cat","embeddable":true,"href":"https:\/\/herbastore.sk\/cs\/wp-json\/wp\/v2\/product_cat?post=7347"},{"taxonomy":"product_tag","embeddable":true,"href":"https:\/\/herbastore.sk\/cs\/wp-json\/wp\/v2\/product_tag?post=7347"}],"curies":[{"name":"wp","href":"https:\/\/api.w.org\/{rel}","templated":true}]}}