{"id":7344,"date":"2018-10-27T13:16:02","date_gmt":"2020-07-20T13:54:22","guid":{"rendered":"https:\/\/herbastore.sk\/produkty\/nezarazene\/vlaknina-a-bylinky\/"},"modified":"2025-02-12T21:33:05","modified_gmt":"2025-02-12T20:33:05","slug":"vlaknina-a-bylinky","status":"publish","type":"product","link":"https:\/\/herbastore.sk\/cs\/produkty\/cilena-vyziva\/vlaknina-a-bylinky\/","title":{"rendered":"Vl\u00e1knina a bylinky"},"content":{"rendered":"<h2>Jak v\u00e1m m\u016f\u017ee b\u00fdt dopln\u011bk Vl\u00e1knina a bylinky prosp\u011b\u0161n\u00fd?<\/h2>\n<p> B\u011b\u017en\u00fd \u010dlov\u011bk dnes zkonzumuje denn\u011b p\u0159ibli\u017en\u011b pouze 13 g vl\u00e1kniny, proto doporu\u010dujeme naplnit v\u00e1\u0161 denn\u00ed p\u0159\u00edjem na\u0161\u00edm vl\u00e1kninov\u00fdm dopl\u0148kem a podpo\u0159it tak zdrav\u00e9 tr\u00e1ven\u00ed b\u011bhem cel\u00e9ho dne. Konzumace vyv\u00e1\u017een\u00e9 stravy s dostate\u010dn\u00fdm obsahem celozrnn\u00fdch obilnin v\u00e1m m\u016f\u017ee pomoci dos\u00e1hnout p\u0159\u00edjmu doporu\u010dovan\u00e9ho denn\u00edho mno\u017estv\u00ed vl\u00e1kniny. Doporu\u010den\u00e9 denn\u00ed mno\u017estv\u00ed vl\u00e1kniny je od 25 do 35 g v z\u00e1vislosti na v\u00e1hy \u010dlov\u011bka. <\/p>\n<h2>Efekty a vlastnosti<\/h2>\n<div class=\"row\"  id=\"row-2026303954\">\n\n\t<div id=\"col-1830240622\" class=\"col medium-1\/2 large-6\"  >\n\t\t\t\t<div class=\"col-inner\"  >\n\t\t\t\n\t\t\t\n<ul>\n<li class=\"bullet-checkmark\">Ide\u00e1ln\u00ed pro konzumaci v kombinaci s <a href=\"https:\/\/herbastore.sk\/cs\/produkty\/vyvazene-jidlo\/formula-1-koktejl\/\">koktejlem Formula 1<\/a> a multivitaminov\u00fdm komplexem Formula 2 <a href=\"https:\/\/herbastore.sk\/cs\/produkty\/vitaminy-a-mineraly\/formula-2-pro-muze\/\">pro mu\u017ee<\/a> \u010di <a href=\"https:\/\/herbastore.sk\/cs\/produkty\/vitaminy-a-mineraly\/formula-2-pro-zeny\/\">pro \u017eeny<\/a> jako sou\u010d\u00e1st programu pro regulaci v\u00e1hy<\/li>\n<li class=\"bullet-checkmark\">Obsahuje ovesnou vl\u00e1kninu, v\u00fdta\u017eky z petr\u017eele, pomeran\u010dov\u00e9ho kv\u011btu, kv\u011btu ibi\u0161ku a fenyklov\u00e1 sem\u00ednka<\/li>\n<\/ul>\n\t\t<\/div>\n\t\t\t\t\t<\/div>\n\n\t\n\n\t<div id=\"col-699174807\" class=\"col medium-1\/2 large-6\"  >\n\t\t\t\t<div class=\"col-inner\"  >\n\t\t\t\n\t\t\t\n<ul>\n<li class=\"bullet-checkmark\">Kombinace l\u00e1tek s obsahem vl\u00e1kniny s v\u00fdborn\u00fdm detoxika\u010dn\u00edm \u00fa\u010dinkem<\/li>\n<li class=\"bullet-checkmark\">Vl\u00e1kninov\u00fd dopln\u011bk pro dosa\u017een\u00ed doporu\u010den\u00e9ho mno\u017estv\u00ed vl\u00e1kniny 25 g denn\u011b<\/li>\n<li class=\"bullet-checkmark\">P\u0159isp\u00edv\u00e1 k lep\u0161\u00ed vyu\u017eitelnosti stravy<\/li>\n<\/ul>\n\t\t<\/div>\n\t\t\t\t\t<\/div>\n\n\t\n<\/div>\n<h2>D\u00e1vkov\u00e1n\u00ed<\/h2>\n<p> Pou\u017e\u00edvejte dv\u011b tablety t\u0159ikr\u00e1t denn\u011b spolu s j\u00eddlem a velkou sklenic\u00ed vody. P\u0159\u00edpravek je vhodn\u00fd pro pou\u017eit\u00ed v kombinaci s koktejlem Formula 1 a multivitaminov\u00fdm komplexem Herbalife Formula 2. <a href=\"https:\/\/herbastore.sk\/wp-content\/uploads\/2018\/10\/Herbalife-vlaknina-bylinky-vyzivova-hodnota.jpg\"><img loading=\"lazy\" decoding=\"async\" class=\"aligncenter size-full wp-image-1323\" src=\"https:\/\/herbastore.sk\/wp-content\/uploads\/2018\/10\/Herbalife-vlaknina-bylinky-vyzivova-hodnota.jpg\" alt=\"Herbalife vlaknina bylinky vyzivova hodnota\" width=\"1727\" height=\"660\" srcset=\"https:\/\/herbastore.sk\/wp-content\/uploads\/2018\/10\/Herbalife-vlaknina-bylinky-vyzivova-hodnota.jpg 1727w, https:\/\/herbastore.sk\/wp-content\/uploads\/2018\/10\/Herbalife-vlaknina-bylinky-vyzivova-hodnota-267x102.jpg 267w, https:\/\/herbastore.sk\/wp-content\/uploads\/2018\/10\/Herbalife-vlaknina-bylinky-vyzivova-hodnota-534x204.jpg 534w, https:\/\/herbastore.sk\/wp-content\/uploads\/2018\/10\/Herbalife-vlaknina-bylinky-vyzivova-hodnota-800x306.jpg 800w, https:\/\/herbastore.sk\/wp-content\/uploads\/2018\/10\/Herbalife-vlaknina-bylinky-vyzivova-hodnota-1400x535.jpg 1400w, https:\/\/herbastore.sk\/wp-content\/uploads\/2018\/10\/Herbalife-vlaknina-bylinky-vyzivova-hodnota-768x294.jpg 768w, https:\/\/herbastore.sk\/wp-content\/uploads\/2018\/10\/Herbalife-vlaknina-bylinky-vyzivova-hodnota-1536x587.jpg 1536w, https:\/\/herbastore.sk\/wp-content\/uploads\/2018\/10\/Herbalife-vlaknina-bylinky-vyzivova-hodnota-510x195.jpg 510w\" sizes=\"auto, (max-width: 1727px) 100vw, 1727px\" \/><\/a><\/p>\n<p style=\"text-align: center;\"><em>V\u00fd\u017eivov\u00e1 hodnota \u2013 Vl\u00e1knina a bylinky<\/em><\/p>\n","protected":false},"excerpt":{"rendered":"<p>180 tablet <div class=\"is-divider divider clearfix\" ><\/div> Vl\u00e1knina a bylinky obsahuje v\u00fdta\u017eky z ovesn\u00e9 vl\u00e1kniny, petr\u017eelky, pomeran\u010dov\u00e9ho kv\u011btu, ibi\u0161kov\u00e9ho kv\u011btu a fenyklov\u00fdch sem\u00ednek. Optim\u00e1ln\u00ed kombinace \u00fa\u010dinn\u00fdch l\u00e1tek s obsahem vl\u00e1kniny a s v\u00fdborn\u00fdm detoxika\u010dn\u00edm \u00fa\u010dinkem. Vy\u010di\u0161t\u011bn\u00fd organismus l\u00e9pe vykon\u00e1v\u00e1 sv\u00e9 funkce a efektivn\u011bji vst\u0159eb\u00e1v\u00e1 \u017eiviny z potravy.<\/p>\n","protected":false},"featured_media":15063,"comment_status":"open","ping_status":"closed","template":"","meta":{"inline_featured_image":false},"product_brand":[],"product_cat":[182],"product_tag":[211,213],"class_list":{"0":"post-7344","1":"product","2":"type-product","3":"status-publish","4":"has-post-thumbnail","6":"product_cat-cilena-vyziva","7":"product_tag-travici-trakt","8":"product_tag-vysoky-cholesterol","10":"first","11":"outofstock","12":"taxable","13":"shipping-taxable","14":"purchasable","15":"product-type-simple"},"yoast_head":"<!-- This site is optimized with the Yoast SEO plugin v26.8 - https:\/\/yoast.com\/product\/yoast-seo-wordpress\/ -->\n<title>Herbalife Vl\u00e1knina a bylinky 180 tablet - herbastore.sk<\/title>\n<meta name=\"description\" content=\"Cht\u011bli byste m\u00edt zdrav\u00e9 tr\u00e1ven\u00ed b\u011bhem cel\u00e9ho dne? Napl\u0148te sv\u016fj denn\u00ed p\u0159\u00edjem vl\u00e1kniny na\u0161im v\u00fd\u017eivov\u00fdm dopl\u0148kem Vl\u00e1knina a bylinky.\" \/>\n<meta name=\"robots\" content=\"index, follow, max-snippet:-1, max-image-preview:large, max-video-preview:-1\" \/>\n<link rel=\"canonical\" href=\"https:\/\/herbastore.sk\/cs\/produkty\/cilena-vyziva\/vlaknina-a-bylinky\/\" \/>\n<meta property=\"og:locale\" content=\"cs_CZ\" \/>\n<meta property=\"og:type\" content=\"article\" \/>\n<meta property=\"og:title\" content=\"Herbalife Vl\u00e1knina a bylinky 180 tablet - herbastore.sk\" \/>\n<meta property=\"og:description\" content=\"Cht\u011bli byste m\u00edt zdrav\u00e9 tr\u00e1ven\u00ed b\u011bhem cel\u00e9ho dne? Napl\u0148te sv\u016fj denn\u00ed p\u0159\u00edjem vl\u00e1kniny na\u0161im v\u00fd\u017eivov\u00fdm dopl\u0148kem Vl\u00e1knina a bylinky.\" \/>\n<meta property=\"og:url\" content=\"https:\/\/herbastore.sk\/cs\/produkty\/cilena-vyziva\/vlaknina-a-bylinky\/\" \/>\n<meta property=\"og:site_name\" content=\"herbastore\" \/>\n<meta property=\"article:publisher\" content=\"https:\/\/www.facebook.com\/herbastoresk\/\" \/>\n<meta property=\"article:modified_time\" content=\"2025-02-12T20:33:05+00:00\" \/>\n<meta property=\"og:image\" content=\"https:\/\/herbastore.sk\/wp-content\/uploads\/2021\/09\/Herbalife-vlaknina-bylinky-tablety.jpg\" \/>\n\t<meta property=\"og:image:width\" content=\"534\" \/>\n\t<meta property=\"og:image:height\" content=\"800\" \/>\n\t<meta property=\"og:image:type\" content=\"image\/jpeg\" \/>\n<meta name=\"twitter:card\" content=\"summary_large_image\" \/>\n<meta name=\"twitter:label1\" content=\"Odhadovan\u00e1 doba \u010dten\u00ed\" \/>\n\t<meta name=\"twitter:data1\" content=\"1 minuta\" \/>\n<script type=\"application\/ld+json\" class=\"yoast-schema-graph\">{\"@context\":\"https:\/\/schema.org\",\"@graph\":[{\"@type\":\"WebPage\",\"@id\":\"https:\/\/herbastore.sk\/cs\/produkty\/cilena-vyziva\/vlaknina-a-bylinky\/\",\"url\":\"https:\/\/herbastore.sk\/cs\/produkty\/cilena-vyziva\/vlaknina-a-bylinky\/\",\"name\":\"Herbalife Vl\u00e1knina a bylinky 180 tablet - herbastore.sk\",\"isPartOf\":{\"@id\":\"https:\/\/herbastore.sk\/cs\/#website\"},\"primaryImageOfPage\":{\"@id\":\"https:\/\/herbastore.sk\/cs\/produkty\/cilena-vyziva\/vlaknina-a-bylinky\/#primaryimage\"},\"image\":{\"@id\":\"https:\/\/herbastore.sk\/cs\/produkty\/cilena-vyziva\/vlaknina-a-bylinky\/#primaryimage\"},\"thumbnailUrl\":\"https:\/\/herbastore.sk\/wp-content\/uploads\/2021\/09\/Herbalife-vlaknina-bylinky-tablety.jpg\",\"datePublished\":\"2020-07-20T13:54:22+00:00\",\"dateModified\":\"2025-02-12T20:33:05+00:00\",\"description\":\"Cht\u011bli byste m\u00edt zdrav\u00e9 tr\u00e1ven\u00ed b\u011bhem cel\u00e9ho dne? Napl\u0148te sv\u016fj denn\u00ed p\u0159\u00edjem vl\u00e1kniny na\u0161im v\u00fd\u017eivov\u00fdm dopl\u0148kem Vl\u00e1knina a bylinky.\",\"breadcrumb\":{\"@id\":\"https:\/\/herbastore.sk\/cs\/produkty\/cilena-vyziva\/vlaknina-a-bylinky\/#breadcrumb\"},\"inLanguage\":\"cs\",\"potentialAction\":[{\"@type\":\"ReadAction\",\"target\":[\"https:\/\/herbastore.sk\/cs\/produkty\/cilena-vyziva\/vlaknina-a-bylinky\/\"]}]},{\"@type\":\"ImageObject\",\"inLanguage\":\"cs\",\"@id\":\"https:\/\/herbastore.sk\/cs\/produkty\/cilena-vyziva\/vlaknina-a-bylinky\/#primaryimage\",\"url\":\"https:\/\/herbastore.sk\/wp-content\/uploads\/2021\/09\/Herbalife-vlaknina-bylinky-tablety.jpg\",\"contentUrl\":\"https:\/\/herbastore.sk\/wp-content\/uploads\/2021\/09\/Herbalife-vlaknina-bylinky-tablety.jpg\",\"width\":534,\"height\":800,\"caption\":\"Herbalife Vlaknina a bylinky\"},{\"@type\":\"BreadcrumbList\",\"@id\":\"https:\/\/herbastore.sk\/cs\/produkty\/cilena-vyziva\/vlaknina-a-bylinky\/#breadcrumb\",\"itemListElement\":[{\"@type\":\"ListItem\",\"position\":1,\"name\":\"Home\",\"item\":\"https:\/\/herbastore.sk\/cs\/\"},{\"@type\":\"ListItem\",\"position\":2,\"name\":\"Produkty\",\"item\":\"https:\/\/herbastore.sk\/cs\/produkty\/\"},{\"@type\":\"ListItem\",\"position\":3,\"name\":\"Vl\u00e1knina a bylinky\"}]},{\"@type\":\"WebSite\",\"@id\":\"https:\/\/herbastore.sk\/cs\/#website\",\"url\":\"https:\/\/herbastore.sk\/cs\/\",\"name\":\"herbastore\",\"description\":\"Produkty Herbalife z pohodlia v\u00e1\u0161ho domova\",\"publisher\":{\"@id\":\"https:\/\/herbastore.sk\/cs\/#organization\"},\"potentialAction\":[{\"@type\":\"SearchAction\",\"target\":{\"@type\":\"EntryPoint\",\"urlTemplate\":\"https:\/\/herbastore.sk\/cs\/?s={search_term_string}\"},\"query-input\":{\"@type\":\"PropertyValueSpecification\",\"valueRequired\":true,\"valueName\":\"search_term_string\"}}],\"inLanguage\":\"cs\"},{\"@type\":\"Organization\",\"@id\":\"https:\/\/herbastore.sk\/cs\/#organization\",\"name\":\"herbastore.sk\",\"url\":\"https:\/\/herbastore.sk\/cs\/\",\"logo\":{\"@type\":\"ImageObject\",\"inLanguage\":\"cs\",\"@id\":\"https:\/\/herbastore.sk\/cs\/#\/schema\/logo\/image\/\",\"url\":\"https:\/\/herbastore.sk\/wp-content\/uploads\/2018\/11\/herbastore-ikona.png\",\"contentUrl\":\"https:\/\/herbastore.sk\/wp-content\/uploads\/2018\/11\/herbastore-ikona.png\",\"width\":512,\"height\":512,\"caption\":\"herbastore.sk\"},\"image\":{\"@id\":\"https:\/\/herbastore.sk\/cs\/#\/schema\/logo\/image\/\"},\"sameAs\":[\"https:\/\/www.facebook.com\/herbastoresk\/\",\"https:\/\/www.instagram.com\/herbastore.sk\/\"]}]}<\/script>\n<!-- \/ Yoast SEO plugin. -->","yoast_head_json":{"title":"Herbalife Vl\u00e1knina a bylinky 180 tablet - herbastore.sk","description":"Cht\u011bli byste m\u00edt zdrav\u00e9 tr\u00e1ven\u00ed b\u011bhem cel\u00e9ho dne? Napl\u0148te sv\u016fj denn\u00ed p\u0159\u00edjem vl\u00e1kniny na\u0161im v\u00fd\u017eivov\u00fdm dopl\u0148kem Vl\u00e1knina a bylinky.","robots":{"index":"index","follow":"follow","max-snippet":"max-snippet:-1","max-image-preview":"max-image-preview:large","max-video-preview":"max-video-preview:-1"},"canonical":"https:\/\/herbastore.sk\/cs\/produkty\/cilena-vyziva\/vlaknina-a-bylinky\/","og_locale":"cs_CZ","og_type":"article","og_title":"Herbalife Vl\u00e1knina a bylinky 180 tablet - herbastore.sk","og_description":"Cht\u011bli byste m\u00edt zdrav\u00e9 tr\u00e1ven\u00ed b\u011bhem cel\u00e9ho dne? Napl\u0148te sv\u016fj denn\u00ed p\u0159\u00edjem vl\u00e1kniny na\u0161im v\u00fd\u017eivov\u00fdm dopl\u0148kem Vl\u00e1knina a bylinky.","og_url":"https:\/\/herbastore.sk\/cs\/produkty\/cilena-vyziva\/vlaknina-a-bylinky\/","og_site_name":"herbastore","article_publisher":"https:\/\/www.facebook.com\/herbastoresk\/","article_modified_time":"2025-02-12T20:33:05+00:00","og_image":[{"width":534,"height":800,"url":"https:\/\/herbastore.sk\/wp-content\/uploads\/2021\/09\/Herbalife-vlaknina-bylinky-tablety.jpg","type":"image\/jpeg"}],"twitter_card":"summary_large_image","twitter_misc":{"Odhadovan\u00e1 doba \u010dten\u00ed":"1 minuta"},"schema":{"@context":"https:\/\/schema.org","@graph":[{"@type":"WebPage","@id":"https:\/\/herbastore.sk\/cs\/produkty\/cilena-vyziva\/vlaknina-a-bylinky\/","url":"https:\/\/herbastore.sk\/cs\/produkty\/cilena-vyziva\/vlaknina-a-bylinky\/","name":"Herbalife Vl\u00e1knina a bylinky 180 tablet - herbastore.sk","isPartOf":{"@id":"https:\/\/herbastore.sk\/cs\/#website"},"primaryImageOfPage":{"@id":"https:\/\/herbastore.sk\/cs\/produkty\/cilena-vyziva\/vlaknina-a-bylinky\/#primaryimage"},"image":{"@id":"https:\/\/herbastore.sk\/cs\/produkty\/cilena-vyziva\/vlaknina-a-bylinky\/#primaryimage"},"thumbnailUrl":"https:\/\/herbastore.sk\/wp-content\/uploads\/2021\/09\/Herbalife-vlaknina-bylinky-tablety.jpg","datePublished":"2020-07-20T13:54:22+00:00","dateModified":"2025-02-12T20:33:05+00:00","description":"Cht\u011bli byste m\u00edt zdrav\u00e9 tr\u00e1ven\u00ed b\u011bhem cel\u00e9ho dne? Napl\u0148te sv\u016fj denn\u00ed p\u0159\u00edjem vl\u00e1kniny na\u0161im v\u00fd\u017eivov\u00fdm dopl\u0148kem Vl\u00e1knina a bylinky.","breadcrumb":{"@id":"https:\/\/herbastore.sk\/cs\/produkty\/cilena-vyziva\/vlaknina-a-bylinky\/#breadcrumb"},"inLanguage":"cs","potentialAction":[{"@type":"ReadAction","target":["https:\/\/herbastore.sk\/cs\/produkty\/cilena-vyziva\/vlaknina-a-bylinky\/"]}]},{"@type":"ImageObject","inLanguage":"cs","@id":"https:\/\/herbastore.sk\/cs\/produkty\/cilena-vyziva\/vlaknina-a-bylinky\/#primaryimage","url":"https:\/\/herbastore.sk\/wp-content\/uploads\/2021\/09\/Herbalife-vlaknina-bylinky-tablety.jpg","contentUrl":"https:\/\/herbastore.sk\/wp-content\/uploads\/2021\/09\/Herbalife-vlaknina-bylinky-tablety.jpg","width":534,"height":800,"caption":"Herbalife Vlaknina a bylinky"},{"@type":"BreadcrumbList","@id":"https:\/\/herbastore.sk\/cs\/produkty\/cilena-vyziva\/vlaknina-a-bylinky\/#breadcrumb","itemListElement":[{"@type":"ListItem","position":1,"name":"Home","item":"https:\/\/herbastore.sk\/cs\/"},{"@type":"ListItem","position":2,"name":"Produkty","item":"https:\/\/herbastore.sk\/cs\/produkty\/"},{"@type":"ListItem","position":3,"name":"Vl\u00e1knina a bylinky"}]},{"@type":"WebSite","@id":"https:\/\/herbastore.sk\/cs\/#website","url":"https:\/\/herbastore.sk\/cs\/","name":"herbastore","description":"Produkty Herbalife z pohodlia v\u00e1\u0161ho domova","publisher":{"@id":"https:\/\/herbastore.sk\/cs\/#organization"},"potentialAction":[{"@type":"SearchAction","target":{"@type":"EntryPoint","urlTemplate":"https:\/\/herbastore.sk\/cs\/?s={search_term_string}"},"query-input":{"@type":"PropertyValueSpecification","valueRequired":true,"valueName":"search_term_string"}}],"inLanguage":"cs"},{"@type":"Organization","@id":"https:\/\/herbastore.sk\/cs\/#organization","name":"herbastore.sk","url":"https:\/\/herbastore.sk\/cs\/","logo":{"@type":"ImageObject","inLanguage":"cs","@id":"https:\/\/herbastore.sk\/cs\/#\/schema\/logo\/image\/","url":"https:\/\/herbastore.sk\/wp-content\/uploads\/2018\/11\/herbastore-ikona.png","contentUrl":"https:\/\/herbastore.sk\/wp-content\/uploads\/2018\/11\/herbastore-ikona.png","width":512,"height":512,"caption":"herbastore.sk"},"image":{"@id":"https:\/\/herbastore.sk\/cs\/#\/schema\/logo\/image\/"},"sameAs":["https:\/\/www.facebook.com\/herbastoresk\/","https:\/\/www.instagram.com\/herbastore.sk\/"]}]}},"_links":{"self":[{"href":"https:\/\/herbastore.sk\/cs\/wp-json\/wp\/v2\/product\/7344","targetHints":{"allow":["GET"]}}],"collection":[{"href":"https:\/\/herbastore.sk\/cs\/wp-json\/wp\/v2\/product"}],"about":[{"href":"https:\/\/herbastore.sk\/cs\/wp-json\/wp\/v2\/types\/product"}],"replies":[{"embeddable":true,"href":"https:\/\/herbastore.sk\/cs\/wp-json\/wp\/v2\/comments?post=7344"}],"wp:featuredmedia":[{"embeddable":true,"href":"https:\/\/herbastore.sk\/cs\/wp-json\/wp\/v2\/media\/15063"}],"wp:attachment":[{"href":"https:\/\/herbastore.sk\/cs\/wp-json\/wp\/v2\/media?parent=7344"}],"wp:term":[{"taxonomy":"product_brand","embeddable":true,"href":"https:\/\/herbastore.sk\/cs\/wp-json\/wp\/v2\/product_brand?post=7344"},{"taxonomy":"product_cat","embeddable":true,"href":"https:\/\/herbastore.sk\/cs\/wp-json\/wp\/v2\/product_cat?post=7344"},{"taxonomy":"product_tag","embeddable":true,"href":"https:\/\/herbastore.sk\/cs\/wp-json\/wp\/v2\/product_tag?post=7344"}],"curies":[{"name":"wp","href":"https:\/\/api.w.org\/{rel}","templated":true}]}}