{"id":7331,"date":"2019-03-28T20:32:45","date_gmt":"2020-07-20T11:51:35","guid":{"rendered":"https:\/\/herbastore.sk\/produkty\/nezarazene\/proteinove-tycinky\/"},"modified":"2025-04-30T23:02:07","modified_gmt":"2025-04-30T21:02:07","slug":"proteinove-tycinky","status":"publish","type":"product","link":"https:\/\/herbastore.sk\/cs\/produkty\/proteinove-doplnky\/proteinove-tycinky\/","title":{"rendered":"Proteinov\u00e9 ty\u010dinky"},"content":{"rendered":"<h2>Jak v\u00e1m mohou b\u00fdt prosp\u011b\u0161n\u00e9?<\/h2>\n<p> Proteinov\u00e9 ty\u010dinky Herbalife jsou lahodnou, v\u00fd\u017eivnou sva\u010dinkou s vysok\u00fdm obsahem b\u00edlkovin. Obsahuj\u00ed p\u0159ibli\u017en\u011b 140 kalori\u00ed a v ka\u017ed\u00e9 ty\u010dince najdete t\u00e9m\u011b\u0159 10 g vysoce kvalitn\u00edho ml\u00e9\u010dn\u00e9ho proteinu, kter\u00fd je d\u016fle\u017eit\u00fd pro podporu budov\u00e1n\u00ed beztukov\u00e9 svalov\u00e9 hmoty. Zv\u00fd\u0161en\u00ed pod\u00edlu svalov\u00e9 hmoty m\u016f\u017ee v\u00fdrazn\u011b p\u0159isp\u011bt ke zrychlen\u00ed va\u0161eho metabolismu. Proteiny z potravinov\u00fdch zdroj\u016f jako je s\u00f3ja nebo ml\u00e9\u010dn\u00e9 v\u00fdrobky se naz\u00fdvaj\u00ed &#8218;kompletn\u00ed&#8216; proteiny, proto\u017ee obsahuj\u00ed rovnov\u00e1hu v\u0161ech nezbytn\u00fdch aminokyselin (\u010dili stavebn\u00edch jednotek) pot\u0159ebn\u00fdch pro r\u016fst a v\u00fdvoj svalstva. <\/p>\n<h2>Charakteristika<\/h2>\n<div class=\"row\"  id=\"row-1812733376\">\n\n\t<div id=\"col-554203828\" class=\"col medium-1\/2 large-6\"  >\n\t\t\t\t<div class=\"col-inner\"  >\n\t\t\t\n\t\t\t\n<ul>\n<li class=\"bullet-checkmark\">P\u0159ibli\u017en\u011b 140 kcal v jedn\u00e9 ty\u010dince, co\u017e je m\u00e9n\u011b, ne\u017e v b\u011b\u017en\u00fdch \u010dokol\u00e1dov\u00fdch ty\u010dink\u00e1ch<\/li>\n<li class=\"bullet-checkmark\">N\u00edzk\u00fd glykemick\u00fd index<\/li>\n<li class=\"bullet-checkmark\">V\u00fdborn\u00e1 n\u00e1hrada sladkost\u00ed<\/li>\n<\/ul>\n\t\t<\/div>\n\t\t\t\t\t<\/div>\n\n\t\n\n\t<div id=\"col-255008707\" class=\"col medium-1\/2 large-6\"  >\n\t\t\t\t<div class=\"col-inner\"  >\n\t\t\t\n\t\t\t\n<ul>\n<li class=\"bullet-checkmark\">Vyv\u00e1\u017een\u00fd pom\u011br 10 g b\u00edlkovin a 15 g sacharid\u016f<\/li>\n<li class=\"bullet-checkmark\">10 g b\u00edlkovin pro podporu tvorby beztukov\u00e9 svalov\u00e9 hmoty<\/li>\n<li class=\"bullet-checkmark\">Vysok\u00fd obsah vitam\u00edn\u016f B1, B2, B6, vitaminu E a kyseliny pantothenov\u00e9<\/li>\n<\/ul>\n\t\t<\/div>\n\t\t\t\t\t<\/div>\n\n\t\n<\/div>\n<h2>D\u00e1vkovanie<\/h2>\n<p>Jedna a\u017e dve ty\u010dinky denne ako zdrav\u00e1 desiata.<\/p>\n<p><a href=\"https:\/\/herbastore.sk\/wp-content\/uploads\/2019\/03\/Herbalife-proteinove-tycinky-vyzivova-hodnota.jpg\"><img decoding=\"async\" class=\"aligncenter wp-image-3038 size-full\" src=\"https:\/\/herbastore.sk\/wp-content\/uploads\/2019\/03\/Herbalife-proteinove-tycinky-vyzivova-hodnota.jpg\" alt=\"\" width=\"600\" height=\"auto\" srcset=\"https:\/\/herbastore.sk\/wp-content\/uploads\/2019\/03\/Herbalife-proteinove-tycinky-vyzivova-hodnota.jpg 2150w, https:\/\/herbastore.sk\/wp-content\/uploads\/2019\/03\/Herbalife-proteinove-tycinky-vyzivova-hodnota-267x112.jpg 267w, https:\/\/herbastore.sk\/wp-content\/uploads\/2019\/03\/Herbalife-proteinove-tycinky-vyzivova-hodnota-534x224.jpg 534w, https:\/\/herbastore.sk\/wp-content\/uploads\/2019\/03\/Herbalife-proteinove-tycinky-vyzivova-hodnota-800x335.jpg 800w, https:\/\/herbastore.sk\/wp-content\/uploads\/2019\/03\/Herbalife-proteinove-tycinky-vyzivova-hodnota-1400x586.jpg 1400w, https:\/\/herbastore.sk\/wp-content\/uploads\/2019\/03\/Herbalife-proteinove-tycinky-vyzivova-hodnota-768x321.jpg 768w, https:\/\/herbastore.sk\/wp-content\/uploads\/2019\/03\/Herbalife-proteinove-tycinky-vyzivova-hodnota-1536x643.jpg 1536w, https:\/\/herbastore.sk\/wp-content\/uploads\/2019\/03\/Herbalife-proteinove-tycinky-vyzivova-hodnota-2048x857.jpg 2048w, https:\/\/herbastore.sk\/wp-content\/uploads\/2019\/03\/Herbalife-proteinove-tycinky-vyzivova-hodnota-510x213.jpg 510w\" sizes=\"(max-width: 2150px) 100vw, 2150px\" \/><\/a><\/p>\n<p style=\"text-align: center;\"><em>V\u00fd\u017eivov\u00e1 hodnota &#8211; Herbalife prote\u00ednov\u00e9 ty\u010dinky<\/em><\/p>\n","protected":false},"excerpt":{"rendered":"<p>14 x 35 g <div class=\"is-divider divider clearfix\" ><\/div> Proteinov\u00e9 ty\u010dinky Herbalife maj\u00ed vysok\u00fd obsah b\u00edlkovin a jsou skv\u011blou volbou, pokud m\u00e1te chu\u0165 na lahodnou sva\u010dinu b\u011bhem dne nebo na cest\u00e1ch. M\u00e1te chu\u0165 mlsat? Potla\u010dte chu\u0165 na \u010dokol\u00e1du v\u00fdbornou sva\u010dinkou s vysok\u00fdm obsahem b\u00edlkovin nebo si tento zdrav\u00fd pamlsek dop\u0159ejte p\u0159ed nebo po cvi\u010den\u00ed. Uspokoj\u00ed va\u0161i chu\u0165 na sladk\u00e9 a z\u00e1rove\u0148 dodaj\u00ed proteiny na zlep\u0161en\u00ed energie.<\/p>\n","protected":false},"featured_media":15113,"comment_status":"open","ping_status":"closed","template":"","meta":{"inline_featured_image":false},"product_brand":[],"product_cat":[180],"product_tag":[205,208],"class_list":{"0":"post-7331","1":"product","2":"type-product","3":"status-publish","4":"has-post-thumbnail","6":"product_cat-proteinove-doplnky","7":"product_tag-narust-svalove-hmoty","8":"product_tag-pribirani","10":"first","11":"instock","12":"taxable","13":"shipping-taxable","14":"purchasable","15":"product-type-variable"},"yoast_head":"<!-- This site is optimized with the Yoast SEO plugin v26.8 - https:\/\/yoast.com\/product\/yoast-seo-wordpress\/ -->\n<title>Herbalife Proteinov\u00e9 ty\u010dinky 14x35 g - herbastore.sk<\/title>\n<meta name=\"description\" content=\"M\u00e1te chu\u0165 mlsat? Proteinov\u00e9 ty\u010dinky Herbalife maj\u00ed vysok\u00fd obsah b\u00edlkovin a jsou skv\u011blou volbou, pokud tou\u017e\u00edte po lahodn\u00e9 sva\u010din\u011b b\u011bhem dne nebo na cest\u00e1ch.\" \/>\n<meta name=\"robots\" content=\"index, follow, max-snippet:-1, max-image-preview:large, max-video-preview:-1\" \/>\n<link rel=\"canonical\" href=\"https:\/\/herbastore.sk\/cs\/produkty\/proteinove-doplnky\/proteinove-tycinky\/\" \/>\n<meta property=\"og:locale\" content=\"cs_CZ\" \/>\n<meta property=\"og:type\" content=\"article\" \/>\n<meta property=\"og:title\" content=\"Herbalife Proteinov\u00e9 ty\u010dinky 14x35 g - herbastore.sk\" \/>\n<meta property=\"og:description\" content=\"M\u00e1te chu\u0165 mlsat? Proteinov\u00e9 ty\u010dinky Herbalife maj\u00ed vysok\u00fd obsah b\u00edlkovin a jsou skv\u011blou volbou, pokud tou\u017e\u00edte po lahodn\u00e9 sva\u010din\u011b b\u011bhem dne nebo na cest\u00e1ch.\" \/>\n<meta property=\"og:url\" content=\"https:\/\/herbastore.sk\/cs\/produkty\/proteinove-doplnky\/proteinove-tycinky\/\" \/>\n<meta property=\"og:site_name\" content=\"herbastore\" \/>\n<meta property=\"article:publisher\" content=\"https:\/\/www.facebook.com\/herbastoresk\/\" \/>\n<meta property=\"article:modified_time\" content=\"2025-04-30T21:02:07+00:00\" \/>\n<meta property=\"og:image\" content=\"https:\/\/herbastore.sk\/wp-content\/uploads\/2021\/10\/Herbalife-proteinove-tycinky-cokoladovo-arasidove.jpg\" \/>\n\t<meta property=\"og:image:width\" content=\"534\" \/>\n\t<meta property=\"og:image:height\" content=\"800\" \/>\n\t<meta property=\"og:image:type\" content=\"image\/jpeg\" \/>\n<meta name=\"twitter:card\" content=\"summary_large_image\" \/>\n<meta name=\"twitter:label1\" content=\"Odhadovan\u00e1 doba \u010dten\u00ed\" \/>\n\t<meta name=\"twitter:data1\" content=\"1 minuta\" \/>\n<script type=\"application\/ld+json\" class=\"yoast-schema-graph\">{\"@context\":\"https:\/\/schema.org\",\"@graph\":[{\"@type\":\"WebPage\",\"@id\":\"https:\/\/herbastore.sk\/cs\/produkty\/proteinove-doplnky\/proteinove-tycinky\/\",\"url\":\"https:\/\/herbastore.sk\/cs\/produkty\/proteinove-doplnky\/proteinove-tycinky\/\",\"name\":\"Herbalife Proteinov\u00e9 ty\u010dinky 14x35 g - herbastore.sk\",\"isPartOf\":{\"@id\":\"https:\/\/herbastore.sk\/cs\/#website\"},\"primaryImageOfPage\":{\"@id\":\"https:\/\/herbastore.sk\/cs\/produkty\/proteinove-doplnky\/proteinove-tycinky\/#primaryimage\"},\"image\":{\"@id\":\"https:\/\/herbastore.sk\/cs\/produkty\/proteinove-doplnky\/proteinove-tycinky\/#primaryimage\"},\"thumbnailUrl\":\"https:\/\/herbastore.sk\/wp-content\/uploads\/2021\/10\/Herbalife-proteinove-tycinky-citronove.jpg\",\"datePublished\":\"2020-07-20T11:51:35+00:00\",\"dateModified\":\"2025-04-30T21:02:07+00:00\",\"description\":\"M\u00e1te chu\u0165 mlsat? Proteinov\u00e9 ty\u010dinky Herbalife maj\u00ed vysok\u00fd obsah b\u00edlkovin a jsou skv\u011blou volbou, pokud tou\u017e\u00edte po lahodn\u00e9 sva\u010din\u011b b\u011bhem dne nebo na cest\u00e1ch.\",\"breadcrumb\":{\"@id\":\"https:\/\/herbastore.sk\/cs\/produkty\/proteinove-doplnky\/proteinove-tycinky\/#breadcrumb\"},\"inLanguage\":\"cs\",\"potentialAction\":[{\"@type\":\"ReadAction\",\"target\":[\"https:\/\/herbastore.sk\/cs\/produkty\/proteinove-doplnky\/proteinove-tycinky\/\"]}]},{\"@type\":\"ImageObject\",\"inLanguage\":\"cs\",\"@id\":\"https:\/\/herbastore.sk\/cs\/produkty\/proteinove-doplnky\/proteinove-tycinky\/#primaryimage\",\"url\":\"https:\/\/herbastore.sk\/wp-content\/uploads\/2021\/10\/Herbalife-proteinove-tycinky-citronove.jpg\",\"contentUrl\":\"https:\/\/herbastore.sk\/wp-content\/uploads\/2021\/10\/Herbalife-proteinove-tycinky-citronove.jpg\",\"width\":534,\"height\":800,\"caption\":\"Herbalife proteinova tycinka citronova\"},{\"@type\":\"BreadcrumbList\",\"@id\":\"https:\/\/herbastore.sk\/cs\/produkty\/proteinove-doplnky\/proteinove-tycinky\/#breadcrumb\",\"itemListElement\":[{\"@type\":\"ListItem\",\"position\":1,\"name\":\"Home\",\"item\":\"https:\/\/herbastore.sk\/cs\/\"},{\"@type\":\"ListItem\",\"position\":2,\"name\":\"Produkty\",\"item\":\"https:\/\/herbastore.sk\/cs\/produkty\/\"},{\"@type\":\"ListItem\",\"position\":3,\"name\":\"Proteinov\u00e9 ty\u010dinky\"}]},{\"@type\":\"WebSite\",\"@id\":\"https:\/\/herbastore.sk\/cs\/#website\",\"url\":\"https:\/\/herbastore.sk\/cs\/\",\"name\":\"herbastore\",\"description\":\"Produkty Herbalife z pohodlia v\u00e1\u0161ho domova\",\"publisher\":{\"@id\":\"https:\/\/herbastore.sk\/cs\/#organization\"},\"potentialAction\":[{\"@type\":\"SearchAction\",\"target\":{\"@type\":\"EntryPoint\",\"urlTemplate\":\"https:\/\/herbastore.sk\/cs\/?s={search_term_string}\"},\"query-input\":{\"@type\":\"PropertyValueSpecification\",\"valueRequired\":true,\"valueName\":\"search_term_string\"}}],\"inLanguage\":\"cs\"},{\"@type\":\"Organization\",\"@id\":\"https:\/\/herbastore.sk\/cs\/#organization\",\"name\":\"herbastore.sk\",\"url\":\"https:\/\/herbastore.sk\/cs\/\",\"logo\":{\"@type\":\"ImageObject\",\"inLanguage\":\"cs\",\"@id\":\"https:\/\/herbastore.sk\/cs\/#\/schema\/logo\/image\/\",\"url\":\"https:\/\/herbastore.sk\/wp-content\/uploads\/2018\/11\/herbastore-ikona.png\",\"contentUrl\":\"https:\/\/herbastore.sk\/wp-content\/uploads\/2018\/11\/herbastore-ikona.png\",\"width\":512,\"height\":512,\"caption\":\"herbastore.sk\"},\"image\":{\"@id\":\"https:\/\/herbastore.sk\/cs\/#\/schema\/logo\/image\/\"},\"sameAs\":[\"https:\/\/www.facebook.com\/herbastoresk\/\",\"https:\/\/www.instagram.com\/herbastore.sk\/\"]}]}<\/script>\n<!-- \/ Yoast SEO plugin. -->","yoast_head_json":{"title":"Herbalife Proteinov\u00e9 ty\u010dinky 14x35 g - herbastore.sk","description":"M\u00e1te chu\u0165 mlsat? Proteinov\u00e9 ty\u010dinky Herbalife maj\u00ed vysok\u00fd obsah b\u00edlkovin a jsou skv\u011blou volbou, pokud tou\u017e\u00edte po lahodn\u00e9 sva\u010din\u011b b\u011bhem dne nebo na cest\u00e1ch.","robots":{"index":"index","follow":"follow","max-snippet":"max-snippet:-1","max-image-preview":"max-image-preview:large","max-video-preview":"max-video-preview:-1"},"canonical":"https:\/\/herbastore.sk\/cs\/produkty\/proteinove-doplnky\/proteinove-tycinky\/","og_locale":"cs_CZ","og_type":"article","og_title":"Herbalife Proteinov\u00e9 ty\u010dinky 14x35 g - herbastore.sk","og_description":"M\u00e1te chu\u0165 mlsat? Proteinov\u00e9 ty\u010dinky Herbalife maj\u00ed vysok\u00fd obsah b\u00edlkovin a jsou skv\u011blou volbou, pokud tou\u017e\u00edte po lahodn\u00e9 sva\u010din\u011b b\u011bhem dne nebo na cest\u00e1ch.","og_url":"https:\/\/herbastore.sk\/cs\/produkty\/proteinove-doplnky\/proteinove-tycinky\/","og_site_name":"herbastore","article_publisher":"https:\/\/www.facebook.com\/herbastoresk\/","article_modified_time":"2025-04-30T21:02:07+00:00","og_image":[{"width":534,"height":800,"url":"https:\/\/herbastore.sk\/wp-content\/uploads\/2021\/10\/Herbalife-proteinove-tycinky-cokoladovo-arasidove.jpg","type":"image\/jpeg"}],"twitter_card":"summary_large_image","twitter_misc":{"Odhadovan\u00e1 doba \u010dten\u00ed":"1 minuta"},"schema":{"@context":"https:\/\/schema.org","@graph":[{"@type":"WebPage","@id":"https:\/\/herbastore.sk\/cs\/produkty\/proteinove-doplnky\/proteinove-tycinky\/","url":"https:\/\/herbastore.sk\/cs\/produkty\/proteinove-doplnky\/proteinove-tycinky\/","name":"Herbalife Proteinov\u00e9 ty\u010dinky 14x35 g - herbastore.sk","isPartOf":{"@id":"https:\/\/herbastore.sk\/cs\/#website"},"primaryImageOfPage":{"@id":"https:\/\/herbastore.sk\/cs\/produkty\/proteinove-doplnky\/proteinove-tycinky\/#primaryimage"},"image":{"@id":"https:\/\/herbastore.sk\/cs\/produkty\/proteinove-doplnky\/proteinove-tycinky\/#primaryimage"},"thumbnailUrl":"https:\/\/herbastore.sk\/wp-content\/uploads\/2021\/10\/Herbalife-proteinove-tycinky-citronove.jpg","datePublished":"2020-07-20T11:51:35+00:00","dateModified":"2025-04-30T21:02:07+00:00","description":"M\u00e1te chu\u0165 mlsat? Proteinov\u00e9 ty\u010dinky Herbalife maj\u00ed vysok\u00fd obsah b\u00edlkovin a jsou skv\u011blou volbou, pokud tou\u017e\u00edte po lahodn\u00e9 sva\u010din\u011b b\u011bhem dne nebo na cest\u00e1ch.","breadcrumb":{"@id":"https:\/\/herbastore.sk\/cs\/produkty\/proteinove-doplnky\/proteinove-tycinky\/#breadcrumb"},"inLanguage":"cs","potentialAction":[{"@type":"ReadAction","target":["https:\/\/herbastore.sk\/cs\/produkty\/proteinove-doplnky\/proteinove-tycinky\/"]}]},{"@type":"ImageObject","inLanguage":"cs","@id":"https:\/\/herbastore.sk\/cs\/produkty\/proteinove-doplnky\/proteinove-tycinky\/#primaryimage","url":"https:\/\/herbastore.sk\/wp-content\/uploads\/2021\/10\/Herbalife-proteinove-tycinky-citronove.jpg","contentUrl":"https:\/\/herbastore.sk\/wp-content\/uploads\/2021\/10\/Herbalife-proteinove-tycinky-citronove.jpg","width":534,"height":800,"caption":"Herbalife proteinova tycinka citronova"},{"@type":"BreadcrumbList","@id":"https:\/\/herbastore.sk\/cs\/produkty\/proteinove-doplnky\/proteinove-tycinky\/#breadcrumb","itemListElement":[{"@type":"ListItem","position":1,"name":"Home","item":"https:\/\/herbastore.sk\/cs\/"},{"@type":"ListItem","position":2,"name":"Produkty","item":"https:\/\/herbastore.sk\/cs\/produkty\/"},{"@type":"ListItem","position":3,"name":"Proteinov\u00e9 ty\u010dinky"}]},{"@type":"WebSite","@id":"https:\/\/herbastore.sk\/cs\/#website","url":"https:\/\/herbastore.sk\/cs\/","name":"herbastore","description":"Produkty Herbalife z pohodlia v\u00e1\u0161ho domova","publisher":{"@id":"https:\/\/herbastore.sk\/cs\/#organization"},"potentialAction":[{"@type":"SearchAction","target":{"@type":"EntryPoint","urlTemplate":"https:\/\/herbastore.sk\/cs\/?s={search_term_string}"},"query-input":{"@type":"PropertyValueSpecification","valueRequired":true,"valueName":"search_term_string"}}],"inLanguage":"cs"},{"@type":"Organization","@id":"https:\/\/herbastore.sk\/cs\/#organization","name":"herbastore.sk","url":"https:\/\/herbastore.sk\/cs\/","logo":{"@type":"ImageObject","inLanguage":"cs","@id":"https:\/\/herbastore.sk\/cs\/#\/schema\/logo\/image\/","url":"https:\/\/herbastore.sk\/wp-content\/uploads\/2018\/11\/herbastore-ikona.png","contentUrl":"https:\/\/herbastore.sk\/wp-content\/uploads\/2018\/11\/herbastore-ikona.png","width":512,"height":512,"caption":"herbastore.sk"},"image":{"@id":"https:\/\/herbastore.sk\/cs\/#\/schema\/logo\/image\/"},"sameAs":["https:\/\/www.facebook.com\/herbastoresk\/","https:\/\/www.instagram.com\/herbastore.sk\/"]}]}},"_links":{"self":[{"href":"https:\/\/herbastore.sk\/cs\/wp-json\/wp\/v2\/product\/7331","targetHints":{"allow":["GET"]}}],"collection":[{"href":"https:\/\/herbastore.sk\/cs\/wp-json\/wp\/v2\/product"}],"about":[{"href":"https:\/\/herbastore.sk\/cs\/wp-json\/wp\/v2\/types\/product"}],"replies":[{"embeddable":true,"href":"https:\/\/herbastore.sk\/cs\/wp-json\/wp\/v2\/comments?post=7331"}],"wp:featuredmedia":[{"embeddable":true,"href":"https:\/\/herbastore.sk\/cs\/wp-json\/wp\/v2\/media\/15113"}],"wp:attachment":[{"href":"https:\/\/herbastore.sk\/cs\/wp-json\/wp\/v2\/media?parent=7331"}],"wp:term":[{"taxonomy":"product_brand","embeddable":true,"href":"https:\/\/herbastore.sk\/cs\/wp-json\/wp\/v2\/product_brand?post=7331"},{"taxonomy":"product_cat","embeddable":true,"href":"https:\/\/herbastore.sk\/cs\/wp-json\/wp\/v2\/product_cat?post=7331"},{"taxonomy":"product_tag","embeddable":true,"href":"https:\/\/herbastore.sk\/cs\/wp-json\/wp\/v2\/product_tag?post=7331"}],"curies":[{"name":"wp","href":"https:\/\/api.w.org\/{rel}","templated":true}]}}