{"id":7329,"date":"2019-02-03T13:30:05","date_gmt":"2020-07-20T11:35:23","guid":{"rendered":"https:\/\/herbastore.sk\/produkty\/nezarazene\/hydratacni-ocni-krem\/"},"modified":"2025-03-12T10:50:27","modified_gmt":"2025-03-12T09:50:27","slug":"hydratacni-ocni-krem","status":"publish","type":"product","link":"https:\/\/herbastore.sk\/cs\/produkty\/herbalife-skin\/hydratacni-ocni-krem\/","title":{"rendered":"Hydrata\u010dn\u00ed o\u010dn\u00ed kr\u00e9m"},"content":{"rendered":"<h2>Herbalife SKIN Hydrata\u010dn\u00ed o\u010dn\u00ed kr\u00e9m<\/h2>\n<p> Vlastnosti a \u00fa\u010dinky<\/p>\n<div class=\"row\"  id=\"row-805030992\">\n\n\t<div id=\"col-839303087\" class=\"col medium-1\/2 large-6\"  >\n\t\t\t\t<div class=\"col-inner\"  >\n\t\t\t\n\t\t\t\n<ul>\n<li class=\"bullet-checkmark\">Napom\u00e1h\u00e1 sn\u00ed\u017eit po\u010det jemn\u00fdch vr\u00e1sek kolem o\u010d\u00ed<strong>*<\/strong><\/li>\n<li class=\"bullet-checkmark\">Klinick\u00e9 testov\u00e1n\u00ed prok\u00e1zalo zna\u010dn\u00e9 zlep\u0161en\u00ed vlhkosti pleti b\u011bhem osmi hodin<strong>**<\/strong><\/li>\n<li class=\"bullet-checkmark\">Praktick\u00e9 balen\u00ed v lahvi\u010dce s pumpi\u010dkou<\/li>\n<\/ul>\n\t\t<\/div>\n\t\t\t\t\t<\/div>\n\n\t\n\n\t<div id=\"col-1937077949\" class=\"col medium-1\/2 large-6\"  >\n\t\t\t\t<div class=\"col-inner\"  >\n\t\t\t\n\t\t\t\n<ul>\n<li class=\"bullet-checkmark\">Va\u0161emu o\u010dn\u00edmu okol\u00ed pom\u016f\u017ee i d\u00edky revitalizuj\u00edc\u00edmu extraktu z okurky, jeho\u017e prosp\u011b\u0161nost je v\u0161eobecn\u011b zn\u00e1m\u00e1<\/li>\n<li class=\"bullet-checkmark\">Vhodn\u00e9 pro <strong>v\u0161echny typy pleti<\/strong><\/li>\n<li class=\"bullet-checkmark\">\u017d\u00e1dn\u00e9 p\u0159idan\u00e9 parabeny, dermatologicky testov\u00e1no<\/li>\n<\/ul>\n\t\t<\/div>\n\t\t\t\t\t<\/div>\n\n\t\n<\/div>\n<h2>Slo\u017een\u00ed<\/h2>\n<p> Jedine\u010dn\u00e1 receptura obsahuj\u00edc\u00ed velk\u00e9 mno\u017estv\u00ed p\u0159\u00edrodn\u00edch slo\u017eek, kter\u00e9 jsou nejen kvalitn\u00ed, ale i vysoce \u00fa\u010dinn\u00e9: <\/p>\n<ul>\n<li class=\"bullet-arrow\">Vitam\u00edny E a C &#8211; maj\u00ed omlazovac\u00ed a antioxida\u010dn\u00ed \u00fa\u010dinky<\/li>\n<li class=\"bullet-arrow\">Vitam\u00edn B3<\/li>\n<li class=\"bullet-arrow\">Aloe Vera &#8211; zjem\u0148uje, hydratuje a zklid\u0148uje poko\u017eku<\/li>\n<li class=\"bullet-arrow\">Okurkov\u00fd extrakt<\/li>\n<li class=\"bullet-arrow\">Makadamov\u00fd olej<\/li>\n<li class=\"bullet-arrow\">Peptid<\/li>\n<\/ul>\n<h2>Pou\u017eit\u00ed<\/h2>\n<p> V\u00edce informac\u00ed a praktick\u00fdch tip\u016f najdete na podstr\u00e1nce v\u011bnovan\u00e9 v\u00fdhradn\u011b na\u0161im <a href=\"https:\/\/herbastore.sk\/cs\/herbalife-skin-otazky-odpovedi\/\">produktov\u00e9 \u0159ad\u011b Herbalife SKIN<\/a><\/p>\n<ul>\n<li class=\"bullet-arrow\">Hydrata\u010dn\u00ed o\u010dn\u00ed kr\u00e9m pou\u017e\u00edvejte r\u00e1no a ve\u010der<\/li>\n<li class=\"bullet-arrow\">Jemn\u011b vmas\u00edrujte mal\u00e9 mno\u017estv\u00ed p\u0159\u00edpravku na poko\u017eku o\u010dn\u00edho okol\u00ed<\/li>\n<li class=\"bullet-arrow\">Pokra\u010dujte <a href=\"https:\/\/herbastore.sk\/cs\/produkty\/herbalife-skin\/vyzivny-nocni-krem\/\">v\u00fd\u017eivn\u00fdm no\u010dn\u00edm kr\u00e9mem<\/a><\/li>\n<\/ul>\n<p><strong>*<\/strong> Klinicky testov\u00e1no na subjektech pomoc\u00ed skeneru Visio ke zji\u0161t\u011bn\u00ed drsnosti k\u016f\u017ee, m\u011b\u0159eno v intervalech nula, sedm a 42 dn\u00ed. <strong>**<\/strong> Testov\u00e1no na subjektech, kter\u00e9 m\u011b\u0159ily vlhkost poko\u017eky v osmihodinov\u00fdch intervalech. Ple\u0165 100 % subjekt\u016f vykazovala po osmi hodin\u00e1ch od za\u010d\u00e1tku testov\u00e1n\u00ed dvojn\u00e1sobnou vlhkost.<\/p>\n","protected":false},"excerpt":{"rendered":"<p>15 ml <div class=\"is-divider divider clearfix\" ><\/div> Pom\u00e1h\u00e1 minimalizovat v\u00fdskyt jemn\u00fdch linek kolem o\u010d\u00ed. Tato oblast obsahuje mal\u00e9 mno\u017estv\u00ed potn\u00edch a tukov\u00fdch \u017el\u00e1z, a tud\u00ed\u017e je velmi n\u00e1chyln\u00e1 na dehydrataci. Pom\u016f\u017ee v\u00e1m hydrata\u010dn\u00ed o\u010dn\u00ed kr\u00e9m pro v\u0161echny typy pleti z \u0159ady Herbalife SKIN, kter\u00fd zajist\u00ed nejen kvalitn\u00ed hydrataci a vy\u017eiven\u00ed o\u010dn\u00edho okol\u00ed, ale zabr\u00e1n\u00ed i v\u00fdskytu jemn\u00fdch vr\u00e1sek.<\/p>\n","protected":false},"featured_media":7330,"comment_status":"open","ping_status":"closed","template":"","meta":{"inline_featured_image":false},"product_brand":[],"product_cat":[178],"product_tag":[203],"class_list":{"0":"post-7329","1":"product","2":"type-product","3":"status-publish","4":"has-post-thumbnail","6":"product_cat-herbalife-skin","7":"product_tag-hezci-plet-a-vlasy","9":"first","10":"instock","11":"taxable","12":"shipping-taxable","13":"purchasable","14":"product-type-simple"},"yoast_head":"<!-- This site is optimized with the Yoast SEO plugin v26.8 - https:\/\/yoast.com\/product\/yoast-seo-wordpress\/ -->\n<title>Herbalife SKIN Hydrata\u010dn\u00ed o\u010dn\u00ed kr\u00e9m 15 ml - herbastore.sk<\/title>\n<meta name=\"description\" content=\"Zajist\u00ed kvalitn\u00ed hydrataci, vy\u017eiven\u00ed o\u010dn\u00edho okol\u00ed a zabr\u00e1n\u00ed v\u00fdskytu jemn\u00fdch vr\u00e1sek. O\u010dn\u00ed kr\u00e9m vhodn\u00fd pro v\u0161echny typy pleti. Dermatologicky testov\u00e1n.\" \/>\n<meta name=\"robots\" content=\"index, follow, max-snippet:-1, max-image-preview:large, max-video-preview:-1\" \/>\n<link rel=\"canonical\" href=\"https:\/\/herbastore.sk\/cs\/produkty\/herbalife-skin\/hydratacni-ocni-krem\/\" \/>\n<meta property=\"og:locale\" content=\"cs_CZ\" \/>\n<meta property=\"og:type\" content=\"article\" \/>\n<meta property=\"og:title\" content=\"Herbalife SKIN Hydrata\u010dn\u00ed o\u010dn\u00ed kr\u00e9m 15 ml - herbastore.sk\" \/>\n<meta property=\"og:description\" content=\"Zajist\u00ed kvalitn\u00ed hydrataci, vy\u017eiven\u00ed o\u010dn\u00edho okol\u00ed a zabr\u00e1n\u00ed v\u00fdskytu jemn\u00fdch vr\u00e1sek. O\u010dn\u00ed kr\u00e9m vhodn\u00fd pro v\u0161echny typy pleti. Dermatologicky testov\u00e1n.\" \/>\n<meta property=\"og:url\" content=\"https:\/\/herbastore.sk\/cs\/produkty\/herbalife-skin\/hydratacni-ocni-krem\/\" \/>\n<meta property=\"og:site_name\" content=\"herbastore\" \/>\n<meta property=\"article:publisher\" content=\"https:\/\/www.facebook.com\/herbastoresk\/\" \/>\n<meta property=\"article:modified_time\" content=\"2025-03-12T09:50:27+00:00\" \/>\n<meta property=\"og:image\" content=\"https:\/\/herbastore.sk\/wp-content\/uploads\/2019\/02\/Hydratacny-ocny-krem.jpg\" \/>\n\t<meta property=\"og:image:width\" content=\"534\" \/>\n\t<meta property=\"og:image:height\" content=\"800\" \/>\n\t<meta property=\"og:image:type\" content=\"image\/jpeg\" \/>\n<meta name=\"twitter:card\" content=\"summary_large_image\" \/>\n<meta name=\"twitter:label1\" content=\"Odhadovan\u00e1 doba \u010dten\u00ed\" \/>\n\t<meta name=\"twitter:data1\" content=\"1 minuta\" \/>\n<script type=\"application\/ld+json\" class=\"yoast-schema-graph\">{\"@context\":\"https:\/\/schema.org\",\"@graph\":[{\"@type\":\"WebPage\",\"@id\":\"https:\/\/herbastore.sk\/cs\/produkty\/herbalife-skin\/hydratacni-ocni-krem\/\",\"url\":\"https:\/\/herbastore.sk\/cs\/produkty\/herbalife-skin\/hydratacni-ocni-krem\/\",\"name\":\"Herbalife SKIN Hydrata\u010dn\u00ed o\u010dn\u00ed kr\u00e9m 15 ml - herbastore.sk\",\"isPartOf\":{\"@id\":\"https:\/\/herbastore.sk\/cs\/#website\"},\"primaryImageOfPage\":{\"@id\":\"https:\/\/herbastore.sk\/cs\/produkty\/herbalife-skin\/hydratacni-ocni-krem\/#primaryimage\"},\"image\":{\"@id\":\"https:\/\/herbastore.sk\/cs\/produkty\/herbalife-skin\/hydratacni-ocni-krem\/#primaryimage\"},\"thumbnailUrl\":\"https:\/\/herbastore.sk\/wp-content\/uploads\/2019\/02\/Hydratacny-ocny-krem.jpg\",\"datePublished\":\"2020-07-20T11:35:23+00:00\",\"dateModified\":\"2025-03-12T09:50:27+00:00\",\"description\":\"Zajist\u00ed kvalitn\u00ed hydrataci, vy\u017eiven\u00ed o\u010dn\u00edho okol\u00ed a zabr\u00e1n\u00ed v\u00fdskytu jemn\u00fdch vr\u00e1sek. O\u010dn\u00ed kr\u00e9m vhodn\u00fd pro v\u0161echny typy pleti. Dermatologicky testov\u00e1n.\",\"breadcrumb\":{\"@id\":\"https:\/\/herbastore.sk\/cs\/produkty\/herbalife-skin\/hydratacni-ocni-krem\/#breadcrumb\"},\"inLanguage\":\"cs\",\"potentialAction\":[{\"@type\":\"ReadAction\",\"target\":[\"https:\/\/herbastore.sk\/cs\/produkty\/herbalife-skin\/hydratacni-ocni-krem\/\"]}]},{\"@type\":\"ImageObject\",\"inLanguage\":\"cs\",\"@id\":\"https:\/\/herbastore.sk\/cs\/produkty\/herbalife-skin\/hydratacni-ocni-krem\/#primaryimage\",\"url\":\"https:\/\/herbastore.sk\/wp-content\/uploads\/2019\/02\/Hydratacny-ocny-krem.jpg\",\"contentUrl\":\"https:\/\/herbastore.sk\/wp-content\/uploads\/2019\/02\/Hydratacny-ocny-krem.jpg\",\"width\":534,\"height\":800,\"caption\":\"Herbalife SKIN hydratacni ocni krem\"},{\"@type\":\"BreadcrumbList\",\"@id\":\"https:\/\/herbastore.sk\/cs\/produkty\/herbalife-skin\/hydratacni-ocni-krem\/#breadcrumb\",\"itemListElement\":[{\"@type\":\"ListItem\",\"position\":1,\"name\":\"Home\",\"item\":\"https:\/\/herbastore.sk\/cs\/\"},{\"@type\":\"ListItem\",\"position\":2,\"name\":\"Produkty\",\"item\":\"https:\/\/herbastore.sk\/cs\/produkty\/\"},{\"@type\":\"ListItem\",\"position\":3,\"name\":\"Hydrata\u010dn\u00ed o\u010dn\u00ed kr\u00e9m\"}]},{\"@type\":\"WebSite\",\"@id\":\"https:\/\/herbastore.sk\/cs\/#website\",\"url\":\"https:\/\/herbastore.sk\/cs\/\",\"name\":\"herbastore\",\"description\":\"Produkty Herbalife z pohodlia v\u00e1\u0161ho domova\",\"publisher\":{\"@id\":\"https:\/\/herbastore.sk\/cs\/#organization\"},\"potentialAction\":[{\"@type\":\"SearchAction\",\"target\":{\"@type\":\"EntryPoint\",\"urlTemplate\":\"https:\/\/herbastore.sk\/cs\/?s={search_term_string}\"},\"query-input\":{\"@type\":\"PropertyValueSpecification\",\"valueRequired\":true,\"valueName\":\"search_term_string\"}}],\"inLanguage\":\"cs\"},{\"@type\":\"Organization\",\"@id\":\"https:\/\/herbastore.sk\/cs\/#organization\",\"name\":\"herbastore.sk\",\"url\":\"https:\/\/herbastore.sk\/cs\/\",\"logo\":{\"@type\":\"ImageObject\",\"inLanguage\":\"cs\",\"@id\":\"https:\/\/herbastore.sk\/cs\/#\/schema\/logo\/image\/\",\"url\":\"https:\/\/herbastore.sk\/wp-content\/uploads\/2018\/11\/herbastore-ikona.png\",\"contentUrl\":\"https:\/\/herbastore.sk\/wp-content\/uploads\/2018\/11\/herbastore-ikona.png\",\"width\":512,\"height\":512,\"caption\":\"herbastore.sk\"},\"image\":{\"@id\":\"https:\/\/herbastore.sk\/cs\/#\/schema\/logo\/image\/\"},\"sameAs\":[\"https:\/\/www.facebook.com\/herbastoresk\/\",\"https:\/\/www.instagram.com\/herbastore.sk\/\"]}]}<\/script>\n<!-- \/ Yoast SEO plugin. -->","yoast_head_json":{"title":"Herbalife SKIN Hydrata\u010dn\u00ed o\u010dn\u00ed kr\u00e9m 15 ml - herbastore.sk","description":"Zajist\u00ed kvalitn\u00ed hydrataci, vy\u017eiven\u00ed o\u010dn\u00edho okol\u00ed a zabr\u00e1n\u00ed v\u00fdskytu jemn\u00fdch vr\u00e1sek. O\u010dn\u00ed kr\u00e9m vhodn\u00fd pro v\u0161echny typy pleti. Dermatologicky testov\u00e1n.","robots":{"index":"index","follow":"follow","max-snippet":"max-snippet:-1","max-image-preview":"max-image-preview:large","max-video-preview":"max-video-preview:-1"},"canonical":"https:\/\/herbastore.sk\/cs\/produkty\/herbalife-skin\/hydratacni-ocni-krem\/","og_locale":"cs_CZ","og_type":"article","og_title":"Herbalife SKIN Hydrata\u010dn\u00ed o\u010dn\u00ed kr\u00e9m 15 ml - herbastore.sk","og_description":"Zajist\u00ed kvalitn\u00ed hydrataci, vy\u017eiven\u00ed o\u010dn\u00edho okol\u00ed a zabr\u00e1n\u00ed v\u00fdskytu jemn\u00fdch vr\u00e1sek. O\u010dn\u00ed kr\u00e9m vhodn\u00fd pro v\u0161echny typy pleti. Dermatologicky testov\u00e1n.","og_url":"https:\/\/herbastore.sk\/cs\/produkty\/herbalife-skin\/hydratacni-ocni-krem\/","og_site_name":"herbastore","article_publisher":"https:\/\/www.facebook.com\/herbastoresk\/","article_modified_time":"2025-03-12T09:50:27+00:00","og_image":[{"width":534,"height":800,"url":"https:\/\/herbastore.sk\/wp-content\/uploads\/2019\/02\/Hydratacny-ocny-krem.jpg","type":"image\/jpeg"}],"twitter_card":"summary_large_image","twitter_misc":{"Odhadovan\u00e1 doba \u010dten\u00ed":"1 minuta"},"schema":{"@context":"https:\/\/schema.org","@graph":[{"@type":"WebPage","@id":"https:\/\/herbastore.sk\/cs\/produkty\/herbalife-skin\/hydratacni-ocni-krem\/","url":"https:\/\/herbastore.sk\/cs\/produkty\/herbalife-skin\/hydratacni-ocni-krem\/","name":"Herbalife SKIN Hydrata\u010dn\u00ed o\u010dn\u00ed kr\u00e9m 15 ml - herbastore.sk","isPartOf":{"@id":"https:\/\/herbastore.sk\/cs\/#website"},"primaryImageOfPage":{"@id":"https:\/\/herbastore.sk\/cs\/produkty\/herbalife-skin\/hydratacni-ocni-krem\/#primaryimage"},"image":{"@id":"https:\/\/herbastore.sk\/cs\/produkty\/herbalife-skin\/hydratacni-ocni-krem\/#primaryimage"},"thumbnailUrl":"https:\/\/herbastore.sk\/wp-content\/uploads\/2019\/02\/Hydratacny-ocny-krem.jpg","datePublished":"2020-07-20T11:35:23+00:00","dateModified":"2025-03-12T09:50:27+00:00","description":"Zajist\u00ed kvalitn\u00ed hydrataci, vy\u017eiven\u00ed o\u010dn\u00edho okol\u00ed a zabr\u00e1n\u00ed v\u00fdskytu jemn\u00fdch vr\u00e1sek. O\u010dn\u00ed kr\u00e9m vhodn\u00fd pro v\u0161echny typy pleti. Dermatologicky testov\u00e1n.","breadcrumb":{"@id":"https:\/\/herbastore.sk\/cs\/produkty\/herbalife-skin\/hydratacni-ocni-krem\/#breadcrumb"},"inLanguage":"cs","potentialAction":[{"@type":"ReadAction","target":["https:\/\/herbastore.sk\/cs\/produkty\/herbalife-skin\/hydratacni-ocni-krem\/"]}]},{"@type":"ImageObject","inLanguage":"cs","@id":"https:\/\/herbastore.sk\/cs\/produkty\/herbalife-skin\/hydratacni-ocni-krem\/#primaryimage","url":"https:\/\/herbastore.sk\/wp-content\/uploads\/2019\/02\/Hydratacny-ocny-krem.jpg","contentUrl":"https:\/\/herbastore.sk\/wp-content\/uploads\/2019\/02\/Hydratacny-ocny-krem.jpg","width":534,"height":800,"caption":"Herbalife SKIN hydratacni ocni krem"},{"@type":"BreadcrumbList","@id":"https:\/\/herbastore.sk\/cs\/produkty\/herbalife-skin\/hydratacni-ocni-krem\/#breadcrumb","itemListElement":[{"@type":"ListItem","position":1,"name":"Home","item":"https:\/\/herbastore.sk\/cs\/"},{"@type":"ListItem","position":2,"name":"Produkty","item":"https:\/\/herbastore.sk\/cs\/produkty\/"},{"@type":"ListItem","position":3,"name":"Hydrata\u010dn\u00ed o\u010dn\u00ed kr\u00e9m"}]},{"@type":"WebSite","@id":"https:\/\/herbastore.sk\/cs\/#website","url":"https:\/\/herbastore.sk\/cs\/","name":"herbastore","description":"Produkty Herbalife z pohodlia v\u00e1\u0161ho domova","publisher":{"@id":"https:\/\/herbastore.sk\/cs\/#organization"},"potentialAction":[{"@type":"SearchAction","target":{"@type":"EntryPoint","urlTemplate":"https:\/\/herbastore.sk\/cs\/?s={search_term_string}"},"query-input":{"@type":"PropertyValueSpecification","valueRequired":true,"valueName":"search_term_string"}}],"inLanguage":"cs"},{"@type":"Organization","@id":"https:\/\/herbastore.sk\/cs\/#organization","name":"herbastore.sk","url":"https:\/\/herbastore.sk\/cs\/","logo":{"@type":"ImageObject","inLanguage":"cs","@id":"https:\/\/herbastore.sk\/cs\/#\/schema\/logo\/image\/","url":"https:\/\/herbastore.sk\/wp-content\/uploads\/2018\/11\/herbastore-ikona.png","contentUrl":"https:\/\/herbastore.sk\/wp-content\/uploads\/2018\/11\/herbastore-ikona.png","width":512,"height":512,"caption":"herbastore.sk"},"image":{"@id":"https:\/\/herbastore.sk\/cs\/#\/schema\/logo\/image\/"},"sameAs":["https:\/\/www.facebook.com\/herbastoresk\/","https:\/\/www.instagram.com\/herbastore.sk\/"]}]}},"_links":{"self":[{"href":"https:\/\/herbastore.sk\/cs\/wp-json\/wp\/v2\/product\/7329","targetHints":{"allow":["GET"]}}],"collection":[{"href":"https:\/\/herbastore.sk\/cs\/wp-json\/wp\/v2\/product"}],"about":[{"href":"https:\/\/herbastore.sk\/cs\/wp-json\/wp\/v2\/types\/product"}],"replies":[{"embeddable":true,"href":"https:\/\/herbastore.sk\/cs\/wp-json\/wp\/v2\/comments?post=7329"}],"wp:featuredmedia":[{"embeddable":true,"href":"https:\/\/herbastore.sk\/cs\/wp-json\/wp\/v2\/media\/7330"}],"wp:attachment":[{"href":"https:\/\/herbastore.sk\/cs\/wp-json\/wp\/v2\/media?parent=7329"}],"wp:term":[{"taxonomy":"product_brand","embeddable":true,"href":"https:\/\/herbastore.sk\/cs\/wp-json\/wp\/v2\/product_brand?post=7329"},{"taxonomy":"product_cat","embeddable":true,"href":"https:\/\/herbastore.sk\/cs\/wp-json\/wp\/v2\/product_cat?post=7329"},{"taxonomy":"product_tag","embeddable":true,"href":"https:\/\/herbastore.sk\/cs\/wp-json\/wp\/v2\/product_tag?post=7329"}],"curies":[{"name":"wp","href":"https:\/\/api.w.org\/{rel}","templated":true}]}}