{"id":7322,"date":"2018-10-11T10:56:38","date_gmt":"2020-07-20T10:50:49","guid":{"rendered":"https:\/\/herbastore.sk\/produkty\/nezarazene\/protein-drink-mix\/"},"modified":"2026-01-18T21:28:43","modified_gmt":"2026-01-18T20:28:43","slug":"protein-drink-mix","status":"publish","type":"product","link":"https:\/\/herbastore.sk\/cs\/produkty\/proteinove-doplnky\/protein-drink-mix\/","title":{"rendered":"Protein drink mix"},"content":{"rendered":"<h2>Jak v\u00e1m m\u016f\u017ee b\u00fdt Protein drink mix prosp\u011b\u0161n\u00fd?<\/h2>\n<p> Tento univerz\u00e1ln\u00ed produkt m\u016f\u017eete konzumovat dv\u011bma chutn\u00fdmi zp\u016fsoby. P\u0159ipravte si ho jako chutn\u00e9, n\u00edzkokalorick\u00e9 j\u00eddlo s vysok\u00fdm obsahem b\u00edlkovin kdykoliv b\u011bhem dne, nebo jej p\u0159idejte do sv\u00e9ho obl\u00edben\u00e9ho <a href=\"https:\/\/herbastore.sk\/cs\/produkty\/vyvazene-jidlo\/formula-1-koktejl\/\">koktejlu Herbalife Formula 1<\/a> pro vytvo\u0159en\u00ed skv\u011bl\u00e9ho kr\u00e9mov\u00e9ho n\u00e1poje. Tento produkt nen\u00ed klasifikov\u00e1n jako n\u00e1hrada j\u00eddla. <\/p>\n<h2>Kl\u00ed\u010dov\u00e9 v\u00fdhody<\/h2>\n<p> Aktivn\u00ed \u010dlov\u011bk by m\u011bl denn\u011b zkonzumovat minim\u00e1ln\u011b 0,8 a\u017e 1 g b\u00edlkovin na jeden kilogram sv\u00e9 hmotnosti. Nap\u0159\u00edklad mu\u017e, kter\u00fd v\u00e1\u017e\u00ed 100 kg, by m\u011bl denn\u011b zkonzumovat minim\u00e1ln\u011b 80 a\u017e 100 g b\u00edlkovin. \u017dena s hmotnost\u00ed 50 kg by m\u011bla zkonzumovat 40 a\u017e 50 g b\u00edlkovin denn\u011b. Na\u0161e t\u011blo nedok\u00e1\u017ee b\u00edlkoviny ukl\u00e1dat a ani si je nedok\u00e1\u017ee samo vytv\u00e1\u0159et, proto je t\u0159eba p\u0159ij\u00edmat ka\u017ed\u00fd den dostatek b\u00edlkovin ve strav\u011b.<\/p>\n<div class=\"row\"  id=\"row-1233979680\">\n\n\t<div id=\"col-284528689\" class=\"col medium-1\/2 large-6\"  >\n\t\t\t\t<div class=\"col-inner\"  >\n\t\t\t\n\t\t\t\n<ul>\n<li class=\"bullet-checkmark\">108 kcal na porci<\/li>\n<li class=\"bullet-checkmark\">15 g kvalitn\u00edho proteinu<\/li>\n<li class=\"bullet-checkmark\">7 g uhlohydr\u00e1t\u016f<\/li>\n<\/ul>\n\t\t<\/div>\n\t\t\t\t\t<\/div>\n\n\t\n\n\t<div id=\"col-645593298\" class=\"col medium-1\/2 large-6\"  >\n\t\t\t\t<div class=\"col-inner\"  >\n\t\t\t\n\t\t\t\n<ul>\n<li class=\"bullet-checkmark\">20 r\u016fzn\u00fdch vitam\u00edn\u016f a miner\u00e1l\u016f<\/li>\n<li class=\"bullet-checkmark\">Je mo\u017en\u00e9 ho m\u00edchat ve vod\u011b<\/li>\n<li class=\"bullet-checkmark\">Lahodn\u00e1 vanilkov\u00e1 p\u0159\u00edchu\u0165<\/li>\n<\/ul>\n\t\t<\/div>\n\t\t\t\t\t<\/div>\n\n\t\n<\/div>\n<h2>D\u00e1vkov\u00e1n\u00ed<\/h2>\n<ol>\n<li><strong> P\u0159idejte do va\u0161eho obl\u00edben\u00e9ho koktejlu<\/strong><\/li>\n<\/ol>\n<p> Sm\u00edchejte 1 pol\u00e9vkovou l\u017e\u00edci Protein drink mix (14 g) se dv\u011bma odm\u011brkami koktejlu <span style=\"color: #7bc143;\">Formula 1<\/span> a vytvo\u0159\u00edte kr\u00e9mov\u00fd a lahodn\u00fd n\u00e1poj p\u0159ekypuj\u00edc\u00ed dobrotou. M\u016f\u017eete kombinovat s jakoukoliv p\u0159\u00edchut\u00ed. <\/p>\n<ol start=\"2\">\n<li><strong> V\u00fd\u017eivn\u00e9, vysoce proteinov\u00e9 ob\u010derstven\u00ed<\/strong><\/li>\n<\/ol>\n<p> Sm\u00edchejte dv\u011b pol\u00e9vkov\u00e9 l\u017e\u00edce (28 g) se studenou vodou a vytvo\u0159\u00edte chutn\u00e9, vysoce proteinov\u00e9 ob\u010derstven\u00ed s n\u00edzk\u00fdm obsahem kalori\u00ed. <\/p>\n<p style=\"text-align: center;\"><a href=\"https:\/\/herbastore.sk\/wp-content\/uploads\/2018\/10\/Herbalife-protein-drink-mix-vyzivova-hodnota.jpg\"><img loading=\"lazy\" decoding=\"async\" class=\"aligncenter size-full wp-image-1691\" src=\"https:\/\/herbastore.sk\/wp-content\/uploads\/2018\/10\/Herbalife-protein-drink-mix-vyzivova-hodnota.jpg\" alt=\"Herbalife protein drink mix vyzivova hodnota\" width=\"2285\" height=\"1265\" srcset=\"https:\/\/herbastore.sk\/wp-content\/uploads\/2018\/10\/Herbalife-protein-drink-mix-vyzivova-hodnota.jpg 2285w, https:\/\/herbastore.sk\/wp-content\/uploads\/2018\/10\/Herbalife-protein-drink-mix-vyzivova-hodnota-267x148.jpg 267w, https:\/\/herbastore.sk\/wp-content\/uploads\/2018\/10\/Herbalife-protein-drink-mix-vyzivova-hodnota-534x296.jpg 534w, https:\/\/herbastore.sk\/wp-content\/uploads\/2018\/10\/Herbalife-protein-drink-mix-vyzivova-hodnota-723x400.jpg 723w, https:\/\/herbastore.sk\/wp-content\/uploads\/2018\/10\/Herbalife-protein-drink-mix-vyzivova-hodnota-1400x775.jpg 1400w, https:\/\/herbastore.sk\/wp-content\/uploads\/2018\/10\/Herbalife-protein-drink-mix-vyzivova-hodnota-768x425.jpg 768w, https:\/\/herbastore.sk\/wp-content\/uploads\/2018\/10\/Herbalife-protein-drink-mix-vyzivova-hodnota-1536x850.jpg 1536w, https:\/\/herbastore.sk\/wp-content\/uploads\/2018\/10\/Herbalife-protein-drink-mix-vyzivova-hodnota-2048x1134.jpg 2048w, https:\/\/herbastore.sk\/wp-content\/uploads\/2018\/10\/Herbalife-protein-drink-mix-vyzivova-hodnota-510x282.jpg 510w\" sizes=\"auto, (max-width: 2285px) 100vw, 2285px\" \/><\/a><\/p>\n<p style=\"text-align: center;\"><em>V\u00fd\u017eivov\u00e1 hodnota \u2013 Protein drink mix<\/em><\/p>\n","protected":false},"excerpt":{"rendered":"<p>588 g <div class=\"is-divider divider clearfix\" ><\/div> Protein drink mix je skv\u011bl\u00fdm prost\u0159edkem, kter\u00fd v\u00e1m napom\u016f\u017ee dos\u00e1hnout doporu\u010den\u00e9ho denn\u00edho p\u0159\u00edjemu b\u00edlkovin. O b\u00edlkovin\u00e1ch se obecn\u011b v\u00ed, \u017ee jsou stavebn\u00edm prvkem \u017eiv\u00fdch organism\u016f. Pln\u00ed tak\u00e9 v t\u011ble r\u016fzn\u00e9 funkce v\u010detn\u011b p\u0159isp\u00edv\u00e1n\u00ed k r\u016fstu svalov\u00e9 hmoty a udr\u017eov\u00e1n\u00ed objemu svalstva a zdrav\u00fdch kost\u00ed. Na\u0161e t\u011blo nedok\u00e1\u017ee b\u00edlkoviny ukl\u00e1dat a ani si je nedok\u00e1\u017ee samo vytv\u00e1\u0159et, proto je t\u0159eba p\u0159ij\u00edmat ka\u017ed\u00fd den dostatek b\u00edlkovin ve strav\u011b.<\/p>\n","protected":false},"featured_media":15100,"comment_status":"open","ping_status":"closed","template":"","meta":{"inline_featured_image":false},"product_brand":[],"product_cat":[180],"product_tag":[205],"class_list":{"0":"post-7322","1":"product","2":"type-product","3":"status-publish","4":"has-post-thumbnail","6":"product_cat-proteinove-doplnky","7":"product_tag-narust-svalove-hmoty","9":"first","10":"instock","11":"taxable","12":"shipping-taxable","13":"purchasable","14":"product-type-simple"},"yoast_head":"<!-- This site is optimized with the Yoast SEO plugin v26.8 - https:\/\/yoast.com\/product\/yoast-seo-wordpress\/ -->\n<title>Herbalife Protein drink mix 588 g - herbastore.sk<\/title>\n<meta name=\"description\" content=\"Herbalife Protein drink mix je lahodn\u00fd n\u00e1poj, kter\u00fd v\u00e1m pom\u016f\u017ee dos\u00e1hnout doporu\u010den\u00fd denn\u00ed p\u0159\u00edjem b\u00edlkovin. Obsahuje i 20 r\u016fzn\u00fdch vitam\u00edn\u016f a miner\u00e1l\u016f.\" \/>\n<meta name=\"robots\" content=\"index, follow, max-snippet:-1, max-image-preview:large, max-video-preview:-1\" \/>\n<link rel=\"canonical\" href=\"https:\/\/herbastore.sk\/cs\/produkty\/proteinove-doplnky\/protein-drink-mix\/\" \/>\n<meta property=\"og:locale\" content=\"cs_CZ\" \/>\n<meta property=\"og:type\" content=\"article\" \/>\n<meta property=\"og:title\" content=\"Herbalife Protein drink mix 588 g - herbastore.sk\" \/>\n<meta property=\"og:description\" content=\"Herbalife Protein drink mix je lahodn\u00fd n\u00e1poj, kter\u00fd v\u00e1m pom\u016f\u017ee dos\u00e1hnout doporu\u010den\u00fd denn\u00ed p\u0159\u00edjem b\u00edlkovin. Obsahuje i 20 r\u016fzn\u00fdch vitam\u00edn\u016f a miner\u00e1l\u016f.\" \/>\n<meta property=\"og:url\" content=\"https:\/\/herbastore.sk\/cs\/produkty\/proteinove-doplnky\/protein-drink-mix\/\" \/>\n<meta property=\"og:site_name\" content=\"herbastore\" \/>\n<meta property=\"article:publisher\" content=\"https:\/\/www.facebook.com\/herbastoresk\/\" \/>\n<meta property=\"article:modified_time\" content=\"2026-01-18T20:28:43+00:00\" \/>\n<meta property=\"og:image\" content=\"https:\/\/herbastore.sk\/wp-content\/uploads\/2021\/10\/Herbalife-protein-drink-mix-vanilka.jpg\" \/>\n\t<meta property=\"og:image:width\" content=\"534\" \/>\n\t<meta property=\"og:image:height\" content=\"800\" \/>\n\t<meta property=\"og:image:type\" content=\"image\/jpeg\" \/>\n<meta name=\"twitter:card\" content=\"summary_large_image\" \/>\n<meta name=\"twitter:label1\" content=\"Odhadovan\u00e1 doba \u010dten\u00ed\" \/>\n\t<meta name=\"twitter:data1\" content=\"1 minuta\" \/>\n<script type=\"application\/ld+json\" class=\"yoast-schema-graph\">{\"@context\":\"https:\/\/schema.org\",\"@graph\":[{\"@type\":\"WebPage\",\"@id\":\"https:\/\/herbastore.sk\/cs\/produkty\/proteinove-doplnky\/protein-drink-mix\/\",\"url\":\"https:\/\/herbastore.sk\/cs\/produkty\/proteinove-doplnky\/protein-drink-mix\/\",\"name\":\"Herbalife Protein drink mix 588 g - herbastore.sk\",\"isPartOf\":{\"@id\":\"https:\/\/herbastore.sk\/cs\/#website\"},\"primaryImageOfPage\":{\"@id\":\"https:\/\/herbastore.sk\/cs\/produkty\/proteinove-doplnky\/protein-drink-mix\/#primaryimage\"},\"image\":{\"@id\":\"https:\/\/herbastore.sk\/cs\/produkty\/proteinove-doplnky\/protein-drink-mix\/#primaryimage\"},\"thumbnailUrl\":\"https:\/\/herbastore.sk\/wp-content\/uploads\/2021\/10\/Herbalife-protein-drink-mix-vanilka.jpg\",\"datePublished\":\"2020-07-20T10:50:49+00:00\",\"dateModified\":\"2026-01-18T20:28:43+00:00\",\"description\":\"Herbalife Protein drink mix je lahodn\u00fd n\u00e1poj, kter\u00fd v\u00e1m pom\u016f\u017ee dos\u00e1hnout doporu\u010den\u00fd denn\u00ed p\u0159\u00edjem b\u00edlkovin. Obsahuje i 20 r\u016fzn\u00fdch vitam\u00edn\u016f a miner\u00e1l\u016f.\",\"breadcrumb\":{\"@id\":\"https:\/\/herbastore.sk\/cs\/produkty\/proteinove-doplnky\/protein-drink-mix\/#breadcrumb\"},\"inLanguage\":\"cs\",\"potentialAction\":[{\"@type\":\"ReadAction\",\"target\":[\"https:\/\/herbastore.sk\/cs\/produkty\/proteinove-doplnky\/protein-drink-mix\/\"]}]},{\"@type\":\"ImageObject\",\"inLanguage\":\"cs\",\"@id\":\"https:\/\/herbastore.sk\/cs\/produkty\/proteinove-doplnky\/protein-drink-mix\/#primaryimage\",\"url\":\"https:\/\/herbastore.sk\/wp-content\/uploads\/2021\/10\/Herbalife-protein-drink-mix-vanilka.jpg\",\"contentUrl\":\"https:\/\/herbastore.sk\/wp-content\/uploads\/2021\/10\/Herbalife-protein-drink-mix-vanilka.jpg\",\"width\":534,\"height\":800,\"caption\":\"Herbalife Protein drink mix s vanilkovou prichuti\"},{\"@type\":\"BreadcrumbList\",\"@id\":\"https:\/\/herbastore.sk\/cs\/produkty\/proteinove-doplnky\/protein-drink-mix\/#breadcrumb\",\"itemListElement\":[{\"@type\":\"ListItem\",\"position\":1,\"name\":\"Home\",\"item\":\"https:\/\/herbastore.sk\/cs\/\"},{\"@type\":\"ListItem\",\"position\":2,\"name\":\"Produkty\",\"item\":\"https:\/\/herbastore.sk\/cs\/produkty\/\"},{\"@type\":\"ListItem\",\"position\":3,\"name\":\"Protein drink mix\"}]},{\"@type\":\"WebSite\",\"@id\":\"https:\/\/herbastore.sk\/cs\/#website\",\"url\":\"https:\/\/herbastore.sk\/cs\/\",\"name\":\"herbastore\",\"description\":\"Produkty Herbalife z pohodlia v\u00e1\u0161ho domova\",\"publisher\":{\"@id\":\"https:\/\/herbastore.sk\/cs\/#organization\"},\"potentialAction\":[{\"@type\":\"SearchAction\",\"target\":{\"@type\":\"EntryPoint\",\"urlTemplate\":\"https:\/\/herbastore.sk\/cs\/?s={search_term_string}\"},\"query-input\":{\"@type\":\"PropertyValueSpecification\",\"valueRequired\":true,\"valueName\":\"search_term_string\"}}],\"inLanguage\":\"cs\"},{\"@type\":\"Organization\",\"@id\":\"https:\/\/herbastore.sk\/cs\/#organization\",\"name\":\"herbastore.sk\",\"url\":\"https:\/\/herbastore.sk\/cs\/\",\"logo\":{\"@type\":\"ImageObject\",\"inLanguage\":\"cs\",\"@id\":\"https:\/\/herbastore.sk\/cs\/#\/schema\/logo\/image\/\",\"url\":\"https:\/\/herbastore.sk\/wp-content\/uploads\/2018\/11\/herbastore-ikona.png\",\"contentUrl\":\"https:\/\/herbastore.sk\/wp-content\/uploads\/2018\/11\/herbastore-ikona.png\",\"width\":512,\"height\":512,\"caption\":\"herbastore.sk\"},\"image\":{\"@id\":\"https:\/\/herbastore.sk\/cs\/#\/schema\/logo\/image\/\"},\"sameAs\":[\"https:\/\/www.facebook.com\/herbastoresk\/\",\"https:\/\/www.instagram.com\/herbastore.sk\/\"]}]}<\/script>\n<!-- \/ Yoast SEO plugin. -->","yoast_head_json":{"title":"Herbalife Protein drink mix 588 g - herbastore.sk","description":"Herbalife Protein drink mix je lahodn\u00fd n\u00e1poj, kter\u00fd v\u00e1m pom\u016f\u017ee dos\u00e1hnout doporu\u010den\u00fd denn\u00ed p\u0159\u00edjem b\u00edlkovin. Obsahuje i 20 r\u016fzn\u00fdch vitam\u00edn\u016f a miner\u00e1l\u016f.","robots":{"index":"index","follow":"follow","max-snippet":"max-snippet:-1","max-image-preview":"max-image-preview:large","max-video-preview":"max-video-preview:-1"},"canonical":"https:\/\/herbastore.sk\/cs\/produkty\/proteinove-doplnky\/protein-drink-mix\/","og_locale":"cs_CZ","og_type":"article","og_title":"Herbalife Protein drink mix 588 g - herbastore.sk","og_description":"Herbalife Protein drink mix je lahodn\u00fd n\u00e1poj, kter\u00fd v\u00e1m pom\u016f\u017ee dos\u00e1hnout doporu\u010den\u00fd denn\u00ed p\u0159\u00edjem b\u00edlkovin. Obsahuje i 20 r\u016fzn\u00fdch vitam\u00edn\u016f a miner\u00e1l\u016f.","og_url":"https:\/\/herbastore.sk\/cs\/produkty\/proteinove-doplnky\/protein-drink-mix\/","og_site_name":"herbastore","article_publisher":"https:\/\/www.facebook.com\/herbastoresk\/","article_modified_time":"2026-01-18T20:28:43+00:00","og_image":[{"width":534,"height":800,"url":"https:\/\/herbastore.sk\/wp-content\/uploads\/2021\/10\/Herbalife-protein-drink-mix-vanilka.jpg","type":"image\/jpeg"}],"twitter_card":"summary_large_image","twitter_misc":{"Odhadovan\u00e1 doba \u010dten\u00ed":"1 minuta"},"schema":{"@context":"https:\/\/schema.org","@graph":[{"@type":"WebPage","@id":"https:\/\/herbastore.sk\/cs\/produkty\/proteinove-doplnky\/protein-drink-mix\/","url":"https:\/\/herbastore.sk\/cs\/produkty\/proteinove-doplnky\/protein-drink-mix\/","name":"Herbalife Protein drink mix 588 g - herbastore.sk","isPartOf":{"@id":"https:\/\/herbastore.sk\/cs\/#website"},"primaryImageOfPage":{"@id":"https:\/\/herbastore.sk\/cs\/produkty\/proteinove-doplnky\/protein-drink-mix\/#primaryimage"},"image":{"@id":"https:\/\/herbastore.sk\/cs\/produkty\/proteinove-doplnky\/protein-drink-mix\/#primaryimage"},"thumbnailUrl":"https:\/\/herbastore.sk\/wp-content\/uploads\/2021\/10\/Herbalife-protein-drink-mix-vanilka.jpg","datePublished":"2020-07-20T10:50:49+00:00","dateModified":"2026-01-18T20:28:43+00:00","description":"Herbalife Protein drink mix je lahodn\u00fd n\u00e1poj, kter\u00fd v\u00e1m pom\u016f\u017ee dos\u00e1hnout doporu\u010den\u00fd denn\u00ed p\u0159\u00edjem b\u00edlkovin. Obsahuje i 20 r\u016fzn\u00fdch vitam\u00edn\u016f a miner\u00e1l\u016f.","breadcrumb":{"@id":"https:\/\/herbastore.sk\/cs\/produkty\/proteinove-doplnky\/protein-drink-mix\/#breadcrumb"},"inLanguage":"cs","potentialAction":[{"@type":"ReadAction","target":["https:\/\/herbastore.sk\/cs\/produkty\/proteinove-doplnky\/protein-drink-mix\/"]}]},{"@type":"ImageObject","inLanguage":"cs","@id":"https:\/\/herbastore.sk\/cs\/produkty\/proteinove-doplnky\/protein-drink-mix\/#primaryimage","url":"https:\/\/herbastore.sk\/wp-content\/uploads\/2021\/10\/Herbalife-protein-drink-mix-vanilka.jpg","contentUrl":"https:\/\/herbastore.sk\/wp-content\/uploads\/2021\/10\/Herbalife-protein-drink-mix-vanilka.jpg","width":534,"height":800,"caption":"Herbalife Protein drink mix s vanilkovou prichuti"},{"@type":"BreadcrumbList","@id":"https:\/\/herbastore.sk\/cs\/produkty\/proteinove-doplnky\/protein-drink-mix\/#breadcrumb","itemListElement":[{"@type":"ListItem","position":1,"name":"Home","item":"https:\/\/herbastore.sk\/cs\/"},{"@type":"ListItem","position":2,"name":"Produkty","item":"https:\/\/herbastore.sk\/cs\/produkty\/"},{"@type":"ListItem","position":3,"name":"Protein drink mix"}]},{"@type":"WebSite","@id":"https:\/\/herbastore.sk\/cs\/#website","url":"https:\/\/herbastore.sk\/cs\/","name":"herbastore","description":"Produkty Herbalife z pohodlia v\u00e1\u0161ho domova","publisher":{"@id":"https:\/\/herbastore.sk\/cs\/#organization"},"potentialAction":[{"@type":"SearchAction","target":{"@type":"EntryPoint","urlTemplate":"https:\/\/herbastore.sk\/cs\/?s={search_term_string}"},"query-input":{"@type":"PropertyValueSpecification","valueRequired":true,"valueName":"search_term_string"}}],"inLanguage":"cs"},{"@type":"Organization","@id":"https:\/\/herbastore.sk\/cs\/#organization","name":"herbastore.sk","url":"https:\/\/herbastore.sk\/cs\/","logo":{"@type":"ImageObject","inLanguage":"cs","@id":"https:\/\/herbastore.sk\/cs\/#\/schema\/logo\/image\/","url":"https:\/\/herbastore.sk\/wp-content\/uploads\/2018\/11\/herbastore-ikona.png","contentUrl":"https:\/\/herbastore.sk\/wp-content\/uploads\/2018\/11\/herbastore-ikona.png","width":512,"height":512,"caption":"herbastore.sk"},"image":{"@id":"https:\/\/herbastore.sk\/cs\/#\/schema\/logo\/image\/"},"sameAs":["https:\/\/www.facebook.com\/herbastoresk\/","https:\/\/www.instagram.com\/herbastore.sk\/"]}]}},"_links":{"self":[{"href":"https:\/\/herbastore.sk\/cs\/wp-json\/wp\/v2\/product\/7322","targetHints":{"allow":["GET"]}}],"collection":[{"href":"https:\/\/herbastore.sk\/cs\/wp-json\/wp\/v2\/product"}],"about":[{"href":"https:\/\/herbastore.sk\/cs\/wp-json\/wp\/v2\/types\/product"}],"replies":[{"embeddable":true,"href":"https:\/\/herbastore.sk\/cs\/wp-json\/wp\/v2\/comments?post=7322"}],"wp:featuredmedia":[{"embeddable":true,"href":"https:\/\/herbastore.sk\/cs\/wp-json\/wp\/v2\/media\/15100"}],"wp:attachment":[{"href":"https:\/\/herbastore.sk\/cs\/wp-json\/wp\/v2\/media?parent=7322"}],"wp:term":[{"taxonomy":"product_brand","embeddable":true,"href":"https:\/\/herbastore.sk\/cs\/wp-json\/wp\/v2\/product_brand?post=7322"},{"taxonomy":"product_cat","embeddable":true,"href":"https:\/\/herbastore.sk\/cs\/wp-json\/wp\/v2\/product_cat?post=7322"},{"taxonomy":"product_tag","embeddable":true,"href":"https:\/\/herbastore.sk\/cs\/wp-json\/wp\/v2\/product_tag?post=7322"}],"curies":[{"name":"wp","href":"https:\/\/api.w.org\/{rel}","templated":true}]}}