{"id":7318,"date":"2019-02-07T18:23:06","date_gmt":"2019-02-07T17:23:06","guid":{"rendered":"https:\/\/herbastore.sk\/produkty\/nezarazene\/hydratacni-krem-s-ochrannym-faktorem-spf-30\/"},"modified":"2025-02-12T21:32:11","modified_gmt":"2025-02-12T20:32:11","slug":"hydratacni-krem-s-ochrannym-faktorem-spf-30","status":"publish","type":"product","link":"https:\/\/herbastore.sk\/cs\/produkty\/herbalife-skin\/hydratacni-krem-s-ochrannym-faktorem-spf-30\/","title":{"rendered":"Hydrata\u010dn\u00ed kr\u00e9m s ochrann\u00fdm faktorem SPF 30"},"content":{"rendered":"<h2>Herbalife SKIN Hydrata\u010dn\u00ed kr\u00e9m s ochrann\u00fdm faktorem SPF 30<\/h2>\n<p> Vlastnosti a \u00fa\u010dinky<\/p>\n<div class=\"row\"  id=\"row-717311910\">\n\n\t<div id=\"col-662596241\" class=\"col medium-1\/2 large-6\"  >\n\t\t\t\t<div class=\"col-inner\"  >\n\t\t\t\n\t\t\t\n<ul>\n<li class=\"bullet-checkmark\">Napom\u00e1h\u00e1 sn\u00ed\u017eit po\u010det jemn\u00fdch vr\u00e1sek ji\u017e za 7 dn\u00ed<strong>*<\/strong><\/li>\n<li class=\"bullet-checkmark\">Dvojn\u00e1sobn\u00e1 vlhkost pleti po dobu osmi hodin<strong>**<\/strong><\/li>\n<li class=\"bullet-checkmark\">Ple\u0165 vypad\u00e1 zdrav\u011bj\u0161\u00ed a je na dotek jemn\u011bj\u0161\u00ed a hlad\u0161\u00ed ji\u017e za sedm dn\u00ed<strong>***<\/strong><\/li>\n<\/ul>\n\t\t<\/div>\n\t\t\t\t\t<\/div>\n\n\t\n\n\t<div id=\"col-111910326\" class=\"col medium-1\/2 large-6\"  >\n\t\t\t\t<div class=\"col-inner\"  >\n\t\t\t\n\t\t\t\n<ul>\n<li class=\"bullet-checkmark\">Poskytuje \u0161irok\u00e9 spektrum ochrany proti \u0161kodliv\u00e9mu UVA a UVB z\u00e1\u0159en\u00ed<\/li>\n<li class=\"bullet-checkmark\">Vhodn\u00e9 pro <strong>v\u0161echny typy pleti<\/strong><\/li>\n<li class=\"bullet-checkmark\">Testov\u00e1no dermatologem<\/li>\n<\/ul>\n\t\t<\/div>\n\t\t\t\t\t<\/div>\n\n\t\n<\/div>\n<h2>Slo\u017een\u00ed<\/h2>\n<p> Jedine\u010dn\u00e1 receptura obsahuj\u00edc\u00ed velk\u00e9 mno\u017estv\u00ed p\u0159\u00edrodn\u00edch slo\u017eek, kter\u00e9 jsou nejen kvalitn\u00ed, ale i vysoce \u00fa\u010dinn\u00e9: <\/p>\n<ul>\n<li class=\"bullet-arrow\">Vitam\u00edny E a C &#8211; maj\u00ed omlazovac\u00ed a antioxida\u010dn\u00ed \u00fa\u010dinky<\/li>\n<li class=\"bullet-arrow\">Vitam\u00edn B3<\/li>\n<li class=\"bullet-arrow\">Aloe Vera &#8211; zjem\u0148uje, hydratuje a zklid\u0148uje poko\u017eku<\/li>\n<li class=\"bullet-arrow\">Olej z makadamov\u00fdch o\u0159ech\u016f<\/li>\n<li class=\"bullet-arrow\">V\u00fdta\u017eek z okurky<\/li>\n<li class=\"bullet-arrow\">Peptid<\/li>\n<\/ul>\n<h2>Pou\u017eit\u00ed<\/h2>\n<p> V\u00edce informac\u00ed a praktick\u00fdch tip\u016f najdete na podstr\u00e1nce v\u011bnovan\u00e9 v\u00fdhradn\u011b na\u0161im <a href=\"https:\/\/herbastore.sk\/cs\/herbalife-skin-otazky-odpovedi\/\"><a href=\"https:\/\/herbastore.sk\/cs\/herbalife-skin-otazky-odpovedi\/\">produktov\u00e9 \u0159ad\u011b Herbalife SKIN<\/a><\/a><\/p>\n<ul>\n<li class=\"bullet-arrow\">Hydrata\u010dn\u00ed kr\u00e9m s ochrann\u00fdm faktorem SPF 30 pou\u017e\u00edvejte r\u00e1no a b\u011bhem dne (dle pot\u0159eby)<\/li>\n<li class=\"bullet-arrow\">Aplikujte na ple\u0165, jemn\u011b vmas\u00edrujte<\/li>\n<\/ul>\n<p><strong>*<\/strong> Klinicky testov\u00e1no na subjektech zji\u0161\u0165uj\u00edc\u00edch drsnost k\u016f\u017ee, m\u011b\u0159eno pomoc\u00ed skeneru Visio a reverzn\u00edho fotoin\u017een\u00fdrstv\u00ed v nulov\u00fdch, sedmidenn\u00edch a 42denn\u00edch intervalech. <strong>**<\/strong> Testov\u00e1no na subjektech, kter\u00e9 m\u011b\u0159ily vlhkost poko\u017eky v osmihodinov\u00fdch intervalech. K\u016f\u017ee 100 % subjekt\u016f vykazovala osm hodin po zah\u00e1jen\u00ed testov\u00e1n\u00ed dvojn\u00e1sobnou \u00farove\u0148 vlhkosti. <strong>***<\/strong> Testov\u00e1no na subjektech, m\u011b\u0159eno odborn\u00fdm viz\u00e1\u017eistou a hodnoceno v intervalech dvou, \u010dty\u0159 a sedmi dn\u016f.  V pr\u016fm\u011bru byl na pleti subjekt\u016f pozorov\u00e1n 46% rozd\u00edl v r\u016fzn\u00fdch m\u011b\u0159en\u00fdch parametrech.<\/p>\n","protected":false},"excerpt":{"rendered":"<p>50 ml <div class=\"is-divider divider clearfix\" ><\/div> Hydrata\u010dn\u00ed kr\u00e9m s dlouhotrvaj\u00edc\u00edm \u00fa\u010dinkem zanech\u00e1v\u00e1 poko\u017eku hladkou a hebkou. Poskytuje \u0161irok\u00e9 spektrum ochrany proti UVA a UVB z\u00e1\u0159en\u00ed. Vy\u017eivujte a z\u00e1rove\u0148 chra\u0148te svou ple\u0165 p\u0159ed \u0161kodliv\u00fdmi vlivy slune\u010dn\u00edho z\u00e1\u0159en\u00ed. Dodejte pleti b\u011bhem dne to, co opravdu pot\u0159ebuje, aby byla st\u00e1le kr\u00e1sn\u00e1, z\u00e1\u0159iv\u00e1 a hlavn\u011b chr\u00e1n\u011bn\u00e1.<\/p>\n","protected":false},"featured_media":7319,"comment_status":"open","ping_status":"closed","template":"","meta":{"inline_featured_image":false},"product_brand":[],"product_cat":[178],"product_tag":[203],"class_list":{"0":"post-7318","1":"product","2":"type-product","3":"status-publish","4":"has-post-thumbnail","6":"product_cat-herbalife-skin","7":"product_tag-hezci-plet-a-vlasy","9":"first","10":"outofstock","11":"taxable","12":"shipping-taxable","13":"purchasable","14":"product-type-simple"},"yoast_head":"<!-- This site is optimized with the Yoast SEO plugin v26.8 - https:\/\/yoast.com\/product\/yoast-seo-wordpress\/ -->\n<title>Herbalife Hydrata\u010dn\u00ed kr\u00e9m s ochrann\u00fdm faktorem SPF 30 - herbastore.sk<\/title>\n<meta name=\"description\" content=\"Hydrata\u010dn\u00ed kr\u00e9m s ochrann\u00fdm faktorem SPF 30 a dlouhodob\u00fdm \u00fa\u010dinkem zanech\u00e1v\u00e1 ple\u0165 hladkou a hebkou. Poskytuje \u0161irok\u00e9 spektrum ochrany proti UVA a UVB z\u00e1\u0159en\u00ed.\" \/>\n<meta name=\"robots\" content=\"index, follow, max-snippet:-1, max-image-preview:large, max-video-preview:-1\" \/>\n<link rel=\"canonical\" href=\"https:\/\/herbastore.sk\/cs\/produkty\/herbalife-skin\/hydratacni-krem-s-ochrannym-faktorem-spf-30\/\" \/>\n<meta property=\"og:locale\" content=\"cs_CZ\" \/>\n<meta property=\"og:type\" content=\"article\" \/>\n<meta property=\"og:title\" content=\"Herbalife Hydrata\u010dn\u00ed kr\u00e9m s ochrann\u00fdm faktorem SPF 30 - herbastore.sk\" \/>\n<meta property=\"og:description\" content=\"Hydrata\u010dn\u00ed kr\u00e9m s ochrann\u00fdm faktorem SPF 30 a dlouhodob\u00fdm \u00fa\u010dinkem zanech\u00e1v\u00e1 ple\u0165 hladkou a hebkou. Poskytuje \u0161irok\u00e9 spektrum ochrany proti UVA a UVB z\u00e1\u0159en\u00ed.\" \/>\n<meta property=\"og:url\" content=\"https:\/\/herbastore.sk\/cs\/produkty\/herbalife-skin\/hydratacni-krem-s-ochrannym-faktorem-spf-30\/\" \/>\n<meta property=\"og:site_name\" content=\"herbastore\" \/>\n<meta property=\"article:publisher\" content=\"https:\/\/www.facebook.com\/herbastoresk\/\" \/>\n<meta property=\"article:modified_time\" content=\"2025-02-12T20:32:11+00:00\" \/>\n<meta property=\"og:image\" content=\"https:\/\/herbastore.sk\/wp-content\/uploads\/2019\/02\/Hydratacny-krem-s-ochrannym-faktorom-spf-30.jpg\" \/>\n\t<meta property=\"og:image:width\" content=\"534\" \/>\n\t<meta property=\"og:image:height\" content=\"800\" \/>\n\t<meta property=\"og:image:type\" content=\"image\/jpeg\" \/>\n<meta name=\"twitter:card\" content=\"summary_large_image\" \/>\n<meta name=\"twitter:label1\" content=\"Odhadovan\u00e1 doba \u010dten\u00ed\" \/>\n\t<meta name=\"twitter:data1\" content=\"1 minuta\" \/>\n<script type=\"application\/ld+json\" class=\"yoast-schema-graph\">{\"@context\":\"https:\/\/schema.org\",\"@graph\":[{\"@type\":\"WebPage\",\"@id\":\"https:\/\/herbastore.sk\/cs\/produkty\/herbalife-skin\/hydratacni-krem-s-ochrannym-faktorem-spf-30\/\",\"url\":\"https:\/\/herbastore.sk\/cs\/produkty\/herbalife-skin\/hydratacni-krem-s-ochrannym-faktorem-spf-30\/\",\"name\":\"Herbalife Hydrata\u010dn\u00ed kr\u00e9m s ochrann\u00fdm faktorem SPF 30 - herbastore.sk\",\"isPartOf\":{\"@id\":\"https:\/\/herbastore.sk\/cs\/#website\"},\"primaryImageOfPage\":{\"@id\":\"https:\/\/herbastore.sk\/cs\/produkty\/herbalife-skin\/hydratacni-krem-s-ochrannym-faktorem-spf-30\/#primaryimage\"},\"image\":{\"@id\":\"https:\/\/herbastore.sk\/cs\/produkty\/herbalife-skin\/hydratacni-krem-s-ochrannym-faktorem-spf-30\/#primaryimage\"},\"thumbnailUrl\":\"https:\/\/herbastore.sk\/wp-content\/uploads\/2019\/02\/Hydratacny-krem-s-ochrannym-faktorom-spf-30.jpg\",\"datePublished\":\"2019-02-07T17:23:06+00:00\",\"dateModified\":\"2025-02-12T20:32:11+00:00\",\"description\":\"Hydrata\u010dn\u00ed kr\u00e9m s ochrann\u00fdm faktorem SPF 30 a dlouhodob\u00fdm \u00fa\u010dinkem zanech\u00e1v\u00e1 ple\u0165 hladkou a hebkou. Poskytuje \u0161irok\u00e9 spektrum ochrany proti UVA a UVB z\u00e1\u0159en\u00ed.\",\"breadcrumb\":{\"@id\":\"https:\/\/herbastore.sk\/cs\/produkty\/herbalife-skin\/hydratacni-krem-s-ochrannym-faktorem-spf-30\/#breadcrumb\"},\"inLanguage\":\"cs\",\"potentialAction\":[{\"@type\":\"ReadAction\",\"target\":[\"https:\/\/herbastore.sk\/cs\/produkty\/herbalife-skin\/hydratacni-krem-s-ochrannym-faktorem-spf-30\/\"]}]},{\"@type\":\"ImageObject\",\"inLanguage\":\"cs\",\"@id\":\"https:\/\/herbastore.sk\/cs\/produkty\/herbalife-skin\/hydratacni-krem-s-ochrannym-faktorem-spf-30\/#primaryimage\",\"url\":\"https:\/\/herbastore.sk\/wp-content\/uploads\/2019\/02\/Hydratacny-krem-s-ochrannym-faktorom-spf-30.jpg\",\"contentUrl\":\"https:\/\/herbastore.sk\/wp-content\/uploads\/2019\/02\/Hydratacny-krem-s-ochrannym-faktorom-spf-30.jpg\",\"width\":534,\"height\":800,\"caption\":\"Herbalife SKIN hydratacni krem s ochrannym faktorem spf 30\"},{\"@type\":\"BreadcrumbList\",\"@id\":\"https:\/\/herbastore.sk\/cs\/produkty\/herbalife-skin\/hydratacni-krem-s-ochrannym-faktorem-spf-30\/#breadcrumb\",\"itemListElement\":[{\"@type\":\"ListItem\",\"position\":1,\"name\":\"Home\",\"item\":\"https:\/\/herbastore.sk\/cs\/\"},{\"@type\":\"ListItem\",\"position\":2,\"name\":\"Produkty\",\"item\":\"https:\/\/herbastore.sk\/cs\/produkty\/\"},{\"@type\":\"ListItem\",\"position\":3,\"name\":\"Hydrata\u010dn\u00ed kr\u00e9m s ochrann\u00fdm faktorem SPF 30\"}]},{\"@type\":\"WebSite\",\"@id\":\"https:\/\/herbastore.sk\/cs\/#website\",\"url\":\"https:\/\/herbastore.sk\/cs\/\",\"name\":\"herbastore\",\"description\":\"Produkty Herbalife z pohodlia v\u00e1\u0161ho domova\",\"publisher\":{\"@id\":\"https:\/\/herbastore.sk\/cs\/#organization\"},\"potentialAction\":[{\"@type\":\"SearchAction\",\"target\":{\"@type\":\"EntryPoint\",\"urlTemplate\":\"https:\/\/herbastore.sk\/cs\/?s={search_term_string}\"},\"query-input\":{\"@type\":\"PropertyValueSpecification\",\"valueRequired\":true,\"valueName\":\"search_term_string\"}}],\"inLanguage\":\"cs\"},{\"@type\":\"Organization\",\"@id\":\"https:\/\/herbastore.sk\/cs\/#organization\",\"name\":\"herbastore.sk\",\"url\":\"https:\/\/herbastore.sk\/cs\/\",\"logo\":{\"@type\":\"ImageObject\",\"inLanguage\":\"cs\",\"@id\":\"https:\/\/herbastore.sk\/cs\/#\/schema\/logo\/image\/\",\"url\":\"https:\/\/herbastore.sk\/wp-content\/uploads\/2018\/11\/herbastore-ikona.png\",\"contentUrl\":\"https:\/\/herbastore.sk\/wp-content\/uploads\/2018\/11\/herbastore-ikona.png\",\"width\":512,\"height\":512,\"caption\":\"herbastore.sk\"},\"image\":{\"@id\":\"https:\/\/herbastore.sk\/cs\/#\/schema\/logo\/image\/\"},\"sameAs\":[\"https:\/\/www.facebook.com\/herbastoresk\/\",\"https:\/\/www.instagram.com\/herbastore.sk\/\"]}]}<\/script>\n<!-- \/ Yoast SEO plugin. -->","yoast_head_json":{"title":"Herbalife Hydrata\u010dn\u00ed kr\u00e9m s ochrann\u00fdm faktorem SPF 30 - herbastore.sk","description":"Hydrata\u010dn\u00ed kr\u00e9m s ochrann\u00fdm faktorem SPF 30 a dlouhodob\u00fdm \u00fa\u010dinkem zanech\u00e1v\u00e1 ple\u0165 hladkou a hebkou. Poskytuje \u0161irok\u00e9 spektrum ochrany proti UVA a UVB z\u00e1\u0159en\u00ed.","robots":{"index":"index","follow":"follow","max-snippet":"max-snippet:-1","max-image-preview":"max-image-preview:large","max-video-preview":"max-video-preview:-1"},"canonical":"https:\/\/herbastore.sk\/cs\/produkty\/herbalife-skin\/hydratacni-krem-s-ochrannym-faktorem-spf-30\/","og_locale":"cs_CZ","og_type":"article","og_title":"Herbalife Hydrata\u010dn\u00ed kr\u00e9m s ochrann\u00fdm faktorem SPF 30 - herbastore.sk","og_description":"Hydrata\u010dn\u00ed kr\u00e9m s ochrann\u00fdm faktorem SPF 30 a dlouhodob\u00fdm \u00fa\u010dinkem zanech\u00e1v\u00e1 ple\u0165 hladkou a hebkou. Poskytuje \u0161irok\u00e9 spektrum ochrany proti UVA a UVB z\u00e1\u0159en\u00ed.","og_url":"https:\/\/herbastore.sk\/cs\/produkty\/herbalife-skin\/hydratacni-krem-s-ochrannym-faktorem-spf-30\/","og_site_name":"herbastore","article_publisher":"https:\/\/www.facebook.com\/herbastoresk\/","article_modified_time":"2025-02-12T20:32:11+00:00","og_image":[{"width":534,"height":800,"url":"https:\/\/herbastore.sk\/wp-content\/uploads\/2019\/02\/Hydratacny-krem-s-ochrannym-faktorom-spf-30.jpg","type":"image\/jpeg"}],"twitter_card":"summary_large_image","twitter_misc":{"Odhadovan\u00e1 doba \u010dten\u00ed":"1 minuta"},"schema":{"@context":"https:\/\/schema.org","@graph":[{"@type":"WebPage","@id":"https:\/\/herbastore.sk\/cs\/produkty\/herbalife-skin\/hydratacni-krem-s-ochrannym-faktorem-spf-30\/","url":"https:\/\/herbastore.sk\/cs\/produkty\/herbalife-skin\/hydratacni-krem-s-ochrannym-faktorem-spf-30\/","name":"Herbalife Hydrata\u010dn\u00ed kr\u00e9m s ochrann\u00fdm faktorem SPF 30 - herbastore.sk","isPartOf":{"@id":"https:\/\/herbastore.sk\/cs\/#website"},"primaryImageOfPage":{"@id":"https:\/\/herbastore.sk\/cs\/produkty\/herbalife-skin\/hydratacni-krem-s-ochrannym-faktorem-spf-30\/#primaryimage"},"image":{"@id":"https:\/\/herbastore.sk\/cs\/produkty\/herbalife-skin\/hydratacni-krem-s-ochrannym-faktorem-spf-30\/#primaryimage"},"thumbnailUrl":"https:\/\/herbastore.sk\/wp-content\/uploads\/2019\/02\/Hydratacny-krem-s-ochrannym-faktorom-spf-30.jpg","datePublished":"2019-02-07T17:23:06+00:00","dateModified":"2025-02-12T20:32:11+00:00","description":"Hydrata\u010dn\u00ed kr\u00e9m s ochrann\u00fdm faktorem SPF 30 a dlouhodob\u00fdm \u00fa\u010dinkem zanech\u00e1v\u00e1 ple\u0165 hladkou a hebkou. Poskytuje \u0161irok\u00e9 spektrum ochrany proti UVA a UVB z\u00e1\u0159en\u00ed.","breadcrumb":{"@id":"https:\/\/herbastore.sk\/cs\/produkty\/herbalife-skin\/hydratacni-krem-s-ochrannym-faktorem-spf-30\/#breadcrumb"},"inLanguage":"cs","potentialAction":[{"@type":"ReadAction","target":["https:\/\/herbastore.sk\/cs\/produkty\/herbalife-skin\/hydratacni-krem-s-ochrannym-faktorem-spf-30\/"]}]},{"@type":"ImageObject","inLanguage":"cs","@id":"https:\/\/herbastore.sk\/cs\/produkty\/herbalife-skin\/hydratacni-krem-s-ochrannym-faktorem-spf-30\/#primaryimage","url":"https:\/\/herbastore.sk\/wp-content\/uploads\/2019\/02\/Hydratacny-krem-s-ochrannym-faktorom-spf-30.jpg","contentUrl":"https:\/\/herbastore.sk\/wp-content\/uploads\/2019\/02\/Hydratacny-krem-s-ochrannym-faktorom-spf-30.jpg","width":534,"height":800,"caption":"Herbalife SKIN hydratacni krem s ochrannym faktorem spf 30"},{"@type":"BreadcrumbList","@id":"https:\/\/herbastore.sk\/cs\/produkty\/herbalife-skin\/hydratacni-krem-s-ochrannym-faktorem-spf-30\/#breadcrumb","itemListElement":[{"@type":"ListItem","position":1,"name":"Home","item":"https:\/\/herbastore.sk\/cs\/"},{"@type":"ListItem","position":2,"name":"Produkty","item":"https:\/\/herbastore.sk\/cs\/produkty\/"},{"@type":"ListItem","position":3,"name":"Hydrata\u010dn\u00ed kr\u00e9m s ochrann\u00fdm faktorem SPF 30"}]},{"@type":"WebSite","@id":"https:\/\/herbastore.sk\/cs\/#website","url":"https:\/\/herbastore.sk\/cs\/","name":"herbastore","description":"Produkty Herbalife z pohodlia v\u00e1\u0161ho domova","publisher":{"@id":"https:\/\/herbastore.sk\/cs\/#organization"},"potentialAction":[{"@type":"SearchAction","target":{"@type":"EntryPoint","urlTemplate":"https:\/\/herbastore.sk\/cs\/?s={search_term_string}"},"query-input":{"@type":"PropertyValueSpecification","valueRequired":true,"valueName":"search_term_string"}}],"inLanguage":"cs"},{"@type":"Organization","@id":"https:\/\/herbastore.sk\/cs\/#organization","name":"herbastore.sk","url":"https:\/\/herbastore.sk\/cs\/","logo":{"@type":"ImageObject","inLanguage":"cs","@id":"https:\/\/herbastore.sk\/cs\/#\/schema\/logo\/image\/","url":"https:\/\/herbastore.sk\/wp-content\/uploads\/2018\/11\/herbastore-ikona.png","contentUrl":"https:\/\/herbastore.sk\/wp-content\/uploads\/2018\/11\/herbastore-ikona.png","width":512,"height":512,"caption":"herbastore.sk"},"image":{"@id":"https:\/\/herbastore.sk\/cs\/#\/schema\/logo\/image\/"},"sameAs":["https:\/\/www.facebook.com\/herbastoresk\/","https:\/\/www.instagram.com\/herbastore.sk\/"]}]}},"_links":{"self":[{"href":"https:\/\/herbastore.sk\/cs\/wp-json\/wp\/v2\/product\/7318","targetHints":{"allow":["GET"]}}],"collection":[{"href":"https:\/\/herbastore.sk\/cs\/wp-json\/wp\/v2\/product"}],"about":[{"href":"https:\/\/herbastore.sk\/cs\/wp-json\/wp\/v2\/types\/product"}],"replies":[{"embeddable":true,"href":"https:\/\/herbastore.sk\/cs\/wp-json\/wp\/v2\/comments?post=7318"}],"wp:featuredmedia":[{"embeddable":true,"href":"https:\/\/herbastore.sk\/cs\/wp-json\/wp\/v2\/media\/7319"}],"wp:attachment":[{"href":"https:\/\/herbastore.sk\/cs\/wp-json\/wp\/v2\/media?parent=7318"}],"wp:term":[{"taxonomy":"product_brand","embeddable":true,"href":"https:\/\/herbastore.sk\/cs\/wp-json\/wp\/v2\/product_brand?post=7318"},{"taxonomy":"product_cat","embeddable":true,"href":"https:\/\/herbastore.sk\/cs\/wp-json\/wp\/v2\/product_cat?post=7318"},{"taxonomy":"product_tag","embeddable":true,"href":"https:\/\/herbastore.sk\/cs\/wp-json\/wp\/v2\/product_tag?post=7318"}],"curies":[{"name":"wp","href":"https:\/\/api.w.org\/{rel}","templated":true}]}}