{"id":32185,"date":"2025-10-10T22:02:37","date_gmt":"2025-10-10T20:02:37","guid":{"rendered":"https:\/\/herbastore.sk\/produkty\/neza\u0159azen\u00e9\/hl-skin-obnovujici-cistici-gel\/"},"modified":"2025-10-11T16:15:11","modified_gmt":"2025-10-11T14:15:11","slug":"hl-skin-obnovujici-cistici-gel","status":"publish","type":"product","link":"https:\/\/herbastore.sk\/cs\/produkty\/herbalife-skin\/hl-skin-obnovujici-cistici-gel\/","title":{"rendered":"HL\/Obnovuj\u00edc\u00ed \u010distic\u00ed gel"},"content":{"rendered":"<h2>HL\/Skin Obnovuj\u00edc\u00ed \u010dist\u00edc\u00ed gel<\/h2>\n<p>Prom\u011b\u0148te sv\u00e9 ka\u017edodenn\u00ed \u010di\u0161t\u011bn\u00ed v osv\u011b\u017euj\u00edc\u00ed ritu\u00e1l s HL\/Skin Renewing Cleansing Gel \u2013 lehk\u00fdm p\u011bniv\u00fdm gelem, kter\u00fd \u010dist\u00ed, ani\u017e by nam\u00e1hal poko\u017eku. Tento jemn\u00fd \u010distic\u00ed prost\u0159edek, kter\u00fd m\u00e1 ko\u0159eny v pokro\u010dil\u00e9 korejsk\u00e9 v\u011bd\u011b v p\u00e9\u010di o ple\u0165, je promy\u0161len\u011b vyvinut tak, aby odstranil make-up, ne\u010distoty a p\u0159ebyte\u010dn\u00fd maz bez nadm\u011brn\u00e9ho vysu\u0161en\u00ed. Zanech\u00e1 v\u00e1\u0161 obli\u010dej \u010dist\u00fd, hebk\u00fd a p\u0159\u00edjemn\u011b sv\u011b\u017e\u00ed.  <\/p>\n<p>HL\/Skin Renewing Cleansing Gel neobsahuje p\u0159idan\u00e9 parabeny ani sulf\u00e1ty. Pou\u017e\u00edvejte jej r\u00e1no a ve\u010der k jemn\u00e9mu \u010di\u0161t\u011bn\u00ed poko\u017eky.<br \/>\n<div class=\"row\"  id=\"row-1925336661\">\n\n\t<div id=\"col-778827677\" class=\"col medium-1\/2 large-6\"  >\n\t\t\t\t<div class=\"col-inner\"  >\n\t\t\t\n\t\t\t\n<ul>\n<li class=\"bullet-checkmark\">Je podpo\u0159ena pokro\u010dilou korejskou v\u011bdou v oblasti p\u00e9\u010de o ple\u0165<\/li>\n<li class=\"bullet-checkmark\">Jemn\u011b \u010dist\u00ed bez nadm\u011brn\u00e9ho vysou\u0161en\u00ed<\/li>\n<\/ul>\n\t\t<\/div>\n\t\t\t\t\t<\/div>\n\n\t\n\n\t<div id=\"col-467778676\" class=\"col medium-1\/2 large-6\"  >\n\t\t\t\t<div class=\"col-inner\"  >\n\t\t\t\n\t\t\t\n<ul>\n<li class=\"bullet-checkmark\">Pom\u00e1h\u00e1 obnovit povrch poko\u017eky odstran\u011bn\u00edm make-upu, ne\u010distot a p\u0159ebyte\u010dn\u00e9ho ko\u017en\u00edho mazu<\/li>\n<li class=\"bullet-checkmark\">Je vhodn\u00fd pro r\u016fzn\u00e9 typy pleti<\/li>\n<li class=\"bullet-checkmark\">Neobsahuje \u017e\u00e1dn\u00e9 p\u0159idan\u00e9 parabeny ani sulf\u00e1ty<\/li>\n<\/ul>\n\t\t<\/div>\n\t\t\t\t\t<\/div>\n\n\t\n<\/div>\n<h2>Pou\u017eit\u00ed<\/h2>\n<p>Naneste na mokr\u00e9 ruce a vytvo\u0159te lehkou p\u011bnu. Jemn\u011b vmas\u00edrujte krou\u017eiv\u00fdmi pohyby po obli\u010deji a krku. D\u016fkladn\u011b opl\u00e1chn\u011bte teplou vodou a osu\u0161te. Pro dosa\u017een\u00ed nejlep\u0161\u00edch v\u00fdsledk\u016f pou\u017e\u00edvejte r\u00e1no a ve\u010der.   <\/p>\n<p>Zkombinujte ji s na\u0161\u00ed \u010delenkou a \u010dist\u00edc\u00edm silikonov\u00fdm kart\u00e1\u010dkem pro dokonal\u00fd ritu\u00e1l p\u00e9\u010de o sebe.<\/p>\n<h2>Ingredience<\/h2>\n<p>Aqua, Glycerin, Disodium Cocoamphodiacetate, Disodium Cocoyl Glutamate, Sodium Chloride, Betaine, Citric Acid, Hydroxypropyl Starch Phosphate, Eclipta Prostrata Leaf Extract, Fructooligosaccharides, Centella Asiatica Extract, Ficus Carica (Fig) Fruit Extract, Beta-Glucan, Hydrolyzed Hyaluronic Acid, Ceramide NP, Sodium Hyaluronate, Sodium Acetylated Hyaluronate, Acrylates\/C10-30 Alkyl Acrylate Crosspolymer, Coco-Betaine, Sodium Methyl Oleoyl Taurate, 1,2-Hexanediol, Caprylyl Glycol, Polyglyceryl-10 Laurate, Potassium Benzoate, Glyceryl Caprylate, Parfum, Coco-Glucoside, Ethylhexylglycerin, Tetramethyl Acetyloctahydronaphthalenes, Hexylene Glycol, Sodium Phytate, Dipropylene Glycol, Butylene Glycol, Linalyl Acetate, Laminaria Japonica Extract, Terpineol, Acetyl Cedrene, Pinene, Hydrogenated Lecithin, Zea Mays (Corn) Germ Oil, Caprylic\/Capric Triglyceride, Pentaerythrityl Tetra-Di-T-butyl Hydroxyhydrocinnamate.<\/p>\n","protected":false},"excerpt":{"rendered":"<p>30 ml<br \/>\n<div class=\"is-divider divider clearfix\" ><\/div>\n<p>HL\/Skin Obnovuj\u00edc\u00ed \u010dist\u00edc\u00ed gel je p\u011bniv\u00fd gel, kter\u00fd ple\u0165 jemn\u011b \u010dist\u00ed, ani\u017e by ji nadm\u011brn\u011b vysu\u0161oval.<\/p>\n","protected":false},"featured_media":32161,"comment_status":"open","ping_status":"closed","template":"","meta":{"inline_featured_image":false},"product_brand":[],"product_cat":[178],"product_tag":[203],"class_list":{"0":"post-32185","1":"product","2":"type-product","3":"status-publish","4":"has-post-thumbnail","6":"product_cat-herbalife-skin","7":"product_tag-hezci-plet-a-vlasy","9":"first","10":"instock","11":"taxable","12":"shipping-taxable","13":"purchasable","14":"product-type-simple"},"yoast_head":"<!-- This site is optimized with the Yoast SEO plugin v26.8 - https:\/\/yoast.com\/product\/yoast-seo-wordpress\/ -->\n<title>HL\/Obnovuj\u00edc\u00ed \u010distic\u00ed gel 30 ml - herbastore.sk<\/title>\n<meta name=\"description\" content=\"Herbalife HL\/Skin Renewing Cleanser je p\u011bniv\u00fd gel, kter\u00fd jemn\u011b \u010dist\u00ed, ani\u017e by poko\u017eku nadm\u011brn\u011b vysu\u0161oval.\" \/>\n<meta name=\"robots\" content=\"index, follow, max-snippet:-1, max-image-preview:large, max-video-preview:-1\" \/>\n<link rel=\"canonical\" href=\"https:\/\/herbastore.sk\/cs\/produkty\/herbalife-skin\/hl-skin-obnovujici-cistici-gel\/\" \/>\n<meta property=\"og:locale\" content=\"cs_CZ\" \/>\n<meta property=\"og:type\" content=\"article\" \/>\n<meta property=\"og:title\" content=\"HL\/Obnovuj\u00edc\u00ed \u010distic\u00ed gel 30 ml - herbastore.sk\" \/>\n<meta property=\"og:description\" content=\"Herbalife HL\/Skin Renewing Cleanser je p\u011bniv\u00fd gel, kter\u00fd jemn\u011b \u010dist\u00ed, ani\u017e by poko\u017eku nadm\u011brn\u011b vysu\u0161oval.\" \/>\n<meta property=\"og:url\" content=\"https:\/\/herbastore.sk\/cs\/produkty\/herbalife-skin\/hl-skin-obnovujici-cistici-gel\/\" \/>\n<meta property=\"og:site_name\" content=\"herbastore\" \/>\n<meta property=\"article:publisher\" content=\"https:\/\/www.facebook.com\/herbastoresk\/\" \/>\n<meta property=\"article:modified_time\" content=\"2025-10-11T14:15:11+00:00\" \/>\n<meta property=\"og:image\" content=\"https:\/\/herbastore.sk\/wp-content\/uploads\/2025\/10\/herbalife-hl-skin-obnovujuci-cistiaci-gel-147ml-511k.jpg\" \/>\n\t<meta property=\"og:image:width\" content=\"534\" \/>\n\t<meta property=\"og:image:height\" content=\"800\" \/>\n\t<meta property=\"og:image:type\" content=\"image\/jpeg\" \/>\n<meta name=\"twitter:card\" content=\"summary_large_image\" \/>\n<meta name=\"twitter:label1\" content=\"Odhadovan\u00e1 doba \u010dten\u00ed\" \/>\n\t<meta name=\"twitter:data1\" content=\"2 minuty\" \/>\n<script type=\"application\/ld+json\" class=\"yoast-schema-graph\">{\"@context\":\"https:\/\/schema.org\",\"@graph\":[{\"@type\":\"WebPage\",\"@id\":\"https:\/\/herbastore.sk\/cs\/produkty\/herbalife-skin\/hl-skin-obnovujici-cistici-gel\/\",\"url\":\"https:\/\/herbastore.sk\/cs\/produkty\/herbalife-skin\/hl-skin-obnovujici-cistici-gel\/\",\"name\":\"HL\/Obnovuj\u00edc\u00ed \u010distic\u00ed gel 30 ml - herbastore.sk\",\"isPartOf\":{\"@id\":\"https:\/\/herbastore.sk\/cs\/#website\"},\"primaryImageOfPage\":{\"@id\":\"https:\/\/herbastore.sk\/cs\/produkty\/herbalife-skin\/hl-skin-obnovujici-cistici-gel\/#primaryimage\"},\"image\":{\"@id\":\"https:\/\/herbastore.sk\/cs\/produkty\/herbalife-skin\/hl-skin-obnovujici-cistici-gel\/#primaryimage\"},\"thumbnailUrl\":\"https:\/\/herbastore.sk\/wp-content\/uploads\/2025\/10\/herbalife-hl-skin-obnovujuci-cistiaci-gel-147ml-511k.jpg\",\"datePublished\":\"2025-10-10T20:02:37+00:00\",\"dateModified\":\"2025-10-11T14:15:11+00:00\",\"description\":\"Herbalife HL\/Skin Renewing Cleanser je p\u011bniv\u00fd gel, kter\u00fd jemn\u011b \u010dist\u00ed, ani\u017e by poko\u017eku nadm\u011brn\u011b vysu\u0161oval.\",\"breadcrumb\":{\"@id\":\"https:\/\/herbastore.sk\/cs\/produkty\/herbalife-skin\/hl-skin-obnovujici-cistici-gel\/#breadcrumb\"},\"inLanguage\":\"cs\",\"potentialAction\":[{\"@type\":\"ReadAction\",\"target\":[\"https:\/\/herbastore.sk\/cs\/produkty\/herbalife-skin\/hl-skin-obnovujici-cistici-gel\/\"]}]},{\"@type\":\"ImageObject\",\"inLanguage\":\"cs\",\"@id\":\"https:\/\/herbastore.sk\/cs\/produkty\/herbalife-skin\/hl-skin-obnovujici-cistici-gel\/#primaryimage\",\"url\":\"https:\/\/herbastore.sk\/wp-content\/uploads\/2025\/10\/herbalife-hl-skin-obnovujuci-cistiaci-gel-147ml-511k.jpg\",\"contentUrl\":\"https:\/\/herbastore.sk\/wp-content\/uploads\/2025\/10\/herbalife-hl-skin-obnovujuci-cistiaci-gel-147ml-511k.jpg\",\"width\":534,\"height\":800,\"caption\":\"HL\/Skin Obnovuj\u00faci \u010cistiaci G\u00e9l\"},{\"@type\":\"BreadcrumbList\",\"@id\":\"https:\/\/herbastore.sk\/cs\/produkty\/herbalife-skin\/hl-skin-obnovujici-cistici-gel\/#breadcrumb\",\"itemListElement\":[{\"@type\":\"ListItem\",\"position\":1,\"name\":\"Home\",\"item\":\"https:\/\/herbastore.sk\/cs\/\"},{\"@type\":\"ListItem\",\"position\":2,\"name\":\"Produkty\",\"item\":\"https:\/\/herbastore.sk\/cs\/produkty\/\"},{\"@type\":\"ListItem\",\"position\":3,\"name\":\"HL\/Obnovuj\u00edc\u00ed \u010distic\u00ed gel\"}]},{\"@type\":\"WebSite\",\"@id\":\"https:\/\/herbastore.sk\/cs\/#website\",\"url\":\"https:\/\/herbastore.sk\/cs\/\",\"name\":\"herbastore\",\"description\":\"Produkty Herbalife z pohodlia v\u00e1\u0161ho domova\",\"publisher\":{\"@id\":\"https:\/\/herbastore.sk\/cs\/#organization\"},\"potentialAction\":[{\"@type\":\"SearchAction\",\"target\":{\"@type\":\"EntryPoint\",\"urlTemplate\":\"https:\/\/herbastore.sk\/cs\/?s={search_term_string}\"},\"query-input\":{\"@type\":\"PropertyValueSpecification\",\"valueRequired\":true,\"valueName\":\"search_term_string\"}}],\"inLanguage\":\"cs\"},{\"@type\":\"Organization\",\"@id\":\"https:\/\/herbastore.sk\/cs\/#organization\",\"name\":\"herbastore.sk\",\"url\":\"https:\/\/herbastore.sk\/cs\/\",\"logo\":{\"@type\":\"ImageObject\",\"inLanguage\":\"cs\",\"@id\":\"https:\/\/herbastore.sk\/cs\/#\/schema\/logo\/image\/\",\"url\":\"https:\/\/herbastore.sk\/wp-content\/uploads\/2018\/11\/herbastore-ikona.png\",\"contentUrl\":\"https:\/\/herbastore.sk\/wp-content\/uploads\/2018\/11\/herbastore-ikona.png\",\"width\":512,\"height\":512,\"caption\":\"herbastore.sk\"},\"image\":{\"@id\":\"https:\/\/herbastore.sk\/cs\/#\/schema\/logo\/image\/\"},\"sameAs\":[\"https:\/\/www.facebook.com\/herbastoresk\/\",\"https:\/\/www.instagram.com\/herbastore.sk\/\"]}]}<\/script>\n<!-- \/ Yoast SEO plugin. -->","yoast_head_json":{"title":"HL\/Obnovuj\u00edc\u00ed \u010distic\u00ed gel 30 ml - herbastore.sk","description":"Herbalife HL\/Skin Renewing Cleanser je p\u011bniv\u00fd gel, kter\u00fd jemn\u011b \u010dist\u00ed, ani\u017e by poko\u017eku nadm\u011brn\u011b vysu\u0161oval.","robots":{"index":"index","follow":"follow","max-snippet":"max-snippet:-1","max-image-preview":"max-image-preview:large","max-video-preview":"max-video-preview:-1"},"canonical":"https:\/\/herbastore.sk\/cs\/produkty\/herbalife-skin\/hl-skin-obnovujici-cistici-gel\/","og_locale":"cs_CZ","og_type":"article","og_title":"HL\/Obnovuj\u00edc\u00ed \u010distic\u00ed gel 30 ml - herbastore.sk","og_description":"Herbalife HL\/Skin Renewing Cleanser je p\u011bniv\u00fd gel, kter\u00fd jemn\u011b \u010dist\u00ed, ani\u017e by poko\u017eku nadm\u011brn\u011b vysu\u0161oval.","og_url":"https:\/\/herbastore.sk\/cs\/produkty\/herbalife-skin\/hl-skin-obnovujici-cistici-gel\/","og_site_name":"herbastore","article_publisher":"https:\/\/www.facebook.com\/herbastoresk\/","article_modified_time":"2025-10-11T14:15:11+00:00","og_image":[{"width":534,"height":800,"url":"https:\/\/herbastore.sk\/wp-content\/uploads\/2025\/10\/herbalife-hl-skin-obnovujuci-cistiaci-gel-147ml-511k.jpg","type":"image\/jpeg"}],"twitter_card":"summary_large_image","twitter_misc":{"Odhadovan\u00e1 doba \u010dten\u00ed":"2 minuty"},"schema":{"@context":"https:\/\/schema.org","@graph":[{"@type":"WebPage","@id":"https:\/\/herbastore.sk\/cs\/produkty\/herbalife-skin\/hl-skin-obnovujici-cistici-gel\/","url":"https:\/\/herbastore.sk\/cs\/produkty\/herbalife-skin\/hl-skin-obnovujici-cistici-gel\/","name":"HL\/Obnovuj\u00edc\u00ed \u010distic\u00ed gel 30 ml - herbastore.sk","isPartOf":{"@id":"https:\/\/herbastore.sk\/cs\/#website"},"primaryImageOfPage":{"@id":"https:\/\/herbastore.sk\/cs\/produkty\/herbalife-skin\/hl-skin-obnovujici-cistici-gel\/#primaryimage"},"image":{"@id":"https:\/\/herbastore.sk\/cs\/produkty\/herbalife-skin\/hl-skin-obnovujici-cistici-gel\/#primaryimage"},"thumbnailUrl":"https:\/\/herbastore.sk\/wp-content\/uploads\/2025\/10\/herbalife-hl-skin-obnovujuci-cistiaci-gel-147ml-511k.jpg","datePublished":"2025-10-10T20:02:37+00:00","dateModified":"2025-10-11T14:15:11+00:00","description":"Herbalife HL\/Skin Renewing Cleanser je p\u011bniv\u00fd gel, kter\u00fd jemn\u011b \u010dist\u00ed, ani\u017e by poko\u017eku nadm\u011brn\u011b vysu\u0161oval.","breadcrumb":{"@id":"https:\/\/herbastore.sk\/cs\/produkty\/herbalife-skin\/hl-skin-obnovujici-cistici-gel\/#breadcrumb"},"inLanguage":"cs","potentialAction":[{"@type":"ReadAction","target":["https:\/\/herbastore.sk\/cs\/produkty\/herbalife-skin\/hl-skin-obnovujici-cistici-gel\/"]}]},{"@type":"ImageObject","inLanguage":"cs","@id":"https:\/\/herbastore.sk\/cs\/produkty\/herbalife-skin\/hl-skin-obnovujici-cistici-gel\/#primaryimage","url":"https:\/\/herbastore.sk\/wp-content\/uploads\/2025\/10\/herbalife-hl-skin-obnovujuci-cistiaci-gel-147ml-511k.jpg","contentUrl":"https:\/\/herbastore.sk\/wp-content\/uploads\/2025\/10\/herbalife-hl-skin-obnovujuci-cistiaci-gel-147ml-511k.jpg","width":534,"height":800,"caption":"HL\/Skin Obnovuj\u00faci \u010cistiaci G\u00e9l"},{"@type":"BreadcrumbList","@id":"https:\/\/herbastore.sk\/cs\/produkty\/herbalife-skin\/hl-skin-obnovujici-cistici-gel\/#breadcrumb","itemListElement":[{"@type":"ListItem","position":1,"name":"Home","item":"https:\/\/herbastore.sk\/cs\/"},{"@type":"ListItem","position":2,"name":"Produkty","item":"https:\/\/herbastore.sk\/cs\/produkty\/"},{"@type":"ListItem","position":3,"name":"HL\/Obnovuj\u00edc\u00ed \u010distic\u00ed gel"}]},{"@type":"WebSite","@id":"https:\/\/herbastore.sk\/cs\/#website","url":"https:\/\/herbastore.sk\/cs\/","name":"herbastore","description":"Produkty Herbalife z pohodlia v\u00e1\u0161ho domova","publisher":{"@id":"https:\/\/herbastore.sk\/cs\/#organization"},"potentialAction":[{"@type":"SearchAction","target":{"@type":"EntryPoint","urlTemplate":"https:\/\/herbastore.sk\/cs\/?s={search_term_string}"},"query-input":{"@type":"PropertyValueSpecification","valueRequired":true,"valueName":"search_term_string"}}],"inLanguage":"cs"},{"@type":"Organization","@id":"https:\/\/herbastore.sk\/cs\/#organization","name":"herbastore.sk","url":"https:\/\/herbastore.sk\/cs\/","logo":{"@type":"ImageObject","inLanguage":"cs","@id":"https:\/\/herbastore.sk\/cs\/#\/schema\/logo\/image\/","url":"https:\/\/herbastore.sk\/wp-content\/uploads\/2018\/11\/herbastore-ikona.png","contentUrl":"https:\/\/herbastore.sk\/wp-content\/uploads\/2018\/11\/herbastore-ikona.png","width":512,"height":512,"caption":"herbastore.sk"},"image":{"@id":"https:\/\/herbastore.sk\/cs\/#\/schema\/logo\/image\/"},"sameAs":["https:\/\/www.facebook.com\/herbastoresk\/","https:\/\/www.instagram.com\/herbastore.sk\/"]}]}},"_links":{"self":[{"href":"https:\/\/herbastore.sk\/cs\/wp-json\/wp\/v2\/product\/32185","targetHints":{"allow":["GET"]}}],"collection":[{"href":"https:\/\/herbastore.sk\/cs\/wp-json\/wp\/v2\/product"}],"about":[{"href":"https:\/\/herbastore.sk\/cs\/wp-json\/wp\/v2\/types\/product"}],"replies":[{"embeddable":true,"href":"https:\/\/herbastore.sk\/cs\/wp-json\/wp\/v2\/comments?post=32185"}],"wp:featuredmedia":[{"embeddable":true,"href":"https:\/\/herbastore.sk\/cs\/wp-json\/wp\/v2\/media\/32161"}],"wp:attachment":[{"href":"https:\/\/herbastore.sk\/cs\/wp-json\/wp\/v2\/media?parent=32185"}],"wp:term":[{"taxonomy":"product_brand","embeddable":true,"href":"https:\/\/herbastore.sk\/cs\/wp-json\/wp\/v2\/product_brand?post=32185"},{"taxonomy":"product_cat","embeddable":true,"href":"https:\/\/herbastore.sk\/cs\/wp-json\/wp\/v2\/product_cat?post=32185"},{"taxonomy":"product_tag","embeddable":true,"href":"https:\/\/herbastore.sk\/cs\/wp-json\/wp\/v2\/product_tag?post=32185"}],"curies":[{"name":"wp","href":"https:\/\/api.w.org\/{rel}","templated":true}]}}