{"id":32184,"date":"2025-10-10T22:02:21","date_gmt":"2025-10-10T20:02:21","guid":{"rendered":"https:\/\/herbastore.sk\/produkty\/neza\u0159azen\u00e9\/hl-skin-zpevnujici-pletovy-krem\/"},"modified":"2025-10-11T16:14:56","modified_gmt":"2025-10-11T14:14:56","slug":"hl-skin-zpevnujici-pletovy-krem","status":"publish","type":"product","link":"https:\/\/herbastore.sk\/cs\/produkty\/herbalife-skin\/hl-skin-zpevnujici-pletovy-krem\/","title":{"rendered":"HL\/Skin zpev\u0148uj\u00edc\u00ed ple\u0165ov\u00fd kr\u00e9m"},"content":{"rendered":"<h2>HL\/Skin Zpev\u0148uj\u00edc\u00ed ple\u0165ov\u00fd kr\u00e9m<\/h2>\n<p>HL\/Skin Firming Face Cream je bohat\u00fd, sametov\u00fd hydrata\u010dn\u00ed kr\u00e9m podpo\u0159en\u00fd pokro\u010dilou korejskou v\u011bdou. Obsahuje adenosin, niacinamid a vitam\u00edn B5, zam\u011b\u0159uje se na vr\u00e1sky, zvy\u0161uje pru\u017enost a hydratuje poko\u017eku pro pevn\u011bj\u0161\u00ed a z\u00e1\u0159iv\u011bj\u0161\u00ed ple\u0165. <\/p>\n<p>Tento kr\u00e9m je vhodn\u00fd pro r\u016fzn\u00e9 typy pleti bez p\u0159idan\u00fdch paraben\u016f, d\u00edky \u010demu\u017e je jemn\u00fd a z\u00e1rove\u0148 \u00fa\u010dinn\u00fd. P\u0159i pravideln\u00e9m pou\u017e\u00edv\u00e1n\u00ed je poko\u017eka hlad\u0161\u00ed, z\u00e1\u0159iv\u011bj\u0161\u00ed a z\u00edsk\u00e1v\u00e1 zdrav\u00fd, mladistv\u00fd lesk.<br \/>\n<div class=\"row\"  id=\"row-1198793905\">\n\n\t<div id=\"col-898841540\" class=\"col medium-1\/2 large-6\"  >\n\t\t\t\t<div class=\"col-inner\"  >\n\t\t\t\n\t\t\t\n<ul>\n<li class=\"bullet-checkmark\">Je podpo\u0159ena pokro\u010dilou korejskou v\u011bdou v oblasti p\u00e9\u010de o ple\u0165<\/li>\n<li class=\"bullet-checkmark\">Zlep\u0161uje vzhled vr\u00e1sek a zvy\u0161uje pru\u017enost poko\u017eky<\/li>\n<li class=\"bullet-checkmark\">Vyhlazuje jemn\u00e9 linky pro pevn\u011bj\u0161\u00ed a odoln\u011bj\u0161\u00ed poko\u017eku<\/li>\n<li class=\"bullet-checkmark\">Hydratuje a pom\u00e1h\u00e1 poko\u017ece z\u016fstat hydratovan\u00e1<\/li>\n<\/ul>\n\t\t<\/div>\n\t\t\t\t\t<\/div>\n\n\t\n\n\t<div id=\"col-566128212\" class=\"col medium-1\/2 large-6\"  >\n\t\t\t\t<div class=\"col-inner\"  >\n\t\t\t\n\t\t\t\n<ul>\n<li class=\"bullet-checkmark\">Zvy\u0161uje hebkost a hladkost poko\u017eky<\/li>\n<li class=\"bullet-checkmark\">Zvy\u0161uje z\u00e1\u0159ivost a jasnost<\/li>\n<li class=\"bullet-checkmark\">Obnovuje zdrav\u00fd, mladistv\u00fd lesk<\/li>\n<li class=\"bullet-checkmark\">Je vhodn\u00fd pro pou\u017eit\u00ed pod make-up<\/li>\n<\/ul>\n\t\t<\/div>\n\t\t\t\t\t<\/div>\n\n\t\n<\/div>\n<h2>Pou\u017eit\u00ed<\/h2>\n<p>Aplikujte ka\u017ed\u00e9 r\u00e1no na \u010distou a suchou poko\u017eku a jemn\u011b vmas\u00edrujte do obli\u010deje a krku pohybem sm\u011brem nahoru.<\/p>\n<p>Nezapome\u0148te pou\u017e\u00edvat SPF b\u011bhem dne.<\/p>\n<p>Jemn\u011b vmas\u00edrujte do poko\u017eky pomoc\u00ed na\u0161eho n\u00e1stroje &#8211; White Jade Gua Sha.<\/p>\n<h2>Ingredience<\/h2>\n<p>Aqua, Hydrogenated Polydecene, Dipropylene Glycol, Cetyl Ethylhexanoate, Glyceryl Stearate, Pentaerythrityl Tetraethylhexanoate, Methyl Trimethicone, Niacinamide, Cetearyl Alcohol, Polyglyceryl-6 Distearate, Panthenol, Adenosine, Sodium Hyaluronate, Tocopherol, Acetyl Hexapeptide-8, Copper Tripeptide-1, Palmitoyl Tetrapeptide-7, Nonapeptide-1, Tripeptide-1, Palmitoyl Pentapeptide-4, Palmitoyl Tripeptide-1, Hexapeptide-9, Dicaprylyl Ether, Polyglyceryl-10 Laurate, 1,2-Hexanediol, Beeswax, Cocos Nucifera (Coconut) Oil, Sodium Stearoyl Glutamate, Hydroxyethyl Acrylate\/Sodium Acryloyldimethyl Taurate Copolymer, Jojoba Esters, Hydroxyacetophenone, Cetyl Alcohol, Polyglyceryl-3 Beeswax, Parfum, Ethylhexylglycerin, Disodium EDTA, Sorbitan Isostearate, Malt Extract, Sodium Laurate, Butylene Glycol, Glycerin, Lauric Acid, Linalyl Acetate, Caprylyl Glycol.<\/p>\n","protected":false},"excerpt":{"rendered":"<p>50 ml<br \/>\n<div class=\"is-divider divider clearfix\" ><\/div>\n<p>HL\/Skin Zpev\u0148uj\u00edc\u00ed ple\u0165ov\u00fd kr\u00e9m je bohat\u00fd a sametov\u011b hebk\u00fd ple\u0165ov\u00fd kr\u00e9m proti vr\u00e1sk\u00e1m pro zv\u00fd\u0161en\u00ed pru\u017enosti poko\u017eky.<\/p>\n","protected":false},"featured_media":32164,"comment_status":"open","ping_status":"closed","template":"","meta":{"inline_featured_image":false},"product_brand":[],"product_cat":[178],"product_tag":[203],"class_list":{"0":"post-32184","1":"product","2":"type-product","3":"status-publish","4":"has-post-thumbnail","6":"product_cat-herbalife-skin","7":"product_tag-hezci-plet-a-vlasy","9":"first","10":"instock","11":"taxable","12":"shipping-taxable","13":"purchasable","14":"product-type-simple"},"yoast_head":"<!-- This site is optimized with the Yoast SEO plugin v26.8 - https:\/\/yoast.com\/product\/yoast-seo-wordpress\/ -->\n<title>HL\/Skin zpev\u0148uj\u00edc\u00ed ple\u0165ov\u00fd kr\u00e9m 50 ml - herbastore.sk<\/title>\n<meta name=\"description\" content=\"Herbalife HL\/Skin Firming Face Cream je bohat\u00fd a sametov\u011b hebk\u00fd ple\u0165ov\u00fd kr\u00e9m proti vr\u00e1sk\u00e1m a pru\u017enosti.\" \/>\n<meta name=\"robots\" content=\"index, follow, max-snippet:-1, max-image-preview:large, max-video-preview:-1\" \/>\n<link rel=\"canonical\" href=\"https:\/\/herbastore.sk\/cs\/produkty\/herbalife-skin\/hl-skin-zpevnujici-pletovy-krem\/\" \/>\n<meta property=\"og:locale\" content=\"cs_CZ\" \/>\n<meta property=\"og:type\" content=\"article\" \/>\n<meta property=\"og:title\" content=\"HL\/Skin zpev\u0148uj\u00edc\u00ed ple\u0165ov\u00fd kr\u00e9m 50 ml - herbastore.sk\" \/>\n<meta property=\"og:description\" content=\"Herbalife HL\/Skin Firming Face Cream je bohat\u00fd a sametov\u011b hebk\u00fd ple\u0165ov\u00fd kr\u00e9m proti vr\u00e1sk\u00e1m a pru\u017enosti.\" \/>\n<meta property=\"og:url\" content=\"https:\/\/herbastore.sk\/cs\/produkty\/herbalife-skin\/hl-skin-zpevnujici-pletovy-krem\/\" \/>\n<meta property=\"og:site_name\" content=\"herbastore\" \/>\n<meta property=\"article:publisher\" content=\"https:\/\/www.facebook.com\/herbastoresk\/\" \/>\n<meta property=\"article:modified_time\" content=\"2025-10-11T14:14:56+00:00\" \/>\n<meta property=\"og:image\" content=\"https:\/\/herbastore.sk\/wp-content\/uploads\/2025\/10\/herbalife-hl-skin-spevbujuci-pletovy-krem-50ml-513k.jpg\" \/>\n\t<meta property=\"og:image:width\" content=\"534\" \/>\n\t<meta property=\"og:image:height\" content=\"800\" \/>\n\t<meta property=\"og:image:type\" content=\"image\/jpeg\" \/>\n<meta name=\"twitter:card\" content=\"summary_large_image\" \/>\n<meta name=\"twitter:label1\" content=\"Odhadovan\u00e1 doba \u010dten\u00ed\" \/>\n\t<meta name=\"twitter:data1\" content=\"2 minuty\" \/>\n<script type=\"application\/ld+json\" class=\"yoast-schema-graph\">{\"@context\":\"https:\/\/schema.org\",\"@graph\":[{\"@type\":\"WebPage\",\"@id\":\"https:\/\/herbastore.sk\/cs\/produkty\/herbalife-skin\/hl-skin-zpevnujici-pletovy-krem\/\",\"url\":\"https:\/\/herbastore.sk\/cs\/produkty\/herbalife-skin\/hl-skin-zpevnujici-pletovy-krem\/\",\"name\":\"HL\/Skin zpev\u0148uj\u00edc\u00ed ple\u0165ov\u00fd kr\u00e9m 50 ml - herbastore.sk\",\"isPartOf\":{\"@id\":\"https:\/\/herbastore.sk\/cs\/#website\"},\"primaryImageOfPage\":{\"@id\":\"https:\/\/herbastore.sk\/cs\/produkty\/herbalife-skin\/hl-skin-zpevnujici-pletovy-krem\/#primaryimage\"},\"image\":{\"@id\":\"https:\/\/herbastore.sk\/cs\/produkty\/herbalife-skin\/hl-skin-zpevnujici-pletovy-krem\/#primaryimage\"},\"thumbnailUrl\":\"https:\/\/herbastore.sk\/wp-content\/uploads\/2025\/10\/herbalife-hl-skin-spevbujuci-pletovy-krem-50ml-513k.jpg\",\"datePublished\":\"2025-10-10T20:02:21+00:00\",\"dateModified\":\"2025-10-11T14:14:56+00:00\",\"description\":\"Herbalife HL\/Skin Firming Face Cream je bohat\u00fd a sametov\u011b hebk\u00fd ple\u0165ov\u00fd kr\u00e9m proti vr\u00e1sk\u00e1m a pru\u017enosti.\",\"breadcrumb\":{\"@id\":\"https:\/\/herbastore.sk\/cs\/produkty\/herbalife-skin\/hl-skin-zpevnujici-pletovy-krem\/#breadcrumb\"},\"inLanguage\":\"cs\",\"potentialAction\":[{\"@type\":\"ReadAction\",\"target\":[\"https:\/\/herbastore.sk\/cs\/produkty\/herbalife-skin\/hl-skin-zpevnujici-pletovy-krem\/\"]}]},{\"@type\":\"ImageObject\",\"inLanguage\":\"cs\",\"@id\":\"https:\/\/herbastore.sk\/cs\/produkty\/herbalife-skin\/hl-skin-zpevnujici-pletovy-krem\/#primaryimage\",\"url\":\"https:\/\/herbastore.sk\/wp-content\/uploads\/2025\/10\/herbalife-hl-skin-spevbujuci-pletovy-krem-50ml-513k.jpg\",\"contentUrl\":\"https:\/\/herbastore.sk\/wp-content\/uploads\/2025\/10\/herbalife-hl-skin-spevbujuci-pletovy-krem-50ml-513k.jpg\",\"width\":534,\"height\":800,\"caption\":\"HL\/Skin Spev\u0148uj\u00faci Ple\u0165ov\u00fd Kr\u00e9m\"},{\"@type\":\"BreadcrumbList\",\"@id\":\"https:\/\/herbastore.sk\/cs\/produkty\/herbalife-skin\/hl-skin-zpevnujici-pletovy-krem\/#breadcrumb\",\"itemListElement\":[{\"@type\":\"ListItem\",\"position\":1,\"name\":\"Home\",\"item\":\"https:\/\/herbastore.sk\/cs\/\"},{\"@type\":\"ListItem\",\"position\":2,\"name\":\"Produkty\",\"item\":\"https:\/\/herbastore.sk\/cs\/produkty\/\"},{\"@type\":\"ListItem\",\"position\":3,\"name\":\"HL\/Skin zpev\u0148uj\u00edc\u00ed ple\u0165ov\u00fd kr\u00e9m\"}]},{\"@type\":\"WebSite\",\"@id\":\"https:\/\/herbastore.sk\/cs\/#website\",\"url\":\"https:\/\/herbastore.sk\/cs\/\",\"name\":\"herbastore\",\"description\":\"Produkty Herbalife z pohodlia v\u00e1\u0161ho domova\",\"publisher\":{\"@id\":\"https:\/\/herbastore.sk\/cs\/#organization\"},\"potentialAction\":[{\"@type\":\"SearchAction\",\"target\":{\"@type\":\"EntryPoint\",\"urlTemplate\":\"https:\/\/herbastore.sk\/cs\/?s={search_term_string}\"},\"query-input\":{\"@type\":\"PropertyValueSpecification\",\"valueRequired\":true,\"valueName\":\"search_term_string\"}}],\"inLanguage\":\"cs\"},{\"@type\":\"Organization\",\"@id\":\"https:\/\/herbastore.sk\/cs\/#organization\",\"name\":\"herbastore.sk\",\"url\":\"https:\/\/herbastore.sk\/cs\/\",\"logo\":{\"@type\":\"ImageObject\",\"inLanguage\":\"cs\",\"@id\":\"https:\/\/herbastore.sk\/cs\/#\/schema\/logo\/image\/\",\"url\":\"https:\/\/herbastore.sk\/wp-content\/uploads\/2018\/11\/herbastore-ikona.png\",\"contentUrl\":\"https:\/\/herbastore.sk\/wp-content\/uploads\/2018\/11\/herbastore-ikona.png\",\"width\":512,\"height\":512,\"caption\":\"herbastore.sk\"},\"image\":{\"@id\":\"https:\/\/herbastore.sk\/cs\/#\/schema\/logo\/image\/\"},\"sameAs\":[\"https:\/\/www.facebook.com\/herbastoresk\/\",\"https:\/\/www.instagram.com\/herbastore.sk\/\"]}]}<\/script>\n<!-- \/ Yoast SEO plugin. -->","yoast_head_json":{"title":"HL\/Skin zpev\u0148uj\u00edc\u00ed ple\u0165ov\u00fd kr\u00e9m 50 ml - herbastore.sk","description":"Herbalife HL\/Skin Firming Face Cream je bohat\u00fd a sametov\u011b hebk\u00fd ple\u0165ov\u00fd kr\u00e9m proti vr\u00e1sk\u00e1m a pru\u017enosti.","robots":{"index":"index","follow":"follow","max-snippet":"max-snippet:-1","max-image-preview":"max-image-preview:large","max-video-preview":"max-video-preview:-1"},"canonical":"https:\/\/herbastore.sk\/cs\/produkty\/herbalife-skin\/hl-skin-zpevnujici-pletovy-krem\/","og_locale":"cs_CZ","og_type":"article","og_title":"HL\/Skin zpev\u0148uj\u00edc\u00ed ple\u0165ov\u00fd kr\u00e9m 50 ml - herbastore.sk","og_description":"Herbalife HL\/Skin Firming Face Cream je bohat\u00fd a sametov\u011b hebk\u00fd ple\u0165ov\u00fd kr\u00e9m proti vr\u00e1sk\u00e1m a pru\u017enosti.","og_url":"https:\/\/herbastore.sk\/cs\/produkty\/herbalife-skin\/hl-skin-zpevnujici-pletovy-krem\/","og_site_name":"herbastore","article_publisher":"https:\/\/www.facebook.com\/herbastoresk\/","article_modified_time":"2025-10-11T14:14:56+00:00","og_image":[{"width":534,"height":800,"url":"https:\/\/herbastore.sk\/wp-content\/uploads\/2025\/10\/herbalife-hl-skin-spevbujuci-pletovy-krem-50ml-513k.jpg","type":"image\/jpeg"}],"twitter_card":"summary_large_image","twitter_misc":{"Odhadovan\u00e1 doba \u010dten\u00ed":"2 minuty"},"schema":{"@context":"https:\/\/schema.org","@graph":[{"@type":"WebPage","@id":"https:\/\/herbastore.sk\/cs\/produkty\/herbalife-skin\/hl-skin-zpevnujici-pletovy-krem\/","url":"https:\/\/herbastore.sk\/cs\/produkty\/herbalife-skin\/hl-skin-zpevnujici-pletovy-krem\/","name":"HL\/Skin zpev\u0148uj\u00edc\u00ed ple\u0165ov\u00fd kr\u00e9m 50 ml - herbastore.sk","isPartOf":{"@id":"https:\/\/herbastore.sk\/cs\/#website"},"primaryImageOfPage":{"@id":"https:\/\/herbastore.sk\/cs\/produkty\/herbalife-skin\/hl-skin-zpevnujici-pletovy-krem\/#primaryimage"},"image":{"@id":"https:\/\/herbastore.sk\/cs\/produkty\/herbalife-skin\/hl-skin-zpevnujici-pletovy-krem\/#primaryimage"},"thumbnailUrl":"https:\/\/herbastore.sk\/wp-content\/uploads\/2025\/10\/herbalife-hl-skin-spevbujuci-pletovy-krem-50ml-513k.jpg","datePublished":"2025-10-10T20:02:21+00:00","dateModified":"2025-10-11T14:14:56+00:00","description":"Herbalife HL\/Skin Firming Face Cream je bohat\u00fd a sametov\u011b hebk\u00fd ple\u0165ov\u00fd kr\u00e9m proti vr\u00e1sk\u00e1m a pru\u017enosti.","breadcrumb":{"@id":"https:\/\/herbastore.sk\/cs\/produkty\/herbalife-skin\/hl-skin-zpevnujici-pletovy-krem\/#breadcrumb"},"inLanguage":"cs","potentialAction":[{"@type":"ReadAction","target":["https:\/\/herbastore.sk\/cs\/produkty\/herbalife-skin\/hl-skin-zpevnujici-pletovy-krem\/"]}]},{"@type":"ImageObject","inLanguage":"cs","@id":"https:\/\/herbastore.sk\/cs\/produkty\/herbalife-skin\/hl-skin-zpevnujici-pletovy-krem\/#primaryimage","url":"https:\/\/herbastore.sk\/wp-content\/uploads\/2025\/10\/herbalife-hl-skin-spevbujuci-pletovy-krem-50ml-513k.jpg","contentUrl":"https:\/\/herbastore.sk\/wp-content\/uploads\/2025\/10\/herbalife-hl-skin-spevbujuci-pletovy-krem-50ml-513k.jpg","width":534,"height":800,"caption":"HL\/Skin Spev\u0148uj\u00faci Ple\u0165ov\u00fd Kr\u00e9m"},{"@type":"BreadcrumbList","@id":"https:\/\/herbastore.sk\/cs\/produkty\/herbalife-skin\/hl-skin-zpevnujici-pletovy-krem\/#breadcrumb","itemListElement":[{"@type":"ListItem","position":1,"name":"Home","item":"https:\/\/herbastore.sk\/cs\/"},{"@type":"ListItem","position":2,"name":"Produkty","item":"https:\/\/herbastore.sk\/cs\/produkty\/"},{"@type":"ListItem","position":3,"name":"HL\/Skin zpev\u0148uj\u00edc\u00ed ple\u0165ov\u00fd kr\u00e9m"}]},{"@type":"WebSite","@id":"https:\/\/herbastore.sk\/cs\/#website","url":"https:\/\/herbastore.sk\/cs\/","name":"herbastore","description":"Produkty Herbalife z pohodlia v\u00e1\u0161ho domova","publisher":{"@id":"https:\/\/herbastore.sk\/cs\/#organization"},"potentialAction":[{"@type":"SearchAction","target":{"@type":"EntryPoint","urlTemplate":"https:\/\/herbastore.sk\/cs\/?s={search_term_string}"},"query-input":{"@type":"PropertyValueSpecification","valueRequired":true,"valueName":"search_term_string"}}],"inLanguage":"cs"},{"@type":"Organization","@id":"https:\/\/herbastore.sk\/cs\/#organization","name":"herbastore.sk","url":"https:\/\/herbastore.sk\/cs\/","logo":{"@type":"ImageObject","inLanguage":"cs","@id":"https:\/\/herbastore.sk\/cs\/#\/schema\/logo\/image\/","url":"https:\/\/herbastore.sk\/wp-content\/uploads\/2018\/11\/herbastore-ikona.png","contentUrl":"https:\/\/herbastore.sk\/wp-content\/uploads\/2018\/11\/herbastore-ikona.png","width":512,"height":512,"caption":"herbastore.sk"},"image":{"@id":"https:\/\/herbastore.sk\/cs\/#\/schema\/logo\/image\/"},"sameAs":["https:\/\/www.facebook.com\/herbastoresk\/","https:\/\/www.instagram.com\/herbastore.sk\/"]}]}},"_links":{"self":[{"href":"https:\/\/herbastore.sk\/cs\/wp-json\/wp\/v2\/product\/32184","targetHints":{"allow":["GET"]}}],"collection":[{"href":"https:\/\/herbastore.sk\/cs\/wp-json\/wp\/v2\/product"}],"about":[{"href":"https:\/\/herbastore.sk\/cs\/wp-json\/wp\/v2\/types\/product"}],"replies":[{"embeddable":true,"href":"https:\/\/herbastore.sk\/cs\/wp-json\/wp\/v2\/comments?post=32184"}],"wp:featuredmedia":[{"embeddable":true,"href":"https:\/\/herbastore.sk\/cs\/wp-json\/wp\/v2\/media\/32164"}],"wp:attachment":[{"href":"https:\/\/herbastore.sk\/cs\/wp-json\/wp\/v2\/media?parent=32184"}],"wp:term":[{"taxonomy":"product_brand","embeddable":true,"href":"https:\/\/herbastore.sk\/cs\/wp-json\/wp\/v2\/product_brand?post=32184"},{"taxonomy":"product_cat","embeddable":true,"href":"https:\/\/herbastore.sk\/cs\/wp-json\/wp\/v2\/product_cat?post=32184"},{"taxonomy":"product_tag","embeddable":true,"href":"https:\/\/herbastore.sk\/cs\/wp-json\/wp\/v2\/product_tag?post=32184"}],"curies":[{"name":"wp","href":"https:\/\/api.w.org\/{rel}","templated":true}]}}