{"id":32183,"date":"2025-10-10T21:31:16","date_gmt":"2025-10-10T19:31:16","guid":{"rendered":"https:\/\/herbastore.sk\/produkty\/neza\u0159azen\u00e9\/hl-skin-10-niacinamidove-serum\/"},"modified":"2025-10-11T16:17:28","modified_gmt":"2025-10-11T14:17:28","slug":"hl-skin-10-niacinamidove-serum","status":"publish","type":"product","link":"https:\/\/herbastore.sk\/cs\/produkty\/herbalife-skin\/hl-skin-10-niacinamidove-serum\/","title":{"rendered":"HL\/Skin 10% Niacinamidov\u00e9 s\u00e9rum"},"content":{"rendered":"<h2>HL\/Skin 10% Niacinamidov\u00e9 s\u00e9rum &#8211; vlastnosti a \u00fa\u010dinky<\/h2>\n<p>Rozjas\u0148uj\u00edc\u00ed s\u00e9rum odborn\u011b vyvinut\u00e9 v souladu s korejskou v\u011bdou v oblasti p\u00e9\u010de o ple\u0165, kter\u00e9 viditeln\u011b rozjas\u0148uje a sjednocuje ple\u0165 p\u0159i zachov\u00e1n\u00ed rovnov\u00e1hy vlhkosti a \u0159e\u0161\u00ed zn\u00e1mky st\u00e1rnut\u00ed. Toto niacinamidov\u00e9 s\u00e9rum obsahuje vysokou koncentraci niacinamidu, kter\u00fd posiluje ko\u017en\u00ed bari\u00e9ru a zvy\u0161uje z\u00e1\u0159ivost pro zdravou a z\u00e1\u0159ivou ple\u0165 \u2013 to v\u0161e v lehk\u00e9m, rychle se vst\u0159eb\u00e1vaj\u00edc\u00edm slo\u017een\u00ed. <\/p>\n<p>Toto 10% niacinamidov\u00e9 s\u00e9rum HL\/Skin neobsahuje \u017e\u00e1dn\u00e9 p\u0159idan\u00e9 parabeny.<\/p>\n<div class=\"row\"  id=\"row-177570371\">\n\n\t<div id=\"col-1073906987\" class=\"col medium-1\/2 large-6\"  >\n\t\t\t\t<div class=\"col-inner\"  >\n\t\t\t\n\t\t\t\n<ul>\n<li class=\"bullet-checkmark\">Je podpo\u0159ena pokro\u010dilou korejskou v\u011bdou v oblasti p\u00e9\u010de o ple\u0165<\/li>\n<li class=\"bullet-checkmark\">Rozjas\u0148uje a vyrovn\u00e1v\u00e1 t\u00f3n pleti<\/li>\n<li class=\"bullet-checkmark\">Podporuje a posiluje ko\u017en\u00ed bari\u00e9ru<\/li>\n<li class=\"bullet-checkmark\">Dod\u00e1v\u00e1 hydrataci, kter\u00e1 v sob\u011b uzamyk\u00e1 vlhkost<\/li>\n<\/ul>\n\t\t<\/div>\n\t\t\t\t\t<\/div>\n\n\t\n\n\t<div id=\"col-246440396\" class=\"col medium-1\/2 large-6\"  >\n\t\t\t\t<div class=\"col-inner\"  >\n\t\t\t\n\t\t\t\n<ul>\n<li class=\"bullet-checkmark\">Minimalizuje v\u00fdskyt nedokonalost\u00ed<\/li>\n<li class=\"bullet-checkmark\">Pom\u00e1h\u00e1 bojovat proti \u010dasn\u00fdm zn\u00e1mk\u00e1m st\u00e1rnut\u00ed<\/li>\n<li class=\"bullet-checkmark\">Redukuje vr\u00e1sky<\/li>\n<li class=\"bullet-checkmark\">Je vhodn\u00fd pro pou\u017eit\u00ed pod make-up<\/li>\n<\/ul>\n\t\t<\/div>\n\t\t\t\t\t<\/div>\n\n\t\n<\/div>\n<h2>Pou\u017eit\u00ed<\/h2>\n<p>Naneste n\u011bkolik kapek na \u010distou a suchou poko\u017eku obli\u010deje a krku. Jemn\u011b vmas\u00edrujte do poko\u017eky, dokud se nevst\u0159eb\u00e1. Pou\u017e\u00edvejte jednou denn\u011b.  <\/p>\n<p>Nezapome\u0148te pou\u017e\u00edvat SPF b\u011bhem dne.<\/p>\n<p>Jemn\u011b vmas\u00edrujte do poko\u017eky pomoc\u00ed na\u0161eho n\u00e1stroje &#8211; White Jade Gua Sha.<\/p>\n<h2>Ingredience<\/h2>\n<p>Aqua, Niacinamide, Glycerin, Butylene Glycol, 1,2-Hexanediol, Panthenol, Fructooligosaccharides, Beta-Glucan, Hydrolyzed Hyaluronic Acid, Tocopherol, Dipropylene Glycol, Laminaria Japonica Extract, Eclipta Prostrata Leaf Extract, Acrylates\/ C10-30 Alkyl Acrylate Crosspolymer, Tromethamine, Xanthan Gum, Ethylhexylglycerin, Disodium EDTA, Hydrogenated Lecithin.<\/p>\n","protected":false},"excerpt":{"rendered":"<p>30 ml<br \/>\n<div class=\"is-divider divider clearfix\" ><\/div>\n<p>HL\/Skin 10% Niacinamidov\u00e9 s\u00e9rum na vodn\u00ed b\u00e1zi pro pos\u00edlen\u00ed ko\u017en\u00ed bari\u00e9ry a zv\u00fd\u0161en\u00ed jasu pro zdravou a rovnom\u011brnou ple\u0165.<\/p>\n","protected":false},"featured_media":32158,"comment_status":"open","ping_status":"closed","template":"","meta":{"inline_featured_image":false},"product_brand":[],"product_cat":[178],"product_tag":[203],"class_list":{"0":"post-32183","1":"product","2":"type-product","3":"status-publish","4":"has-post-thumbnail","6":"product_cat-herbalife-skin","7":"product_tag-hezci-plet-a-vlasy","9":"first","10":"instock","11":"taxable","12":"shipping-taxable","13":"purchasable","14":"product-type-simple"},"yoast_head":"<!-- This site is optimized with the Yoast SEO plugin v26.8 - https:\/\/yoast.com\/product\/yoast-seo-wordpress\/ -->\n<title>HL\/Skin 10% Niacinamidov\u00e9 s\u00e9rum - herbastore<\/title>\n<meta name=\"robots\" content=\"index, follow, max-snippet:-1, max-image-preview:large, max-video-preview:-1\" \/>\n<link rel=\"canonical\" href=\"https:\/\/herbastore.sk\/cs\/produkty\/herbalife-skin\/hl-skin-10-niacinamidove-serum\/\" \/>\n<meta property=\"og:locale\" content=\"cs_CZ\" \/>\n<meta property=\"og:type\" content=\"article\" \/>\n<meta property=\"og:title\" content=\"HL\/Skin 10% Niacinamidov\u00e9 s\u00e9rum - herbastore\" \/>\n<meta property=\"og:description\" content=\"30 ml  HL\/Skin 10% Niacinamidov\u00e9 s\u00e9rum na vodn\u00ed b\u00e1zi pro pos\u00edlen\u00ed ko\u017en\u00ed bari\u00e9ry a zv\u00fd\u0161en\u00ed jasu pro zdravou a rovnom\u011brnou ple\u0165.\" \/>\n<meta property=\"og:url\" content=\"https:\/\/herbastore.sk\/cs\/produkty\/herbalife-skin\/hl-skin-10-niacinamidove-serum\/\" \/>\n<meta property=\"og:site_name\" content=\"herbastore\" \/>\n<meta property=\"article:publisher\" content=\"https:\/\/www.facebook.com\/herbastoresk\/\" \/>\n<meta property=\"article:modified_time\" content=\"2025-10-11T14:17:28+00:00\" \/>\n<meta property=\"og:image\" content=\"https:\/\/herbastore.sk\/wp-content\/uploads\/2025\/10\/herbalife-hl-skin-10-niacinamidove-serum-30ml-508k.jpg\" \/>\n\t<meta property=\"og:image:width\" content=\"534\" \/>\n\t<meta property=\"og:image:height\" content=\"800\" \/>\n\t<meta property=\"og:image:type\" content=\"image\/jpeg\" \/>\n<meta name=\"twitter:card\" content=\"summary_large_image\" \/>\n<meta name=\"twitter:label1\" content=\"Odhadovan\u00e1 doba \u010dten\u00ed\" \/>\n\t<meta name=\"twitter:data1\" content=\"1 minuta\" \/>\n<script type=\"application\/ld+json\" class=\"yoast-schema-graph\">{\"@context\":\"https:\/\/schema.org\",\"@graph\":[{\"@type\":\"WebPage\",\"@id\":\"https:\/\/herbastore.sk\/cs\/produkty\/herbalife-skin\/hl-skin-10-niacinamidove-serum\/\",\"url\":\"https:\/\/herbastore.sk\/cs\/produkty\/herbalife-skin\/hl-skin-10-niacinamidove-serum\/\",\"name\":\"HL\/Skin 10% Niacinamidov\u00e9 s\u00e9rum - herbastore\",\"isPartOf\":{\"@id\":\"https:\/\/herbastore.sk\/cs\/#website\"},\"primaryImageOfPage\":{\"@id\":\"https:\/\/herbastore.sk\/cs\/produkty\/herbalife-skin\/hl-skin-10-niacinamidove-serum\/#primaryimage\"},\"image\":{\"@id\":\"https:\/\/herbastore.sk\/cs\/produkty\/herbalife-skin\/hl-skin-10-niacinamidove-serum\/#primaryimage\"},\"thumbnailUrl\":\"https:\/\/herbastore.sk\/wp-content\/uploads\/2025\/10\/herbalife-hl-skin-10-niacinamidove-serum-30ml-508k.jpg\",\"datePublished\":\"2025-10-10T19:31:16+00:00\",\"dateModified\":\"2025-10-11T14:17:28+00:00\",\"breadcrumb\":{\"@id\":\"https:\/\/herbastore.sk\/cs\/produkty\/herbalife-skin\/hl-skin-10-niacinamidove-serum\/#breadcrumb\"},\"inLanguage\":\"cs\",\"potentialAction\":[{\"@type\":\"ReadAction\",\"target\":[\"https:\/\/herbastore.sk\/cs\/produkty\/herbalife-skin\/hl-skin-10-niacinamidove-serum\/\"]}]},{\"@type\":\"ImageObject\",\"inLanguage\":\"cs\",\"@id\":\"https:\/\/herbastore.sk\/cs\/produkty\/herbalife-skin\/hl-skin-10-niacinamidove-serum\/#primaryimage\",\"url\":\"https:\/\/herbastore.sk\/wp-content\/uploads\/2025\/10\/herbalife-hl-skin-10-niacinamidove-serum-30ml-508k.jpg\",\"contentUrl\":\"https:\/\/herbastore.sk\/wp-content\/uploads\/2025\/10\/herbalife-hl-skin-10-niacinamidove-serum-30ml-508k.jpg\",\"width\":534,\"height\":800,\"caption\":\"HL\/Skin 10% Niac\u00ednamidov\u00e9 S\u00e9rum\"},{\"@type\":\"BreadcrumbList\",\"@id\":\"https:\/\/herbastore.sk\/cs\/produkty\/herbalife-skin\/hl-skin-10-niacinamidove-serum\/#breadcrumb\",\"itemListElement\":[{\"@type\":\"ListItem\",\"position\":1,\"name\":\"Home\",\"item\":\"https:\/\/herbastore.sk\/cs\/\"},{\"@type\":\"ListItem\",\"position\":2,\"name\":\"Produkty\",\"item\":\"https:\/\/herbastore.sk\/cs\/produkty\/\"},{\"@type\":\"ListItem\",\"position\":3,\"name\":\"HL\/Skin 10% Niacinamidov\u00e9 s\u00e9rum\"}]},{\"@type\":\"WebSite\",\"@id\":\"https:\/\/herbastore.sk\/cs\/#website\",\"url\":\"https:\/\/herbastore.sk\/cs\/\",\"name\":\"herbastore\",\"description\":\"Produkty Herbalife z pohodlia v\u00e1\u0161ho domova\",\"publisher\":{\"@id\":\"https:\/\/herbastore.sk\/cs\/#organization\"},\"potentialAction\":[{\"@type\":\"SearchAction\",\"target\":{\"@type\":\"EntryPoint\",\"urlTemplate\":\"https:\/\/herbastore.sk\/cs\/?s={search_term_string}\"},\"query-input\":{\"@type\":\"PropertyValueSpecification\",\"valueRequired\":true,\"valueName\":\"search_term_string\"}}],\"inLanguage\":\"cs\"},{\"@type\":\"Organization\",\"@id\":\"https:\/\/herbastore.sk\/cs\/#organization\",\"name\":\"herbastore.sk\",\"url\":\"https:\/\/herbastore.sk\/cs\/\",\"logo\":{\"@type\":\"ImageObject\",\"inLanguage\":\"cs\",\"@id\":\"https:\/\/herbastore.sk\/cs\/#\/schema\/logo\/image\/\",\"url\":\"https:\/\/herbastore.sk\/wp-content\/uploads\/2018\/11\/herbastore-ikona.png\",\"contentUrl\":\"https:\/\/herbastore.sk\/wp-content\/uploads\/2018\/11\/herbastore-ikona.png\",\"width\":512,\"height\":512,\"caption\":\"herbastore.sk\"},\"image\":{\"@id\":\"https:\/\/herbastore.sk\/cs\/#\/schema\/logo\/image\/\"},\"sameAs\":[\"https:\/\/www.facebook.com\/herbastoresk\/\",\"https:\/\/www.instagram.com\/herbastore.sk\/\"]}]}<\/script>\n<!-- \/ Yoast SEO plugin. -->","yoast_head_json":{"title":"HL\/Skin 10% Niacinamidov\u00e9 s\u00e9rum - herbastore","robots":{"index":"index","follow":"follow","max-snippet":"max-snippet:-1","max-image-preview":"max-image-preview:large","max-video-preview":"max-video-preview:-1"},"canonical":"https:\/\/herbastore.sk\/cs\/produkty\/herbalife-skin\/hl-skin-10-niacinamidove-serum\/","og_locale":"cs_CZ","og_type":"article","og_title":"HL\/Skin 10% Niacinamidov\u00e9 s\u00e9rum - herbastore","og_description":"30 ml  HL\/Skin 10% Niacinamidov\u00e9 s\u00e9rum na vodn\u00ed b\u00e1zi pro pos\u00edlen\u00ed ko\u017en\u00ed bari\u00e9ry a zv\u00fd\u0161en\u00ed jasu pro zdravou a rovnom\u011brnou ple\u0165.","og_url":"https:\/\/herbastore.sk\/cs\/produkty\/herbalife-skin\/hl-skin-10-niacinamidove-serum\/","og_site_name":"herbastore","article_publisher":"https:\/\/www.facebook.com\/herbastoresk\/","article_modified_time":"2025-10-11T14:17:28+00:00","og_image":[{"width":534,"height":800,"url":"https:\/\/herbastore.sk\/wp-content\/uploads\/2025\/10\/herbalife-hl-skin-10-niacinamidove-serum-30ml-508k.jpg","type":"image\/jpeg"}],"twitter_card":"summary_large_image","twitter_misc":{"Odhadovan\u00e1 doba \u010dten\u00ed":"1 minuta"},"schema":{"@context":"https:\/\/schema.org","@graph":[{"@type":"WebPage","@id":"https:\/\/herbastore.sk\/cs\/produkty\/herbalife-skin\/hl-skin-10-niacinamidove-serum\/","url":"https:\/\/herbastore.sk\/cs\/produkty\/herbalife-skin\/hl-skin-10-niacinamidove-serum\/","name":"HL\/Skin 10% Niacinamidov\u00e9 s\u00e9rum - herbastore","isPartOf":{"@id":"https:\/\/herbastore.sk\/cs\/#website"},"primaryImageOfPage":{"@id":"https:\/\/herbastore.sk\/cs\/produkty\/herbalife-skin\/hl-skin-10-niacinamidove-serum\/#primaryimage"},"image":{"@id":"https:\/\/herbastore.sk\/cs\/produkty\/herbalife-skin\/hl-skin-10-niacinamidove-serum\/#primaryimage"},"thumbnailUrl":"https:\/\/herbastore.sk\/wp-content\/uploads\/2025\/10\/herbalife-hl-skin-10-niacinamidove-serum-30ml-508k.jpg","datePublished":"2025-10-10T19:31:16+00:00","dateModified":"2025-10-11T14:17:28+00:00","breadcrumb":{"@id":"https:\/\/herbastore.sk\/cs\/produkty\/herbalife-skin\/hl-skin-10-niacinamidove-serum\/#breadcrumb"},"inLanguage":"cs","potentialAction":[{"@type":"ReadAction","target":["https:\/\/herbastore.sk\/cs\/produkty\/herbalife-skin\/hl-skin-10-niacinamidove-serum\/"]}]},{"@type":"ImageObject","inLanguage":"cs","@id":"https:\/\/herbastore.sk\/cs\/produkty\/herbalife-skin\/hl-skin-10-niacinamidove-serum\/#primaryimage","url":"https:\/\/herbastore.sk\/wp-content\/uploads\/2025\/10\/herbalife-hl-skin-10-niacinamidove-serum-30ml-508k.jpg","contentUrl":"https:\/\/herbastore.sk\/wp-content\/uploads\/2025\/10\/herbalife-hl-skin-10-niacinamidove-serum-30ml-508k.jpg","width":534,"height":800,"caption":"HL\/Skin 10% Niac\u00ednamidov\u00e9 S\u00e9rum"},{"@type":"BreadcrumbList","@id":"https:\/\/herbastore.sk\/cs\/produkty\/herbalife-skin\/hl-skin-10-niacinamidove-serum\/#breadcrumb","itemListElement":[{"@type":"ListItem","position":1,"name":"Home","item":"https:\/\/herbastore.sk\/cs\/"},{"@type":"ListItem","position":2,"name":"Produkty","item":"https:\/\/herbastore.sk\/cs\/produkty\/"},{"@type":"ListItem","position":3,"name":"HL\/Skin 10% Niacinamidov\u00e9 s\u00e9rum"}]},{"@type":"WebSite","@id":"https:\/\/herbastore.sk\/cs\/#website","url":"https:\/\/herbastore.sk\/cs\/","name":"herbastore","description":"Produkty Herbalife z pohodlia v\u00e1\u0161ho domova","publisher":{"@id":"https:\/\/herbastore.sk\/cs\/#organization"},"potentialAction":[{"@type":"SearchAction","target":{"@type":"EntryPoint","urlTemplate":"https:\/\/herbastore.sk\/cs\/?s={search_term_string}"},"query-input":{"@type":"PropertyValueSpecification","valueRequired":true,"valueName":"search_term_string"}}],"inLanguage":"cs"},{"@type":"Organization","@id":"https:\/\/herbastore.sk\/cs\/#organization","name":"herbastore.sk","url":"https:\/\/herbastore.sk\/cs\/","logo":{"@type":"ImageObject","inLanguage":"cs","@id":"https:\/\/herbastore.sk\/cs\/#\/schema\/logo\/image\/","url":"https:\/\/herbastore.sk\/wp-content\/uploads\/2018\/11\/herbastore-ikona.png","contentUrl":"https:\/\/herbastore.sk\/wp-content\/uploads\/2018\/11\/herbastore-ikona.png","width":512,"height":512,"caption":"herbastore.sk"},"image":{"@id":"https:\/\/herbastore.sk\/cs\/#\/schema\/logo\/image\/"},"sameAs":["https:\/\/www.facebook.com\/herbastoresk\/","https:\/\/www.instagram.com\/herbastore.sk\/"]}]}},"_links":{"self":[{"href":"https:\/\/herbastore.sk\/cs\/wp-json\/wp\/v2\/product\/32183","targetHints":{"allow":["GET"]}}],"collection":[{"href":"https:\/\/herbastore.sk\/cs\/wp-json\/wp\/v2\/product"}],"about":[{"href":"https:\/\/herbastore.sk\/cs\/wp-json\/wp\/v2\/types\/product"}],"replies":[{"embeddable":true,"href":"https:\/\/herbastore.sk\/cs\/wp-json\/wp\/v2\/comments?post=32183"}],"wp:featuredmedia":[{"embeddable":true,"href":"https:\/\/herbastore.sk\/cs\/wp-json\/wp\/v2\/media\/32158"}],"wp:attachment":[{"href":"https:\/\/herbastore.sk\/cs\/wp-json\/wp\/v2\/media?parent=32183"}],"wp:term":[{"taxonomy":"product_brand","embeddable":true,"href":"https:\/\/herbastore.sk\/cs\/wp-json\/wp\/v2\/product_brand?post=32183"},{"taxonomy":"product_cat","embeddable":true,"href":"https:\/\/herbastore.sk\/cs\/wp-json\/wp\/v2\/product_cat?post=32183"},{"taxonomy":"product_tag","embeddable":true,"href":"https:\/\/herbastore.sk\/cs\/wp-json\/wp\/v2\/product_tag?post=32183"}],"curies":[{"name":"wp","href":"https:\/\/api.w.org\/{rel}","templated":true}]}}