{"id":28181,"date":"2025-01-21T13:41:31","date_gmt":"2025-01-21T12:41:31","guid":{"rendered":"https:\/\/herbastore.sk\/produkty\/nezarazene\/vegansky-protein-drink-mix-sacky\/"},"modified":"2025-03-02T13:51:31","modified_gmt":"2025-03-02T12:51:31","slug":"vegansky-protein-drink-mix-sacky","status":"publish","type":"product","link":"https:\/\/herbastore.sk\/cs\/produkty\/proteinove-doplnky\/vegansky-protein-drink-mix-sacky\/","title":{"rendered":"Vegansk\u00fd Protein drink mix s\u00e1\u010dky"},"content":{"rendered":"<h2>Jak v\u00e1m m\u016f\u017ee b\u00fdt Vegansk\u00fd Protein drink mix v s\u00e1\u010dc\u00edch prosp\u011b\u0161n\u00fd?<\/h2>\n<p>Vegansk\u00fd Protein drink mix je skv\u011bl\u00fdm prost\u0159edkem, kter\u00fd v\u00e1m napom\u016f\u017ee dos\u00e1hnout doporu\u010den\u00fd denn\u00ed p\u0159\u00edjem b\u00edlkovin. Je 100% vegansk\u00fd, bez cukru, bez lepku a bez ml\u00e9\u010dn\u00fdch slo\u017eek. Obsahuje tak\u00e9 22 z\u00e1kladn\u00edch vitam\u00edn\u016f a miner\u00e1l\u016f &#8211; v\u010detn\u011b v\u00e1pn\u00edku, vitam\u00edn\u016f B12 a D! D\u00edky sv\u00e9 jemn\u00e9 vanilkov\u00e9 p\u0159\u00edchuti je ide\u00e1ln\u00ed p\u0159\u00edsadou, kterou m\u016f\u017eete p\u0159idat do zdrav\u00e9ho pe\u010diva a recept\u016f.<\/p>\n<p>O b\u00edlkovin\u00e1ch se obecn\u011b v\u00ed, \u017ee jsou stavebn\u00edm prvkem \u017eiv\u00fdch organism\u016f. Pln\u00ed tak\u00e9 v t\u011ble r\u016fzn\u00e9 funkce v\u010detn\u011b p\u0159isp\u00edv\u00e1n\u00ed k r\u016fstu svalov\u00e9 hmoty a udr\u017eov\u00e1n\u00ed objemu svalstva a zdrav\u00fdch kost\u00ed. Na\u0161e t\u011blo nedok\u00e1\u017ee b\u00edlkoviny ukl\u00e1dat a ani si je nedok\u00e1\u017ee samo vytv\u00e1\u0159et, proto je t\u0159eba p\u0159ij\u00edmat ka\u017ed\u00fd den dostatek b\u00edlkovin ve strav\u011b.<\/p>\n<p>Tento univerz\u00e1ln\u00ed produkt m\u016f\u017eete konzumovat dv\u011bma chutn\u00fdmi zp\u016fsoby. P\u0159ipravte si ho jako chutn\u00e9, n\u00edzkokalorick\u00e9 j\u00eddlo s vysok\u00fdm obsahem b\u00edlkovin kdykoliv b\u011bhem dne, nebo jej p\u0159idejte do sv\u00e9ho obl\u00edben\u00e9ho <a href=\"https:\/\/herbastore.sk\/cs\/produkty\/vyvazene-jidlo\/formula-1-koktejl\/\">koktejlu Herbalife Formula 1<\/a> pro vytvo\u0159en\u00ed skv\u011bl\u00e9ho kr\u00e9mov\u00e9ho n\u00e1poje. Tento produkt nen\u00ed klasifikov\u00e1n jako n\u00e1hrada j\u00eddla.<\/p>\n<h2>Kl\u00ed\u010dov\u00e9 v\u00fdhody<\/h2>\n<p>Aktivn\u00ed \u010dlov\u011bk by m\u011bl denn\u011b zkonzumovat minim\u00e1ln\u011b 0,8 a\u017e 1 g b\u00edlkovin na jeden kilogram sv\u00e9 hmotnosti. Nap\u0159\u00edklad mu\u017e, kter\u00fd v\u00e1\u017e\u00ed 100 kg, by m\u011bl denn\u011b zkonzumovat minim\u00e1ln\u011b 80 a\u017e 100 g b\u00edlkovin. \u017dena s hmotnost\u00ed 50 kg by m\u011bla zkonzumovat 40 a\u017e 50 g b\u00edlkovin denn\u011b.<\/p>\n<p>Na\u0161e t\u011blo nedok\u00e1\u017ee b\u00edlkoviny ukl\u00e1dat a ani si je nedok\u00e1\u017ee samo vytv\u00e1\u0159et, proto je t\u0159eba p\u0159ij\u00edmat ka\u017ed\u00fd den dostatek b\u00edlkovin ve strav\u011b.<\/p>\n<div class=\"row\"  id=\"row-1937269631\">\n\n\t<div id=\"col-984200459\" class=\"col medium-1\/2 large-6\"  >\n\t\t\t\t<div class=\"col-inner\"  >\n\t\t\t\n\t\t\t\n<ul>\n<li class=\"bullet-checkmark\">100% vegansk\u00fd<\/li>\n<li class=\"bullet-checkmark\">Jen 109 kcal na porci<\/li>\n<li class=\"bullet-checkmark\">Poskytuje 15 g vysoce kvalitn\u00edch rostlinn\u00fdch b\u00edlkovin na porci<\/li>\n<li class=\"bullet-checkmark\">Obsahuje 20 porc\u00ed<\/li>\n<\/ul>\n\t\t<\/div>\n\t\t\t\t\t<\/div>\n\n\t\n\n\t<div id=\"col-342728849\" class=\"col medium-1\/2 large-6\"  >\n\t\t\t\t<div class=\"col-inner\"  >\n\t\t\t\n\t\t\t\n<ul>\n<li class=\"bullet-checkmark\">Bezlepkov\u00fd, bez cukru a bez ml\u00e9\u010dn\u00fdch slo\u017eek<\/li>\n<li class=\"bullet-checkmark\">22 kl\u00ed\u010dov\u00fdch vitam\u00edn\u016f a miner\u00e1l\u016f na porci<\/li>\n<li class=\"bullet-checkmark\">Je mo\u017en\u00e9 ho m\u00edchat ve vod\u011b<\/li>\n<li class=\"bullet-checkmark\">Lahodn\u00e1 vanilkov\u00e1 p\u0159\u00edchu\u0165<\/li>\n<\/ul>\n\t\t<\/div>\n\t\t\t\t\t<\/div>\n\n\t\n<\/div>\n<h2>D\u00e1vkovanie<\/h2>\n<ol>\n<li><strong> Pridajte do v\u00e1\u0161ho ob\u013e\u00faben\u00e9ho koktailu<\/strong><\/li>\n<\/ol>\n<p>Zmie\u0161ajte 1 polievkov\u00fa ly\u017eicu Protein drink mix (14 g) s dvoma odmerkami koktailu\u00a0<span style=\"color: #7bc143;\">Formula 1<\/span> a vytvor\u00edte kr\u00e9mov\u00fd a lahodn\u00fd n\u00e1poj prekypuj\u00faci dobrotou.\u00a0M\u00f4\u017eete kombinova\u0165 s akouko\u013evek pr\u00edchu\u0165ou.<\/p>\n<ol start=\"2\">\n<li><strong> V\u00fd\u017eivn\u00e9, vysoko prote\u00ednov\u00e9 ob\u010derstvenie<\/strong><\/li>\n<\/ol>\n<p>Zmie\u0161ajte dve polievkov\u00e9 ly\u017eice (28 g) so studenou vodou a vytvor\u00edte chutn\u00e9, vysoko prote\u00ednov\u00e9 ob\u010derstvenie s n\u00edzkym obsahom kal\u00f3rii.<\/p>\n<p style=\"text-align: center;\"><a href=\"https:\/\/herbastore.sk\/wp-content\/uploads\/2025\/01\/Herbalife-vegansky-protein-drink-mix-vanilka-sacky-vyzivova-hodnota.png\"><img decoding=\"async\" class=\"aligncenter wp-image-28176 size-full\" src=\"https:\/\/herbastore.sk\/wp-content\/uploads\/2025\/01\/Herbalife-vegansky-protein-drink-mix-vanilka-sacky-vyzivova-hodnota.png\" alt=\"Herbalife vegansky protein drink mix sacky vyzivova hodnota\" width=\"600\" height=\"auto\" srcset=\"https:\/\/herbastore.sk\/wp-content\/uploads\/2025\/01\/Herbalife-vegansky-protein-drink-mix-vanilka-sacky-vyzivova-hodnota.png 2145w, https:\/\/herbastore.sk\/wp-content\/uploads\/2025\/01\/Herbalife-vegansky-protein-drink-mix-vanilka-sacky-vyzivova-hodnota-800x310.png 800w, https:\/\/herbastore.sk\/wp-content\/uploads\/2025\/01\/Herbalife-vegansky-protein-drink-mix-vanilka-sacky-vyzivova-hodnota-1400x542.png 1400w, https:\/\/herbastore.sk\/wp-content\/uploads\/2025\/01\/Herbalife-vegansky-protein-drink-mix-vanilka-sacky-vyzivova-hodnota-768x297.png 768w, https:\/\/herbastore.sk\/wp-content\/uploads\/2025\/01\/Herbalife-vegansky-protein-drink-mix-vanilka-sacky-vyzivova-hodnota-1536x594.png 1536w, https:\/\/herbastore.sk\/wp-content\/uploads\/2025\/01\/Herbalife-vegansky-protein-drink-mix-vanilka-sacky-vyzivova-hodnota-2048x792.png 2048w, https:\/\/herbastore.sk\/wp-content\/uploads\/2025\/01\/Herbalife-vegansky-protein-drink-mix-vanilka-sacky-vyzivova-hodnota-267x103.png 267w, https:\/\/herbastore.sk\/wp-content\/uploads\/2025\/01\/Herbalife-vegansky-protein-drink-mix-vanilka-sacky-vyzivova-hodnota-534x207.png 534w\" sizes=\"(max-width: 2145px) 100vw, 2145px\" \/><\/a><\/p>\n<p style=\"text-align: center;\"><em>V\u00fd\u017eivov\u00e1 hodnota &#8211; Veg\u00e1nsky Protein drink mix<\/em><\/p>\n","protected":false},"excerpt":{"rendered":"<p>7 x 28 g<\/p>\n<div class=\"is-divider divider clearfix\" ><\/div>\n<p>A\u0165 u\u017e jste vegan, nebo se sna\u017e\u00edte j\u00edst v\u00edce rostlinn\u00fdch potravin, m\u016f\u017ee b\u00fdt pro v\u00e1s obt\u00ed\u017en\u00e9 z\u00edskat dostatek kl\u00ed\u010dov\u00fdch \u017eivin, jako jsou b\u00edlkoviny, v\u00e1pn\u00edk, vitam\u00edny B12 a D. Vegansk\u00fd Protein Drink Mix je skv\u011bl\u00fd zp\u016fsob, jak zv\u00fd\u0161it sv\u016fj denn\u00ed p\u0159\u00edjem b\u00edlkovin. Je 100% vegansk\u00fd, bez cukru, bez lepku a bez ml\u00e9\u010dn\u00fdch slo\u017eek.<\/p>\n","protected":false},"featured_media":28171,"comment_status":"open","ping_status":"closed","template":"","meta":{"inline_featured_image":false},"product_brand":[],"product_cat":[180],"product_tag":[205],"class_list":{"0":"post-28181","1":"product","2":"type-product","3":"status-publish","4":"has-post-thumbnail","6":"product_cat-proteinove-doplnky","7":"product_tag-narust-svalove-hmoty","9":"first","10":"instock","11":"taxable","12":"shipping-taxable","13":"purchasable","14":"product-type-simple"},"yoast_head":"<!-- This site is optimized with the Yoast SEO plugin v26.8 - https:\/\/yoast.com\/product\/yoast-seo-wordpress\/ -->\n<title>Herbalife Vegansk\u00fd Protein drink mix s\u00e1\u010dky 7 x 28 g - herbastore.sk<\/title>\n<meta name=\"description\" content=\"Vegansk\u00fd Protein Drink Mix v s\u00e1\u010dc\u00edch je skv\u011bl\u00fd zp\u016fsob, jak zv\u00fd\u0161it sv\u016fj denn\u00ed p\u0159\u00edjem b\u00edlkovin. Je 100% vegansk\u00fd, bez cukru a lepku a bez ml\u00e9\u010dn\u00fdch slo\u017eek.\" \/>\n<meta name=\"robots\" content=\"index, follow, max-snippet:-1, max-image-preview:large, max-video-preview:-1\" \/>\n<link rel=\"canonical\" href=\"https:\/\/herbastore.sk\/cs\/produkty\/proteinove-doplnky\/vegansky-protein-drink-mix-sacky\/\" \/>\n<meta property=\"og:locale\" content=\"cs_CZ\" \/>\n<meta property=\"og:type\" content=\"article\" \/>\n<meta property=\"og:title\" content=\"Herbalife Vegansk\u00fd Protein drink mix s\u00e1\u010dky 7 x 28 g - herbastore.sk\" \/>\n<meta property=\"og:description\" content=\"Vegansk\u00fd Protein Drink Mix v s\u00e1\u010dc\u00edch je skv\u011bl\u00fd zp\u016fsob, jak zv\u00fd\u0161it sv\u016fj denn\u00ed p\u0159\u00edjem b\u00edlkovin. Je 100% vegansk\u00fd, bez cukru a lepku a bez ml\u00e9\u010dn\u00fdch slo\u017eek.\" \/>\n<meta property=\"og:url\" content=\"https:\/\/herbastore.sk\/cs\/produkty\/proteinove-doplnky\/vegansky-protein-drink-mix-sacky\/\" \/>\n<meta property=\"og:site_name\" content=\"herbastore\" \/>\n<meta property=\"article:publisher\" content=\"https:\/\/www.facebook.com\/herbastoresk\/\" \/>\n<meta property=\"article:modified_time\" content=\"2025-03-02T12:51:31+00:00\" \/>\n<meta property=\"og:image\" content=\"https:\/\/herbastore.sk\/wp-content\/uploads\/2025\/01\/Herbalife-vegansky-protein-drink-mix-vanilka-sacky-1.jpg\" \/>\n\t<meta property=\"og:image:width\" content=\"534\" \/>\n\t<meta property=\"og:image:height\" content=\"800\" \/>\n\t<meta property=\"og:image:type\" content=\"image\/jpeg\" \/>\n<meta name=\"twitter:card\" content=\"summary_large_image\" \/>\n<meta name=\"twitter:label1\" content=\"Odhadovan\u00e1 doba \u010dten\u00ed\" \/>\n\t<meta name=\"twitter:data1\" content=\"2 minuty\" \/>\n<script type=\"application\/ld+json\" class=\"yoast-schema-graph\">{\"@context\":\"https:\/\/schema.org\",\"@graph\":[{\"@type\":\"WebPage\",\"@id\":\"https:\/\/herbastore.sk\/cs\/produkty\/proteinove-doplnky\/vegansky-protein-drink-mix-sacky\/\",\"url\":\"https:\/\/herbastore.sk\/cs\/produkty\/proteinove-doplnky\/vegansky-protein-drink-mix-sacky\/\",\"name\":\"Herbalife Vegansk\u00fd Protein drink mix s\u00e1\u010dky 7 x 28 g - herbastore.sk\",\"isPartOf\":{\"@id\":\"https:\/\/herbastore.sk\/cs\/#website\"},\"primaryImageOfPage\":{\"@id\":\"https:\/\/herbastore.sk\/cs\/produkty\/proteinove-doplnky\/vegansky-protein-drink-mix-sacky\/#primaryimage\"},\"image\":{\"@id\":\"https:\/\/herbastore.sk\/cs\/produkty\/proteinove-doplnky\/vegansky-protein-drink-mix-sacky\/#primaryimage\"},\"thumbnailUrl\":\"https:\/\/herbastore.sk\/wp-content\/uploads\/2025\/01\/Herbalife-vegansky-protein-drink-mix-vanilka-sacky-1.jpg\",\"datePublished\":\"2025-01-21T12:41:31+00:00\",\"dateModified\":\"2025-03-02T12:51:31+00:00\",\"description\":\"Vegansk\u00fd Protein Drink Mix v s\u00e1\u010dc\u00edch je skv\u011bl\u00fd zp\u016fsob, jak zv\u00fd\u0161it sv\u016fj denn\u00ed p\u0159\u00edjem b\u00edlkovin. Je 100% vegansk\u00fd, bez cukru a lepku a bez ml\u00e9\u010dn\u00fdch slo\u017eek.\",\"breadcrumb\":{\"@id\":\"https:\/\/herbastore.sk\/cs\/produkty\/proteinove-doplnky\/vegansky-protein-drink-mix-sacky\/#breadcrumb\"},\"inLanguage\":\"cs\",\"potentialAction\":[{\"@type\":\"ReadAction\",\"target\":[\"https:\/\/herbastore.sk\/cs\/produkty\/proteinove-doplnky\/vegansky-protein-drink-mix-sacky\/\"]}]},{\"@type\":\"ImageObject\",\"inLanguage\":\"cs\",\"@id\":\"https:\/\/herbastore.sk\/cs\/produkty\/proteinove-doplnky\/vegansky-protein-drink-mix-sacky\/#primaryimage\",\"url\":\"https:\/\/herbastore.sk\/wp-content\/uploads\/2025\/01\/Herbalife-vegansky-protein-drink-mix-vanilka-sacky-1.jpg\",\"contentUrl\":\"https:\/\/herbastore.sk\/wp-content\/uploads\/2025\/01\/Herbalife-vegansky-protein-drink-mix-vanilka-sacky-1.jpg\",\"width\":534,\"height\":800,\"caption\":\"Herbalife Vegansky Protein drink mix s vanilkovou prichutou\"},{\"@type\":\"BreadcrumbList\",\"@id\":\"https:\/\/herbastore.sk\/cs\/produkty\/proteinove-doplnky\/vegansky-protein-drink-mix-sacky\/#breadcrumb\",\"itemListElement\":[{\"@type\":\"ListItem\",\"position\":1,\"name\":\"Home\",\"item\":\"https:\/\/herbastore.sk\/cs\/\"},{\"@type\":\"ListItem\",\"position\":2,\"name\":\"Produkty\",\"item\":\"https:\/\/herbastore.sk\/cs\/produkty\/\"},{\"@type\":\"ListItem\",\"position\":3,\"name\":\"Vegansk\u00fd Protein drink mix s\u00e1\u010dky\"}]},{\"@type\":\"WebSite\",\"@id\":\"https:\/\/herbastore.sk\/cs\/#website\",\"url\":\"https:\/\/herbastore.sk\/cs\/\",\"name\":\"herbastore\",\"description\":\"Produkty Herbalife z pohodlia v\u00e1\u0161ho domova\",\"publisher\":{\"@id\":\"https:\/\/herbastore.sk\/cs\/#organization\"},\"potentialAction\":[{\"@type\":\"SearchAction\",\"target\":{\"@type\":\"EntryPoint\",\"urlTemplate\":\"https:\/\/herbastore.sk\/cs\/?s={search_term_string}\"},\"query-input\":{\"@type\":\"PropertyValueSpecification\",\"valueRequired\":true,\"valueName\":\"search_term_string\"}}],\"inLanguage\":\"cs\"},{\"@type\":\"Organization\",\"@id\":\"https:\/\/herbastore.sk\/cs\/#organization\",\"name\":\"herbastore.sk\",\"url\":\"https:\/\/herbastore.sk\/cs\/\",\"logo\":{\"@type\":\"ImageObject\",\"inLanguage\":\"cs\",\"@id\":\"https:\/\/herbastore.sk\/cs\/#\/schema\/logo\/image\/\",\"url\":\"https:\/\/herbastore.sk\/wp-content\/uploads\/2018\/11\/herbastore-ikona.png\",\"contentUrl\":\"https:\/\/herbastore.sk\/wp-content\/uploads\/2018\/11\/herbastore-ikona.png\",\"width\":512,\"height\":512,\"caption\":\"herbastore.sk\"},\"image\":{\"@id\":\"https:\/\/herbastore.sk\/cs\/#\/schema\/logo\/image\/\"},\"sameAs\":[\"https:\/\/www.facebook.com\/herbastoresk\/\",\"https:\/\/www.instagram.com\/herbastore.sk\/\"]}]}<\/script>\n<!-- \/ Yoast SEO plugin. -->","yoast_head_json":{"title":"Herbalife Vegansk\u00fd Protein drink mix s\u00e1\u010dky 7 x 28 g - herbastore.sk","description":"Vegansk\u00fd Protein Drink Mix v s\u00e1\u010dc\u00edch je skv\u011bl\u00fd zp\u016fsob, jak zv\u00fd\u0161it sv\u016fj denn\u00ed p\u0159\u00edjem b\u00edlkovin. Je 100% vegansk\u00fd, bez cukru a lepku a bez ml\u00e9\u010dn\u00fdch slo\u017eek.","robots":{"index":"index","follow":"follow","max-snippet":"max-snippet:-1","max-image-preview":"max-image-preview:large","max-video-preview":"max-video-preview:-1"},"canonical":"https:\/\/herbastore.sk\/cs\/produkty\/proteinove-doplnky\/vegansky-protein-drink-mix-sacky\/","og_locale":"cs_CZ","og_type":"article","og_title":"Herbalife Vegansk\u00fd Protein drink mix s\u00e1\u010dky 7 x 28 g - herbastore.sk","og_description":"Vegansk\u00fd Protein Drink Mix v s\u00e1\u010dc\u00edch je skv\u011bl\u00fd zp\u016fsob, jak zv\u00fd\u0161it sv\u016fj denn\u00ed p\u0159\u00edjem b\u00edlkovin. Je 100% vegansk\u00fd, bez cukru a lepku a bez ml\u00e9\u010dn\u00fdch slo\u017eek.","og_url":"https:\/\/herbastore.sk\/cs\/produkty\/proteinove-doplnky\/vegansky-protein-drink-mix-sacky\/","og_site_name":"herbastore","article_publisher":"https:\/\/www.facebook.com\/herbastoresk\/","article_modified_time":"2025-03-02T12:51:31+00:00","og_image":[{"width":534,"height":800,"url":"https:\/\/herbastore.sk\/wp-content\/uploads\/2025\/01\/Herbalife-vegansky-protein-drink-mix-vanilka-sacky-1.jpg","type":"image\/jpeg"}],"twitter_card":"summary_large_image","twitter_misc":{"Odhadovan\u00e1 doba \u010dten\u00ed":"2 minuty"},"schema":{"@context":"https:\/\/schema.org","@graph":[{"@type":"WebPage","@id":"https:\/\/herbastore.sk\/cs\/produkty\/proteinove-doplnky\/vegansky-protein-drink-mix-sacky\/","url":"https:\/\/herbastore.sk\/cs\/produkty\/proteinove-doplnky\/vegansky-protein-drink-mix-sacky\/","name":"Herbalife Vegansk\u00fd Protein drink mix s\u00e1\u010dky 7 x 28 g - herbastore.sk","isPartOf":{"@id":"https:\/\/herbastore.sk\/cs\/#website"},"primaryImageOfPage":{"@id":"https:\/\/herbastore.sk\/cs\/produkty\/proteinove-doplnky\/vegansky-protein-drink-mix-sacky\/#primaryimage"},"image":{"@id":"https:\/\/herbastore.sk\/cs\/produkty\/proteinove-doplnky\/vegansky-protein-drink-mix-sacky\/#primaryimage"},"thumbnailUrl":"https:\/\/herbastore.sk\/wp-content\/uploads\/2025\/01\/Herbalife-vegansky-protein-drink-mix-vanilka-sacky-1.jpg","datePublished":"2025-01-21T12:41:31+00:00","dateModified":"2025-03-02T12:51:31+00:00","description":"Vegansk\u00fd Protein Drink Mix v s\u00e1\u010dc\u00edch je skv\u011bl\u00fd zp\u016fsob, jak zv\u00fd\u0161it sv\u016fj denn\u00ed p\u0159\u00edjem b\u00edlkovin. Je 100% vegansk\u00fd, bez cukru a lepku a bez ml\u00e9\u010dn\u00fdch slo\u017eek.","breadcrumb":{"@id":"https:\/\/herbastore.sk\/cs\/produkty\/proteinove-doplnky\/vegansky-protein-drink-mix-sacky\/#breadcrumb"},"inLanguage":"cs","potentialAction":[{"@type":"ReadAction","target":["https:\/\/herbastore.sk\/cs\/produkty\/proteinove-doplnky\/vegansky-protein-drink-mix-sacky\/"]}]},{"@type":"ImageObject","inLanguage":"cs","@id":"https:\/\/herbastore.sk\/cs\/produkty\/proteinove-doplnky\/vegansky-protein-drink-mix-sacky\/#primaryimage","url":"https:\/\/herbastore.sk\/wp-content\/uploads\/2025\/01\/Herbalife-vegansky-protein-drink-mix-vanilka-sacky-1.jpg","contentUrl":"https:\/\/herbastore.sk\/wp-content\/uploads\/2025\/01\/Herbalife-vegansky-protein-drink-mix-vanilka-sacky-1.jpg","width":534,"height":800,"caption":"Herbalife Vegansky Protein drink mix s vanilkovou prichutou"},{"@type":"BreadcrumbList","@id":"https:\/\/herbastore.sk\/cs\/produkty\/proteinove-doplnky\/vegansky-protein-drink-mix-sacky\/#breadcrumb","itemListElement":[{"@type":"ListItem","position":1,"name":"Home","item":"https:\/\/herbastore.sk\/cs\/"},{"@type":"ListItem","position":2,"name":"Produkty","item":"https:\/\/herbastore.sk\/cs\/produkty\/"},{"@type":"ListItem","position":3,"name":"Vegansk\u00fd Protein drink mix s\u00e1\u010dky"}]},{"@type":"WebSite","@id":"https:\/\/herbastore.sk\/cs\/#website","url":"https:\/\/herbastore.sk\/cs\/","name":"herbastore","description":"Produkty Herbalife z pohodlia v\u00e1\u0161ho domova","publisher":{"@id":"https:\/\/herbastore.sk\/cs\/#organization"},"potentialAction":[{"@type":"SearchAction","target":{"@type":"EntryPoint","urlTemplate":"https:\/\/herbastore.sk\/cs\/?s={search_term_string}"},"query-input":{"@type":"PropertyValueSpecification","valueRequired":true,"valueName":"search_term_string"}}],"inLanguage":"cs"},{"@type":"Organization","@id":"https:\/\/herbastore.sk\/cs\/#organization","name":"herbastore.sk","url":"https:\/\/herbastore.sk\/cs\/","logo":{"@type":"ImageObject","inLanguage":"cs","@id":"https:\/\/herbastore.sk\/cs\/#\/schema\/logo\/image\/","url":"https:\/\/herbastore.sk\/wp-content\/uploads\/2018\/11\/herbastore-ikona.png","contentUrl":"https:\/\/herbastore.sk\/wp-content\/uploads\/2018\/11\/herbastore-ikona.png","width":512,"height":512,"caption":"herbastore.sk"},"image":{"@id":"https:\/\/herbastore.sk\/cs\/#\/schema\/logo\/image\/"},"sameAs":["https:\/\/www.facebook.com\/herbastoresk\/","https:\/\/www.instagram.com\/herbastore.sk\/"]}]}},"_links":{"self":[{"href":"https:\/\/herbastore.sk\/cs\/wp-json\/wp\/v2\/product\/28181","targetHints":{"allow":["GET"]}}],"collection":[{"href":"https:\/\/herbastore.sk\/cs\/wp-json\/wp\/v2\/product"}],"about":[{"href":"https:\/\/herbastore.sk\/cs\/wp-json\/wp\/v2\/types\/product"}],"replies":[{"embeddable":true,"href":"https:\/\/herbastore.sk\/cs\/wp-json\/wp\/v2\/comments?post=28181"}],"wp:featuredmedia":[{"embeddable":true,"href":"https:\/\/herbastore.sk\/cs\/wp-json\/wp\/v2\/media\/28171"}],"wp:attachment":[{"href":"https:\/\/herbastore.sk\/cs\/wp-json\/wp\/v2\/media?parent=28181"}],"wp:term":[{"taxonomy":"product_brand","embeddable":true,"href":"https:\/\/herbastore.sk\/cs\/wp-json\/wp\/v2\/product_brand?post=28181"},{"taxonomy":"product_cat","embeddable":true,"href":"https:\/\/herbastore.sk\/cs\/wp-json\/wp\/v2\/product_cat?post=28181"},{"taxonomy":"product_tag","embeddable":true,"href":"https:\/\/herbastore.sk\/cs\/wp-json\/wp\/v2\/product_tag?post=28181"}],"curies":[{"name":"wp","href":"https:\/\/api.w.org\/{rel}","templated":true}]}}