{"id":27369,"date":"2024-10-06T22:21:46","date_gmt":"2024-10-06T20:47:23","guid":{"rendered":"https:\/\/herbastore.sk\/produkty\/nezarazene\/prolong-energy-gel\/"},"modified":"2025-02-12T21:33:50","modified_gmt":"2025-02-12T20:33:50","slug":"prolong-energy-gel","status":"publish","type":"product","link":"https:\/\/herbastore.sk\/cs\/produkty\/h24-sportovni-vyziva\/prolong-energy-gel\/","title":{"rendered":"Prolong Energy Gel"},"content":{"rendered":"<h2>Kdo m\u016f\u017ee m\u00edt prosp\u011bch z Herbalife24 Prolong Energy Gel?<\/h2>\n<p>  Uvoln\u011bte sv\u016fj potenci\u00e1l a optimalizujte sv\u016fj tr\u00e9nink s Herbalife24 Prolong Energy Gel.<br \/>\nProlong, odborn\u011b vyvinut\u00fd ve spolupr\u00e1ci s p\u0159edn\u00edmi sv\u011btov\u00fdmi sportovn\u00edmi v\u011bdci, obsahuje ide\u00e1ln\u00ed pom\u011br gluk\u00f3zy a frukt\u00f3zy 1:0,8 a poskytuje 30 g snadno vst\u0159ebateln\u00e9 sacharidov\u00e9 sm\u011bsi pro rychl\u00e9 vst\u0159eb\u00e1v\u00e1n\u00ed a dod\u00e1n\u00ed energie.<br \/>\nProlong m\u00e1 p\u0159\u00edjemnou ovocnou jahodovou p\u0159\u00edchu\u0165 a obsahuje tak\u00e9 komplex vitam\u00edn\u016f skupiny B*, kter\u00e9 p\u0159isp\u00edvaj\u00ed k norm\u00e1ln\u00edmu energetick\u00e9mu metabolismu.<br \/>\nVitamin B12 p\u0159isp\u00edv\u00e1 ke sn\u00ed\u017een\u00ed \u00fanavy a vy\u010derp\u00e1n\u00ed.<br \/>\nPosiln\u011bte sv\u016fj tr\u00e9nink a dos\u00e1hn\u011bte lep\u0161\u00edch v\u00fdsledk\u016f s Herbalife24 Prolong.      <em>*Obsahuje vitam\u00edn B12 a thiamin<\/em><\/p>\n<h2>Hlavn\u00ed v\u00fdhody a charakteristika<\/h2>\n<div class=\"row\"  id=\"row-155758224\">\n\n\t<div id=\"col-768470154\" class=\"col medium-1\/2 large-6\"  >\n\t\t\t\t<div class=\"col-inner\"  >\n\t\t\t\n\t\t\t\n<ul>\n<li class=\"bullet-checkmark\">Obsahuje ide\u00e1ln\u00ed pom\u011br gluk\u00f3zy a frukt\u00f3zy 1:0,8<\/li>\n<li class=\"bullet-checkmark\">Obsahuje 30 g sacharid\u016f v jedn\u00e9 porci<\/li>\n<li class=\"bullet-checkmark\">M\u00e1 certifikaci <a href=\"https:\/\/www.herbalife.com\/sk-sk\/u\/products\/%E2%80%9Chttps:\/\/sport.wetestyoutrust.com\/supplement-search\/herbalife-nutrition\/h24-prolong-energy-gel%E2%80%9C\" target=\"_blank\" rel=\"noopener\">Informed Sport<\/a><\/li>\n<li class=\"bullet-checkmark\">Obsahuje vitam\u00edn B12 a thiamin<\/li>\n<\/ul>\n\t\t<\/div>\n\t\t\t\t\t<\/div>\n\n\t\n\n\t<div id=\"col-1784999723\" class=\"col medium-1\/2 large-6\"  >\n\t\t\t\t<div class=\"col-inner\"  >\n\t\t\t\n\t\t\t\n<ul>\n<li class=\"bullet-checkmark\">Obsahuje p\u0159\u00edrodn\u00ed aroma<\/li>\n<li class=\"bullet-checkmark\">Neobsahuje barviva ani sladidla<\/li>\n<li class=\"bullet-checkmark\">Je bezlepkov\u00fd a vhodn\u00fd i pro vegany<\/li>\n<li class=\"bullet-checkmark\">Dod\u00e1v\u00e1 se v balen\u00ed po 10 s\u00e1\u010dc\u00edch<\/li>\n<\/ul>\n\t\t<\/div>\n\t\t\t\t\t<\/div>\n\n\t\n<\/div>\n<h2>N\u00e1vod k pou\u017eit\u00ed<\/h2>\n<p>  U\u017e\u00edvejte 1 s\u00e1\u010dek za hodinu pro intenzivn\u00ed cvi\u010den\u00ed trvaj\u00edc\u00ed a\u017e 1,5 hodiny.<br \/>\nU\u017e\u00edvejte 2 s\u00e1\u010dky za hodinu s intenzivn\u00edm cvi\u010den\u00edm trvaj\u00edc\u00edm 1,5 a\u017e 2 hodiny.<br \/>\nMaxim\u00e1ln\u00ed doporu\u010den\u00fd po\u010det s\u00e1\u010dk\u016f denn\u011b jsou 4.<br \/>\nPou\u017e\u00edvejte tento produkt jako sou\u010d\u00e1st vyv\u00e1\u017een\u00e9 a pestr\u00e9 stravy jako sou\u010d\u00e1st zdrav\u00e9ho a aktivn\u00edho \u017eivotn\u00edho stylu.<br \/>\nJe d\u016fle\u017eit\u00e9 udr\u017eovat dostate\u010dn\u00fd p\u0159\u00edjem tekutin.      <a href=\"https:\/\/herbastore.sk\/wp-content\/uploads\/2024\/10\/Herbalife-H24-Prolong-Energy-Gel-vyzivova-hodnota.png\"><img loading=\"lazy\" decoding=\"async\" class=\"aligncenter wp-image-27363 size-full\" src=\"https:\/\/herbastore.sk\/wp-content\/uploads\/2024\/10\/Herbalife-H24-Prolong-Energy-Gel-vyzivova-hodnota.png\" alt=\"Herbalife H24 Prolong Energy Gel s nutri\u010dn\u00ed hodnotou\" width=\"700\" height=\"466\" srcset=\"https:\/\/herbastore.sk\/wp-content\/uploads\/2024\/10\/Herbalife-H24-Prolong-Energy-Gel-vyzivova-hodnota.png 700w, https:\/\/herbastore.sk\/wp-content\/uploads\/2024\/10\/Herbalife-H24-Prolong-Energy-Gel-vyzivova-hodnota-601x400.png 601w, https:\/\/herbastore.sk\/wp-content\/uploads\/2024\/10\/Herbalife-H24-Prolong-Energy-Gel-vyzivova-hodnota-267x178.png 267w, https:\/\/herbastore.sk\/wp-content\/uploads\/2024\/10\/Herbalife-H24-Prolong-Energy-Gel-vyzivova-hodnota-534x355.png 534w\" sizes=\"auto, (max-width: 700px) 100vw, 700px\" \/><\/a><\/p>\n<p style=\"text-align: center;\"><em>Nutri\u010dn\u00ed hodnota &#8211; Herbalife24 Prolong Energy Gel<\/em><\/p>\n","protected":false},"excerpt":{"rendered":"<p>10 x 45 g <div class=\"is-divider divider clearfix\" ><\/div> Zrychlete sv\u016fj tr\u00e9nink a dos\u00e1hn\u011bte lep\u0161\u00edch v\u00fdsledk\u016f s Herbalife24 Prolong Energy Gel s vysok\u00fdm obsahem sacharid\u016f a sm\u011bs\u00ed vitam\u00edn\u016f skupiny B.<\/p>\n","protected":false},"featured_media":27361,"comment_status":"open","ping_status":"closed","template":"","meta":{"inline_featured_image":false},"product_brand":[],"product_cat":[175],"product_tag":[206,210],"class_list":{"0":"post-27369","1":"product","2":"type-product","3":"status-publish","4":"has-post-thumbnail","6":"product_cat-h24-sportovni-vyziva","7":"product_tag-pitny-rezim","8":"product_tag-svalove-krece","10":"first","11":"instock","12":"taxable","13":"shipping-taxable","14":"purchasable","15":"product-type-simple"},"yoast_head":"<!-- This site is optimized with the Yoast SEO plugin v26.8 - https:\/\/yoast.com\/product\/yoast-seo-wordpress\/ -->\n<title>Herbalife Prolong Energy Gel 10 x 45 g - herbastore<\/title>\n<meta name=\"description\" content=\"Zrychlete sv\u016fj tr\u00e9nink a dos\u00e1hn\u011bte lep\u0161\u00edch v\u00fdsledk\u016f s Herbalife24 Prolong Energy Gel s vysokosacharidovou sm\u011bs\u00ed vitam\u00edn\u016f B.\" \/>\n<meta name=\"robots\" content=\"index, follow, max-snippet:-1, max-image-preview:large, max-video-preview:-1\" \/>\n<link rel=\"canonical\" href=\"https:\/\/herbastore.sk\/cs\/produkty\/h24-sportovni-vyziva\/prolong-energy-gel\/\" \/>\n<meta property=\"og:locale\" content=\"cs_CZ\" \/>\n<meta property=\"og:type\" content=\"article\" \/>\n<meta property=\"og:title\" content=\"Herbalife Prolong Energy Gel 10 x 45 g - herbastore\" \/>\n<meta property=\"og:description\" content=\"Zrychlete sv\u016fj tr\u00e9nink a dos\u00e1hn\u011bte lep\u0161\u00edch v\u00fdsledk\u016f s Herbalife24 Prolong Energy Gel s vysokosacharidovou sm\u011bs\u00ed vitam\u00edn\u016f B.\" \/>\n<meta property=\"og:url\" content=\"https:\/\/herbastore.sk\/cs\/produkty\/h24-sportovni-vyziva\/prolong-energy-gel\/\" \/>\n<meta property=\"og:site_name\" content=\"herbastore\" \/>\n<meta property=\"article:publisher\" content=\"https:\/\/www.facebook.com\/herbastoresk\/\" \/>\n<meta property=\"article:modified_time\" content=\"2025-02-12T20:33:50+00:00\" \/>\n<meta property=\"og:image\" content=\"https:\/\/herbastore.sk\/wp-content\/uploads\/2024\/10\/Herbalife-H24-Prolong-Energy-Gel.jpg\" \/>\n\t<meta property=\"og:image:width\" content=\"534\" \/>\n\t<meta property=\"og:image:height\" content=\"800\" \/>\n\t<meta property=\"og:image:type\" content=\"image\/jpeg\" \/>\n<meta name=\"twitter:card\" content=\"summary_large_image\" \/>\n<meta name=\"twitter:label1\" content=\"Odhadovan\u00e1 doba \u010dten\u00ed\" \/>\n\t<meta name=\"twitter:data1\" content=\"1 minuta\" \/>\n<script type=\"application\/ld+json\" class=\"yoast-schema-graph\">{\"@context\":\"https:\/\/schema.org\",\"@graph\":[{\"@type\":\"WebPage\",\"@id\":\"https:\/\/herbastore.sk\/cs\/produkty\/h24-sportovni-vyziva\/prolong-energy-gel\/\",\"url\":\"https:\/\/herbastore.sk\/cs\/produkty\/h24-sportovni-vyziva\/prolong-energy-gel\/\",\"name\":\"Herbalife Prolong Energy Gel 10 x 45 g - herbastore\",\"isPartOf\":{\"@id\":\"https:\/\/herbastore.sk\/cs\/#website\"},\"primaryImageOfPage\":{\"@id\":\"https:\/\/herbastore.sk\/cs\/produkty\/h24-sportovni-vyziva\/prolong-energy-gel\/#primaryimage\"},\"image\":{\"@id\":\"https:\/\/herbastore.sk\/cs\/produkty\/h24-sportovni-vyziva\/prolong-energy-gel\/#primaryimage\"},\"thumbnailUrl\":\"https:\/\/herbastore.sk\/wp-content\/uploads\/2024\/10\/Herbalife-H24-Prolong-Energy-Gel.jpg\",\"datePublished\":\"2024-10-06T20:47:23+00:00\",\"dateModified\":\"2025-02-12T20:33:50+00:00\",\"description\":\"Zrychlete sv\u016fj tr\u00e9nink a dos\u00e1hn\u011bte lep\u0161\u00edch v\u00fdsledk\u016f s Herbalife24 Prolong Energy Gel s vysokosacharidovou sm\u011bs\u00ed vitam\u00edn\u016f B.\",\"breadcrumb\":{\"@id\":\"https:\/\/herbastore.sk\/cs\/produkty\/h24-sportovni-vyziva\/prolong-energy-gel\/#breadcrumb\"},\"inLanguage\":\"cs\",\"potentialAction\":[{\"@type\":\"ReadAction\",\"target\":[\"https:\/\/herbastore.sk\/cs\/produkty\/h24-sportovni-vyziva\/prolong-energy-gel\/\"]}]},{\"@type\":\"ImageObject\",\"inLanguage\":\"cs\",\"@id\":\"https:\/\/herbastore.sk\/cs\/produkty\/h24-sportovni-vyziva\/prolong-energy-gel\/#primaryimage\",\"url\":\"https:\/\/herbastore.sk\/wp-content\/uploads\/2024\/10\/Herbalife-H24-Prolong-Energy-Gel.jpg\",\"contentUrl\":\"https:\/\/herbastore.sk\/wp-content\/uploads\/2024\/10\/Herbalife-H24-Prolong-Energy-Gel.jpg\",\"width\":534,\"height\":800,\"caption\":\"Herbalife H24 Prolong Energy Gel jahodova prichut\"},{\"@type\":\"BreadcrumbList\",\"@id\":\"https:\/\/herbastore.sk\/cs\/produkty\/h24-sportovni-vyziva\/prolong-energy-gel\/#breadcrumb\",\"itemListElement\":[{\"@type\":\"ListItem\",\"position\":1,\"name\":\"Home\",\"item\":\"https:\/\/herbastore.sk\/cs\/\"},{\"@type\":\"ListItem\",\"position\":2,\"name\":\"Produkty\",\"item\":\"https:\/\/herbastore.sk\/cs\/produkty\/\"},{\"@type\":\"ListItem\",\"position\":3,\"name\":\"Prolong Energy Gel\"}]},{\"@type\":\"WebSite\",\"@id\":\"https:\/\/herbastore.sk\/cs\/#website\",\"url\":\"https:\/\/herbastore.sk\/cs\/\",\"name\":\"herbastore\",\"description\":\"Produkty Herbalife z pohodlia v\u00e1\u0161ho domova\",\"publisher\":{\"@id\":\"https:\/\/herbastore.sk\/cs\/#organization\"},\"potentialAction\":[{\"@type\":\"SearchAction\",\"target\":{\"@type\":\"EntryPoint\",\"urlTemplate\":\"https:\/\/herbastore.sk\/cs\/?s={search_term_string}\"},\"query-input\":{\"@type\":\"PropertyValueSpecification\",\"valueRequired\":true,\"valueName\":\"search_term_string\"}}],\"inLanguage\":\"cs\"},{\"@type\":\"Organization\",\"@id\":\"https:\/\/herbastore.sk\/cs\/#organization\",\"name\":\"herbastore.sk\",\"url\":\"https:\/\/herbastore.sk\/cs\/\",\"logo\":{\"@type\":\"ImageObject\",\"inLanguage\":\"cs\",\"@id\":\"https:\/\/herbastore.sk\/cs\/#\/schema\/logo\/image\/\",\"url\":\"https:\/\/herbastore.sk\/wp-content\/uploads\/2018\/11\/herbastore-ikona.png\",\"contentUrl\":\"https:\/\/herbastore.sk\/wp-content\/uploads\/2018\/11\/herbastore-ikona.png\",\"width\":512,\"height\":512,\"caption\":\"herbastore.sk\"},\"image\":{\"@id\":\"https:\/\/herbastore.sk\/cs\/#\/schema\/logo\/image\/\"},\"sameAs\":[\"https:\/\/www.facebook.com\/herbastoresk\/\",\"https:\/\/www.instagram.com\/herbastore.sk\/\"]}]}<\/script>\n<!-- \/ Yoast SEO plugin. -->","yoast_head_json":{"title":"Herbalife Prolong Energy Gel 10 x 45 g - herbastore","description":"Zrychlete sv\u016fj tr\u00e9nink a dos\u00e1hn\u011bte lep\u0161\u00edch v\u00fdsledk\u016f s Herbalife24 Prolong Energy Gel s vysokosacharidovou sm\u011bs\u00ed vitam\u00edn\u016f B.","robots":{"index":"index","follow":"follow","max-snippet":"max-snippet:-1","max-image-preview":"max-image-preview:large","max-video-preview":"max-video-preview:-1"},"canonical":"https:\/\/herbastore.sk\/cs\/produkty\/h24-sportovni-vyziva\/prolong-energy-gel\/","og_locale":"cs_CZ","og_type":"article","og_title":"Herbalife Prolong Energy Gel 10 x 45 g - herbastore","og_description":"Zrychlete sv\u016fj tr\u00e9nink a dos\u00e1hn\u011bte lep\u0161\u00edch v\u00fdsledk\u016f s Herbalife24 Prolong Energy Gel s vysokosacharidovou sm\u011bs\u00ed vitam\u00edn\u016f B.","og_url":"https:\/\/herbastore.sk\/cs\/produkty\/h24-sportovni-vyziva\/prolong-energy-gel\/","og_site_name":"herbastore","article_publisher":"https:\/\/www.facebook.com\/herbastoresk\/","article_modified_time":"2025-02-12T20:33:50+00:00","og_image":[{"width":534,"height":800,"url":"https:\/\/herbastore.sk\/wp-content\/uploads\/2024\/10\/Herbalife-H24-Prolong-Energy-Gel.jpg","type":"image\/jpeg"}],"twitter_card":"summary_large_image","twitter_misc":{"Odhadovan\u00e1 doba \u010dten\u00ed":"1 minuta"},"schema":{"@context":"https:\/\/schema.org","@graph":[{"@type":"WebPage","@id":"https:\/\/herbastore.sk\/cs\/produkty\/h24-sportovni-vyziva\/prolong-energy-gel\/","url":"https:\/\/herbastore.sk\/cs\/produkty\/h24-sportovni-vyziva\/prolong-energy-gel\/","name":"Herbalife Prolong Energy Gel 10 x 45 g - herbastore","isPartOf":{"@id":"https:\/\/herbastore.sk\/cs\/#website"},"primaryImageOfPage":{"@id":"https:\/\/herbastore.sk\/cs\/produkty\/h24-sportovni-vyziva\/prolong-energy-gel\/#primaryimage"},"image":{"@id":"https:\/\/herbastore.sk\/cs\/produkty\/h24-sportovni-vyziva\/prolong-energy-gel\/#primaryimage"},"thumbnailUrl":"https:\/\/herbastore.sk\/wp-content\/uploads\/2024\/10\/Herbalife-H24-Prolong-Energy-Gel.jpg","datePublished":"2024-10-06T20:47:23+00:00","dateModified":"2025-02-12T20:33:50+00:00","description":"Zrychlete sv\u016fj tr\u00e9nink a dos\u00e1hn\u011bte lep\u0161\u00edch v\u00fdsledk\u016f s Herbalife24 Prolong Energy Gel s vysokosacharidovou sm\u011bs\u00ed vitam\u00edn\u016f B.","breadcrumb":{"@id":"https:\/\/herbastore.sk\/cs\/produkty\/h24-sportovni-vyziva\/prolong-energy-gel\/#breadcrumb"},"inLanguage":"cs","potentialAction":[{"@type":"ReadAction","target":["https:\/\/herbastore.sk\/cs\/produkty\/h24-sportovni-vyziva\/prolong-energy-gel\/"]}]},{"@type":"ImageObject","inLanguage":"cs","@id":"https:\/\/herbastore.sk\/cs\/produkty\/h24-sportovni-vyziva\/prolong-energy-gel\/#primaryimage","url":"https:\/\/herbastore.sk\/wp-content\/uploads\/2024\/10\/Herbalife-H24-Prolong-Energy-Gel.jpg","contentUrl":"https:\/\/herbastore.sk\/wp-content\/uploads\/2024\/10\/Herbalife-H24-Prolong-Energy-Gel.jpg","width":534,"height":800,"caption":"Herbalife H24 Prolong Energy Gel jahodova prichut"},{"@type":"BreadcrumbList","@id":"https:\/\/herbastore.sk\/cs\/produkty\/h24-sportovni-vyziva\/prolong-energy-gel\/#breadcrumb","itemListElement":[{"@type":"ListItem","position":1,"name":"Home","item":"https:\/\/herbastore.sk\/cs\/"},{"@type":"ListItem","position":2,"name":"Produkty","item":"https:\/\/herbastore.sk\/cs\/produkty\/"},{"@type":"ListItem","position":3,"name":"Prolong Energy Gel"}]},{"@type":"WebSite","@id":"https:\/\/herbastore.sk\/cs\/#website","url":"https:\/\/herbastore.sk\/cs\/","name":"herbastore","description":"Produkty Herbalife z pohodlia v\u00e1\u0161ho domova","publisher":{"@id":"https:\/\/herbastore.sk\/cs\/#organization"},"potentialAction":[{"@type":"SearchAction","target":{"@type":"EntryPoint","urlTemplate":"https:\/\/herbastore.sk\/cs\/?s={search_term_string}"},"query-input":{"@type":"PropertyValueSpecification","valueRequired":true,"valueName":"search_term_string"}}],"inLanguage":"cs"},{"@type":"Organization","@id":"https:\/\/herbastore.sk\/cs\/#organization","name":"herbastore.sk","url":"https:\/\/herbastore.sk\/cs\/","logo":{"@type":"ImageObject","inLanguage":"cs","@id":"https:\/\/herbastore.sk\/cs\/#\/schema\/logo\/image\/","url":"https:\/\/herbastore.sk\/wp-content\/uploads\/2018\/11\/herbastore-ikona.png","contentUrl":"https:\/\/herbastore.sk\/wp-content\/uploads\/2018\/11\/herbastore-ikona.png","width":512,"height":512,"caption":"herbastore.sk"},"image":{"@id":"https:\/\/herbastore.sk\/cs\/#\/schema\/logo\/image\/"},"sameAs":["https:\/\/www.facebook.com\/herbastoresk\/","https:\/\/www.instagram.com\/herbastore.sk\/"]}]}},"_links":{"self":[{"href":"https:\/\/herbastore.sk\/cs\/wp-json\/wp\/v2\/product\/27369","targetHints":{"allow":["GET"]}}],"collection":[{"href":"https:\/\/herbastore.sk\/cs\/wp-json\/wp\/v2\/product"}],"about":[{"href":"https:\/\/herbastore.sk\/cs\/wp-json\/wp\/v2\/types\/product"}],"replies":[{"embeddable":true,"href":"https:\/\/herbastore.sk\/cs\/wp-json\/wp\/v2\/comments?post=27369"}],"wp:featuredmedia":[{"embeddable":true,"href":"https:\/\/herbastore.sk\/cs\/wp-json\/wp\/v2\/media\/27361"}],"wp:attachment":[{"href":"https:\/\/herbastore.sk\/cs\/wp-json\/wp\/v2\/media?parent=27369"}],"wp:term":[{"taxonomy":"product_brand","embeddable":true,"href":"https:\/\/herbastore.sk\/cs\/wp-json\/wp\/v2\/product_brand?post=27369"},{"taxonomy":"product_cat","embeddable":true,"href":"https:\/\/herbastore.sk\/cs\/wp-json\/wp\/v2\/product_cat?post=27369"},{"taxonomy":"product_tag","embeddable":true,"href":"https:\/\/herbastore.sk\/cs\/wp-json\/wp\/v2\/product_tag?post=27369"}],"curies":[{"name":"wp","href":"https:\/\/api.w.org\/{rel}","templated":true}]}}